{"id":6508,"date":"2026-03-26T12:47:10","date_gmt":"2026-03-26T11:47:10","guid":{"rendered":"https:\/\/nederlandsetempeliers.nl\/pagina-in-voorbereiding\/"},"modified":"2026-03-27T09:51:57","modified_gmt":"2026-03-27T08:51:57","slug":"pagina-in-voorbereiding","status":"publish","type":"page","link":"https:\/\/nederlandsetempeliers.nl\/en\/pagina-in-voorbereiding\/","title":{"rendered":"Pagina in voorbereiding"},"content":{"rendered":"\t\t<div data-elementor-type=\"wp-page\" data-elementor-id=\"6508\" class=\"elementor elementor-6508 elementor-6496\" data-elementor-post-type=\"page\">\n\t\t\t\t<div class=\"elementor-element elementor-element-ad37cfc e-flex e-con-boxed e-con e-parent\" data-id=\"ad37cfc\" data-element_type=\"container\" data-e-type=\"container\">\n\t\t\t\t\t<div class=\"e-con-inner\">\n\t\t\t\t\t<\/div>\n\t\t\t\t<\/div>\n\t\t<div class=\"elementor-element elementor-element-60e78ce e-flex e-con-boxed e-con e-parent\" data-id=\"60e78ce\" data-element_type=\"container\" data-e-type=\"container\">\n\t\t\t\t\t<div class=\"e-con-inner\">\n\t\t\t\t<div class=\"elementor-element elementor-element-88a605d elementor-widget elementor-widget-image\" data-id=\"88a605d\" data-element_type=\"widget\" data-e-type=\"widget\" data-widget_type=\"image.default\">\n\t\t\t\t<div class=\"elementor-widget-container\">\n\t\t\t\t\t\t\t\t\t\t\t\t\t\t\t<img fetchpriority=\"high\" decoding=\"async\" width=\"768\" height=\"512\" src=\"https:\/\/nederlandsetempeliers.nl\/wp-content\/uploads\/29c6e24b-eca8-457d-8dba-a061d3c2f2e8-768x512.png\" class=\"attachment-medium_large size-medium_large wp-image-6507\" alt=\"Middeleeuwse weg met Tempelier te paard die stopt voor wegwerkers met modern waarschuwingsbord en afzetlint\" srcset=\"https:\/\/nederlandsetempeliers.nl\/wp-content\/uploads\/29c6e24b-eca8-457d-8dba-a061d3c2f2e8-768x512.png 768w, https:\/\/nederlandsetempeliers.nl\/wp-content\/uploads\/29c6e24b-eca8-457d-8dba-a061d3c2f2e8-300x200.png 300w, https:\/\/nederlandsetempeliers.nl\/wp-content\/uploads\/29c6e24b-eca8-457d-8dba-a061d3c2f2e8-1024x683.png 1024w, https:\/\/nederlandsetempeliers.nl\/wp-content\/uploads\/29c6e24b-eca8-457d-8dba-a061d3c2f2e8.png 1536w\" sizes=\"(max-width: 768px) 100vw, 768px\" \/>\t\t\t\t\t\t\t\t\t\t\t\t\t\t\t<\/div>\n\t\t\t\t<\/div>\n\t\t\t\t\t<\/div>\n\t\t\t\t<\/div>\n\t\t<div class=\"elementor-element elementor-element-f05ed3b e-flex e-con-boxed e-con e-parent\" data-id=\"f05ed3b\" data-element_type=\"container\" data-e-type=\"container\">\n\t\t\t\t\t<div class=\"e-con-inner\">\n\t\t<div class=\"elementor-element elementor-element-e04eca7 e-con-full e-flex e-con e-child\" data-id=\"e04eca7\" data-element_type=\"container\" data-e-type=\"container\">\n\t\t\t\t<div class=\"elementor-element elementor-element-102513b elementor-widget elementor-widget-text-editor\" data-id=\"102513b\" data-element_type=\"widget\" data-e-type=\"widget\" data-widget_type=\"text-editor.default\">\n\t\t\t\t<div class=\"elementor-widget-container\">\n\t\t\t\t\t\t\t\t\t<p><strong>\ud83c\uddf3\ud83c\uddf1<\/strong><strong> Nederlands<\/strong><\/p><p><strong>Deze pagina is in voorbereiding<\/strong><\/p><p>Deze plek is nog leeg.<br>Er wordt op dit moment gewerkt aan de inhoud.<\/p><p>Zoals een pelgrim onderweg is,<br>zo groeit ook deze pagina stap voor stap.<\/p><p>Kom later gerust terug.<\/p>\t\t\t\t\t\t\t\t<\/div>\n\t\t\t\t<\/div>\n\t\t\t\t<\/div>\n\t\t<div class=\"elementor-element elementor-element-6fb0bb0 e-con-full e-flex e-con e-child\" data-id=\"6fb0bb0\" data-element_type=\"container\" data-e-type=\"container\">\n\t\t\t\t<\/div>\n\t\t<div class=\"elementor-element elementor-element-c12b914 e-con-full e-flex e-con e-child\" data-id=\"c12b914\" data-element_type=\"container\" data-e-type=\"container\">\n\t\t\t\t<div class=\"elementor-element elementor-element-662c796 elementor-widget elementor-widget-text-editor\" data-id=\"662c796\" data-element_type=\"widget\" data-e-type=\"widget\" data-widget_type=\"text-editor.default\">\n\t\t\t\t<div class=\"elementor-widget-container\">\n\t\t\t\t\t\t\t\t\t<p><strong>\ud83c\uddf8\ud83c\uddea<\/strong><strong> Svenska<\/strong><\/p><p><strong>Denna sida \u00e4r under uppbyggnad<\/strong><\/p><p>Denna plats \u00e4r \u00e4nnu tom.<br>Inneh\u00e5llet h\u00e5ller p\u00e5 att f\u00f6rberedas.<\/p><p>Som en pilgrim vandrar sin v\u00e4g,<br>s\u00e5 byggs denna sida steg f\u00f6r steg.<\/p><p>V\u00e4lkommen tillbaka senare.<\/p>\t\t\t\t\t\t\t\t<\/div>\n\t\t\t\t<\/div>\n\t\t\t\t<\/div>\n\t\t<div class=\"elementor-element elementor-element-487fc89 e-con-full e-flex e-con e-child\" data-id=\"487fc89\" data-element_type=\"container\" data-e-type=\"container\">\n\t\t\t\t<\/div>\n\t\t<div class=\"elementor-element elementor-element-0c3da8f e-con-full e-flex e-con e-child\" data-id=\"0c3da8f\" data-element_type=\"container\" data-e-type=\"container\">\n\t\t\t\t<div class=\"elementor-element elementor-element-b2cb9c8 elementor-widget elementor-widget-text-editor\" data-id=\"b2cb9c8\" data-element_type=\"widget\" data-e-type=\"widget\" data-widget_type=\"text-editor.default\">\n\t\t\t\t<div class=\"elementor-widget-container\">\n\t\t\t\t\t\t\t\t\t<p><strong>\ud83c\uddec\ud83c\udde7<\/strong><strong> English<\/strong><\/p><p><strong>This page is under construction<\/strong><\/p><p>This space is not yet filled.<br>The content is currently being prepared.<\/p><p>As a pilgrim walks his path,<br>so this page is built step by step.<\/p><p>Please return at a later time.<\/p>\t\t\t\t\t\t\t\t<\/div>\n\t\t\t\t<\/div>\n\t\t\t\t<\/div>\n\t\t\t\t\t<\/div>\n\t\t\t\t<\/div>\n\t\t<div class=\"elementor-element elementor-element-3ad7452 e-flex e-con-boxed e-con e-parent\" data-id=\"3ad7452\" data-element_type=\"container\" data-e-type=\"container\">\n\t\t\t\t\t<div class=\"e-con-inner\">\n\t\t<div class=\"elementor-element elementor-element-582ddf1 e-con-full e-flex e-con e-child\" data-id=\"582ddf1\" data-element_type=\"container\" data-e-type=\"container\">\n\t\t\t\t<\/div>\n\t\t<div class=\"elementor-element elementor-element-a276c91 e-con-full e-flex e-con e-child\" data-id=\"a276c91\" data-element_type=\"container\" data-e-type=\"container\">\n\t\t\t\t<div class=\"elementor-element elementor-element-a35e111 elementor-widget elementor-widget-text-editor\" data-id=\"a35e111\" data-element_type=\"widget\" data-e-type=\"widget\" data-widget_type=\"text-editor.default\">\n\t\t\t\t<div class=\"elementor-widget-container\">\n\t\t\t\t\t\t\t\t\t<p><strong>\ud83c\uddeb\ud83c\uddf7<\/strong><strong> Fran\u00e7ais<\/strong><\/p><p><strong>Cette page est en construction<\/strong><\/p><p>Cet espace est encore vide.<br>Le contenu est en cours de pr\u00e9paration.<\/p><p>Comme le p\u00e8lerin avance sur son chemin,<br>cette page se construit pas \u00e0 pas.<\/p><p>Revenez plus tard.<\/p>\t\t\t\t\t\t\t\t<\/div>\n\t\t\t\t<\/div>\n\t\t\t\t<\/div>\n\t\t<div class=\"elementor-element elementor-element-e200014 e-con-full e-flex e-con e-child\" data-id=\"e200014\" data-element_type=\"container\" data-e-type=\"container\">\n\t\t\t\t<\/div>\n\t\t<div class=\"elementor-element elementor-element-fc03419 e-con-full e-flex e-con e-child\" data-id=\"fc03419\" data-element_type=\"container\" data-e-type=\"container\">\n\t\t\t\t<div class=\"elementor-element elementor-element-c0c685a elementor-widget elementor-widget-text-editor\" data-id=\"c0c685a\" data-element_type=\"widget\" data-e-type=\"widget\" data-widget_type=\"text-editor.default\">\n\t\t\t\t<div class=\"elementor-widget-container\">\n\t\t\t\t\t\t\t\t\t<p><strong>\ud83c\uddea\ud83c\uddf8<\/strong><strong> Espa\u00f1ol<\/strong><\/p><p><strong>Esta p\u00e1gina est\u00e1 en construcci\u00f3n<\/strong><\/p><p>Este espacio a\u00fan est\u00e1 vac\u00edo.<br>El contenido se est\u00e1 preparando.<\/p><p>Como un peregrino avanza en su camino,<br>esta p\u00e1gina se construye paso a paso.<\/p><p>Vuelve m\u00e1s tarde.<\/p>\t\t\t\t\t\t\t\t<\/div>\n\t\t\t\t<\/div>\n\t\t\t\t<\/div>\n\t\t\t\t\t<\/div>\n\t\t\t\t<\/div>\n\t\t\t\t<\/div>\n\t\t","protected":false},"excerpt":{"rendered":"<p>\ud83c\uddf3\ud83c\uddf1 Nederlands Deze pagina is in voorbereiding Deze plek is nog leeg.Er wordt op dit moment gewerkt aan de inhoud. Zoals een pelgrim onderweg is,zo groeit ook deze pagina stap [&hellip;]<\/p>\n","protected":false},"author":4,"featured_media":0,"parent":0,"menu_order":0,"comment_status":"closed","ping_status":"closed","template":"","meta":{"footnotes":""},"class_list":["post-6508","page","type-page","status-publish","hentry"],"yoast_head":"<!-- This site is optimized with the Yoast SEO plugin v27.2 - https:\/\/yoast.com\/product\/yoast-seo-wordpress\/ -->\n<title>Pagina in voorbereiding - Nederlandse Tempeliers<\/title>\n<meta name=\"robots\" content=\"index, follow, max-snippet:-1, max-image-preview:large, max-video-preview:-1\" \/>\n<link rel=\"canonical\" href=\"https:\/\/nederlandsetempeliers.nl\/en\/pagina-in-voorbereiding\/\" \/>\n<meta property=\"og:locale\" content=\"en_US\" \/>\n<meta property=\"og:type\" content=\"article\" \/>\n<meta property=\"og:title\" content=\"Pagina in voorbereiding - Nederlandse Tempeliers\" \/>\n<meta property=\"og:description\" content=\"\ud83c\uddf3\ud83c\uddf1 Nederlands Deze pagina is in voorbereiding Deze plek is nog leeg.Er wordt op dit moment gewerkt aan de inhoud. Zoals een pelgrim onderweg is,zo groeit ook deze pagina stap [&hellip;]\" \/>\n<meta property=\"og:url\" content=\"https:\/\/nederlandsetempeliers.nl\/en\/pagina-in-voorbereiding\/\" \/>\n<meta property=\"og:site_name\" content=\"Nederlandse Tempeliers\" \/>\n<meta property=\"article:modified_time\" content=\"2026-03-27T08:51:57+00:00\" \/>\n<meta property=\"og:image\" content=\"https:\/\/nederlandsetempeliers.nl\/wp-content\/uploads\/29c6e24b-eca8-457d-8dba-a061d3c2f2e8-1024x683.png\" \/>\n\t<meta property=\"og:image:width\" content=\"1024\" \/>\n\t<meta property=\"og:image:height\" content=\"683\" \/>\n\t<meta property=\"og:image:type\" content=\"image\/png\" \/>\n<meta name=\"twitter:card\" content=\"summary_large_image\" \/>\n<meta name=\"twitter:label1\" content=\"Est. reading time\" \/>\n\t<meta name=\"twitter:data1\" content=\"1 minute\" \/>\n<script type=\"application\/ld+json\" class=\"yoast-schema-graph\">{\"@context\":\"https:\/\/schema.org\",\"@graph\":[{\"@type\":\"WebPage\",\"@id\":\"https:\/\/nederlandsetempeliers.nl\/en\/pagina-in-voorbereiding\/\",\"url\":\"https:\/\/nederlandsetempeliers.nl\/en\/pagina-in-voorbereiding\/\",\"name\":\"Pagina in voorbereiding - Nederlandse Tempeliers\",\"isPartOf\":{\"@id\":\"https:\/\/nederlandsetempeliers.nl\/en\/#website\"},\"primaryImageOfPage\":{\"@id\":\"https:\/\/nederlandsetempeliers.nl\/en\/pagina-in-voorbereiding\/#primaryimage\"},\"image\":{\"@id\":\"https:\/\/nederlandsetempeliers.nl\/en\/pagina-in-voorbereiding\/#primaryimage\"},\"thumbnailUrl\":\"https:\/\/nederlandsetempeliers.nl\/wp-content\/uploads\/29c6e24b-eca8-457d-8dba-a061d3c2f2e8-768x512.png\",\"datePublished\":\"2026-03-26T11:47:10+00:00\",\"dateModified\":\"2026-03-27T08:51:57+00:00\",\"breadcrumb\":{\"@id\":\"https:\/\/nederlandsetempeliers.nl\/en\/pagina-in-voorbereiding\/#breadcrumb\"},\"inLanguage\":\"en-US\",\"potentialAction\":[{\"@type\":\"ReadAction\",\"target\":[\"https:\/\/nederlandsetempeliers.nl\/en\/pagina-in-voorbereiding\/\"]}]},{\"@type\":\"ImageObject\",\"inLanguage\":\"en-US\",\"@id\":\"https:\/\/nederlandsetempeliers.nl\/en\/pagina-in-voorbereiding\/#primaryimage\",\"url\":\"https:\/\/nederlandsetempeliers.nl\/wp-content\/uploads\/29c6e24b-eca8-457d-8dba-a061d3c2f2e8-768x512.png\",\"contentUrl\":\"https:\/\/nederlandsetempeliers.nl\/wp-content\/uploads\/29c6e24b-eca8-457d-8dba-a061d3c2f2e8-768x512.png\"},{\"@type\":\"BreadcrumbList\",\"@id\":\"https:\/\/nederlandsetempeliers.nl\/en\/pagina-in-voorbereiding\/#breadcrumb\",\"itemListElement\":[{\"@type\":\"ListItem\",\"position\":1,\"name\":\"Home\",\"item\":\"https:\/\/nederlandsetempeliers.nl\/en\/\"},{\"@type\":\"ListItem\",\"position\":2,\"name\":\"Pagina in voorbereiding\"}]},{\"@type\":\"WebSite\",\"@id\":\"https:\/\/nederlandsetempeliers.nl\/en\/#website\",\"url\":\"https:\/\/nederlandsetempeliers.nl\/en\/\",\"name\":\"Nederlandse Tempeliers\",\"description\":\"The Black Knights Templars of Solomon\",\"publisher\":{\"@id\":\"https:\/\/nederlandsetempeliers.nl\/en\/#organization\"},\"potentialAction\":[{\"@type\":\"SearchAction\",\"target\":{\"@type\":\"EntryPoint\",\"urlTemplate\":\"https:\/\/nederlandsetempeliers.nl\/en\/?s={search_term_string}\"},\"query-input\":{\"@type\":\"PropertyValueSpecification\",\"valueRequired\":true,\"valueName\":\"search_term_string\"}}],\"inLanguage\":\"en-US\"},{\"@type\":\"Organization\",\"@id\":\"https:\/\/nederlandsetempeliers.nl\/en\/#organization\",\"name\":\"Nederlandse Tempeliers\",\"url\":\"https:\/\/nederlandsetempeliers.nl\/en\/\",\"logo\":{\"@type\":\"ImageObject\",\"inLanguage\":\"en-US\",\"@id\":\"https:\/\/nederlandsetempeliers.nl\/en\/#\/schema\/logo\/image\/\",\"url\":\"https:\/\/nederlandsetempeliers.nl\/wp-content\/uploads\/Dutch-order-v2.png\",\"contentUrl\":\"https:\/\/nederlandsetempeliers.nl\/wp-content\/uploads\/Dutch-order-v2.png\",\"width\":687,\"height\":686,\"caption\":\"Nederlandse Tempeliers\"},\"image\":{\"@id\":\"https:\/\/nederlandsetempeliers.nl\/en\/#\/schema\/logo\/image\/\"}}]}<\/script>\n<!-- \/ Yoast SEO plugin. -->","yoast_head_json":{"title":"Pagina in voorbereiding - Nederlandse Tempeliers","robots":{"index":"index","follow":"follow","max-snippet":"max-snippet:-1","max-image-preview":"max-image-preview:large","max-video-preview":"max-video-preview:-1"},"canonical":"https:\/\/nederlandsetempeliers.nl\/en\/pagina-in-voorbereiding\/","og_locale":"en_US","og_type":"article","og_title":"Pagina in voorbereiding - Nederlandse Tempeliers","og_description":"\ud83c\uddf3\ud83c\uddf1 Nederlands Deze pagina is in voorbereiding Deze plek is nog leeg.Er wordt op dit moment gewerkt aan de inhoud. Zoals een pelgrim onderweg is,zo groeit ook deze pagina stap [&hellip;]","og_url":"https:\/\/nederlandsetempeliers.nl\/en\/pagina-in-voorbereiding\/","og_site_name":"Nederlandse Tempeliers","article_modified_time":"2026-03-27T08:51:57+00:00","og_image":[{"width":1024,"height":683,"url":"https:\/\/nederlandsetempeliers.nl\/wp-content\/uploads\/29c6e24b-eca8-457d-8dba-a061d3c2f2e8-1024x683.png","type":"image\/png"}],"twitter_card":"summary_large_image","twitter_misc":{"Est. reading time":"1 minute"},"schema":{"@context":"https:\/\/schema.org","@graph":[{"@type":"WebPage","@id":"https:\/\/nederlandsetempeliers.nl\/en\/pagina-in-voorbereiding\/","url":"https:\/\/nederlandsetempeliers.nl\/en\/pagina-in-voorbereiding\/","name":"Pagina in voorbereiding - Nederlandse Tempeliers","isPartOf":{"@id":"https:\/\/nederlandsetempeliers.nl\/en\/#website"},"primaryImageOfPage":{"@id":"https:\/\/nederlandsetempeliers.nl\/en\/pagina-in-voorbereiding\/#primaryimage"},"image":{"@id":"https:\/\/nederlandsetempeliers.nl\/en\/pagina-in-voorbereiding\/#primaryimage"},"thumbnailUrl":"https:\/\/nederlandsetempeliers.nl\/wp-content\/uploads\/29c6e24b-eca8-457d-8dba-a061d3c2f2e8-768x512.png","datePublished":"2026-03-26T11:47:10+00:00","dateModified":"2026-03-27T08:51:57+00:00","breadcrumb":{"@id":"https:\/\/nederlandsetempeliers.nl\/en\/pagina-in-voorbereiding\/#breadcrumb"},"inLanguage":"en-US","potentialAction":[{"@type":"ReadAction","target":["https:\/\/nederlandsetempeliers.nl\/en\/pagina-in-voorbereiding\/"]}]},{"@type":"ImageObject","inLanguage":"en-US","@id":"https:\/\/nederlandsetempeliers.nl\/en\/pagina-in-voorbereiding\/#primaryimage","url":"https:\/\/nederlandsetempeliers.nl\/wp-content\/uploads\/29c6e24b-eca8-457d-8dba-a061d3c2f2e8-768x512.png","contentUrl":"https:\/\/nederlandsetempeliers.nl\/wp-content\/uploads\/29c6e24b-eca8-457d-8dba-a061d3c2f2e8-768x512.png"},{"@type":"BreadcrumbList","@id":"https:\/\/nederlandsetempeliers.nl\/en\/pagina-in-voorbereiding\/#breadcrumb","itemListElement":[{"@type":"ListItem","position":1,"name":"Home","item":"https:\/\/nederlandsetempeliers.nl\/en\/"},{"@type":"ListItem","position":2,"name":"Pagina in voorbereiding"}]},{"@type":"WebSite","@id":"https:\/\/nederlandsetempeliers.nl\/en\/#website","url":"https:\/\/nederlandsetempeliers.nl\/en\/","name":"Nederlandse Tempeliers","description":"The Black Knights Templars of Solomon","publisher":{"@id":"https:\/\/nederlandsetempeliers.nl\/en\/#organization"},"potentialAction":[{"@type":"SearchAction","target":{"@type":"EntryPoint","urlTemplate":"https:\/\/nederlandsetempeliers.nl\/en\/?s={search_term_string}"},"query-input":{"@type":"PropertyValueSpecification","valueRequired":true,"valueName":"search_term_string"}}],"inLanguage":"en-US"},{"@type":"Organization","@id":"https:\/\/nederlandsetempeliers.nl\/en\/#organization","name":"Nederlandse Tempeliers","url":"https:\/\/nederlandsetempeliers.nl\/en\/","logo":{"@type":"ImageObject","inLanguage":"en-US","@id":"https:\/\/nederlandsetempeliers.nl\/en\/#\/schema\/logo\/image\/","url":"https:\/\/nederlandsetempeliers.nl\/wp-content\/uploads\/Dutch-order-v2.png","contentUrl":"https:\/\/nederlandsetempeliers.nl\/wp-content\/uploads\/Dutch-order-v2.png","width":687,"height":686,"caption":"Nederlandse Tempeliers"},"image":{"@id":"https:\/\/nederlandsetempeliers.nl\/en\/#\/schema\/logo\/image\/"}}]}},"_links":{"self":[{"href":"https:\/\/nederlandsetempeliers.nl\/en\/wp-json\/wp\/v2\/pages\/6508","targetHints":{"allow":["GET"]}}],"collection":[{"href":"https:\/\/nederlandsetempeliers.nl\/en\/wp-json\/wp\/v2\/pages"}],"about":[{"href":"https:\/\/nederlandsetempeliers.nl\/en\/wp-json\/wp\/v2\/types\/page"}],"author":[{"embeddable":true,"href":"https:\/\/nederlandsetempeliers.nl\/en\/wp-json\/wp\/v2\/users\/4"}],"replies":[{"embeddable":true,"href":"https:\/\/nederlandsetempeliers.nl\/en\/wp-json\/wp\/v2\/comments?post=6508"}],"version-history":[{"count":1,"href":"https:\/\/nederlandsetempeliers.nl\/en\/wp-json\/wp\/v2\/pages\/6508\/revisions"}],"predecessor-version":[{"id":6509,"href":"https:\/\/nederlandsetempeliers.nl\/en\/wp-json\/wp\/v2\/pages\/6508\/revisions\/6509"}],"wp:attachment":[{"href":"https:\/\/nederlandsetempeliers.nl\/en\/wp-json\/wp\/v2\/media?parent=6508"}],"curies":[{"name":"wp","href":"https:\/\/api.w.org\/{rel}","templated":true}]}}