{"id":2985,"date":"2026-01-29T22:09:48","date_gmt":"2026-01-29T21:09:48","guid":{"rendered":"https:\/\/nederlandsetempeliers.nl\/cristogramas\/"},"modified":"2026-01-29T22:09:48","modified_gmt":"2026-01-29T21:09:48","slug":"cristogramas","status":"publish","type":"page","link":"https:\/\/nederlandsetempeliers.nl\/es\/cristogramas\/","title":{"rendered":"Cristogramas"},"content":{"rendered":"<h2>Cristogramas<\/h2>\n<p>\t\t\t\t\t\t\t\t\t\t\t\t\t\t\t<img fetchpriority=\"high\" decoding=\"async\" width=\"415\" height=\"233\" src=\"https:\/\/nederlandsetempeliers.nl\/wp-content\/uploads\/eh.png\" alt=\"Moneda bizantina de 1028 - de dos caras. Yo me pongo del lado de Cristo con la Biblia - el otro lado ES XS\" srcset=\"https:\/\/nederlandsetempeliers.nl\/wp-content\/uploads\/eh.png 415w, https:\/\/nederlandsetempeliers.nl\/wp-content\/uploads\/eh-300x168.png 300w\" sizes=\"(max-width: 415px) 100vw, 415px\">\t\t\t\t\t\t\t\t\t\t\t\t\t\t\t<\/p>\n<p>Sus abreviaturas\/monogramas que hacen referencia a Cristo. Una abreviatura es un cristograma si contiene el nombre Cristo. <\/p>\n<p>No eran abreviaturas porque la gente fuera perezosa. Funcionaban como Signos Santos, teolog\u00eda concentrada, protecci\u00f3n y presencia permanente de Cristo. Aqu\u00ed tienes 4 cristogramas muy conocidos:  <\/p>\n<p>Un caballero templario las llevaba. \u2013 un monje las escribi\u00f3 y la Iglesia las tall\u00f3 en piedra. No para leer, sino <strong>para ser. <\/strong>   <\/p>\n<p>INRI<\/p>\n<p>Iesvs = Jes\u00fas<\/p>\n<p>Nazarenos = de Nazaret<\/p>\n<p>Rex = rey<\/p>\n<p>Ivd\u00e6orvm = de los jud\u00edos<\/p>\n<p>Estas son las palabras que Poncio Pilato escribi\u00f3 sobre Jes\u00fas en la cruz.<\/p>\n<\/p>\n<p>\t\t\t\t\t\t\t\t\t\t\t\t\t\t\t<img decoding=\"async\" width=\"800\" height=\"534\" src=\"https:\/\/nederlandsetempeliers.nl\/wp-content\/uploads\/4d25972b-acf1-4173-9171-df1bd68b6526-1024x683.png\" alt=\"trozo de madera envejecido con las letras INRI\" srcset=\"https:\/\/nederlandsetempeliers.nl\/wp-content\/uploads\/4d25972b-acf1-4173-9171-df1bd68b6526-1024x683.png 1024w, https:\/\/nederlandsetempeliers.nl\/wp-content\/uploads\/4d25972b-acf1-4173-9171-df1bd68b6526-300x200.png 300w, https:\/\/nederlandsetempeliers.nl\/wp-content\/uploads\/4d25972b-acf1-4173-9171-df1bd68b6526-768x512.png 768w, https:\/\/nederlandsetempeliers.nl\/wp-content\/uploads\/4d25972b-acf1-4173-9171-df1bd68b6526.png 1536w\" sizes=\"(max-width: 800px) 100vw, 800px\"><br \/>\n\t\t\t\t\t\t\t\t\t\t\t\t\t\t\t<img decoding=\"async\" width=\"198\" height=\"284\" src=\"https:\/\/nederlandsetempeliers.nl\/wp-content\/uploads\/egrqg.png\" alt=\"\">\t\t\t\t\t\t\t\t\t\t\t\t\t\t\t<\/p>\n<\/p>\n<p>IHS I\u0113sous \u0399\u0397\u03a3\u039f\u03a5\u03a3<\/p>\n<p>Las tres primeras cartas de Jes\u00fas en griego.  <\/p>\n<p>Iota, Eta, Sigma  <\/p>\n<p>A menudo se utiliza en el arte occidental para simbolizar a Cristo, y a veces aparece en la hostia eucar\u00edstica.<\/p>\n<p>Solo m\u00e1s tarde el IHS se ley\u00f3 como \u00abIesus Hominum Salvator\u00bb Jes\u00fas, salvador de la humanidad. Pero eso es lat\u00edn y no griego.   <\/p>\n<p>\t\t\t\t\t\t\t\t\t\t\t\t\t\t\t<img loading=\"lazy\" decoding=\"async\" width=\"272\" height=\"313\" src=\"https:\/\/nederlandsetempeliers.nl\/wp-content\/uploads\/3y63.png\" alt=\"\" srcset=\"https:\/\/nederlandsetempeliers.nl\/wp-content\/uploads\/3y63.png 272w, https:\/\/nederlandsetempeliers.nl\/wp-content\/uploads\/3y63-261x300.png 261w\" sizes=\"(max-width: 272px) 100vw, 272px\">\t\t\t\t\t\t\t\t\t\t\t\t\t\t\t<\/p>\n<p>IC XC<\/p>\n<ul>\n<li><strong>\u0399\u0397\u03a3\u039f\u03a5\u03a3<\/strong> \u2192 abreviado como <strong>IC<\/strong><\/li>\n<li><strong>\u03a7\u03a1\u0399\u03a3\u03a4\u039f\u03a3<\/strong> \u2192 abreviado como <strong>XC<\/strong><\/li>\n<\/ul>\n<p>Una abreviatura griega que significa Jesucristo; junto con un gesto de mano espec\u00edfico. Ese gesto forma las letras.   <\/p>\n<p>\ud83d\udc49 Cristo <strong>no solo dice qui\u00e9n es<\/strong>, lo <strong>demuestra<\/strong><\/p>\n<p>La moneda en la parte superior es griega medieval, o griega bizantina. Citas 1028. <\/p>\n<p>\t\t\t\t\t\t\t\t\t\t\t\t\t\t\t<img loading=\"lazy\" decoding=\"async\" width=\"164\" height=\"307\" src=\"https:\/\/nederlandsetempeliers.nl\/wp-content\/uploads\/rt43.png\" alt=\"\" srcset=\"https:\/\/nederlandsetempeliers.nl\/wp-content\/uploads\/rt43.png 164w, https:\/\/nederlandsetempeliers.nl\/wp-content\/uploads\/rt43-160x300.png 160w\" sizes=\"(max-width: 164px) 100vw, 164px\">\t\t\t\t\t\t\t\t\t\t\t\t\t\t\t<\/p>\n<p>JMJ  <\/p>\n<p>Si conoces al reverendo Fulton Sheen, probablemente le hayas visto escribir JMJ en la pizarra. Eso significa Jes\u00fas, Mar\u00eda y Jos\u00e9. Se ha convertido en costumbre com\u00fan entre los cat\u00f3licos escribir esto en la parte superior de cartas, documentos, papeles o pizarras.  <\/p>\n<p>\t\t\t\t\t\t\t\t\t\t\t\t\t\t\t<img loading=\"lazy\" decoding=\"async\" width=\"800\" height=\"786\" src=\"https:\/\/nederlandsetempeliers.nl\/wp-content\/uploads\/rgwg-1024x1006.png\" alt=\"\" srcset=\"https:\/\/nederlandsetempeliers.nl\/wp-content\/uploads\/rgwg-1024x1006.png 1024w, https:\/\/nederlandsetempeliers.nl\/wp-content\/uploads\/rgwg-300x295.png 300w, https:\/\/nederlandsetempeliers.nl\/wp-content\/uploads\/rgwg-768x755.png 768w, https:\/\/nederlandsetempeliers.nl\/wp-content\/uploads\/rgwg.png 1208w\" sizes=\"(max-width: 800px) 100vw, 800px\">\t\t\t\t\t\t\t\t\t\t\t\t\t\t\t<\/p>\n<p>AMGD<\/p>\n<p>Ad Majorem Dei Gloriam<\/p>\n<p>Para la mayor gloria de Dios. Esta abreviatura proviene de San Ignacio de Layola, Espa\u00f1a.   <img loading=\"lazy\" decoding=\"async\" src=\"https:\/\/nederlandsetempeliers.nl\/wp-content\/uploads\/rtgh4t-300x176.jpg\" alt=\"Vidrieras medievales y vidrieras de plomo con el texto: Ad Majorem Dei Gloriam\" width=\"300\" height=\"176\"><\/p>\n<\/p>\n<p>Como extra: las abreviaturas IHSV y NNDNN no son cristogramas: el nombre Cristo no aparece en ellas.<\/p>\n<p>IHSV In Hoc Signo Vinces en este signo superar\u00e1s<\/p>\n<p>NNDNN Non Nobis, Domine, Non Nobis Sed Nomine Tuo Da Gloriam<\/p>\n<p>  No a nosotros, oh Se\u00f1or, no a nosotros, sino a tu nombre da gloria<\/p>\n<p>\t\t\t\t\t\t\t\t\t\t\t\t\t\t\t<img loading=\"lazy\" decoding=\"async\" width=\"561\" height=\"206\" src=\"https:\/\/nederlandsetempeliers.nl\/wp-content\/uploads\/Scherm%C2%ADafbeelding-2026-01-30-om-19.32.45.png\" alt=\"Medalla de la Cruz de Caballeros Templarios + partituras Non Nobis\" srcset=\"https:\/\/nederlandsetempeliers.nl\/wp-content\/uploads\/Scherm\u00adafbeelding-2026-01-30-om-19.32.45.png 561w, https:\/\/nederlandsetempeliers.nl\/wp-content\/uploads\/Scherm\u00adafbeelding-2026-01-30-om-19.32.45-300x110.png 300w\" sizes=\"(max-width: 561px) 100vw, 561px\"><\/p>\n","protected":false},"excerpt":{"rendered":"<p>Cristogramas Sus abreviaturas\/monogramas que hacen referencia a Cristo. Una abreviatura es un cristograma si contiene el nombre Cristo. No eran abreviaturas porque la gente fuera perezosa. Funcionaban como Signos Santos, [&hellip;]<\/p>\n","protected":false},"author":4,"featured_media":0,"parent":0,"menu_order":0,"comment_status":"closed","ping_status":"closed","template":"","meta":{"footnotes":""},"class_list":["post-2985","page","type-page","status-publish","hentry"],"yoast_head":"<!-- This site is optimized with the Yoast SEO plugin v27.2 - https:\/\/yoast.com\/product\/yoast-seo-wordpress\/ -->\n<title>Cristogramas - Nederlandse Tempeliers<\/title>\n<meta name=\"robots\" content=\"index, follow, max-snippet:-1, max-image-preview:large, max-video-preview:-1\" \/>\n<link rel=\"canonical\" href=\"https:\/\/nederlandsetempeliers.nl\/es\/cristogramas\/\" \/>\n<meta property=\"og:locale\" content=\"es_ES\" \/>\n<meta property=\"og:type\" content=\"article\" \/>\n<meta property=\"og:title\" content=\"Cristogramas - Nederlandse Tempeliers\" \/>\n<meta property=\"og:description\" content=\"Cristogramas Sus abreviaturas\/monogramas que hacen referencia a Cristo. Una abreviatura es un cristograma si contiene el nombre Cristo. No eran abreviaturas porque la gente fuera perezosa. Funcionaban como Signos Santos, [&hellip;]\" \/>\n<meta property=\"og:url\" content=\"https:\/\/nederlandsetempeliers.nl\/es\/cristogramas\/\" \/>\n<meta property=\"og:site_name\" content=\"Nederlandse Tempeliers\" \/>\n<meta property=\"og:image\" content=\"https:\/\/nederlandsetempeliers.nl\/wp-content\/uploads\/eh.png\" \/>\n<meta name=\"twitter:card\" content=\"summary_large_image\" \/>\n<meta name=\"twitter:label1\" content=\"Tiempo de lectura\" \/>\n\t<meta name=\"twitter:data1\" content=\"2 minutos\" \/>\n<script type=\"application\/ld+json\" class=\"yoast-schema-graph\">{\"@context\":\"https:\/\/schema.org\",\"@graph\":[{\"@type\":\"WebPage\",\"@id\":\"https:\/\/nederlandsetempeliers.nl\/es\/cristogramas\/\",\"url\":\"https:\/\/nederlandsetempeliers.nl\/es\/cristogramas\/\",\"name\":\"Cristogramas - Nederlandse Tempeliers\",\"isPartOf\":{\"@id\":\"https:\/\/nederlandsetempeliers.nl\/es\/#website\"},\"primaryImageOfPage\":{\"@id\":\"https:\/\/nederlandsetempeliers.nl\/es\/cristogramas\/#primaryimage\"},\"image\":{\"@id\":\"https:\/\/nederlandsetempeliers.nl\/es\/cristogramas\/#primaryimage\"},\"thumbnailUrl\":\"https:\/\/nederlandsetempeliers.nl\/wp-content\/uploads\/eh.png\",\"datePublished\":\"2026-01-29T21:09:48+00:00\",\"breadcrumb\":{\"@id\":\"https:\/\/nederlandsetempeliers.nl\/es\/cristogramas\/#breadcrumb\"},\"inLanguage\":\"es\",\"potentialAction\":[{\"@type\":\"ReadAction\",\"target\":[\"https:\/\/nederlandsetempeliers.nl\/es\/cristogramas\/\"]}]},{\"@type\":\"ImageObject\",\"inLanguage\":\"es\",\"@id\":\"https:\/\/nederlandsetempeliers.nl\/es\/cristogramas\/#primaryimage\",\"url\":\"https:\/\/nederlandsetempeliers.nl\/wp-content\/uploads\/eh.png\",\"contentUrl\":\"https:\/\/nederlandsetempeliers.nl\/wp-content\/uploads\/eh.png\"},{\"@type\":\"BreadcrumbList\",\"@id\":\"https:\/\/nederlandsetempeliers.nl\/es\/cristogramas\/#breadcrumb\",\"itemListElement\":[{\"@type\":\"ListItem\",\"position\":1,\"name\":\"Home\",\"item\":\"https:\/\/nederlandsetempeliers.nl\/es\/\"},{\"@type\":\"ListItem\",\"position\":2,\"name\":\"Cristogramas\"}]},{\"@type\":\"WebSite\",\"@id\":\"https:\/\/nederlandsetempeliers.nl\/es\/#website\",\"url\":\"https:\/\/nederlandsetempeliers.nl\/es\/\",\"name\":\"Nederlandse Tempeliers\",\"description\":\"The Black Knights Templars of Solomon\",\"publisher\":{\"@id\":\"https:\/\/nederlandsetempeliers.nl\/es\/#organization\"},\"potentialAction\":[{\"@type\":\"SearchAction\",\"target\":{\"@type\":\"EntryPoint\",\"urlTemplate\":\"https:\/\/nederlandsetempeliers.nl\/es\/?s={search_term_string}\"},\"query-input\":{\"@type\":\"PropertyValueSpecification\",\"valueRequired\":true,\"valueName\":\"search_term_string\"}}],\"inLanguage\":\"es\"},{\"@type\":\"Organization\",\"@id\":\"https:\/\/nederlandsetempeliers.nl\/es\/#organization\",\"name\":\"Nederlandse Tempeliers\",\"url\":\"https:\/\/nederlandsetempeliers.nl\/es\/\",\"logo\":{\"@type\":\"ImageObject\",\"inLanguage\":\"es\",\"@id\":\"https:\/\/nederlandsetempeliers.nl\/es\/#\/schema\/logo\/image\/\",\"url\":\"https:\/\/nederlandsetempeliers.nl\/wp-content\/uploads\/Dutch-order-v2.png\",\"contentUrl\":\"https:\/\/nederlandsetempeliers.nl\/wp-content\/uploads\/Dutch-order-v2.png\",\"width\":687,\"height\":686,\"caption\":\"Nederlandse Tempeliers\"},\"image\":{\"@id\":\"https:\/\/nederlandsetempeliers.nl\/es\/#\/schema\/logo\/image\/\"}}]}<\/script>\n<!-- \/ Yoast SEO plugin. -->","yoast_head_json":{"title":"Cristogramas - Nederlandse Tempeliers","robots":{"index":"index","follow":"follow","max-snippet":"max-snippet:-1","max-image-preview":"max-image-preview:large","max-video-preview":"max-video-preview:-1"},"canonical":"https:\/\/nederlandsetempeliers.nl\/es\/cristogramas\/","og_locale":"es_ES","og_type":"article","og_title":"Cristogramas - Nederlandse Tempeliers","og_description":"Cristogramas Sus abreviaturas\/monogramas que hacen referencia a Cristo. Una abreviatura es un cristograma si contiene el nombre Cristo. No eran abreviaturas porque la gente fuera perezosa. Funcionaban como Signos Santos, [&hellip;]","og_url":"https:\/\/nederlandsetempeliers.nl\/es\/cristogramas\/","og_site_name":"Nederlandse Tempeliers","og_image":[{"url":"https:\/\/nederlandsetempeliers.nl\/wp-content\/uploads\/eh.png","type":"","width":"","height":""}],"twitter_card":"summary_large_image","twitter_misc":{"Tiempo de lectura":"2 minutos"},"schema":{"@context":"https:\/\/schema.org","@graph":[{"@type":"WebPage","@id":"https:\/\/nederlandsetempeliers.nl\/es\/cristogramas\/","url":"https:\/\/nederlandsetempeliers.nl\/es\/cristogramas\/","name":"Cristogramas - Nederlandse Tempeliers","isPartOf":{"@id":"https:\/\/nederlandsetempeliers.nl\/es\/#website"},"primaryImageOfPage":{"@id":"https:\/\/nederlandsetempeliers.nl\/es\/cristogramas\/#primaryimage"},"image":{"@id":"https:\/\/nederlandsetempeliers.nl\/es\/cristogramas\/#primaryimage"},"thumbnailUrl":"https:\/\/nederlandsetempeliers.nl\/wp-content\/uploads\/eh.png","datePublished":"2026-01-29T21:09:48+00:00","breadcrumb":{"@id":"https:\/\/nederlandsetempeliers.nl\/es\/cristogramas\/#breadcrumb"},"inLanguage":"es","potentialAction":[{"@type":"ReadAction","target":["https:\/\/nederlandsetempeliers.nl\/es\/cristogramas\/"]}]},{"@type":"ImageObject","inLanguage":"es","@id":"https:\/\/nederlandsetempeliers.nl\/es\/cristogramas\/#primaryimage","url":"https:\/\/nederlandsetempeliers.nl\/wp-content\/uploads\/eh.png","contentUrl":"https:\/\/nederlandsetempeliers.nl\/wp-content\/uploads\/eh.png"},{"@type":"BreadcrumbList","@id":"https:\/\/nederlandsetempeliers.nl\/es\/cristogramas\/#breadcrumb","itemListElement":[{"@type":"ListItem","position":1,"name":"Home","item":"https:\/\/nederlandsetempeliers.nl\/es\/"},{"@type":"ListItem","position":2,"name":"Cristogramas"}]},{"@type":"WebSite","@id":"https:\/\/nederlandsetempeliers.nl\/es\/#website","url":"https:\/\/nederlandsetempeliers.nl\/es\/","name":"Nederlandse Tempeliers","description":"The Black Knights Templars of Solomon","publisher":{"@id":"https:\/\/nederlandsetempeliers.nl\/es\/#organization"},"potentialAction":[{"@type":"SearchAction","target":{"@type":"EntryPoint","urlTemplate":"https:\/\/nederlandsetempeliers.nl\/es\/?s={search_term_string}"},"query-input":{"@type":"PropertyValueSpecification","valueRequired":true,"valueName":"search_term_string"}}],"inLanguage":"es"},{"@type":"Organization","@id":"https:\/\/nederlandsetempeliers.nl\/es\/#organization","name":"Nederlandse Tempeliers","url":"https:\/\/nederlandsetempeliers.nl\/es\/","logo":{"@type":"ImageObject","inLanguage":"es","@id":"https:\/\/nederlandsetempeliers.nl\/es\/#\/schema\/logo\/image\/","url":"https:\/\/nederlandsetempeliers.nl\/wp-content\/uploads\/Dutch-order-v2.png","contentUrl":"https:\/\/nederlandsetempeliers.nl\/wp-content\/uploads\/Dutch-order-v2.png","width":687,"height":686,"caption":"Nederlandse Tempeliers"},"image":{"@id":"https:\/\/nederlandsetempeliers.nl\/es\/#\/schema\/logo\/image\/"}}]}},"_links":{"self":[{"href":"https:\/\/nederlandsetempeliers.nl\/es\/wp-json\/wp\/v2\/pages\/2985","targetHints":{"allow":["GET"]}}],"collection":[{"href":"https:\/\/nederlandsetempeliers.nl\/es\/wp-json\/wp\/v2\/pages"}],"about":[{"href":"https:\/\/nederlandsetempeliers.nl\/es\/wp-json\/wp\/v2\/types\/page"}],"author":[{"embeddable":true,"href":"https:\/\/nederlandsetempeliers.nl\/es\/wp-json\/wp\/v2\/users\/4"}],"replies":[{"embeddable":true,"href":"https:\/\/nederlandsetempeliers.nl\/es\/wp-json\/wp\/v2\/comments?post=2985"}],"version-history":[{"count":0,"href":"https:\/\/nederlandsetempeliers.nl\/es\/wp-json\/wp\/v2\/pages\/2985\/revisions"}],"wp:attachment":[{"href":"https:\/\/nederlandsetempeliers.nl\/es\/wp-json\/wp\/v2\/media?parent=2985"}],"curies":[{"name":"wp","href":"https:\/\/api.w.org\/{rel}","templated":true}]}}