{"id":3009,"date":"2026-01-29T15:02:47","date_gmt":"2026-01-29T14:02:47","guid":{"rendered":"https:\/\/nederlandsetempeliers.nl\/juan-con-los-caballeros-templarios\/"},"modified":"2026-03-02T14:54:53","modified_gmt":"2026-03-02T13:54:53","slug":"juan-con-los-caballeros-templarios","status":"publish","type":"page","link":"https:\/\/nederlandsetempeliers.nl\/es\/juan-con-los-caballeros-templarios\/","title":{"rendered":"Juan con los Caballeros Templarios"},"content":{"rendered":"\t\t<div data-elementor-type=\"wp-page\" data-elementor-id=\"3009\" class=\"elementor elementor-3009 elementor-1954\" data-elementor-post-type=\"page\">\n\t\t\t\t<div class=\"elementor-element elementor-element-c1820db e-flex e-con-boxed e-con e-parent\" data-id=\"c1820db\" data-element_type=\"container\" data-e-type=\"container\">\n\t\t\t\t\t<div class=\"e-con-inner\">\n\t\t\t\t<div class=\"elementor-element elementor-element-f4c2e5d elementor-widget elementor-widget-heading\" data-id=\"f4c2e5d\" data-element_type=\"widget\" data-e-type=\"widget\" data-widget_type=\"heading.default\">\n\t\t\t\t<div class=\"elementor-widget-container\">\n\t\t\t\t\t<h2 class=\"elementor-heading-title elementor-size-default\">Juan con los Caballeros Templarios<\/h2>\t\t\t\t<\/div>\n\t\t\t\t<\/div>\n\t\t\t\t\t<\/div>\n\t\t\t\t<\/div>\n\t\t<div class=\"elementor-element elementor-element-657986e e-flex e-con-boxed e-con e-parent\" data-id=\"657986e\" data-element_type=\"container\" data-e-type=\"container\">\n\t\t\t\t\t<div class=\"e-con-inner\">\n\t\t\t\t<div class=\"elementor-element elementor-element-02a7f10 elementor-widget elementor-widget-image\" data-id=\"02a7f10\" data-element_type=\"widget\" data-e-type=\"widget\" data-widget_type=\"image.default\">\n\t\t\t\t<div class=\"elementor-widget-container\">\n\t\t\t\t\t\t\t\t\t\t\t\t\t\t\t<img fetchpriority=\"high\" decoding=\"async\" width=\"454\" height=\"302\" src=\"https:\/\/nederlandsetempeliers.nl\/wp-content\/uploads\/ethg.png\" class=\"attachment-large size-large wp-image-3010\" alt=\"\" srcset=\"https:\/\/nederlandsetempeliers.nl\/wp-content\/uploads\/ethg.png 454w, https:\/\/nederlandsetempeliers.nl\/wp-content\/uploads\/ethg-300x200.png 300w\" sizes=\"(max-width: 454px) 100vw, 454px\" \/>\t\t\t\t\t\t\t\t\t\t\t\t\t\t\t<\/div>\n\t\t\t\t<\/div>\n\t\t\t\t\t<\/div>\n\t\t\t\t<\/div>\n\t\t<div class=\"elementor-element elementor-element-395498d e-flex e-con-boxed e-con e-parent\" data-id=\"395498d\" data-element_type=\"container\" data-e-type=\"container\">\n\t\t\t\t\t<div class=\"e-con-inner\">\n\t\t\t\t<div class=\"elementor-element elementor-element-89aed08 elementor-widget elementor-widget-text-editor\" data-id=\"89aed08\" data-element_type=\"widget\" data-e-type=\"widget\" data-widget_type=\"text-editor.default\">\n\t\t\t\t<div class=\"elementor-widget-container\">\n\t\t\t\t\t\t\t\t\t<p>Los Caballeros Templarios adoraban solo a Dios, pero en su vida espiritual estaban expl\u00edcitamente orientados hacia Juan, Mar\u00eda y Mar\u00eda Magdalena.<\/p><p>No porque fueran m\u00e1s venerados, sino porque encarnaban lo que son los Caballeros Templarios: proximidad sin poder, lealtad sin posesi\u00f3n y receptividad sin apropiaci\u00f3n. Aqu\u00ed explicamos a John. <\/p><p>A menudo se ve a Juan apoyado en el pecho de Jes\u00fas. <strong>A trav\u00e9s de nuestros ojos \u2013 hoy \u2013 esta es una imagen \u00edntima, intimidad f\u00edsica. Juan se apoya en el pecho de Jes\u00fas. En la Edad Media (y antes) esto ten\u00eda un contenido o connotaci\u00f3n diferente. En aquel momento, esa imagen significaba una sinton\u00eda interior. John recibe. Est\u00e1 descansando EN Jes\u00fas, receptividad espiritual. <\/strong> <\/p><p>Juan es el disc\u00edpulo al que Jes\u00fas am\u00f3. Esto no significa: favorito en el sentido de favoritismo, exclusividad emocional o preferencia humana. Pero <strong>que Juan es el disc\u00edpulo m\u00e1s profundamente receptivo a la Palabra. <\/strong><strong>\u00a1Juan es el disc\u00edpulo que vigila, permanece y resiste hasta la cruz!<\/strong>  <\/p><p><strong>Estas dos actitudes eran<\/strong>un claro paralelismo en la espiritualidad de los Caballeros Templarios, que se ve\u00edan a s\u00ed mismos no como predicadores o gobernantes, sino como guardianes de lo sagrado \u2014 cerca, pero sin apropiaci\u00f3n.<\/p><p>Cercan\u00eda a trav\u00e9s de la lealtad, la receptividad y la observaci\u00f3n, no a trav\u00e9s del poder, la preferencia, la posesi\u00f3n o el gobierno. Eso es una actitud teol\u00f3gica. <\/p><p>Lo mismo para los templarios: Jes\u00fas sigue siendo central, apoyando. Los Caballeros Templarios son receptivos a sus ense\u00f1anzas, fidelidad y vigilancia Y GUARDIA. No busques poder, posee y gobierna.    <\/p><p>Hoy, esta imagen de los Caballeros Templarios ha desaparecido por completo. Hoy en d\u00eda solo estamos conectados con la lucha. Dif\u00edcilmente con conexi\u00f3n, oraci\u00f3n y espiritualidad. (lo cual se ha convertido en un concepto vago en s\u00ed mismo)   <\/p><p>Hoy en d\u00eda, la emoci\u00f3n es desconfiada porque te hace vulnerable. La vulnerabilidad es un peligro en estos tiempos. La proximidad se considera una debilidad.  <\/p><p>Por eso ahora vemos a los Caballeros Templarios luchando por el 95% y rezando por el 5%. Mientras que en la Edad Media rez\u00e1bamos de rodillas el 95% y solo luchamos el 5% del tiempo. Un templario no lucha <strong>por <\/strong>Dios, sino <strong>contra <\/strong>Dios.  <\/p><p><em>Detr\u00e1s del estricto gobierno de los Caballeros Templarios se esconde una piedad profunda y discreta:<\/em><em><br><\/em><em>no una distancia de Cristo, sino vivir en Su presencia\u2014mientras Juan descansa en su pecho.<\/em><\/p>\t\t\t\t\t\t\t\t<\/div>\n\t\t\t\t<\/div>\n\t\t\t\t\t<\/div>\n\t\t\t\t<\/div>\n\t\t<div class=\"elementor-element elementor-element-912b131 e-flex e-con-boxed e-con e-parent\" data-id=\"912b131\" data-element_type=\"container\" data-e-type=\"container\">\n\t\t\t\t\t<div class=\"e-con-inner\">\n\t\t\t\t<div class=\"elementor-element elementor-element-24eeb2a elementor-widget__width-initial elementor-widget elementor-widget-image\" data-id=\"24eeb2a\" data-element_type=\"widget\" data-e-type=\"widget\" data-widget_type=\"image.default\">\n\t\t\t\t<div class=\"elementor-widget-container\">\n\t\t\t\t\t\t\t\t\t\t\t\t\t\t\t<img decoding=\"async\" width=\"184\" height=\"274\" src=\"https:\/\/nederlandsetempeliers.nl\/wp-content\/uploads\/2601af34-5ee9-4ec3-a6d1-430467aa82c2.png\" class=\"attachment-large size-large wp-image-3011\" alt=\"\" \/>\t\t\t\t\t\t\t\t\t\t\t\t\t\t\t<\/div>\n\t\t\t\t<\/div>\n\t\t\t\t<div class=\"elementor-element elementor-element-24ff196 elementor-widget elementor-widget-text-editor\" data-id=\"24ff196\" data-element_type=\"widget\" data-e-type=\"widget\" data-widget_type=\"text-editor.default\">\n\t\t\t\t<div class=\"elementor-widget-container\">\n\t\t\t\t\t\t\t\t\t<p>El t\u00edtulo <em>Cristo Esposo<\/em> puede plantear preguntas para un espectador contempor\u00e1neo. Sin embargo, en la tradici\u00f3n ortodoxa oriental, \u00abnovio\u00bb no se refiere a la intimidad rom\u00e1ntica o personal, sino al lenguaje del pacto. Cristo es llamado el Novio porque se une con la humanidad y con la Iglesia en fidelidad y entrega propia. Esta imaginer\u00eda, arraigada en el Evangelio, no expresa una relaci\u00f3n humana, sino una realidad espiritual: cercan\u00eda sin apropiaci\u00f3n, amor sin posesi\u00f3n, fidelidad incluso en el sufrimiento. O bien Cristo es el novio y la Iglesia y la humanidad son la novia.    <\/p>\t\t\t\t\t\t\t\t<\/div>\n\t\t\t\t<\/div>\n\t\t\t\t\t<\/div>\n\t\t\t\t<\/div>\n\t\t\t\t<\/div>\n\t\t","protected":false},"excerpt":{"rendered":"<p>Juan con los Caballeros Templarios Los Caballeros Templarios adoraban solo a Dios, pero en su vida espiritual estaban expl\u00edcitamente orientados hacia Juan, Mar\u00eda y Mar\u00eda Magdalena. No porque fueran m\u00e1s [&hellip;]<\/p>\n","protected":false},"author":4,"featured_media":0,"parent":0,"menu_order":0,"comment_status":"closed","ping_status":"closed","template":"","meta":{"footnotes":""},"class_list":["post-3009","page","type-page","status-publish","hentry"],"yoast_head":"<!-- This site is optimized with the Yoast SEO plugin v27.2 - https:\/\/yoast.com\/product\/yoast-seo-wordpress\/ -->\n<title>Juan con los Caballeros Templarios - Nederlandse Tempeliers<\/title>\n<meta name=\"robots\" content=\"index, follow, max-snippet:-1, max-image-preview:large, max-video-preview:-1\" \/>\n<link rel=\"canonical\" href=\"https:\/\/nederlandsetempeliers.nl\/es\/juan-con-los-caballeros-templarios\/\" \/>\n<meta property=\"og:locale\" content=\"es_ES\" \/>\n<meta property=\"og:type\" content=\"article\" \/>\n<meta property=\"og:title\" content=\"Juan con los Caballeros Templarios - Nederlandse Tempeliers\" \/>\n<meta property=\"og:description\" content=\"Juan con los Caballeros Templarios Los Caballeros Templarios adoraban solo a Dios, pero en su vida espiritual estaban expl\u00edcitamente orientados hacia Juan, Mar\u00eda y Mar\u00eda Magdalena. No porque fueran m\u00e1s [&hellip;]\" \/>\n<meta property=\"og:url\" content=\"https:\/\/nederlandsetempeliers.nl\/es\/juan-con-los-caballeros-templarios\/\" \/>\n<meta property=\"og:site_name\" content=\"Nederlandse Tempeliers\" \/>\n<meta property=\"article:modified_time\" content=\"2026-03-02T13:54:53+00:00\" \/>\n<meta property=\"og:image\" content=\"https:\/\/nederlandsetempeliers.nl\/wp-content\/uploads\/ethg.png\" \/>\n\t<meta property=\"og:image:width\" content=\"454\" \/>\n\t<meta property=\"og:image:height\" content=\"302\" \/>\n\t<meta property=\"og:image:type\" content=\"image\/png\" \/>\n<meta name=\"twitter:card\" content=\"summary_large_image\" \/>\n<meta name=\"twitter:label1\" content=\"Tiempo de lectura\" \/>\n\t<meta name=\"twitter:data1\" content=\"3 minutos\" \/>\n<script type=\"application\/ld+json\" class=\"yoast-schema-graph\">{\"@context\":\"https:\/\/schema.org\",\"@graph\":[{\"@type\":\"WebPage\",\"@id\":\"https:\/\/nederlandsetempeliers.nl\/es\/juan-con-los-caballeros-templarios\/\",\"url\":\"https:\/\/nederlandsetempeliers.nl\/es\/juan-con-los-caballeros-templarios\/\",\"name\":\"Juan con los Caballeros Templarios - Nederlandse Tempeliers\",\"isPartOf\":{\"@id\":\"https:\/\/nederlandsetempeliers.nl\/es\/#website\"},\"primaryImageOfPage\":{\"@id\":\"https:\/\/nederlandsetempeliers.nl\/es\/juan-con-los-caballeros-templarios\/#primaryimage\"},\"image\":{\"@id\":\"https:\/\/nederlandsetempeliers.nl\/es\/juan-con-los-caballeros-templarios\/#primaryimage\"},\"thumbnailUrl\":\"https:\/\/nederlandsetempeliers.nl\/wp-content\/uploads\/ethg.png\",\"datePublished\":\"2026-01-29T14:02:47+00:00\",\"dateModified\":\"2026-03-02T13:54:53+00:00\",\"breadcrumb\":{\"@id\":\"https:\/\/nederlandsetempeliers.nl\/es\/juan-con-los-caballeros-templarios\/#breadcrumb\"},\"inLanguage\":\"es\",\"potentialAction\":[{\"@type\":\"ReadAction\",\"target\":[\"https:\/\/nederlandsetempeliers.nl\/es\/juan-con-los-caballeros-templarios\/\"]}]},{\"@type\":\"ImageObject\",\"inLanguage\":\"es\",\"@id\":\"https:\/\/nederlandsetempeliers.nl\/es\/juan-con-los-caballeros-templarios\/#primaryimage\",\"url\":\"https:\/\/nederlandsetempeliers.nl\/wp-content\/uploads\/ethg.png\",\"contentUrl\":\"https:\/\/nederlandsetempeliers.nl\/wp-content\/uploads\/ethg.png\"},{\"@type\":\"BreadcrumbList\",\"@id\":\"https:\/\/nederlandsetempeliers.nl\/es\/juan-con-los-caballeros-templarios\/#breadcrumb\",\"itemListElement\":[{\"@type\":\"ListItem\",\"position\":1,\"name\":\"Home\",\"item\":\"https:\/\/nederlandsetempeliers.nl\/es\/\"},{\"@type\":\"ListItem\",\"position\":2,\"name\":\"Juan con los Caballeros Templarios\"}]},{\"@type\":\"WebSite\",\"@id\":\"https:\/\/nederlandsetempeliers.nl\/es\/#website\",\"url\":\"https:\/\/nederlandsetempeliers.nl\/es\/\",\"name\":\"Nederlandse Tempeliers\",\"description\":\"The Black Knights Templars of Solomon\",\"publisher\":{\"@id\":\"https:\/\/nederlandsetempeliers.nl\/es\/#organization\"},\"potentialAction\":[{\"@type\":\"SearchAction\",\"target\":{\"@type\":\"EntryPoint\",\"urlTemplate\":\"https:\/\/nederlandsetempeliers.nl\/es\/?s={search_term_string}\"},\"query-input\":{\"@type\":\"PropertyValueSpecification\",\"valueRequired\":true,\"valueName\":\"search_term_string\"}}],\"inLanguage\":\"es\"},{\"@type\":\"Organization\",\"@id\":\"https:\/\/nederlandsetempeliers.nl\/es\/#organization\",\"name\":\"Nederlandse Tempeliers\",\"url\":\"https:\/\/nederlandsetempeliers.nl\/es\/\",\"logo\":{\"@type\":\"ImageObject\",\"inLanguage\":\"es\",\"@id\":\"https:\/\/nederlandsetempeliers.nl\/es\/#\/schema\/logo\/image\/\",\"url\":\"https:\/\/nederlandsetempeliers.nl\/wp-content\/uploads\/Dutch-order-v2.png\",\"contentUrl\":\"https:\/\/nederlandsetempeliers.nl\/wp-content\/uploads\/Dutch-order-v2.png\",\"width\":687,\"height\":686,\"caption\":\"Nederlandse Tempeliers\"},\"image\":{\"@id\":\"https:\/\/nederlandsetempeliers.nl\/es\/#\/schema\/logo\/image\/\"}}]}<\/script>\n<!-- \/ Yoast SEO plugin. -->","yoast_head_json":{"title":"Juan con los Caballeros Templarios - Nederlandse Tempeliers","robots":{"index":"index","follow":"follow","max-snippet":"max-snippet:-1","max-image-preview":"max-image-preview:large","max-video-preview":"max-video-preview:-1"},"canonical":"https:\/\/nederlandsetempeliers.nl\/es\/juan-con-los-caballeros-templarios\/","og_locale":"es_ES","og_type":"article","og_title":"Juan con los Caballeros Templarios - Nederlandse Tempeliers","og_description":"Juan con los Caballeros Templarios Los Caballeros Templarios adoraban solo a Dios, pero en su vida espiritual estaban expl\u00edcitamente orientados hacia Juan, Mar\u00eda y Mar\u00eda Magdalena. No porque fueran m\u00e1s [&hellip;]","og_url":"https:\/\/nederlandsetempeliers.nl\/es\/juan-con-los-caballeros-templarios\/","og_site_name":"Nederlandse Tempeliers","article_modified_time":"2026-03-02T13:54:53+00:00","og_image":[{"width":454,"height":302,"url":"https:\/\/nederlandsetempeliers.nl\/wp-content\/uploads\/ethg.png","type":"image\/png"}],"twitter_card":"summary_large_image","twitter_misc":{"Tiempo de lectura":"3 minutos"},"schema":{"@context":"https:\/\/schema.org","@graph":[{"@type":"WebPage","@id":"https:\/\/nederlandsetempeliers.nl\/es\/juan-con-los-caballeros-templarios\/","url":"https:\/\/nederlandsetempeliers.nl\/es\/juan-con-los-caballeros-templarios\/","name":"Juan con los Caballeros Templarios - Nederlandse Tempeliers","isPartOf":{"@id":"https:\/\/nederlandsetempeliers.nl\/es\/#website"},"primaryImageOfPage":{"@id":"https:\/\/nederlandsetempeliers.nl\/es\/juan-con-los-caballeros-templarios\/#primaryimage"},"image":{"@id":"https:\/\/nederlandsetempeliers.nl\/es\/juan-con-los-caballeros-templarios\/#primaryimage"},"thumbnailUrl":"https:\/\/nederlandsetempeliers.nl\/wp-content\/uploads\/ethg.png","datePublished":"2026-01-29T14:02:47+00:00","dateModified":"2026-03-02T13:54:53+00:00","breadcrumb":{"@id":"https:\/\/nederlandsetempeliers.nl\/es\/juan-con-los-caballeros-templarios\/#breadcrumb"},"inLanguage":"es","potentialAction":[{"@type":"ReadAction","target":["https:\/\/nederlandsetempeliers.nl\/es\/juan-con-los-caballeros-templarios\/"]}]},{"@type":"ImageObject","inLanguage":"es","@id":"https:\/\/nederlandsetempeliers.nl\/es\/juan-con-los-caballeros-templarios\/#primaryimage","url":"https:\/\/nederlandsetempeliers.nl\/wp-content\/uploads\/ethg.png","contentUrl":"https:\/\/nederlandsetempeliers.nl\/wp-content\/uploads\/ethg.png"},{"@type":"BreadcrumbList","@id":"https:\/\/nederlandsetempeliers.nl\/es\/juan-con-los-caballeros-templarios\/#breadcrumb","itemListElement":[{"@type":"ListItem","position":1,"name":"Home","item":"https:\/\/nederlandsetempeliers.nl\/es\/"},{"@type":"ListItem","position":2,"name":"Juan con los Caballeros Templarios"}]},{"@type":"WebSite","@id":"https:\/\/nederlandsetempeliers.nl\/es\/#website","url":"https:\/\/nederlandsetempeliers.nl\/es\/","name":"Nederlandse Tempeliers","description":"The Black Knights Templars of Solomon","publisher":{"@id":"https:\/\/nederlandsetempeliers.nl\/es\/#organization"},"potentialAction":[{"@type":"SearchAction","target":{"@type":"EntryPoint","urlTemplate":"https:\/\/nederlandsetempeliers.nl\/es\/?s={search_term_string}"},"query-input":{"@type":"PropertyValueSpecification","valueRequired":true,"valueName":"search_term_string"}}],"inLanguage":"es"},{"@type":"Organization","@id":"https:\/\/nederlandsetempeliers.nl\/es\/#organization","name":"Nederlandse Tempeliers","url":"https:\/\/nederlandsetempeliers.nl\/es\/","logo":{"@type":"ImageObject","inLanguage":"es","@id":"https:\/\/nederlandsetempeliers.nl\/es\/#\/schema\/logo\/image\/","url":"https:\/\/nederlandsetempeliers.nl\/wp-content\/uploads\/Dutch-order-v2.png","contentUrl":"https:\/\/nederlandsetempeliers.nl\/wp-content\/uploads\/Dutch-order-v2.png","width":687,"height":686,"caption":"Nederlandse Tempeliers"},"image":{"@id":"https:\/\/nederlandsetempeliers.nl\/es\/#\/schema\/logo\/image\/"}}]}},"_links":{"self":[{"href":"https:\/\/nederlandsetempeliers.nl\/es\/wp-json\/wp\/v2\/pages\/3009","targetHints":{"allow":["GET"]}}],"collection":[{"href":"https:\/\/nederlandsetempeliers.nl\/es\/wp-json\/wp\/v2\/pages"}],"about":[{"href":"https:\/\/nederlandsetempeliers.nl\/es\/wp-json\/wp\/v2\/types\/page"}],"author":[{"embeddable":true,"href":"https:\/\/nederlandsetempeliers.nl\/es\/wp-json\/wp\/v2\/users\/4"}],"replies":[{"embeddable":true,"href":"https:\/\/nederlandsetempeliers.nl\/es\/wp-json\/wp\/v2\/comments?post=3009"}],"version-history":[{"count":1,"href":"https:\/\/nederlandsetempeliers.nl\/es\/wp-json\/wp\/v2\/pages\/3009\/revisions"}],"predecessor-version":[{"id":3012,"href":"https:\/\/nederlandsetempeliers.nl\/es\/wp-json\/wp\/v2\/pages\/3009\/revisions\/3012"}],"wp:attachment":[{"href":"https:\/\/nederlandsetempeliers.nl\/es\/wp-json\/wp\/v2\/media?parent=3009"}],"curies":[{"name":"wp","href":"https:\/\/api.w.org\/{rel}","templated":true}]}}