{"id":3064,"date":"2025-09-17T17:50:59","date_gmt":"2025-09-17T15:50:59","guid":{"rendered":"https:\/\/nederlandsetempeliers.nl\/cruz-molay\/"},"modified":"2026-03-02T14:58:31","modified_gmt":"2026-03-02T13:58:31","slug":"cruz-molay","status":"publish","type":"page","link":"https:\/\/nederlandsetempeliers.nl\/es\/huellas-del-pasado\/cruz-molay\/","title":{"rendered":"Cruz Molay"},"content":{"rendered":"\t\t<div data-elementor-type=\"wp-page\" data-elementor-id=\"3064\" class=\"elementor elementor-3064 elementor-1352\" data-elementor-post-type=\"page\">\n\t\t\t\t\t\t<section class=\"elementor-section elementor-top-section elementor-element elementor-element-3a7515f9 elementor-section-height-min-height elementor-section-boxed elementor-section-height-default elementor-section-items-middle\" data-id=\"3a7515f9\" data-element_type=\"section\" data-e-type=\"section\" data-settings=\"{&quot;background_background&quot;:&quot;classic&quot;}\">\n\t\t\t\t\t\t<div class=\"elementor-container elementor-column-gap-default\">\n\t\t\t\t\t<div class=\"elementor-column elementor-col-100 elementor-top-column elementor-element elementor-element-519633d1\" data-id=\"519633d1\" data-element_type=\"column\" data-e-type=\"column\">\n\t\t\t<div class=\"elementor-widget-wrap elementor-element-populated\">\n\t\t\t\t\t\t<div class=\"elementor-element elementor-element-154381a2 elementor-widget elementor-widget-heading\" data-id=\"154381a2\" data-element_type=\"widget\" data-e-type=\"widget\" data-widget_type=\"heading.default\">\n\t\t\t\t<div class=\"elementor-widget-container\">\n\t\t\t\t\t<h2 class=\"elementor-heading-title elementor-size-default\">Cruz Molay de los Caballeros Templarios<\/h2>\t\t\t\t<\/div>\n\t\t\t\t<\/div>\n\t\t\t\t<div class=\"elementor-element elementor-element-43950f86 elementor-widget elementor-widget-text-editor\" data-id=\"43950f86\" data-element_type=\"widget\" data-e-type=\"widget\" data-widget_type=\"text-editor.default\">\n\t\t\t\t<div class=\"elementor-widget-container\">\n\t\t\t\t\t\t\t\t\t<p>Los soldados del templo son <b>de Dios.<\/b><\/p>\t\t\t\t\t\t\t\t<\/div>\n\t\t\t\t<\/div>\n\t\t\t\t<div class=\"elementor-element elementor-element-7afeca90 elementor-widget elementor-widget-image\" data-id=\"7afeca90\" data-element_type=\"widget\" data-e-type=\"widget\" data-widget_type=\"image.default\">\n\t\t\t\t<div class=\"elementor-widget-container\">\n\t\t\t\t\t\t\t\t\t\t\t\t\t\t\t<img fetchpriority=\"high\" decoding=\"async\" width=\"300\" height=\"300\" src=\"https:\/\/nederlandsetempeliers.nl\/wp-content\/uploads\/Dutch-order-v2-300x300.png\" class=\"attachment-medium size-medium wp-image-3071\" alt=\"Cena de Seder medieval con s\u00edmbolos de P\u00e9saj, flanqueada por dos Caballeros Templarios como guardianes\" srcset=\"https:\/\/nederlandsetempeliers.nl\/wp-content\/uploads\/Dutch-order-v2-300x300.png 300w, https:\/\/nederlandsetempeliers.nl\/wp-content\/uploads\/Dutch-order-v2-150x150.png 150w, https:\/\/nederlandsetempeliers.nl\/wp-content\/uploads\/Dutch-order-v2.png 687w\" sizes=\"(max-width: 300px) 100vw, 300px\" \/>\t\t\t\t\t\t\t\t\t\t\t\t\t\t\t<\/div>\n\t\t\t\t<\/div>\n\t\t\t\t\t<\/div>\n\t\t<\/div>\n\t\t\t\t\t<\/div>\n\t\t<\/section>\n\t\t\t\t<section class=\"elementor-section elementor-top-section elementor-element elementor-element-51f144e2 elementor-section-boxed elementor-section-height-default elementor-section-height-default\" data-id=\"51f144e2\" data-element_type=\"section\" data-e-type=\"section\" data-settings=\"{&quot;background_background&quot;:&quot;classic&quot;,&quot;shape_divider_bottom&quot;:&quot;triangle&quot;,&quot;shape_divider_bottom_negative&quot;:&quot;yes&quot;}\">\n\t\t\t\t\t<div class=\"elementor-shape elementor-shape-bottom\" aria-hidden=\"true\" data-negative=\"true\">\n\t\t\t<svg xmlns=\"http:\/\/www.w3.org\/2000\/svg\" viewBox=\"0 0 1000 100\" preserveAspectRatio=\"none\">\n\t<path class=\"elementor-shape-fill\" d=\"M500.2,94.7L0,0v100h1000V0L500.2,94.7z\"\/>\n<\/svg>\t\t<\/div>\n\t\t\t\t\t<div class=\"elementor-container elementor-column-gap-default\">\n\t\t\t\t\t<div class=\"elementor-column elementor-col-100 elementor-top-column elementor-element elementor-element-faab179\" data-id=\"faab179\" data-element_type=\"column\" data-e-type=\"column\">\n\t\t\t<div class=\"elementor-widget-wrap elementor-element-populated\">\n\t\t\t\t\t\t<div class=\"elementor-element elementor-element-4f8f8cc elementor-widget__width-auto elementor-view-default elementor-widget elementor-widget-icon\" data-id=\"4f8f8cc\" data-element_type=\"widget\" data-e-type=\"widget\" data-widget_type=\"icon.default\">\n\t\t\t\t<div class=\"elementor-widget-container\">\n\t\t\t\t\t\t\t<div class=\"elementor-icon-wrapper\">\n\t\t\t<div class=\"elementor-icon\">\n\t\t\t<i aria-hidden=\"true\" class=\"fas fa-grip-lines\"><\/i>\t\t\t<\/div>\n\t\t<\/div>\n\t\t\t\t\t\t<\/div>\n\t\t\t\t<\/div>\n\t\t\t\t<div class=\"elementor-element elementor-element-4871e44a elementor-widget__width-auto elementor-widget elementor-widget-heading\" data-id=\"4871e44a\" data-element_type=\"widget\" data-e-type=\"widget\" data-widget_type=\"heading.default\">\n\t\t\t\t<div class=\"elementor-widget-container\">\n\t\t\t\t\t<h2 class=\"elementor-heading-title elementor-size-default\">Cruz Molay<\/h2>\t\t\t\t<\/div>\n\t\t\t\t<\/div>\n\t\t\t\t<div class=\"elementor-element elementor-element-5e3cc42a elementor-widget__width-auto elementor-view-default elementor-widget elementor-widget-icon\" data-id=\"5e3cc42a\" data-element_type=\"widget\" data-e-type=\"widget\" data-widget_type=\"icon.default\">\n\t\t\t\t<div class=\"elementor-widget-container\">\n\t\t\t\t\t\t\t<div class=\"elementor-icon-wrapper\">\n\t\t\t<div class=\"elementor-icon\">\n\t\t\t<i aria-hidden=\"true\" class=\"fas fa-grip-lines\"><\/i>\t\t\t<\/div>\n\t\t<\/div>\n\t\t\t\t\t\t<\/div>\n\t\t\t\t<\/div>\n\t\t\t\t\t<\/div>\n\t\t<\/div>\n\t\t\t\t\t<\/div>\n\t\t<\/section>\n\t\t\t\t<section class=\"elementor-section elementor-top-section elementor-element elementor-element-403df7c4 elementor-section-content-middle elementor-section-boxed elementor-section-height-default elementor-section-height-default\" data-id=\"403df7c4\" data-element_type=\"section\" data-e-type=\"section\">\n\t\t\t\t\t\t<div class=\"elementor-container elementor-column-gap-default\">\n\t\t\t\t\t<div class=\"elementor-column elementor-col-50 elementor-top-column elementor-element elementor-element-72d7588\" data-id=\"72d7588\" data-element_type=\"column\" data-e-type=\"column\">\n\t\t\t<div class=\"elementor-widget-wrap elementor-element-populated\">\n\t\t\t\t\t\t<div class=\"elementor-element elementor-element-fd3177b elementor-widget elementor-widget-heading\" data-id=\"fd3177b\" data-element_type=\"widget\" data-e-type=\"widget\" data-widget_type=\"heading.default\">\n\t\t\t\t<div class=\"elementor-widget-container\">\n\t\t\t\t\t<h2 class=\"elementor-heading-title elementor-size-default\">LA CRUZ DE LOS TEMPLARIOS. EL OCHO ES CORRECTO. <\/h2>\t\t\t\t<\/div>\n\t\t\t\t<\/div>\n\t\t\t\t<div class=\"elementor-element elementor-element-10c10b01 elementor-widget elementor-widget-text-editor\" data-id=\"10c10b01\" data-element_type=\"widget\" data-e-type=\"widget\" data-widget_type=\"text-editor.default\">\n\t\t\t\t<div class=\"elementor-widget-container\">\n\t\t\t\t\t\t\t\t\t<p>La cruz pateada (del franc\u00e9s croix patt\u00e9e significa cruz con piernas), cruz templar o cruz pat\u00e9a es esa cruz cuyos brazos son estrechos al llegar al centro y se ensanchan en los extremos. Su nombre proviene de los brazos de este tipo de cruz que se asemejan a las patas. <\/p><p>La cruz pat\u00e9 est\u00e1 asociada con la Orden de los Pobres Compa\u00f1eros de Cristo y el Templo de Salom\u00f3n (lat\u00edn: Pauperes Commilitones Christi Templique Salomonici), tambi\u00e9n llamada Orden del Templo, a la que el papa Eugenio III otorg\u00f3 el derecho a llevar la cruz de forma permanente el 24 de abril de 1147; la cruz simple, pero anclada o pat\u00e9, simboliza el martirio de Cristo; rojo, porque el rojo era el s\u00edmbolo de la sangre derramada de Cristo, pero tambi\u00e9n de la vida. La cruz estaba colocada sobre su capa sobre su hombro izquierdo, sobre su coraz\u00f3n. \u00ab<\/p><p>Tambi\u00e9n conocida como la Cruz de las 8 zalitudes, este es uno de los secretos m\u00e1s enigm\u00e1ticos de los Caballeros Templarios. La Cruz consta de cuatro brazos iguales y ocho puntas. Los escudos representan los cuatro puntos cardinales, las cuatro estaciones y los cuatro evangelistas.  <\/p><p>El prop\u00f3sito principal de la geometr\u00eda cruzada es invitar a la meditaci\u00f3n. Pero en cuanto a las 8 zalitudes, la Cruz que identifica a los Caballeros Templarios tiene un significado m\u00e1s profundo y es la siguiente: <\/p><p>Ten felicidad espiritual.<\/p><p>Vive sin malicia.<\/p><p>Llora los pecados.<\/p><p>Humillate para sentirte ofendido.<\/p><p>Amor por la justicia.<\/p><p>Muestra piedad.<\/p><p>Sinceridad y coraz\u00f3n puro<\/p><p>Soportar la persecuci\u00f3n con paciencia.<\/p>\t\t\t\t\t\t\t\t<\/div>\n\t\t\t\t<\/div>\n\t\t\t\t\t<\/div>\n\t\t<\/div>\n\t\t\t\t<div class=\"elementor-column elementor-col-50 elementor-top-column elementor-element elementor-element-6585755\" data-id=\"6585755\" data-element_type=\"column\" data-e-type=\"column\">\n\t\t\t<div class=\"elementor-widget-wrap elementor-element-populated\">\n\t\t\t\t\t\t<div class=\"elementor-element elementor-element-0c96406 elementor-widget elementor-widget-image\" data-id=\"0c96406\" data-element_type=\"widget\" data-e-type=\"widget\" data-widget_type=\"image.default\">\n\t\t\t\t<div class=\"elementor-widget-container\">\n\t\t\t\t\t\t\t\t\t\t\t\t\t\t\t<img decoding=\"async\" width=\"162\" height=\"202\" src=\"https:\/\/nederlandsetempeliers.nl\/wp-content\/uploads\/Molay-kruis-1.jpg\" class=\"attachment-full size-full wp-image-3065\" alt=\"Cruz cristiana de metal detallada sobre fondo de n\u00e1car, s\u00edmbolo de fe y arte religioso\" \/>\t\t\t\t\t\t\t\t\t\t\t\t\t\t\t<\/div>\n\t\t\t\t<\/div>\n\t\t\t\t\t<\/div>\n\t\t<\/div>\n\t\t\t\t\t<\/div>\n\t\t<\/section>\n\t\t\t\t<section class=\"elementor-section elementor-top-section elementor-element elementor-element-6910ad elementor-section-boxed elementor-section-height-default elementor-section-height-default\" data-id=\"6910ad\" data-element_type=\"section\" data-e-type=\"section\">\n\t\t\t\t\t\t<div class=\"elementor-container elementor-column-gap-default\">\n\t\t\t\t\t<div class=\"elementor-column elementor-col-100 elementor-top-column elementor-element elementor-element-670c1578\" data-id=\"670c1578\" data-element_type=\"column\" data-e-type=\"column\">\n\t\t\t<div class=\"elementor-widget-wrap elementor-element-populated\">\n\t\t\t\t<div class=\"elementor-element elementor-element-fcda58e e-flex e-con-boxed e-con e-parent\" data-id=\"fcda58e\" data-element_type=\"container\" data-e-type=\"container\">\n\t\t\t\t\t<div class=\"e-con-inner\">\n\t\t\t\t<div class=\"elementor-element elementor-element-d122b4f elementor-widget elementor-widget-image\" data-id=\"d122b4f\" data-element_type=\"widget\" data-e-type=\"widget\" data-widget_type=\"image.default\">\n\t\t\t\t<div class=\"elementor-widget-container\">\n\t\t\t\t\t\t\t\t\t\t\t\t\t\t\t<img decoding=\"async\" width=\"586\" height=\"769\" src=\"https:\/\/nederlandsetempeliers.nl\/wp-content\/uploads\/Molay-kruis-6.jpg\" class=\"attachment-full size-full wp-image-3070\" alt=\"Portal de iglesia rom\u00e1nica medieval con arco de piedra ricamente tallado y puertas macizas de madera.\" srcset=\"https:\/\/nederlandsetempeliers.nl\/wp-content\/uploads\/Molay-kruis-6.jpg 586w, https:\/\/nederlandsetempeliers.nl\/wp-content\/uploads\/Molay-kruis-6-229x300.jpg 229w\" sizes=\"(max-width: 586px) 100vw, 586px\" \/>\t\t\t\t\t\t\t\t\t\t\t\t\t\t\t<\/div>\n\t\t\t\t<\/div>\n\t\t\t\t<div class=\"elementor-element elementor-element-42f3ad6 elementor-widget elementor-widget-image\" data-id=\"42f3ad6\" data-element_type=\"widget\" data-e-type=\"widget\" data-widget_type=\"image.default\">\n\t\t\t\t<div class=\"elementor-widget-container\">\n\t\t\t\t\t\t\t\t\t\t\t\t\t\t\t<img loading=\"lazy\" decoding=\"async\" width=\"605\" height=\"422\" src=\"https:\/\/nederlandsetempeliers.nl\/wp-content\/uploads\/Molay-kruis-2.jpg\" class=\"attachment-full size-full wp-image-3066\" alt=\"Roseta rom\u00e1nica de piedra natural con motivos en forma de flor y cruz en la pared de la iglesia.\" srcset=\"https:\/\/nederlandsetempeliers.nl\/wp-content\/uploads\/Molay-kruis-2.jpg 605w, https:\/\/nederlandsetempeliers.nl\/wp-content\/uploads\/Molay-kruis-2-300x209.jpg 300w\" sizes=\"(max-width: 605px) 100vw, 605px\" \/>\t\t\t\t\t\t\t\t\t\t\t\t\t\t\t<\/div>\n\t\t\t\t<\/div>\n\t\t\t\t<div class=\"elementor-element elementor-element-5927364 elementor-widget elementor-widget-image\" data-id=\"5927364\" data-element_type=\"widget\" data-e-type=\"widget\" data-widget_type=\"image.default\">\n\t\t\t\t<div class=\"elementor-widget-container\">\n\t\t\t\t\t\t\t\t\t\t\t\t\t\t\t<img loading=\"lazy\" decoding=\"async\" width=\"605\" height=\"472\" src=\"https:\/\/nederlandsetempeliers.nl\/wp-content\/uploads\/Molay-kruis-3.jpg\" class=\"attachment-full size-full wp-image-3067\" alt=\"Cruz de piedra medieval de forma redonda, tallada en la pared de la iglesia.\" srcset=\"https:\/\/nederlandsetempeliers.nl\/wp-content\/uploads\/Molay-kruis-3.jpg 605w, https:\/\/nederlandsetempeliers.nl\/wp-content\/uploads\/Molay-kruis-3-300x234.jpg 300w\" sizes=\"(max-width: 605px) 100vw, 605px\" \/>\t\t\t\t\t\t\t\t\t\t\t\t\t\t\t<\/div>\n\t\t\t\t<\/div>\n\t\t\t\t<div class=\"elementor-element elementor-element-d01f058 elementor-widget elementor-widget-image\" data-id=\"d01f058\" data-element_type=\"widget\" data-e-type=\"widget\" data-widget_type=\"image.default\">\n\t\t\t\t<div class=\"elementor-widget-container\">\n\t\t\t\t\t\t\t\t\t\t\t\t\t\t\t<img loading=\"lazy\" decoding=\"async\" width=\"605\" height=\"516\" src=\"https:\/\/nederlandsetempeliers.nl\/wp-content\/uploads\/Molay-kruis-4.jpg\" class=\"attachment-full size-full wp-image-3068\" alt=\"Roseta medieval de piedra con trabajo geom\u00e9trico de mimbre en arquitectura eclesi\u00e1stica.\" srcset=\"https:\/\/nederlandsetempeliers.nl\/wp-content\/uploads\/Molay-kruis-4.jpg 605w, https:\/\/nederlandsetempeliers.nl\/wp-content\/uploads\/Molay-kruis-4-300x256.jpg 300w\" sizes=\"(max-width: 605px) 100vw, 605px\" \/>\t\t\t\t\t\t\t\t\t\t\t\t\t\t\t<\/div>\n\t\t\t\t<\/div>\n\t\t\t\t<div class=\"elementor-element elementor-element-e3d1fc7 elementor-widget elementor-widget-image\" data-id=\"e3d1fc7\" data-element_type=\"widget\" data-e-type=\"widget\" data-widget_type=\"image.default\">\n\t\t\t\t<div class=\"elementor-widget-container\">\n\t\t\t\t\t\t\t\t\t\t\t\t\t\t\t<img loading=\"lazy\" decoding=\"async\" width=\"605\" height=\"729\" src=\"https:\/\/nederlandsetempeliers.nl\/wp-content\/uploads\/Molay-kruis-5.jpg\" class=\"attachment-full size-full wp-image-3069\" alt=\"Relieve rom\u00e1nico medieval con simbolismo cristiano, cruz y figura humana en la arquitectura eclesi\u00e1stica.\" srcset=\"https:\/\/nederlandsetempeliers.nl\/wp-content\/uploads\/Molay-kruis-5.jpg 605w, https:\/\/nederlandsetempeliers.nl\/wp-content\/uploads\/Molay-kruis-5-249x300.jpg 249w\" sizes=\"(max-width: 605px) 100vw, 605px\" \/>\t\t\t\t\t\t\t\t\t\t\t\t\t\t\t<\/div>\n\t\t\t\t<\/div>\n\t\t\t\t\t<\/div>\n\t\t\t\t<\/div>\n\t\t\t\t\t<\/div>\n\t\t<\/div>\n\t\t\t\t\t<\/div>\n\t\t<\/section>\n\t\t\t\t<\/div>\n\t\t","protected":false},"excerpt":{"rendered":"<p>Cruz Molay de los Caballeros Templarios Los soldados del templo son de Dios. Cruz Molay LA CRUZ DE LOS TEMPLARIOS. EL OCHO ES CORRECTO. La cruz pateada (del franc\u00e9s croix [&hellip;]<\/p>\n","protected":false},"author":2,"featured_media":0,"parent":3374,"menu_order":0,"comment_status":"closed","ping_status":"closed","template":"","meta":{"footnotes":""},"class_list":["post-3064","page","type-page","status-publish","hentry"],"yoast_head":"<!-- This site is optimized with the Yoast SEO plugin v27.2 - https:\/\/yoast.com\/product\/yoast-seo-wordpress\/ -->\n<title>Cruz Molay - Nederlandse Tempeliers<\/title>\n<meta name=\"robots\" content=\"index, follow, max-snippet:-1, max-image-preview:large, max-video-preview:-1\" \/>\n<link rel=\"canonical\" href=\"https:\/\/nederlandsetempeliers.nl\/es\/huellas-del-pasado\/cruz-molay\/\" \/>\n<meta property=\"og:locale\" content=\"es_ES\" \/>\n<meta property=\"og:type\" content=\"article\" \/>\n<meta property=\"og:title\" content=\"Cruz Molay - Nederlandse Tempeliers\" \/>\n<meta property=\"og:description\" content=\"Cruz Molay de los Caballeros Templarios Los soldados del templo son de Dios. Cruz Molay LA CRUZ DE LOS TEMPLARIOS. EL OCHO ES CORRECTO. La cruz pateada (del franc\u00e9s croix [&hellip;]\" \/>\n<meta property=\"og:url\" content=\"https:\/\/nederlandsetempeliers.nl\/es\/huellas-del-pasado\/cruz-molay\/\" \/>\n<meta property=\"og:site_name\" content=\"Nederlandse Tempeliers\" \/>\n<meta property=\"article:modified_time\" content=\"2026-03-02T13:58:31+00:00\" \/>\n<meta property=\"og:image\" content=\"https:\/\/nederlandsetempeliers.nl\/wp-content\/uploads\/Dutch-order-v2.png\" \/>\n\t<meta property=\"og:image:width\" content=\"687\" \/>\n\t<meta property=\"og:image:height\" content=\"686\" \/>\n\t<meta property=\"og:image:type\" content=\"image\/png\" \/>\n<meta name=\"twitter:card\" content=\"summary_large_image\" \/>\n<meta name=\"twitter:label1\" content=\"Tiempo de lectura\" \/>\n\t<meta name=\"twitter:data1\" content=\"1 minuto\" \/>\n<script type=\"application\/ld+json\" class=\"yoast-schema-graph\">{\"@context\":\"https:\/\/schema.org\",\"@graph\":[{\"@type\":\"WebPage\",\"@id\":\"https:\/\/nederlandsetempeliers.nl\/es\/huellas-del-pasado\/cruz-molay\/\",\"url\":\"https:\/\/nederlandsetempeliers.nl\/es\/huellas-del-pasado\/cruz-molay\/\",\"name\":\"Cruz Molay - Nederlandse Tempeliers\",\"isPartOf\":{\"@id\":\"https:\/\/nederlandsetempeliers.nl\/es\/#website\"},\"primaryImageOfPage\":{\"@id\":\"https:\/\/nederlandsetempeliers.nl\/es\/huellas-del-pasado\/cruz-molay\/#primaryimage\"},\"image\":{\"@id\":\"https:\/\/nederlandsetempeliers.nl\/es\/huellas-del-pasado\/cruz-molay\/#primaryimage\"},\"thumbnailUrl\":\"https:\/\/nederlandsetempeliers.nl\/wp-content\/uploads\/Dutch-order-v2-300x300.png\",\"datePublished\":\"2025-09-17T15:50:59+00:00\",\"dateModified\":\"2026-03-02T13:58:31+00:00\",\"breadcrumb\":{\"@id\":\"https:\/\/nederlandsetempeliers.nl\/es\/huellas-del-pasado\/cruz-molay\/#breadcrumb\"},\"inLanguage\":\"es\",\"potentialAction\":[{\"@type\":\"ReadAction\",\"target\":[\"https:\/\/nederlandsetempeliers.nl\/es\/huellas-del-pasado\/cruz-molay\/\"]}]},{\"@type\":\"ImageObject\",\"inLanguage\":\"es\",\"@id\":\"https:\/\/nederlandsetempeliers.nl\/es\/huellas-del-pasado\/cruz-molay\/#primaryimage\",\"url\":\"https:\/\/nederlandsetempeliers.nl\/wp-content\/uploads\/Dutch-order-v2-300x300.png\",\"contentUrl\":\"https:\/\/nederlandsetempeliers.nl\/wp-content\/uploads\/Dutch-order-v2-300x300.png\"},{\"@type\":\"BreadcrumbList\",\"@id\":\"https:\/\/nederlandsetempeliers.nl\/es\/huellas-del-pasado\/cruz-molay\/#breadcrumb\",\"itemListElement\":[{\"@type\":\"ListItem\",\"position\":1,\"name\":\"Home\",\"item\":\"https:\/\/nederlandsetempeliers.nl\/es\/\"},{\"@type\":\"ListItem\",\"position\":2,\"name\":\"Huellas del pasado\",\"item\":\"https:\/\/nederlandsetempeliers.nl\/es\/sporen-uit-het-verleden\/\"},{\"@type\":\"ListItem\",\"position\":3,\"name\":\"Cruz Molay\"}]},{\"@type\":\"WebSite\",\"@id\":\"https:\/\/nederlandsetempeliers.nl\/es\/#website\",\"url\":\"https:\/\/nederlandsetempeliers.nl\/es\/\",\"name\":\"Nederlandse Tempeliers\",\"description\":\"The Black Knights Templars of Solomon\",\"publisher\":{\"@id\":\"https:\/\/nederlandsetempeliers.nl\/es\/#organization\"},\"potentialAction\":[{\"@type\":\"SearchAction\",\"target\":{\"@type\":\"EntryPoint\",\"urlTemplate\":\"https:\/\/nederlandsetempeliers.nl\/es\/?s={search_term_string}\"},\"query-input\":{\"@type\":\"PropertyValueSpecification\",\"valueRequired\":true,\"valueName\":\"search_term_string\"}}],\"inLanguage\":\"es\"},{\"@type\":\"Organization\",\"@id\":\"https:\/\/nederlandsetempeliers.nl\/es\/#organization\",\"name\":\"Nederlandse Tempeliers\",\"url\":\"https:\/\/nederlandsetempeliers.nl\/es\/\",\"logo\":{\"@type\":\"ImageObject\",\"inLanguage\":\"es\",\"@id\":\"https:\/\/nederlandsetempeliers.nl\/es\/#\/schema\/logo\/image\/\",\"url\":\"https:\/\/nederlandsetempeliers.nl\/wp-content\/uploads\/Dutch-order-v2.png\",\"contentUrl\":\"https:\/\/nederlandsetempeliers.nl\/wp-content\/uploads\/Dutch-order-v2.png\",\"width\":687,\"height\":686,\"caption\":\"Nederlandse Tempeliers\"},\"image\":{\"@id\":\"https:\/\/nederlandsetempeliers.nl\/es\/#\/schema\/logo\/image\/\"}}]}<\/script>\n<!-- \/ Yoast SEO plugin. -->","yoast_head_json":{"title":"Cruz Molay - Nederlandse Tempeliers","robots":{"index":"index","follow":"follow","max-snippet":"max-snippet:-1","max-image-preview":"max-image-preview:large","max-video-preview":"max-video-preview:-1"},"canonical":"https:\/\/nederlandsetempeliers.nl\/es\/huellas-del-pasado\/cruz-molay\/","og_locale":"es_ES","og_type":"article","og_title":"Cruz Molay - Nederlandse Tempeliers","og_description":"Cruz Molay de los Caballeros Templarios Los soldados del templo son de Dios. Cruz Molay LA CRUZ DE LOS TEMPLARIOS. EL OCHO ES CORRECTO. La cruz pateada (del franc\u00e9s croix [&hellip;]","og_url":"https:\/\/nederlandsetempeliers.nl\/es\/huellas-del-pasado\/cruz-molay\/","og_site_name":"Nederlandse Tempeliers","article_modified_time":"2026-03-02T13:58:31+00:00","og_image":[{"width":687,"height":686,"url":"https:\/\/nederlandsetempeliers.nl\/wp-content\/uploads\/Dutch-order-v2.png","type":"image\/png"}],"twitter_card":"summary_large_image","twitter_misc":{"Tiempo de lectura":"1 minuto"},"schema":{"@context":"https:\/\/schema.org","@graph":[{"@type":"WebPage","@id":"https:\/\/nederlandsetempeliers.nl\/es\/huellas-del-pasado\/cruz-molay\/","url":"https:\/\/nederlandsetempeliers.nl\/es\/huellas-del-pasado\/cruz-molay\/","name":"Cruz Molay - Nederlandse Tempeliers","isPartOf":{"@id":"https:\/\/nederlandsetempeliers.nl\/es\/#website"},"primaryImageOfPage":{"@id":"https:\/\/nederlandsetempeliers.nl\/es\/huellas-del-pasado\/cruz-molay\/#primaryimage"},"image":{"@id":"https:\/\/nederlandsetempeliers.nl\/es\/huellas-del-pasado\/cruz-molay\/#primaryimage"},"thumbnailUrl":"https:\/\/nederlandsetempeliers.nl\/wp-content\/uploads\/Dutch-order-v2-300x300.png","datePublished":"2025-09-17T15:50:59+00:00","dateModified":"2026-03-02T13:58:31+00:00","breadcrumb":{"@id":"https:\/\/nederlandsetempeliers.nl\/es\/huellas-del-pasado\/cruz-molay\/#breadcrumb"},"inLanguage":"es","potentialAction":[{"@type":"ReadAction","target":["https:\/\/nederlandsetempeliers.nl\/es\/huellas-del-pasado\/cruz-molay\/"]}]},{"@type":"ImageObject","inLanguage":"es","@id":"https:\/\/nederlandsetempeliers.nl\/es\/huellas-del-pasado\/cruz-molay\/#primaryimage","url":"https:\/\/nederlandsetempeliers.nl\/wp-content\/uploads\/Dutch-order-v2-300x300.png","contentUrl":"https:\/\/nederlandsetempeliers.nl\/wp-content\/uploads\/Dutch-order-v2-300x300.png"},{"@type":"BreadcrumbList","@id":"https:\/\/nederlandsetempeliers.nl\/es\/huellas-del-pasado\/cruz-molay\/#breadcrumb","itemListElement":[{"@type":"ListItem","position":1,"name":"Home","item":"https:\/\/nederlandsetempeliers.nl\/es\/"},{"@type":"ListItem","position":2,"name":"Huellas del pasado","item":"https:\/\/nederlandsetempeliers.nl\/es\/sporen-uit-het-verleden\/"},{"@type":"ListItem","position":3,"name":"Cruz Molay"}]},{"@type":"WebSite","@id":"https:\/\/nederlandsetempeliers.nl\/es\/#website","url":"https:\/\/nederlandsetempeliers.nl\/es\/","name":"Nederlandse Tempeliers","description":"The Black Knights Templars of Solomon","publisher":{"@id":"https:\/\/nederlandsetempeliers.nl\/es\/#organization"},"potentialAction":[{"@type":"SearchAction","target":{"@type":"EntryPoint","urlTemplate":"https:\/\/nederlandsetempeliers.nl\/es\/?s={search_term_string}"},"query-input":{"@type":"PropertyValueSpecification","valueRequired":true,"valueName":"search_term_string"}}],"inLanguage":"es"},{"@type":"Organization","@id":"https:\/\/nederlandsetempeliers.nl\/es\/#organization","name":"Nederlandse Tempeliers","url":"https:\/\/nederlandsetempeliers.nl\/es\/","logo":{"@type":"ImageObject","inLanguage":"es","@id":"https:\/\/nederlandsetempeliers.nl\/es\/#\/schema\/logo\/image\/","url":"https:\/\/nederlandsetempeliers.nl\/wp-content\/uploads\/Dutch-order-v2.png","contentUrl":"https:\/\/nederlandsetempeliers.nl\/wp-content\/uploads\/Dutch-order-v2.png","width":687,"height":686,"caption":"Nederlandse Tempeliers"},"image":{"@id":"https:\/\/nederlandsetempeliers.nl\/es\/#\/schema\/logo\/image\/"}}]}},"_links":{"self":[{"href":"https:\/\/nederlandsetempeliers.nl\/es\/wp-json\/wp\/v2\/pages\/3064","targetHints":{"allow":["GET"]}}],"collection":[{"href":"https:\/\/nederlandsetempeliers.nl\/es\/wp-json\/wp\/v2\/pages"}],"about":[{"href":"https:\/\/nederlandsetempeliers.nl\/es\/wp-json\/wp\/v2\/types\/page"}],"author":[{"embeddable":true,"href":"https:\/\/nederlandsetempeliers.nl\/es\/wp-json\/wp\/v2\/users\/2"}],"replies":[{"embeddable":true,"href":"https:\/\/nederlandsetempeliers.nl\/es\/wp-json\/wp\/v2\/comments?post=3064"}],"version-history":[{"count":1,"href":"https:\/\/nederlandsetempeliers.nl\/es\/wp-json\/wp\/v2\/pages\/3064\/revisions"}],"predecessor-version":[{"id":3076,"href":"https:\/\/nederlandsetempeliers.nl\/es\/wp-json\/wp\/v2\/pages\/3064\/revisions\/3076"}],"up":[{"embeddable":true,"href":"https:\/\/nederlandsetempeliers.nl\/es\/wp-json\/wp\/v2\/pages\/3374"}],"wp:attachment":[{"href":"https:\/\/nederlandsetempeliers.nl\/es\/wp-json\/wp\/v2\/media?parent=3064"}],"curies":[{"name":"wp","href":"https:\/\/api.w.org\/{rel}","templated":true}]}}