{"id":3584,"date":"2025-04-04T18:47:33","date_gmt":"2025-04-04T16:47:33","guid":{"rendered":"https:\/\/nederlandsetempeliers.nl\/hugues-de-payens\/"},"modified":"2026-03-02T15:00:20","modified_gmt":"2026-03-02T14:00:20","slug":"hugues-de-payens","status":"publish","type":"page","link":"https:\/\/nederlandsetempeliers.nl\/es\/historia\/hugues-de-payens\/","title":{"rendered":"Hugues de Payens"},"content":{"rendered":"\t\t<div data-elementor-type=\"wp-page\" data-elementor-id=\"3584\" class=\"elementor elementor-3584 elementor-270\" data-elementor-post-type=\"page\">\n\t\t\t\t\t\t<section class=\"elementor-section elementor-top-section elementor-element elementor-element-15d01553 elementor-section-height-min-height elementor-section-boxed elementor-section-height-default elementor-section-items-middle\" data-id=\"15d01553\" data-element_type=\"section\" data-e-type=\"section\" data-settings=\"{&quot;background_background&quot;:&quot;classic&quot;}\">\n\t\t\t\t\t\t<div class=\"elementor-container elementor-column-gap-default\">\n\t\t\t\t\t<div class=\"elementor-column elementor-col-100 elementor-top-column elementor-element elementor-element-58e55752\" data-id=\"58e55752\" data-element_type=\"column\" data-e-type=\"column\">\n\t\t\t<div class=\"elementor-widget-wrap elementor-element-populated\">\n\t\t\t\t\t\t<div class=\"elementor-element elementor-element-6abf3c87 elementor-widget elementor-widget-heading\" data-id=\"6abf3c87\" data-element_type=\"widget\" data-e-type=\"widget\" data-widget_type=\"heading.default\">\n\t\t\t\t<div class=\"elementor-widget-container\">\n\t\t\t\t\t<h2 class=\"elementor-heading-title elementor-size-default\">Hugues de Payens<\/h2>\t\t\t\t<\/div>\n\t\t\t\t<\/div>\n\t\t\t\t<div class=\"elementor-element elementor-element-d3fcb45 elementor-widget elementor-widget-text-editor\" data-id=\"d3fcb45\" data-element_type=\"widget\" data-e-type=\"widget\" data-widget_type=\"text-editor.default\">\n\t\t\t\t<div class=\"elementor-widget-container\">\n\t\t\t\t\t\t\t\t\t<p>Los soldados del templo son <b>de Dios.<\/b><\/p>\t\t\t\t\t\t\t\t<\/div>\n\t\t\t\t<\/div>\n\t\t\t\t<div class=\"elementor-element elementor-element-7c91653d elementor-widget elementor-widget-image\" data-id=\"7c91653d\" data-element_type=\"widget\" data-e-type=\"widget\" data-widget_type=\"image.default\">\n\t\t\t\t<div class=\"elementor-widget-container\">\n\t\t\t\t\t\t\t\t\t\t\t\t\t\t\t<img fetchpriority=\"high\" decoding=\"async\" width=\"300\" height=\"300\" src=\"https:\/\/nederlandsetempeliers.nl\/wp-content\/uploads\/Dutch-order-v2-300x300.png\" class=\"attachment-medium size-medium wp-image-3071\" alt=\"Cena de Seder medieval con s\u00edmbolos de P\u00e9saj, flanqueada por dos Caballeros Templarios como guardianes\" srcset=\"https:\/\/nederlandsetempeliers.nl\/wp-content\/uploads\/Dutch-order-v2-300x300.png 300w, https:\/\/nederlandsetempeliers.nl\/wp-content\/uploads\/Dutch-order-v2-150x150.png 150w, https:\/\/nederlandsetempeliers.nl\/wp-content\/uploads\/Dutch-order-v2.png 687w\" sizes=\"(max-width: 300px) 100vw, 300px\" \/>\t\t\t\t\t\t\t\t\t\t\t\t\t\t\t<\/div>\n\t\t\t\t<\/div>\n\t\t\t\t\t<\/div>\n\t\t<\/div>\n\t\t\t\t\t<\/div>\n\t\t<\/section>\n\t\t\t\t<section class=\"elementor-section elementor-top-section elementor-element elementor-element-42ca1ab9 elementor-section-boxed elementor-section-height-default elementor-section-height-default\" data-id=\"42ca1ab9\" data-element_type=\"section\" data-e-type=\"section\" data-settings=\"{&quot;background_background&quot;:&quot;classic&quot;,&quot;shape_divider_bottom&quot;:&quot;triangle&quot;,&quot;shape_divider_bottom_negative&quot;:&quot;yes&quot;}\">\n\t\t\t\t\t<div class=\"elementor-shape elementor-shape-bottom\" aria-hidden=\"true\" data-negative=\"true\">\n\t\t\t<svg xmlns=\"http:\/\/www.w3.org\/2000\/svg\" viewBox=\"0 0 1000 100\" preserveAspectRatio=\"none\">\n\t<path class=\"elementor-shape-fill\" d=\"M500.2,94.7L0,0v100h1000V0L500.2,94.7z\"\/>\n<\/svg>\t\t<\/div>\n\t\t\t\t\t<div class=\"elementor-container elementor-column-gap-default\">\n\t\t\t\t\t<div class=\"elementor-column elementor-col-100 elementor-top-column elementor-element elementor-element-6fdd9930\" data-id=\"6fdd9930\" data-element_type=\"column\" data-e-type=\"column\">\n\t\t\t<div class=\"elementor-widget-wrap elementor-element-populated\">\n\t\t\t\t\t\t<div class=\"elementor-element elementor-element-74428500 elementor-widget__width-auto elementor-view-default elementor-widget elementor-widget-icon\" data-id=\"74428500\" data-element_type=\"widget\" data-e-type=\"widget\" data-widget_type=\"icon.default\">\n\t\t\t\t<div class=\"elementor-widget-container\">\n\t\t\t\t\t\t\t<div class=\"elementor-icon-wrapper\">\n\t\t\t<div class=\"elementor-icon\">\n\t\t\t<i aria-hidden=\"true\" class=\"fas fa-grip-lines\"><\/i>\t\t\t<\/div>\n\t\t<\/div>\n\t\t\t\t\t\t<\/div>\n\t\t\t\t<\/div>\n\t\t\t\t<div class=\"elementor-element elementor-element-3669834f elementor-widget__width-auto elementor-widget elementor-widget-heading\" data-id=\"3669834f\" data-element_type=\"widget\" data-e-type=\"widget\" data-widget_type=\"heading.default\">\n\t\t\t\t<div class=\"elementor-widget-container\">\n\t\t\t\t\t<h2 class=\"elementor-heading-title elementor-size-default\">1074 - 1136<\/h2>\t\t\t\t<\/div>\n\t\t\t\t<\/div>\n\t\t\t\t<div class=\"elementor-element elementor-element-413bac10 elementor-widget__width-auto elementor-view-default elementor-widget elementor-widget-icon\" data-id=\"413bac10\" data-element_type=\"widget\" data-e-type=\"widget\" data-widget_type=\"icon.default\">\n\t\t\t\t<div class=\"elementor-widget-container\">\n\t\t\t\t\t\t\t<div class=\"elementor-icon-wrapper\">\n\t\t\t<div class=\"elementor-icon\">\n\t\t\t<i aria-hidden=\"true\" class=\"fas fa-grip-lines\"><\/i>\t\t\t<\/div>\n\t\t<\/div>\n\t\t\t\t\t\t<\/div>\n\t\t\t\t<\/div>\n\t\t\t\t\t<\/div>\n\t\t<\/div>\n\t\t\t\t\t<\/div>\n\t\t<\/section>\n\t\t<div class=\"elementor-element elementor-element-93d214f e-flex e-con-boxed e-con e-parent\" data-id=\"93d214f\" data-element_type=\"container\" data-e-type=\"container\">\n\t\t\t\t\t<div class=\"e-con-inner\">\n\t\t<div class=\"elementor-element elementor-element-253e3be e-con-full e-flex e-con e-child\" data-id=\"253e3be\" data-element_type=\"container\" data-e-type=\"container\">\n\t\t\t\t<div class=\"elementor-element elementor-element-aaf1e39 elementor-widget elementor-widget-image\" data-id=\"aaf1e39\" data-element_type=\"widget\" data-e-type=\"widget\" data-widget_type=\"image.default\">\n\t\t\t\t<div class=\"elementor-widget-container\">\n\t\t\t\t\t\t\t\t\t\t\t\t\t\t\t<img decoding=\"async\" width=\"800\" height=\"800\" src=\"https:\/\/nederlandsetempeliers.nl\/wp-content\/uploads\/Hugo-De-Payens.jpg\" class=\"attachment-large size-large wp-image-3588\" alt=\"\" srcset=\"https:\/\/nederlandsetempeliers.nl\/wp-content\/uploads\/Hugo-De-Payens.jpg 800w, https:\/\/nederlandsetempeliers.nl\/wp-content\/uploads\/Hugo-De-Payens-300x300.jpg 300w, https:\/\/nederlandsetempeliers.nl\/wp-content\/uploads\/Hugo-De-Payens-150x150.jpg 150w, https:\/\/nederlandsetempeliers.nl\/wp-content\/uploads\/Hugo-De-Payens-768x768.jpg 768w\" sizes=\"(max-width: 800px) 100vw, 800px\" \/>\t\t\t\t\t\t\t\t\t\t\t\t\t\t\t<\/div>\n\t\t\t\t<\/div>\n\t\t\t\t<\/div>\n\t\t<div class=\"elementor-element elementor-element-79ba424 e-con-full e-flex e-con e-child\" data-id=\"79ba424\" data-element_type=\"container\" data-e-type=\"container\">\n\t\t\t\t<div class=\"elementor-element elementor-element-d65c7ca elementor-widget elementor-widget-heading\" data-id=\"d65c7ca\" data-element_type=\"widget\" data-e-type=\"widget\" data-widget_type=\"heading.default\">\n\t\t\t\t<div class=\"elementor-widget-container\">\n\t\t\t\t\t<h2 class=\"elementor-heading-title elementor-size-default\">Hugues de Payens<\/h2>\t\t\t\t<\/div>\n\t\t\t\t<\/div>\n\t\t\t\t<div class=\"elementor-element elementor-element-50203ac elementor-widget elementor-widget-text-editor\" data-id=\"50203ac\" data-element_type=\"widget\" data-e-type=\"widget\" data-widget_type=\"text-editor.default\">\n\t\t\t\t<div class=\"elementor-widget-container\">\n\t\t\t\t\t\t\t\t\t<p>Hugues de Payns estaba emparentado con el conde Hugues de Champagne. Junto a su amigo com\u00fan Bernard de Fontaine, los Caballeros Templarios se hicieron conocidos. Sorprendentemente, provienen de la misma regi\u00f3n; El champ\u00e1n es originario. Un lugar elevado del cristianismo.   <\/p><p>Naci\u00f3 el 9 de febrero de 1074 en la peque\u00f1a aldea de Payns, a diez kil\u00f3metros al norte de Troyes, bajo el nombre de Hugo de Pedano, Montiniaci dominus (Montigny-l\u00e8s-Lagesse). Hugues es vasallo de Hugo de Champagne; luego testigo de sus haza\u00f1as, en beneficio de la abad\u00eda de Monti\u00e9ramey. <\/p>\t\t\t\t\t\t\t\t<\/div>\n\t\t\t\t<\/div>\n\t\t\t\t<\/div>\n\t\t\t\t\t<\/div>\n\t\t\t\t<\/div>\n\t\t<div class=\"elementor-element elementor-element-c7785a5 e-flex e-con-boxed e-con e-parent\" data-id=\"c7785a5\" data-element_type=\"container\" data-e-type=\"container\">\n\t\t\t\t\t<div class=\"e-con-inner\">\n\t\t<div class=\"elementor-element elementor-element-1f33cbc e-con-full e-flex e-con e-child\" data-id=\"1f33cbc\" data-element_type=\"container\" data-e-type=\"container\">\n\t\t\t\t<div class=\"elementor-element elementor-element-aad6537 elementor-widget elementor-widget-text-editor\" data-id=\"aad6537\" data-element_type=\"widget\" data-e-type=\"widget\" data-widget_type=\"text-editor.default\">\n\t\t\t\t<div class=\"elementor-widget-container\">\n\t\t\t\t\t\t\t\t\t<p>Hugues de Payns realiz\u00f3 al menos dos viajes al este tras la Primera Cruzada, en 1104 &#8211; 1105 y en 1114 &#8211; 1115, ambas en compa\u00f1\u00eda del conde Hugues de Champagne.<\/p><p>En 1108, se cas\u00f3 con una joven noble del sur de Champa\u00f1a, Elisabeth de Chappes. Tuvieron cuatro hijos. <\/p><p>En 1113, Hugues de Payns aparece por \u00faltima vez en una carta de Monti\u00e9ramey con el t\u00edtulo de Se\u00f1or de Payns. Abandon\u00f3 Champa\u00f1a para siempre con el conde Hugues en 1114 y se dedic\u00f3 ahora a la organizaci\u00f3n de la incipiente milicia de los \u00abPobres Caballeros de Cristo\u00bb. Los primeros disc\u00edpulos de Hugh de Payns prestaron juramento al patriarca Garimundo de Jerusal\u00e9n, tomaron en sus manos el triple voto de castidad, pobreza y obediencia, y vivieron bajo la regla de los can\u00f3nigos regulares.  <\/p>\t\t\t\t\t\t\t\t<\/div>\n\t\t\t\t<\/div>\n\t\t\t\t<\/div>\n\t\t<div class=\"elementor-element elementor-element-5dd76df e-con-full e-flex e-con e-child\" data-id=\"5dd76df\" data-element_type=\"container\" data-e-type=\"container\">\n\t\t\t\t<div class=\"elementor-element elementor-element-931610c elementor-widget elementor-widget-image\" data-id=\"931610c\" data-element_type=\"widget\" data-e-type=\"widget\" data-widget_type=\"image.default\">\n\t\t\t\t<div class=\"elementor-widget-container\">\n\t\t\t\t\t\t\t\t\t\t\t\t\t\t\t<img decoding=\"async\" width=\"225\" height=\"300\" src=\"https:\/\/nederlandsetempeliers.nl\/wp-content\/uploads\/3.-Hugo-de-Payens-1-225x300.jpg\" class=\"attachment-medium size-medium wp-image-3585\" alt=\"\" srcset=\"https:\/\/nederlandsetempeliers.nl\/wp-content\/uploads\/3.-Hugo-de-Payens-1-225x300.jpg 225w, https:\/\/nederlandsetempeliers.nl\/wp-content\/uploads\/3.-Hugo-de-Payens-1.jpg 600w\" sizes=\"(max-width: 225px) 100vw, 225px\" \/>\t\t\t\t\t\t\t\t\t\t\t\t\t\t\t<\/div>\n\t\t\t\t<\/div>\n\t\t\t\t<\/div>\n\t\t\t\t\t<\/div>\n\t\t\t\t<\/div>\n\t\t<div class=\"elementor-element elementor-element-296a078 e-flex e-con-boxed e-con e-parent\" data-id=\"296a078\" data-element_type=\"container\" data-e-type=\"container\">\n\t\t\t\t\t<div class=\"e-con-inner\">\n\t\t<div class=\"elementor-element elementor-element-27464d3 e-con-full e-flex e-con e-child\" data-id=\"27464d3\" data-element_type=\"container\" data-e-type=\"container\">\n\t\t\t\t<div class=\"elementor-element elementor-element-19531a2 elementor-widget elementor-widget-image\" data-id=\"19531a2\" data-element_type=\"widget\" data-e-type=\"widget\" data-widget_type=\"image.default\">\n\t\t\t\t<div class=\"elementor-widget-container\">\n\t\t\t\t\t\t\t\t\t\t\t\t\t\t\t<img loading=\"lazy\" decoding=\"async\" width=\"605\" height=\"227\" src=\"https:\/\/nederlandsetempeliers.nl\/wp-content\/uploads\/3.-Hugo-de-Payens-2.jpg\" class=\"attachment-medium_large size-medium_large wp-image-3586\" alt=\"\" srcset=\"https:\/\/nederlandsetempeliers.nl\/wp-content\/uploads\/3.-Hugo-de-Payens-2.jpg 605w, https:\/\/nederlandsetempeliers.nl\/wp-content\/uploads\/3.-Hugo-de-Payens-2-300x113.jpg 300w\" sizes=\"(max-width: 605px) 100vw, 605px\" \/>\t\t\t\t\t\t\t\t\t\t\t\t\t\t\t<\/div>\n\t\t\t\t<\/div>\n\t\t\t\t<\/div>\n\t\t<div class=\"elementor-element elementor-element-1278e65 e-con-full e-flex e-con e-child\" data-id=\"1278e65\" data-element_type=\"container\" data-e-type=\"container\">\n\t\t\t\t<div class=\"elementor-element elementor-element-928b253 elementor-widget elementor-widget-text-editor\" data-id=\"928b253\" data-element_type=\"widget\" data-e-type=\"widget\" data-widget_type=\"text-editor.default\">\n\t\t\t\t<div class=\"elementor-widget-container\">\n\t\t\t\t\t\t\t\t\t<p>Muri\u00f3 en Palestina el 24 de mayo de 1136<\/p><p>Despu\u00e9s de Jaques Molay, el Gran Maestre con m\u00e1s a\u00f1os de servicio durante 18 a\u00f1os<\/p><p>(\u00a1Jaques Molay 21 a\u00f1os!)<\/p>\t\t\t\t\t\t\t\t<\/div>\n\t\t\t\t<\/div>\n\t\t\t\t<\/div>\n\t\t\t\t\t<\/div>\n\t\t\t\t<\/div>\n\t\t<div class=\"elementor-element elementor-element-cfcb362 e-flex e-con-boxed e-con e-parent\" data-id=\"cfcb362\" data-element_type=\"container\" data-e-type=\"container\">\n\t\t\t\t\t<div class=\"e-con-inner\">\n\t\t<div class=\"elementor-element elementor-element-c9f1f1e e-con-full e-flex e-con e-child\" data-id=\"c9f1f1e\" data-element_type=\"container\" data-e-type=\"container\">\n\t\t\t\t<div class=\"elementor-element elementor-element-353f966 elementor-widget elementor-widget-image\" data-id=\"353f966\" data-element_type=\"widget\" data-e-type=\"widget\" data-widget_type=\"image.default\">\n\t\t\t\t<div class=\"elementor-widget-container\">\n\t\t\t\t\t\t\t\t\t\t\t\t\t\t\t<img loading=\"lazy\" decoding=\"async\" width=\"383\" height=\"235\" src=\"https:\/\/nederlandsetempeliers.nl\/wp-content\/uploads\/3.-Hugo-de-Payens-3.jpg\" class=\"attachment-medium_large size-medium_large wp-image-3587\" alt=\"\" srcset=\"https:\/\/nederlandsetempeliers.nl\/wp-content\/uploads\/3.-Hugo-de-Payens-3.jpg 383w, https:\/\/nederlandsetempeliers.nl\/wp-content\/uploads\/3.-Hugo-de-Payens-3-300x184.jpg 300w\" sizes=\"(max-width: 383px) 100vw, 383px\" \/>\t\t\t\t\t\t\t\t\t\t\t\t\t\t\t<\/div>\n\t\t\t\t<\/div>\n\t\t\t\t<\/div>\n\t\t<div class=\"elementor-element elementor-element-174d69d e-con-full e-flex e-con e-child\" data-id=\"174d69d\" data-element_type=\"container\" data-e-type=\"container\">\n\t\t\t\t<div class=\"elementor-element elementor-element-156c026 elementor-widget elementor-widget-text-editor\" data-id=\"156c026\" data-element_type=\"widget\" data-e-type=\"widget\" data-widget_type=\"text-editor.default\">\n\t\t\t\t<div class=\"elementor-widget-container\">\n\t\t\t\t\t\t\t\t\t<p>Un modesto museo sobre Hugues de Payns puede visitarse en:<\/p><p>Mus\u00e9e des Templiers Hugues de Payns<\/p><p>10 Voie Riot<\/p><p>10600 PAYNS<\/p>\t\t\t\t\t\t\t\t<\/div>\n\t\t\t\t<\/div>\n\t\t\t\t<\/div>\n\t\t\t\t\t<\/div>\n\t\t\t\t<\/div>\n\t\t\t\t<\/div>\n\t\t","protected":false},"excerpt":{"rendered":"<p>Hugues de Payens Los soldados del templo son de Dios. 1074 &#8211; 1136 Hugues de Payens Hugues de Payns estaba emparentado con el conde Hugues de Champagne. Junto a su [&hellip;]<\/p>\n","protected":false},"author":2,"featured_media":0,"parent":3611,"menu_order":0,"comment_status":"closed","ping_status":"closed","template":"","meta":{"footnotes":""},"class_list":["post-3584","page","type-page","status-publish","hentry"],"yoast_head":"<!-- This site is optimized with the Yoast SEO plugin v27.2 - https:\/\/yoast.com\/product\/yoast-seo-wordpress\/ -->\n<title>Hugues de Payens - Nederlandse Tempeliers<\/title>\n<meta name=\"robots\" content=\"index, follow, max-snippet:-1, max-image-preview:large, max-video-preview:-1\" \/>\n<link rel=\"canonical\" href=\"https:\/\/nederlandsetempeliers.nl\/es\/historia\/hugues-de-payens\/\" \/>\n<meta property=\"og:locale\" content=\"es_ES\" \/>\n<meta property=\"og:type\" content=\"article\" \/>\n<meta property=\"og:title\" content=\"Hugues de Payens - Nederlandse Tempeliers\" \/>\n<meta property=\"og:description\" content=\"Hugues de Payens Los soldados del templo son de Dios. 1074 &#8211; 1136 Hugues de Payens Hugues de Payns estaba emparentado con el conde Hugues de Champagne. Junto a su [&hellip;]\" \/>\n<meta property=\"og:url\" content=\"https:\/\/nederlandsetempeliers.nl\/es\/historia\/hugues-de-payens\/\" \/>\n<meta property=\"og:site_name\" content=\"Nederlandse Tempeliers\" \/>\n<meta property=\"article:modified_time\" content=\"2026-03-02T14:00:20+00:00\" \/>\n<meta property=\"og:image\" content=\"https:\/\/nederlandsetempeliers.nl\/wp-content\/uploads\/Dutch-order-v2.png\" \/>\n\t<meta property=\"og:image:width\" content=\"687\" \/>\n\t<meta property=\"og:image:height\" content=\"686\" \/>\n\t<meta property=\"og:image:type\" content=\"image\/png\" \/>\n<meta name=\"twitter:card\" content=\"summary_large_image\" \/>\n<meta name=\"twitter:label1\" content=\"Tiempo de lectura\" \/>\n\t<meta name=\"twitter:data1\" content=\"1 minuto\" \/>\n<script type=\"application\/ld+json\" class=\"yoast-schema-graph\">{\"@context\":\"https:\/\/schema.org\",\"@graph\":[{\"@type\":\"WebPage\",\"@id\":\"https:\/\/nederlandsetempeliers.nl\/es\/historia\/hugues-de-payens\/\",\"url\":\"https:\/\/nederlandsetempeliers.nl\/es\/historia\/hugues-de-payens\/\",\"name\":\"Hugues de Payens - Nederlandse Tempeliers\",\"isPartOf\":{\"@id\":\"https:\/\/nederlandsetempeliers.nl\/es\/#website\"},\"primaryImageOfPage\":{\"@id\":\"https:\/\/nederlandsetempeliers.nl\/es\/historia\/hugues-de-payens\/#primaryimage\"},\"image\":{\"@id\":\"https:\/\/nederlandsetempeliers.nl\/es\/historia\/hugues-de-payens\/#primaryimage\"},\"thumbnailUrl\":\"https:\/\/nederlandsetempeliers.nl\/wp-content\/uploads\/Dutch-order-v2-300x300.png\",\"datePublished\":\"2025-04-04T16:47:33+00:00\",\"dateModified\":\"2026-03-02T14:00:20+00:00\",\"breadcrumb\":{\"@id\":\"https:\/\/nederlandsetempeliers.nl\/es\/historia\/hugues-de-payens\/#breadcrumb\"},\"inLanguage\":\"es\",\"potentialAction\":[{\"@type\":\"ReadAction\",\"target\":[\"https:\/\/nederlandsetempeliers.nl\/es\/historia\/hugues-de-payens\/\"]}]},{\"@type\":\"ImageObject\",\"inLanguage\":\"es\",\"@id\":\"https:\/\/nederlandsetempeliers.nl\/es\/historia\/hugues-de-payens\/#primaryimage\",\"url\":\"https:\/\/nederlandsetempeliers.nl\/wp-content\/uploads\/Dutch-order-v2-300x300.png\",\"contentUrl\":\"https:\/\/nederlandsetempeliers.nl\/wp-content\/uploads\/Dutch-order-v2-300x300.png\"},{\"@type\":\"BreadcrumbList\",\"@id\":\"https:\/\/nederlandsetempeliers.nl\/es\/historia\/hugues-de-payens\/#breadcrumb\",\"itemListElement\":[{\"@type\":\"ListItem\",\"position\":1,\"name\":\"Home\",\"item\":\"https:\/\/nederlandsetempeliers.nl\/es\/\"},{\"@type\":\"ListItem\",\"position\":2,\"name\":\"Historia\",\"item\":\"https:\/\/nederlandsetempeliers.nl\/es\/historia\/\"},{\"@type\":\"ListItem\",\"position\":3,\"name\":\"Hugues de Payens\"}]},{\"@type\":\"WebSite\",\"@id\":\"https:\/\/nederlandsetempeliers.nl\/es\/#website\",\"url\":\"https:\/\/nederlandsetempeliers.nl\/es\/\",\"name\":\"Nederlandse Tempeliers\",\"description\":\"The Black Knights Templars of Solomon\",\"publisher\":{\"@id\":\"https:\/\/nederlandsetempeliers.nl\/es\/#organization\"},\"potentialAction\":[{\"@type\":\"SearchAction\",\"target\":{\"@type\":\"EntryPoint\",\"urlTemplate\":\"https:\/\/nederlandsetempeliers.nl\/es\/?s={search_term_string}\"},\"query-input\":{\"@type\":\"PropertyValueSpecification\",\"valueRequired\":true,\"valueName\":\"search_term_string\"}}],\"inLanguage\":\"es\"},{\"@type\":\"Organization\",\"@id\":\"https:\/\/nederlandsetempeliers.nl\/es\/#organization\",\"name\":\"Nederlandse Tempeliers\",\"url\":\"https:\/\/nederlandsetempeliers.nl\/es\/\",\"logo\":{\"@type\":\"ImageObject\",\"inLanguage\":\"es\",\"@id\":\"https:\/\/nederlandsetempeliers.nl\/es\/#\/schema\/logo\/image\/\",\"url\":\"https:\/\/nederlandsetempeliers.nl\/wp-content\/uploads\/Dutch-order-v2.png\",\"contentUrl\":\"https:\/\/nederlandsetempeliers.nl\/wp-content\/uploads\/Dutch-order-v2.png\",\"width\":687,\"height\":686,\"caption\":\"Nederlandse Tempeliers\"},\"image\":{\"@id\":\"https:\/\/nederlandsetempeliers.nl\/es\/#\/schema\/logo\/image\/\"}}]}<\/script>\n<!-- \/ Yoast SEO plugin. -->","yoast_head_json":{"title":"Hugues de Payens - Nederlandse Tempeliers","robots":{"index":"index","follow":"follow","max-snippet":"max-snippet:-1","max-image-preview":"max-image-preview:large","max-video-preview":"max-video-preview:-1"},"canonical":"https:\/\/nederlandsetempeliers.nl\/es\/historia\/hugues-de-payens\/","og_locale":"es_ES","og_type":"article","og_title":"Hugues de Payens - Nederlandse Tempeliers","og_description":"Hugues de Payens Los soldados del templo son de Dios. 1074 &#8211; 1136 Hugues de Payens Hugues de Payns estaba emparentado con el conde Hugues de Champagne. Junto a su [&hellip;]","og_url":"https:\/\/nederlandsetempeliers.nl\/es\/historia\/hugues-de-payens\/","og_site_name":"Nederlandse Tempeliers","article_modified_time":"2026-03-02T14:00:20+00:00","og_image":[{"width":687,"height":686,"url":"https:\/\/nederlandsetempeliers.nl\/wp-content\/uploads\/Dutch-order-v2.png","type":"image\/png"}],"twitter_card":"summary_large_image","twitter_misc":{"Tiempo de lectura":"1 minuto"},"schema":{"@context":"https:\/\/schema.org","@graph":[{"@type":"WebPage","@id":"https:\/\/nederlandsetempeliers.nl\/es\/historia\/hugues-de-payens\/","url":"https:\/\/nederlandsetempeliers.nl\/es\/historia\/hugues-de-payens\/","name":"Hugues de Payens - Nederlandse Tempeliers","isPartOf":{"@id":"https:\/\/nederlandsetempeliers.nl\/es\/#website"},"primaryImageOfPage":{"@id":"https:\/\/nederlandsetempeliers.nl\/es\/historia\/hugues-de-payens\/#primaryimage"},"image":{"@id":"https:\/\/nederlandsetempeliers.nl\/es\/historia\/hugues-de-payens\/#primaryimage"},"thumbnailUrl":"https:\/\/nederlandsetempeliers.nl\/wp-content\/uploads\/Dutch-order-v2-300x300.png","datePublished":"2025-04-04T16:47:33+00:00","dateModified":"2026-03-02T14:00:20+00:00","breadcrumb":{"@id":"https:\/\/nederlandsetempeliers.nl\/es\/historia\/hugues-de-payens\/#breadcrumb"},"inLanguage":"es","potentialAction":[{"@type":"ReadAction","target":["https:\/\/nederlandsetempeliers.nl\/es\/historia\/hugues-de-payens\/"]}]},{"@type":"ImageObject","inLanguage":"es","@id":"https:\/\/nederlandsetempeliers.nl\/es\/historia\/hugues-de-payens\/#primaryimage","url":"https:\/\/nederlandsetempeliers.nl\/wp-content\/uploads\/Dutch-order-v2-300x300.png","contentUrl":"https:\/\/nederlandsetempeliers.nl\/wp-content\/uploads\/Dutch-order-v2-300x300.png"},{"@type":"BreadcrumbList","@id":"https:\/\/nederlandsetempeliers.nl\/es\/historia\/hugues-de-payens\/#breadcrumb","itemListElement":[{"@type":"ListItem","position":1,"name":"Home","item":"https:\/\/nederlandsetempeliers.nl\/es\/"},{"@type":"ListItem","position":2,"name":"Historia","item":"https:\/\/nederlandsetempeliers.nl\/es\/historia\/"},{"@type":"ListItem","position":3,"name":"Hugues de Payens"}]},{"@type":"WebSite","@id":"https:\/\/nederlandsetempeliers.nl\/es\/#website","url":"https:\/\/nederlandsetempeliers.nl\/es\/","name":"Nederlandse Tempeliers","description":"The Black Knights Templars of Solomon","publisher":{"@id":"https:\/\/nederlandsetempeliers.nl\/es\/#organization"},"potentialAction":[{"@type":"SearchAction","target":{"@type":"EntryPoint","urlTemplate":"https:\/\/nederlandsetempeliers.nl\/es\/?s={search_term_string}"},"query-input":{"@type":"PropertyValueSpecification","valueRequired":true,"valueName":"search_term_string"}}],"inLanguage":"es"},{"@type":"Organization","@id":"https:\/\/nederlandsetempeliers.nl\/es\/#organization","name":"Nederlandse Tempeliers","url":"https:\/\/nederlandsetempeliers.nl\/es\/","logo":{"@type":"ImageObject","inLanguage":"es","@id":"https:\/\/nederlandsetempeliers.nl\/es\/#\/schema\/logo\/image\/","url":"https:\/\/nederlandsetempeliers.nl\/wp-content\/uploads\/Dutch-order-v2.png","contentUrl":"https:\/\/nederlandsetempeliers.nl\/wp-content\/uploads\/Dutch-order-v2.png","width":687,"height":686,"caption":"Nederlandse Tempeliers"},"image":{"@id":"https:\/\/nederlandsetempeliers.nl\/es\/#\/schema\/logo\/image\/"}}]}},"_links":{"self":[{"href":"https:\/\/nederlandsetempeliers.nl\/es\/wp-json\/wp\/v2\/pages\/3584","targetHints":{"allow":["GET"]}}],"collection":[{"href":"https:\/\/nederlandsetempeliers.nl\/es\/wp-json\/wp\/v2\/pages"}],"about":[{"href":"https:\/\/nederlandsetempeliers.nl\/es\/wp-json\/wp\/v2\/types\/page"}],"author":[{"embeddable":true,"href":"https:\/\/nederlandsetempeliers.nl\/es\/wp-json\/wp\/v2\/users\/2"}],"replies":[{"embeddable":true,"href":"https:\/\/nederlandsetempeliers.nl\/es\/wp-json\/wp\/v2\/comments?post=3584"}],"version-history":[{"count":1,"href":"https:\/\/nederlandsetempeliers.nl\/es\/wp-json\/wp\/v2\/pages\/3584\/revisions"}],"predecessor-version":[{"id":3589,"href":"https:\/\/nederlandsetempeliers.nl\/es\/wp-json\/wp\/v2\/pages\/3584\/revisions\/3589"}],"up":[{"embeddable":true,"href":"https:\/\/nederlandsetempeliers.nl\/es\/wp-json\/wp\/v2\/pages\/3611"}],"wp:attachment":[{"href":"https:\/\/nederlandsetempeliers.nl\/es\/wp-json\/wp\/v2\/media?parent=3584"}],"curies":[{"name":"wp","href":"https:\/\/api.w.org\/{rel}","templated":true}]}}