{"id":4889,"date":"2025-04-05T19:08:36","date_gmt":"2025-04-05T17:08:36","guid":{"rendered":"https:\/\/nederlandsetempeliers.nl\/contacto\/"},"modified":"2026-03-02T15:10:47","modified_gmt":"2026-03-02T14:10:47","slug":"contacto","status":"publish","type":"page","link":"https:\/\/nederlandsetempeliers.nl\/es\/contacto\/","title":{"rendered":"Contacto"},"content":{"rendered":"\t\t<div data-elementor-type=\"wp-page\" data-elementor-id=\"4889\" class=\"elementor elementor-4889 elementor-327\" data-elementor-post-type=\"page\">\n\t\t\t\t<div class=\"elementor-element elementor-element-17b17f22 e-con-full e-flex e-con e-parent\" data-id=\"17b17f22\" data-element_type=\"container\" data-e-type=\"container\">\n\t\t<div class=\"elementor-element elementor-element-44704393 e-con-full e-flex e-con e-child\" data-id=\"44704393\" data-element_type=\"container\" data-e-type=\"container\" data-settings=\"{&quot;background_background&quot;:&quot;classic&quot;}\">\n\t\t<div class=\"elementor-element elementor-element-5cc21d8c e-flex e-con-boxed e-con e-child\" data-id=\"5cc21d8c\" data-element_type=\"container\" data-e-type=\"container\">\n\t\t\t\t\t<div class=\"e-con-inner\">\n\t\t\t\t<div class=\"elementor-element elementor-element-16d92046 elementor-widget elementor-widget-heading\" data-id=\"16d92046\" data-element_type=\"widget\" data-e-type=\"widget\" data-widget_type=\"heading.default\">\n\t\t\t\t<div class=\"elementor-widget-container\">\n\t\t\t\t\t<h1 class=\"elementor-heading-title elementor-size-default\">Contacto<\/h1>\t\t\t\t<\/div>\n\t\t\t\t<\/div>\n\t\t\t\t<div class=\"elementor-element elementor-element-1d5ac4d6 elementor-widget elementor-widget-text-editor\" data-id=\"1d5ac4d6\" data-element_type=\"widget\" data-e-type=\"widget\" data-widget_type=\"text-editor.default\">\n\t\t\t\t<div class=\"elementor-widget-container\">\n\t\t\t\t\t\t\t\t\t<p>Nos gustar\u00eda escuchar a las partes interesadas, as\u00ed que no dudes en rellenar el formulario o contactarnos a trav\u00e9s de la direcci\u00f3n de correo electr\u00f3nico que aparece a continuaci\u00f3n.<\/p>\t\t\t\t\t\t\t\t<\/div>\n\t\t\t\t<\/div>\n\t\t\t\t\t<\/div>\n\t\t\t\t<\/div>\n\t\t<div class=\"elementor-element elementor-element-500b8b4a e-flex e-con-boxed e-con e-child\" data-id=\"500b8b4a\" data-element_type=\"container\" data-e-type=\"container\">\n\t\t\t\t\t<div class=\"e-con-inner\">\n\t\t<div class=\"elementor-element elementor-element-12146aa6 e-flex e-con-boxed e-con e-child\" data-id=\"12146aa6\" data-element_type=\"container\" data-e-type=\"container\">\n\t\t\t\t\t<div class=\"e-con-inner\">\n\t\t\t\t<div class=\"elementor-element elementor-element-e12df18 elementor-widget elementor-widget-heading\" data-id=\"e12df18\" data-element_type=\"widget\" data-e-type=\"widget\" data-widget_type=\"heading.default\">\n\t\t\t\t<div class=\"elementor-widget-container\">\n\t\t\t\t\t<h4 class=\"elementor-heading-title elementor-size-default\">Correo electr\u00f3nico<\/h4>\t\t\t\t<\/div>\n\t\t\t\t<\/div>\n\t\t\t\t<div class=\"elementor-element elementor-element-5d52477d elementor-align-start elementor-icon-list--layout-traditional elementor-list-item-link-full_width elementor-widget elementor-widget-icon-list\" data-id=\"5d52477d\" data-element_type=\"widget\" data-e-type=\"widget\" data-widget_type=\"icon-list.default\">\n\t\t\t\t<div class=\"elementor-widget-container\">\n\t\t\t\t\t\t\t<ul class=\"elementor-icon-list-items\">\n\t\t\t\t\t\t\t<li class=\"elementor-icon-list-item\">\n\t\t\t\t\t\t\t\t\t\t\t<a href=\"mailto:tempeliersnederland@gmail.com\">\n\n\t\t\t\t\t\t\t\t\t\t\t<span class=\"elementor-icon-list-text\">tempeliersnederland@gmail.com<\/span>\n\t\t\t\t\t\t\t\t\t\t\t<\/a>\n\t\t\t\t\t\t\t\t\t<\/li>\n\t\t\t\t\t\t<\/ul>\n\t\t\t\t\t\t<\/div>\n\t\t\t\t<\/div>\n\t\t\t\t\t<\/div>\n\t\t\t\t<\/div>\n\t\t\t\t\t<\/div>\n\t\t\t\t<\/div>\n\t\t\t\t<\/div>\n\t\t<div class=\"elementor-element elementor-element-2dee052a e-con-full e-flex e-con e-child\" data-id=\"2dee052a\" data-element_type=\"container\" data-e-type=\"container\" data-settings=\"{&quot;background_background&quot;:&quot;classic&quot;}\">\n\t\t\t\t<div class=\"elementor-element elementor-element-78f545c elementor-widget elementor-widget-image\" data-id=\"78f545c\" data-element_type=\"widget\" data-e-type=\"widget\" data-widget_type=\"image.default\">\n\t\t\t\t<div class=\"elementor-widget-container\">\n\t\t\t\t\t\t\t\t\t\t\t\t\t\t\t<img decoding=\"async\" width=\"153\" height=\"153\" src=\"https:\/\/nederlandsetempeliers.nl\/wp-content\/uploads\/Kruis-getekend.jpg\" class=\"attachment-large size-large wp-image-4560\" alt=\"\" srcset=\"https:\/\/nederlandsetempeliers.nl\/wp-content\/uploads\/Kruis-getekend.jpg 153w, https:\/\/nederlandsetempeliers.nl\/wp-content\/uploads\/Kruis-getekend-150x150.jpg 150w\" sizes=\"(max-width: 153px) 100vw, 153px\" \/>\t\t\t\t\t\t\t\t\t\t\t\t\t\t\t<\/div>\n\t\t\t\t<\/div>\n\t\t\t\t<div class=\"elementor-element elementor-element-15c8689f elementor-widget elementor-widget-text-editor\" data-id=\"15c8689f\" data-element_type=\"widget\" data-e-type=\"widget\" data-widget_type=\"text-editor.default\">\n\t\t\t\t<div class=\"elementor-widget-container\">\n\t\t\t\t\t\t\t\t\t<p>Rellena el formulario de abajo y nos pondremos en contacto contigo lo antes posible.<\/p>\t\t\t\t\t\t\t\t<\/div>\n\t\t\t\t<\/div>\n\t\t\t\t<div class=\"elementor-element elementor-element-6fc11cdb elementor-button-align-center elementor-widget elementor-widget-form\" data-id=\"6fc11cdb\" data-element_type=\"widget\" data-e-type=\"widget\" data-settings=\"{&quot;step_next_label&quot;:&quot;Siguiente&quot;,&quot;step_previous_label&quot;:&quot;Anterior&quot;,&quot;button_width_tablet&quot;:&quot;100&quot;,&quot;button_width&quot;:&quot;100&quot;,&quot;step_type&quot;:&quot;number_text&quot;,&quot;step_icon_shape&quot;:&quot;circle&quot;}\" data-widget_type=\"form.default\">\n\t\t\t\t<div class=\"elementor-widget-container\">\n\t\t\t\t\t\t\t<form class=\"elementor-form\" method=\"post\" name=\"Formulario de contacto\" aria-label=\"Formulario de contacto\">\n\t\t\t<input type=\"hidden\" name=\"post_id\" value=\"4889\"\/>\n\t\t\t<input type=\"hidden\" name=\"form_id\" value=\"6fc11cdb\"\/>\n\t\t\t<input type=\"hidden\" name=\"referer_title\" value=\"Contacto - Nederlandse Tempeliers\" \/>\n\n\t\t\t\t\t\t\t<input type=\"hidden\" name=\"queried_id\" value=\"4889\"\/>\n\t\t\t\n\t\t\t<div class=\"elementor-form-fields-wrapper elementor-labels-\">\n\t\t\t\t\t\t\t\t<div class=\"elementor-field-type-text elementor-field-group elementor-column elementor-field-group-name elementor-col-50 elementor-field-required\">\n\t\t\t\t\t\t\t\t\t\t\t\t<label for=\"form-field-name\" class=\"elementor-field-label elementor-screen-only\">\n\t\t\t\t\t\t\t\tNombre\t\t\t\t\t\t\t<\/label>\n\t\t\t\t\t\t\t\t\t\t\t\t\t\t<input size=\"1\" type=\"text\" name=\"form_fields[name]\" id=\"form-field-name\" class=\"elementor-field elementor-size-md  elementor-field-textual\" placeholder=\"Nombre\" required=\"required\">\n\t\t\t\t\t\t\t\t\t\t\t<\/div>\n\t\t\t\t\t\t\t\t<div class=\"elementor-field-type-email elementor-field-group elementor-column elementor-field-group-email elementor-col-50 elementor-md-50 elementor-field-required\">\n\t\t\t\t\t\t\t\t\t\t\t\t<label for=\"form-field-email\" class=\"elementor-field-label elementor-screen-only\">\n\t\t\t\t\t\t\t\tCorreo electr\u00f3nico\t\t\t\t\t\t\t<\/label>\n\t\t\t\t\t\t\t\t\t\t\t\t\t\t<input size=\"1\" type=\"email\" name=\"form_fields[email]\" id=\"form-field-email\" class=\"elementor-field elementor-size-md  elementor-field-textual\" placeholder=\"Correo electr\u00f3nico\" required=\"required\">\n\t\t\t\t\t\t\t\t\t\t\t<\/div>\n\t\t\t\t\t\t\t\t<div class=\"elementor-field-type-textarea elementor-field-group elementor-column elementor-field-group-field_71766c7 elementor-col-100\">\n\t\t\t\t\t\t\t\t\t\t\t\t<label for=\"form-field-field_71766c7\" class=\"elementor-field-label elementor-screen-only\">\n\t\t\t\t\t\t\t\tMensaje\t\t\t\t\t\t\t<\/label>\n\t\t\t\t\t\t<textarea class=\"elementor-field-textual elementor-field  elementor-size-md\" name=\"form_fields[field_71766c7]\" id=\"form-field-field_71766c7\" rows=\"4\" placeholder=\"Mensaje\"><\/textarea>\t\t\t\t<\/div>\n\t\t\t\t\t\t\t\t<div class=\"elementor-field-group elementor-column elementor-field-type-submit elementor-col-100 e-form__buttons elementor-md-100\">\n\t\t\t\t\t<button class=\"elementor-button elementor-size-md\" type=\"submit\">\n\t\t\t\t\t\t<span class=\"elementor-button-content-wrapper\">\n\t\t\t\t\t\t\t\t\t\t\t\t\t\t\t\t\t\t\t\t\t\t<span class=\"elementor-button-text\">Env\u00eda<\/span>\n\t\t\t\t\t\t\t\t\t\t\t\t\t<\/span>\n\t\t\t\t\t<\/button>\n\t\t\t\t<\/div>\n\t\t\t<\/div>\n\t\t<\/form>\n\t\t\t\t\t\t<\/div>\n\t\t\t\t<\/div>\n\t\t\t\t<\/div>\n\t\t\t\t<\/div>\n\t\t<div class=\"elementor-element elementor-element-46c39477 e-con-full e-flex e-con e-parent\" data-id=\"46c39477\" data-element_type=\"container\" data-e-type=\"container\">\n\t\t<div class=\"elementor-element elementor-element-1e897935 e-con-full e-flex e-con e-child\" data-id=\"1e897935\" data-element_type=\"container\" data-e-type=\"container\" data-settings=\"{&quot;background_background&quot;:&quot;classic&quot;}\">\n\t\t\t\t<div class=\"elementor-element elementor-element-5bf9f44a elementor-widget elementor-widget-google_maps\" data-id=\"5bf9f44a\" data-element_type=\"widget\" data-e-type=\"widget\" data-widget_type=\"google_maps.default\">\n\t\t\t\t<div class=\"elementor-widget-container\">\n\t\t\t\t\t\t\t<div class=\"elementor-custom-embed\">\n\t\t\t<iframe loading=\"lazy\"\n\t\t\t\t\tsrc=\"https:\/\/maps.google.com\/maps?q=Kerkplein%201%2C%204811%20XT%20Breda&#038;t=m&#038;z=17&#038;output=embed&#038;iwloc=near\"\n\t\t\t\t\ttitle=\"Kerkplein 1, 4811 XT Breda\"\n\t\t\t\t\taria-label=\"Kerkplein 1, 4811 XT Breda\"\n\t\t\t><\/iframe>\n\t\t<\/div>\n\t\t\t\t\t\t<\/div>\n\t\t\t\t<\/div>\n\t\t\t\t<\/div>\n\t\t\t\t<\/div>\n\t\t\t\t<\/div>\n\t\t","protected":false},"excerpt":{"rendered":"<p>Contacto Nos gustar\u00eda escuchar a las partes interesadas, as\u00ed que no dudes en rellenar el formulario o contactarnos a trav\u00e9s de la direcci\u00f3n de correo electr\u00f3nico que aparece a continuaci\u00f3n. [&hellip;]<\/p>\n","protected":false},"author":2,"featured_media":0,"parent":0,"menu_order":0,"comment_status":"closed","ping_status":"closed","template":"","meta":{"footnotes":""},"class_list":["post-4889","page","type-page","status-publish","hentry"],"yoast_head":"<!-- This site is optimized with the Yoast SEO plugin v27.2 - https:\/\/yoast.com\/product\/yoast-seo-wordpress\/ -->\n<title>Contacto - Nederlandse Tempeliers<\/title>\n<meta name=\"robots\" content=\"index, follow, max-snippet:-1, max-image-preview:large, max-video-preview:-1\" \/>\n<link rel=\"canonical\" href=\"https:\/\/nederlandsetempeliers.nl\/es\/contacto\/\" \/>\n<meta property=\"og:locale\" content=\"es_ES\" \/>\n<meta property=\"og:type\" content=\"article\" \/>\n<meta property=\"og:title\" content=\"Contacto - Nederlandse Tempeliers\" \/>\n<meta property=\"og:description\" content=\"Contacto Nos gustar\u00eda escuchar a las partes interesadas, as\u00ed que no dudes en rellenar el formulario o contactarnos a trav\u00e9s de la direcci\u00f3n de correo electr\u00f3nico que aparece a continuaci\u00f3n. [&hellip;]\" \/>\n<meta property=\"og:url\" content=\"https:\/\/nederlandsetempeliers.nl\/es\/contacto\/\" \/>\n<meta property=\"og:site_name\" content=\"Nederlandse Tempeliers\" \/>\n<meta property=\"article:modified_time\" content=\"2026-03-02T14:10:47+00:00\" \/>\n<meta property=\"og:image\" content=\"https:\/\/nederlandsetempeliers.nl\/wp-content\/uploads\/Kruis-getekend.jpg\" \/>\n\t<meta property=\"og:image:width\" content=\"153\" \/>\n\t<meta property=\"og:image:height\" content=\"153\" \/>\n\t<meta property=\"og:image:type\" content=\"image\/jpeg\" \/>\n<meta name=\"twitter:card\" content=\"summary_large_image\" \/>\n<script type=\"application\/ld+json\" class=\"yoast-schema-graph\">{\"@context\":\"https:\/\/schema.org\",\"@graph\":[{\"@type\":\"WebPage\",\"@id\":\"https:\/\/nederlandsetempeliers.nl\/es\/contacto\/\",\"url\":\"https:\/\/nederlandsetempeliers.nl\/es\/contacto\/\",\"name\":\"Contacto - Nederlandse Tempeliers\",\"isPartOf\":{\"@id\":\"https:\/\/nederlandsetempeliers.nl\/es\/#website\"},\"primaryImageOfPage\":{\"@id\":\"https:\/\/nederlandsetempeliers.nl\/es\/contacto\/#primaryimage\"},\"image\":{\"@id\":\"https:\/\/nederlandsetempeliers.nl\/es\/contacto\/#primaryimage\"},\"thumbnailUrl\":\"https:\/\/nederlandsetempeliers.nl\/wp-content\/uploads\/Kruis-getekend.jpg\",\"datePublished\":\"2025-04-05T17:08:36+00:00\",\"dateModified\":\"2026-03-02T14:10:47+00:00\",\"breadcrumb\":{\"@id\":\"https:\/\/nederlandsetempeliers.nl\/es\/contacto\/#breadcrumb\"},\"inLanguage\":\"es\",\"potentialAction\":[{\"@type\":\"ReadAction\",\"target\":[\"https:\/\/nederlandsetempeliers.nl\/es\/contacto\/\"]}]},{\"@type\":\"ImageObject\",\"inLanguage\":\"es\",\"@id\":\"https:\/\/nederlandsetempeliers.nl\/es\/contacto\/#primaryimage\",\"url\":\"https:\/\/nederlandsetempeliers.nl\/wp-content\/uploads\/Kruis-getekend.jpg\",\"contentUrl\":\"https:\/\/nederlandsetempeliers.nl\/wp-content\/uploads\/Kruis-getekend.jpg\"},{\"@type\":\"BreadcrumbList\",\"@id\":\"https:\/\/nederlandsetempeliers.nl\/es\/contacto\/#breadcrumb\",\"itemListElement\":[{\"@type\":\"ListItem\",\"position\":1,\"name\":\"Home\",\"item\":\"https:\/\/nederlandsetempeliers.nl\/es\/\"},{\"@type\":\"ListItem\",\"position\":2,\"name\":\"Contacto\"}]},{\"@type\":\"WebSite\",\"@id\":\"https:\/\/nederlandsetempeliers.nl\/es\/#website\",\"url\":\"https:\/\/nederlandsetempeliers.nl\/es\/\",\"name\":\"Nederlandse Tempeliers\",\"description\":\"The Black Knights Templars of Solomon\",\"publisher\":{\"@id\":\"https:\/\/nederlandsetempeliers.nl\/es\/#organization\"},\"potentialAction\":[{\"@type\":\"SearchAction\",\"target\":{\"@type\":\"EntryPoint\",\"urlTemplate\":\"https:\/\/nederlandsetempeliers.nl\/es\/?s={search_term_string}\"},\"query-input\":{\"@type\":\"PropertyValueSpecification\",\"valueRequired\":true,\"valueName\":\"search_term_string\"}}],\"inLanguage\":\"es\"},{\"@type\":\"Organization\",\"@id\":\"https:\/\/nederlandsetempeliers.nl\/es\/#organization\",\"name\":\"Nederlandse Tempeliers\",\"url\":\"https:\/\/nederlandsetempeliers.nl\/es\/\",\"logo\":{\"@type\":\"ImageObject\",\"inLanguage\":\"es\",\"@id\":\"https:\/\/nederlandsetempeliers.nl\/es\/#\/schema\/logo\/image\/\",\"url\":\"https:\/\/nederlandsetempeliers.nl\/wp-content\/uploads\/Dutch-order-v2.png\",\"contentUrl\":\"https:\/\/nederlandsetempeliers.nl\/wp-content\/uploads\/Dutch-order-v2.png\",\"width\":687,\"height\":686,\"caption\":\"Nederlandse Tempeliers\"},\"image\":{\"@id\":\"https:\/\/nederlandsetempeliers.nl\/es\/#\/schema\/logo\/image\/\"}}]}<\/script>\n<!-- \/ Yoast SEO plugin. -->","yoast_head_json":{"title":"Contacto - Nederlandse Tempeliers","robots":{"index":"index","follow":"follow","max-snippet":"max-snippet:-1","max-image-preview":"max-image-preview:large","max-video-preview":"max-video-preview:-1"},"canonical":"https:\/\/nederlandsetempeliers.nl\/es\/contacto\/","og_locale":"es_ES","og_type":"article","og_title":"Contacto - Nederlandse Tempeliers","og_description":"Contacto Nos gustar\u00eda escuchar a las partes interesadas, as\u00ed que no dudes en rellenar el formulario o contactarnos a trav\u00e9s de la direcci\u00f3n de correo electr\u00f3nico que aparece a continuaci\u00f3n. [&hellip;]","og_url":"https:\/\/nederlandsetempeliers.nl\/es\/contacto\/","og_site_name":"Nederlandse Tempeliers","article_modified_time":"2026-03-02T14:10:47+00:00","og_image":[{"width":153,"height":153,"url":"https:\/\/nederlandsetempeliers.nl\/wp-content\/uploads\/Kruis-getekend.jpg","type":"image\/jpeg"}],"twitter_card":"summary_large_image","schema":{"@context":"https:\/\/schema.org","@graph":[{"@type":"WebPage","@id":"https:\/\/nederlandsetempeliers.nl\/es\/contacto\/","url":"https:\/\/nederlandsetempeliers.nl\/es\/contacto\/","name":"Contacto - Nederlandse Tempeliers","isPartOf":{"@id":"https:\/\/nederlandsetempeliers.nl\/es\/#website"},"primaryImageOfPage":{"@id":"https:\/\/nederlandsetempeliers.nl\/es\/contacto\/#primaryimage"},"image":{"@id":"https:\/\/nederlandsetempeliers.nl\/es\/contacto\/#primaryimage"},"thumbnailUrl":"https:\/\/nederlandsetempeliers.nl\/wp-content\/uploads\/Kruis-getekend.jpg","datePublished":"2025-04-05T17:08:36+00:00","dateModified":"2026-03-02T14:10:47+00:00","breadcrumb":{"@id":"https:\/\/nederlandsetempeliers.nl\/es\/contacto\/#breadcrumb"},"inLanguage":"es","potentialAction":[{"@type":"ReadAction","target":["https:\/\/nederlandsetempeliers.nl\/es\/contacto\/"]}]},{"@type":"ImageObject","inLanguage":"es","@id":"https:\/\/nederlandsetempeliers.nl\/es\/contacto\/#primaryimage","url":"https:\/\/nederlandsetempeliers.nl\/wp-content\/uploads\/Kruis-getekend.jpg","contentUrl":"https:\/\/nederlandsetempeliers.nl\/wp-content\/uploads\/Kruis-getekend.jpg"},{"@type":"BreadcrumbList","@id":"https:\/\/nederlandsetempeliers.nl\/es\/contacto\/#breadcrumb","itemListElement":[{"@type":"ListItem","position":1,"name":"Home","item":"https:\/\/nederlandsetempeliers.nl\/es\/"},{"@type":"ListItem","position":2,"name":"Contacto"}]},{"@type":"WebSite","@id":"https:\/\/nederlandsetempeliers.nl\/es\/#website","url":"https:\/\/nederlandsetempeliers.nl\/es\/","name":"Nederlandse Tempeliers","description":"The Black Knights Templars of Solomon","publisher":{"@id":"https:\/\/nederlandsetempeliers.nl\/es\/#organization"},"potentialAction":[{"@type":"SearchAction","target":{"@type":"EntryPoint","urlTemplate":"https:\/\/nederlandsetempeliers.nl\/es\/?s={search_term_string}"},"query-input":{"@type":"PropertyValueSpecification","valueRequired":true,"valueName":"search_term_string"}}],"inLanguage":"es"},{"@type":"Organization","@id":"https:\/\/nederlandsetempeliers.nl\/es\/#organization","name":"Nederlandse Tempeliers","url":"https:\/\/nederlandsetempeliers.nl\/es\/","logo":{"@type":"ImageObject","inLanguage":"es","@id":"https:\/\/nederlandsetempeliers.nl\/es\/#\/schema\/logo\/image\/","url":"https:\/\/nederlandsetempeliers.nl\/wp-content\/uploads\/Dutch-order-v2.png","contentUrl":"https:\/\/nederlandsetempeliers.nl\/wp-content\/uploads\/Dutch-order-v2.png","width":687,"height":686,"caption":"Nederlandse Tempeliers"},"image":{"@id":"https:\/\/nederlandsetempeliers.nl\/es\/#\/schema\/logo\/image\/"}}]}},"_links":{"self":[{"href":"https:\/\/nederlandsetempeliers.nl\/es\/wp-json\/wp\/v2\/pages\/4889","targetHints":{"allow":["GET"]}}],"collection":[{"href":"https:\/\/nederlandsetempeliers.nl\/es\/wp-json\/wp\/v2\/pages"}],"about":[{"href":"https:\/\/nederlandsetempeliers.nl\/es\/wp-json\/wp\/v2\/types\/page"}],"author":[{"embeddable":true,"href":"https:\/\/nederlandsetempeliers.nl\/es\/wp-json\/wp\/v2\/users\/2"}],"replies":[{"embeddable":true,"href":"https:\/\/nederlandsetempeliers.nl\/es\/wp-json\/wp\/v2\/comments?post=4889"}],"version-history":[{"count":2,"href":"https:\/\/nederlandsetempeliers.nl\/es\/wp-json\/wp\/v2\/pages\/4889\/revisions"}],"predecessor-version":[{"id":4891,"href":"https:\/\/nederlandsetempeliers.nl\/es\/wp-json\/wp\/v2\/pages\/4889\/revisions\/4891"}],"wp:attachment":[{"href":"https:\/\/nederlandsetempeliers.nl\/es\/wp-json\/wp\/v2\/media?parent=4889"}],"curies":[{"name":"wp","href":"https:\/\/api.w.org\/{rel}","templated":true}]}}