{"id":5867,"date":"2026-03-14T20:49:39","date_gmt":"2026-03-14T19:49:39","guid":{"rendered":"https:\/\/nederlandsetempeliers.nl\/libro-de-los-peregrinos-liber-peregrinorum\/"},"modified":"2026-03-14T21:54:23","modified_gmt":"2026-03-14T20:54:23","slug":"libro-de-los-peregrinos-liber-peregrinorum","status":"publish","type":"page","link":"https:\/\/nederlandsetempeliers.nl\/es\/libro-de-los-peregrinos-liber-peregrinorum\/","title":{"rendered":"Libro de los Peregrinos &#8211; Liber Peregrinorum"},"content":{"rendered":"\t\t<div data-elementor-type=\"wp-page\" data-elementor-id=\"5867\" class=\"elementor elementor-5867 elementor-5833\" data-elementor-post-type=\"page\">\n\t\t\t\t<div class=\"elementor-element elementor-element-cf1b68b e-flex e-con-boxed e-con e-parent\" data-id=\"cf1b68b\" data-element_type=\"container\" data-e-type=\"container\">\n\t\t\t\t\t<div class=\"e-con-inner\">\n\t\t\t\t<div class=\"elementor-element elementor-element-a88c1a5 elementor-widget elementor-widget-image\" data-id=\"a88c1a5\" data-element_type=\"widget\" data-e-type=\"widget\" data-widget_type=\"image.default\">\n\t\t\t\t<div class=\"elementor-widget-container\">\n\t\t\t\t\t\t\t\t\t\t\t\t\t\t\t<img fetchpriority=\"high\" decoding=\"async\" width=\"540\" height=\"358\" src=\"https:\/\/nederlandsetempeliers.nl\/wp-content\/uploads\/Gastenboek-pelgrim.jpg\" class=\"attachment-large size-large wp-image-5696\" alt=\"Libro de visitas en pergamino a la luz de las velas\" srcset=\"https:\/\/nederlandsetempeliers.nl\/wp-content\/uploads\/Gastenboek-pelgrim.jpg 540w, https:\/\/nederlandsetempeliers.nl\/wp-content\/uploads\/Gastenboek-pelgrim-300x199.jpg 300w\" sizes=\"(max-width: 540px) 100vw, 540px\" \/>\t\t\t\t\t\t\t\t\t\t\t\t\t\t\t<\/div>\n\t\t\t\t<\/div>\n\t\t\t\t\t<\/div>\n\t\t\t\t<\/div>\n\t\t<div class=\"elementor-element elementor-element-16cf2d9 e-flex e-con-boxed e-con e-parent\" data-id=\"16cf2d9\" data-element_type=\"container\" data-e-type=\"container\">\n\t\t\t\t\t<div class=\"e-con-inner\">\n\t\t\t\t<div class=\"elementor-element elementor-element-6fb39f2 elementor-widget elementor-widget-heading\" data-id=\"6fb39f2\" data-element_type=\"widget\" data-e-type=\"widget\" data-widget_type=\"heading.default\">\n\t\t\t\t<div class=\"elementor-widget-container\">\n\t\t\t\t\t<h2 class=\"elementor-heading-title elementor-size-default\">Liber Peregrinorum<\/h2>\t\t\t\t<\/div>\n\t\t\t\t<\/div>\n\t\t\t\t\t<\/div>\n\t\t\t\t<\/div>\n\t\t<div class=\"elementor-element elementor-element-d7ad170 e-flex e-con-boxed e-con e-parent\" data-id=\"d7ad170\" data-element_type=\"container\" data-e-type=\"container\">\n\t\t\t\t\t<div class=\"e-con-inner\">\n\t\t\t\t<div class=\"elementor-element elementor-element-c90965b elementor-widget elementor-widget-heading\" data-id=\"c90965b\" data-element_type=\"widget\" data-e-type=\"widget\" data-widget_type=\"heading.default\">\n\t\t\t\t<div class=\"elementor-widget-container\">\n\t\t\t\t\t<h2 class=\"elementor-heading-title elementor-size-default\">Libro de los Peregrinos &nbsp; &nbsp; \u2720 &nbsp; &nbsp; libro de visitas <\/h2>\t\t\t\t<\/div>\n\t\t\t\t<\/div>\n\t\t\t\t\t<\/div>\n\t\t\t\t<\/div>\n\t\t<div class=\"elementor-element elementor-element-c13d634 e-flex e-con-boxed e-con e-parent\" data-id=\"c13d634\" data-element_type=\"container\" data-e-type=\"container\">\n\t\t\t\t\t<div class=\"e-con-inner\">\n\t\t\t\t<div class=\"elementor-element elementor-element-2f3c6b3 elementor-widget elementor-widget-text-editor\" data-id=\"2f3c6b3\" data-element_type=\"widget\" data-e-type=\"widget\" data-widget_type=\"text-editor.default\">\n\t\t\t\t<div class=\"elementor-widget-container\">\n\t\t\t\t\t\t\t\t\t<p>Querido Peregrino,<\/p><p>A lo largo de los siglos, los peregrinos a menudo dejaron una huella de su viaje: un nombre en un registro, una breve reflexi\u00f3n, una oraci\u00f3n o el recuerdo de un lugar que les conmovi\u00f3.<\/p><p>Con ese mismo esp\u00edritu naci\u00f3 tambi\u00e9n nuestro Liber Peregrinorum \u2014 el Libro de los Peregrinos.<\/p><p>Aqu\u00ed los visitantes pueden compartir un pensamiento, una experiencia o un descubrimiento relacionado con la fe cristiana, con los templarios o con lugares, tradiciones e historias que est\u00e9n vinculados a ellos.<\/p><p>A veces son peque\u00f1os momentos:<br>una iglesia que descubriste en el camino, una antigua costumbre que encontraste en alg\u00fan lugar, o una historia que alguien te cont\u00f3.<\/p><p>Si lo deseas, deja tambi\u00e9n t\u00fa una huella y pasa a formar parte de esta historia.<\/p><p>Cuando una aportaci\u00f3n est\u00e9 relacionada con un tema presente en este sitio, la colocaremos bajo ese tema.<br>Si todav\u00eda no existe un tema correspondiente, tu contribuci\u00f3n se colocar\u00e1 en Testimonium \u2014 Env\u00edos.<\/p><p>As\u00ed, este lugar crece poco a poco hasta convertirse en una cr\u00f3nica de muchos \u2014 como una catedral que tampoco se construy\u00f3 en un solo d\u00eda.<\/p><p>Este lugar no existe solo por nosotros, sino por todos aquellos que dejan aqu\u00ed una huella.<\/p><p><strong>Gratias agimus pro vestro itinere et verbo.<\/strong><\/p>\t\t\t\t\t\t\t\t<\/div>\n\t\t\t\t<\/div>\n\t\t\t\t\t<\/div>\n\t\t\t\t<\/div>\n\t\t<div class=\"elementor-element elementor-element-6e65090 e-flex e-con-boxed e-con e-parent\" data-id=\"6e65090\" data-element_type=\"container\" data-e-type=\"container\">\n\t\t\t\t\t<div class=\"e-con-inner\">\n\t\t\t\t<div class=\"elementor-element elementor-element-4e99f59 elementor-widget elementor-widget-image\" data-id=\"4e99f59\" data-element_type=\"widget\" data-e-type=\"widget\" data-widget_type=\"image.default\">\n\t\t\t\t<div class=\"elementor-widget-container\">\n\t\t\t\t\t\t\t\t\t\t\t\t\t\t\t<img decoding=\"async\" width=\"458\" height=\"138\" src=\"https:\/\/nederlandsetempeliers.nl\/wp-content\/uploads\/3-x-Camino.jpeg\" class=\"attachment-large size-large wp-image-5866\" alt=\"3 Camino conchas\" srcset=\"https:\/\/nederlandsetempeliers.nl\/wp-content\/uploads\/3-x-Camino.jpeg 458w, https:\/\/nederlandsetempeliers.nl\/wp-content\/uploads\/3-x-Camino-300x90.jpeg 300w\" sizes=\"(max-width: 458px) 100vw, 458px\" \/>\t\t\t\t\t\t\t\t\t\t\t\t\t\t\t<\/div>\n\t\t\t\t<\/div>\n\t\t\t\t\t<\/div>\n\t\t\t\t<\/div>\n\t\t\t\t<\/div>\n\t\t","protected":false},"excerpt":{"rendered":"<p>Liber Peregrinorum Libro de los Peregrinos &nbsp; &nbsp; \u2720 &nbsp; &nbsp; libro de visitas Querido Peregrino, A lo largo de los siglos, los peregrinos a menudo dejaron una huella de [&hellip;]<\/p>\n","protected":false},"author":4,"featured_media":0,"parent":0,"menu_order":0,"comment_status":"open","ping_status":"closed","template":"","meta":{"footnotes":""},"class_list":["post-5867","page","type-page","status-publish","hentry"],"yoast_head":"<!-- This site is optimized with the Yoast SEO plugin v27.2 - https:\/\/yoast.com\/product\/yoast-seo-wordpress\/ -->\n<title>Libro de los Peregrinos - Liber Peregrinorum - Nederlandse Tempeliers<\/title>\n<meta name=\"robots\" content=\"index, follow, max-snippet:-1, max-image-preview:large, max-video-preview:-1\" \/>\n<link rel=\"canonical\" href=\"https:\/\/nederlandsetempeliers.nl\/es\/libro-de-los-peregrinos-liber-peregrinorum\/\" \/>\n<meta property=\"og:locale\" content=\"es_ES\" \/>\n<meta property=\"og:type\" content=\"article\" \/>\n<meta property=\"og:title\" content=\"Libro de los Peregrinos - Liber Peregrinorum - Nederlandse Tempeliers\" \/>\n<meta property=\"og:description\" content=\"Liber Peregrinorum Libro de los Peregrinos &nbsp; &nbsp; \u2720 &nbsp; &nbsp; libro de visitas Querido Peregrino, A lo largo de los siglos, los peregrinos a menudo dejaron una huella de [&hellip;]\" \/>\n<meta property=\"og:url\" content=\"https:\/\/nederlandsetempeliers.nl\/es\/libro-de-los-peregrinos-liber-peregrinorum\/\" \/>\n<meta property=\"og:site_name\" content=\"Nederlandse Tempeliers\" \/>\n<meta property=\"article:modified_time\" content=\"2026-03-14T20:54:23+00:00\" \/>\n<meta property=\"og:image\" content=\"https:\/\/nederlandsetempeliers.nl\/wp-content\/uploads\/Gastenboek-pelgrim.jpg\" \/>\n\t<meta property=\"og:image:width\" content=\"540\" \/>\n\t<meta property=\"og:image:height\" content=\"358\" \/>\n\t<meta property=\"og:image:type\" content=\"image\/jpeg\" \/>\n<meta name=\"twitter:card\" content=\"summary_large_image\" \/>\n<meta name=\"twitter:label1\" content=\"Tiempo de lectura\" \/>\n\t<meta name=\"twitter:data1\" content=\"1 minuto\" \/>\n<script type=\"application\/ld+json\" class=\"yoast-schema-graph\">{\"@context\":\"https:\/\/schema.org\",\"@graph\":[{\"@type\":\"WebPage\",\"@id\":\"https:\/\/nederlandsetempeliers.nl\/es\/libro-de-los-peregrinos-liber-peregrinorum\/\",\"url\":\"https:\/\/nederlandsetempeliers.nl\/es\/libro-de-los-peregrinos-liber-peregrinorum\/\",\"name\":\"Libro de los Peregrinos - Liber Peregrinorum - Nederlandse Tempeliers\",\"isPartOf\":{\"@id\":\"https:\/\/nederlandsetempeliers.nl\/es\/#website\"},\"primaryImageOfPage\":{\"@id\":\"https:\/\/nederlandsetempeliers.nl\/es\/libro-de-los-peregrinos-liber-peregrinorum\/#primaryimage\"},\"image\":{\"@id\":\"https:\/\/nederlandsetempeliers.nl\/es\/libro-de-los-peregrinos-liber-peregrinorum\/#primaryimage\"},\"thumbnailUrl\":\"https:\/\/nederlandsetempeliers.nl\/wp-content\/uploads\/Gastenboek-pelgrim.jpg\",\"datePublished\":\"2026-03-14T19:49:39+00:00\",\"dateModified\":\"2026-03-14T20:54:23+00:00\",\"breadcrumb\":{\"@id\":\"https:\/\/nederlandsetempeliers.nl\/es\/libro-de-los-peregrinos-liber-peregrinorum\/#breadcrumb\"},\"inLanguage\":\"es\",\"potentialAction\":[{\"@type\":\"ReadAction\",\"target\":[\"https:\/\/nederlandsetempeliers.nl\/es\/libro-de-los-peregrinos-liber-peregrinorum\/\"]}]},{\"@type\":\"ImageObject\",\"inLanguage\":\"es\",\"@id\":\"https:\/\/nederlandsetempeliers.nl\/es\/libro-de-los-peregrinos-liber-peregrinorum\/#primaryimage\",\"url\":\"https:\/\/nederlandsetempeliers.nl\/wp-content\/uploads\/Gastenboek-pelgrim.jpg\",\"contentUrl\":\"https:\/\/nederlandsetempeliers.nl\/wp-content\/uploads\/Gastenboek-pelgrim.jpg\"},{\"@type\":\"BreadcrumbList\",\"@id\":\"https:\/\/nederlandsetempeliers.nl\/es\/libro-de-los-peregrinos-liber-peregrinorum\/#breadcrumb\",\"itemListElement\":[{\"@type\":\"ListItem\",\"position\":1,\"name\":\"Home\",\"item\":\"https:\/\/nederlandsetempeliers.nl\/es\/\"},{\"@type\":\"ListItem\",\"position\":2,\"name\":\"Libro de los Peregrinos &#8211; Liber Peregrinorum\"}]},{\"@type\":\"WebSite\",\"@id\":\"https:\/\/nederlandsetempeliers.nl\/es\/#website\",\"url\":\"https:\/\/nederlandsetempeliers.nl\/es\/\",\"name\":\"Nederlandse Tempeliers\",\"description\":\"The Black Knights Templars of Solomon\",\"publisher\":{\"@id\":\"https:\/\/nederlandsetempeliers.nl\/es\/#organization\"},\"potentialAction\":[{\"@type\":\"SearchAction\",\"target\":{\"@type\":\"EntryPoint\",\"urlTemplate\":\"https:\/\/nederlandsetempeliers.nl\/es\/?s={search_term_string}\"},\"query-input\":{\"@type\":\"PropertyValueSpecification\",\"valueRequired\":true,\"valueName\":\"search_term_string\"}}],\"inLanguage\":\"es\"},{\"@type\":\"Organization\",\"@id\":\"https:\/\/nederlandsetempeliers.nl\/es\/#organization\",\"name\":\"Nederlandse Tempeliers\",\"url\":\"https:\/\/nederlandsetempeliers.nl\/es\/\",\"logo\":{\"@type\":\"ImageObject\",\"inLanguage\":\"es\",\"@id\":\"https:\/\/nederlandsetempeliers.nl\/es\/#\/schema\/logo\/image\/\",\"url\":\"https:\/\/nederlandsetempeliers.nl\/wp-content\/uploads\/Dutch-order-v2.png\",\"contentUrl\":\"https:\/\/nederlandsetempeliers.nl\/wp-content\/uploads\/Dutch-order-v2.png\",\"width\":687,\"height\":686,\"caption\":\"Nederlandse Tempeliers\"},\"image\":{\"@id\":\"https:\/\/nederlandsetempeliers.nl\/es\/#\/schema\/logo\/image\/\"}}]}<\/script>\n<!-- \/ Yoast SEO plugin. -->","yoast_head_json":{"title":"Libro de los Peregrinos - Liber Peregrinorum - Nederlandse Tempeliers","robots":{"index":"index","follow":"follow","max-snippet":"max-snippet:-1","max-image-preview":"max-image-preview:large","max-video-preview":"max-video-preview:-1"},"canonical":"https:\/\/nederlandsetempeliers.nl\/es\/libro-de-los-peregrinos-liber-peregrinorum\/","og_locale":"es_ES","og_type":"article","og_title":"Libro de los Peregrinos - Liber Peregrinorum - Nederlandse Tempeliers","og_description":"Liber Peregrinorum Libro de los Peregrinos &nbsp; &nbsp; \u2720 &nbsp; &nbsp; libro de visitas Querido Peregrino, A lo largo de los siglos, los peregrinos a menudo dejaron una huella de [&hellip;]","og_url":"https:\/\/nederlandsetempeliers.nl\/es\/libro-de-los-peregrinos-liber-peregrinorum\/","og_site_name":"Nederlandse Tempeliers","article_modified_time":"2026-03-14T20:54:23+00:00","og_image":[{"width":540,"height":358,"url":"https:\/\/nederlandsetempeliers.nl\/wp-content\/uploads\/Gastenboek-pelgrim.jpg","type":"image\/jpeg"}],"twitter_card":"summary_large_image","twitter_misc":{"Tiempo de lectura":"1 minuto"},"schema":{"@context":"https:\/\/schema.org","@graph":[{"@type":"WebPage","@id":"https:\/\/nederlandsetempeliers.nl\/es\/libro-de-los-peregrinos-liber-peregrinorum\/","url":"https:\/\/nederlandsetempeliers.nl\/es\/libro-de-los-peregrinos-liber-peregrinorum\/","name":"Libro de los Peregrinos - Liber Peregrinorum - Nederlandse Tempeliers","isPartOf":{"@id":"https:\/\/nederlandsetempeliers.nl\/es\/#website"},"primaryImageOfPage":{"@id":"https:\/\/nederlandsetempeliers.nl\/es\/libro-de-los-peregrinos-liber-peregrinorum\/#primaryimage"},"image":{"@id":"https:\/\/nederlandsetempeliers.nl\/es\/libro-de-los-peregrinos-liber-peregrinorum\/#primaryimage"},"thumbnailUrl":"https:\/\/nederlandsetempeliers.nl\/wp-content\/uploads\/Gastenboek-pelgrim.jpg","datePublished":"2026-03-14T19:49:39+00:00","dateModified":"2026-03-14T20:54:23+00:00","breadcrumb":{"@id":"https:\/\/nederlandsetempeliers.nl\/es\/libro-de-los-peregrinos-liber-peregrinorum\/#breadcrumb"},"inLanguage":"es","potentialAction":[{"@type":"ReadAction","target":["https:\/\/nederlandsetempeliers.nl\/es\/libro-de-los-peregrinos-liber-peregrinorum\/"]}]},{"@type":"ImageObject","inLanguage":"es","@id":"https:\/\/nederlandsetempeliers.nl\/es\/libro-de-los-peregrinos-liber-peregrinorum\/#primaryimage","url":"https:\/\/nederlandsetempeliers.nl\/wp-content\/uploads\/Gastenboek-pelgrim.jpg","contentUrl":"https:\/\/nederlandsetempeliers.nl\/wp-content\/uploads\/Gastenboek-pelgrim.jpg"},{"@type":"BreadcrumbList","@id":"https:\/\/nederlandsetempeliers.nl\/es\/libro-de-los-peregrinos-liber-peregrinorum\/#breadcrumb","itemListElement":[{"@type":"ListItem","position":1,"name":"Home","item":"https:\/\/nederlandsetempeliers.nl\/es\/"},{"@type":"ListItem","position":2,"name":"Libro de los Peregrinos &#8211; Liber Peregrinorum"}]},{"@type":"WebSite","@id":"https:\/\/nederlandsetempeliers.nl\/es\/#website","url":"https:\/\/nederlandsetempeliers.nl\/es\/","name":"Nederlandse Tempeliers","description":"The Black Knights Templars of Solomon","publisher":{"@id":"https:\/\/nederlandsetempeliers.nl\/es\/#organization"},"potentialAction":[{"@type":"SearchAction","target":{"@type":"EntryPoint","urlTemplate":"https:\/\/nederlandsetempeliers.nl\/es\/?s={search_term_string}"},"query-input":{"@type":"PropertyValueSpecification","valueRequired":true,"valueName":"search_term_string"}}],"inLanguage":"es"},{"@type":"Organization","@id":"https:\/\/nederlandsetempeliers.nl\/es\/#organization","name":"Nederlandse Tempeliers","url":"https:\/\/nederlandsetempeliers.nl\/es\/","logo":{"@type":"ImageObject","inLanguage":"es","@id":"https:\/\/nederlandsetempeliers.nl\/es\/#\/schema\/logo\/image\/","url":"https:\/\/nederlandsetempeliers.nl\/wp-content\/uploads\/Dutch-order-v2.png","contentUrl":"https:\/\/nederlandsetempeliers.nl\/wp-content\/uploads\/Dutch-order-v2.png","width":687,"height":686,"caption":"Nederlandse Tempeliers"},"image":{"@id":"https:\/\/nederlandsetempeliers.nl\/es\/#\/schema\/logo\/image\/"}}]}},"_links":{"self":[{"href":"https:\/\/nederlandsetempeliers.nl\/es\/wp-json\/wp\/v2\/pages\/5867","targetHints":{"allow":["GET"]}}],"collection":[{"href":"https:\/\/nederlandsetempeliers.nl\/es\/wp-json\/wp\/v2\/pages"}],"about":[{"href":"https:\/\/nederlandsetempeliers.nl\/es\/wp-json\/wp\/v2\/types\/page"}],"author":[{"embeddable":true,"href":"https:\/\/nederlandsetempeliers.nl\/es\/wp-json\/wp\/v2\/users\/4"}],"replies":[{"embeddable":true,"href":"https:\/\/nederlandsetempeliers.nl\/es\/wp-json\/wp\/v2\/comments?post=5867"}],"version-history":[{"count":4,"href":"https:\/\/nederlandsetempeliers.nl\/es\/wp-json\/wp\/v2\/pages\/5867\/revisions"}],"predecessor-version":[{"id":5871,"href":"https:\/\/nederlandsetempeliers.nl\/es\/wp-json\/wp\/v2\/pages\/5867\/revisions\/5871"}],"wp:attachment":[{"href":"https:\/\/nederlandsetempeliers.nl\/es\/wp-json\/wp\/v2\/media?parent=5867"}],"curies":[{"name":"wp","href":"https:\/\/api.w.org\/{rel}","templated":true}]}}