{"id":5936,"date":"2026-03-14T23:18:48","date_gmt":"2026-03-14T22:18:48","guid":{"rendered":"https:\/\/nederlandsetempeliers.nl\/testemonium-envios\/"},"modified":"2026-03-15T15:38:55","modified_gmt":"2026-03-15T14:38:55","slug":"testemonium-envios","status":"publish","type":"page","link":"https:\/\/nederlandsetempeliers.nl\/es\/testemonium-envios\/","title":{"rendered":"Testemonium Env\u00edos"},"content":{"rendered":"\t\t<div data-elementor-type=\"wp-page\" data-elementor-id=\"5936\" class=\"elementor elementor-5936 elementor-5900\" data-elementor-post-type=\"page\">\n\t\t\t\t<div class=\"elementor-element elementor-element-34b5964 e-con-full e-flex e-con e-parent\" data-id=\"34b5964\" data-element_type=\"container\" data-e-type=\"container\">\n\t\t\t\t<div class=\"elementor-element elementor-element-5fff6b4 elementor-widget elementor-widget-image\" data-id=\"5fff6b4\" data-element_type=\"widget\" data-e-type=\"widget\" data-widget_type=\"image.default\">\n\t\t\t\t<div class=\"elementor-widget-container\">\n\t\t\t\t\t\t\t\t\t\t\t\t\t\t\t<img fetchpriority=\"high\" decoding=\"async\" width=\"768\" height=\"673\" src=\"https:\/\/nederlandsetempeliers.nl\/wp-content\/uploads\/Tempelier-Pelgrim-768x673.jpeg\" class=\"attachment-medium_large size-medium_large wp-image-5934\" alt=\"Templario con un brazo sobre el hombro de un peregrino\" srcset=\"https:\/\/nederlandsetempeliers.nl\/wp-content\/uploads\/Tempelier-Pelgrim-768x673.jpeg 768w, https:\/\/nederlandsetempeliers.nl\/wp-content\/uploads\/Tempelier-Pelgrim-300x263.jpeg 300w, https:\/\/nederlandsetempeliers.nl\/wp-content\/uploads\/Tempelier-Pelgrim.jpeg 824w\" sizes=\"(max-width: 768px) 100vw, 768px\" \/>\t\t\t\t\t\t\t\t\t\t\t\t\t\t\t<\/div>\n\t\t\t\t<\/div>\n\t\t\t\t<\/div>\n\t\t<div class=\"elementor-element elementor-element-936bcb0 e-flex e-con-boxed e-con e-parent\" data-id=\"936bcb0\" data-element_type=\"container\" data-e-type=\"container\">\n\t\t\t\t\t<div class=\"e-con-inner\">\n\t\t\t\t<div class=\"elementor-element elementor-element-615e341 elementor-widget elementor-widget-text-editor\" data-id=\"615e341\" data-element_type=\"widget\" data-e-type=\"widget\" data-widget_type=\"text-editor.default\">\n\t\t\t\t<div class=\"elementor-widget-container\">\n\t\t\t\t\t\t\t\t\t<p><strong>TESTIMONIUM<\/strong><\/p><p> <\/p><p>A veces los peregrinos o visitantes desean compartir algo que no encaja directamente en un tema ya existente en este sitio, pero que aun as\u00ed est\u00e1 relacionado con la fe, la historia o el esp\u00edritu de los templarios.<\/p><p>Puede tratarse de una historia personal.<br>Un descubrimiento realizado en el camino.<br>Una reflexi\u00f3n sobre la fe.<br>O un lugar, tradici\u00f3n o recuerdo que haya adquirido para usted un significado especial.<\/p><p>Para este tipo de contribuciones existe Testimonium.<\/p><p>Aqu\u00ed reunimos escritos que tienen su propia voz \u2014 palabras de peregrinos, viajeros y buscadores que han vivido algo que desean transmitir.<\/p><p>Si m\u00e1s adelante una contribuci\u00f3n encaja con un tema de este sitio, podr\u00e1 colocarse all\u00ed.<br>Hasta entonces, la conservamos aqu\u00ed.<\/p><p>De este modo Testimonium crece poco a poco hasta convertirse en una colecci\u00f3n de voces y testimonios \u2014 peque\u00f1as se\u00f1ales a lo largo del camino dejadas por quienes quisieron dejar su huella.<\/p><p>Cada contribuci\u00f3n, por peque\u00f1a que sea, puede convertirse en una luz para otro.<\/p><p><strong>Testimonia viam illuminant.<\/strong><\/p>\t\t\t\t\t\t\t\t<\/div>\n\t\t\t\t<\/div>\n\t\t\t\t\t<\/div>\n\t\t\t\t<\/div>\n\t\t<div class=\"elementor-element elementor-element-766ec52 e-con-full e-flex e-con e-parent\" data-id=\"766ec52\" data-element_type=\"container\" data-e-type=\"container\">\n\t\t\t\t<div class=\"elementor-element elementor-element-7ba6cf5 elementor-widget elementor-widget-image\" data-id=\"7ba6cf5\" data-element_type=\"widget\" data-e-type=\"widget\" data-widget_type=\"image.default\">\n\t\t\t\t<div class=\"elementor-widget-container\">\n\t\t\t\t\t\t\t\t\t\t\t\t\t\t\t<img decoding=\"async\" width=\"800\" height=\"139\" src=\"https:\/\/nederlandsetempeliers.nl\/wp-content\/uploads\/penveer.jpeg\" class=\"attachment-large size-large wp-image-5935\" alt=\"3 rojo pluma\" srcset=\"https:\/\/nederlandsetempeliers.nl\/wp-content\/uploads\/penveer.jpeg 934w, https:\/\/nederlandsetempeliers.nl\/wp-content\/uploads\/penveer-300x52.jpeg 300w, https:\/\/nederlandsetempeliers.nl\/wp-content\/uploads\/penveer-768x133.jpeg 768w\" sizes=\"(max-width: 800px) 100vw, 800px\" \/>\t\t\t\t\t\t\t\t\t\t\t\t\t\t\t<\/div>\n\t\t\t\t<\/div>\n\t\t\t\t<\/div>\n\t\t\t\t<\/div>\n\t\t","protected":false},"excerpt":{"rendered":"<p>TESTIMONIUM A veces los peregrinos o visitantes desean compartir algo que no encaja directamente en un tema ya existente en este sitio, pero que aun as\u00ed est\u00e1 relacionado con la [&hellip;]<\/p>\n","protected":false},"author":4,"featured_media":0,"parent":0,"menu_order":0,"comment_status":"closed","ping_status":"closed","template":"","meta":{"footnotes":""},"class_list":["post-5936","page","type-page","status-publish","hentry"],"yoast_head":"<!-- This site is optimized with the Yoast SEO plugin v27.2 - https:\/\/yoast.com\/product\/yoast-seo-wordpress\/ -->\n<title>Testemonium Env\u00edos - Nederlandse Tempeliers<\/title>\n<meta name=\"robots\" content=\"index, follow, max-snippet:-1, max-image-preview:large, max-video-preview:-1\" \/>\n<link rel=\"canonical\" href=\"https:\/\/nederlandsetempeliers.nl\/es\/testemonium-envios\/\" \/>\n<meta property=\"og:locale\" content=\"es_ES\" \/>\n<meta property=\"og:type\" content=\"article\" \/>\n<meta property=\"og:title\" content=\"Testemonium Env\u00edos - Nederlandse Tempeliers\" \/>\n<meta property=\"og:description\" content=\"TESTIMONIUM A veces los peregrinos o visitantes desean compartir algo que no encaja directamente en un tema ya existente en este sitio, pero que aun as\u00ed est\u00e1 relacionado con la [&hellip;]\" \/>\n<meta property=\"og:url\" content=\"https:\/\/nederlandsetempeliers.nl\/es\/testemonium-envios\/\" \/>\n<meta property=\"og:site_name\" content=\"Nederlandse Tempeliers\" \/>\n<meta property=\"article:modified_time\" content=\"2026-03-15T14:38:55+00:00\" \/>\n<meta property=\"og:image\" content=\"https:\/\/nederlandsetempeliers.nl\/wp-content\/uploads\/Tempelier-Pelgrim.jpeg\" \/>\n\t<meta property=\"og:image:width\" content=\"824\" \/>\n\t<meta property=\"og:image:height\" content=\"722\" \/>\n\t<meta property=\"og:image:type\" content=\"image\/jpeg\" \/>\n<meta name=\"twitter:card\" content=\"summary_large_image\" \/>\n<meta name=\"twitter:label1\" content=\"Tiempo de lectura\" \/>\n\t<meta name=\"twitter:data1\" content=\"1 minuto\" \/>\n<script type=\"application\/ld+json\" class=\"yoast-schema-graph\">{\"@context\":\"https:\/\/schema.org\",\"@graph\":[{\"@type\":\"WebPage\",\"@id\":\"https:\/\/nederlandsetempeliers.nl\/es\/testemonium-envios\/\",\"url\":\"https:\/\/nederlandsetempeliers.nl\/es\/testemonium-envios\/\",\"name\":\"Testemonium Env\u00edos - Nederlandse Tempeliers\",\"isPartOf\":{\"@id\":\"https:\/\/nederlandsetempeliers.nl\/es\/#website\"},\"primaryImageOfPage\":{\"@id\":\"https:\/\/nederlandsetempeliers.nl\/es\/testemonium-envios\/#primaryimage\"},\"image\":{\"@id\":\"https:\/\/nederlandsetempeliers.nl\/es\/testemonium-envios\/#primaryimage\"},\"thumbnailUrl\":\"https:\/\/nederlandsetempeliers.nl\/wp-content\/uploads\/Tempelier-Pelgrim-768x673.jpeg\",\"datePublished\":\"2026-03-14T22:18:48+00:00\",\"dateModified\":\"2026-03-15T14:38:55+00:00\",\"breadcrumb\":{\"@id\":\"https:\/\/nederlandsetempeliers.nl\/es\/testemonium-envios\/#breadcrumb\"},\"inLanguage\":\"es\",\"potentialAction\":[{\"@type\":\"ReadAction\",\"target\":[\"https:\/\/nederlandsetempeliers.nl\/es\/testemonium-envios\/\"]}]},{\"@type\":\"ImageObject\",\"inLanguage\":\"es\",\"@id\":\"https:\/\/nederlandsetempeliers.nl\/es\/testemonium-envios\/#primaryimage\",\"url\":\"https:\/\/nederlandsetempeliers.nl\/wp-content\/uploads\/Tempelier-Pelgrim-768x673.jpeg\",\"contentUrl\":\"https:\/\/nederlandsetempeliers.nl\/wp-content\/uploads\/Tempelier-Pelgrim-768x673.jpeg\"},{\"@type\":\"BreadcrumbList\",\"@id\":\"https:\/\/nederlandsetempeliers.nl\/es\/testemonium-envios\/#breadcrumb\",\"itemListElement\":[{\"@type\":\"ListItem\",\"position\":1,\"name\":\"Home\",\"item\":\"https:\/\/nederlandsetempeliers.nl\/es\/\"},{\"@type\":\"ListItem\",\"position\":2,\"name\":\"Testemonium Env\u00edos\"}]},{\"@type\":\"WebSite\",\"@id\":\"https:\/\/nederlandsetempeliers.nl\/es\/#website\",\"url\":\"https:\/\/nederlandsetempeliers.nl\/es\/\",\"name\":\"Nederlandse Tempeliers\",\"description\":\"The Black Knights Templars of Solomon\",\"publisher\":{\"@id\":\"https:\/\/nederlandsetempeliers.nl\/es\/#organization\"},\"potentialAction\":[{\"@type\":\"SearchAction\",\"target\":{\"@type\":\"EntryPoint\",\"urlTemplate\":\"https:\/\/nederlandsetempeliers.nl\/es\/?s={search_term_string}\"},\"query-input\":{\"@type\":\"PropertyValueSpecification\",\"valueRequired\":true,\"valueName\":\"search_term_string\"}}],\"inLanguage\":\"es\"},{\"@type\":\"Organization\",\"@id\":\"https:\/\/nederlandsetempeliers.nl\/es\/#organization\",\"name\":\"Nederlandse Tempeliers\",\"url\":\"https:\/\/nederlandsetempeliers.nl\/es\/\",\"logo\":{\"@type\":\"ImageObject\",\"inLanguage\":\"es\",\"@id\":\"https:\/\/nederlandsetempeliers.nl\/es\/#\/schema\/logo\/image\/\",\"url\":\"https:\/\/nederlandsetempeliers.nl\/wp-content\/uploads\/Dutch-order-v2.png\",\"contentUrl\":\"https:\/\/nederlandsetempeliers.nl\/wp-content\/uploads\/Dutch-order-v2.png\",\"width\":687,\"height\":686,\"caption\":\"Nederlandse Tempeliers\"},\"image\":{\"@id\":\"https:\/\/nederlandsetempeliers.nl\/es\/#\/schema\/logo\/image\/\"}}]}<\/script>\n<!-- \/ Yoast SEO plugin. -->","yoast_head_json":{"title":"Testemonium Env\u00edos - Nederlandse Tempeliers","robots":{"index":"index","follow":"follow","max-snippet":"max-snippet:-1","max-image-preview":"max-image-preview:large","max-video-preview":"max-video-preview:-1"},"canonical":"https:\/\/nederlandsetempeliers.nl\/es\/testemonium-envios\/","og_locale":"es_ES","og_type":"article","og_title":"Testemonium Env\u00edos - Nederlandse Tempeliers","og_description":"TESTIMONIUM A veces los peregrinos o visitantes desean compartir algo que no encaja directamente en un tema ya existente en este sitio, pero que aun as\u00ed est\u00e1 relacionado con la [&hellip;]","og_url":"https:\/\/nederlandsetempeliers.nl\/es\/testemonium-envios\/","og_site_name":"Nederlandse Tempeliers","article_modified_time":"2026-03-15T14:38:55+00:00","og_image":[{"width":824,"height":722,"url":"https:\/\/nederlandsetempeliers.nl\/wp-content\/uploads\/Tempelier-Pelgrim.jpeg","type":"image\/jpeg"}],"twitter_card":"summary_large_image","twitter_misc":{"Tiempo de lectura":"1 minuto"},"schema":{"@context":"https:\/\/schema.org","@graph":[{"@type":"WebPage","@id":"https:\/\/nederlandsetempeliers.nl\/es\/testemonium-envios\/","url":"https:\/\/nederlandsetempeliers.nl\/es\/testemonium-envios\/","name":"Testemonium Env\u00edos - Nederlandse Tempeliers","isPartOf":{"@id":"https:\/\/nederlandsetempeliers.nl\/es\/#website"},"primaryImageOfPage":{"@id":"https:\/\/nederlandsetempeliers.nl\/es\/testemonium-envios\/#primaryimage"},"image":{"@id":"https:\/\/nederlandsetempeliers.nl\/es\/testemonium-envios\/#primaryimage"},"thumbnailUrl":"https:\/\/nederlandsetempeliers.nl\/wp-content\/uploads\/Tempelier-Pelgrim-768x673.jpeg","datePublished":"2026-03-14T22:18:48+00:00","dateModified":"2026-03-15T14:38:55+00:00","breadcrumb":{"@id":"https:\/\/nederlandsetempeliers.nl\/es\/testemonium-envios\/#breadcrumb"},"inLanguage":"es","potentialAction":[{"@type":"ReadAction","target":["https:\/\/nederlandsetempeliers.nl\/es\/testemonium-envios\/"]}]},{"@type":"ImageObject","inLanguage":"es","@id":"https:\/\/nederlandsetempeliers.nl\/es\/testemonium-envios\/#primaryimage","url":"https:\/\/nederlandsetempeliers.nl\/wp-content\/uploads\/Tempelier-Pelgrim-768x673.jpeg","contentUrl":"https:\/\/nederlandsetempeliers.nl\/wp-content\/uploads\/Tempelier-Pelgrim-768x673.jpeg"},{"@type":"BreadcrumbList","@id":"https:\/\/nederlandsetempeliers.nl\/es\/testemonium-envios\/#breadcrumb","itemListElement":[{"@type":"ListItem","position":1,"name":"Home","item":"https:\/\/nederlandsetempeliers.nl\/es\/"},{"@type":"ListItem","position":2,"name":"Testemonium Env\u00edos"}]},{"@type":"WebSite","@id":"https:\/\/nederlandsetempeliers.nl\/es\/#website","url":"https:\/\/nederlandsetempeliers.nl\/es\/","name":"Nederlandse Tempeliers","description":"The Black Knights Templars of Solomon","publisher":{"@id":"https:\/\/nederlandsetempeliers.nl\/es\/#organization"},"potentialAction":[{"@type":"SearchAction","target":{"@type":"EntryPoint","urlTemplate":"https:\/\/nederlandsetempeliers.nl\/es\/?s={search_term_string}"},"query-input":{"@type":"PropertyValueSpecification","valueRequired":true,"valueName":"search_term_string"}}],"inLanguage":"es"},{"@type":"Organization","@id":"https:\/\/nederlandsetempeliers.nl\/es\/#organization","name":"Nederlandse Tempeliers","url":"https:\/\/nederlandsetempeliers.nl\/es\/","logo":{"@type":"ImageObject","inLanguage":"es","@id":"https:\/\/nederlandsetempeliers.nl\/es\/#\/schema\/logo\/image\/","url":"https:\/\/nederlandsetempeliers.nl\/wp-content\/uploads\/Dutch-order-v2.png","contentUrl":"https:\/\/nederlandsetempeliers.nl\/wp-content\/uploads\/Dutch-order-v2.png","width":687,"height":686,"caption":"Nederlandse Tempeliers"},"image":{"@id":"https:\/\/nederlandsetempeliers.nl\/es\/#\/schema\/logo\/image\/"}}]}},"_links":{"self":[{"href":"https:\/\/nederlandsetempeliers.nl\/es\/wp-json\/wp\/v2\/pages\/5936","targetHints":{"allow":["GET"]}}],"collection":[{"href":"https:\/\/nederlandsetempeliers.nl\/es\/wp-json\/wp\/v2\/pages"}],"about":[{"href":"https:\/\/nederlandsetempeliers.nl\/es\/wp-json\/wp\/v2\/types\/page"}],"author":[{"embeddable":true,"href":"https:\/\/nederlandsetempeliers.nl\/es\/wp-json\/wp\/v2\/users\/4"}],"replies":[{"embeddable":true,"href":"https:\/\/nederlandsetempeliers.nl\/es\/wp-json\/wp\/v2\/comments?post=5936"}],"version-history":[{"count":2,"href":"https:\/\/nederlandsetempeliers.nl\/es\/wp-json\/wp\/v2\/pages\/5936\/revisions"}],"predecessor-version":[{"id":5938,"href":"https:\/\/nederlandsetempeliers.nl\/es\/wp-json\/wp\/v2\/pages\/5936\/revisions\/5938"}],"wp:attachment":[{"href":"https:\/\/nederlandsetempeliers.nl\/es\/wp-json\/wp\/v2\/media?parent=5936"}],"curies":[{"name":"wp","href":"https:\/\/api.w.org\/{rel}","templated":true}]}}