{"id":7604,"date":"2026-04-12T21:48:18","date_gmt":"2026-04-12T19:48:18","guid":{"rendered":"https:\/\/nederlandsetempeliers.nl\/orden-de-la-estrella\/"},"modified":"2026-04-13T17:35:56","modified_gmt":"2026-04-13T15:35:56","slug":"orden-de-la-estrella","status":"publish","type":"page","link":"https:\/\/nederlandsetempeliers.nl\/es\/orden-de-la-estrella\/","title":{"rendered":"Orden de la Estrella"},"content":{"rendered":"\t\t<div data-elementor-type=\"wp-page\" data-elementor-id=\"7604\" class=\"elementor elementor-7604 elementor-7486\" data-elementor-post-type=\"page\">\n\t\t\t\t<div class=\"elementor-element elementor-element-201f5c7 e-flex e-con-boxed e-con e-parent\" data-id=\"201f5c7\" data-element_type=\"container\" data-e-type=\"container\">\n\t\t\t\t\t<div class=\"e-con-inner\">\n\t\t\t\t<div class=\"elementor-element elementor-element-dbb0d10 elementor-widget elementor-widget-image\" data-id=\"dbb0d10\" data-element_type=\"widget\" data-e-type=\"widget\" data-widget_type=\"image.default\">\n\t\t\t\t<div class=\"elementor-widget-container\">\n\t\t\t\t\t\t\t\t\t\t\t\t\t\t\t<img fetchpriority=\"high\" decoding=\"async\" width=\"500\" height=\"312\" src=\"https:\/\/nederlandsetempeliers.nl\/wp-content\/uploads\/6-2.jpeg\" class=\"attachment-large size-large wp-image-7600\" alt=\"Orden de la Estrella 2\" srcset=\"https:\/\/nederlandsetempeliers.nl\/wp-content\/uploads\/6-2.jpeg 500w, https:\/\/nederlandsetempeliers.nl\/wp-content\/uploads\/6-2-300x187.jpeg 300w\" sizes=\"(max-width: 500px) 100vw, 500px\" \/>\t\t\t\t\t\t\t\t\t\t\t\t\t\t\t<\/div>\n\t\t\t\t<\/div>\n\t\t\t\t\t<\/div>\n\t\t\t\t<\/div>\n\t\t<div class=\"elementor-element elementor-element-051c7de e-flex e-con-boxed e-con e-parent\" data-id=\"051c7de\" data-element_type=\"container\" data-e-type=\"container\">\n\t\t\t\t\t<div class=\"e-con-inner\">\n\t\t\t\t<div class=\"elementor-element elementor-element-0b3f57a elementor-widget elementor-widget-heading\" data-id=\"0b3f57a\" data-element_type=\"widget\" data-e-type=\"widget\" data-widget_type=\"heading.default\">\n\t\t\t\t<div class=\"elementor-widget-container\">\n\t\t\t\t\t<h2 class=\"elementor-heading-title elementor-size-default\">Orden de la Estrella<\/h2>\t\t\t\t<\/div>\n\t\t\t\t<\/div>\n\t\t\t\t\t<\/div>\n\t\t\t\t<\/div>\n\t\t<div class=\"elementor-element elementor-element-216d01b e-flex e-con-boxed e-con e-parent\" data-id=\"216d01b\" data-element_type=\"container\" data-e-type=\"container\">\n\t\t\t\t\t<div class=\"e-con-inner\">\n\t\t\t\t<div class=\"elementor-element elementor-element-2a42c7e elementor-widget elementor-widget-text-editor\" data-id=\"2a42c7e\" data-element_type=\"widget\" data-e-type=\"widget\" data-widget_type=\"text-editor.default\">\n\t\t\t\t<div class=\"elementor-widget-container\">\n\t\t\t\t\t\t\t\t\t<p style=\"text-align: center;\"><strong>\u2720 Cuando una orden carece de fundamento \u2720 No todas las \u00f3rdenes de caballer\u00eda fueron creadas para perdurar \u2720<\/strong><\/p>\t\t\t\t\t\t\t\t<\/div>\n\t\t\t\t<\/div>\n\t\t\t\t\t<\/div>\n\t\t\t\t<\/div>\n\t\t<div class=\"elementor-element elementor-element-7a99f0e e-flex e-con-boxed e-con e-parent\" data-id=\"7a99f0e\" data-element_type=\"container\" data-e-type=\"container\">\n\t\t\t\t\t<div class=\"e-con-inner\">\n\t\t\t\t<div class=\"elementor-element elementor-element-9d6847f elementor-widget elementor-widget-text-editor\" data-id=\"9d6847f\" data-element_type=\"widget\" data-e-type=\"widget\" data-widget_type=\"text-editor.default\">\n\t\t\t\t<div class=\"elementor-widget-container\">\n\t\t\t\t\t\t\t\t\t<p>El 16 de noviembre de 1351, el rey de Francia Jean le Bon fund\u00f3 la Orden de la Estrella. <br>Una hermandad de caballeros, concebida como contraparte de la Orden de la Jarretera en Inglaterra. Su s\u00edmbolo era una estrella de plata (\u00e9toile) con ocho rayos \u2014 la plata como signo de pureza, mientras que el significado de los rayos no se ha conservado de forma clara. <br><br>La orden estaba dedicada a la Virgen Mar\u00eda y vinculada a la corte real. El rey deseaba reunir a su alrededor un grupo selecto de caballeros. La orden se mantuvo relativamente peque\u00f1a, con alrededor de cien caballeros. Su lema era: Monstrant regibus astra viam \u2014<br>Las estrellas muestran el camino a los reyes.   <br><br>Sonaba grandioso.<br>Honorable.<br>Casi elevado.<br><br>Pero lo que faltaba era aquello sobre lo que una orden realmente se sostiene. Los caballeros de la Estrella juraron no huir jam\u00e1s en combate.<br>Un juramento sin matices \u2014 sin una regla profundamente arraigada.<br>Cuando en 1356 se enfrentaron al enemigo en la batalla de Poitiers, cumplieron su palabra.<br>Se mantuvieron firmes.<br>Y cayeron.  <br><br>La orden fue duramente golpeada all\u00ed y perdi\u00f3 gran parte de su fuerza. Tras aquella batalla, pr\u00e1cticamente se desmoron\u00f3 y nunca fue verdaderamente restaurada. No por falta de valor\u2026 sino por la ausencia de un fundamento s\u00f3lido. Porque donde no hay una regla bien concebida, incluso la fidelidad a un juramento puede conducir a la ca\u00edda.   <br><br>Los Templarios eligieron otro camino.<br>Construyeron su vida sobre la regla, la disciplina y la obediencia.<br>No un solo juramento\u2026 sino setenta y dos reglas dieron forma a su vida.<br>El fundamento de la Orden.<\/p><p><br><strong>Las reglas no son una limitaci\u00f3n \u2014 son una protecci\u00f3n.<\/strong><\/p>\t\t\t\t\t\t\t\t<\/div>\n\t\t\t\t<\/div>\n\t\t\t\t\t<\/div>\n\t\t\t\t<\/div>\n\t\t<div class=\"elementor-element elementor-element-1b541c0 e-flex e-con-boxed e-con e-parent\" data-id=\"1b541c0\" data-element_type=\"container\" data-e-type=\"container\">\n\t\t\t\t\t<div class=\"e-con-inner\">\n\t\t\t\t<div class=\"elementor-element elementor-element-e1a8f9c elementor-widget elementor-widget-image\" data-id=\"e1a8f9c\" data-element_type=\"widget\" data-e-type=\"widget\" data-widget_type=\"image.default\">\n\t\t\t\t<div class=\"elementor-widget-container\">\n\t\t\t\t\t\t\t\t\t\t\t\t\t\t\t<img decoding=\"async\" width=\"632\" height=\"955\" src=\"https:\/\/nederlandsetempeliers.nl\/wp-content\/uploads\/10.jpeg\" class=\"attachment-large size-large wp-image-7601\" alt=\"orden de los incunables estelares\" srcset=\"https:\/\/nederlandsetempeliers.nl\/wp-content\/uploads\/10.jpeg 632w, https:\/\/nederlandsetempeliers.nl\/wp-content\/uploads\/10-199x300.jpeg 199w\" sizes=\"(max-width: 632px) 100vw, 632px\" \/>\t\t\t\t\t\t\t\t\t\t\t\t\t\t\t<\/div>\n\t\t\t\t<\/div>\n\t\t\t\t\t<\/div>\n\t\t\t\t<\/div>\n\t\t<div class=\"elementor-element elementor-element-d596651 e-flex e-con-boxed e-con e-parent\" data-id=\"d596651\" data-element_type=\"container\" data-e-type=\"container\">\n\t\t\t\t\t<div class=\"e-con-inner\">\n\t\t\t\t<div class=\"elementor-element elementor-element-85372a9 elementor-widget elementor-widget-text-editor\" data-id=\"85372a9\" data-element_type=\"widget\" data-e-type=\"widget\" data-widget_type=\"text-editor.default\">\n\t\t\t\t<div class=\"elementor-widget-container\">\n\t\t\t\t\t\t\t\t\t<p>Esta cr\u00f3nica describe un acontecimiento militar, una batalla. Se ve: el duque de Lancaster, el duque de Breta\u00f1a, los combates en Normand\u00eda, muchas muertes (\u201cfurent occis\u201d) y las negociaciones posteriores. Es decir: un relato directo \u2014 la historia en formaci\u00f3n.   <br>Se sentaban a la mesa como hermanos\u2026 pero no estaban sostenidos por una regla.<\/p>\t\t\t\t\t\t\t\t<\/div>\n\t\t\t\t<\/div>\n\t\t\t\t\t<\/div>\n\t\t\t\t<\/div>\n\t\t<div class=\"elementor-element elementor-element-33373ef e-flex e-con-boxed e-con e-parent\" data-id=\"33373ef\" data-element_type=\"container\" data-e-type=\"container\">\n\t\t\t\t\t<div class=\"e-con-inner\">\n\t\t\t\t<div class=\"elementor-element elementor-element-d8fe4a6 elementor-widget elementor-widget-image\" data-id=\"d8fe4a6\" data-element_type=\"widget\" data-e-type=\"widget\" data-widget_type=\"image.default\">\n\t\t\t\t<div class=\"elementor-widget-container\">\n\t\t\t\t\t\t\t\t\t\t\t\t\t\t\t<img decoding=\"async\" width=\"731\" height=\"263\" src=\"https:\/\/nederlandsetempeliers.nl\/wp-content\/uploads\/2-2.jpeg\" class=\"attachment-large size-large wp-image-7602\" alt=\"texto de incunables\" srcset=\"https:\/\/nederlandsetempeliers.nl\/wp-content\/uploads\/2-2.jpeg 731w, https:\/\/nederlandsetempeliers.nl\/wp-content\/uploads\/2-2-300x108.jpeg 300w\" sizes=\"(max-width: 731px) 100vw, 731px\" \/>\t\t\t\t\t\t\t\t\t\t\t\t\t\t\t<\/div>\n\t\t\t\t<\/div>\n\t\t\t\t\t<\/div>\n\t\t\t\t<\/div>\n\t\t<div class=\"elementor-element elementor-element-a6d4985 e-flex e-con-boxed e-con e-parent\" data-id=\"a6d4985\" data-element_type=\"container\" data-e-type=\"container\">\n\t\t\t\t\t<div class=\"e-con-inner\">\n\t\t\t\t<div class=\"elementor-element elementor-element-a9f8f0e elementor-widget elementor-widget-image\" data-id=\"a9f8f0e\" data-element_type=\"widget\" data-e-type=\"widget\" data-widget_type=\"image.default\">\n\t\t\t\t<div class=\"elementor-widget-container\">\n\t\t\t\t\t\t\t\t\t\t\t\t\t\t\t<img loading=\"lazy\" decoding=\"async\" width=\"501\" height=\"233\" src=\"https:\/\/nederlandsetempeliers.nl\/wp-content\/uploads\/3-2.jpeg\" class=\"attachment-large size-large wp-image-7603\" alt=\"traducci\u00f3n\" srcset=\"https:\/\/nederlandsetempeliers.nl\/wp-content\/uploads\/3-2.jpeg 501w, https:\/\/nederlandsetempeliers.nl\/wp-content\/uploads\/3-2-300x140.jpeg 300w\" sizes=\"(max-width: 501px) 100vw, 501px\" \/>\t\t\t\t\t\t\t\t\t\t\t\t\t\t\t<\/div>\n\t\t\t\t<\/div>\n\t\t\t\t\t<\/div>\n\t\t\t\t<\/div>\n\t\t<div class=\"elementor-element elementor-element-1942bf4 e-flex e-con-boxed e-con e-parent\" data-id=\"1942bf4\" data-element_type=\"container\" data-e-type=\"container\">\n\t\t\t\t\t<div class=\"e-con-inner\">\n\t\t\t\t<div class=\"elementor-element elementor-element-34ad5a9 elementor-widget elementor-widget-text-editor\" data-id=\"34ad5a9\" data-element_type=\"widget\" data-e-type=\"widget\" data-widget_type=\"text-editor.default\">\n\t\t\t\t<div class=\"elementor-widget-container\">\n\t\t\t\t\t\t\t\t\t<p>Traducci\u00f3n: C\u00f3mo el duque de Lancaster y el duque de Breta\u00f1a llegaron a Harfleur con sus naves, mientras manten\u00edan al rey retenido \u2014 pero el rey logr\u00f3 escapar.<br>En esta batalla, los duques de Breta\u00f1a, junto con sus vasallos y muchos otros nobles, tanto de Inglaterra y Escocia como valientes hombres del reino de Francia, fueron muertos y derrotados.<br>\ud83d\udc49 En cuanto al rey de Francia y sus hombres: tras grandes p\u00e9rdidas, hizo llamar al duque de Breta\u00f1a para hablar con \u00e9l\u2026<\/p>\t\t\t\t\t\t\t\t<\/div>\n\t\t\t\t<\/div>\n\t\t\t\t\t<\/div>\n\t\t\t\t<\/div>\n\t\t\t\t<\/div>\n\t\t","protected":false},"excerpt":{"rendered":"<p>Orden de la Estrella \u2720 Cuando una orden carece de fundamento \u2720 No todas las \u00f3rdenes de caballer\u00eda fueron creadas para perdurar \u2720 El 16 de noviembre de 1351, el [&hellip;]<\/p>\n","protected":false},"author":4,"featured_media":0,"parent":0,"menu_order":0,"comment_status":"closed","ping_status":"closed","template":"","meta":{"footnotes":""},"class_list":["post-7604","page","type-page","status-publish","hentry"],"yoast_head":"<!-- This site is optimized with the Yoast SEO plugin v27.2 - https:\/\/yoast.com\/product\/yoast-seo-wordpress\/ -->\n<title>Orden de la Estrella - Nederlandse Tempeliers<\/title>\n<meta name=\"robots\" content=\"index, follow, max-snippet:-1, max-image-preview:large, max-video-preview:-1\" \/>\n<link rel=\"canonical\" href=\"https:\/\/nederlandsetempeliers.nl\/es\/orden-de-la-estrella\/\" \/>\n<meta property=\"og:locale\" content=\"es_ES\" \/>\n<meta property=\"og:type\" content=\"article\" \/>\n<meta property=\"og:title\" content=\"Orden de la Estrella - Nederlandse Tempeliers\" \/>\n<meta property=\"og:description\" content=\"Orden de la Estrella \u2720 Cuando una orden carece de fundamento \u2720 No todas las \u00f3rdenes de caballer\u00eda fueron creadas para perdurar \u2720 El 16 de noviembre de 1351, el [&hellip;]\" \/>\n<meta property=\"og:url\" content=\"https:\/\/nederlandsetempeliers.nl\/es\/orden-de-la-estrella\/\" \/>\n<meta property=\"og:site_name\" content=\"Nederlandse Tempeliers\" \/>\n<meta property=\"article:modified_time\" content=\"2026-04-13T15:35:56+00:00\" \/>\n<meta property=\"og:image\" content=\"https:\/\/nederlandsetempeliers.nl\/wp-content\/uploads\/6-2.jpeg\" \/>\n\t<meta property=\"og:image:width\" content=\"500\" \/>\n\t<meta property=\"og:image:height\" content=\"312\" \/>\n\t<meta property=\"og:image:type\" content=\"image\/jpeg\" \/>\n<meta name=\"twitter:card\" content=\"summary_large_image\" \/>\n<meta name=\"twitter:label1\" content=\"Tiempo de lectura\" \/>\n\t<meta name=\"twitter:data1\" content=\"2 minutos\" \/>\n<script type=\"application\/ld+json\" class=\"yoast-schema-graph\">{\"@context\":\"https:\/\/schema.org\",\"@graph\":[{\"@type\":\"WebPage\",\"@id\":\"https:\/\/nederlandsetempeliers.nl\/es\/orden-de-la-estrella\/\",\"url\":\"https:\/\/nederlandsetempeliers.nl\/es\/orden-de-la-estrella\/\",\"name\":\"Orden de la Estrella - Nederlandse Tempeliers\",\"isPartOf\":{\"@id\":\"https:\/\/nederlandsetempeliers.nl\/es\/#website\"},\"primaryImageOfPage\":{\"@id\":\"https:\/\/nederlandsetempeliers.nl\/es\/orden-de-la-estrella\/#primaryimage\"},\"image\":{\"@id\":\"https:\/\/nederlandsetempeliers.nl\/es\/orden-de-la-estrella\/#primaryimage\"},\"thumbnailUrl\":\"https:\/\/nederlandsetempeliers.nl\/wp-content\/uploads\/6-2.jpeg\",\"datePublished\":\"2026-04-12T19:48:18+00:00\",\"dateModified\":\"2026-04-13T15:35:56+00:00\",\"breadcrumb\":{\"@id\":\"https:\/\/nederlandsetempeliers.nl\/es\/orden-de-la-estrella\/#breadcrumb\"},\"inLanguage\":\"es\",\"potentialAction\":[{\"@type\":\"ReadAction\",\"target\":[\"https:\/\/nederlandsetempeliers.nl\/es\/orden-de-la-estrella\/\"]}]},{\"@type\":\"ImageObject\",\"inLanguage\":\"es\",\"@id\":\"https:\/\/nederlandsetempeliers.nl\/es\/orden-de-la-estrella\/#primaryimage\",\"url\":\"https:\/\/nederlandsetempeliers.nl\/wp-content\/uploads\/6-2.jpeg\",\"contentUrl\":\"https:\/\/nederlandsetempeliers.nl\/wp-content\/uploads\/6-2.jpeg\"},{\"@type\":\"BreadcrumbList\",\"@id\":\"https:\/\/nederlandsetempeliers.nl\/es\/orden-de-la-estrella\/#breadcrumb\",\"itemListElement\":[{\"@type\":\"ListItem\",\"position\":1,\"name\":\"Home\",\"item\":\"https:\/\/nederlandsetempeliers.nl\/es\/\"},{\"@type\":\"ListItem\",\"position\":2,\"name\":\"Orden de la Estrella\"}]},{\"@type\":\"WebSite\",\"@id\":\"https:\/\/nederlandsetempeliers.nl\/es\/#website\",\"url\":\"https:\/\/nederlandsetempeliers.nl\/es\/\",\"name\":\"Nederlandse Tempeliers\",\"description\":\"The Black Knights Templars of Solomon\",\"publisher\":{\"@id\":\"https:\/\/nederlandsetempeliers.nl\/es\/#organization\"},\"potentialAction\":[{\"@type\":\"SearchAction\",\"target\":{\"@type\":\"EntryPoint\",\"urlTemplate\":\"https:\/\/nederlandsetempeliers.nl\/es\/?s={search_term_string}\"},\"query-input\":{\"@type\":\"PropertyValueSpecification\",\"valueRequired\":true,\"valueName\":\"search_term_string\"}}],\"inLanguage\":\"es\"},{\"@type\":\"Organization\",\"@id\":\"https:\/\/nederlandsetempeliers.nl\/es\/#organization\",\"name\":\"Nederlandse Tempeliers\",\"url\":\"https:\/\/nederlandsetempeliers.nl\/es\/\",\"logo\":{\"@type\":\"ImageObject\",\"inLanguage\":\"es\",\"@id\":\"https:\/\/nederlandsetempeliers.nl\/es\/#\/schema\/logo\/image\/\",\"url\":\"https:\/\/nederlandsetempeliers.nl\/wp-content\/uploads\/Dutch-order-v2.png\",\"contentUrl\":\"https:\/\/nederlandsetempeliers.nl\/wp-content\/uploads\/Dutch-order-v2.png\",\"width\":687,\"height\":686,\"caption\":\"Nederlandse Tempeliers\"},\"image\":{\"@id\":\"https:\/\/nederlandsetempeliers.nl\/es\/#\/schema\/logo\/image\/\"}}]}<\/script>\n<!-- \/ Yoast SEO plugin. -->","yoast_head_json":{"title":"Orden de la Estrella - Nederlandse Tempeliers","robots":{"index":"index","follow":"follow","max-snippet":"max-snippet:-1","max-image-preview":"max-image-preview:large","max-video-preview":"max-video-preview:-1"},"canonical":"https:\/\/nederlandsetempeliers.nl\/es\/orden-de-la-estrella\/","og_locale":"es_ES","og_type":"article","og_title":"Orden de la Estrella - Nederlandse Tempeliers","og_description":"Orden de la Estrella \u2720 Cuando una orden carece de fundamento \u2720 No todas las \u00f3rdenes de caballer\u00eda fueron creadas para perdurar \u2720 El 16 de noviembre de 1351, el [&hellip;]","og_url":"https:\/\/nederlandsetempeliers.nl\/es\/orden-de-la-estrella\/","og_site_name":"Nederlandse Tempeliers","article_modified_time":"2026-04-13T15:35:56+00:00","og_image":[{"width":500,"height":312,"url":"https:\/\/nederlandsetempeliers.nl\/wp-content\/uploads\/6-2.jpeg","type":"image\/jpeg"}],"twitter_card":"summary_large_image","twitter_misc":{"Tiempo de lectura":"2 minutos"},"schema":{"@context":"https:\/\/schema.org","@graph":[{"@type":"WebPage","@id":"https:\/\/nederlandsetempeliers.nl\/es\/orden-de-la-estrella\/","url":"https:\/\/nederlandsetempeliers.nl\/es\/orden-de-la-estrella\/","name":"Orden de la Estrella - Nederlandse Tempeliers","isPartOf":{"@id":"https:\/\/nederlandsetempeliers.nl\/es\/#website"},"primaryImageOfPage":{"@id":"https:\/\/nederlandsetempeliers.nl\/es\/orden-de-la-estrella\/#primaryimage"},"image":{"@id":"https:\/\/nederlandsetempeliers.nl\/es\/orden-de-la-estrella\/#primaryimage"},"thumbnailUrl":"https:\/\/nederlandsetempeliers.nl\/wp-content\/uploads\/6-2.jpeg","datePublished":"2026-04-12T19:48:18+00:00","dateModified":"2026-04-13T15:35:56+00:00","breadcrumb":{"@id":"https:\/\/nederlandsetempeliers.nl\/es\/orden-de-la-estrella\/#breadcrumb"},"inLanguage":"es","potentialAction":[{"@type":"ReadAction","target":["https:\/\/nederlandsetempeliers.nl\/es\/orden-de-la-estrella\/"]}]},{"@type":"ImageObject","inLanguage":"es","@id":"https:\/\/nederlandsetempeliers.nl\/es\/orden-de-la-estrella\/#primaryimage","url":"https:\/\/nederlandsetempeliers.nl\/wp-content\/uploads\/6-2.jpeg","contentUrl":"https:\/\/nederlandsetempeliers.nl\/wp-content\/uploads\/6-2.jpeg"},{"@type":"BreadcrumbList","@id":"https:\/\/nederlandsetempeliers.nl\/es\/orden-de-la-estrella\/#breadcrumb","itemListElement":[{"@type":"ListItem","position":1,"name":"Home","item":"https:\/\/nederlandsetempeliers.nl\/es\/"},{"@type":"ListItem","position":2,"name":"Orden de la Estrella"}]},{"@type":"WebSite","@id":"https:\/\/nederlandsetempeliers.nl\/es\/#website","url":"https:\/\/nederlandsetempeliers.nl\/es\/","name":"Nederlandse Tempeliers","description":"The Black Knights Templars of Solomon","publisher":{"@id":"https:\/\/nederlandsetempeliers.nl\/es\/#organization"},"potentialAction":[{"@type":"SearchAction","target":{"@type":"EntryPoint","urlTemplate":"https:\/\/nederlandsetempeliers.nl\/es\/?s={search_term_string}"},"query-input":{"@type":"PropertyValueSpecification","valueRequired":true,"valueName":"search_term_string"}}],"inLanguage":"es"},{"@type":"Organization","@id":"https:\/\/nederlandsetempeliers.nl\/es\/#organization","name":"Nederlandse Tempeliers","url":"https:\/\/nederlandsetempeliers.nl\/es\/","logo":{"@type":"ImageObject","inLanguage":"es","@id":"https:\/\/nederlandsetempeliers.nl\/es\/#\/schema\/logo\/image\/","url":"https:\/\/nederlandsetempeliers.nl\/wp-content\/uploads\/Dutch-order-v2.png","contentUrl":"https:\/\/nederlandsetempeliers.nl\/wp-content\/uploads\/Dutch-order-v2.png","width":687,"height":686,"caption":"Nederlandse Tempeliers"},"image":{"@id":"https:\/\/nederlandsetempeliers.nl\/es\/#\/schema\/logo\/image\/"}}]}},"_links":{"self":[{"href":"https:\/\/nederlandsetempeliers.nl\/es\/wp-json\/wp\/v2\/pages\/7604","targetHints":{"allow":["GET"]}}],"collection":[{"href":"https:\/\/nederlandsetempeliers.nl\/es\/wp-json\/wp\/v2\/pages"}],"about":[{"href":"https:\/\/nederlandsetempeliers.nl\/es\/wp-json\/wp\/v2\/types\/page"}],"author":[{"embeddable":true,"href":"https:\/\/nederlandsetempeliers.nl\/es\/wp-json\/wp\/v2\/users\/4"}],"replies":[{"embeddable":true,"href":"https:\/\/nederlandsetempeliers.nl\/es\/wp-json\/wp\/v2\/comments?post=7604"}],"version-history":[{"count":2,"href":"https:\/\/nederlandsetempeliers.nl\/es\/wp-json\/wp\/v2\/pages\/7604\/revisions"}],"predecessor-version":[{"id":7606,"href":"https:\/\/nederlandsetempeliers.nl\/es\/wp-json\/wp\/v2\/pages\/7604\/revisions\/7606"}],"wp:attachment":[{"href":"https:\/\/nederlandsetempeliers.nl\/es\/wp-json\/wp\/v2\/media?parent=7604"}],"curies":[{"name":"wp","href":"https:\/\/api.w.org\/{rel}","templated":true}]}}