{"id":9796,"date":"2026-05-09T22:03:15","date_gmt":"2026-05-09T20:03:15","guid":{"rendered":"https:\/\/nederlandsetempeliers.nl\/santa-ana\/"},"modified":"2026-05-10T00:02:11","modified_gmt":"2026-05-09T22:02:11","slug":"santa-ana","status":"publish","type":"page","link":"https:\/\/nederlandsetempeliers.nl\/es\/santa-ana\/","title":{"rendered":"Santa Ana"},"content":{"rendered":"\t\t<div data-elementor-type=\"wp-page\" data-elementor-id=\"9796\" class=\"elementor elementor-9796 elementor-9734\" data-elementor-post-type=\"page\">\n\t\t\t\t<div class=\"elementor-element elementor-element-6d255f1 e-flex e-con-boxed e-con e-parent\" data-id=\"6d255f1\" data-element_type=\"container\" data-e-type=\"container\">\n\t\t\t\t\t<div class=\"e-con-inner\">\n\t\t\t\t<div class=\"elementor-element elementor-element-3c0d3ee elementor-widget elementor-widget-image\" data-id=\"3c0d3ee\" data-element_type=\"widget\" data-e-type=\"widget\" data-widget_type=\"image.default\">\n\t\t\t\t<div class=\"elementor-widget-container\">\n\t\t\t\t\t\t\t\t\t\t\t\t\t\t\t<img fetchpriority=\"high\" decoding=\"async\" width=\"800\" height=\"1000\" src=\"https:\/\/nederlandsetempeliers.nl\/wp-content\/uploads\/Sint-Anna-819x1024.jpeg\" class=\"attachment-large size-large wp-image-9752\" alt=\"Sint Anna\" srcset=\"https:\/\/nederlandsetempeliers.nl\/wp-content\/uploads\/Sint-Anna-819x1024.jpeg 819w, https:\/\/nederlandsetempeliers.nl\/wp-content\/uploads\/Sint-Anna-240x300.jpeg 240w, https:\/\/nederlandsetempeliers.nl\/wp-content\/uploads\/Sint-Anna-768x960.jpeg 768w, https:\/\/nederlandsetempeliers.nl\/wp-content\/uploads\/Sint-Anna.jpeg 1122w\" sizes=\"(max-width: 800px) 100vw, 800px\" \/>\t\t\t\t\t\t\t\t\t\t\t\t\t\t\t<\/div>\n\t\t\t\t<\/div>\n\t\t\t\t\t<\/div>\n\t\t\t\t<\/div>\n\t\t<div class=\"elementor-element elementor-element-439ccac e-flex e-con-boxed e-con e-parent\" data-id=\"439ccac\" data-element_type=\"container\" data-e-type=\"container\">\n\t\t\t\t\t<div class=\"e-con-inner\">\n\t\t\t\t<div class=\"elementor-element elementor-element-47fb4dc elementor-widget elementor-widget-text-editor\" data-id=\"47fb4dc\" data-element_type=\"widget\" data-e-type=\"widget\" data-widget_type=\"text-editor.default\">\n\t\t\t\t<div class=\"elementor-widget-container\">\n\t\t\t\t\t\t\t\t\t<p><strong>Santa Ana<\/strong><br><br><br>Santa Ana \u2013 en hebreo: Hannah \u2013 que significa \u201cgracia\u201d. Su festividad se celebra el 26 de julio \u2013 o el 9 de septiembre en la Iglesia oriental. <br><br>Ella es la madre de Mar\u00eda y, por tanto, la abuela de Jes\u00fas. Su esposo se llamaba Joaqu\u00edn. Durante la Edad Media, la devoci\u00f3n a Santa Ana fue enormemente popular. Era considerada patrona de las madres, de las mujeres en el parto y de las familias. Las personas rezaban a Santa Ana por protecci\u00f3n, salud y un hogar seguro.<br>En iconos e im\u00e1genes suele aparecer con un manto rojo \u2014 s\u00edmbolo de amor, vida y protecci\u00f3n.    <br><br>Una representaci\u00f3n muy conocida de la Edad Media es \u201cSanta Ana Triple\u201d. En ella aparecen juntos Ana, Mar\u00eda y el Ni\u00f1o Jes\u00fas. Simbolizaba los lazos familiares, la protecci\u00f3n, la educaci\u00f3n, la transmisi\u00f3n de la fe y la uni\u00f3n entre generaciones.<br>Como abuela de Jes\u00fas, Ana encarna la conexi\u00f3n entre la Antigua y la Nueva Alianza. En ella, las personas ve\u00edan algo profundamente humano: amor maternal, protecci\u00f3n, sabidur\u00eda, educaci\u00f3n y el v\u00ednculo entre generaciones.   <\/p>\t\t\t\t\t\t\t\t<\/div>\n\t\t\t\t<\/div>\n\t\t\t\t\t<\/div>\n\t\t\t\t<\/div>\n\t\t<div class=\"elementor-element elementor-element-95246b6 e-con-full e-flex e-con e-parent\" data-id=\"95246b6\" data-element_type=\"container\" data-e-type=\"container\">\n\t\t<div class=\"elementor-element elementor-element-1ffb3ec e-con-full e-flex e-con e-child\" data-id=\"1ffb3ec\" data-element_type=\"container\" data-e-type=\"container\">\n\t\t\t\t<div class=\"elementor-element elementor-element-3985292 elementor-widget elementor-widget-image\" data-id=\"3985292\" data-element_type=\"widget\" data-e-type=\"widget\" data-widget_type=\"image.default\">\n\t\t\t\t<div class=\"elementor-widget-container\">\n\t\t\t\t\t\t\t\t\t\t\t\t\t\t\t<img decoding=\"async\" width=\"300\" height=\"283\" src=\"https:\/\/nederlandsetempeliers.nl\/wp-content\/uploads\/presentatie-van-Maria-300x283.jpeg\" class=\"attachment-medium size-medium wp-image-9738\" alt=\"presentatie van Maria\" srcset=\"https:\/\/nederlandsetempeliers.nl\/wp-content\/uploads\/presentatie-van-Maria-300x283.jpeg 300w, https:\/\/nederlandsetempeliers.nl\/wp-content\/uploads\/presentatie-van-Maria-768x723.jpeg 768w, https:\/\/nederlandsetempeliers.nl\/wp-content\/uploads\/presentatie-van-Maria.jpeg 893w\" sizes=\"(max-width: 300px) 100vw, 300px\" \/>\t\t\t\t\t\t\t\t\t\t\t\t\t\t\t<\/div>\n\t\t\t\t<\/div>\n\t\t\t\t<\/div>\n\t\t<div class=\"elementor-element elementor-element-43ae9c8 e-con-full e-flex e-con e-child\" data-id=\"43ae9c8\" data-element_type=\"container\" data-e-type=\"container\">\n\t\t<div class=\"elementor-element elementor-element-2e6e27e e-con-full e-flex e-con e-child\" data-id=\"2e6e27e\" data-element_type=\"container\" data-e-type=\"container\">\n\t\t\t\t<div class=\"elementor-element elementor-element-8802be5 elementor-widget elementor-widget-text-editor\" data-id=\"8802be5\" data-element_type=\"widget\" data-e-type=\"widget\" data-widget_type=\"text-editor.default\">\n\t\t\t\t<div class=\"elementor-widget-container\">\n\t\t\t\t\t\t\t\t\t<p>Seg\u00fan antiguas tradiciones, un \u00e1ngel se apareci\u00f3 a Ana anunci\u00e1ndole que tendr\u00eda un hijo. Ese ni\u00f1o deb\u00eda ser consagrado a Dios. Seg\u00fan la tradici\u00f3n, Ana llev\u00f3 a su hija Mar\u00eda al Templo de Jerusal\u00e9n a una edad temprana, para vivir all\u00ed al servicio del Se\u00f1or.  <\/p>\t\t\t\t\t\t\t\t<\/div>\n\t\t\t\t<\/div>\n\t\t\t\t<\/div>\n\t\t<div class=\"elementor-element elementor-element-cc71334 e-con-full e-flex e-con e-child\" data-id=\"cc71334\" data-element_type=\"container\" data-e-type=\"container\">\n\t\t\t\t<div class=\"elementor-element elementor-element-c65ad31 elementor-widget elementor-widget-text-editor\" data-id=\"c65ad31\" data-element_type=\"widget\" data-e-type=\"widget\" data-widget_type=\"text-editor.default\">\n\t\t\t\t<div class=\"elementor-widget-container\">\n\t\t\t\t\t\t\t\t\t<pre>\ud83d\udc48\ud83c\udffb La Presentaci\u00f3n de Mar\u00eda en el Templo de Jerusal\u00e9n<\/pre>\t\t\t\t\t\t\t\t<\/div>\n\t\t\t\t<\/div>\n\t\t\t\t<\/div>\n\t\t\t\t<\/div>\n\t\t\t\t<\/div>\n\t\t<div class=\"elementor-element elementor-element-17491ad e-flex e-con-boxed e-con e-parent\" data-id=\"17491ad\" data-element_type=\"container\" data-e-type=\"container\">\n\t\t\t\t\t<div class=\"e-con-inner\">\n\t\t\t\t<div class=\"elementor-element elementor-element-0c89ca1 elementor-widget elementor-widget-text-editor\" data-id=\"0c89ca1\" data-element_type=\"widget\" data-e-type=\"widget\" data-widget_type=\"text-editor.default\">\n\t\t\t\t<div class=\"elementor-widget-container\">\n\t\t\t\t\t\t\t\t\t<p>En la visi\u00f3n medieval del mundo, Santa Ana era considerada el coraz\u00f3n de la familia \u2014 aquella que transmit\u00eda vida, fe y protecci\u00f3n de generaci\u00f3n en generaci\u00f3n. En la Edad Media, no solo se encontraban im\u00e1genes, velas y altares de Santa Ana en las iglesias, sino tambi\u00e9n en los hogares \u2014 as\u00ed rezaban las personas a Santa Ana.<br>A menudo aparece rodeada de lirios blancos. Los lirios blancos que suelen representarse junto a Mar\u00eda y Santa Ana tienen un significado m\u00e1s profundo. En la Edad Media, una flor nunca era solo decoraci\u00f3n. El lirio blanco simbolizaba pureza, luz, devoci\u00f3n y pureza espiritual. Especialmente junto a Mar\u00eda, el lirio aparece constantemente como se\u00f1al de su uni\u00f3n con Dios. As\u00ed, en la Edad Media no solo hablaban las palabras \u2014 tambi\u00e9n lo hac\u00edan el color, las flores y los s\u00edmbolos.      <br><br>La festividad de Santa Ana se celebraba el 26 de julio con procesiones, misas, velas y oraciones por las madres, las familias y los ni\u00f1os.<\/p><p><br>Con ese mismo esp\u00edritu, la Virgen Mar\u00eda sigue siendo honrada cada a\u00f1o durante la gran Maria Ommegang de Bergen op Zoom, con m\u00e1s de 700 participantes. Este a\u00f1o se celebrar\u00e1 el 28 de junio por 82\u00aa vez \u2014 una experiencia realmente recomendable. <br><a href=\"https:\/\/mariaommegang.nl\/\">Maria Ommegang Bergen op Zoom, Pa\u00edses Bajos<\/a><\/p>\t\t\t\t\t\t\t\t<\/div>\n\t\t\t\t<\/div>\n\t\t\t\t\t<\/div>\n\t\t\t\t<\/div>\n\t\t<div class=\"elementor-element elementor-element-a44c4ad e-flex e-con-boxed e-con e-parent\" data-id=\"a44c4ad\" data-element_type=\"container\" data-e-type=\"container\">\n\t\t\t\t\t<div class=\"e-con-inner\">\n\t\t<div class=\"elementor-element elementor-element-e61e501 e-con-full e-flex e-con e-child\" data-id=\"e61e501\" data-element_type=\"container\" data-e-type=\"container\">\n\t\t\t\t<div class=\"elementor-element elementor-element-081c944 elementor-widget__width-initial elementor-widget elementor-widget-image\" data-id=\"081c944\" data-element_type=\"widget\" data-e-type=\"widget\" data-widget_type=\"image.default\">\n\t\t\t\t<div class=\"elementor-widget-container\">\n\t\t\t\t\t\t\t\t\t\t\t\t\t\t\t<img decoding=\"async\" width=\"283\" height=\"203\" src=\"https:\/\/nederlandsetempeliers.nl\/wp-content\/uploads\/Maria-Ommegang-1.jpeg\" class=\"attachment-large size-large wp-image-9739\" alt=\"Maria Ommegang 1\" \/>\t\t\t\t\t\t\t\t\t\t\t\t\t\t\t<\/div>\n\t\t\t\t<\/div>\n\t\t\t\t<\/div>\n\t\t<div class=\"elementor-element elementor-element-c3aa0d0 e-con-full e-flex e-con e-child\" data-id=\"c3aa0d0\" data-element_type=\"container\" data-e-type=\"container\">\n\t\t\t\t<div class=\"elementor-element elementor-element-5108123 elementor-widget__width-initial elementor-widget elementor-widget-image\" data-id=\"5108123\" data-element_type=\"widget\" data-e-type=\"widget\" data-widget_type=\"image.default\">\n\t\t\t\t<div class=\"elementor-widget-container\">\n\t\t\t\t\t\t\t\t\t\t\t\t\t\t\t<img loading=\"lazy\" decoding=\"async\" width=\"725\" height=\"1024\" src=\"https:\/\/nederlandsetempeliers.nl\/wp-content\/uploads\/Maria-ommegang-3-725x1024.jpeg\" class=\"attachment-large size-large wp-image-9740\" alt=\"Maria ommegang 2\" srcset=\"https:\/\/nederlandsetempeliers.nl\/wp-content\/uploads\/Maria-ommegang-3-725x1024.jpeg 725w, https:\/\/nederlandsetempeliers.nl\/wp-content\/uploads\/Maria-ommegang-3-212x300.jpeg 212w, https:\/\/nederlandsetempeliers.nl\/wp-content\/uploads\/Maria-ommegang-3-768x1085.jpeg 768w, https:\/\/nederlandsetempeliers.nl\/wp-content\/uploads\/Maria-ommegang-3-1088x1536.jpeg 1088w, https:\/\/nederlandsetempeliers.nl\/wp-content\/uploads\/Maria-ommegang-3.jpeg 1133w\" sizes=\"(max-width: 725px) 100vw, 725px\" \/>\t\t\t\t\t\t\t\t\t\t\t\t\t\t\t<\/div>\n\t\t\t\t<\/div>\n\t\t\t\t<\/div>\n\t\t<div class=\"elementor-element elementor-element-e35b9a0 e-con-full e-flex e-con e-child\" data-id=\"e35b9a0\" data-element_type=\"container\" data-e-type=\"container\">\n\t\t\t\t<div class=\"elementor-element elementor-element-970f15e elementor-widget__width-initial elementor-widget elementor-widget-image\" data-id=\"970f15e\" data-element_type=\"widget\" data-e-type=\"widget\" data-widget_type=\"image.default\">\n\t\t\t\t<div class=\"elementor-widget-container\">\n\t\t\t\t\t\t\t\t\t\t\t\t\t\t\t<img loading=\"lazy\" decoding=\"async\" width=\"447\" height=\"561\" src=\"https:\/\/nederlandsetempeliers.nl\/wp-content\/uploads\/Maria-ommegang-2.jpeg\" class=\"attachment-large size-large wp-image-9741\" alt=\"Maria ommegang 3\" srcset=\"https:\/\/nederlandsetempeliers.nl\/wp-content\/uploads\/Maria-ommegang-2.jpeg 447w, https:\/\/nederlandsetempeliers.nl\/wp-content\/uploads\/Maria-ommegang-2-239x300.jpeg 239w\" sizes=\"(max-width: 447px) 100vw, 447px\" \/>\t\t\t\t\t\t\t\t\t\t\t\t\t\t\t<\/div>\n\t\t\t\t<\/div>\n\t\t\t\t<\/div>\n\t\t<div class=\"elementor-element elementor-element-b71628d e-con-full e-flex e-con e-child\" data-id=\"b71628d\" data-element_type=\"container\" data-e-type=\"container\">\n\t\t\t\t<div class=\"elementor-element elementor-element-cda3d0d elementor-widget elementor-widget-image\" data-id=\"cda3d0d\" data-element_type=\"widget\" data-e-type=\"widget\" data-widget_type=\"image.default\">\n\t\t\t\t<div class=\"elementor-widget-container\">\n\t\t\t\t\t\t\t\t\t\t\t\t\t\t\t<img loading=\"lazy\" decoding=\"async\" width=\"396\" height=\"304\" src=\"https:\/\/nederlandsetempeliers.nl\/wp-content\/uploads\/Maria-ommegang-4.jpeg\" class=\"attachment-large size-large wp-image-9742\" alt=\"Maria ommegang 4\" srcset=\"https:\/\/nederlandsetempeliers.nl\/wp-content\/uploads\/Maria-ommegang-4.jpeg 396w, https:\/\/nederlandsetempeliers.nl\/wp-content\/uploads\/Maria-ommegang-4-300x230.jpeg 300w\" sizes=\"(max-width: 396px) 100vw, 396px\" \/>\t\t\t\t\t\t\t\t\t\t\t\t\t\t\t<\/div>\n\t\t\t\t<\/div>\n\t\t\t\t<\/div>\n\t\t\t\t\t<\/div>\n\t\t\t\t<\/div>\n\t\t\t\t<\/div>\n\t\t","protected":false},"excerpt":{"rendered":"<p>Santa Ana Santa Ana \u2013 en hebreo: Hannah \u2013 que significa \u201cgracia\u201d. Su festividad se celebra el 26 de julio \u2013 o el 9 de septiembre en la Iglesia oriental. [&hellip;]<\/p>\n","protected":false},"author":4,"featured_media":0,"parent":0,"menu_order":0,"comment_status":"closed","ping_status":"closed","template":"","meta":{"footnotes":""},"class_list":["post-9796","page","type-page","status-publish","hentry"],"yoast_head":"<!-- This site is optimized with the Yoast SEO plugin v27.2 - https:\/\/yoast.com\/product\/yoast-seo-wordpress\/ -->\n<title>Santa Ana - Nederlandse Tempeliers<\/title>\n<meta name=\"robots\" content=\"index, follow, max-snippet:-1, max-image-preview:large, max-video-preview:-1\" \/>\n<link rel=\"canonical\" href=\"https:\/\/nederlandsetempeliers.nl\/es\/santa-ana\/\" \/>\n<meta property=\"og:locale\" content=\"es_ES\" \/>\n<meta property=\"og:type\" content=\"article\" \/>\n<meta property=\"og:title\" content=\"Santa Ana - Nederlandse Tempeliers\" \/>\n<meta property=\"og:description\" content=\"Santa Ana Santa Ana \u2013 en hebreo: Hannah \u2013 que significa \u201cgracia\u201d. Su festividad se celebra el 26 de julio \u2013 o el 9 de septiembre en la Iglesia oriental. [&hellip;]\" \/>\n<meta property=\"og:url\" content=\"https:\/\/nederlandsetempeliers.nl\/es\/santa-ana\/\" \/>\n<meta property=\"og:site_name\" content=\"Nederlandse Tempeliers\" \/>\n<meta property=\"article:modified_time\" content=\"2026-05-09T22:02:11+00:00\" \/>\n<meta property=\"og:image\" content=\"https:\/\/nederlandsetempeliers.nl\/wp-content\/uploads\/Sint-Anna.jpeg\" \/>\n\t<meta property=\"og:image:width\" content=\"1122\" \/>\n\t<meta property=\"og:image:height\" content=\"1402\" \/>\n\t<meta property=\"og:image:type\" content=\"image\/jpeg\" \/>\n<meta name=\"twitter:card\" content=\"summary_large_image\" \/>\n<meta name=\"twitter:label1\" content=\"Tiempo de lectura\" \/>\n\t<meta name=\"twitter:data1\" content=\"2 minutos\" \/>\n<script type=\"application\/ld+json\" class=\"yoast-schema-graph\">{\"@context\":\"https:\/\/schema.org\",\"@graph\":[{\"@type\":\"WebPage\",\"@id\":\"https:\/\/nederlandsetempeliers.nl\/es\/santa-ana\/\",\"url\":\"https:\/\/nederlandsetempeliers.nl\/es\/santa-ana\/\",\"name\":\"Santa Ana - Nederlandse Tempeliers\",\"isPartOf\":{\"@id\":\"https:\/\/nederlandsetempeliers.nl\/es\/#website\"},\"primaryImageOfPage\":{\"@id\":\"https:\/\/nederlandsetempeliers.nl\/es\/santa-ana\/#primaryimage\"},\"image\":{\"@id\":\"https:\/\/nederlandsetempeliers.nl\/es\/santa-ana\/#primaryimage\"},\"thumbnailUrl\":\"https:\/\/nederlandsetempeliers.nl\/wp-content\/uploads\/Sint-Anna-819x1024.jpeg\",\"datePublished\":\"2026-05-09T20:03:15+00:00\",\"dateModified\":\"2026-05-09T22:02:11+00:00\",\"breadcrumb\":{\"@id\":\"https:\/\/nederlandsetempeliers.nl\/es\/santa-ana\/#breadcrumb\"},\"inLanguage\":\"es\",\"potentialAction\":[{\"@type\":\"ReadAction\",\"target\":[\"https:\/\/nederlandsetempeliers.nl\/es\/santa-ana\/\"]}]},{\"@type\":\"ImageObject\",\"inLanguage\":\"es\",\"@id\":\"https:\/\/nederlandsetempeliers.nl\/es\/santa-ana\/#primaryimage\",\"url\":\"https:\/\/nederlandsetempeliers.nl\/wp-content\/uploads\/Sint-Anna-819x1024.jpeg\",\"contentUrl\":\"https:\/\/nederlandsetempeliers.nl\/wp-content\/uploads\/Sint-Anna-819x1024.jpeg\"},{\"@type\":\"BreadcrumbList\",\"@id\":\"https:\/\/nederlandsetempeliers.nl\/es\/santa-ana\/#breadcrumb\",\"itemListElement\":[{\"@type\":\"ListItem\",\"position\":1,\"name\":\"Home\",\"item\":\"https:\/\/nederlandsetempeliers.nl\/es\/\"},{\"@type\":\"ListItem\",\"position\":2,\"name\":\"Santa Ana\"}]},{\"@type\":\"WebSite\",\"@id\":\"https:\/\/nederlandsetempeliers.nl\/es\/#website\",\"url\":\"https:\/\/nederlandsetempeliers.nl\/es\/\",\"name\":\"Nederlandse Tempeliers\",\"description\":\"The Black Knights Templars of Solomon\",\"publisher\":{\"@id\":\"https:\/\/nederlandsetempeliers.nl\/es\/#organization\"},\"potentialAction\":[{\"@type\":\"SearchAction\",\"target\":{\"@type\":\"EntryPoint\",\"urlTemplate\":\"https:\/\/nederlandsetempeliers.nl\/es\/?s={search_term_string}\"},\"query-input\":{\"@type\":\"PropertyValueSpecification\",\"valueRequired\":true,\"valueName\":\"search_term_string\"}}],\"inLanguage\":\"es\"},{\"@type\":\"Organization\",\"@id\":\"https:\/\/nederlandsetempeliers.nl\/es\/#organization\",\"name\":\"Nederlandse Tempeliers\",\"url\":\"https:\/\/nederlandsetempeliers.nl\/es\/\",\"logo\":{\"@type\":\"ImageObject\",\"inLanguage\":\"es\",\"@id\":\"https:\/\/nederlandsetempeliers.nl\/es\/#\/schema\/logo\/image\/\",\"url\":\"https:\/\/nederlandsetempeliers.nl\/wp-content\/uploads\/Dutch-order-v2.png\",\"contentUrl\":\"https:\/\/nederlandsetempeliers.nl\/wp-content\/uploads\/Dutch-order-v2.png\",\"width\":687,\"height\":686,\"caption\":\"Nederlandse Tempeliers\"},\"image\":{\"@id\":\"https:\/\/nederlandsetempeliers.nl\/es\/#\/schema\/logo\/image\/\"}}]}<\/script>\n<!-- \/ Yoast SEO plugin. -->","yoast_head_json":{"title":"Santa Ana - Nederlandse Tempeliers","robots":{"index":"index","follow":"follow","max-snippet":"max-snippet:-1","max-image-preview":"max-image-preview:large","max-video-preview":"max-video-preview:-1"},"canonical":"https:\/\/nederlandsetempeliers.nl\/es\/santa-ana\/","og_locale":"es_ES","og_type":"article","og_title":"Santa Ana - Nederlandse Tempeliers","og_description":"Santa Ana Santa Ana \u2013 en hebreo: Hannah \u2013 que significa \u201cgracia\u201d. Su festividad se celebra el 26 de julio \u2013 o el 9 de septiembre en la Iglesia oriental. [&hellip;]","og_url":"https:\/\/nederlandsetempeliers.nl\/es\/santa-ana\/","og_site_name":"Nederlandse Tempeliers","article_modified_time":"2026-05-09T22:02:11+00:00","og_image":[{"width":1122,"height":1402,"url":"https:\/\/nederlandsetempeliers.nl\/wp-content\/uploads\/Sint-Anna.jpeg","type":"image\/jpeg"}],"twitter_card":"summary_large_image","twitter_misc":{"Tiempo de lectura":"2 minutos"},"schema":{"@context":"https:\/\/schema.org","@graph":[{"@type":"WebPage","@id":"https:\/\/nederlandsetempeliers.nl\/es\/santa-ana\/","url":"https:\/\/nederlandsetempeliers.nl\/es\/santa-ana\/","name":"Santa Ana - Nederlandse Tempeliers","isPartOf":{"@id":"https:\/\/nederlandsetempeliers.nl\/es\/#website"},"primaryImageOfPage":{"@id":"https:\/\/nederlandsetempeliers.nl\/es\/santa-ana\/#primaryimage"},"image":{"@id":"https:\/\/nederlandsetempeliers.nl\/es\/santa-ana\/#primaryimage"},"thumbnailUrl":"https:\/\/nederlandsetempeliers.nl\/wp-content\/uploads\/Sint-Anna-819x1024.jpeg","datePublished":"2026-05-09T20:03:15+00:00","dateModified":"2026-05-09T22:02:11+00:00","breadcrumb":{"@id":"https:\/\/nederlandsetempeliers.nl\/es\/santa-ana\/#breadcrumb"},"inLanguage":"es","potentialAction":[{"@type":"ReadAction","target":["https:\/\/nederlandsetempeliers.nl\/es\/santa-ana\/"]}]},{"@type":"ImageObject","inLanguage":"es","@id":"https:\/\/nederlandsetempeliers.nl\/es\/santa-ana\/#primaryimage","url":"https:\/\/nederlandsetempeliers.nl\/wp-content\/uploads\/Sint-Anna-819x1024.jpeg","contentUrl":"https:\/\/nederlandsetempeliers.nl\/wp-content\/uploads\/Sint-Anna-819x1024.jpeg"},{"@type":"BreadcrumbList","@id":"https:\/\/nederlandsetempeliers.nl\/es\/santa-ana\/#breadcrumb","itemListElement":[{"@type":"ListItem","position":1,"name":"Home","item":"https:\/\/nederlandsetempeliers.nl\/es\/"},{"@type":"ListItem","position":2,"name":"Santa Ana"}]},{"@type":"WebSite","@id":"https:\/\/nederlandsetempeliers.nl\/es\/#website","url":"https:\/\/nederlandsetempeliers.nl\/es\/","name":"Nederlandse Tempeliers","description":"The Black Knights Templars of Solomon","publisher":{"@id":"https:\/\/nederlandsetempeliers.nl\/es\/#organization"},"potentialAction":[{"@type":"SearchAction","target":{"@type":"EntryPoint","urlTemplate":"https:\/\/nederlandsetempeliers.nl\/es\/?s={search_term_string}"},"query-input":{"@type":"PropertyValueSpecification","valueRequired":true,"valueName":"search_term_string"}}],"inLanguage":"es"},{"@type":"Organization","@id":"https:\/\/nederlandsetempeliers.nl\/es\/#organization","name":"Nederlandse Tempeliers","url":"https:\/\/nederlandsetempeliers.nl\/es\/","logo":{"@type":"ImageObject","inLanguage":"es","@id":"https:\/\/nederlandsetempeliers.nl\/es\/#\/schema\/logo\/image\/","url":"https:\/\/nederlandsetempeliers.nl\/wp-content\/uploads\/Dutch-order-v2.png","contentUrl":"https:\/\/nederlandsetempeliers.nl\/wp-content\/uploads\/Dutch-order-v2.png","width":687,"height":686,"caption":"Nederlandse Tempeliers"},"image":{"@id":"https:\/\/nederlandsetempeliers.nl\/es\/#\/schema\/logo\/image\/"}}]}},"_links":{"self":[{"href":"https:\/\/nederlandsetempeliers.nl\/es\/wp-json\/wp\/v2\/pages\/9796","targetHints":{"allow":["GET"]}}],"collection":[{"href":"https:\/\/nederlandsetempeliers.nl\/es\/wp-json\/wp\/v2\/pages"}],"about":[{"href":"https:\/\/nederlandsetempeliers.nl\/es\/wp-json\/wp\/v2\/types\/page"}],"author":[{"embeddable":true,"href":"https:\/\/nederlandsetempeliers.nl\/es\/wp-json\/wp\/v2\/users\/4"}],"replies":[{"embeddable":true,"href":"https:\/\/nederlandsetempeliers.nl\/es\/wp-json\/wp\/v2\/comments?post=9796"}],"version-history":[{"count":1,"href":"https:\/\/nederlandsetempeliers.nl\/es\/wp-json\/wp\/v2\/pages\/9796\/revisions"}],"predecessor-version":[{"id":9797,"href":"https:\/\/nederlandsetempeliers.nl\/es\/wp-json\/wp\/v2\/pages\/9796\/revisions\/9797"}],"wp:attachment":[{"href":"https:\/\/nederlandsetempeliers.nl\/es\/wp-json\/wp\/v2\/media?parent=9796"}],"curies":[{"name":"wp","href":"https:\/\/api.w.org\/{rel}","templated":true}]}}