{"id":2998,"date":"2026-01-29T22:09:48","date_gmt":"2026-01-29T21:09:48","guid":{"rendered":"https:\/\/nederlandsetempeliers.nl\/christogrammes-2\/"},"modified":"2026-01-29T22:09:48","modified_gmt":"2026-01-29T21:09:48","slug":"christogrammes-2","status":"publish","type":"page","link":"https:\/\/nederlandsetempeliers.nl\/fr\/christogrammes-2\/","title":{"rendered":"Christogrammes"},"content":{"rendered":"<h2>Christogrammes<\/h2>\n<p>\t\t\t\t\t\t\t\t\t\t\t\t\t\t\t<img fetchpriority=\"high\" decoding=\"async\" width=\"415\" height=\"233\" src=\"https:\/\/nederlandsetempeliers.nl\/wp-content\/uploads\/eh.png\" alt=\"Monnaie byzantine de 1028 - \u00e0 deux faces. Je suis du c\u00f4t\u00e9 du Christ avec la Bible - l\u2019autre c\u00f4t\u00e9, c\u2019est XS\" srcset=\"https:\/\/nederlandsetempeliers.nl\/wp-content\/uploads\/eh.png 415w, https:\/\/nederlandsetempeliers.nl\/wp-content\/uploads\/eh-300x168.png 300w\" sizes=\"(max-width: 415px) 100vw, 415px\">\t\t\t\t\t\t\t\t\t\t\t\t\t\t\t<\/p>\n<p>Ses abr\u00e9viations\/monogrammes qui font r\u00e9f\u00e9rence au Christ. Une abr\u00e9viation est un Christogramme si elle contient le nom Christ. <\/p>\n<p>Ce n\u2019\u00e9taient pas des abr\u00e9viations parce que les gens \u00e9taient paresseux. Ils fonctionnaient comme des signes saints, une th\u00e9ologie concentr\u00e9e, une protection et une pr\u00e9sence permanente du Christ. Voici 4 Christogrammes bien connus :  <\/p>\n<p>Un Templier les portait. \u2013 un moine les \u00e9crivit et l\u2019\u00c9glise les grava dans la pierre. Pas pour lire, mais pour <strong>\u00eatre. <\/strong>   <\/p>\n<p>INRI<\/p>\n<p>Iesvs = J\u00e9sus<\/p>\n<p>Nazarenvs = de Nazareth<\/p>\n<p>Rex = roi<\/p>\n<p>Ivd\u00e6orvm = des Juifs<\/p>\n<p>Ce sont les mots que Ponce Pilate a \u00e9crits au-dessus de J\u00e9sus sur la croix.<\/p>\n<\/p>\n<p>\t\t\t\t\t\t\t\t\t\t\t\t\t\t\t<img decoding=\"async\" width=\"800\" height=\"534\" src=\"https:\/\/nederlandsetempeliers.nl\/wp-content\/uploads\/4d25972b-acf1-4173-9171-df1bd68b6526-1024x683.png\" alt=\"morceau de bois us\u00e9 portant les lettres INRI\" srcset=\"https:\/\/nederlandsetempeliers.nl\/wp-content\/uploads\/4d25972b-acf1-4173-9171-df1bd68b6526-1024x683.png 1024w, https:\/\/nederlandsetempeliers.nl\/wp-content\/uploads\/4d25972b-acf1-4173-9171-df1bd68b6526-300x200.png 300w, https:\/\/nederlandsetempeliers.nl\/wp-content\/uploads\/4d25972b-acf1-4173-9171-df1bd68b6526-768x512.png 768w, https:\/\/nederlandsetempeliers.nl\/wp-content\/uploads\/4d25972b-acf1-4173-9171-df1bd68b6526.png 1536w\" sizes=\"(max-width: 800px) 100vw, 800px\"><br \/>\n\t\t\t\t\t\t\t\t\t\t\t\t\t\t\t<img decoding=\"async\" width=\"198\" height=\"284\" src=\"https:\/\/nederlandsetempeliers.nl\/wp-content\/uploads\/egrqg.png\" alt=\"\">\t\t\t\t\t\t\t\t\t\t\t\t\t\t\t<\/p>\n<\/p>\n<p>IHS I\u0113sous \u0399\u0397\u03a3\u039f\u03a5\u03a3<\/p>\n<p>Les trois premi\u00e8res lettres de J\u00e9sus en grec.  <\/p>\n<p>Iota, Eta, Sigma  <\/p>\n<p>Il est souvent utilis\u00e9 dans l\u2019art occidental pour symboliser le Christ, et parfois il appara\u00eet sur l\u2019hostie eucharistique.<\/p>\n<p>Ce n\u2019est que plus tard que l\u2019IHS fut interpr\u00e9t\u00e9 comme \u00ab Iesus Hominum Salvator \u00bb J\u00e9sus, sauveur de l\u2019humanit\u00e9. Mais c\u2019est du latin et non du grec.   <\/p>\n<p>\t\t\t\t\t\t\t\t\t\t\t\t\t\t\t<img loading=\"lazy\" decoding=\"async\" width=\"272\" height=\"313\" src=\"https:\/\/nederlandsetempeliers.nl\/wp-content\/uploads\/3y63.png\" alt=\"\" srcset=\"https:\/\/nederlandsetempeliers.nl\/wp-content\/uploads\/3y63.png 272w, https:\/\/nederlandsetempeliers.nl\/wp-content\/uploads\/3y63-261x300.png 261w\" sizes=\"(max-width: 272px) 100vw, 272px\">\t\t\t\t\t\t\t\t\t\t\t\t\t\t\t<\/p>\n<p>IC XC<\/p>\n<ul>\n<li><strong>\u0399\u0397\u03a3\u039f\u03a5\u03a3<\/strong> \u2192 abr\u00e9g\u00e9 <strong>IC<\/strong><\/li>\n<li><strong>\u03a7\u03a1\u0399\u03a3\u03a4\u039f\u03a3<\/strong> \u2192 abr\u00e9g\u00e9 <strong>en XC<\/strong><\/li>\n<\/ul>\n<p>Une abr\u00e9viation grecque signifiant J\u00e9sus-Christ ; Avec un geste de la main pr\u00e9cis. Ce geste forme les lettres.   <\/p>\n<p>\ud83d\udc49 Le Christ <strong>ne dit pas seulement qui Il est<\/strong>, Il le <strong>montre<\/strong><\/p>\n<p>La pi\u00e8ce tout en haut est grecque m\u00e9di\u00e9vale, ou grec byzantin. Dating 1028. <\/p>\n<p>\t\t\t\t\t\t\t\t\t\t\t\t\t\t\t<img loading=\"lazy\" decoding=\"async\" width=\"164\" height=\"307\" src=\"https:\/\/nederlandsetempeliers.nl\/wp-content\/uploads\/rt43.png\" alt=\"\" srcset=\"https:\/\/nederlandsetempeliers.nl\/wp-content\/uploads\/rt43.png 164w, https:\/\/nederlandsetempeliers.nl\/wp-content\/uploads\/rt43-160x300.png 160w\" sizes=\"(max-width: 164px) 100vw, 164px\">\t\t\t\t\t\t\t\t\t\t\t\t\t\t\t<\/p>\n<p>JMJ  <\/p>\n<p>Si vous connaissez le r\u00e9v\u00e9rend Fulton Sheen, vous l\u2019avez probablement vu \u00e9crire JMJ au tableau. Cela signifie J\u00e9sus, Marie et Joseph. Il est devenu courant chez les catholiques d\u2019\u00e9crire cela en haut des lettres, documents, papiers ou tableaux.  <\/p>\n<p>\t\t\t\t\t\t\t\t\t\t\t\t\t\t\t<img loading=\"lazy\" decoding=\"async\" width=\"800\" height=\"786\" src=\"https:\/\/nederlandsetempeliers.nl\/wp-content\/uploads\/rgwg-1024x1006.png\" alt=\"\" srcset=\"https:\/\/nederlandsetempeliers.nl\/wp-content\/uploads\/rgwg-1024x1006.png 1024w, https:\/\/nederlandsetempeliers.nl\/wp-content\/uploads\/rgwg-300x295.png 300w, https:\/\/nederlandsetempeliers.nl\/wp-content\/uploads\/rgwg-768x755.png 768w, https:\/\/nederlandsetempeliers.nl\/wp-content\/uploads\/rgwg.png 1208w\" sizes=\"(max-width: 800px) 100vw, 800px\">\t\t\t\t\t\t\t\t\t\t\t\t\t\t\t<\/p>\n<p>AMGD<\/p>\n<p>Ad Majorem Dei Gloriam<\/p>\n<p>\u00c0 la plus grande gloire de Dieu. Cette abr\u00e9viation vient de saint Ignace de Layola, en Espagne.   <img loading=\"lazy\" decoding=\"async\" src=\"https:\/\/nederlandsetempeliers.nl\/wp-content\/uploads\/rtgh4t-300x176.jpg\" alt=\"Vitre m\u00e9di\u00e9vale et fen\u00eatre en plomb avec le texte : Ad Majorem Dei Gloriam\" width=\"300\" height=\"176\"><\/p>\n<\/p>\n<p>En plus : les abr\u00e9viations IHSV et NNDNN ne sont pas des christogrammes : le nom Christ n\u2019y figure pas.<\/p>\n<p>IHSV In Hoc Signo Vinces dans ce signe tu vas vaincre<\/p>\n<p>NNDNN Non Nobis, Domine, Non Nobis Sed Nomine Tuo Da Gloriam<\/p>\n<p>  Pas \u00e0 nous, Seigneur, pas \u00e0 nous, mais \u00e0 ton nom, rends gloire<\/p>\n<p>\t\t\t\t\t\t\t\t\t\t\t\t\t\t\t<img loading=\"lazy\" decoding=\"async\" width=\"561\" height=\"206\" src=\"https:\/\/nederlandsetempeliers.nl\/wp-content\/uploads\/Scherm%C2%ADafbeelding-2026-01-30-om-19.32.45.png\" alt=\"M\u00e9daille de la Croix des Templiers + partitions Non Nobis\" srcset=\"https:\/\/nederlandsetempeliers.nl\/wp-content\/uploads\/Scherm\u00adafbeelding-2026-01-30-om-19.32.45.png 561w, https:\/\/nederlandsetempeliers.nl\/wp-content\/uploads\/Scherm\u00adafbeelding-2026-01-30-om-19.32.45-300x110.png 300w\" sizes=\"(max-width: 561px) 100vw, 561px\"><\/p>\n","protected":false},"excerpt":{"rendered":"<p>Christogrammes Ses abr\u00e9viations\/monogrammes qui font r\u00e9f\u00e9rence au Christ. Une abr\u00e9viation est un Christogramme si elle contient le nom Christ. Ce n\u2019\u00e9taient pas des abr\u00e9viations parce que les gens \u00e9taient paresseux. [&hellip;]<\/p>\n","protected":false},"author":4,"featured_media":0,"parent":0,"menu_order":0,"comment_status":"closed","ping_status":"closed","template":"","meta":{"footnotes":""},"class_list":["post-2998","page","type-page","status-publish","hentry"],"yoast_head":"<!-- This site is optimized with the Yoast SEO plugin v27.2 - https:\/\/yoast.com\/product\/yoast-seo-wordpress\/ -->\n<title>Christogrammes - Nederlandse Tempeliers<\/title>\n<meta name=\"robots\" content=\"index, follow, max-snippet:-1, max-image-preview:large, max-video-preview:-1\" \/>\n<link rel=\"canonical\" href=\"https:\/\/nederlandsetempeliers.nl\/fr\/christogrammes-2\/\" \/>\n<meta property=\"og:locale\" content=\"fr_FR\" \/>\n<meta property=\"og:type\" content=\"article\" \/>\n<meta property=\"og:title\" content=\"Christogrammes - Nederlandse Tempeliers\" \/>\n<meta property=\"og:description\" content=\"Christogrammes Ses abr\u00e9viations\/monogrammes qui font r\u00e9f\u00e9rence au Christ. Une abr\u00e9viation est un Christogramme si elle contient le nom Christ. Ce n\u2019\u00e9taient pas des abr\u00e9viations parce que les gens \u00e9taient paresseux. [&hellip;]\" \/>\n<meta property=\"og:url\" content=\"https:\/\/nederlandsetempeliers.nl\/fr\/christogrammes-2\/\" \/>\n<meta property=\"og:site_name\" content=\"Nederlandse Tempeliers\" \/>\n<meta property=\"og:image\" content=\"https:\/\/nederlandsetempeliers.nl\/wp-content\/uploads\/eh.png\" \/>\n<meta name=\"twitter:card\" content=\"summary_large_image\" \/>\n<meta name=\"twitter:label1\" content=\"Dur\u00e9e de lecture estim\u00e9e\" \/>\n\t<meta name=\"twitter:data1\" content=\"2 minutes\" \/>\n<script type=\"application\/ld+json\" class=\"yoast-schema-graph\">{\"@context\":\"https:\/\/schema.org\",\"@graph\":[{\"@type\":\"WebPage\",\"@id\":\"https:\/\/nederlandsetempeliers.nl\/fr\/christogrammes-2\/\",\"url\":\"https:\/\/nederlandsetempeliers.nl\/fr\/christogrammes-2\/\",\"name\":\"Christogrammes - Nederlandse Tempeliers\",\"isPartOf\":{\"@id\":\"https:\/\/nederlandsetempeliers.nl\/fr\/#website\"},\"primaryImageOfPage\":{\"@id\":\"https:\/\/nederlandsetempeliers.nl\/fr\/christogrammes-2\/#primaryimage\"},\"image\":{\"@id\":\"https:\/\/nederlandsetempeliers.nl\/fr\/christogrammes-2\/#primaryimage\"},\"thumbnailUrl\":\"https:\/\/nederlandsetempeliers.nl\/wp-content\/uploads\/eh.png\",\"datePublished\":\"2026-01-29T21:09:48+00:00\",\"breadcrumb\":{\"@id\":\"https:\/\/nederlandsetempeliers.nl\/fr\/christogrammes-2\/#breadcrumb\"},\"inLanguage\":\"fr-FR\",\"potentialAction\":[{\"@type\":\"ReadAction\",\"target\":[\"https:\/\/nederlandsetempeliers.nl\/fr\/christogrammes-2\/\"]}]},{\"@type\":\"ImageObject\",\"inLanguage\":\"fr-FR\",\"@id\":\"https:\/\/nederlandsetempeliers.nl\/fr\/christogrammes-2\/#primaryimage\",\"url\":\"https:\/\/nederlandsetempeliers.nl\/wp-content\/uploads\/eh.png\",\"contentUrl\":\"https:\/\/nederlandsetempeliers.nl\/wp-content\/uploads\/eh.png\"},{\"@type\":\"BreadcrumbList\",\"@id\":\"https:\/\/nederlandsetempeliers.nl\/fr\/christogrammes-2\/#breadcrumb\",\"itemListElement\":[{\"@type\":\"ListItem\",\"position\":1,\"name\":\"Home\",\"item\":\"https:\/\/nederlandsetempeliers.nl\/fr\/\"},{\"@type\":\"ListItem\",\"position\":2,\"name\":\"Christogrammes\"}]},{\"@type\":\"WebSite\",\"@id\":\"https:\/\/nederlandsetempeliers.nl\/fr\/#website\",\"url\":\"https:\/\/nederlandsetempeliers.nl\/fr\/\",\"name\":\"Nederlandse Tempeliers\",\"description\":\"The Black Knights Templars of Solomon\",\"publisher\":{\"@id\":\"https:\/\/nederlandsetempeliers.nl\/fr\/#organization\"},\"potentialAction\":[{\"@type\":\"SearchAction\",\"target\":{\"@type\":\"EntryPoint\",\"urlTemplate\":\"https:\/\/nederlandsetempeliers.nl\/fr\/?s={search_term_string}\"},\"query-input\":{\"@type\":\"PropertyValueSpecification\",\"valueRequired\":true,\"valueName\":\"search_term_string\"}}],\"inLanguage\":\"fr-FR\"},{\"@type\":\"Organization\",\"@id\":\"https:\/\/nederlandsetempeliers.nl\/fr\/#organization\",\"name\":\"Nederlandse Tempeliers\",\"url\":\"https:\/\/nederlandsetempeliers.nl\/fr\/\",\"logo\":{\"@type\":\"ImageObject\",\"inLanguage\":\"fr-FR\",\"@id\":\"https:\/\/nederlandsetempeliers.nl\/fr\/#\/schema\/logo\/image\/\",\"url\":\"https:\/\/nederlandsetempeliers.nl\/wp-content\/uploads\/Dutch-order-v2.png\",\"contentUrl\":\"https:\/\/nederlandsetempeliers.nl\/wp-content\/uploads\/Dutch-order-v2.png\",\"width\":687,\"height\":686,\"caption\":\"Nederlandse Tempeliers\"},\"image\":{\"@id\":\"https:\/\/nederlandsetempeliers.nl\/fr\/#\/schema\/logo\/image\/\"}}]}<\/script>\n<!-- \/ Yoast SEO plugin. -->","yoast_head_json":{"title":"Christogrammes - Nederlandse Tempeliers","robots":{"index":"index","follow":"follow","max-snippet":"max-snippet:-1","max-image-preview":"max-image-preview:large","max-video-preview":"max-video-preview:-1"},"canonical":"https:\/\/nederlandsetempeliers.nl\/fr\/christogrammes-2\/","og_locale":"fr_FR","og_type":"article","og_title":"Christogrammes - Nederlandse Tempeliers","og_description":"Christogrammes Ses abr\u00e9viations\/monogrammes qui font r\u00e9f\u00e9rence au Christ. Une abr\u00e9viation est un Christogramme si elle contient le nom Christ. Ce n\u2019\u00e9taient pas des abr\u00e9viations parce que les gens \u00e9taient paresseux. [&hellip;]","og_url":"https:\/\/nederlandsetempeliers.nl\/fr\/christogrammes-2\/","og_site_name":"Nederlandse Tempeliers","og_image":[{"url":"https:\/\/nederlandsetempeliers.nl\/wp-content\/uploads\/eh.png","type":"","width":"","height":""}],"twitter_card":"summary_large_image","twitter_misc":{"Dur\u00e9e de lecture estim\u00e9e":"2 minutes"},"schema":{"@context":"https:\/\/schema.org","@graph":[{"@type":"WebPage","@id":"https:\/\/nederlandsetempeliers.nl\/fr\/christogrammes-2\/","url":"https:\/\/nederlandsetempeliers.nl\/fr\/christogrammes-2\/","name":"Christogrammes - Nederlandse Tempeliers","isPartOf":{"@id":"https:\/\/nederlandsetempeliers.nl\/fr\/#website"},"primaryImageOfPage":{"@id":"https:\/\/nederlandsetempeliers.nl\/fr\/christogrammes-2\/#primaryimage"},"image":{"@id":"https:\/\/nederlandsetempeliers.nl\/fr\/christogrammes-2\/#primaryimage"},"thumbnailUrl":"https:\/\/nederlandsetempeliers.nl\/wp-content\/uploads\/eh.png","datePublished":"2026-01-29T21:09:48+00:00","breadcrumb":{"@id":"https:\/\/nederlandsetempeliers.nl\/fr\/christogrammes-2\/#breadcrumb"},"inLanguage":"fr-FR","potentialAction":[{"@type":"ReadAction","target":["https:\/\/nederlandsetempeliers.nl\/fr\/christogrammes-2\/"]}]},{"@type":"ImageObject","inLanguage":"fr-FR","@id":"https:\/\/nederlandsetempeliers.nl\/fr\/christogrammes-2\/#primaryimage","url":"https:\/\/nederlandsetempeliers.nl\/wp-content\/uploads\/eh.png","contentUrl":"https:\/\/nederlandsetempeliers.nl\/wp-content\/uploads\/eh.png"},{"@type":"BreadcrumbList","@id":"https:\/\/nederlandsetempeliers.nl\/fr\/christogrammes-2\/#breadcrumb","itemListElement":[{"@type":"ListItem","position":1,"name":"Home","item":"https:\/\/nederlandsetempeliers.nl\/fr\/"},{"@type":"ListItem","position":2,"name":"Christogrammes"}]},{"@type":"WebSite","@id":"https:\/\/nederlandsetempeliers.nl\/fr\/#website","url":"https:\/\/nederlandsetempeliers.nl\/fr\/","name":"Nederlandse Tempeliers","description":"The Black Knights Templars of Solomon","publisher":{"@id":"https:\/\/nederlandsetempeliers.nl\/fr\/#organization"},"potentialAction":[{"@type":"SearchAction","target":{"@type":"EntryPoint","urlTemplate":"https:\/\/nederlandsetempeliers.nl\/fr\/?s={search_term_string}"},"query-input":{"@type":"PropertyValueSpecification","valueRequired":true,"valueName":"search_term_string"}}],"inLanguage":"fr-FR"},{"@type":"Organization","@id":"https:\/\/nederlandsetempeliers.nl\/fr\/#organization","name":"Nederlandse Tempeliers","url":"https:\/\/nederlandsetempeliers.nl\/fr\/","logo":{"@type":"ImageObject","inLanguage":"fr-FR","@id":"https:\/\/nederlandsetempeliers.nl\/fr\/#\/schema\/logo\/image\/","url":"https:\/\/nederlandsetempeliers.nl\/wp-content\/uploads\/Dutch-order-v2.png","contentUrl":"https:\/\/nederlandsetempeliers.nl\/wp-content\/uploads\/Dutch-order-v2.png","width":687,"height":686,"caption":"Nederlandse Tempeliers"},"image":{"@id":"https:\/\/nederlandsetempeliers.nl\/fr\/#\/schema\/logo\/image\/"}}]}},"_links":{"self":[{"href":"https:\/\/nederlandsetempeliers.nl\/fr\/wp-json\/wp\/v2\/pages\/2998","targetHints":{"allow":["GET"]}}],"collection":[{"href":"https:\/\/nederlandsetempeliers.nl\/fr\/wp-json\/wp\/v2\/pages"}],"about":[{"href":"https:\/\/nederlandsetempeliers.nl\/fr\/wp-json\/wp\/v2\/types\/page"}],"author":[{"embeddable":true,"href":"https:\/\/nederlandsetempeliers.nl\/fr\/wp-json\/wp\/v2\/users\/4"}],"replies":[{"embeddable":true,"href":"https:\/\/nederlandsetempeliers.nl\/fr\/wp-json\/wp\/v2\/comments?post=2998"}],"version-history":[{"count":0,"href":"https:\/\/nederlandsetempeliers.nl\/fr\/wp-json\/wp\/v2\/pages\/2998\/revisions"}],"wp:attachment":[{"href":"https:\/\/nederlandsetempeliers.nl\/fr\/wp-json\/wp\/v2\/media?parent=2998"}],"curies":[{"name":"wp","href":"https:\/\/api.w.org\/{rel}","templated":true}]}}