{"id":3013,"date":"2026-01-29T15:02:47","date_gmt":"2026-01-29T14:02:47","guid":{"rendered":"https:\/\/nederlandsetempeliers.nl\/jean-avec-les-templiers\/"},"modified":"2026-03-02T14:54:57","modified_gmt":"2026-03-02T13:54:57","slug":"jean-avec-les-templiers","status":"publish","type":"page","link":"https:\/\/nederlandsetempeliers.nl\/fr\/jean-avec-les-templiers\/","title":{"rendered":"Jean avec les Templiers"},"content":{"rendered":"\t\t<div data-elementor-type=\"wp-page\" data-elementor-id=\"3013\" class=\"elementor elementor-3013 elementor-1954\" data-elementor-post-type=\"page\">\n\t\t\t\t<div class=\"elementor-element elementor-element-c1820db e-flex e-con-boxed e-con e-parent\" data-id=\"c1820db\" data-element_type=\"container\" data-e-type=\"container\">\n\t\t\t\t\t<div class=\"e-con-inner\">\n\t\t\t\t<div class=\"elementor-element elementor-element-f4c2e5d elementor-widget elementor-widget-heading\" data-id=\"f4c2e5d\" data-element_type=\"widget\" data-e-type=\"widget\" data-widget_type=\"heading.default\">\n\t\t\t\t<div class=\"elementor-widget-container\">\n\t\t\t\t\t<h2 class=\"elementor-heading-title elementor-size-default\">Jean avec les Templiers<\/h2>\t\t\t\t<\/div>\n\t\t\t\t<\/div>\n\t\t\t\t\t<\/div>\n\t\t\t\t<\/div>\n\t\t<div class=\"elementor-element elementor-element-657986e e-flex e-con-boxed e-con e-parent\" data-id=\"657986e\" data-element_type=\"container\" data-e-type=\"container\">\n\t\t\t\t\t<div class=\"e-con-inner\">\n\t\t\t\t<div class=\"elementor-element elementor-element-02a7f10 elementor-widget elementor-widget-image\" data-id=\"02a7f10\" data-element_type=\"widget\" data-e-type=\"widget\" data-widget_type=\"image.default\">\n\t\t\t\t<div class=\"elementor-widget-container\">\n\t\t\t\t\t\t\t\t\t\t\t\t\t\t\t<img fetchpriority=\"high\" decoding=\"async\" width=\"454\" height=\"302\" src=\"https:\/\/nederlandsetempeliers.nl\/wp-content\/uploads\/ethg.png\" class=\"attachment-large size-large wp-image-3014\" alt=\"\" srcset=\"https:\/\/nederlandsetempeliers.nl\/wp-content\/uploads\/ethg.png 454w, https:\/\/nederlandsetempeliers.nl\/wp-content\/uploads\/ethg-300x200.png 300w\" sizes=\"(max-width: 454px) 100vw, 454px\" \/>\t\t\t\t\t\t\t\t\t\t\t\t\t\t\t<\/div>\n\t\t\t\t<\/div>\n\t\t\t\t\t<\/div>\n\t\t\t\t<\/div>\n\t\t<div class=\"elementor-element elementor-element-395498d e-flex e-con-boxed e-con e-parent\" data-id=\"395498d\" data-element_type=\"container\" data-e-type=\"container\">\n\t\t\t\t\t<div class=\"e-con-inner\">\n\t\t\t\t<div class=\"elementor-element elementor-element-89aed08 elementor-widget elementor-widget-text-editor\" data-id=\"89aed08\" data-element_type=\"widget\" data-e-type=\"widget\" data-widget_type=\"text-editor.default\">\n\t\t\t\t<div class=\"elementor-widget-container\">\n\t\t\t\t\t\t\t\t\t<p>Les Templiers ne v\u00e9n\u00e9raient Dieu que de Dieu, mais dans leur vie spirituelle, ils \u00e9taient explicitement orient\u00e9s vers Jean, Marie et Marie-Madeleine.<\/p><p>Non pas parce qu\u2019ils \u00e9taient plus v\u00e9n\u00e9r\u00e9s, mais parce qu\u2019ils incarnaient ce que sont les Templiers : proximit\u00e9 sans pouvoir, loyaut\u00e9 sans possession et r\u00e9ceptivit\u00e9 sans appropriation. Ici, nous expliquons John. <\/p><p>On voit souvent Jean contre la poitrine de J\u00e9sus. <strong>\u00c0 travers nos yeux \u2013 aujourd\u2019hui \u2013 c\u2019est une image intime, une intimit\u00e9 physique. John s\u2019appuie sur la poitrine de J\u00e9sus. Au Moyen \u00c2ge (et avant), cela avait un contenu ou une connotation diff\u00e9rents. \u00c0 cette \u00e9poque, cette image signifiait une harmonie int\u00e9rieure. John re\u00e7oit. C\u2019est reposer EN J\u00e9sus, la r\u00e9ceptivit\u00e9 spirituelle. <\/strong> <\/p><p>Jean est le disciple que J\u00e9sus aimait. Cela ne signifie pas : favoritisme au sens du favoritisme, de l\u2019exclusivit\u00e9 \u00e9motionnelle ou de la pr\u00e9f\u00e9rence humaine. Mais que <strong>Jean est le disciple le plus profond\u00e9ment r\u00e9ceptif \u00e0 la Parole. <\/strong><strong>Jean est le disciple qui veille, reste et endure jusqu\u2019\u00e0 la croix !<\/strong>  <\/p><p><strong>Ces deux attitudes \u00e9taient<\/strong>un parall\u00e8le clair dans la spiritualit\u00e9 des Templiers, qui se voyaient non pas comme des pr\u00e9dicateurs ou des souverains, mais comme des gardiens du sacr\u00e9 \u2014 proches, mais sans appropriation.<\/p><p>La proximit\u00e9 par la loyaut\u00e9, la r\u00e9ceptivit\u00e9 et la surveillance, pas par le pouvoir, la pr\u00e9f\u00e9rence, la possession ou le r\u00e8gne. C\u2019est une attitude th\u00e9ologique. <\/p><p>Idem pour les Templiers : J\u00e9sus reste central, soutenant. Les Templiers sont r\u00e9ceptifs \u00e0 ses enseignements, \u00e0 sa fid\u00e9lit\u00e9 et \u00e0 sa surveillance ET \u00e0 LA GARDE. Ne cherchez pas le pouvoir, poss\u00e9dez et gouvernez.    <\/p><p>Aujourd\u2019hui, cette image des Templiers a compl\u00e8tement disparu. Aujourd\u2019hui, nous ne sommes li\u00e9s qu\u2019\u00e0 la lutte. \u00c0 peine avec connexion, pri\u00e8re et spiritualit\u00e9. (ce qui est devenu un concept flou en soi)   <\/p><p>L\u2019\u00e9motion est aujourd\u2019hui m\u00e9fiante, car elle vous rend vuln\u00e9rable. La vuln\u00e9rabilit\u00e9 est un danger \u00e0 notre \u00e9poque. La proximit\u00e9 est per\u00e7ue comme une faiblesse.  <\/p><p>C\u2019est pourquoi on voit maintenant les Templiers se battre pour 95 % et prier pour 5 %. Alors qu\u2019au Moyen \u00c2ge, nous priions \u00e0 genoux pendant 95 % et ne nous battions que 5 % du temps. Un Templier ne combat <strong>pas pour <\/strong>Dieu, mais <strong>contre <\/strong>Dieu.  <\/p><p><em>Derri\u00e8re la r\u00e8gle stricte des Templiers se cache une pi\u00e9t\u00e9 profonde et discr\u00e8te :<\/em><em><br><\/em><em>pas \u00e0 une distance du Christ, mais vivant en Sa pr\u00e9sence\u2014comme Jean repose \u00e0 sa poitrine.<\/em><\/p>\t\t\t\t\t\t\t\t<\/div>\n\t\t\t\t<\/div>\n\t\t\t\t\t<\/div>\n\t\t\t\t<\/div>\n\t\t<div class=\"elementor-element elementor-element-912b131 e-flex e-con-boxed e-con e-parent\" data-id=\"912b131\" data-element_type=\"container\" data-e-type=\"container\">\n\t\t\t\t\t<div class=\"e-con-inner\">\n\t\t\t\t<div class=\"elementor-element elementor-element-24eeb2a elementor-widget__width-initial elementor-widget elementor-widget-image\" data-id=\"24eeb2a\" data-element_type=\"widget\" data-e-type=\"widget\" data-widget_type=\"image.default\">\n\t\t\t\t<div class=\"elementor-widget-container\">\n\t\t\t\t\t\t\t\t\t\t\t\t\t\t\t<img decoding=\"async\" width=\"184\" height=\"274\" src=\"https:\/\/nederlandsetempeliers.nl\/wp-content\/uploads\/2601af34-5ee9-4ec3-a6d1-430467aa82c2.png\" class=\"attachment-large size-large wp-image-3015\" alt=\"\" \/>\t\t\t\t\t\t\t\t\t\t\t\t\t\t\t<\/div>\n\t\t\t\t<\/div>\n\t\t\t\t<div class=\"elementor-element elementor-element-24ff196 elementor-widget elementor-widget-text-editor\" data-id=\"24ff196\" data-element_type=\"widget\" data-e-type=\"widget\" data-widget_type=\"text-editor.default\">\n\t\t\t\t<div class=\"elementor-widget-container\">\n\t\t\t\t\t\t\t\t\t<p>Le titre <em>Christ le Futur \u00c9poux<\/em> peut soulever des questions pour un spectateur contemporain. Dans la tradition orthodoxe orientale, cependant, \u00ab Mari\u00e9 \u00bb ne fait pas r\u00e9f\u00e9rence \u00e0 l\u2019intimit\u00e9 romantique ou personnelle, mais au langage de l\u2019alliance. Le Christ est appel\u00e9 le Futur \u00c9poux parce qu\u2019il s\u2019unit \u00e0 l\u2019humanit\u00e9 et \u00e0 l\u2019\u00c9glise dans la fid\u00e9lit\u00e9 et le don de soi. Cette imagerie, enracin\u00e9e dans l\u2019\u00c9vangile, n\u2019exprime pas une relation humaine, mais une r\u00e9alit\u00e9 spirituelle : la proximit\u00e9 sans appropriation, l\u2019amour sans possession, la fid\u00e9lit\u00e9 m\u00eame dans la souffrance. Soit le Christ est le mari\u00e9, et l\u2019\u00c9glise et l\u2019humanit\u00e9 sont la mari\u00e9e.    <\/p>\t\t\t\t\t\t\t\t<\/div>\n\t\t\t\t<\/div>\n\t\t\t\t\t<\/div>\n\t\t\t\t<\/div>\n\t\t\t\t<\/div>\n\t\t","protected":false},"excerpt":{"rendered":"<p>Jean avec les Templiers Les Templiers ne v\u00e9n\u00e9raient Dieu que de Dieu, mais dans leur vie spirituelle, ils \u00e9taient explicitement orient\u00e9s vers Jean, Marie et Marie-Madeleine. Non pas parce qu\u2019ils [&hellip;]<\/p>\n","protected":false},"author":4,"featured_media":0,"parent":0,"menu_order":0,"comment_status":"closed","ping_status":"closed","template":"","meta":{"footnotes":""},"class_list":["post-3013","page","type-page","status-publish","hentry"],"yoast_head":"<!-- This site is optimized with the Yoast SEO plugin v27.2 - https:\/\/yoast.com\/product\/yoast-seo-wordpress\/ -->\n<title>Jean avec les Templiers - Nederlandse Tempeliers<\/title>\n<meta name=\"robots\" content=\"index, follow, max-snippet:-1, max-image-preview:large, max-video-preview:-1\" \/>\n<link rel=\"canonical\" href=\"https:\/\/nederlandsetempeliers.nl\/fr\/jean-avec-les-templiers\/\" \/>\n<meta property=\"og:locale\" content=\"fr_FR\" \/>\n<meta property=\"og:type\" content=\"article\" \/>\n<meta property=\"og:title\" content=\"Jean avec les Templiers - Nederlandse Tempeliers\" \/>\n<meta property=\"og:description\" content=\"Jean avec les Templiers Les Templiers ne v\u00e9n\u00e9raient Dieu que de Dieu, mais dans leur vie spirituelle, ils \u00e9taient explicitement orient\u00e9s vers Jean, Marie et Marie-Madeleine. Non pas parce qu\u2019ils [&hellip;]\" \/>\n<meta property=\"og:url\" content=\"https:\/\/nederlandsetempeliers.nl\/fr\/jean-avec-les-templiers\/\" \/>\n<meta property=\"og:site_name\" content=\"Nederlandse Tempeliers\" \/>\n<meta property=\"article:modified_time\" content=\"2026-03-02T13:54:57+00:00\" \/>\n<meta property=\"og:image\" content=\"https:\/\/nederlandsetempeliers.nl\/wp-content\/uploads\/ethg.png\" \/>\n\t<meta property=\"og:image:width\" content=\"454\" \/>\n\t<meta property=\"og:image:height\" content=\"302\" \/>\n\t<meta property=\"og:image:type\" content=\"image\/png\" \/>\n<meta name=\"twitter:card\" content=\"summary_large_image\" \/>\n<meta name=\"twitter:label1\" content=\"Dur\u00e9e de lecture estim\u00e9e\" \/>\n\t<meta name=\"twitter:data1\" content=\"3 minutes\" \/>\n<script type=\"application\/ld+json\" class=\"yoast-schema-graph\">{\"@context\":\"https:\/\/schema.org\",\"@graph\":[{\"@type\":\"WebPage\",\"@id\":\"https:\/\/nederlandsetempeliers.nl\/fr\/jean-avec-les-templiers\/\",\"url\":\"https:\/\/nederlandsetempeliers.nl\/fr\/jean-avec-les-templiers\/\",\"name\":\"Jean avec les Templiers - Nederlandse Tempeliers\",\"isPartOf\":{\"@id\":\"https:\/\/nederlandsetempeliers.nl\/fr\/#website\"},\"primaryImageOfPage\":{\"@id\":\"https:\/\/nederlandsetempeliers.nl\/fr\/jean-avec-les-templiers\/#primaryimage\"},\"image\":{\"@id\":\"https:\/\/nederlandsetempeliers.nl\/fr\/jean-avec-les-templiers\/#primaryimage\"},\"thumbnailUrl\":\"https:\/\/nederlandsetempeliers.nl\/wp-content\/uploads\/ethg.png\",\"datePublished\":\"2026-01-29T14:02:47+00:00\",\"dateModified\":\"2026-03-02T13:54:57+00:00\",\"breadcrumb\":{\"@id\":\"https:\/\/nederlandsetempeliers.nl\/fr\/jean-avec-les-templiers\/#breadcrumb\"},\"inLanguage\":\"fr-FR\",\"potentialAction\":[{\"@type\":\"ReadAction\",\"target\":[\"https:\/\/nederlandsetempeliers.nl\/fr\/jean-avec-les-templiers\/\"]}]},{\"@type\":\"ImageObject\",\"inLanguage\":\"fr-FR\",\"@id\":\"https:\/\/nederlandsetempeliers.nl\/fr\/jean-avec-les-templiers\/#primaryimage\",\"url\":\"https:\/\/nederlandsetempeliers.nl\/wp-content\/uploads\/ethg.png\",\"contentUrl\":\"https:\/\/nederlandsetempeliers.nl\/wp-content\/uploads\/ethg.png\"},{\"@type\":\"BreadcrumbList\",\"@id\":\"https:\/\/nederlandsetempeliers.nl\/fr\/jean-avec-les-templiers\/#breadcrumb\",\"itemListElement\":[{\"@type\":\"ListItem\",\"position\":1,\"name\":\"Home\",\"item\":\"https:\/\/nederlandsetempeliers.nl\/fr\/\"},{\"@type\":\"ListItem\",\"position\":2,\"name\":\"Jean avec les Templiers\"}]},{\"@type\":\"WebSite\",\"@id\":\"https:\/\/nederlandsetempeliers.nl\/fr\/#website\",\"url\":\"https:\/\/nederlandsetempeliers.nl\/fr\/\",\"name\":\"Nederlandse Tempeliers\",\"description\":\"The Black Knights Templars of Solomon\",\"publisher\":{\"@id\":\"https:\/\/nederlandsetempeliers.nl\/fr\/#organization\"},\"potentialAction\":[{\"@type\":\"SearchAction\",\"target\":{\"@type\":\"EntryPoint\",\"urlTemplate\":\"https:\/\/nederlandsetempeliers.nl\/fr\/?s={search_term_string}\"},\"query-input\":{\"@type\":\"PropertyValueSpecification\",\"valueRequired\":true,\"valueName\":\"search_term_string\"}}],\"inLanguage\":\"fr-FR\"},{\"@type\":\"Organization\",\"@id\":\"https:\/\/nederlandsetempeliers.nl\/fr\/#organization\",\"name\":\"Nederlandse Tempeliers\",\"url\":\"https:\/\/nederlandsetempeliers.nl\/fr\/\",\"logo\":{\"@type\":\"ImageObject\",\"inLanguage\":\"fr-FR\",\"@id\":\"https:\/\/nederlandsetempeliers.nl\/fr\/#\/schema\/logo\/image\/\",\"url\":\"https:\/\/nederlandsetempeliers.nl\/wp-content\/uploads\/Dutch-order-v2.png\",\"contentUrl\":\"https:\/\/nederlandsetempeliers.nl\/wp-content\/uploads\/Dutch-order-v2.png\",\"width\":687,\"height\":686,\"caption\":\"Nederlandse Tempeliers\"},\"image\":{\"@id\":\"https:\/\/nederlandsetempeliers.nl\/fr\/#\/schema\/logo\/image\/\"}}]}<\/script>\n<!-- \/ Yoast SEO plugin. -->","yoast_head_json":{"title":"Jean avec les Templiers - Nederlandse Tempeliers","robots":{"index":"index","follow":"follow","max-snippet":"max-snippet:-1","max-image-preview":"max-image-preview:large","max-video-preview":"max-video-preview:-1"},"canonical":"https:\/\/nederlandsetempeliers.nl\/fr\/jean-avec-les-templiers\/","og_locale":"fr_FR","og_type":"article","og_title":"Jean avec les Templiers - Nederlandse Tempeliers","og_description":"Jean avec les Templiers Les Templiers ne v\u00e9n\u00e9raient Dieu que de Dieu, mais dans leur vie spirituelle, ils \u00e9taient explicitement orient\u00e9s vers Jean, Marie et Marie-Madeleine. Non pas parce qu\u2019ils [&hellip;]","og_url":"https:\/\/nederlandsetempeliers.nl\/fr\/jean-avec-les-templiers\/","og_site_name":"Nederlandse Tempeliers","article_modified_time":"2026-03-02T13:54:57+00:00","og_image":[{"width":454,"height":302,"url":"https:\/\/nederlandsetempeliers.nl\/wp-content\/uploads\/ethg.png","type":"image\/png"}],"twitter_card":"summary_large_image","twitter_misc":{"Dur\u00e9e de lecture estim\u00e9e":"3 minutes"},"schema":{"@context":"https:\/\/schema.org","@graph":[{"@type":"WebPage","@id":"https:\/\/nederlandsetempeliers.nl\/fr\/jean-avec-les-templiers\/","url":"https:\/\/nederlandsetempeliers.nl\/fr\/jean-avec-les-templiers\/","name":"Jean avec les Templiers - Nederlandse Tempeliers","isPartOf":{"@id":"https:\/\/nederlandsetempeliers.nl\/fr\/#website"},"primaryImageOfPage":{"@id":"https:\/\/nederlandsetempeliers.nl\/fr\/jean-avec-les-templiers\/#primaryimage"},"image":{"@id":"https:\/\/nederlandsetempeliers.nl\/fr\/jean-avec-les-templiers\/#primaryimage"},"thumbnailUrl":"https:\/\/nederlandsetempeliers.nl\/wp-content\/uploads\/ethg.png","datePublished":"2026-01-29T14:02:47+00:00","dateModified":"2026-03-02T13:54:57+00:00","breadcrumb":{"@id":"https:\/\/nederlandsetempeliers.nl\/fr\/jean-avec-les-templiers\/#breadcrumb"},"inLanguage":"fr-FR","potentialAction":[{"@type":"ReadAction","target":["https:\/\/nederlandsetempeliers.nl\/fr\/jean-avec-les-templiers\/"]}]},{"@type":"ImageObject","inLanguage":"fr-FR","@id":"https:\/\/nederlandsetempeliers.nl\/fr\/jean-avec-les-templiers\/#primaryimage","url":"https:\/\/nederlandsetempeliers.nl\/wp-content\/uploads\/ethg.png","contentUrl":"https:\/\/nederlandsetempeliers.nl\/wp-content\/uploads\/ethg.png"},{"@type":"BreadcrumbList","@id":"https:\/\/nederlandsetempeliers.nl\/fr\/jean-avec-les-templiers\/#breadcrumb","itemListElement":[{"@type":"ListItem","position":1,"name":"Home","item":"https:\/\/nederlandsetempeliers.nl\/fr\/"},{"@type":"ListItem","position":2,"name":"Jean avec les Templiers"}]},{"@type":"WebSite","@id":"https:\/\/nederlandsetempeliers.nl\/fr\/#website","url":"https:\/\/nederlandsetempeliers.nl\/fr\/","name":"Nederlandse Tempeliers","description":"The Black Knights Templars of Solomon","publisher":{"@id":"https:\/\/nederlandsetempeliers.nl\/fr\/#organization"},"potentialAction":[{"@type":"SearchAction","target":{"@type":"EntryPoint","urlTemplate":"https:\/\/nederlandsetempeliers.nl\/fr\/?s={search_term_string}"},"query-input":{"@type":"PropertyValueSpecification","valueRequired":true,"valueName":"search_term_string"}}],"inLanguage":"fr-FR"},{"@type":"Organization","@id":"https:\/\/nederlandsetempeliers.nl\/fr\/#organization","name":"Nederlandse Tempeliers","url":"https:\/\/nederlandsetempeliers.nl\/fr\/","logo":{"@type":"ImageObject","inLanguage":"fr-FR","@id":"https:\/\/nederlandsetempeliers.nl\/fr\/#\/schema\/logo\/image\/","url":"https:\/\/nederlandsetempeliers.nl\/wp-content\/uploads\/Dutch-order-v2.png","contentUrl":"https:\/\/nederlandsetempeliers.nl\/wp-content\/uploads\/Dutch-order-v2.png","width":687,"height":686,"caption":"Nederlandse Tempeliers"},"image":{"@id":"https:\/\/nederlandsetempeliers.nl\/fr\/#\/schema\/logo\/image\/"}}]}},"_links":{"self":[{"href":"https:\/\/nederlandsetempeliers.nl\/fr\/wp-json\/wp\/v2\/pages\/3013","targetHints":{"allow":["GET"]}}],"collection":[{"href":"https:\/\/nederlandsetempeliers.nl\/fr\/wp-json\/wp\/v2\/pages"}],"about":[{"href":"https:\/\/nederlandsetempeliers.nl\/fr\/wp-json\/wp\/v2\/types\/page"}],"author":[{"embeddable":true,"href":"https:\/\/nederlandsetempeliers.nl\/fr\/wp-json\/wp\/v2\/users\/4"}],"replies":[{"embeddable":true,"href":"https:\/\/nederlandsetempeliers.nl\/fr\/wp-json\/wp\/v2\/comments?post=3013"}],"version-history":[{"count":1,"href":"https:\/\/nederlandsetempeliers.nl\/fr\/wp-json\/wp\/v2\/pages\/3013\/revisions"}],"predecessor-version":[{"id":3017,"href":"https:\/\/nederlandsetempeliers.nl\/fr\/wp-json\/wp\/v2\/pages\/3013\/revisions\/3017"}],"wp:attachment":[{"href":"https:\/\/nederlandsetempeliers.nl\/fr\/wp-json\/wp\/v2\/media?parent=3013"}],"curies":[{"name":"wp","href":"https:\/\/api.w.org\/{rel}","templated":true}]}}