{"id":3078,"date":"2025-09-15T17:58:23","date_gmt":"2025-09-15T15:58:23","guid":{"rendered":"https:\/\/nederlandsetempeliers.nl\/croise-chevalier-templier\/"},"modified":"2026-03-02T14:58:35","modified_gmt":"2026-03-02T13:58:35","slug":"croise-chevalier-templier","status":"publish","type":"page","link":"https:\/\/nederlandsetempeliers.nl\/fr\/traces-du-passe\/croise-chevalier-templier\/","title":{"rendered":"Crois\u00e9 &#8211; Chevalier Templier"},"content":{"rendered":"\t\t<div data-elementor-type=\"wp-page\" data-elementor-id=\"3078\" class=\"elementor elementor-3078 elementor-1325\" data-elementor-post-type=\"page\">\n\t\t\t\t\t\t<section class=\"elementor-section elementor-top-section elementor-element elementor-element-3a7515f9 elementor-section-height-min-height elementor-section-boxed elementor-section-height-default elementor-section-items-middle\" data-id=\"3a7515f9\" data-element_type=\"section\" data-e-type=\"section\" data-settings=\"{&quot;background_background&quot;:&quot;classic&quot;}\">\n\t\t\t\t\t\t<div class=\"elementor-container elementor-column-gap-default\">\n\t\t\t\t\t<div class=\"elementor-column elementor-col-100 elementor-top-column elementor-element elementor-element-519633d1\" data-id=\"519633d1\" data-element_type=\"column\" data-e-type=\"column\">\n\t\t\t<div class=\"elementor-widget-wrap elementor-element-populated\">\n\t\t\t\t\t\t<div class=\"elementor-element elementor-element-154381a2 elementor-widget elementor-widget-heading\" data-id=\"154381a2\" data-element_type=\"widget\" data-e-type=\"widget\" data-widget_type=\"heading.default\">\n\t\t\t\t<div class=\"elementor-widget-container\">\n\t\t\t\t\t<h2 class=\"elementor-heading-title elementor-size-default\">Diff\u00e9rence entre le crois\u00e9 et le Templier<\/h2>\t\t\t\t<\/div>\n\t\t\t\t<\/div>\n\t\t\t\t<div class=\"elementor-element elementor-element-43950f86 elementor-widget elementor-widget-text-editor\" data-id=\"43950f86\" data-element_type=\"widget\" data-e-type=\"widget\" data-widget_type=\"text-editor.default\">\n\t\t\t\t<div class=\"elementor-widget-container\">\n\t\t\t\t\t\t\t\t\t<p>Ceux qui sont soldats du temple sont <b>de Dieu.<\/b><\/p>\t\t\t\t\t\t\t\t<\/div>\n\t\t\t\t<\/div>\n\t\t\t\t\t<\/div>\n\t\t<\/div>\n\t\t\t\t\t<\/div>\n\t\t<\/section>\n\t\t\t\t<section class=\"elementor-section elementor-top-section elementor-element elementor-element-51f144e2 elementor-section-boxed elementor-section-height-default elementor-section-height-default\" data-id=\"51f144e2\" data-element_type=\"section\" data-e-type=\"section\" data-settings=\"{&quot;background_background&quot;:&quot;classic&quot;,&quot;shape_divider_bottom&quot;:&quot;triangle&quot;,&quot;shape_divider_bottom_negative&quot;:&quot;yes&quot;}\">\n\t\t\t\t\t<div class=\"elementor-shape elementor-shape-bottom\" aria-hidden=\"true\" data-negative=\"true\">\n\t\t\t<svg xmlns=\"http:\/\/www.w3.org\/2000\/svg\" viewBox=\"0 0 1000 100\" preserveAspectRatio=\"none\">\n\t<path class=\"elementor-shape-fill\" d=\"M500.2,94.7L0,0v100h1000V0L500.2,94.7z\"\/>\n<\/svg>\t\t<\/div>\n\t\t\t\t\t<div class=\"elementor-container elementor-column-gap-default\">\n\t\t\t\t\t<div class=\"elementor-column elementor-col-100 elementor-top-column elementor-element elementor-element-faab179\" data-id=\"faab179\" data-element_type=\"column\" data-e-type=\"column\">\n\t\t\t<div class=\"elementor-widget-wrap elementor-element-populated\">\n\t\t\t\t\t\t<div class=\"elementor-element elementor-element-4f8f8cc elementor-widget__width-auto elementor-view-default elementor-widget elementor-widget-icon\" data-id=\"4f8f8cc\" data-element_type=\"widget\" data-e-type=\"widget\" data-widget_type=\"icon.default\">\n\t\t\t\t<div class=\"elementor-widget-container\">\n\t\t\t\t\t\t\t<div class=\"elementor-icon-wrapper\">\n\t\t\t<div class=\"elementor-icon\">\n\t\t\t<i aria-hidden=\"true\" class=\"fas fa-grip-lines\"><\/i>\t\t\t<\/div>\n\t\t<\/div>\n\t\t\t\t\t\t<\/div>\n\t\t\t\t<\/div>\n\t\t\t\t<div class=\"elementor-element elementor-element-4871e44a elementor-widget__width-auto elementor-widget elementor-widget-heading\" data-id=\"4871e44a\" data-element_type=\"widget\" data-e-type=\"widget\" data-widget_type=\"heading.default\">\n\t\t\t\t<div class=\"elementor-widget-container\">\n\t\t\t\t\t<h2 class=\"elementor-heading-title elementor-size-default\">Crois\u00e9 \/ Chevalier Templier<\/h2>\t\t\t\t<\/div>\n\t\t\t\t<\/div>\n\t\t\t\t<div class=\"elementor-element elementor-element-5e3cc42a elementor-widget__width-auto elementor-view-default elementor-widget elementor-widget-icon\" data-id=\"5e3cc42a\" data-element_type=\"widget\" data-e-type=\"widget\" data-widget_type=\"icon.default\">\n\t\t\t\t<div class=\"elementor-widget-container\">\n\t\t\t\t\t\t\t<div class=\"elementor-icon-wrapper\">\n\t\t\t<div class=\"elementor-icon\">\n\t\t\t<i aria-hidden=\"true\" class=\"fas fa-grip-lines\"><\/i>\t\t\t<\/div>\n\t\t<\/div>\n\t\t\t\t\t\t<\/div>\n\t\t\t\t<\/div>\n\t\t\t\t\t<\/div>\n\t\t<\/div>\n\t\t\t\t\t<\/div>\n\t\t<\/section>\n\t\t\t\t<section class=\"elementor-section elementor-top-section elementor-element elementor-element-403df7c4 elementor-section-content-middle elementor-section-boxed elementor-section-height-default elementor-section-height-default\" data-id=\"403df7c4\" data-element_type=\"section\" data-e-type=\"section\">\n\t\t\t\t\t\t<div class=\"elementor-container elementor-column-gap-default\">\n\t\t\t\t\t<div class=\"elementor-column elementor-col-100 elementor-top-column elementor-element elementor-element-72d7588\" data-id=\"72d7588\" data-element_type=\"column\" data-e-type=\"column\">\n\t\t\t<div class=\"elementor-widget-wrap elementor-element-populated\">\n\t\t\t\t\t\t<div class=\"elementor-element elementor-element-2cea3c12 elementor-widget elementor-widget-image\" data-id=\"2cea3c12\" data-element_type=\"widget\" data-e-type=\"widget\" data-widget_type=\"image.default\">\n\t\t\t\t<div class=\"elementor-widget-container\">\n\t\t\t\t\t\t\t\t\t\t\t\t\t\t\t<img fetchpriority=\"high\" decoding=\"async\" width=\"1536\" height=\"1024\" src=\"https:\/\/nederlandsetempeliers.nl\/wp-content\/uploads\/ae3488a1-fa01-4ef4-a56b-e6f2e6bcafdf.png\" class=\"attachment-full size-full wp-image-3080\" alt=\"\u00e0 gauche, un Templier en tenue de combat avec une croix rouge, \u00e0 droite avec une croix jaune.\" srcset=\"https:\/\/nederlandsetempeliers.nl\/wp-content\/uploads\/ae3488a1-fa01-4ef4-a56b-e6f2e6bcafdf.png 1536w, https:\/\/nederlandsetempeliers.nl\/wp-content\/uploads\/ae3488a1-fa01-4ef4-a56b-e6f2e6bcafdf-300x200.png 300w, https:\/\/nederlandsetempeliers.nl\/wp-content\/uploads\/ae3488a1-fa01-4ef4-a56b-e6f2e6bcafdf-1024x683.png 1024w, https:\/\/nederlandsetempeliers.nl\/wp-content\/uploads\/ae3488a1-fa01-4ef4-a56b-e6f2e6bcafdf-768x512.png 768w\" sizes=\"(max-width: 1536px) 100vw, 1536px\" \/>\t\t\t\t\t\t\t\t\t\t\t\t\t\t\t<\/div>\n\t\t\t\t<\/div>\n\t\t\t\t<div class=\"elementor-element elementor-element-783640eb elementor-widget elementor-widget-heading\" data-id=\"783640eb\" data-element_type=\"widget\" data-e-type=\"widget\" data-widget_type=\"heading.default\">\n\t\t\t\t<div class=\"elementor-widget-container\">\n\t\t\t\t\t<h2 class=\"elementor-heading-title elementor-size-default\">Diff\u00e9rence entre le Crois\u00e9 et le Templier<\/h2>\t\t\t\t<\/div>\n\t\t\t\t<\/div>\n\t\t\t\t<div class=\"elementor-element elementor-element-10c10b01 elementor-widget elementor-widget-text-editor\" data-id=\"10c10b01\" data-element_type=\"widget\" data-e-type=\"widget\" data-widget_type=\"text-editor.default\">\n\t\t\t\t<div class=\"elementor-widget-container\">\n\t\t\t\t\t\t\t\t\t<div class=\"xdj266r x14z9mp xat24cr x1lziwak x1vvkbs x126k92a\"><div dir=\"auto\">On suppose souvent qu\u2019un Crois\u00e9 et un Templier sont la m\u00eame chose. Mais ce n\u2019est pas tout \u00e0 fait vrai. <\/div><div dir=\"auto\"> <\/div><\/div><div class=\"x14z9mp xat24cr x1lziwak x1vvkbs xtlvy1s x126k92a\"><div dir=\"auto\">Un crois\u00e9 \u00e9tait une personne qui partait en croisade. En principe, toute personne qui partait en croisade officielle \u00e9tait un crois\u00e9. <\/div><\/div><div dir=\"auto\"> <\/div><div class=\"x14z9mp xat24cr x1lziwak x1vvkbs xtlvy1s x126k92a\"><div dir=\"auto\">Un Templier \u00e9tait membre de l\u2019Ordre des Templiers. L\u2019Ordre des Templiers fut l\u2019un des ordres chevaleresques qui combattirent lors des Croisades et en Terre Sainte. <\/div><\/div><div dir=\"auto\"><span style=\"font-family: -apple-system, BlinkMacSystemFont, 'Segoe UI', Roboto, 'Helvetica Neue', Arial, 'Noto Sans', sans-serif, 'Apple Color Emoji', 'Segoe UI Emoji', 'Segoe UI Symbol', 'Noto Color Emoji';\">Crois\u00e9 n\u2019\u00e9tait pas un ordre, mais un statut : quelqu\u2019un qui avait temporairement pris la croix. La croix pouvait varier selon la r\u00e9gion, le seigneur ou le v\u0153u. <\/span><\/div><div class=\"x14z9mp xat24cr x1lziwak x1vvkbs xtlvy1s x126k92a\"><div dir=\"auto\"> <\/div><div dir=\"auto\">Les couleurs venaient des conventions h\u00e9raldiques, du tissu, de la disponibilit\u00e9 et du symbolisme \u2014 et non d\u2019un syst\u00e8me uniforme unique<\/div><\/div><div class=\"x14z9mp xat24cr x1lziwak x1vvkbs xtlvy1s x126k92a\"><div dir=\"auto\">Jaune\/or : \u00e9tait associ\u00e9 \u00e0 la lumi\u00e8re, \u00e0 la promesse, \u00e0 l\u2019appel, \u00e0 la royaut\u00e9. (pensez \u00e0 la croix jaune de J\u00e9rusalem de Godefroy de Bouillon !) <\/div><div dir=\"auto\">Il apparaissait sous forme de banni\u00e8res, boucliers et croix, mais rarement repr\u00e9sent\u00e9 aussi explicitement \u00ab \u00e0 c\u00f4t\u00e9 \u00bb du rouge templier.<\/div><div dir=\"auto\"> <\/div><div dir=\"auto\">En d\u2019autres termes : il y avait aussi d\u2019autres crois\u00e9s que les Templiers.<\/div><div dir=\"auto\"> <\/div><\/div><div class=\"x14z9mp xat24cr x1lziwak x1vvkbs xtlvy1s x126k92a\"><div dir=\"auto\">Vous \u00e9tiez crois\u00e9 si vous partez en croisade(s). Les Templiers prot\u00e9geaient le christianisme dans son int\u00e9gralit\u00e9. <\/div><div dir=\"auto\"> <\/div><div dir=\"auto\">Les Templiers \u00e9taient \u00e9galement les seuls autoris\u00e9s \u00e0 porter la croix rouge sur leurs v\u00eatements.<\/div><\/div>\t\t\t\t\t\t\t\t<\/div>\n\t\t\t\t<\/div>\n\t\t\t\t\t<\/div>\n\t\t<\/div>\n\t\t\t\t\t<\/div>\n\t\t<\/section>\n\t\t<div class=\"elementor-element elementor-element-d85863d e-flex e-con-boxed e-con e-parent\" data-id=\"d85863d\" data-element_type=\"container\" data-e-type=\"container\">\n\t\t\t\t\t<div class=\"e-con-inner\">\n\t\t\t\t<div class=\"elementor-element elementor-element-817f3e1 elementor-widget elementor-widget-image\" data-id=\"817f3e1\" data-element_type=\"widget\" data-e-type=\"widget\" data-widget_type=\"image.default\">\n\t\t\t\t<div class=\"elementor-widget-container\">\n\t\t\t\t\t\t\t\t\t\t\t\t\t\t\t<img decoding=\"async\" width=\"497\" height=\"437\" src=\"https:\/\/nederlandsetempeliers.nl\/wp-content\/uploads\/Templar-Cross-0.jpg\" class=\"attachment-large size-large wp-image-3081\" alt=\"Croix du Temple rouge\" srcset=\"https:\/\/nederlandsetempeliers.nl\/wp-content\/uploads\/Templar-Cross-0.jpg 497w, https:\/\/nederlandsetempeliers.nl\/wp-content\/uploads\/Templar-Cross-0-300x264.jpg 300w\" sizes=\"(max-width: 497px) 100vw, 497px\" \/>\t\t\t\t\t\t\t\t\t\t\t\t\t\t\t<\/div>\n\t\t\t\t<\/div>\n\t\t\t\t\t<\/div>\n\t\t\t\t<\/div>\n\t\t\t\t<\/div>\n\t\t","protected":false},"excerpt":{"rendered":"<p>Diff\u00e9rence entre le crois\u00e9 et le Templier Ceux qui sont soldats du temple sont de Dieu. Crois\u00e9 \/ Chevalier Templier Diff\u00e9rence entre le Crois\u00e9 et le Templier On suppose souvent [&hellip;]<\/p>\n","protected":false},"author":2,"featured_media":0,"parent":3430,"menu_order":0,"comment_status":"closed","ping_status":"closed","template":"","meta":{"footnotes":""},"class_list":["post-3078","page","type-page","status-publish","hentry"],"yoast_head":"<!-- This site is optimized with the Yoast SEO plugin v27.2 - https:\/\/yoast.com\/product\/yoast-seo-wordpress\/ -->\n<title>Crois\u00e9 - Chevalier Templier - Nederlandse Tempeliers<\/title>\n<meta name=\"robots\" content=\"index, follow, max-snippet:-1, max-image-preview:large, max-video-preview:-1\" \/>\n<link rel=\"canonical\" href=\"https:\/\/nederlandsetempeliers.nl\/fr\/traces-du-passe\/croise-chevalier-templier\/\" \/>\n<meta property=\"og:locale\" content=\"fr_FR\" \/>\n<meta property=\"og:type\" content=\"article\" \/>\n<meta property=\"og:title\" content=\"Crois\u00e9 - Chevalier Templier - Nederlandse Tempeliers\" \/>\n<meta property=\"og:description\" content=\"Diff\u00e9rence entre le crois\u00e9 et le Templier Ceux qui sont soldats du temple sont de Dieu. Crois\u00e9 \/ Chevalier Templier Diff\u00e9rence entre le Crois\u00e9 et le Templier On suppose souvent [&hellip;]\" \/>\n<meta property=\"og:url\" content=\"https:\/\/nederlandsetempeliers.nl\/fr\/traces-du-passe\/croise-chevalier-templier\/\" \/>\n<meta property=\"og:site_name\" content=\"Nederlandse Tempeliers\" \/>\n<meta property=\"article:modified_time\" content=\"2026-03-02T13:58:35+00:00\" \/>\n<meta property=\"og:image\" content=\"https:\/\/nederlandsetempeliers.nl\/wp-content\/uploads\/ae3488a1-fa01-4ef4-a56b-e6f2e6bcafdf-1024x683.png\" \/>\n\t<meta property=\"og:image:width\" content=\"1024\" \/>\n\t<meta property=\"og:image:height\" content=\"683\" \/>\n\t<meta property=\"og:image:type\" content=\"image\/png\" \/>\n<meta name=\"twitter:card\" content=\"summary_large_image\" \/>\n<meta name=\"twitter:label1\" content=\"Dur\u00e9e de lecture estim\u00e9e\" \/>\n\t<meta name=\"twitter:data1\" content=\"1 minute\" \/>\n<script type=\"application\/ld+json\" class=\"yoast-schema-graph\">{\"@context\":\"https:\/\/schema.org\",\"@graph\":[{\"@type\":\"WebPage\",\"@id\":\"https:\/\/nederlandsetempeliers.nl\/fr\/traces-du-passe\/croise-chevalier-templier\/\",\"url\":\"https:\/\/nederlandsetempeliers.nl\/fr\/traces-du-passe\/croise-chevalier-templier\/\",\"name\":\"Crois\u00e9 - Chevalier Templier - Nederlandse Tempeliers\",\"isPartOf\":{\"@id\":\"https:\/\/nederlandsetempeliers.nl\/fr\/#website\"},\"primaryImageOfPage\":{\"@id\":\"https:\/\/nederlandsetempeliers.nl\/fr\/traces-du-passe\/croise-chevalier-templier\/#primaryimage\"},\"image\":{\"@id\":\"https:\/\/nederlandsetempeliers.nl\/fr\/traces-du-passe\/croise-chevalier-templier\/#primaryimage\"},\"thumbnailUrl\":\"https:\/\/nederlandsetempeliers.nl\/wp-content\/uploads\/ae3488a1-fa01-4ef4-a56b-e6f2e6bcafdf.png\",\"datePublished\":\"2025-09-15T15:58:23+00:00\",\"dateModified\":\"2026-03-02T13:58:35+00:00\",\"breadcrumb\":{\"@id\":\"https:\/\/nederlandsetempeliers.nl\/fr\/traces-du-passe\/croise-chevalier-templier\/#breadcrumb\"},\"inLanguage\":\"fr-FR\",\"potentialAction\":[{\"@type\":\"ReadAction\",\"target\":[\"https:\/\/nederlandsetempeliers.nl\/fr\/traces-du-passe\/croise-chevalier-templier\/\"]}]},{\"@type\":\"ImageObject\",\"inLanguage\":\"fr-FR\",\"@id\":\"https:\/\/nederlandsetempeliers.nl\/fr\/traces-du-passe\/croise-chevalier-templier\/#primaryimage\",\"url\":\"https:\/\/nederlandsetempeliers.nl\/wp-content\/uploads\/ae3488a1-fa01-4ef4-a56b-e6f2e6bcafdf.png\",\"contentUrl\":\"https:\/\/nederlandsetempeliers.nl\/wp-content\/uploads\/ae3488a1-fa01-4ef4-a56b-e6f2e6bcafdf.png\"},{\"@type\":\"BreadcrumbList\",\"@id\":\"https:\/\/nederlandsetempeliers.nl\/fr\/traces-du-passe\/croise-chevalier-templier\/#breadcrumb\",\"itemListElement\":[{\"@type\":\"ListItem\",\"position\":1,\"name\":\"Home\",\"item\":\"https:\/\/nederlandsetempeliers.nl\/fr\/\"},{\"@type\":\"ListItem\",\"position\":2,\"name\":\"Traces du pass\u00e9\",\"item\":\"https:\/\/nederlandsetempeliers.nl\/fr\/sporen-uit-het-verleden\/\"},{\"@type\":\"ListItem\",\"position\":3,\"name\":\"Crois\u00e9 \u2013 Chevalier Templier\"}]},{\"@type\":\"WebSite\",\"@id\":\"https:\/\/nederlandsetempeliers.nl\/fr\/#website\",\"url\":\"https:\/\/nederlandsetempeliers.nl\/fr\/\",\"name\":\"Nederlandse Tempeliers\",\"description\":\"The Black Knights Templars of Solomon\",\"publisher\":{\"@id\":\"https:\/\/nederlandsetempeliers.nl\/fr\/#organization\"},\"potentialAction\":[{\"@type\":\"SearchAction\",\"target\":{\"@type\":\"EntryPoint\",\"urlTemplate\":\"https:\/\/nederlandsetempeliers.nl\/fr\/?s={search_term_string}\"},\"query-input\":{\"@type\":\"PropertyValueSpecification\",\"valueRequired\":true,\"valueName\":\"search_term_string\"}}],\"inLanguage\":\"fr-FR\"},{\"@type\":\"Organization\",\"@id\":\"https:\/\/nederlandsetempeliers.nl\/fr\/#organization\",\"name\":\"Nederlandse Tempeliers\",\"url\":\"https:\/\/nederlandsetempeliers.nl\/fr\/\",\"logo\":{\"@type\":\"ImageObject\",\"inLanguage\":\"fr-FR\",\"@id\":\"https:\/\/nederlandsetempeliers.nl\/fr\/#\/schema\/logo\/image\/\",\"url\":\"https:\/\/nederlandsetempeliers.nl\/wp-content\/uploads\/Dutch-order-v2.png\",\"contentUrl\":\"https:\/\/nederlandsetempeliers.nl\/wp-content\/uploads\/Dutch-order-v2.png\",\"width\":687,\"height\":686,\"caption\":\"Nederlandse Tempeliers\"},\"image\":{\"@id\":\"https:\/\/nederlandsetempeliers.nl\/fr\/#\/schema\/logo\/image\/\"}}]}<\/script>\n<!-- \/ Yoast SEO plugin. -->","yoast_head_json":{"title":"Crois\u00e9 - Chevalier Templier - Nederlandse Tempeliers","robots":{"index":"index","follow":"follow","max-snippet":"max-snippet:-1","max-image-preview":"max-image-preview:large","max-video-preview":"max-video-preview:-1"},"canonical":"https:\/\/nederlandsetempeliers.nl\/fr\/traces-du-passe\/croise-chevalier-templier\/","og_locale":"fr_FR","og_type":"article","og_title":"Crois\u00e9 - Chevalier Templier - Nederlandse Tempeliers","og_description":"Diff\u00e9rence entre le crois\u00e9 et le Templier Ceux qui sont soldats du temple sont de Dieu. Crois\u00e9 \/ Chevalier Templier Diff\u00e9rence entre le Crois\u00e9 et le Templier On suppose souvent [&hellip;]","og_url":"https:\/\/nederlandsetempeliers.nl\/fr\/traces-du-passe\/croise-chevalier-templier\/","og_site_name":"Nederlandse Tempeliers","article_modified_time":"2026-03-02T13:58:35+00:00","og_image":[{"width":1024,"height":683,"url":"https:\/\/nederlandsetempeliers.nl\/wp-content\/uploads\/ae3488a1-fa01-4ef4-a56b-e6f2e6bcafdf-1024x683.png","type":"image\/png"}],"twitter_card":"summary_large_image","twitter_misc":{"Dur\u00e9e de lecture estim\u00e9e":"1 minute"},"schema":{"@context":"https:\/\/schema.org","@graph":[{"@type":"WebPage","@id":"https:\/\/nederlandsetempeliers.nl\/fr\/traces-du-passe\/croise-chevalier-templier\/","url":"https:\/\/nederlandsetempeliers.nl\/fr\/traces-du-passe\/croise-chevalier-templier\/","name":"Crois\u00e9 - Chevalier Templier - Nederlandse Tempeliers","isPartOf":{"@id":"https:\/\/nederlandsetempeliers.nl\/fr\/#website"},"primaryImageOfPage":{"@id":"https:\/\/nederlandsetempeliers.nl\/fr\/traces-du-passe\/croise-chevalier-templier\/#primaryimage"},"image":{"@id":"https:\/\/nederlandsetempeliers.nl\/fr\/traces-du-passe\/croise-chevalier-templier\/#primaryimage"},"thumbnailUrl":"https:\/\/nederlandsetempeliers.nl\/wp-content\/uploads\/ae3488a1-fa01-4ef4-a56b-e6f2e6bcafdf.png","datePublished":"2025-09-15T15:58:23+00:00","dateModified":"2026-03-02T13:58:35+00:00","breadcrumb":{"@id":"https:\/\/nederlandsetempeliers.nl\/fr\/traces-du-passe\/croise-chevalier-templier\/#breadcrumb"},"inLanguage":"fr-FR","potentialAction":[{"@type":"ReadAction","target":["https:\/\/nederlandsetempeliers.nl\/fr\/traces-du-passe\/croise-chevalier-templier\/"]}]},{"@type":"ImageObject","inLanguage":"fr-FR","@id":"https:\/\/nederlandsetempeliers.nl\/fr\/traces-du-passe\/croise-chevalier-templier\/#primaryimage","url":"https:\/\/nederlandsetempeliers.nl\/wp-content\/uploads\/ae3488a1-fa01-4ef4-a56b-e6f2e6bcafdf.png","contentUrl":"https:\/\/nederlandsetempeliers.nl\/wp-content\/uploads\/ae3488a1-fa01-4ef4-a56b-e6f2e6bcafdf.png"},{"@type":"BreadcrumbList","@id":"https:\/\/nederlandsetempeliers.nl\/fr\/traces-du-passe\/croise-chevalier-templier\/#breadcrumb","itemListElement":[{"@type":"ListItem","position":1,"name":"Home","item":"https:\/\/nederlandsetempeliers.nl\/fr\/"},{"@type":"ListItem","position":2,"name":"Traces du pass\u00e9","item":"https:\/\/nederlandsetempeliers.nl\/fr\/sporen-uit-het-verleden\/"},{"@type":"ListItem","position":3,"name":"Crois\u00e9 \u2013 Chevalier Templier"}]},{"@type":"WebSite","@id":"https:\/\/nederlandsetempeliers.nl\/fr\/#website","url":"https:\/\/nederlandsetempeliers.nl\/fr\/","name":"Nederlandse Tempeliers","description":"The Black Knights Templars of Solomon","publisher":{"@id":"https:\/\/nederlandsetempeliers.nl\/fr\/#organization"},"potentialAction":[{"@type":"SearchAction","target":{"@type":"EntryPoint","urlTemplate":"https:\/\/nederlandsetempeliers.nl\/fr\/?s={search_term_string}"},"query-input":{"@type":"PropertyValueSpecification","valueRequired":true,"valueName":"search_term_string"}}],"inLanguage":"fr-FR"},{"@type":"Organization","@id":"https:\/\/nederlandsetempeliers.nl\/fr\/#organization","name":"Nederlandse Tempeliers","url":"https:\/\/nederlandsetempeliers.nl\/fr\/","logo":{"@type":"ImageObject","inLanguage":"fr-FR","@id":"https:\/\/nederlandsetempeliers.nl\/fr\/#\/schema\/logo\/image\/","url":"https:\/\/nederlandsetempeliers.nl\/wp-content\/uploads\/Dutch-order-v2.png","contentUrl":"https:\/\/nederlandsetempeliers.nl\/wp-content\/uploads\/Dutch-order-v2.png","width":687,"height":686,"caption":"Nederlandse Tempeliers"},"image":{"@id":"https:\/\/nederlandsetempeliers.nl\/fr\/#\/schema\/logo\/image\/"}}]}},"_links":{"self":[{"href":"https:\/\/nederlandsetempeliers.nl\/fr\/wp-json\/wp\/v2\/pages\/3078","targetHints":{"allow":["GET"]}}],"collection":[{"href":"https:\/\/nederlandsetempeliers.nl\/fr\/wp-json\/wp\/v2\/pages"}],"about":[{"href":"https:\/\/nederlandsetempeliers.nl\/fr\/wp-json\/wp\/v2\/types\/page"}],"author":[{"embeddable":true,"href":"https:\/\/nederlandsetempeliers.nl\/fr\/wp-json\/wp\/v2\/users\/2"}],"replies":[{"embeddable":true,"href":"https:\/\/nederlandsetempeliers.nl\/fr\/wp-json\/wp\/v2\/comments?post=3078"}],"version-history":[{"count":3,"href":"https:\/\/nederlandsetempeliers.nl\/fr\/wp-json\/wp\/v2\/pages\/3078\/revisions"}],"predecessor-version":[{"id":3118,"href":"https:\/\/nederlandsetempeliers.nl\/fr\/wp-json\/wp\/v2\/pages\/3078\/revisions\/3118"}],"up":[{"embeddable":true,"href":"https:\/\/nederlandsetempeliers.nl\/fr\/wp-json\/wp\/v2\/pages\/3430"}],"wp:attachment":[{"href":"https:\/\/nederlandsetempeliers.nl\/fr\/wp-json\/wp\/v2\/media?parent=3078"}],"curies":[{"name":"wp","href":"https:\/\/api.w.org\/{rel}","templated":true}]}}