{"id":3105,"date":"2025-09-17T17:50:59","date_gmt":"2025-09-17T15:50:59","guid":{"rendered":"https:\/\/nederlandsetempeliers.nl\/croix-molayienne\/"},"modified":"2026-03-02T14:58:35","modified_gmt":"2026-03-02T13:58:35","slug":"croix-molayienne","status":"publish","type":"page","link":"https:\/\/nederlandsetempeliers.nl\/fr\/traces-du-passe\/croix-molayienne\/","title":{"rendered":"Croix molayienne"},"content":{"rendered":"\t\t<div data-elementor-type=\"wp-page\" data-elementor-id=\"3105\" class=\"elementor elementor-3105 elementor-1352\" data-elementor-post-type=\"page\">\n\t\t\t\t\t\t<section class=\"elementor-section elementor-top-section elementor-element elementor-element-3a7515f9 elementor-section-height-min-height elementor-section-boxed elementor-section-height-default elementor-section-items-middle\" data-id=\"3a7515f9\" data-element_type=\"section\" data-e-type=\"section\" data-settings=\"{&quot;background_background&quot;:&quot;classic&quot;}\">\n\t\t\t\t\t\t<div class=\"elementor-container elementor-column-gap-default\">\n\t\t\t\t\t<div class=\"elementor-column elementor-col-100 elementor-top-column elementor-element elementor-element-519633d1\" data-id=\"519633d1\" data-element_type=\"column\" data-e-type=\"column\">\n\t\t\t<div class=\"elementor-widget-wrap elementor-element-populated\">\n\t\t\t\t\t\t<div class=\"elementor-element elementor-element-154381a2 elementor-widget elementor-widget-heading\" data-id=\"154381a2\" data-element_type=\"widget\" data-e-type=\"widget\" data-widget_type=\"heading.default\">\n\t\t\t\t<div class=\"elementor-widget-container\">\n\t\t\t\t\t<h2 class=\"elementor-heading-title elementor-size-default\">Croix mola\u00efenne des Templiers<\/h2>\t\t\t\t<\/div>\n\t\t\t\t<\/div>\n\t\t\t\t<div class=\"elementor-element elementor-element-43950f86 elementor-widget elementor-widget-text-editor\" data-id=\"43950f86\" data-element_type=\"widget\" data-e-type=\"widget\" data-widget_type=\"text-editor.default\">\n\t\t\t\t<div class=\"elementor-widget-container\">\n\t\t\t\t\t\t\t\t\t<p>Ceux qui sont soldats du temple sont <b>de Dieu.<\/b><\/p>\t\t\t\t\t\t\t\t<\/div>\n\t\t\t\t<\/div>\n\t\t\t\t<div class=\"elementor-element elementor-element-7afeca90 elementor-widget elementor-widget-image\" data-id=\"7afeca90\" data-element_type=\"widget\" data-e-type=\"widget\" data-widget_type=\"image.default\">\n\t\t\t\t<div class=\"elementor-widget-container\">\n\t\t\t\t\t\t\t\t\t\t\t\t\t\t\t<img fetchpriority=\"high\" decoding=\"async\" width=\"300\" height=\"300\" src=\"https:\/\/nederlandsetempeliers.nl\/wp-content\/uploads\/Dutch-order-v2-300x300.png\" class=\"attachment-medium size-medium wp-image-3082\" alt=\"Cena de Seder medieval con s\u00edmbolos de P\u00e9saj, flanqueada por dos Caballeros Templarios como guardianes\" srcset=\"https:\/\/nederlandsetempeliers.nl\/wp-content\/uploads\/Dutch-order-v2-300x300.png 300w, https:\/\/nederlandsetempeliers.nl\/wp-content\/uploads\/Dutch-order-v2-150x150.png 150w, https:\/\/nederlandsetempeliers.nl\/wp-content\/uploads\/Dutch-order-v2.png 687w\" sizes=\"(max-width: 300px) 100vw, 300px\" \/>\t\t\t\t\t\t\t\t\t\t\t\t\t\t\t<\/div>\n\t\t\t\t<\/div>\n\t\t\t\t\t<\/div>\n\t\t<\/div>\n\t\t\t\t\t<\/div>\n\t\t<\/section>\n\t\t\t\t<section class=\"elementor-section elementor-top-section elementor-element elementor-element-51f144e2 elementor-section-boxed elementor-section-height-default elementor-section-height-default\" data-id=\"51f144e2\" data-element_type=\"section\" data-e-type=\"section\" data-settings=\"{&quot;background_background&quot;:&quot;classic&quot;,&quot;shape_divider_bottom&quot;:&quot;triangle&quot;,&quot;shape_divider_bottom_negative&quot;:&quot;yes&quot;}\">\n\t\t\t\t\t<div class=\"elementor-shape elementor-shape-bottom\" aria-hidden=\"true\" data-negative=\"true\">\n\t\t\t<svg xmlns=\"http:\/\/www.w3.org\/2000\/svg\" viewBox=\"0 0 1000 100\" preserveAspectRatio=\"none\">\n\t<path class=\"elementor-shape-fill\" d=\"M500.2,94.7L0,0v100h1000V0L500.2,94.7z\"\/>\n<\/svg>\t\t<\/div>\n\t\t\t\t\t<div class=\"elementor-container elementor-column-gap-default\">\n\t\t\t\t\t<div class=\"elementor-column elementor-col-100 elementor-top-column elementor-element elementor-element-faab179\" data-id=\"faab179\" data-element_type=\"column\" data-e-type=\"column\">\n\t\t\t<div class=\"elementor-widget-wrap elementor-element-populated\">\n\t\t\t\t\t\t<div class=\"elementor-element elementor-element-4f8f8cc elementor-widget__width-auto elementor-view-default elementor-widget elementor-widget-icon\" data-id=\"4f8f8cc\" data-element_type=\"widget\" data-e-type=\"widget\" data-widget_type=\"icon.default\">\n\t\t\t\t<div class=\"elementor-widget-container\">\n\t\t\t\t\t\t\t<div class=\"elementor-icon-wrapper\">\n\t\t\t<div class=\"elementor-icon\">\n\t\t\t<i aria-hidden=\"true\" class=\"fas fa-grip-lines\"><\/i>\t\t\t<\/div>\n\t\t<\/div>\n\t\t\t\t\t\t<\/div>\n\t\t\t\t<\/div>\n\t\t\t\t<div class=\"elementor-element elementor-element-4871e44a elementor-widget__width-auto elementor-widget elementor-widget-heading\" data-id=\"4871e44a\" data-element_type=\"widget\" data-e-type=\"widget\" data-widget_type=\"heading.default\">\n\t\t\t\t<div class=\"elementor-widget-container\">\n\t\t\t\t\t<h2 class=\"elementor-heading-title elementor-size-default\">Croix molayienne<\/h2>\t\t\t\t<\/div>\n\t\t\t\t<\/div>\n\t\t\t\t<div class=\"elementor-element elementor-element-5e3cc42a elementor-widget__width-auto elementor-view-default elementor-widget elementor-widget-icon\" data-id=\"5e3cc42a\" data-element_type=\"widget\" data-e-type=\"widget\" data-widget_type=\"icon.default\">\n\t\t\t\t<div class=\"elementor-widget-container\">\n\t\t\t\t\t\t\t<div class=\"elementor-icon-wrapper\">\n\t\t\t<div class=\"elementor-icon\">\n\t\t\t<i aria-hidden=\"true\" class=\"fas fa-grip-lines\"><\/i>\t\t\t<\/div>\n\t\t<\/div>\n\t\t\t\t\t\t<\/div>\n\t\t\t\t<\/div>\n\t\t\t\t\t<\/div>\n\t\t<\/div>\n\t\t\t\t\t<\/div>\n\t\t<\/section>\n\t\t\t\t<section class=\"elementor-section elementor-top-section elementor-element elementor-element-403df7c4 elementor-section-content-middle elementor-section-boxed elementor-section-height-default elementor-section-height-default\" data-id=\"403df7c4\" data-element_type=\"section\" data-e-type=\"section\">\n\t\t\t\t\t\t<div class=\"elementor-container elementor-column-gap-default\">\n\t\t\t\t\t<div class=\"elementor-column elementor-col-50 elementor-top-column elementor-element elementor-element-72d7588\" data-id=\"72d7588\" data-element_type=\"column\" data-e-type=\"column\">\n\t\t\t<div class=\"elementor-widget-wrap elementor-element-populated\">\n\t\t\t\t\t\t<div class=\"elementor-element elementor-element-fd3177b elementor-widget elementor-widget-heading\" data-id=\"fd3177b\" data-element_type=\"widget\" data-e-type=\"widget\" data-widget_type=\"heading.default\">\n\t\t\t\t<div class=\"elementor-widget-container\">\n\t\t\t\t\t<h2 class=\"elementor-heading-title elementor-size-default\">LA CROIX DES TEMPLIERS. LE HUIT EST CORRECT. <\/h2>\t\t\t\t<\/div>\n\t\t\t\t<\/div>\n\t\t\t\t<div class=\"elementor-element elementor-element-10c10b01 elementor-widget elementor-widget-text-editor\" data-id=\"10c10b01\" data-element_type=\"widget\" data-e-type=\"widget\" data-widget_type=\"text-editor.default\">\n\t\t\t\t<div class=\"elementor-widget-container\">\n\t\t\t\t\t\t\t\t\t<p>La croix bott\u00e9e (du fran\u00e7ais croix patt\u00e9e signifie croix avec jambes), croix temp\u00e9laire, croix de p\u00e2t\u00e9e est cette croix dont les bras sont \u00e9troits en atteignant le centre et s\u2019\u00e9largissent aux extr\u00e9mit\u00e9s. Son nom vient des armoiries de ce type de croix ressemblant \u00e0 des jambes. <\/p><p>La croix en p\u00e2t\u00e9 est associ\u00e9e \u00e0 l\u2019Ordre des Pauvres Compagnons du Christ et au Temple de Salomon (latin : Pauperes Commilitones Christi Templique Salomonici), \u00e9galement appel\u00e9 l\u2019Ordre du Temple, auquel le pape Eug\u00e8ne III donna le droit de porter d\u00e9finitivement la croix le 24 avril 1147 ; simple croix, mais ancr\u00e9e ou p\u00e2t\u00e9, symbolise le martyre du Christ ; rouge, car le rouge \u00e9tait le symbole du sang vers\u00e9 du Christ, mais aussi de la vie. La croix fut pos\u00e9e sur sa cape, sur son \u00e9paule gauche, au-dessus de son c\u0153ur. \u00ab\u00a0<\/p><p>\u00c9galement connue sous le nom de Croix des 8 zalitudes, c\u2019est l\u2019un des secrets les plus \u00e9nigmatiques des Templiers. La croix se compose de quatre bras \u00e9gaux et de huit extr\u00e9mit\u00e9s. Les armoiries repr\u00e9sentent les quatre points cardinaux, les quatre saisons et les quatre \u00e9vang\u00e9listes.  <\/p><p>Le but principal de la g\u00e9om\u00e9trie crois\u00e9e est d\u2019inviter \u00e0 la m\u00e9ditation. Mais quant aux 8 zalitudes, la Croix qui identifie les Templiers a une signification plus profonde et est la suivante : <\/p><p>Ayez du bonheur spirituel.<\/p><p>Vivre sans malveillance.<\/p><p>Pleure les p\u00e9ch\u00e9s.<\/p><p>Humilie-toi pour \u00eatre offens\u00e9.<\/p><p>L\u2019amour de la justice.<\/p><p>Faites preuve de piti\u00e9.<\/p><p>Sinc\u00e9rit\u00e9 et c\u0153ur pur<\/p><p>Endurez patiemment la pers\u00e9cution.<\/p>\t\t\t\t\t\t\t\t<\/div>\n\t\t\t\t<\/div>\n\t\t\t\t\t<\/div>\n\t\t<\/div>\n\t\t\t\t<div class=\"elementor-column elementor-col-50 elementor-top-column elementor-element elementor-element-6585755\" data-id=\"6585755\" data-element_type=\"column\" data-e-type=\"column\">\n\t\t\t<div class=\"elementor-widget-wrap elementor-element-populated\">\n\t\t\t\t\t\t<div class=\"elementor-element elementor-element-0c96406 elementor-widget elementor-widget-image\" data-id=\"0c96406\" data-element_type=\"widget\" data-e-type=\"widget\" data-widget_type=\"image.default\">\n\t\t\t\t<div class=\"elementor-widget-container\">\n\t\t\t\t\t\t\t\t\t\t\t\t\t\t\t<img decoding=\"async\" width=\"162\" height=\"202\" src=\"https:\/\/nederlandsetempeliers.nl\/wp-content\/uploads\/Molay-kruis-1.jpg\" class=\"attachment-full size-full wp-image-3106\" alt=\"Croix chr\u00e9tienne en m\u00e9tal d\u00e9taill\u00e9e sur fond en nacre, symbole de la foi et de l\u2019art religieux\" \/>\t\t\t\t\t\t\t\t\t\t\t\t\t\t\t<\/div>\n\t\t\t\t<\/div>\n\t\t\t\t\t<\/div>\n\t\t<\/div>\n\t\t\t\t\t<\/div>\n\t\t<\/section>\n\t\t\t\t<section class=\"elementor-section elementor-top-section elementor-element elementor-element-6910ad elementor-section-boxed elementor-section-height-default elementor-section-height-default\" data-id=\"6910ad\" data-element_type=\"section\" data-e-type=\"section\">\n\t\t\t\t\t\t<div class=\"elementor-container elementor-column-gap-default\">\n\t\t\t\t\t<div class=\"elementor-column elementor-col-100 elementor-top-column elementor-element elementor-element-670c1578\" data-id=\"670c1578\" data-element_type=\"column\" data-e-type=\"column\">\n\t\t\t<div class=\"elementor-widget-wrap elementor-element-populated\">\n\t\t\t\t<div class=\"elementor-element elementor-element-fcda58e e-flex e-con-boxed e-con e-parent\" data-id=\"fcda58e\" data-element_type=\"container\" data-e-type=\"container\">\n\t\t\t\t\t<div class=\"e-con-inner\">\n\t\t\t\t<div class=\"elementor-element elementor-element-d122b4f elementor-widget elementor-widget-image\" data-id=\"d122b4f\" data-element_type=\"widget\" data-e-type=\"widget\" data-widget_type=\"image.default\">\n\t\t\t\t<div class=\"elementor-widget-container\">\n\t\t\t\t\t\t\t\t\t\t\t\t\t\t\t<img decoding=\"async\" width=\"586\" height=\"769\" src=\"https:\/\/nederlandsetempeliers.nl\/wp-content\/uploads\/Molay-kruis-6.jpg\" class=\"attachment-full size-full wp-image-3111\" alt=\"Portail d\u2019\u00e9glise m\u00e9di\u00e9vale romane avec un arc en pierre richement sculpt\u00e9 et de massives portes en bois.\" srcset=\"https:\/\/nederlandsetempeliers.nl\/wp-content\/uploads\/Molay-kruis-6.jpg 586w, https:\/\/nederlandsetempeliers.nl\/wp-content\/uploads\/Molay-kruis-6-229x300.jpg 229w\" sizes=\"(max-width: 586px) 100vw, 586px\" \/>\t\t\t\t\t\t\t\t\t\t\t\t\t\t\t<\/div>\n\t\t\t\t<\/div>\n\t\t\t\t<div class=\"elementor-element elementor-element-42f3ad6 elementor-widget elementor-widget-image\" data-id=\"42f3ad6\" data-element_type=\"widget\" data-e-type=\"widget\" data-widget_type=\"image.default\">\n\t\t\t\t<div class=\"elementor-widget-container\">\n\t\t\t\t\t\t\t\t\t\t\t\t\t\t\t<img loading=\"lazy\" decoding=\"async\" width=\"605\" height=\"422\" src=\"https:\/\/nederlandsetempeliers.nl\/wp-content\/uploads\/Molay-kruis-2.jpg\" class=\"attachment-full size-full wp-image-3107\" alt=\"Rosette romane en pierre naturelle avec motifs en forme de fleurs et de croix sur le mur de l\u2019\u00e9glise.\" srcset=\"https:\/\/nederlandsetempeliers.nl\/wp-content\/uploads\/Molay-kruis-2.jpg 605w, https:\/\/nederlandsetempeliers.nl\/wp-content\/uploads\/Molay-kruis-2-300x209.jpg 300w\" sizes=\"(max-width: 605px) 100vw, 605px\" \/>\t\t\t\t\t\t\t\t\t\t\t\t\t\t\t<\/div>\n\t\t\t\t<\/div>\n\t\t\t\t<div class=\"elementor-element elementor-element-5927364 elementor-widget elementor-widget-image\" data-id=\"5927364\" data-element_type=\"widget\" data-e-type=\"widget\" data-widget_type=\"image.default\">\n\t\t\t\t<div class=\"elementor-widget-container\">\n\t\t\t\t\t\t\t\t\t\t\t\t\t\t\t<img loading=\"lazy\" decoding=\"async\" width=\"605\" height=\"472\" src=\"https:\/\/nederlandsetempeliers.nl\/wp-content\/uploads\/Molay-kruis-3.jpg\" class=\"attachment-full size-full wp-image-3108\" alt=\"Croix m\u00e9di\u00e9vale en pierre de forme ronde, sculpt\u00e9e dans le mur de l\u2019\u00e9glise.\" srcset=\"https:\/\/nederlandsetempeliers.nl\/wp-content\/uploads\/Molay-kruis-3.jpg 605w, https:\/\/nederlandsetempeliers.nl\/wp-content\/uploads\/Molay-kruis-3-300x234.jpg 300w\" sizes=\"(max-width: 605px) 100vw, 605px\" \/>\t\t\t\t\t\t\t\t\t\t\t\t\t\t\t<\/div>\n\t\t\t\t<\/div>\n\t\t\t\t<div class=\"elementor-element elementor-element-d01f058 elementor-widget elementor-widget-image\" data-id=\"d01f058\" data-element_type=\"widget\" data-e-type=\"widget\" data-widget_type=\"image.default\">\n\t\t\t\t<div class=\"elementor-widget-container\">\n\t\t\t\t\t\t\t\t\t\t\t\t\t\t\t<img loading=\"lazy\" decoding=\"async\" width=\"605\" height=\"516\" src=\"https:\/\/nederlandsetempeliers.nl\/wp-content\/uploads\/Molay-kruis-4.jpg\" class=\"attachment-full size-full wp-image-3109\" alt=\"Rosaci\u00e8re m\u00e9di\u00e9vale en pierre avec ornerie g\u00e9om\u00e9trique en osier dans l\u2019architecture eccl\u00e9siastique.\" srcset=\"https:\/\/nederlandsetempeliers.nl\/wp-content\/uploads\/Molay-kruis-4.jpg 605w, https:\/\/nederlandsetempeliers.nl\/wp-content\/uploads\/Molay-kruis-4-300x256.jpg 300w\" sizes=\"(max-width: 605px) 100vw, 605px\" \/>\t\t\t\t\t\t\t\t\t\t\t\t\t\t\t<\/div>\n\t\t\t\t<\/div>\n\t\t\t\t<div class=\"elementor-element elementor-element-e3d1fc7 elementor-widget elementor-widget-image\" data-id=\"e3d1fc7\" data-element_type=\"widget\" data-e-type=\"widget\" data-widget_type=\"image.default\">\n\t\t\t\t<div class=\"elementor-widget-container\">\n\t\t\t\t\t\t\t\t\t\t\t\t\t\t\t<img loading=\"lazy\" decoding=\"async\" width=\"605\" height=\"729\" src=\"https:\/\/nederlandsetempeliers.nl\/wp-content\/uploads\/Molay-kruis-5.jpg\" class=\"attachment-full size-full wp-image-3110\" alt=\"Relief roman m\u00e9di\u00e9val avec symbolisme chr\u00e9tien, croix et figure humaine dans l\u2019architecture eccl\u00e9siastique.\" srcset=\"https:\/\/nederlandsetempeliers.nl\/wp-content\/uploads\/Molay-kruis-5.jpg 605w, https:\/\/nederlandsetempeliers.nl\/wp-content\/uploads\/Molay-kruis-5-249x300.jpg 249w\" sizes=\"(max-width: 605px) 100vw, 605px\" \/>\t\t\t\t\t\t\t\t\t\t\t\t\t\t\t<\/div>\n\t\t\t\t<\/div>\n\t\t\t\t\t<\/div>\n\t\t\t\t<\/div>\n\t\t\t\t\t<\/div>\n\t\t<\/div>\n\t\t\t\t\t<\/div>\n\t\t<\/section>\n\t\t\t\t<\/div>\n\t\t","protected":false},"excerpt":{"rendered":"<p>Croix mola\u00efenne des Templiers Ceux qui sont soldats du temple sont de Dieu. Croix molayienne LA CROIX DES TEMPLIERS. LE HUIT EST CORRECT. La croix bott\u00e9e (du fran\u00e7ais croix patt\u00e9e [&hellip;]<\/p>\n","protected":false},"author":2,"featured_media":0,"parent":3430,"menu_order":0,"comment_status":"closed","ping_status":"closed","template":"","meta":{"footnotes":""},"class_list":["post-3105","page","type-page","status-publish","hentry"],"yoast_head":"<!-- This site is optimized with the Yoast SEO plugin v27.2 - https:\/\/yoast.com\/product\/yoast-seo-wordpress\/ -->\n<title>Croix molayienne - Nederlandse Tempeliers<\/title>\n<meta name=\"robots\" content=\"index, follow, max-snippet:-1, max-image-preview:large, max-video-preview:-1\" \/>\n<link rel=\"canonical\" href=\"https:\/\/nederlandsetempeliers.nl\/fr\/traces-du-passe\/croix-molayienne\/\" \/>\n<meta property=\"og:locale\" content=\"fr_FR\" \/>\n<meta property=\"og:type\" content=\"article\" \/>\n<meta property=\"og:title\" content=\"Croix molayienne - Nederlandse Tempeliers\" \/>\n<meta property=\"og:description\" content=\"Croix mola\u00efenne des Templiers Ceux qui sont soldats du temple sont de Dieu. Croix molayienne LA CROIX DES TEMPLIERS. LE HUIT EST CORRECT. La croix bott\u00e9e (du fran\u00e7ais croix patt\u00e9e [&hellip;]\" \/>\n<meta property=\"og:url\" content=\"https:\/\/nederlandsetempeliers.nl\/fr\/traces-du-passe\/croix-molayienne\/\" \/>\n<meta property=\"og:site_name\" content=\"Nederlandse Tempeliers\" \/>\n<meta property=\"article:modified_time\" content=\"2026-03-02T13:58:35+00:00\" \/>\n<meta property=\"og:image\" content=\"https:\/\/nederlandsetempeliers.nl\/wp-content\/uploads\/Dutch-order-v2.png\" \/>\n\t<meta property=\"og:image:width\" content=\"687\" \/>\n\t<meta property=\"og:image:height\" content=\"686\" \/>\n\t<meta property=\"og:image:type\" content=\"image\/png\" \/>\n<meta name=\"twitter:card\" content=\"summary_large_image\" \/>\n<meta name=\"twitter:label1\" content=\"Dur\u00e9e de lecture estim\u00e9e\" \/>\n\t<meta name=\"twitter:data1\" content=\"1 minute\" \/>\n<script type=\"application\/ld+json\" class=\"yoast-schema-graph\">{\"@context\":\"https:\/\/schema.org\",\"@graph\":[{\"@type\":\"WebPage\",\"@id\":\"https:\/\/nederlandsetempeliers.nl\/fr\/traces-du-passe\/croix-molayienne\/\",\"url\":\"https:\/\/nederlandsetempeliers.nl\/fr\/traces-du-passe\/croix-molayienne\/\",\"name\":\"Croix molayienne - Nederlandse Tempeliers\",\"isPartOf\":{\"@id\":\"https:\/\/nederlandsetempeliers.nl\/fr\/#website\"},\"primaryImageOfPage\":{\"@id\":\"https:\/\/nederlandsetempeliers.nl\/fr\/traces-du-passe\/croix-molayienne\/#primaryimage\"},\"image\":{\"@id\":\"https:\/\/nederlandsetempeliers.nl\/fr\/traces-du-passe\/croix-molayienne\/#primaryimage\"},\"thumbnailUrl\":\"https:\/\/nederlandsetempeliers.nl\/wp-content\/uploads\/Dutch-order-v2-300x300.png\",\"datePublished\":\"2025-09-17T15:50:59+00:00\",\"dateModified\":\"2026-03-02T13:58:35+00:00\",\"breadcrumb\":{\"@id\":\"https:\/\/nederlandsetempeliers.nl\/fr\/traces-du-passe\/croix-molayienne\/#breadcrumb\"},\"inLanguage\":\"fr-FR\",\"potentialAction\":[{\"@type\":\"ReadAction\",\"target\":[\"https:\/\/nederlandsetempeliers.nl\/fr\/traces-du-passe\/croix-molayienne\/\"]}]},{\"@type\":\"ImageObject\",\"inLanguage\":\"fr-FR\",\"@id\":\"https:\/\/nederlandsetempeliers.nl\/fr\/traces-du-passe\/croix-molayienne\/#primaryimage\",\"url\":\"https:\/\/nederlandsetempeliers.nl\/wp-content\/uploads\/Dutch-order-v2-300x300.png\",\"contentUrl\":\"https:\/\/nederlandsetempeliers.nl\/wp-content\/uploads\/Dutch-order-v2-300x300.png\"},{\"@type\":\"BreadcrumbList\",\"@id\":\"https:\/\/nederlandsetempeliers.nl\/fr\/traces-du-passe\/croix-molayienne\/#breadcrumb\",\"itemListElement\":[{\"@type\":\"ListItem\",\"position\":1,\"name\":\"Home\",\"item\":\"https:\/\/nederlandsetempeliers.nl\/fr\/\"},{\"@type\":\"ListItem\",\"position\":2,\"name\":\"Traces du pass\u00e9\",\"item\":\"https:\/\/nederlandsetempeliers.nl\/fr\/sporen-uit-het-verleden\/\"},{\"@type\":\"ListItem\",\"position\":3,\"name\":\"Croix molayienne\"}]},{\"@type\":\"WebSite\",\"@id\":\"https:\/\/nederlandsetempeliers.nl\/fr\/#website\",\"url\":\"https:\/\/nederlandsetempeliers.nl\/fr\/\",\"name\":\"Nederlandse Tempeliers\",\"description\":\"The Black Knights Templars of Solomon\",\"publisher\":{\"@id\":\"https:\/\/nederlandsetempeliers.nl\/fr\/#organization\"},\"potentialAction\":[{\"@type\":\"SearchAction\",\"target\":{\"@type\":\"EntryPoint\",\"urlTemplate\":\"https:\/\/nederlandsetempeliers.nl\/fr\/?s={search_term_string}\"},\"query-input\":{\"@type\":\"PropertyValueSpecification\",\"valueRequired\":true,\"valueName\":\"search_term_string\"}}],\"inLanguage\":\"fr-FR\"},{\"@type\":\"Organization\",\"@id\":\"https:\/\/nederlandsetempeliers.nl\/fr\/#organization\",\"name\":\"Nederlandse Tempeliers\",\"url\":\"https:\/\/nederlandsetempeliers.nl\/fr\/\",\"logo\":{\"@type\":\"ImageObject\",\"inLanguage\":\"fr-FR\",\"@id\":\"https:\/\/nederlandsetempeliers.nl\/fr\/#\/schema\/logo\/image\/\",\"url\":\"https:\/\/nederlandsetempeliers.nl\/wp-content\/uploads\/Dutch-order-v2.png\",\"contentUrl\":\"https:\/\/nederlandsetempeliers.nl\/wp-content\/uploads\/Dutch-order-v2.png\",\"width\":687,\"height\":686,\"caption\":\"Nederlandse Tempeliers\"},\"image\":{\"@id\":\"https:\/\/nederlandsetempeliers.nl\/fr\/#\/schema\/logo\/image\/\"}}]}<\/script>\n<!-- \/ Yoast SEO plugin. -->","yoast_head_json":{"title":"Croix molayienne - Nederlandse Tempeliers","robots":{"index":"index","follow":"follow","max-snippet":"max-snippet:-1","max-image-preview":"max-image-preview:large","max-video-preview":"max-video-preview:-1"},"canonical":"https:\/\/nederlandsetempeliers.nl\/fr\/traces-du-passe\/croix-molayienne\/","og_locale":"fr_FR","og_type":"article","og_title":"Croix molayienne - Nederlandse Tempeliers","og_description":"Croix mola\u00efenne des Templiers Ceux qui sont soldats du temple sont de Dieu. Croix molayienne LA CROIX DES TEMPLIERS. LE HUIT EST CORRECT. La croix bott\u00e9e (du fran\u00e7ais croix patt\u00e9e [&hellip;]","og_url":"https:\/\/nederlandsetempeliers.nl\/fr\/traces-du-passe\/croix-molayienne\/","og_site_name":"Nederlandse Tempeliers","article_modified_time":"2026-03-02T13:58:35+00:00","og_image":[{"width":687,"height":686,"url":"https:\/\/nederlandsetempeliers.nl\/wp-content\/uploads\/Dutch-order-v2.png","type":"image\/png"}],"twitter_card":"summary_large_image","twitter_misc":{"Dur\u00e9e de lecture estim\u00e9e":"1 minute"},"schema":{"@context":"https:\/\/schema.org","@graph":[{"@type":"WebPage","@id":"https:\/\/nederlandsetempeliers.nl\/fr\/traces-du-passe\/croix-molayienne\/","url":"https:\/\/nederlandsetempeliers.nl\/fr\/traces-du-passe\/croix-molayienne\/","name":"Croix molayienne - Nederlandse Tempeliers","isPartOf":{"@id":"https:\/\/nederlandsetempeliers.nl\/fr\/#website"},"primaryImageOfPage":{"@id":"https:\/\/nederlandsetempeliers.nl\/fr\/traces-du-passe\/croix-molayienne\/#primaryimage"},"image":{"@id":"https:\/\/nederlandsetempeliers.nl\/fr\/traces-du-passe\/croix-molayienne\/#primaryimage"},"thumbnailUrl":"https:\/\/nederlandsetempeliers.nl\/wp-content\/uploads\/Dutch-order-v2-300x300.png","datePublished":"2025-09-17T15:50:59+00:00","dateModified":"2026-03-02T13:58:35+00:00","breadcrumb":{"@id":"https:\/\/nederlandsetempeliers.nl\/fr\/traces-du-passe\/croix-molayienne\/#breadcrumb"},"inLanguage":"fr-FR","potentialAction":[{"@type":"ReadAction","target":["https:\/\/nederlandsetempeliers.nl\/fr\/traces-du-passe\/croix-molayienne\/"]}]},{"@type":"ImageObject","inLanguage":"fr-FR","@id":"https:\/\/nederlandsetempeliers.nl\/fr\/traces-du-passe\/croix-molayienne\/#primaryimage","url":"https:\/\/nederlandsetempeliers.nl\/wp-content\/uploads\/Dutch-order-v2-300x300.png","contentUrl":"https:\/\/nederlandsetempeliers.nl\/wp-content\/uploads\/Dutch-order-v2-300x300.png"},{"@type":"BreadcrumbList","@id":"https:\/\/nederlandsetempeliers.nl\/fr\/traces-du-passe\/croix-molayienne\/#breadcrumb","itemListElement":[{"@type":"ListItem","position":1,"name":"Home","item":"https:\/\/nederlandsetempeliers.nl\/fr\/"},{"@type":"ListItem","position":2,"name":"Traces du pass\u00e9","item":"https:\/\/nederlandsetempeliers.nl\/fr\/sporen-uit-het-verleden\/"},{"@type":"ListItem","position":3,"name":"Croix molayienne"}]},{"@type":"WebSite","@id":"https:\/\/nederlandsetempeliers.nl\/fr\/#website","url":"https:\/\/nederlandsetempeliers.nl\/fr\/","name":"Nederlandse Tempeliers","description":"The Black Knights Templars of Solomon","publisher":{"@id":"https:\/\/nederlandsetempeliers.nl\/fr\/#organization"},"potentialAction":[{"@type":"SearchAction","target":{"@type":"EntryPoint","urlTemplate":"https:\/\/nederlandsetempeliers.nl\/fr\/?s={search_term_string}"},"query-input":{"@type":"PropertyValueSpecification","valueRequired":true,"valueName":"search_term_string"}}],"inLanguage":"fr-FR"},{"@type":"Organization","@id":"https:\/\/nederlandsetempeliers.nl\/fr\/#organization","name":"Nederlandse Tempeliers","url":"https:\/\/nederlandsetempeliers.nl\/fr\/","logo":{"@type":"ImageObject","inLanguage":"fr-FR","@id":"https:\/\/nederlandsetempeliers.nl\/fr\/#\/schema\/logo\/image\/","url":"https:\/\/nederlandsetempeliers.nl\/wp-content\/uploads\/Dutch-order-v2.png","contentUrl":"https:\/\/nederlandsetempeliers.nl\/wp-content\/uploads\/Dutch-order-v2.png","width":687,"height":686,"caption":"Nederlandse Tempeliers"},"image":{"@id":"https:\/\/nederlandsetempeliers.nl\/fr\/#\/schema\/logo\/image\/"}}]}},"_links":{"self":[{"href":"https:\/\/nederlandsetempeliers.nl\/fr\/wp-json\/wp\/v2\/pages\/3105","targetHints":{"allow":["GET"]}}],"collection":[{"href":"https:\/\/nederlandsetempeliers.nl\/fr\/wp-json\/wp\/v2\/pages"}],"about":[{"href":"https:\/\/nederlandsetempeliers.nl\/fr\/wp-json\/wp\/v2\/types\/page"}],"author":[{"embeddable":true,"href":"https:\/\/nederlandsetempeliers.nl\/fr\/wp-json\/wp\/v2\/users\/2"}],"replies":[{"embeddable":true,"href":"https:\/\/nederlandsetempeliers.nl\/fr\/wp-json\/wp\/v2\/comments?post=3105"}],"version-history":[{"count":1,"href":"https:\/\/nederlandsetempeliers.nl\/fr\/wp-json\/wp\/v2\/pages\/3105\/revisions"}],"predecessor-version":[{"id":3113,"href":"https:\/\/nederlandsetempeliers.nl\/fr\/wp-json\/wp\/v2\/pages\/3105\/revisions\/3113"}],"up":[{"embeddable":true,"href":"https:\/\/nederlandsetempeliers.nl\/fr\/wp-json\/wp\/v2\/pages\/3430"}],"wp:attachment":[{"href":"https:\/\/nederlandsetempeliers.nl\/fr\/wp-json\/wp\/v2\/media?parent=3105"}],"curies":[{"name":"wp","href":"https:\/\/api.w.org\/{rel}","templated":true}]}}