{"id":3265,"date":"2025-07-28T15:39:31","date_gmt":"2025-07-28T13:39:31","guid":{"rendered":"https:\/\/nederlandsetempeliers.nl\/7-vertus-7-peches\/"},"modified":"2026-03-02T14:58:34","modified_gmt":"2026-03-02T13:58:34","slug":"7-vertus-7-peches","status":"publish","type":"page","link":"https:\/\/nederlandsetempeliers.nl\/fr\/traces-du-passe\/7-vertus-7-peches\/","title":{"rendered":"7 Vertus &#8211; 7 P\u00e9ch\u00e9s"},"content":{"rendered":"\t\t<div data-elementor-type=\"wp-page\" data-elementor-id=\"3265\" class=\"elementor elementor-3265 elementor-932\" data-elementor-post-type=\"page\">\n\t\t\t\t\t\t<section class=\"elementor-section elementor-top-section elementor-element elementor-element-3a7515f9 elementor-section-height-min-height elementor-section-boxed elementor-section-height-default elementor-section-items-middle\" data-id=\"3a7515f9\" data-element_type=\"section\" data-e-type=\"section\" data-settings=\"{&quot;background_background&quot;:&quot;classic&quot;}\">\n\t\t\t\t\t\t<div class=\"elementor-container elementor-column-gap-default\">\n\t\t\t\t\t<div class=\"elementor-column elementor-col-100 elementor-top-column elementor-element elementor-element-519633d1\" data-id=\"519633d1\" data-element_type=\"column\" data-e-type=\"column\">\n\t\t\t<div class=\"elementor-widget-wrap elementor-element-populated\">\n\t\t\t\t\t\t<div class=\"elementor-element elementor-element-154381a2 elementor-widget elementor-widget-heading\" data-id=\"154381a2\" data-element_type=\"widget\" data-e-type=\"widget\" data-widget_type=\"heading.default\">\n\t\t\t\t<div class=\"elementor-widget-container\">\n\t\t\t\t\t<h2 class=\"elementor-heading-title elementor-size-default\">7 Vertus - 7 P\u00e9ch\u00e9s<\/h2>\t\t\t\t<\/div>\n\t\t\t\t<\/div>\n\t\t\t\t<div class=\"elementor-element elementor-element-43950f86 elementor-widget elementor-widget-text-editor\" data-id=\"43950f86\" data-element_type=\"widget\" data-e-type=\"widget\" data-widget_type=\"text-editor.default\">\n\t\t\t\t<div class=\"elementor-widget-container\">\n\t\t\t\t\t\t\t\t\t<p>Ceux qui sont soldats du temple sont <b>de Dieu.<\/b><\/p>\t\t\t\t\t\t\t\t<\/div>\n\t\t\t\t<\/div>\n\t\t\t\t<div class=\"elementor-element elementor-element-7afeca90 elementor-widget elementor-widget-image\" data-id=\"7afeca90\" data-element_type=\"widget\" data-e-type=\"widget\" data-widget_type=\"image.default\">\n\t\t\t\t<div class=\"elementor-widget-container\">\n\t\t\t\t\t\t\t\t\t\t\t\t\t\t\t<img fetchpriority=\"high\" decoding=\"async\" width=\"300\" height=\"300\" src=\"https:\/\/nederlandsetempeliers.nl\/wp-content\/uploads\/Dutch-order-v2-300x300.png\" class=\"attachment-medium size-medium wp-image-3082\" alt=\"Cena de Seder medieval con s\u00edmbolos de P\u00e9saj, flanqueada por dos Caballeros Templarios como guardianes\" srcset=\"https:\/\/nederlandsetempeliers.nl\/wp-content\/uploads\/Dutch-order-v2-300x300.png 300w, https:\/\/nederlandsetempeliers.nl\/wp-content\/uploads\/Dutch-order-v2-150x150.png 150w, https:\/\/nederlandsetempeliers.nl\/wp-content\/uploads\/Dutch-order-v2.png 687w\" sizes=\"(max-width: 300px) 100vw, 300px\" \/>\t\t\t\t\t\t\t\t\t\t\t\t\t\t\t<\/div>\n\t\t\t\t<\/div>\n\t\t\t\t\t<\/div>\n\t\t<\/div>\n\t\t\t\t\t<\/div>\n\t\t<\/section>\n\t\t\t\t<section class=\"elementor-section elementor-top-section elementor-element elementor-element-51f144e2 elementor-section-boxed elementor-section-height-default elementor-section-height-default\" data-id=\"51f144e2\" data-element_type=\"section\" data-e-type=\"section\" data-settings=\"{&quot;background_background&quot;:&quot;classic&quot;,&quot;shape_divider_bottom&quot;:&quot;triangle&quot;,&quot;shape_divider_bottom_negative&quot;:&quot;yes&quot;}\">\n\t\t\t\t\t<div class=\"elementor-shape elementor-shape-bottom\" aria-hidden=\"true\" data-negative=\"true\">\n\t\t\t<svg xmlns=\"http:\/\/www.w3.org\/2000\/svg\" viewBox=\"0 0 1000 100\" preserveAspectRatio=\"none\">\n\t<path class=\"elementor-shape-fill\" d=\"M500.2,94.7L0,0v100h1000V0L500.2,94.7z\"\/>\n<\/svg>\t\t<\/div>\n\t\t\t\t\t<div class=\"elementor-container elementor-column-gap-default\">\n\t\t\t\t\t<div class=\"elementor-column elementor-col-100 elementor-top-column elementor-element elementor-element-faab179\" data-id=\"faab179\" data-element_type=\"column\" data-e-type=\"column\">\n\t\t\t<div class=\"elementor-widget-wrap elementor-element-populated\">\n\t\t\t\t\t\t<div class=\"elementor-element elementor-element-4f8f8cc elementor-widget__width-auto elementor-view-default elementor-widget elementor-widget-icon\" data-id=\"4f8f8cc\" data-element_type=\"widget\" data-e-type=\"widget\" data-widget_type=\"icon.default\">\n\t\t\t\t<div class=\"elementor-widget-container\">\n\t\t\t\t\t\t\t<div class=\"elementor-icon-wrapper\">\n\t\t\t<div class=\"elementor-icon\">\n\t\t\t<i aria-hidden=\"true\" class=\"fas fa-grip-lines\"><\/i>\t\t\t<\/div>\n\t\t<\/div>\n\t\t\t\t\t\t<\/div>\n\t\t\t\t<\/div>\n\t\t\t\t<div class=\"elementor-element elementor-element-4871e44a elementor-widget__width-auto elementor-widget elementor-widget-heading\" data-id=\"4871e44a\" data-element_type=\"widget\" data-e-type=\"widget\" data-widget_type=\"heading.default\">\n\t\t\t\t<div class=\"elementor-widget-container\">\n\t\t\t\t\t<h2 class=\"elementor-heading-title elementor-size-default\">7 Vertus - 7 P\u00e9ch\u00e9s<\/h2>\t\t\t\t<\/div>\n\t\t\t\t<\/div>\n\t\t\t\t<div class=\"elementor-element elementor-element-5e3cc42a elementor-widget__width-auto elementor-view-default elementor-widget elementor-widget-icon\" data-id=\"5e3cc42a\" data-element_type=\"widget\" data-e-type=\"widget\" data-widget_type=\"icon.default\">\n\t\t\t\t<div class=\"elementor-widget-container\">\n\t\t\t\t\t\t\t<div class=\"elementor-icon-wrapper\">\n\t\t\t<div class=\"elementor-icon\">\n\t\t\t<i aria-hidden=\"true\" class=\"fas fa-grip-lines\"><\/i>\t\t\t<\/div>\n\t\t<\/div>\n\t\t\t\t\t\t<\/div>\n\t\t\t\t<\/div>\n\t\t\t\t\t<\/div>\n\t\t<\/div>\n\t\t\t\t\t<\/div>\n\t\t<\/section>\n\t\t\t\t<section class=\"elementor-section elementor-top-section elementor-element elementor-element-6910ad elementor-section-boxed elementor-section-height-default elementor-section-height-default\" data-id=\"6910ad\" data-element_type=\"section\" data-e-type=\"section\">\n\t\t\t\t\t\t<div class=\"elementor-container elementor-column-gap-default\">\n\t\t\t\t\t<div class=\"elementor-column elementor-col-100 elementor-top-column elementor-element elementor-element-670c1578\" data-id=\"670c1578\" data-element_type=\"column\" data-e-type=\"column\">\n\t\t\t<div class=\"elementor-widget-wrap elementor-element-populated\">\n\t\t\t\t\t\t<div class=\"elementor-element elementor-element-ae96fde elementor-widget elementor-widget-heading\" data-id=\"ae96fde\" data-element_type=\"widget\" data-e-type=\"widget\" data-widget_type=\"heading.default\">\n\t\t\t\t<div class=\"elementor-widget-container\">\n\t\t\t\t\t<h2 class=\"elementor-heading-title elementor-size-default\">Tombe d\u2019Engelbrecht II et Cimburga de Bade<\/h2>\t\t\t\t<\/div>\n\t\t\t\t<\/div>\n\t\t\t\t<div class=\"elementor-element elementor-element-155dc1ed elementor-widget elementor-widget-text-editor\" data-id=\"155dc1ed\" data-element_type=\"widget\" data-e-type=\"widget\" data-widget_type=\"text-editor.default\">\n\t\t\t\t<div class=\"elementor-widget-container\">\n\t\t\t\t\t\t\t\t\t<p><b>Marcus Atilius Regulus <\/b> G\u00e9n\u00e9rosit\u00e9 &#8211; Liberalitas 267 chr<\/p><p>\u00e9tait un homme d\u2019\u00c9tat et soldat romain. Inscription : M. Attilus Fidem Infractus Seravi &gt; J\u2019ai gard\u00e9 ma parole donn\u00e9e intacte <\/p><p><strong>Hanibal Barekas <\/strong>&#8211; Pers\u00e9v\u00e9rance &#8211; Perseverantia 247 av. J.-C.<\/p><p><b>Philippe II de Mac\u00e9doine &#8211; <\/b>Prudence &#8211; Prudentia 382 av. J.-C.<\/p><p><b>Jules C\u00e9sar 42 <\/b>&#8211; Bravoure &#8211; Fortitudo 42 av. J.-C.<br>Inscription : Virtute Bellica Imperavi Fortitudo &gt; par l\u2019art martial J\u2019ai r\u00e9gn\u00e9<\/p>\t\t\t\t\t\t\t\t<\/div>\n\t\t\t\t<\/div>\n\t\t\t\t\t<\/div>\n\t\t<\/div>\n\t\t\t\t\t<\/div>\n\t\t<\/section>\n\t\t\t\t<section class=\"elementor-section elementor-top-section elementor-element elementor-element-a738fec elementor-section-boxed elementor-section-height-default elementor-section-height-default\" data-id=\"a738fec\" data-element_type=\"section\" data-e-type=\"section\">\n\t\t\t\t\t\t<div class=\"elementor-container elementor-column-gap-default\">\n\t\t\t\t\t<div class=\"elementor-column elementor-col-50 elementor-top-column elementor-element elementor-element-ca18dc6\" data-id=\"ca18dc6\" data-element_type=\"column\" data-e-type=\"column\">\n\t\t\t<div class=\"elementor-widget-wrap elementor-element-populated\">\n\t\t\t\t\t\t<div class=\"elementor-element elementor-element-071e17d elementor-widget elementor-widget-text-editor\" data-id=\"071e17d\" data-element_type=\"widget\" data-e-type=\"widget\" data-widget_type=\"text-editor.default\">\n\t\t\t\t<div class=\"elementor-widget-container\">\n\t\t\t\t\t\t\t\t\t<p>7 Vertus cardinales \u2013 Vertus chr\u00e9tiennes<\/p><p>1. <b>Prudentia<\/b> &#8211; Prudence &#8211; Sagesse &#8211; Sagesse<\/p><p>2. <b>Iustitia<\/b> &#8211; Justice &#8211; Justesse<\/p><p>3. <b>Temp\u00e9rance<\/b> &#8211; Mo\u00e9ration &#8211; Temp\u00e9rance &#8211; Ma\u00eetrise de soi<\/p><p>4. <b>Fortitude<\/b> &#8211; Courage &#8211; force &#8211; t\u00e9nacit\u00e9 &#8211; t\u00e9nacit\u00e9 &#8211; t\u00e9nacit\u00e9 &#8211; concentration<\/p><p>5. <b>Fides<\/b> &#8211; Foi, souvent d\u00e9crite comme Pietas dans les textes latins<\/p><p>6. <b>Spes<\/b> &#8211; Espoir<\/p><p>7. <b>Caritas<\/b> &#8211; Charit\u00e9\/Amour &#8211; charit\u00e9<\/p>\t\t\t\t\t\t\t\t<\/div>\n\t\t\t\t<\/div>\n\t\t\t\t\t<\/div>\n\t\t<\/div>\n\t\t\t\t<div class=\"elementor-column elementor-col-50 elementor-top-column elementor-element elementor-element-b9894a6\" data-id=\"b9894a6\" data-element_type=\"column\" data-e-type=\"column\">\n\t\t\t<div class=\"elementor-widget-wrap elementor-element-populated\">\n\t\t\t\t\t\t<div class=\"elementor-element elementor-element-eb88353 elementor-widget elementor-widget-text-editor\" data-id=\"eb88353\" data-element_type=\"widget\" data-e-type=\"widget\" data-widget_type=\"text-editor.default\">\n\t\t\t\t<div class=\"elementor-widget-container\">\n\t\t\t\t\t\t\t\t\t<p>7 p\u00e9ch\u00e9s<\/p><ol><li><b>Superbia<\/b> &#8211; orgueil &#8211; orgueil &#8211; vanit\u00e9<br>Satan<\/li><li><b>Avaritia<\/b> &#8211; avidit\u00e9 &#8211; avidit\u00e9<br>Mammon<\/li><li><b>Luxuria<\/b> &#8211; chastet\u00e9 &#8211; luxure &#8211; luxure<br>Asmod\u00e9e<\/li><li><b>Invidia<\/b> &#8211; envie &#8211; jalousie &#8211; envie<br>L\u00e9viathan<\/li><li><b>Gula<\/b> &#8211; intemp\u00e9rance &#8211; gourmandise &#8211; gourmandise &#8211; gourmandise<br>Belz\u00e9buth<\/li><li><b>Ira<\/b> &#8211; col\u00e8re &#8211; col\u00e8re &#8211; vengeance &#8211; haine<br>Amon<\/li><li><b>Ac\u00e9die<\/b> &#8211; lenteur &#8211; paresse &#8211; paresse &#8211; paresse<br>Belfagor<\/li><\/ol>\t\t\t\t\t\t\t\t<\/div>\n\t\t\t\t<\/div>\n\t\t\t\t\t<\/div>\n\t\t<\/div>\n\t\t\t\t\t<\/div>\n\t\t<\/section>\n\t\t\t\t<section class=\"elementor-section elementor-top-section elementor-element elementor-element-c1d4018 elementor-section-content-middle elementor-section-boxed elementor-section-height-default elementor-section-height-default\" data-id=\"c1d4018\" data-element_type=\"section\" data-e-type=\"section\">\n\t\t\t\t\t\t<div class=\"elementor-container elementor-column-gap-default\">\n\t\t\t\t\t<div class=\"elementor-column elementor-col-100 elementor-top-column elementor-element elementor-element-6404eae\" data-id=\"6404eae\" data-element_type=\"column\" data-e-type=\"column\">\n\t\t\t<div class=\"elementor-widget-wrap elementor-element-populated\">\n\t\t\t\t\t\t<div class=\"elementor-element elementor-element-571d6be elementor-widget elementor-widget-text-editor\" data-id=\"571d6be\" data-element_type=\"widget\" data-e-type=\"widget\" data-widget_type=\"text-editor.default\">\n\t\t\t\t<div class=\"elementor-widget-container\">\n\t\t\t\t\t\t\t\t\t<p><b>Dans la Bible, le mammon est une indication de l\u2019argent ou de la richesse, qui peut devenir une idole pour les gens.<\/b><\/p>\n<p><b>Asmod\u00e9e est un d\u00e9mon dans le livre biblique deut\u00e9rial de Tobit, entre autres.<\/b><br>Tobit ou Tobiah est un livre qui fait partie de l\u2019Ancien Testament en tant que livre deut\u00e9rocanonique dans la tradition catholique et orthodoxe. La plupart des protestants consid\u00e8rent cela comme un \u00e9crit apocryphe.<br>Apocryphes = \u00e9crits religieux dont la saintet\u00e9, l\u2019authenticit\u00e9 ou l\u2019autorit\u00e9 ne sont pas &nbsp;&nbsp;  .  .&nbsp;&nbsp;&nbsp;&nbsp;&nbsp;&nbsp;&nbsp;&nbsp;&nbsp;&nbsp;&nbsp;&nbsp;&nbsp;&nbsp;&nbsp;&nbsp;&nbsp;&nbsp;&nbsp;&nbsp;&nbsp;&nbsp;&nbsp;&nbsp;&nbsp;&nbsp;&nbsp;&nbsp;&nbsp;&nbsp;&nbsp;&nbsp;&nbsp;&nbsp;&nbsp;&nbsp;&nbsp;&nbsp;&nbsp;&nbsp;&nbsp;  est reconnue. L\u2019adjectif \u00ab apocryphe \u00bb vient du grec \u03b1\u03c0\u03bf\u03ba\u03c1\u03c5\u03c6\u03bf\u03c2 . &nbsp;&nbsp;&nbsp;  .  . .&nbsp;&nbsp;&nbsp;&nbsp;&nbsp;&nbsp;&nbsp;&nbsp;&nbsp;&nbsp;&nbsp;&nbsp;&nbsp;&nbsp;&nbsp;&nbsp;&nbsp;&nbsp;&nbsp;&nbsp;&nbsp;&nbsp;&nbsp;&nbsp;&nbsp;&nbsp;&nbsp;&nbsp;&nbsp;&nbsp;&nbsp;&nbsp;&nbsp;&nbsp;&nbsp;&nbsp;&nbsp;&nbsp;&nbsp;&nbsp;&nbsp;  Apokruphos.<\/p>\n<p><b>Leviathan est le pouvoir du pharaon d\u2019\u00c9gypte. Selon la croyance de l\u2019Ancien Testament, ce pouvoir a \u00e9t\u00e9 bris\u00e9 lors de l\u2019exode d\u2019\u00c9gypte.<br><\/b>L\u00e9viathan (sans le H) : Le L\u00e9viathan (h\u00e9breu : \u05dc\u05b4\u05d5\u05b0\u05d9\u05b8\u05ea\u05b8\u05df, liwjatan, \u00ab le qui se tord \u00bb) est un monstre marin, originaire de la pr\u00e9histoire, mentionn\u00e9 dans la Bible h\u00e9bra\u00efque. Le L\u00e9viathan \u00e9tait d\u00e9j\u00e0 connu dans la mythologie ph\u00e9nicienne de l\u2019ancienne Canaan sous le nom de Lotan ou Lothan (d\u00e9riv\u00e9 de lawtan), un serpent. <\/p>\n<p><b>Belz\u00e9buth : h\u00e9breu \u05d1\u05b7\u05bc\u05e2\u05b7\u05dc \u05d6\u05b0\u05d1\u05d5\u05bc\u05d1, Baal Zebub, litt\u00e9ralement \u00ab seigneur des mouches \u00bb &#8211; \u00ab seigneur de la maison \u00bb.<\/b><br>Dans le Nouveau Testament, cela signifie \u00ab prince des d\u00e9mons \u00bb ou diable \/ satan.<\/p>\n<p><b>Amon : dieu du soleil. Par les \u00c9gyptiens, nous appelions aussi R\u00e2 \u2013 Rha, ou Amon-R\u00ea. <\/b><br>&nbsp;Amon, \u00e9galement orthographi\u00e9 Aamon, est un marquis de l\u2019enfer en d\u00e9monologie qui commande quarante l\u00e9gions de d\u00e9mons. Il raconte des choses sur le pass\u00e9 et le futur. Il est l\u2019un des assistants d\u2019Astaroth et l\u2019un des trois d\u00e9mons au service de Satanachia, et l\u2019un des plus fid\u00e8les des grands d\u00e9mons. Son nom signifie richesse, l\u2019excitation de la cupidit\u00e9. Il a \u00e9galement \u00e9t\u00e9 identifi\u00e9 au p\u00e9ch\u00e9 de la haine.    <\/p>\n<p><b>Belfagor est un d\u00e9mon, l\u2019un des \u00ab sept princes de l\u2019enfer \u00bb. Il est responsable d\u2019aider les gens \u00e0 cr\u00e9er des inventions ing\u00e9nieuses et \u00e0 faire des d\u00e9couvertes. Le nombre premier de Belph\u00e9gor est le nombre 1000000000000066600000000000001, qui est un nombre premier de palindrome.<\/b><br>Le nombre lui-m\u00eame contient les \u00e9l\u00e9ments qui font r\u00e9f\u00e9rence \u00e0 la superstition, ce qui a donn\u00e9 ce nom au num\u00e9ro. Au centre se trouve le nombre 666, connu dans la Bible comme le nombre de la b\u00eate (ou en g\u00e9n\u00e9ral, comme un nombre du diable). \u00c0 gauche et \u00e0 droite de ce nombre, il y a 13 z\u00e9ros dans ce nombre de palindrome. Le chiffre 13 est associ\u00e9 \u00e0 la malchance. De plus, le nombre premier entier est compos\u00e9 de 31 chiffres. En lisant \u00e0 rebours, \u00e7a fait encore 13. Il y a (bien s\u00fbr) d\u2019autres chiffres qui ont \u00ab 666 \u00bb au centre, flanqu\u00e9s de z\u00e9ros et d\u2019un 1. Ces palindromes sont appel\u00e9s la s\u00e9rie de Belph\u00e9gor, par analogie avec le nombre premier.       <\/p>\t\t\t\t\t\t\t\t<\/div>\n\t\t\t\t<\/div>\n\t\t\t\t\t<\/div>\n\t\t<\/div>\n\t\t\t\t\t<\/div>\n\t\t<\/section>\n\t\t\t\t<\/div>\n\t\t","protected":false},"excerpt":{"rendered":"<p>7 Vertus &#8211; 7 P\u00e9ch\u00e9s Ceux qui sont soldats du temple sont de Dieu. 7 Vertus &#8211; 7 P\u00e9ch\u00e9s Tombe d\u2019Engelbrecht II et Cimburga de Bade Marcus Atilius Regulus G\u00e9n\u00e9rosit\u00e9 [&hellip;]<\/p>\n","protected":false},"author":2,"featured_media":0,"parent":3430,"menu_order":0,"comment_status":"closed","ping_status":"closed","template":"","meta":{"footnotes":""},"class_list":["post-3265","page","type-page","status-publish","hentry"],"yoast_head":"<!-- This site is optimized with the Yoast SEO plugin v27.2 - https:\/\/yoast.com\/product\/yoast-seo-wordpress\/ -->\n<title>7 Vertus - 7 P\u00e9ch\u00e9s - Nederlandse Tempeliers<\/title>\n<meta name=\"robots\" content=\"index, follow, max-snippet:-1, max-image-preview:large, max-video-preview:-1\" \/>\n<link rel=\"canonical\" href=\"https:\/\/nederlandsetempeliers.nl\/fr\/traces-du-passe\/7-vertus-7-peches\/\" \/>\n<meta property=\"og:locale\" content=\"fr_FR\" \/>\n<meta property=\"og:type\" content=\"article\" \/>\n<meta property=\"og:title\" content=\"7 Vertus - 7 P\u00e9ch\u00e9s - Nederlandse Tempeliers\" \/>\n<meta property=\"og:description\" content=\"7 Vertus &#8211; 7 P\u00e9ch\u00e9s Ceux qui sont soldats du temple sont de Dieu. 7 Vertus &#8211; 7 P\u00e9ch\u00e9s Tombe d\u2019Engelbrecht II et Cimburga de Bade Marcus Atilius Regulus G\u00e9n\u00e9rosit\u00e9 [&hellip;]\" \/>\n<meta property=\"og:url\" content=\"https:\/\/nederlandsetempeliers.nl\/fr\/traces-du-passe\/7-vertus-7-peches\/\" \/>\n<meta property=\"og:site_name\" content=\"Nederlandse Tempeliers\" \/>\n<meta property=\"article:modified_time\" content=\"2026-03-02T13:58:34+00:00\" \/>\n<meta property=\"og:image\" content=\"https:\/\/nederlandsetempeliers.nl\/wp-content\/uploads\/Dutch-order-v2.png\" \/>\n\t<meta property=\"og:image:width\" content=\"687\" \/>\n\t<meta property=\"og:image:height\" content=\"686\" \/>\n\t<meta property=\"og:image:type\" content=\"image\/png\" \/>\n<meta name=\"twitter:card\" content=\"summary_large_image\" \/>\n<meta name=\"twitter:label1\" content=\"Dur\u00e9e de lecture estim\u00e9e\" \/>\n\t<meta name=\"twitter:data1\" content=\"4 minutes\" \/>\n<script type=\"application\/ld+json\" class=\"yoast-schema-graph\">{\"@context\":\"https:\/\/schema.org\",\"@graph\":[{\"@type\":\"WebPage\",\"@id\":\"https:\/\/nederlandsetempeliers.nl\/fr\/traces-du-passe\/7-vertus-7-peches\/\",\"url\":\"https:\/\/nederlandsetempeliers.nl\/fr\/traces-du-passe\/7-vertus-7-peches\/\",\"name\":\"7 Vertus - 7 P\u00e9ch\u00e9s - Nederlandse Tempeliers\",\"isPartOf\":{\"@id\":\"https:\/\/nederlandsetempeliers.nl\/fr\/#website\"},\"primaryImageOfPage\":{\"@id\":\"https:\/\/nederlandsetempeliers.nl\/fr\/traces-du-passe\/7-vertus-7-peches\/#primaryimage\"},\"image\":{\"@id\":\"https:\/\/nederlandsetempeliers.nl\/fr\/traces-du-passe\/7-vertus-7-peches\/#primaryimage\"},\"thumbnailUrl\":\"https:\/\/nederlandsetempeliers.nl\/wp-content\/uploads\/Dutch-order-v2-300x300.png\",\"datePublished\":\"2025-07-28T13:39:31+00:00\",\"dateModified\":\"2026-03-02T13:58:34+00:00\",\"breadcrumb\":{\"@id\":\"https:\/\/nederlandsetempeliers.nl\/fr\/traces-du-passe\/7-vertus-7-peches\/#breadcrumb\"},\"inLanguage\":\"fr-FR\",\"potentialAction\":[{\"@type\":\"ReadAction\",\"target\":[\"https:\/\/nederlandsetempeliers.nl\/fr\/traces-du-passe\/7-vertus-7-peches\/\"]}]},{\"@type\":\"ImageObject\",\"inLanguage\":\"fr-FR\",\"@id\":\"https:\/\/nederlandsetempeliers.nl\/fr\/traces-du-passe\/7-vertus-7-peches\/#primaryimage\",\"url\":\"https:\/\/nederlandsetempeliers.nl\/wp-content\/uploads\/Dutch-order-v2-300x300.png\",\"contentUrl\":\"https:\/\/nederlandsetempeliers.nl\/wp-content\/uploads\/Dutch-order-v2-300x300.png\"},{\"@type\":\"BreadcrumbList\",\"@id\":\"https:\/\/nederlandsetempeliers.nl\/fr\/traces-du-passe\/7-vertus-7-peches\/#breadcrumb\",\"itemListElement\":[{\"@type\":\"ListItem\",\"position\":1,\"name\":\"Home\",\"item\":\"https:\/\/nederlandsetempeliers.nl\/fr\/\"},{\"@type\":\"ListItem\",\"position\":2,\"name\":\"Traces du pass\u00e9\",\"item\":\"https:\/\/nederlandsetempeliers.nl\/fr\/sporen-uit-het-verleden\/\"},{\"@type\":\"ListItem\",\"position\":3,\"name\":\"7 Vertus \u2013 7 P\u00e9ch\u00e9s\"}]},{\"@type\":\"WebSite\",\"@id\":\"https:\/\/nederlandsetempeliers.nl\/fr\/#website\",\"url\":\"https:\/\/nederlandsetempeliers.nl\/fr\/\",\"name\":\"Nederlandse Tempeliers\",\"description\":\"The Black Knights Templars of Solomon\",\"publisher\":{\"@id\":\"https:\/\/nederlandsetempeliers.nl\/fr\/#organization\"},\"potentialAction\":[{\"@type\":\"SearchAction\",\"target\":{\"@type\":\"EntryPoint\",\"urlTemplate\":\"https:\/\/nederlandsetempeliers.nl\/fr\/?s={search_term_string}\"},\"query-input\":{\"@type\":\"PropertyValueSpecification\",\"valueRequired\":true,\"valueName\":\"search_term_string\"}}],\"inLanguage\":\"fr-FR\"},{\"@type\":\"Organization\",\"@id\":\"https:\/\/nederlandsetempeliers.nl\/fr\/#organization\",\"name\":\"Nederlandse Tempeliers\",\"url\":\"https:\/\/nederlandsetempeliers.nl\/fr\/\",\"logo\":{\"@type\":\"ImageObject\",\"inLanguage\":\"fr-FR\",\"@id\":\"https:\/\/nederlandsetempeliers.nl\/fr\/#\/schema\/logo\/image\/\",\"url\":\"https:\/\/nederlandsetempeliers.nl\/wp-content\/uploads\/Dutch-order-v2.png\",\"contentUrl\":\"https:\/\/nederlandsetempeliers.nl\/wp-content\/uploads\/Dutch-order-v2.png\",\"width\":687,\"height\":686,\"caption\":\"Nederlandse Tempeliers\"},\"image\":{\"@id\":\"https:\/\/nederlandsetempeliers.nl\/fr\/#\/schema\/logo\/image\/\"}}]}<\/script>\n<!-- \/ Yoast SEO plugin. -->","yoast_head_json":{"title":"7 Vertus - 7 P\u00e9ch\u00e9s - Nederlandse Tempeliers","robots":{"index":"index","follow":"follow","max-snippet":"max-snippet:-1","max-image-preview":"max-image-preview:large","max-video-preview":"max-video-preview:-1"},"canonical":"https:\/\/nederlandsetempeliers.nl\/fr\/traces-du-passe\/7-vertus-7-peches\/","og_locale":"fr_FR","og_type":"article","og_title":"7 Vertus - 7 P\u00e9ch\u00e9s - Nederlandse Tempeliers","og_description":"7 Vertus &#8211; 7 P\u00e9ch\u00e9s Ceux qui sont soldats du temple sont de Dieu. 7 Vertus &#8211; 7 P\u00e9ch\u00e9s Tombe d\u2019Engelbrecht II et Cimburga de Bade Marcus Atilius Regulus G\u00e9n\u00e9rosit\u00e9 [&hellip;]","og_url":"https:\/\/nederlandsetempeliers.nl\/fr\/traces-du-passe\/7-vertus-7-peches\/","og_site_name":"Nederlandse Tempeliers","article_modified_time":"2026-03-02T13:58:34+00:00","og_image":[{"width":687,"height":686,"url":"https:\/\/nederlandsetempeliers.nl\/wp-content\/uploads\/Dutch-order-v2.png","type":"image\/png"}],"twitter_card":"summary_large_image","twitter_misc":{"Dur\u00e9e de lecture estim\u00e9e":"4 minutes"},"schema":{"@context":"https:\/\/schema.org","@graph":[{"@type":"WebPage","@id":"https:\/\/nederlandsetempeliers.nl\/fr\/traces-du-passe\/7-vertus-7-peches\/","url":"https:\/\/nederlandsetempeliers.nl\/fr\/traces-du-passe\/7-vertus-7-peches\/","name":"7 Vertus - 7 P\u00e9ch\u00e9s - Nederlandse Tempeliers","isPartOf":{"@id":"https:\/\/nederlandsetempeliers.nl\/fr\/#website"},"primaryImageOfPage":{"@id":"https:\/\/nederlandsetempeliers.nl\/fr\/traces-du-passe\/7-vertus-7-peches\/#primaryimage"},"image":{"@id":"https:\/\/nederlandsetempeliers.nl\/fr\/traces-du-passe\/7-vertus-7-peches\/#primaryimage"},"thumbnailUrl":"https:\/\/nederlandsetempeliers.nl\/wp-content\/uploads\/Dutch-order-v2-300x300.png","datePublished":"2025-07-28T13:39:31+00:00","dateModified":"2026-03-02T13:58:34+00:00","breadcrumb":{"@id":"https:\/\/nederlandsetempeliers.nl\/fr\/traces-du-passe\/7-vertus-7-peches\/#breadcrumb"},"inLanguage":"fr-FR","potentialAction":[{"@type":"ReadAction","target":["https:\/\/nederlandsetempeliers.nl\/fr\/traces-du-passe\/7-vertus-7-peches\/"]}]},{"@type":"ImageObject","inLanguage":"fr-FR","@id":"https:\/\/nederlandsetempeliers.nl\/fr\/traces-du-passe\/7-vertus-7-peches\/#primaryimage","url":"https:\/\/nederlandsetempeliers.nl\/wp-content\/uploads\/Dutch-order-v2-300x300.png","contentUrl":"https:\/\/nederlandsetempeliers.nl\/wp-content\/uploads\/Dutch-order-v2-300x300.png"},{"@type":"BreadcrumbList","@id":"https:\/\/nederlandsetempeliers.nl\/fr\/traces-du-passe\/7-vertus-7-peches\/#breadcrumb","itemListElement":[{"@type":"ListItem","position":1,"name":"Home","item":"https:\/\/nederlandsetempeliers.nl\/fr\/"},{"@type":"ListItem","position":2,"name":"Traces du pass\u00e9","item":"https:\/\/nederlandsetempeliers.nl\/fr\/sporen-uit-het-verleden\/"},{"@type":"ListItem","position":3,"name":"7 Vertus \u2013 7 P\u00e9ch\u00e9s"}]},{"@type":"WebSite","@id":"https:\/\/nederlandsetempeliers.nl\/fr\/#website","url":"https:\/\/nederlandsetempeliers.nl\/fr\/","name":"Nederlandse Tempeliers","description":"The Black Knights Templars of Solomon","publisher":{"@id":"https:\/\/nederlandsetempeliers.nl\/fr\/#organization"},"potentialAction":[{"@type":"SearchAction","target":{"@type":"EntryPoint","urlTemplate":"https:\/\/nederlandsetempeliers.nl\/fr\/?s={search_term_string}"},"query-input":{"@type":"PropertyValueSpecification","valueRequired":true,"valueName":"search_term_string"}}],"inLanguage":"fr-FR"},{"@type":"Organization","@id":"https:\/\/nederlandsetempeliers.nl\/fr\/#organization","name":"Nederlandse Tempeliers","url":"https:\/\/nederlandsetempeliers.nl\/fr\/","logo":{"@type":"ImageObject","inLanguage":"fr-FR","@id":"https:\/\/nederlandsetempeliers.nl\/fr\/#\/schema\/logo\/image\/","url":"https:\/\/nederlandsetempeliers.nl\/wp-content\/uploads\/Dutch-order-v2.png","contentUrl":"https:\/\/nederlandsetempeliers.nl\/wp-content\/uploads\/Dutch-order-v2.png","width":687,"height":686,"caption":"Nederlandse Tempeliers"},"image":{"@id":"https:\/\/nederlandsetempeliers.nl\/fr\/#\/schema\/logo\/image\/"}}]}},"_links":{"self":[{"href":"https:\/\/nederlandsetempeliers.nl\/fr\/wp-json\/wp\/v2\/pages\/3265","targetHints":{"allow":["GET"]}}],"collection":[{"href":"https:\/\/nederlandsetempeliers.nl\/fr\/wp-json\/wp\/v2\/pages"}],"about":[{"href":"https:\/\/nederlandsetempeliers.nl\/fr\/wp-json\/wp\/v2\/types\/page"}],"author":[{"embeddable":true,"href":"https:\/\/nederlandsetempeliers.nl\/fr\/wp-json\/wp\/v2\/users\/2"}],"replies":[{"embeddable":true,"href":"https:\/\/nederlandsetempeliers.nl\/fr\/wp-json\/wp\/v2\/comments?post=3265"}],"version-history":[{"count":1,"href":"https:\/\/nederlandsetempeliers.nl\/fr\/wp-json\/wp\/v2\/pages\/3265\/revisions"}],"predecessor-version":[{"id":3267,"href":"https:\/\/nederlandsetempeliers.nl\/fr\/wp-json\/wp\/v2\/pages\/3265\/revisions\/3267"}],"up":[{"embeddable":true,"href":"https:\/\/nederlandsetempeliers.nl\/fr\/wp-json\/wp\/v2\/pages\/3430"}],"wp:attachment":[{"href":"https:\/\/nederlandsetempeliers.nl\/fr\/wp-json\/wp\/v2\/media?parent=3265"}],"curies":[{"name":"wp","href":"https:\/\/api.w.org\/{rel}","templated":true}]}}