{"id":4118,"date":"2026-01-27T21:56:36","date_gmt":"2026-01-27T20:56:36","guid":{"rendered":"https:\/\/nederlandsetempeliers.nl\/o-sanction\/"},"modified":"2026-03-02T15:04:50","modified_gmt":"2026-03-02T14:04:50","slug":"o-sanction","status":"publish","type":"page","link":"https:\/\/nederlandsetempeliers.nl\/fr\/o-sanction\/","title":{"rendered":"O Sanction"},"content":{"rendered":"\t\t<div data-elementor-type=\"wp-page\" data-elementor-id=\"4118\" class=\"elementor elementor-4118 elementor-1922\" data-elementor-post-type=\"page\">\n\t\t\t\t<div class=\"elementor-element elementor-element-9aafb29 e-grid e-con-boxed e-con e-parent\" data-id=\"9aafb29\" data-element_type=\"container\" data-e-type=\"container\">\n\t\t\t\t\t<div class=\"e-con-inner\">\n\t\t\t\t<div class=\"elementor-element elementor-element-98a6208 elementor-widget elementor-widget-image\" data-id=\"98a6208\" data-element_type=\"widget\" data-e-type=\"widget\" data-widget_type=\"image.default\">\n\t\t\t\t<div class=\"elementor-widget-container\">\n\t\t\t\t\t\t\t\t\t\t\t\t\t\t\t<img fetchpriority=\"high\" decoding=\"async\" width=\"510\" height=\"506\" src=\"https:\/\/nederlandsetempeliers.nl\/wp-content\/uploads\/Scherm\u00adafbeelding-2026-01-27-om-21.15.41.png\" class=\"attachment-large size-large wp-image-3466\" alt=\"\" srcset=\"https:\/\/nederlandsetempeliers.nl\/wp-content\/uploads\/Scherm\u00adafbeelding-2026-01-27-om-21.15.41.png 510w, https:\/\/nederlandsetempeliers.nl\/wp-content\/uploads\/Scherm\u00adafbeelding-2026-01-27-om-21.15.41-300x298.png 300w, https:\/\/nederlandsetempeliers.nl\/wp-content\/uploads\/Scherm\u00adafbeelding-2026-01-27-om-21.15.41-150x150.png 150w\" sizes=\"(max-width: 510px) 100vw, 510px\" \/>\t\t\t\t\t\t\t\t\t\t\t\t\t\t\t<\/div>\n\t\t\t\t<\/div>\n\t\t<div class=\"elementor-element elementor-element-2346f55 e-con-full e-flex e-con e-child\" data-id=\"2346f55\" data-element_type=\"container\" data-e-type=\"container\">\n\t\t\t\t<div class=\"elementor-element elementor-element-9746ffb elementor-widget__width-initial elementor-widget elementor-widget-image\" data-id=\"9746ffb\" data-element_type=\"widget\" data-e-type=\"widget\" data-widget_type=\"image.default\">\n\t\t\t\t<div class=\"elementor-widget-container\">\n\t\t\t\t\t\t\t\t\t\t\t\t\t\t\t<img decoding=\"async\" width=\"110\" height=\"281\" src=\"https:\/\/nederlandsetempeliers.nl\/wp-content\/uploads\/srthw.jpg\" class=\"attachment-full size-full wp-image-4122\" alt=\"\" \/>\t\t\t\t\t\t\t\t\t\t\t\t\t\t\t<\/div>\n\t\t\t\t<\/div>\n\t\t\t\t<\/div>\n\t\t\t\t\t<\/div>\n\t\t\t\t<\/div>\n\t\t<div class=\"elementor-element elementor-element-bb5fab7 e-flex e-con-boxed e-con e-parent\" data-id=\"bb5fab7\" data-element_type=\"container\" data-e-type=\"container\">\n\t\t\t\t\t<div class=\"e-con-inner\">\n\t\t\t\t<div class=\"elementor-element elementor-element-d61e564 elementor-widget elementor-widget-text-editor\" data-id=\"d61e564\" data-element_type=\"widget\" data-e-type=\"widget\" data-widget_type=\"text-editor.default\">\n\t\t\t\t<div class=\"elementor-widget-container\">\n\t\t\t\t\t\t\t\t\t<p>\u00d4 Autorisez la pri\u00e8re des Templiers sur leur \u00e9p\u00e9e.<\/p><p>\u00d4 sanction, In nomine dei. \u00d4 Saint, en ton nom Seigneur <\/p><p>Une pri\u00e8re de p\u00e9nitence. Seigneur, ce que je fais, je le fais sous tes yeux. De cette fa\u00e7on, ils \u00e9taient responsables devant Dieu.  <\/p><p>Les Templiers priaient avant une bataille. Ainsi, ils re\u00e7urent l\u2019absolution pour ce qui allait suivre. Ils priaient pour la fermet\u00e9, l\u2019intention pure. Pour la gr\u00e2ce, pas pour la soif de sang.   <\/p><p>Ils savaient : ce que nous allons faire n\u2019est pas propre. Une pri\u00e8re de p\u00e9nitence sur l\u2019\u00e9p\u00e9e est une invocation sacr\u00e9e. L\u2019\u00e9p\u00e9e n\u2019est pas seulement un instrument de guerre, c\u2019est une ancre.  <\/p><p>C\u2019est pourquoi on voit aussi des croix de l\u2019autre c\u00f4t\u00e9 de l\u2019\u00e9p\u00e9e<\/p><p>\u00c0 ne pas confondre avec l\u2019OS de la pri\u00e8re d\u00e9di\u00e9 \u00e0 Marie. O Sanctissima. Pri\u00e8re \u00e0 Marie pour le calme. Ce n\u2019est pas vraiment adapt\u00e9 \u00e0 un champ de bataille.   <\/p>\t\t\t\t\t\t\t\t<\/div>\n\t\t\t\t<\/div>\n\t\t\t\t\t<\/div>\n\t\t\t\t<\/div>\n\t\t<div class=\"elementor-element elementor-element-74bb18b e-grid e-con-boxed e-con e-parent\" data-id=\"74bb18b\" data-element_type=\"container\" data-e-type=\"container\">\n\t\t\t\t\t<div class=\"e-con-inner\">\n\t\t\t\t<div class=\"elementor-element elementor-element-db68697 elementor-widget elementor-widget-image\" data-id=\"db68697\" data-element_type=\"widget\" data-e-type=\"widget\" data-widget_type=\"image.default\">\n\t\t\t\t<div class=\"elementor-widget-container\">\n\t\t\t\t\t\t\t\t\t\t\t\t\t\t\t<img decoding=\"async\" width=\"283\" height=\"192\" src=\"https:\/\/nederlandsetempeliers.nl\/wp-content\/uploads\/rw.jpg\" class=\"attachment-large size-large wp-image-4120\" alt=\"\" \/>\t\t\t\t\t\t\t\t\t\t\t\t\t\t\t<\/div>\n\t\t\t\t<\/div>\n\t\t\t\t<div class=\"elementor-element elementor-element-6763715 elementor-widget elementor-widget-image\" data-id=\"6763715\" data-element_type=\"widget\" data-e-type=\"widget\" data-widget_type=\"image.default\">\n\t\t\t\t<div class=\"elementor-widget-container\">\n\t\t\t\t\t\t\t\t\t\t\t\t\t\t\t<img loading=\"lazy\" decoding=\"async\" width=\"206\" height=\"259\" src=\"https:\/\/nederlandsetempeliers.nl\/wp-content\/uploads\/rn.jpg\" class=\"attachment-large size-large wp-image-4119\" alt=\"\" \/>\t\t\t\t\t\t\t\t\t\t\t\t\t\t\t<\/div>\n\t\t\t\t<\/div>\n\t\t\t\t<div class=\"elementor-element elementor-element-0687658 elementor-widget elementor-widget-image\" data-id=\"0687658\" data-element_type=\"widget\" data-e-type=\"widget\" data-widget_type=\"image.default\">\n\t\t\t\t<div class=\"elementor-widget-container\">\n\t\t\t\t\t\t\t\t\t\t\t\t\t\t\t<img loading=\"lazy\" decoding=\"async\" width=\"210\" height=\"258\" src=\"https:\/\/nederlandsetempeliers.nl\/wp-content\/uploads\/rhwr.jpg\" class=\"attachment-large size-large wp-image-4125\" alt=\"\" \/>\t\t\t\t\t\t\t\t\t\t\t\t\t\t\t<\/div>\n\t\t\t\t<\/div>\n\t\t\t\t<div class=\"elementor-element elementor-element-0c895ce elementor-widget elementor-widget-image\" data-id=\"0c895ce\" data-element_type=\"widget\" data-e-type=\"widget\" data-widget_type=\"image.default\">\n\t\t\t\t<div class=\"elementor-widget-container\">\n\t\t\t\t\t\t\t\t\t\t\t\t\t\t\t<img loading=\"lazy\" decoding=\"async\" width=\"454\" height=\"255\" src=\"https:\/\/nederlandsetempeliers.nl\/wp-content\/uploads\/rhw.jpg\" class=\"attachment-large size-large wp-image-4121\" alt=\"\" srcset=\"https:\/\/nederlandsetempeliers.nl\/wp-content\/uploads\/rhw.jpg 454w, https:\/\/nederlandsetempeliers.nl\/wp-content\/uploads\/rhw-300x169.jpg 300w\" sizes=\"(max-width: 454px) 100vw, 454px\" \/>\t\t\t\t\t\t\t\t\t\t\t\t\t\t\t<\/div>\n\t\t\t\t<\/div>\n\t\t\t\t<div class=\"elementor-element elementor-element-6b95090 elementor-widget elementor-widget-image\" data-id=\"6b95090\" data-element_type=\"widget\" data-e-type=\"widget\" data-widget_type=\"image.default\">\n\t\t\t\t<div class=\"elementor-widget-container\">\n\t\t\t\t\t\t\t\t\t\t\t\t\t\t\t<img loading=\"lazy\" decoding=\"async\" width=\"589\" height=\"217\" src=\"https:\/\/nederlandsetempeliers.nl\/wp-content\/uploads\/Scherm\u00adafbeelding-2026-01-27-om-21.17.56.png\" class=\"attachment-large size-large wp-image-4123\" alt=\"\" srcset=\"https:\/\/nederlandsetempeliers.nl\/wp-content\/uploads\/Scherm\u00adafbeelding-2026-01-27-om-21.17.56.png 589w, https:\/\/nederlandsetempeliers.nl\/wp-content\/uploads\/Scherm\u00adafbeelding-2026-01-27-om-21.17.56-300x111.png 300w\" sizes=\"(max-width: 589px) 100vw, 589px\" \/>\t\t\t\t\t\t\t\t\t\t\t\t\t\t\t<\/div>\n\t\t\t\t<\/div>\n\t\t\t\t<div class=\"elementor-element elementor-element-0fcc3bf elementor-widget elementor-widget-image\" data-id=\"0fcc3bf\" data-element_type=\"widget\" data-e-type=\"widget\" data-widget_type=\"image.default\">\n\t\t\t\t<div class=\"elementor-widget-container\">\n\t\t\t\t\t\t\t\t\t\t\t\t\t\t\t<img loading=\"lazy\" decoding=\"async\" width=\"690\" height=\"935\" src=\"https:\/\/nederlandsetempeliers.nl\/wp-content\/uploads\/4tghw4.jpg\" class=\"attachment-large size-large wp-image-4124\" alt=\"\" srcset=\"https:\/\/nederlandsetempeliers.nl\/wp-content\/uploads\/4tghw4.jpg 690w, https:\/\/nederlandsetempeliers.nl\/wp-content\/uploads\/4tghw4-221x300.jpg 221w\" sizes=\"(max-width: 690px) 100vw, 690px\" \/>\t\t\t\t\t\t\t\t\t\t\t\t\t\t\t<\/div>\n\t\t\t\t<\/div>\n\t\t\t\t\t<\/div>\n\t\t\t\t<\/div>\n\t\t\t\t<\/div>\n\t\t","protected":false},"excerpt":{"rendered":"<p>\u00d4 Autorisez la pri\u00e8re des Templiers sur leur \u00e9p\u00e9e. \u00d4 sanction, In nomine dei. \u00d4 Saint, en ton nom Seigneur Une pri\u00e8re de p\u00e9nitence. Seigneur, ce que je fais, je [&hellip;]<\/p>\n","protected":false},"author":4,"featured_media":0,"parent":0,"menu_order":0,"comment_status":"closed","ping_status":"closed","template":"","meta":{"footnotes":""},"class_list":["post-4118","page","type-page","status-publish","hentry"],"yoast_head":"<!-- This site is optimized with the Yoast SEO plugin v27.2 - https:\/\/yoast.com\/product\/yoast-seo-wordpress\/ -->\n<title>O Sanction - Nederlandse Tempeliers<\/title>\n<meta name=\"robots\" content=\"index, follow, max-snippet:-1, max-image-preview:large, max-video-preview:-1\" \/>\n<link rel=\"canonical\" href=\"https:\/\/nederlandsetempeliers.nl\/fr\/o-sanction\/\" \/>\n<meta property=\"og:locale\" content=\"fr_FR\" \/>\n<meta property=\"og:type\" content=\"article\" \/>\n<meta property=\"og:title\" content=\"O Sanction - Nederlandse Tempeliers\" \/>\n<meta property=\"og:description\" content=\"\u00d4 Autorisez la pri\u00e8re des Templiers sur leur \u00e9p\u00e9e. \u00d4 sanction, In nomine dei. \u00d4 Saint, en ton nom Seigneur Une pri\u00e8re de p\u00e9nitence. Seigneur, ce que je fais, je [&hellip;]\" \/>\n<meta property=\"og:url\" content=\"https:\/\/nederlandsetempeliers.nl\/fr\/o-sanction\/\" \/>\n<meta property=\"og:site_name\" content=\"Nederlandse Tempeliers\" \/>\n<meta property=\"article:modified_time\" content=\"2026-03-02T14:04:50+00:00\" \/>\n<meta property=\"og:image\" content=\"https:\/\/nederlandsetempeliers.nl\/wp-content\/uploads\/srthw.jpg\" \/>\n<meta name=\"twitter:card\" content=\"summary_large_image\" \/>\n<meta name=\"twitter:label1\" content=\"Dur\u00e9e de lecture estim\u00e9e\" \/>\n\t<meta name=\"twitter:data1\" content=\"1 minute\" \/>\n<script type=\"application\/ld+json\" class=\"yoast-schema-graph\">{\"@context\":\"https:\/\/schema.org\",\"@graph\":[{\"@type\":\"WebPage\",\"@id\":\"https:\/\/nederlandsetempeliers.nl\/fr\/o-sanction\/\",\"url\":\"https:\/\/nederlandsetempeliers.nl\/fr\/o-sanction\/\",\"name\":\"O Sanction - Nederlandse Tempeliers\",\"isPartOf\":{\"@id\":\"https:\/\/nederlandsetempeliers.nl\/fr\/#website\"},\"primaryImageOfPage\":{\"@id\":\"https:\/\/nederlandsetempeliers.nl\/fr\/o-sanction\/#primaryimage\"},\"image\":{\"@id\":\"https:\/\/nederlandsetempeliers.nl\/fr\/o-sanction\/#primaryimage\"},\"thumbnailUrl\":\"https:\/\/nederlandsetempeliers.nl\/wp-content\/uploads\/srthw.jpg\",\"datePublished\":\"2026-01-27T20:56:36+00:00\",\"dateModified\":\"2026-03-02T14:04:50+00:00\",\"breadcrumb\":{\"@id\":\"https:\/\/nederlandsetempeliers.nl\/fr\/o-sanction\/#breadcrumb\"},\"inLanguage\":\"fr-FR\",\"potentialAction\":[{\"@type\":\"ReadAction\",\"target\":[\"https:\/\/nederlandsetempeliers.nl\/fr\/o-sanction\/\"]}]},{\"@type\":\"ImageObject\",\"inLanguage\":\"fr-FR\",\"@id\":\"https:\/\/nederlandsetempeliers.nl\/fr\/o-sanction\/#primaryimage\",\"url\":\"https:\/\/nederlandsetempeliers.nl\/wp-content\/uploads\/srthw.jpg\",\"contentUrl\":\"https:\/\/nederlandsetempeliers.nl\/wp-content\/uploads\/srthw.jpg\"},{\"@type\":\"BreadcrumbList\",\"@id\":\"https:\/\/nederlandsetempeliers.nl\/fr\/o-sanction\/#breadcrumb\",\"itemListElement\":[{\"@type\":\"ListItem\",\"position\":1,\"name\":\"Home\",\"item\":\"https:\/\/nederlandsetempeliers.nl\/fr\/\"},{\"@type\":\"ListItem\",\"position\":2,\"name\":\"O Sanction\"}]},{\"@type\":\"WebSite\",\"@id\":\"https:\/\/nederlandsetempeliers.nl\/fr\/#website\",\"url\":\"https:\/\/nederlandsetempeliers.nl\/fr\/\",\"name\":\"Nederlandse Tempeliers\",\"description\":\"The Black Knights Templars of Solomon\",\"publisher\":{\"@id\":\"https:\/\/nederlandsetempeliers.nl\/fr\/#organization\"},\"potentialAction\":[{\"@type\":\"SearchAction\",\"target\":{\"@type\":\"EntryPoint\",\"urlTemplate\":\"https:\/\/nederlandsetempeliers.nl\/fr\/?s={search_term_string}\"},\"query-input\":{\"@type\":\"PropertyValueSpecification\",\"valueRequired\":true,\"valueName\":\"search_term_string\"}}],\"inLanguage\":\"fr-FR\"},{\"@type\":\"Organization\",\"@id\":\"https:\/\/nederlandsetempeliers.nl\/fr\/#organization\",\"name\":\"Nederlandse Tempeliers\",\"url\":\"https:\/\/nederlandsetempeliers.nl\/fr\/\",\"logo\":{\"@type\":\"ImageObject\",\"inLanguage\":\"fr-FR\",\"@id\":\"https:\/\/nederlandsetempeliers.nl\/fr\/#\/schema\/logo\/image\/\",\"url\":\"https:\/\/nederlandsetempeliers.nl\/wp-content\/uploads\/Dutch-order-v2.png\",\"contentUrl\":\"https:\/\/nederlandsetempeliers.nl\/wp-content\/uploads\/Dutch-order-v2.png\",\"width\":687,\"height\":686,\"caption\":\"Nederlandse Tempeliers\"},\"image\":{\"@id\":\"https:\/\/nederlandsetempeliers.nl\/fr\/#\/schema\/logo\/image\/\"}}]}<\/script>\n<!-- \/ Yoast SEO plugin. -->","yoast_head_json":{"title":"O Sanction - Nederlandse Tempeliers","robots":{"index":"index","follow":"follow","max-snippet":"max-snippet:-1","max-image-preview":"max-image-preview:large","max-video-preview":"max-video-preview:-1"},"canonical":"https:\/\/nederlandsetempeliers.nl\/fr\/o-sanction\/","og_locale":"fr_FR","og_type":"article","og_title":"O Sanction - Nederlandse Tempeliers","og_description":"\u00d4 Autorisez la pri\u00e8re des Templiers sur leur \u00e9p\u00e9e. \u00d4 sanction, In nomine dei. \u00d4 Saint, en ton nom Seigneur Une pri\u00e8re de p\u00e9nitence. Seigneur, ce que je fais, je [&hellip;]","og_url":"https:\/\/nederlandsetempeliers.nl\/fr\/o-sanction\/","og_site_name":"Nederlandse Tempeliers","article_modified_time":"2026-03-02T14:04:50+00:00","og_image":[{"url":"https:\/\/nederlandsetempeliers.nl\/wp-content\/uploads\/srthw.jpg","type":"","width":"","height":""}],"twitter_card":"summary_large_image","twitter_misc":{"Dur\u00e9e de lecture estim\u00e9e":"1 minute"},"schema":{"@context":"https:\/\/schema.org","@graph":[{"@type":"WebPage","@id":"https:\/\/nederlandsetempeliers.nl\/fr\/o-sanction\/","url":"https:\/\/nederlandsetempeliers.nl\/fr\/o-sanction\/","name":"O Sanction - Nederlandse Tempeliers","isPartOf":{"@id":"https:\/\/nederlandsetempeliers.nl\/fr\/#website"},"primaryImageOfPage":{"@id":"https:\/\/nederlandsetempeliers.nl\/fr\/o-sanction\/#primaryimage"},"image":{"@id":"https:\/\/nederlandsetempeliers.nl\/fr\/o-sanction\/#primaryimage"},"thumbnailUrl":"https:\/\/nederlandsetempeliers.nl\/wp-content\/uploads\/srthw.jpg","datePublished":"2026-01-27T20:56:36+00:00","dateModified":"2026-03-02T14:04:50+00:00","breadcrumb":{"@id":"https:\/\/nederlandsetempeliers.nl\/fr\/o-sanction\/#breadcrumb"},"inLanguage":"fr-FR","potentialAction":[{"@type":"ReadAction","target":["https:\/\/nederlandsetempeliers.nl\/fr\/o-sanction\/"]}]},{"@type":"ImageObject","inLanguage":"fr-FR","@id":"https:\/\/nederlandsetempeliers.nl\/fr\/o-sanction\/#primaryimage","url":"https:\/\/nederlandsetempeliers.nl\/wp-content\/uploads\/srthw.jpg","contentUrl":"https:\/\/nederlandsetempeliers.nl\/wp-content\/uploads\/srthw.jpg"},{"@type":"BreadcrumbList","@id":"https:\/\/nederlandsetempeliers.nl\/fr\/o-sanction\/#breadcrumb","itemListElement":[{"@type":"ListItem","position":1,"name":"Home","item":"https:\/\/nederlandsetempeliers.nl\/fr\/"},{"@type":"ListItem","position":2,"name":"O Sanction"}]},{"@type":"WebSite","@id":"https:\/\/nederlandsetempeliers.nl\/fr\/#website","url":"https:\/\/nederlandsetempeliers.nl\/fr\/","name":"Nederlandse Tempeliers","description":"The Black Knights Templars of Solomon","publisher":{"@id":"https:\/\/nederlandsetempeliers.nl\/fr\/#organization"},"potentialAction":[{"@type":"SearchAction","target":{"@type":"EntryPoint","urlTemplate":"https:\/\/nederlandsetempeliers.nl\/fr\/?s={search_term_string}"},"query-input":{"@type":"PropertyValueSpecification","valueRequired":true,"valueName":"search_term_string"}}],"inLanguage":"fr-FR"},{"@type":"Organization","@id":"https:\/\/nederlandsetempeliers.nl\/fr\/#organization","name":"Nederlandse Tempeliers","url":"https:\/\/nederlandsetempeliers.nl\/fr\/","logo":{"@type":"ImageObject","inLanguage":"fr-FR","@id":"https:\/\/nederlandsetempeliers.nl\/fr\/#\/schema\/logo\/image\/","url":"https:\/\/nederlandsetempeliers.nl\/wp-content\/uploads\/Dutch-order-v2.png","contentUrl":"https:\/\/nederlandsetempeliers.nl\/wp-content\/uploads\/Dutch-order-v2.png","width":687,"height":686,"caption":"Nederlandse Tempeliers"},"image":{"@id":"https:\/\/nederlandsetempeliers.nl\/fr\/#\/schema\/logo\/image\/"}}]}},"_links":{"self":[{"href":"https:\/\/nederlandsetempeliers.nl\/fr\/wp-json\/wp\/v2\/pages\/4118","targetHints":{"allow":["GET"]}}],"collection":[{"href":"https:\/\/nederlandsetempeliers.nl\/fr\/wp-json\/wp\/v2\/pages"}],"about":[{"href":"https:\/\/nederlandsetempeliers.nl\/fr\/wp-json\/wp\/v2\/types\/page"}],"author":[{"embeddable":true,"href":"https:\/\/nederlandsetempeliers.nl\/fr\/wp-json\/wp\/v2\/users\/4"}],"replies":[{"embeddable":true,"href":"https:\/\/nederlandsetempeliers.nl\/fr\/wp-json\/wp\/v2\/comments?post=4118"}],"version-history":[{"count":4,"href":"https:\/\/nederlandsetempeliers.nl\/fr\/wp-json\/wp\/v2\/pages\/4118\/revisions"}],"predecessor-version":[{"id":4138,"href":"https:\/\/nederlandsetempeliers.nl\/fr\/wp-json\/wp\/v2\/pages\/4118\/revisions\/4138"}],"wp:attachment":[{"href":"https:\/\/nederlandsetempeliers.nl\/fr\/wp-json\/wp\/v2\/media?parent=4118"}],"curies":[{"name":"wp","href":"https:\/\/api.w.org\/{rel}","templated":true}]}}