{"id":5860,"date":"2026-03-14T20:49:39","date_gmt":"2026-03-14T19:49:39","guid":{"rendered":"https:\/\/nederlandsetempeliers.nl\/livre-du-pelerin-liber-peregrinorum\/"},"modified":"2026-03-14T21:38:19","modified_gmt":"2026-03-14T20:38:19","slug":"livre-du-pelerin-liber-peregrinorum","status":"publish","type":"page","link":"https:\/\/nederlandsetempeliers.nl\/fr\/livre-du-pelerin-liber-peregrinorum\/","title":{"rendered":"Livre du P\u00e8lerin &#8211; Liber Peregrinorum"},"content":{"rendered":"\t\t<div data-elementor-type=\"wp-page\" data-elementor-id=\"5860\" class=\"elementor elementor-5860 elementor-5833\" data-elementor-post-type=\"page\">\n\t\t\t\t<div class=\"elementor-element elementor-element-cf1b68b e-flex e-con-boxed e-con e-parent\" data-id=\"cf1b68b\" data-element_type=\"container\" data-e-type=\"container\">\n\t\t\t\t\t<div class=\"e-con-inner\">\n\t\t\t\t<div class=\"elementor-element elementor-element-a88c1a5 elementor-widget elementor-widget-image\" data-id=\"a88c1a5\" data-element_type=\"widget\" data-e-type=\"widget\" data-widget_type=\"image.default\">\n\t\t\t\t<div class=\"elementor-widget-container\">\n\t\t\t\t\t\t\t\t\t\t\t\t\t\t\t<img fetchpriority=\"high\" decoding=\"async\" width=\"540\" height=\"358\" src=\"https:\/\/nederlandsetempeliers.nl\/wp-content\/uploads\/Gastenboek-pelgrim.jpg\" class=\"attachment-large size-large wp-image-5682\" alt=\"Livre d\u2019or parchemin \u00e0 la lumi\u00e8re des bougies\" srcset=\"https:\/\/nederlandsetempeliers.nl\/wp-content\/uploads\/Gastenboek-pelgrim.jpg 540w, https:\/\/nederlandsetempeliers.nl\/wp-content\/uploads\/Gastenboek-pelgrim-300x199.jpg 300w\" sizes=\"(max-width: 540px) 100vw, 540px\" \/>\t\t\t\t\t\t\t\t\t\t\t\t\t\t\t<\/div>\n\t\t\t\t<\/div>\n\t\t\t\t\t<\/div>\n\t\t\t\t<\/div>\n\t\t<div class=\"elementor-element elementor-element-16cf2d9 e-flex e-con-boxed e-con e-parent\" data-id=\"16cf2d9\" data-element_type=\"container\" data-e-type=\"container\">\n\t\t\t\t\t<div class=\"e-con-inner\">\n\t\t\t\t<div class=\"elementor-element elementor-element-6fb39f2 elementor-widget elementor-widget-heading\" data-id=\"6fb39f2\" data-element_type=\"widget\" data-e-type=\"widget\" data-widget_type=\"heading.default\">\n\t\t\t\t<div class=\"elementor-widget-container\">\n\t\t\t\t\t<h2 class=\"elementor-heading-title elementor-size-default\">Liber Peregrinorum<\/h2>\t\t\t\t<\/div>\n\t\t\t\t<\/div>\n\t\t\t\t\t<\/div>\n\t\t\t\t<\/div>\n\t\t<div class=\"elementor-element elementor-element-d7ad170 e-flex e-con-boxed e-con e-parent\" data-id=\"d7ad170\" data-element_type=\"container\" data-e-type=\"container\">\n\t\t\t\t\t<div class=\"e-con-inner\">\n\t\t\t\t<div class=\"elementor-element elementor-element-c90965b elementor-widget elementor-widget-heading\" data-id=\"c90965b\" data-element_type=\"widget\" data-e-type=\"widget\" data-widget_type=\"heading.default\">\n\t\t\t\t<div class=\"elementor-widget-container\">\n\t\t\t\t\t<h2 class=\"elementor-heading-title elementor-size-default\">Livre du P\u00e8lerin &nbsp; &nbsp; \u2720 &nbsp; &nbsp; Livre d'or <\/h2>\t\t\t\t<\/div>\n\t\t\t\t<\/div>\n\t\t\t\t\t<\/div>\n\t\t\t\t<\/div>\n\t\t<div class=\"elementor-element elementor-element-c13d634 e-flex e-con-boxed e-con e-parent\" data-id=\"c13d634\" data-element_type=\"container\" data-e-type=\"container\">\n\t\t\t\t\t<div class=\"e-con-inner\">\n\t\t\t\t<div class=\"elementor-element elementor-element-2f3c6b3 elementor-widget elementor-widget-text-editor\" data-id=\"2f3c6b3\" data-element_type=\"widget\" data-e-type=\"widget\" data-widget_type=\"text-editor.default\">\n\t\t\t\t<div class=\"elementor-widget-container\">\n\t\t\t\t\t\t\t\t\t<p>Cher P\u00e8lerin,<\/p><p>Au fil des si\u00e8cles, les p\u00e8lerins ont souvent laiss\u00e9 une trace de leur voyage : un nom inscrit dans un registre, une courte r\u00e9flexion, une pri\u00e8re ou le souvenir d\u2019un lieu qui les a touch\u00e9s.<\/p><p>C\u2019est dans cet esprit qu\u2019est n\u00e9 notre Liber Peregrinorum \u2014 le Livre des P\u00e8lerins.<\/p><p>Ici, les visiteurs peuvent partager une pens\u00e9e, une exp\u00e9rience ou une d\u00e9couverte li\u00e9e \u00e0 la foi chr\u00e9tienne, aux Templiers, ou \u00e0 des lieux, traditions et r\u00e9cits qui s\u2019y rattachent.<\/p><p>Parfois, ce sont de petits moments :<br>une \u00e9glise d\u00e9couverte en chemin, une ancienne coutume rencontr\u00e9e quelque part, ou une histoire qui vous a \u00e9t\u00e9 racont\u00e9e.<\/p><p>N\u2019h\u00e9sitez pas \u00e0 laisser vous aussi une trace et \u00e0 devenir ainsi une partie de cette histoire.<\/p><p>Lorsqu\u2019une contribution correspond \u00e0 un sujet pr\u00e9sent sur ce site, nous la pla\u00e7ons sous ce sujet.<br>S\u2019il n\u2019existe pas encore de sujet correspondant, votre contribution trouvera sa place dans Testimonium \u2014 Contributions.<\/p><p>Ainsi, cet espace grandit peu \u00e0 peu pour devenir une chronique de nombreux p\u00e8lerins \u2014 comme une cath\u00e9drale qui ne s\u2019est pas construite en un seul jour.<\/p><p>Ce lieu n\u2019existe pas par nous seuls, mais par tous ceux qui y laissent une trace.<\/p><p><strong>Gratias agimus pro vestro itinere et verbo.<\/strong><\/p>\t\t\t\t\t\t\t\t<\/div>\n\t\t\t\t<\/div>\n\t\t\t\t\t<\/div>\n\t\t\t\t<\/div>\n\t\t<div class=\"elementor-element elementor-element-6e65090 e-flex e-con-boxed e-con e-parent\" data-id=\"6e65090\" data-element_type=\"container\" data-e-type=\"container\">\n\t\t\t\t\t<div class=\"e-con-inner\">\n\t\t\t\t<div class=\"elementor-element elementor-element-4e99f59 elementor-widget elementor-widget-image\" data-id=\"4e99f59\" data-element_type=\"widget\" data-e-type=\"widget\" data-widget_type=\"image.default\">\n\t\t\t\t<div class=\"elementor-widget-container\">\n\t\t\t\t\t\t\t\t\t\t\t\t\t\t\t<img decoding=\"async\" width=\"458\" height=\"138\" src=\"https:\/\/nederlandsetempeliers.nl\/wp-content\/uploads\/3-x-Camino.jpeg\" class=\"attachment-large size-large wp-image-5859\" alt=\"3 Coquilles du Camino\" srcset=\"https:\/\/nederlandsetempeliers.nl\/wp-content\/uploads\/3-x-Camino.jpeg 458w, https:\/\/nederlandsetempeliers.nl\/wp-content\/uploads\/3-x-Camino-300x90.jpeg 300w\" sizes=\"(max-width: 458px) 100vw, 458px\" \/>\t\t\t\t\t\t\t\t\t\t\t\t\t\t\t<\/div>\n\t\t\t\t<\/div>\n\t\t\t\t\t<\/div>\n\t\t\t\t<\/div>\n\t\t\t\t<\/div>\n\t\t","protected":false},"excerpt":{"rendered":"<p>Liber Peregrinorum Livre du P\u00e8lerin &nbsp; &nbsp; \u2720 &nbsp; &nbsp; Livre d&rsquo;or Cher P\u00e8lerin, Au fil des si\u00e8cles, les p\u00e8lerins ont souvent laiss\u00e9 une trace de leur voyage : un [&hellip;]<\/p>\n","protected":false},"author":4,"featured_media":0,"parent":0,"menu_order":0,"comment_status":"open","ping_status":"closed","template":"","meta":{"footnotes":""},"class_list":["post-5860","page","type-page","status-publish","hentry"],"yoast_head":"<!-- This site is optimized with the Yoast SEO plugin v27.2 - https:\/\/yoast.com\/product\/yoast-seo-wordpress\/ -->\n<title>Livre du P\u00e8lerin - Liber Peregrinorum - Nederlandse Tempeliers<\/title>\n<meta name=\"robots\" content=\"index, follow, max-snippet:-1, max-image-preview:large, max-video-preview:-1\" \/>\n<link rel=\"canonical\" href=\"https:\/\/nederlandsetempeliers.nl\/fr\/livre-du-pelerin-liber-peregrinorum\/\" \/>\n<meta property=\"og:locale\" content=\"fr_FR\" \/>\n<meta property=\"og:type\" content=\"article\" \/>\n<meta property=\"og:title\" content=\"Livre du P\u00e8lerin - Liber Peregrinorum - Nederlandse Tempeliers\" \/>\n<meta property=\"og:description\" content=\"Liber Peregrinorum Livre du P\u00e8lerin &nbsp; &nbsp; \u2720 &nbsp; &nbsp; Livre d&rsquo;or Cher P\u00e8lerin, Au fil des si\u00e8cles, les p\u00e8lerins ont souvent laiss\u00e9 une trace de leur voyage : un [&hellip;]\" \/>\n<meta property=\"og:url\" content=\"https:\/\/nederlandsetempeliers.nl\/fr\/livre-du-pelerin-liber-peregrinorum\/\" \/>\n<meta property=\"og:site_name\" content=\"Nederlandse Tempeliers\" \/>\n<meta property=\"article:modified_time\" content=\"2026-03-14T20:38:19+00:00\" \/>\n<meta property=\"og:image\" content=\"https:\/\/nederlandsetempeliers.nl\/wp-content\/uploads\/Gastenboek-pelgrim.jpg\" \/>\n\t<meta property=\"og:image:width\" content=\"540\" \/>\n\t<meta property=\"og:image:height\" content=\"358\" \/>\n\t<meta property=\"og:image:type\" content=\"image\/jpeg\" \/>\n<meta name=\"twitter:card\" content=\"summary_large_image\" \/>\n<meta name=\"twitter:label1\" content=\"Dur\u00e9e de lecture estim\u00e9e\" \/>\n\t<meta name=\"twitter:data1\" content=\"1 minute\" \/>\n<script type=\"application\/ld+json\" class=\"yoast-schema-graph\">{\"@context\":\"https:\/\/schema.org\",\"@graph\":[{\"@type\":\"WebPage\",\"@id\":\"https:\/\/nederlandsetempeliers.nl\/fr\/livre-du-pelerin-liber-peregrinorum\/\",\"url\":\"https:\/\/nederlandsetempeliers.nl\/fr\/livre-du-pelerin-liber-peregrinorum\/\",\"name\":\"Livre du P\u00e8lerin - Liber Peregrinorum - Nederlandse Tempeliers\",\"isPartOf\":{\"@id\":\"https:\/\/nederlandsetempeliers.nl\/fr\/#website\"},\"primaryImageOfPage\":{\"@id\":\"https:\/\/nederlandsetempeliers.nl\/fr\/livre-du-pelerin-liber-peregrinorum\/#primaryimage\"},\"image\":{\"@id\":\"https:\/\/nederlandsetempeliers.nl\/fr\/livre-du-pelerin-liber-peregrinorum\/#primaryimage\"},\"thumbnailUrl\":\"https:\/\/nederlandsetempeliers.nl\/wp-content\/uploads\/Gastenboek-pelgrim.jpg\",\"datePublished\":\"2026-03-14T19:49:39+00:00\",\"dateModified\":\"2026-03-14T20:38:19+00:00\",\"breadcrumb\":{\"@id\":\"https:\/\/nederlandsetempeliers.nl\/fr\/livre-du-pelerin-liber-peregrinorum\/#breadcrumb\"},\"inLanguage\":\"fr-FR\",\"potentialAction\":[{\"@type\":\"ReadAction\",\"target\":[\"https:\/\/nederlandsetempeliers.nl\/fr\/livre-du-pelerin-liber-peregrinorum\/\"]}]},{\"@type\":\"ImageObject\",\"inLanguage\":\"fr-FR\",\"@id\":\"https:\/\/nederlandsetempeliers.nl\/fr\/livre-du-pelerin-liber-peregrinorum\/#primaryimage\",\"url\":\"https:\/\/nederlandsetempeliers.nl\/wp-content\/uploads\/Gastenboek-pelgrim.jpg\",\"contentUrl\":\"https:\/\/nederlandsetempeliers.nl\/wp-content\/uploads\/Gastenboek-pelgrim.jpg\"},{\"@type\":\"BreadcrumbList\",\"@id\":\"https:\/\/nederlandsetempeliers.nl\/fr\/livre-du-pelerin-liber-peregrinorum\/#breadcrumb\",\"itemListElement\":[{\"@type\":\"ListItem\",\"position\":1,\"name\":\"Home\",\"item\":\"https:\/\/nederlandsetempeliers.nl\/fr\/\"},{\"@type\":\"ListItem\",\"position\":2,\"name\":\"Livre du P\u00e8lerin &#8211; Liber Peregrinorum\"}]},{\"@type\":\"WebSite\",\"@id\":\"https:\/\/nederlandsetempeliers.nl\/fr\/#website\",\"url\":\"https:\/\/nederlandsetempeliers.nl\/fr\/\",\"name\":\"Nederlandse Tempeliers\",\"description\":\"The Black Knights Templars of Solomon\",\"publisher\":{\"@id\":\"https:\/\/nederlandsetempeliers.nl\/fr\/#organization\"},\"potentialAction\":[{\"@type\":\"SearchAction\",\"target\":{\"@type\":\"EntryPoint\",\"urlTemplate\":\"https:\/\/nederlandsetempeliers.nl\/fr\/?s={search_term_string}\"},\"query-input\":{\"@type\":\"PropertyValueSpecification\",\"valueRequired\":true,\"valueName\":\"search_term_string\"}}],\"inLanguage\":\"fr-FR\"},{\"@type\":\"Organization\",\"@id\":\"https:\/\/nederlandsetempeliers.nl\/fr\/#organization\",\"name\":\"Nederlandse Tempeliers\",\"url\":\"https:\/\/nederlandsetempeliers.nl\/fr\/\",\"logo\":{\"@type\":\"ImageObject\",\"inLanguage\":\"fr-FR\",\"@id\":\"https:\/\/nederlandsetempeliers.nl\/fr\/#\/schema\/logo\/image\/\",\"url\":\"https:\/\/nederlandsetempeliers.nl\/wp-content\/uploads\/Dutch-order-v2.png\",\"contentUrl\":\"https:\/\/nederlandsetempeliers.nl\/wp-content\/uploads\/Dutch-order-v2.png\",\"width\":687,\"height\":686,\"caption\":\"Nederlandse Tempeliers\"},\"image\":{\"@id\":\"https:\/\/nederlandsetempeliers.nl\/fr\/#\/schema\/logo\/image\/\"}}]}<\/script>\n<!-- \/ Yoast SEO plugin. -->","yoast_head_json":{"title":"Livre du P\u00e8lerin - Liber Peregrinorum - Nederlandse Tempeliers","robots":{"index":"index","follow":"follow","max-snippet":"max-snippet:-1","max-image-preview":"max-image-preview:large","max-video-preview":"max-video-preview:-1"},"canonical":"https:\/\/nederlandsetempeliers.nl\/fr\/livre-du-pelerin-liber-peregrinorum\/","og_locale":"fr_FR","og_type":"article","og_title":"Livre du P\u00e8lerin - Liber Peregrinorum - Nederlandse Tempeliers","og_description":"Liber Peregrinorum Livre du P\u00e8lerin &nbsp; &nbsp; \u2720 &nbsp; &nbsp; Livre d&rsquo;or Cher P\u00e8lerin, Au fil des si\u00e8cles, les p\u00e8lerins ont souvent laiss\u00e9 une trace de leur voyage : un [&hellip;]","og_url":"https:\/\/nederlandsetempeliers.nl\/fr\/livre-du-pelerin-liber-peregrinorum\/","og_site_name":"Nederlandse Tempeliers","article_modified_time":"2026-03-14T20:38:19+00:00","og_image":[{"width":540,"height":358,"url":"https:\/\/nederlandsetempeliers.nl\/wp-content\/uploads\/Gastenboek-pelgrim.jpg","type":"image\/jpeg"}],"twitter_card":"summary_large_image","twitter_misc":{"Dur\u00e9e de lecture estim\u00e9e":"1 minute"},"schema":{"@context":"https:\/\/schema.org","@graph":[{"@type":"WebPage","@id":"https:\/\/nederlandsetempeliers.nl\/fr\/livre-du-pelerin-liber-peregrinorum\/","url":"https:\/\/nederlandsetempeliers.nl\/fr\/livre-du-pelerin-liber-peregrinorum\/","name":"Livre du P\u00e8lerin - Liber Peregrinorum - Nederlandse Tempeliers","isPartOf":{"@id":"https:\/\/nederlandsetempeliers.nl\/fr\/#website"},"primaryImageOfPage":{"@id":"https:\/\/nederlandsetempeliers.nl\/fr\/livre-du-pelerin-liber-peregrinorum\/#primaryimage"},"image":{"@id":"https:\/\/nederlandsetempeliers.nl\/fr\/livre-du-pelerin-liber-peregrinorum\/#primaryimage"},"thumbnailUrl":"https:\/\/nederlandsetempeliers.nl\/wp-content\/uploads\/Gastenboek-pelgrim.jpg","datePublished":"2026-03-14T19:49:39+00:00","dateModified":"2026-03-14T20:38:19+00:00","breadcrumb":{"@id":"https:\/\/nederlandsetempeliers.nl\/fr\/livre-du-pelerin-liber-peregrinorum\/#breadcrumb"},"inLanguage":"fr-FR","potentialAction":[{"@type":"ReadAction","target":["https:\/\/nederlandsetempeliers.nl\/fr\/livre-du-pelerin-liber-peregrinorum\/"]}]},{"@type":"ImageObject","inLanguage":"fr-FR","@id":"https:\/\/nederlandsetempeliers.nl\/fr\/livre-du-pelerin-liber-peregrinorum\/#primaryimage","url":"https:\/\/nederlandsetempeliers.nl\/wp-content\/uploads\/Gastenboek-pelgrim.jpg","contentUrl":"https:\/\/nederlandsetempeliers.nl\/wp-content\/uploads\/Gastenboek-pelgrim.jpg"},{"@type":"BreadcrumbList","@id":"https:\/\/nederlandsetempeliers.nl\/fr\/livre-du-pelerin-liber-peregrinorum\/#breadcrumb","itemListElement":[{"@type":"ListItem","position":1,"name":"Home","item":"https:\/\/nederlandsetempeliers.nl\/fr\/"},{"@type":"ListItem","position":2,"name":"Livre du P\u00e8lerin &#8211; Liber Peregrinorum"}]},{"@type":"WebSite","@id":"https:\/\/nederlandsetempeliers.nl\/fr\/#website","url":"https:\/\/nederlandsetempeliers.nl\/fr\/","name":"Nederlandse Tempeliers","description":"The Black Knights Templars of Solomon","publisher":{"@id":"https:\/\/nederlandsetempeliers.nl\/fr\/#organization"},"potentialAction":[{"@type":"SearchAction","target":{"@type":"EntryPoint","urlTemplate":"https:\/\/nederlandsetempeliers.nl\/fr\/?s={search_term_string}"},"query-input":{"@type":"PropertyValueSpecification","valueRequired":true,"valueName":"search_term_string"}}],"inLanguage":"fr-FR"},{"@type":"Organization","@id":"https:\/\/nederlandsetempeliers.nl\/fr\/#organization","name":"Nederlandse Tempeliers","url":"https:\/\/nederlandsetempeliers.nl\/fr\/","logo":{"@type":"ImageObject","inLanguage":"fr-FR","@id":"https:\/\/nederlandsetempeliers.nl\/fr\/#\/schema\/logo\/image\/","url":"https:\/\/nederlandsetempeliers.nl\/wp-content\/uploads\/Dutch-order-v2.png","contentUrl":"https:\/\/nederlandsetempeliers.nl\/wp-content\/uploads\/Dutch-order-v2.png","width":687,"height":686,"caption":"Nederlandse Tempeliers"},"image":{"@id":"https:\/\/nederlandsetempeliers.nl\/fr\/#\/schema\/logo\/image\/"}}]}},"_links":{"self":[{"href":"https:\/\/nederlandsetempeliers.nl\/fr\/wp-json\/wp\/v2\/pages\/5860","targetHints":{"allow":["GET"]}}],"collection":[{"href":"https:\/\/nederlandsetempeliers.nl\/fr\/wp-json\/wp\/v2\/pages"}],"about":[{"href":"https:\/\/nederlandsetempeliers.nl\/fr\/wp-json\/wp\/v2\/types\/page"}],"author":[{"embeddable":true,"href":"https:\/\/nederlandsetempeliers.nl\/fr\/wp-json\/wp\/v2\/users\/4"}],"replies":[{"embeddable":true,"href":"https:\/\/nederlandsetempeliers.nl\/fr\/wp-json\/wp\/v2\/comments?post=5860"}],"version-history":[{"count":2,"href":"https:\/\/nederlandsetempeliers.nl\/fr\/wp-json\/wp\/v2\/pages\/5860\/revisions"}],"predecessor-version":[{"id":5862,"href":"https:\/\/nederlandsetempeliers.nl\/fr\/wp-json\/wp\/v2\/pages\/5860\/revisions\/5862"}],"wp:attachment":[{"href":"https:\/\/nederlandsetempeliers.nl\/fr\/wp-json\/wp\/v2\/media?parent=5860"}],"curies":[{"name":"wp","href":"https:\/\/api.w.org\/{rel}","templated":true}]}}