{"id":5928,"date":"2026-03-14T23:18:48","date_gmt":"2026-03-14T22:18:48","guid":{"rendered":"https:\/\/nederlandsetempeliers.nl\/testemonium-contribution\/"},"modified":"2026-03-14T23:47:13","modified_gmt":"2026-03-14T22:47:13","slug":"testemonium-contribution","status":"publish","type":"page","link":"https:\/\/nederlandsetempeliers.nl\/fr\/testemonium-contribution\/","title":{"rendered":"Testemonium contribution"},"content":{"rendered":"\t\t<div data-elementor-type=\"wp-page\" data-elementor-id=\"5928\" class=\"elementor elementor-5928 elementor-5900\" data-elementor-post-type=\"page\">\n\t\t\t\t<div class=\"elementor-element elementor-element-34b5964 e-con-full e-flex e-con e-parent\" data-id=\"34b5964\" data-element_type=\"container\" data-e-type=\"container\">\n\t\t\t\t<div class=\"elementor-element elementor-element-5fff6b4 elementor-widget elementor-widget-image\" data-id=\"5fff6b4\" data-element_type=\"widget\" data-e-type=\"widget\" data-widget_type=\"image.default\">\n\t\t\t\t<div class=\"elementor-widget-container\">\n\t\t\t\t\t\t\t\t\t\t\t\t\t\t\t<img fetchpriority=\"high\" decoding=\"async\" width=\"768\" height=\"673\" src=\"https:\/\/nederlandsetempeliers.nl\/wp-content\/uploads\/Tempelier-Pelgrim-768x673.jpeg\" class=\"attachment-medium_large size-medium_large wp-image-5926\" alt=\"Un Templier avec un bras pos\u00e9 sur l\u2019\u00e9paule d\u2019un P\u00e8lerin\" srcset=\"https:\/\/nederlandsetempeliers.nl\/wp-content\/uploads\/Tempelier-Pelgrim-768x673.jpeg 768w, https:\/\/nederlandsetempeliers.nl\/wp-content\/uploads\/Tempelier-Pelgrim-300x263.jpeg 300w, https:\/\/nederlandsetempeliers.nl\/wp-content\/uploads\/Tempelier-Pelgrim.jpeg 824w\" sizes=\"(max-width: 768px) 100vw, 768px\" \/>\t\t\t\t\t\t\t\t\t\t\t\t\t\t\t<\/div>\n\t\t\t\t<\/div>\n\t\t\t\t<\/div>\n\t\t<div class=\"elementor-element elementor-element-936bcb0 e-flex e-con-boxed e-con e-parent\" data-id=\"936bcb0\" data-element_type=\"container\" data-e-type=\"container\">\n\t\t\t\t\t<div class=\"e-con-inner\">\n\t\t\t\t<div class=\"elementor-element elementor-element-615e341 elementor-widget elementor-widget-text-editor\" data-id=\"615e341\" data-element_type=\"widget\" data-e-type=\"widget\" data-widget_type=\"text-editor.default\">\n\t\t\t\t<div class=\"elementor-widget-container\">\n\t\t\t\t\t\t\t\t\t<p><strong>TESTIMONIUM<\/strong><\/p><p> <\/p><p>Parfois, des p\u00e8lerins ou des visiteurs souhaitent partager quelque chose qui ne correspond pas directement \u00e0 un sujet d\u00e9j\u00e0 pr\u00e9sent sur ce site, mais qui reste li\u00e9 \u00e0 la foi, \u00e0 l\u2019histoire ou \u00e0 l\u2019esprit des Templiers.<\/p><p>Il peut s\u2019agir d\u2019un r\u00e9cit personnel.<br>D\u2019une d\u00e9couverte faite en chemin.<br>D\u2019une r\u00e9flexion sur la foi.<br>Ou d\u2019un lieu, d\u2019une tradition ou d\u2019un souvenir qui a pris pour vous une signification particuli\u00e8re.<\/p><p>C\u2019est pour de telles contributions que Testimonium existe.<\/p><p>Ici nous rassemblons des textes qui portent leur propre voix \u2014 des paroles de p\u00e8lerins, de voyageurs et de chercheurs qui ont v\u00e9cu quelque chose qu\u2019ils souhaitent transmettre.<\/p><p>Si, plus tard, une contribution correspond \u00e0 un sujet pr\u00e9sent sur ce site, elle pourra y trouver sa place.<br>Jusqu\u2019\u00e0 ce moment, nous la conservons ici.<\/p><p>Ainsi Testimonium grandit peu \u00e0 peu pour devenir une collection de voix et de t\u00e9moignages \u2014 de petits signes le long du chemin laiss\u00e9s par ceux qui ont voulu y laisser leur trace.<\/p><p>Chaque contribution, si petite soit-elle, peut devenir une lumi\u00e8re pour quelqu\u2019un d\u2019autre.<\/p><p><strong>Testimonia viam illuminant.<\/strong><\/p>\t\t\t\t\t\t\t\t<\/div>\n\t\t\t\t<\/div>\n\t\t\t\t\t<\/div>\n\t\t\t\t<\/div>\n\t\t<div class=\"elementor-element elementor-element-766ec52 e-con-full e-flex e-con e-parent\" data-id=\"766ec52\" data-element_type=\"container\" data-e-type=\"container\">\n\t\t\t\t<div class=\"elementor-element elementor-element-7ba6cf5 elementor-widget elementor-widget-image\" data-id=\"7ba6cf5\" data-element_type=\"widget\" data-e-type=\"widget\" data-widget_type=\"image.default\">\n\t\t\t\t<div class=\"elementor-widget-container\">\n\t\t\t\t\t\t\t\t\t\t\t\t\t\t\t<img decoding=\"async\" width=\"800\" height=\"139\" src=\"https:\/\/nederlandsetempeliers.nl\/wp-content\/uploads\/penveer.jpeg\" class=\"attachment-large size-large wp-image-5927\" alt=\"3 rouge plume\" srcset=\"https:\/\/nederlandsetempeliers.nl\/wp-content\/uploads\/penveer.jpeg 934w, https:\/\/nederlandsetempeliers.nl\/wp-content\/uploads\/penveer-300x52.jpeg 300w, https:\/\/nederlandsetempeliers.nl\/wp-content\/uploads\/penveer-768x133.jpeg 768w\" sizes=\"(max-width: 800px) 100vw, 800px\" \/>\t\t\t\t\t\t\t\t\t\t\t\t\t\t\t<\/div>\n\t\t\t\t<\/div>\n\t\t\t\t<\/div>\n\t\t\t\t<\/div>\n\t\t","protected":false},"excerpt":{"rendered":"<p>TESTIMONIUM Parfois, des p\u00e8lerins ou des visiteurs souhaitent partager quelque chose qui ne correspond pas directement \u00e0 un sujet d\u00e9j\u00e0 pr\u00e9sent sur ce site, mais qui reste li\u00e9 \u00e0 la [&hellip;]<\/p>\n","protected":false},"author":4,"featured_media":0,"parent":0,"menu_order":0,"comment_status":"closed","ping_status":"closed","template":"","meta":{"footnotes":""},"class_list":["post-5928","page","type-page","status-publish","hentry"],"yoast_head":"<!-- This site is optimized with the Yoast SEO plugin v27.2 - https:\/\/yoast.com\/product\/yoast-seo-wordpress\/ -->\n<title>Testemonium contribution - Nederlandse Tempeliers<\/title>\n<meta name=\"robots\" content=\"index, follow, max-snippet:-1, max-image-preview:large, max-video-preview:-1\" \/>\n<link rel=\"canonical\" href=\"https:\/\/nederlandsetempeliers.nl\/fr\/testemonium-contribution\/\" \/>\n<meta property=\"og:locale\" content=\"fr_FR\" \/>\n<meta property=\"og:type\" content=\"article\" \/>\n<meta property=\"og:title\" content=\"Testemonium contribution - Nederlandse Tempeliers\" \/>\n<meta property=\"og:description\" content=\"TESTIMONIUM Parfois, des p\u00e8lerins ou des visiteurs souhaitent partager quelque chose qui ne correspond pas directement \u00e0 un sujet d\u00e9j\u00e0 pr\u00e9sent sur ce site, mais qui reste li\u00e9 \u00e0 la [&hellip;]\" \/>\n<meta property=\"og:url\" content=\"https:\/\/nederlandsetempeliers.nl\/fr\/testemonium-contribution\/\" \/>\n<meta property=\"og:site_name\" content=\"Nederlandse Tempeliers\" \/>\n<meta property=\"article:modified_time\" content=\"2026-03-14T22:47:13+00:00\" \/>\n<meta property=\"og:image\" content=\"https:\/\/nederlandsetempeliers.nl\/wp-content\/uploads\/Tempelier-Pelgrim.jpeg\" \/>\n\t<meta property=\"og:image:width\" content=\"824\" \/>\n\t<meta property=\"og:image:height\" content=\"722\" \/>\n\t<meta property=\"og:image:type\" content=\"image\/jpeg\" \/>\n<meta name=\"twitter:card\" content=\"summary_large_image\" \/>\n<meta name=\"twitter:label1\" content=\"Dur\u00e9e de lecture estim\u00e9e\" \/>\n\t<meta name=\"twitter:data1\" content=\"1 minute\" \/>\n<script type=\"application\/ld+json\" class=\"yoast-schema-graph\">{\"@context\":\"https:\/\/schema.org\",\"@graph\":[{\"@type\":\"WebPage\",\"@id\":\"https:\/\/nederlandsetempeliers.nl\/fr\/testemonium-contribution\/\",\"url\":\"https:\/\/nederlandsetempeliers.nl\/fr\/testemonium-contribution\/\",\"name\":\"Testemonium contribution - Nederlandse Tempeliers\",\"isPartOf\":{\"@id\":\"https:\/\/nederlandsetempeliers.nl\/fr\/#website\"},\"primaryImageOfPage\":{\"@id\":\"https:\/\/nederlandsetempeliers.nl\/fr\/testemonium-contribution\/#primaryimage\"},\"image\":{\"@id\":\"https:\/\/nederlandsetempeliers.nl\/fr\/testemonium-contribution\/#primaryimage\"},\"thumbnailUrl\":\"https:\/\/nederlandsetempeliers.nl\/wp-content\/uploads\/Tempelier-Pelgrim-768x673.jpeg\",\"datePublished\":\"2026-03-14T22:18:48+00:00\",\"dateModified\":\"2026-03-14T22:47:13+00:00\",\"breadcrumb\":{\"@id\":\"https:\/\/nederlandsetempeliers.nl\/fr\/testemonium-contribution\/#breadcrumb\"},\"inLanguage\":\"fr-FR\",\"potentialAction\":[{\"@type\":\"ReadAction\",\"target\":[\"https:\/\/nederlandsetempeliers.nl\/fr\/testemonium-contribution\/\"]}]},{\"@type\":\"ImageObject\",\"inLanguage\":\"fr-FR\",\"@id\":\"https:\/\/nederlandsetempeliers.nl\/fr\/testemonium-contribution\/#primaryimage\",\"url\":\"https:\/\/nederlandsetempeliers.nl\/wp-content\/uploads\/Tempelier-Pelgrim-768x673.jpeg\",\"contentUrl\":\"https:\/\/nederlandsetempeliers.nl\/wp-content\/uploads\/Tempelier-Pelgrim-768x673.jpeg\"},{\"@type\":\"BreadcrumbList\",\"@id\":\"https:\/\/nederlandsetempeliers.nl\/fr\/testemonium-contribution\/#breadcrumb\",\"itemListElement\":[{\"@type\":\"ListItem\",\"position\":1,\"name\":\"Home\",\"item\":\"https:\/\/nederlandsetempeliers.nl\/fr\/\"},{\"@type\":\"ListItem\",\"position\":2,\"name\":\"Testemonium contribution\"}]},{\"@type\":\"WebSite\",\"@id\":\"https:\/\/nederlandsetempeliers.nl\/fr\/#website\",\"url\":\"https:\/\/nederlandsetempeliers.nl\/fr\/\",\"name\":\"Nederlandse Tempeliers\",\"description\":\"The Black Knights Templars of Solomon\",\"publisher\":{\"@id\":\"https:\/\/nederlandsetempeliers.nl\/fr\/#organization\"},\"potentialAction\":[{\"@type\":\"SearchAction\",\"target\":{\"@type\":\"EntryPoint\",\"urlTemplate\":\"https:\/\/nederlandsetempeliers.nl\/fr\/?s={search_term_string}\"},\"query-input\":{\"@type\":\"PropertyValueSpecification\",\"valueRequired\":true,\"valueName\":\"search_term_string\"}}],\"inLanguage\":\"fr-FR\"},{\"@type\":\"Organization\",\"@id\":\"https:\/\/nederlandsetempeliers.nl\/fr\/#organization\",\"name\":\"Nederlandse Tempeliers\",\"url\":\"https:\/\/nederlandsetempeliers.nl\/fr\/\",\"logo\":{\"@type\":\"ImageObject\",\"inLanguage\":\"fr-FR\",\"@id\":\"https:\/\/nederlandsetempeliers.nl\/fr\/#\/schema\/logo\/image\/\",\"url\":\"https:\/\/nederlandsetempeliers.nl\/wp-content\/uploads\/Dutch-order-v2.png\",\"contentUrl\":\"https:\/\/nederlandsetempeliers.nl\/wp-content\/uploads\/Dutch-order-v2.png\",\"width\":687,\"height\":686,\"caption\":\"Nederlandse Tempeliers\"},\"image\":{\"@id\":\"https:\/\/nederlandsetempeliers.nl\/fr\/#\/schema\/logo\/image\/\"}}]}<\/script>\n<!-- \/ Yoast SEO plugin. -->","yoast_head_json":{"title":"Testemonium contribution - Nederlandse Tempeliers","robots":{"index":"index","follow":"follow","max-snippet":"max-snippet:-1","max-image-preview":"max-image-preview:large","max-video-preview":"max-video-preview:-1"},"canonical":"https:\/\/nederlandsetempeliers.nl\/fr\/testemonium-contribution\/","og_locale":"fr_FR","og_type":"article","og_title":"Testemonium contribution - Nederlandse Tempeliers","og_description":"TESTIMONIUM Parfois, des p\u00e8lerins ou des visiteurs souhaitent partager quelque chose qui ne correspond pas directement \u00e0 un sujet d\u00e9j\u00e0 pr\u00e9sent sur ce site, mais qui reste li\u00e9 \u00e0 la [&hellip;]","og_url":"https:\/\/nederlandsetempeliers.nl\/fr\/testemonium-contribution\/","og_site_name":"Nederlandse Tempeliers","article_modified_time":"2026-03-14T22:47:13+00:00","og_image":[{"width":824,"height":722,"url":"https:\/\/nederlandsetempeliers.nl\/wp-content\/uploads\/Tempelier-Pelgrim.jpeg","type":"image\/jpeg"}],"twitter_card":"summary_large_image","twitter_misc":{"Dur\u00e9e de lecture estim\u00e9e":"1 minute"},"schema":{"@context":"https:\/\/schema.org","@graph":[{"@type":"WebPage","@id":"https:\/\/nederlandsetempeliers.nl\/fr\/testemonium-contribution\/","url":"https:\/\/nederlandsetempeliers.nl\/fr\/testemonium-contribution\/","name":"Testemonium contribution - Nederlandse Tempeliers","isPartOf":{"@id":"https:\/\/nederlandsetempeliers.nl\/fr\/#website"},"primaryImageOfPage":{"@id":"https:\/\/nederlandsetempeliers.nl\/fr\/testemonium-contribution\/#primaryimage"},"image":{"@id":"https:\/\/nederlandsetempeliers.nl\/fr\/testemonium-contribution\/#primaryimage"},"thumbnailUrl":"https:\/\/nederlandsetempeliers.nl\/wp-content\/uploads\/Tempelier-Pelgrim-768x673.jpeg","datePublished":"2026-03-14T22:18:48+00:00","dateModified":"2026-03-14T22:47:13+00:00","breadcrumb":{"@id":"https:\/\/nederlandsetempeliers.nl\/fr\/testemonium-contribution\/#breadcrumb"},"inLanguage":"fr-FR","potentialAction":[{"@type":"ReadAction","target":["https:\/\/nederlandsetempeliers.nl\/fr\/testemonium-contribution\/"]}]},{"@type":"ImageObject","inLanguage":"fr-FR","@id":"https:\/\/nederlandsetempeliers.nl\/fr\/testemonium-contribution\/#primaryimage","url":"https:\/\/nederlandsetempeliers.nl\/wp-content\/uploads\/Tempelier-Pelgrim-768x673.jpeg","contentUrl":"https:\/\/nederlandsetempeliers.nl\/wp-content\/uploads\/Tempelier-Pelgrim-768x673.jpeg"},{"@type":"BreadcrumbList","@id":"https:\/\/nederlandsetempeliers.nl\/fr\/testemonium-contribution\/#breadcrumb","itemListElement":[{"@type":"ListItem","position":1,"name":"Home","item":"https:\/\/nederlandsetempeliers.nl\/fr\/"},{"@type":"ListItem","position":2,"name":"Testemonium contribution"}]},{"@type":"WebSite","@id":"https:\/\/nederlandsetempeliers.nl\/fr\/#website","url":"https:\/\/nederlandsetempeliers.nl\/fr\/","name":"Nederlandse Tempeliers","description":"The Black Knights Templars of Solomon","publisher":{"@id":"https:\/\/nederlandsetempeliers.nl\/fr\/#organization"},"potentialAction":[{"@type":"SearchAction","target":{"@type":"EntryPoint","urlTemplate":"https:\/\/nederlandsetempeliers.nl\/fr\/?s={search_term_string}"},"query-input":{"@type":"PropertyValueSpecification","valueRequired":true,"valueName":"search_term_string"}}],"inLanguage":"fr-FR"},{"@type":"Organization","@id":"https:\/\/nederlandsetempeliers.nl\/fr\/#organization","name":"Nederlandse Tempeliers","url":"https:\/\/nederlandsetempeliers.nl\/fr\/","logo":{"@type":"ImageObject","inLanguage":"fr-FR","@id":"https:\/\/nederlandsetempeliers.nl\/fr\/#\/schema\/logo\/image\/","url":"https:\/\/nederlandsetempeliers.nl\/wp-content\/uploads\/Dutch-order-v2.png","contentUrl":"https:\/\/nederlandsetempeliers.nl\/wp-content\/uploads\/Dutch-order-v2.png","width":687,"height":686,"caption":"Nederlandse Tempeliers"},"image":{"@id":"https:\/\/nederlandsetempeliers.nl\/fr\/#\/schema\/logo\/image\/"}}]}},"_links":{"self":[{"href":"https:\/\/nederlandsetempeliers.nl\/fr\/wp-json\/wp\/v2\/pages\/5928","targetHints":{"allow":["GET"]}}],"collection":[{"href":"https:\/\/nederlandsetempeliers.nl\/fr\/wp-json\/wp\/v2\/pages"}],"about":[{"href":"https:\/\/nederlandsetempeliers.nl\/fr\/wp-json\/wp\/v2\/types\/page"}],"author":[{"embeddable":true,"href":"https:\/\/nederlandsetempeliers.nl\/fr\/wp-json\/wp\/v2\/users\/4"}],"replies":[{"embeddable":true,"href":"https:\/\/nederlandsetempeliers.nl\/fr\/wp-json\/wp\/v2\/comments?post=5928"}],"version-history":[{"count":2,"href":"https:\/\/nederlandsetempeliers.nl\/fr\/wp-json\/wp\/v2\/pages\/5928\/revisions"}],"predecessor-version":[{"id":5930,"href":"https:\/\/nederlandsetempeliers.nl\/fr\/wp-json\/wp\/v2\/pages\/5928\/revisions\/5930"}],"wp:attachment":[{"href":"https:\/\/nederlandsetempeliers.nl\/fr\/wp-json\/wp\/v2\/media?parent=5928"}],"curies":[{"name":"wp","href":"https:\/\/api.w.org\/{rel}","templated":true}]}}