{"id":7205,"date":"2026-04-02T21:45:55","date_gmt":"2026-04-02T19:45:55","guid":{"rendered":"https:\/\/nederlandsetempeliers.nl\/vendredi-saint\/"},"modified":"2026-04-05T17:25:49","modified_gmt":"2026-04-05T15:25:49","slug":"vendredi-saint","status":"publish","type":"page","link":"https:\/\/nederlandsetempeliers.nl\/fr\/vendredi-saint\/","title":{"rendered":"Vendredi Saint"},"content":{"rendered":"\t\t<div data-elementor-type=\"wp-page\" data-elementor-id=\"7205\" class=\"elementor elementor-7205 elementor-6957\" data-elementor-post-type=\"page\">\n\t\t\t\t<div class=\"elementor-element elementor-element-1719664 e-flex e-con-boxed e-con e-parent\" data-id=\"1719664\" data-element_type=\"container\" data-e-type=\"container\">\n\t\t\t\t\t<div class=\"e-con-inner\">\n\t\t\t\t\t<\/div>\n\t\t\t\t<\/div>\n\t\t<div class=\"elementor-element elementor-element-08257ac e-flex e-con-boxed e-con e-parent\" data-id=\"08257ac\" data-element_type=\"container\" data-e-type=\"container\">\n\t\t\t\t\t<div class=\"e-con-inner\">\n\t\t\t\t<div class=\"elementor-element elementor-element-4598a97 elementor-widget elementor-widget-image\" data-id=\"4598a97\" data-element_type=\"widget\" data-e-type=\"widget\" data-widget_type=\"image.default\">\n\t\t\t\t<div class=\"elementor-widget-container\">\n\t\t\t\t\t\t\t\t\t\t\t\t\t\t\t<img fetchpriority=\"high\" decoding=\"async\" width=\"800\" height=\"355\" src=\"https:\/\/nederlandsetempeliers.nl\/wp-content\/uploads\/WhatsApp-Image-2026-04-02-at-21.23.04-1024x455.jpeg\" class=\"attachment-large size-large wp-image-7203\" alt=\"Vitrail m\u00e9di\u00e9val repr\u00e9sentant la crucifixion du Christ entour\u00e9 de saints et de deux Templiers en manteaux blancs avec croix rouges\" srcset=\"https:\/\/nederlandsetempeliers.nl\/wp-content\/uploads\/WhatsApp-Image-2026-04-02-at-21.23.04-1024x455.jpeg 1024w, https:\/\/nederlandsetempeliers.nl\/wp-content\/uploads\/WhatsApp-Image-2026-04-02-at-21.23.04-300x133.jpeg 300w, https:\/\/nederlandsetempeliers.nl\/wp-content\/uploads\/WhatsApp-Image-2026-04-02-at-21.23.04-768x341.jpeg 768w, https:\/\/nederlandsetempeliers.nl\/wp-content\/uploads\/WhatsApp-Image-2026-04-02-at-21.23.04-1536x683.jpeg 1536w, https:\/\/nederlandsetempeliers.nl\/wp-content\/uploads\/WhatsApp-Image-2026-04-02-at-21.23.04.jpeg 1600w\" sizes=\"(max-width: 800px) 100vw, 800px\" \/>\t\t\t\t\t\t\t\t\t\t\t\t\t\t\t<\/div>\n\t\t\t\t<\/div>\n\t\t\t\t\t<\/div>\n\t\t\t\t<\/div>\n\t\t<div class=\"elementor-element elementor-element-044f231 e-flex e-con-boxed e-con e-parent\" data-id=\"044f231\" data-element_type=\"container\" data-e-type=\"container\">\n\t\t\t\t\t<div class=\"e-con-inner\">\n\t\t\t\t<div class=\"elementor-element elementor-element-fda23d7 elementor-widget elementor-widget-text-editor\" data-id=\"fda23d7\" data-element_type=\"widget\" data-e-type=\"widget\" data-widget_type=\"text-editor.default\">\n\t\t\t\t<div class=\"elementor-widget-container\">\n\t\t\t\t\t\t\t\t\t<p><strong>Vendredi Saint<\/strong><\/p><p>Aujourd\u2019hui est le jour o\u00f9 J\u00e9sus est condamn\u00e9 et crucifi\u00e9.<br>Comment pouvons-nous appeler un tel jour\u2026 \u00ab Saint \u00bb ? <br>\ud83d\udc49 \u00ab Saint \u00bb signifie ici quelque chose de diff\u00e9rent. Cela ne veut pas dire : agr\u00e9able, beau ou plaisant. Cela signifie : salvateur, porteur de sens, r\u00e9dempteur, gu\u00e9risseur.   <br>En ce jour, J\u00e9sus meurt innocent, par amour pour l\u2019humanit\u00e9. C\u2019est pourquoi on l\u2019appelle \u00ab Saint \u00bb. Non pas \u00e0 cause de la souffrance\u2026 mais \u00e0 cause de ce qu\u2019il apporte.  <\/p><p>Aujourd\u2019hui, il n\u2019y a pas de lumi\u00e8re, pas de r\u00e9ponse, pas de victoire. Aujourd\u2019hui, il n\u2019y a que\u2026 rester.<br>Sous la pression. Sous le jugement. Sous la douleur.<br>Il n\u2019a pas fui. Il ne s\u2019est pas d\u00e9fendu. Il est rest\u00e9.<br>Jusqu\u2019\u00e0 la fin.<br>Et cela\u2026 est peut-\u00eatre ce qu\u2019il y a de plus difficile. Ne pas lutter \u2014 alors que l\u2019on pourrait. Ne pas se justifier \u2014 alors qu\u2019il y a des explications. Mais\u2026 rester.     <\/p><p> <\/p><p>Hier soir, il a \u00e9t\u00e9 arr\u00eat\u00e9 par des soldats et des gardes du Temple. Ils le conduisent devant Anne, un grand pr\u00eatre juif. Il ne trouve pas grand-chose contre lui, et l\u2019envoie \u00e0 Joseph Ca\u00efphe. Ca\u00efphe, \u00e9galement grand pr\u00eatre et pr\u00e9sident du Sanh\u00e9drin \u2014 le plus haut conseil juif. L\u00e0, dans l\u2019obscurit\u00e9, il est interrog\u00e9, accus\u00e9, mis \u00e0 l\u2019\u00e9preuve\u2026 sur son enseignement et ses disciples.    <br><span style=\"color: #808080;\"><strong>Des interrogatoires dans la nuit\u2026 cela en dit long\u2026<\/strong><\/span><br><span style=\"color: #999999;\">Le Sanh\u00e9drin (du grec synedrion, \u00ab si\u00e9ger ensemble \u00bb) \u00e9tait dans l\u2019Antiquit\u00e9 le conseil supr\u00eame juif, compos\u00e9 de 71 membres (grands pr\u00eatres, anciens et scribes), qui faisait office de plus haute instance judiciaire et administrative \u00e0 J\u00e9rusalem.<\/span><\/p><p>L\u00e0, il est condamn\u00e9 \u00e0 mort. Mais\u2026 point d\u00e9licat : ils ne peuvent pas eux-m\u00eames ex\u00e9cuter la sentence (ce ne serait pas \u00ab pur \u00bb). Alors ils jouent le jeu politique avec duret\u00e9. \u00c0 la premi\u00e8re lumi\u00e8re du jour, ils remettent J\u00e9sus \u00e0 Rome \u2014 aux autorit\u00e9s judiciaires. Le Sanh\u00e9drin prononce le jugement\u2026 mais laisse un autre l\u2019ex\u00e9cuter.<br>Pour garder leurs mains propres. Mais Pilate voit ce qui se passe. Ce n\u2019est pas la justice. Il essaie. Il questionne. Il h\u00e9site. Il p\u00e8se.    <\/p><p>Dans une tentative de le lib\u00e9rer, Pilate envoie J\u00e9sus \u00e0 H\u00e9rode Antipas. H\u00e9rode ne sait pas non plus quoi en faire, si ce n\u2019est penser : si quelque chose doit se faire\u2026 que cela se fasse vite \u2014 demain c\u2019est la P\u00e2que. Ainsi, J\u00e9sus revient \u00e0 Pilate. Pilate donne au peuple le choix : Barabbas \u2014 le meurtrier \u2014 ou J\u00e9sus. Convaincu qu\u2019ils choisiront de condamner Barabbas\u2026 Mais \u00e0 sa stupeur, le peuple choisit de lib\u00e9rer Barabbas\u2026      <\/p><p>Ainsi, J\u00e9sus est crucifi\u00e9 au petit matin, \u00e0 la troisi\u00e8me heure \u2014 09h00 \u2014 sur le mont Golgotha. Les heures passent\u2026 lentement\u2026 Et vers la sixi\u00e8me heure (12h00)\u2026<br>l\u2019obscurit\u00e9 tombe\u2026 <\/p><p><span style=\"color: #800000;\"><strong>L\u2019obscurit\u00e9 sur toute la terre\u2026 ici meurt le Fils de Dieu\u2026 la cr\u00e9ation retient son souffle. <\/strong><\/span><\/p><p>Et vers la neuvi\u00e8me heure (15h00), il rend l\u2019esprit. Non bris\u00e9\u2026 mais donn\u00e9. Ensuite vient la lance. Non pour tuer\u2026 mais pour confirmer que tout est accompli.    <br>Qui reste encore ? Quelques femmes : Marie, sa m\u00e8re. Marie-Madeleine. Marie, femme de Clopas. Et Jean, son ap\u00f4tre le plus fid\u00e8le, qui n\u2019a pas recul\u00e9.    <br>Il y a aussi des soldats romains. Leur centurion dit : \u00ab Vraiment, celui-ci \u00e9tait le Fils de Dieu \u00bb. <\/p><p><strong>La plupart ont fui. Mais eux\u2026 eux ont vu, eux ont ressenti toute la douleur, ils sont rest\u00e9s jusqu\u2019\u00e0 la fin.  <\/strong><\/p><p>Alors appara\u00eet Joseph. Pas un disciple en vue. Pas une voix entendue auparavant. Mais en cet instant\u2026 <br>il s\u2019avance. L\u00e0 o\u00f9 d\u2019autres se taisent, l\u00e0 o\u00f9 la peur domine, il demande le corps. <br>Sans bruit, sans se montrer \u00e0 la foule, mais de mani\u00e8re d\u00e9cisive.<br>Parfois, ce n\u2019est pas celui qui \u00e9tait le plus proche\u2026 mais celui qui se l\u00e8ve au bon moment.<br> Joseph d\u2019Arimathie, membre du Sanh\u00e9drin \u2014 le m\u00eame conseil qui a condamn\u00e9 J\u00e9sus \u2014 \u00e9tait un homme riche et disciple en secret. Il avait de l\u2019influence. Un acc\u00e8s direct \u00e0 Pilate. Et ainsi, il obtient la permission de descendre son corps de la croix. Marie, sa m\u00e8re, ne pouvait pas le faire. Les femmes n\u2019avaient pas de statut juridique. Elle ne pouvait tout simplement pas.           <br>Ce que fit Joseph d\u2019Arimathie n\u2019\u00e9tait pas insignifiant \u2014 c\u2019\u00e9tait un acte de courage. Il s\u2019associe ouvertement \u00e0 quelqu\u2019un qui vient d\u2019\u00eatre ex\u00e9cut\u00e9, condamn\u00e9 par le conseil dont il fait lui-m\u00eame partie. Cela pouvait lui co\u00fbter sa position\u2026 voire plus\u2026  <\/p><p>Vers le soir, il est descendu de la croix. Dans le silence. Avec soin, mais rapidement &#8230;.car le jour de repos approche\u2026 et pas un sabbat ordinaire : la P\u00e2que. En quelques heures (avant 18h00), tout doit \u00eatre fait : demander la permission, descendre le corps, l\u2019envelopper, le d\u00e9poser dans le tombeau.<br> Le temps presse.<br>Ce qui doit \u00eatre fait\u2026 est fait. Alors il est d\u00e9pos\u00e9 dans un tombeau. Un tombeau neuf, taill\u00e9 dans le roc. La pierre est roul\u00e9e devant. Le soleil se couche. Le sabbat commence.     <\/p><p>Aujourd\u2019hui, pas de r\u00e9ponse. Seulement ceci : <\/p><p><span style=\"color: #800000;\"><strong>Il est rest\u00e9.<\/strong><\/span><\/p><p><span style=\"color: #800000;\"><strong>Jusqu\u2019\u00e0 la fin.<\/strong><\/span><\/p><p><strong><span style=\"color: #800000;\">Il repose dans le tombeau.<\/span><\/strong><\/p><p>Tout devient silence.<\/p><p>Et le monde\u2026 attend.<\/p>\t\t\t\t\t\t\t\t<\/div>\n\t\t\t\t<\/div>\n\t\t\t\t\t<\/div>\n\t\t\t\t<\/div>\n\t\t<div class=\"elementor-element elementor-element-921e42f e-flex e-con-boxed e-con e-parent\" data-id=\"921e42f\" data-element_type=\"container\" data-e-type=\"container\">\n\t\t\t\t\t<div class=\"e-con-inner\">\n\t\t\t\t<div class=\"elementor-element elementor-element-a12eb99 elementor-widget elementor-widget-image\" data-id=\"a12eb99\" data-element_type=\"widget\" data-e-type=\"widget\" data-widget_type=\"image.default\">\n\t\t\t\t<div class=\"elementor-widget-container\">\n\t\t\t\t\t\t\t\t\t\t\t\t\t\t\t<img decoding=\"async\" width=\"768\" height=\"315\" src=\"https:\/\/nederlandsetempeliers.nl\/wp-content\/uploads\/engelen-768x315.jpeg\" class=\"attachment-medium_large size-medium_large wp-image-7204\" alt=\"Deux anges agenouill\u00e9s, les mains jointes en pri\u00e8re, repr\u00e9sent\u00e9s de mani\u00e8re sym\u00e9trique avec des aur\u00e9oles dor\u00e9es et des ailes, entour\u00e9s d\u2019ornements floraux d\u00e9licats sur fond clair\" srcset=\"https:\/\/nederlandsetempeliers.nl\/wp-content\/uploads\/engelen-768x315.jpeg 768w, https:\/\/nederlandsetempeliers.nl\/wp-content\/uploads\/engelen-300x123.jpeg 300w, https:\/\/nederlandsetempeliers.nl\/wp-content\/uploads\/engelen.jpeg 947w\" sizes=\"(max-width: 768px) 100vw, 768px\" \/>\t\t\t\t\t\t\t\t\t\t\t\t\t\t\t<\/div>\n\t\t\t\t<\/div>\n\t\t\t\t\t<\/div>\n\t\t\t\t<\/div>\n\t\t\t\t<\/div>\n\t\t","protected":false},"excerpt":{"rendered":"<p>Vendredi Saint Aujourd\u2019hui est le jour o\u00f9 J\u00e9sus est condamn\u00e9 et crucifi\u00e9.Comment pouvons-nous appeler un tel jour\u2026 \u00ab Saint \u00bb ? \ud83d\udc49 \u00ab Saint \u00bb signifie ici quelque chose de [&hellip;]<\/p>\n","protected":false},"author":4,"featured_media":0,"parent":0,"menu_order":0,"comment_status":"closed","ping_status":"closed","template":"","meta":{"footnotes":""},"class_list":["post-7205","page","type-page","status-publish","hentry"],"yoast_head":"<!-- This site is optimized with the Yoast SEO plugin v27.2 - https:\/\/yoast.com\/product\/yoast-seo-wordpress\/ -->\n<title>Vendredi Saint - Nederlandse Tempeliers<\/title>\n<meta name=\"robots\" content=\"index, follow, max-snippet:-1, max-image-preview:large, max-video-preview:-1\" \/>\n<link rel=\"canonical\" href=\"https:\/\/nederlandsetempeliers.nl\/fr\/vendredi-saint\/\" \/>\n<meta property=\"og:locale\" content=\"fr_FR\" \/>\n<meta property=\"og:type\" content=\"article\" \/>\n<meta property=\"og:title\" content=\"Vendredi Saint - Nederlandse Tempeliers\" \/>\n<meta property=\"og:description\" content=\"Vendredi Saint Aujourd\u2019hui est le jour o\u00f9 J\u00e9sus est condamn\u00e9 et crucifi\u00e9.Comment pouvons-nous appeler un tel jour\u2026 \u00ab Saint \u00bb ? \ud83d\udc49 \u00ab Saint \u00bb signifie ici quelque chose de [&hellip;]\" \/>\n<meta property=\"og:url\" content=\"https:\/\/nederlandsetempeliers.nl\/fr\/vendredi-saint\/\" \/>\n<meta property=\"og:site_name\" content=\"Nederlandse Tempeliers\" \/>\n<meta property=\"article:modified_time\" content=\"2026-04-05T15:25:49+00:00\" \/>\n<meta property=\"og:image\" content=\"https:\/\/nederlandsetempeliers.nl\/wp-content\/uploads\/WhatsApp-Image-2026-04-02-at-21.23.04.jpeg\" \/>\n\t<meta property=\"og:image:width\" content=\"1600\" \/>\n\t<meta property=\"og:image:height\" content=\"711\" \/>\n\t<meta property=\"og:image:type\" content=\"image\/jpeg\" \/>\n<meta name=\"twitter:card\" content=\"summary_large_image\" \/>\n<meta name=\"twitter:label1\" content=\"Dur\u00e9e de lecture estim\u00e9e\" \/>\n\t<meta name=\"twitter:data1\" content=\"5 minutes\" \/>\n<script type=\"application\/ld+json\" class=\"yoast-schema-graph\">{\"@context\":\"https:\/\/schema.org\",\"@graph\":[{\"@type\":\"WebPage\",\"@id\":\"https:\/\/nederlandsetempeliers.nl\/fr\/vendredi-saint\/\",\"url\":\"https:\/\/nederlandsetempeliers.nl\/fr\/vendredi-saint\/\",\"name\":\"Vendredi Saint - Nederlandse Tempeliers\",\"isPartOf\":{\"@id\":\"https:\/\/nederlandsetempeliers.nl\/fr\/#website\"},\"primaryImageOfPage\":{\"@id\":\"https:\/\/nederlandsetempeliers.nl\/fr\/vendredi-saint\/#primaryimage\"},\"image\":{\"@id\":\"https:\/\/nederlandsetempeliers.nl\/fr\/vendredi-saint\/#primaryimage\"},\"thumbnailUrl\":\"https:\/\/nederlandsetempeliers.nl\/wp-content\/uploads\/WhatsApp-Image-2026-04-02-at-21.23.04-1024x455.jpeg\",\"datePublished\":\"2026-04-02T19:45:55+00:00\",\"dateModified\":\"2026-04-05T15:25:49+00:00\",\"breadcrumb\":{\"@id\":\"https:\/\/nederlandsetempeliers.nl\/fr\/vendredi-saint\/#breadcrumb\"},\"inLanguage\":\"fr-FR\",\"potentialAction\":[{\"@type\":\"ReadAction\",\"target\":[\"https:\/\/nederlandsetempeliers.nl\/fr\/vendredi-saint\/\"]}]},{\"@type\":\"ImageObject\",\"inLanguage\":\"fr-FR\",\"@id\":\"https:\/\/nederlandsetempeliers.nl\/fr\/vendredi-saint\/#primaryimage\",\"url\":\"https:\/\/nederlandsetempeliers.nl\/wp-content\/uploads\/WhatsApp-Image-2026-04-02-at-21.23.04-1024x455.jpeg\",\"contentUrl\":\"https:\/\/nederlandsetempeliers.nl\/wp-content\/uploads\/WhatsApp-Image-2026-04-02-at-21.23.04-1024x455.jpeg\"},{\"@type\":\"BreadcrumbList\",\"@id\":\"https:\/\/nederlandsetempeliers.nl\/fr\/vendredi-saint\/#breadcrumb\",\"itemListElement\":[{\"@type\":\"ListItem\",\"position\":1,\"name\":\"Home\",\"item\":\"https:\/\/nederlandsetempeliers.nl\/fr\/\"},{\"@type\":\"ListItem\",\"position\":2,\"name\":\"Vendredi Saint\"}]},{\"@type\":\"WebSite\",\"@id\":\"https:\/\/nederlandsetempeliers.nl\/fr\/#website\",\"url\":\"https:\/\/nederlandsetempeliers.nl\/fr\/\",\"name\":\"Nederlandse Tempeliers\",\"description\":\"The Black Knights Templars of Solomon\",\"publisher\":{\"@id\":\"https:\/\/nederlandsetempeliers.nl\/fr\/#organization\"},\"potentialAction\":[{\"@type\":\"SearchAction\",\"target\":{\"@type\":\"EntryPoint\",\"urlTemplate\":\"https:\/\/nederlandsetempeliers.nl\/fr\/?s={search_term_string}\"},\"query-input\":{\"@type\":\"PropertyValueSpecification\",\"valueRequired\":true,\"valueName\":\"search_term_string\"}}],\"inLanguage\":\"fr-FR\"},{\"@type\":\"Organization\",\"@id\":\"https:\/\/nederlandsetempeliers.nl\/fr\/#organization\",\"name\":\"Nederlandse Tempeliers\",\"url\":\"https:\/\/nederlandsetempeliers.nl\/fr\/\",\"logo\":{\"@type\":\"ImageObject\",\"inLanguage\":\"fr-FR\",\"@id\":\"https:\/\/nederlandsetempeliers.nl\/fr\/#\/schema\/logo\/image\/\",\"url\":\"https:\/\/nederlandsetempeliers.nl\/wp-content\/uploads\/Dutch-order-v2.png\",\"contentUrl\":\"https:\/\/nederlandsetempeliers.nl\/wp-content\/uploads\/Dutch-order-v2.png\",\"width\":687,\"height\":686,\"caption\":\"Nederlandse Tempeliers\"},\"image\":{\"@id\":\"https:\/\/nederlandsetempeliers.nl\/fr\/#\/schema\/logo\/image\/\"}}]}<\/script>\n<!-- \/ Yoast SEO plugin. -->","yoast_head_json":{"title":"Vendredi Saint - Nederlandse Tempeliers","robots":{"index":"index","follow":"follow","max-snippet":"max-snippet:-1","max-image-preview":"max-image-preview:large","max-video-preview":"max-video-preview:-1"},"canonical":"https:\/\/nederlandsetempeliers.nl\/fr\/vendredi-saint\/","og_locale":"fr_FR","og_type":"article","og_title":"Vendredi Saint - Nederlandse Tempeliers","og_description":"Vendredi Saint Aujourd\u2019hui est le jour o\u00f9 J\u00e9sus est condamn\u00e9 et crucifi\u00e9.Comment pouvons-nous appeler un tel jour\u2026 \u00ab Saint \u00bb ? \ud83d\udc49 \u00ab Saint \u00bb signifie ici quelque chose de [&hellip;]","og_url":"https:\/\/nederlandsetempeliers.nl\/fr\/vendredi-saint\/","og_site_name":"Nederlandse Tempeliers","article_modified_time":"2026-04-05T15:25:49+00:00","og_image":[{"width":1600,"height":711,"url":"https:\/\/nederlandsetempeliers.nl\/wp-content\/uploads\/WhatsApp-Image-2026-04-02-at-21.23.04.jpeg","type":"image\/jpeg"}],"twitter_card":"summary_large_image","twitter_misc":{"Dur\u00e9e de lecture estim\u00e9e":"5 minutes"},"schema":{"@context":"https:\/\/schema.org","@graph":[{"@type":"WebPage","@id":"https:\/\/nederlandsetempeliers.nl\/fr\/vendredi-saint\/","url":"https:\/\/nederlandsetempeliers.nl\/fr\/vendredi-saint\/","name":"Vendredi Saint - Nederlandse Tempeliers","isPartOf":{"@id":"https:\/\/nederlandsetempeliers.nl\/fr\/#website"},"primaryImageOfPage":{"@id":"https:\/\/nederlandsetempeliers.nl\/fr\/vendredi-saint\/#primaryimage"},"image":{"@id":"https:\/\/nederlandsetempeliers.nl\/fr\/vendredi-saint\/#primaryimage"},"thumbnailUrl":"https:\/\/nederlandsetempeliers.nl\/wp-content\/uploads\/WhatsApp-Image-2026-04-02-at-21.23.04-1024x455.jpeg","datePublished":"2026-04-02T19:45:55+00:00","dateModified":"2026-04-05T15:25:49+00:00","breadcrumb":{"@id":"https:\/\/nederlandsetempeliers.nl\/fr\/vendredi-saint\/#breadcrumb"},"inLanguage":"fr-FR","potentialAction":[{"@type":"ReadAction","target":["https:\/\/nederlandsetempeliers.nl\/fr\/vendredi-saint\/"]}]},{"@type":"ImageObject","inLanguage":"fr-FR","@id":"https:\/\/nederlandsetempeliers.nl\/fr\/vendredi-saint\/#primaryimage","url":"https:\/\/nederlandsetempeliers.nl\/wp-content\/uploads\/WhatsApp-Image-2026-04-02-at-21.23.04-1024x455.jpeg","contentUrl":"https:\/\/nederlandsetempeliers.nl\/wp-content\/uploads\/WhatsApp-Image-2026-04-02-at-21.23.04-1024x455.jpeg"},{"@type":"BreadcrumbList","@id":"https:\/\/nederlandsetempeliers.nl\/fr\/vendredi-saint\/#breadcrumb","itemListElement":[{"@type":"ListItem","position":1,"name":"Home","item":"https:\/\/nederlandsetempeliers.nl\/fr\/"},{"@type":"ListItem","position":2,"name":"Vendredi Saint"}]},{"@type":"WebSite","@id":"https:\/\/nederlandsetempeliers.nl\/fr\/#website","url":"https:\/\/nederlandsetempeliers.nl\/fr\/","name":"Nederlandse Tempeliers","description":"The Black Knights Templars of Solomon","publisher":{"@id":"https:\/\/nederlandsetempeliers.nl\/fr\/#organization"},"potentialAction":[{"@type":"SearchAction","target":{"@type":"EntryPoint","urlTemplate":"https:\/\/nederlandsetempeliers.nl\/fr\/?s={search_term_string}"},"query-input":{"@type":"PropertyValueSpecification","valueRequired":true,"valueName":"search_term_string"}}],"inLanguage":"fr-FR"},{"@type":"Organization","@id":"https:\/\/nederlandsetempeliers.nl\/fr\/#organization","name":"Nederlandse Tempeliers","url":"https:\/\/nederlandsetempeliers.nl\/fr\/","logo":{"@type":"ImageObject","inLanguage":"fr-FR","@id":"https:\/\/nederlandsetempeliers.nl\/fr\/#\/schema\/logo\/image\/","url":"https:\/\/nederlandsetempeliers.nl\/wp-content\/uploads\/Dutch-order-v2.png","contentUrl":"https:\/\/nederlandsetempeliers.nl\/wp-content\/uploads\/Dutch-order-v2.png","width":687,"height":686,"caption":"Nederlandse Tempeliers"},"image":{"@id":"https:\/\/nederlandsetempeliers.nl\/fr\/#\/schema\/logo\/image\/"}}]}},"_links":{"self":[{"href":"https:\/\/nederlandsetempeliers.nl\/fr\/wp-json\/wp\/v2\/pages\/7205","targetHints":{"allow":["GET"]}}],"collection":[{"href":"https:\/\/nederlandsetempeliers.nl\/fr\/wp-json\/wp\/v2\/pages"}],"about":[{"href":"https:\/\/nederlandsetempeliers.nl\/fr\/wp-json\/wp\/v2\/types\/page"}],"author":[{"embeddable":true,"href":"https:\/\/nederlandsetempeliers.nl\/fr\/wp-json\/wp\/v2\/users\/4"}],"replies":[{"embeddable":true,"href":"https:\/\/nederlandsetempeliers.nl\/fr\/wp-json\/wp\/v2\/comments?post=7205"}],"version-history":[{"count":4,"href":"https:\/\/nederlandsetempeliers.nl\/fr\/wp-json\/wp\/v2\/pages\/7205\/revisions"}],"predecessor-version":[{"id":7209,"href":"https:\/\/nederlandsetempeliers.nl\/fr\/wp-json\/wp\/v2\/pages\/7205\/revisions\/7209"}],"wp:attachment":[{"href":"https:\/\/nederlandsetempeliers.nl\/fr\/wp-json\/wp\/v2\/media?parent=7205"}],"curies":[{"name":"wp","href":"https:\/\/api.w.org\/{rel}","templated":true}]}}