{"id":7217,"date":"2026-04-01T22:24:09","date_gmt":"2026-04-01T20:24:09","guid":{"rendered":"https:\/\/nederlandsetempeliers.nl\/jeudi-saint\/"},"modified":"2026-04-05T17:57:43","modified_gmt":"2026-04-05T15:57:43","slug":"jeudi-saint","status":"publish","type":"page","link":"https:\/\/nederlandsetempeliers.nl\/fr\/jeudi-saint\/","title":{"rendered":"Jeudi Saint"},"content":{"rendered":"\t\t<div data-elementor-type=\"wp-page\" data-elementor-id=\"7217\" class=\"elementor elementor-7217 elementor-6916\" data-elementor-post-type=\"page\">\n\t\t\t\t<div class=\"elementor-element elementor-element-aa8c484 e-flex e-con-boxed e-con e-parent\" data-id=\"aa8c484\" data-element_type=\"container\" data-e-type=\"container\">\n\t\t\t\t\t<div class=\"e-con-inner\">\n\t\t\t\t<div class=\"elementor-element elementor-element-932f6b4 elementor-widget elementor-widget-image\" data-id=\"932f6b4\" data-element_type=\"widget\" data-e-type=\"widget\" data-widget_type=\"image.default\">\n\t\t\t\t<div class=\"elementor-widget-container\">\n\t\t\t\t\t\t\t\t\t\t\t\t\t\t\t<img fetchpriority=\"high\" decoding=\"async\" width=\"768\" height=\"512\" src=\"https:\/\/nederlandsetempeliers.nl\/wp-content\/uploads\/WhatsApp-Image-2026-04-01-at-22.07.29-1-768x512.jpeg\" class=\"attachment-medium_large size-medium_large wp-image-7215\" alt=\"Templiers comme gardiens avec J\u00e9sus priant \u00e0 Geths\u00e9mani dans la nuit\" srcset=\"https:\/\/nederlandsetempeliers.nl\/wp-content\/uploads\/WhatsApp-Image-2026-04-01-at-22.07.29-1-768x512.jpeg 768w, https:\/\/nederlandsetempeliers.nl\/wp-content\/uploads\/WhatsApp-Image-2026-04-01-at-22.07.29-1-300x200.jpeg 300w, https:\/\/nederlandsetempeliers.nl\/wp-content\/uploads\/WhatsApp-Image-2026-04-01-at-22.07.29-1-1024x683.jpeg 1024w, https:\/\/nederlandsetempeliers.nl\/wp-content\/uploads\/WhatsApp-Image-2026-04-01-at-22.07.29-1.jpeg 1536w\" sizes=\"(max-width: 768px) 100vw, 768px\" \/>\t\t\t\t\t\t\t\t\t\t\t\t\t\t\t<\/div>\n\t\t\t\t<\/div>\n\t\t\t\t\t<\/div>\n\t\t\t\t<\/div>\n\t\t<div class=\"elementor-element elementor-element-688dadd e-flex e-con-boxed e-con e-parent\" data-id=\"688dadd\" data-element_type=\"container\" data-e-type=\"container\">\n\t\t\t\t\t<div class=\"e-con-inner\">\n\t\t\t\t<div class=\"elementor-element elementor-element-69a74ca elementor-widget elementor-widget-heading\" data-id=\"69a74ca\" data-element_type=\"widget\" data-e-type=\"widget\" data-widget_type=\"heading.default\">\n\t\t\t\t<div class=\"elementor-widget-container\">\n\t\t\t\t\t<h2 class=\"elementor-heading-title elementor-size-default\">Jeudi Saint<\/h2>\t\t\t\t<\/div>\n\t\t\t\t<\/div>\n\t\t\t\t\t<\/div>\n\t\t\t\t<\/div>\n\t\t<div class=\"elementor-element elementor-element-2348462 e-flex e-con-boxed e-con e-parent\" data-id=\"2348462\" data-element_type=\"container\" data-e-type=\"container\">\n\t\t\t\t\t<div class=\"e-con-inner\">\n\t\t\t\t<div class=\"elementor-element elementor-element-0ae671a elementor-widget elementor-widget-text-editor\" data-id=\"0ae671a\" data-element_type=\"widget\" data-e-type=\"widget\" data-widget_type=\"text-editor.default\">\n\t\t\t\t<div class=\"elementor-widget-container\">\n\t\t\t\t\t\t\t\t\t<p><strong>Jeudi Saint<\/strong><\/p><p>Cela ne commence pas par des paroles, mais par un geste. Ils sont \u00e0 table. On c\u00e9l\u00e8bre la P\u00e2que \u2014 le repas pascal, le Seder \u2014 le dernier repas. Le souvenir d\u2019autrefois, de la lib\u00e9ration d\u2019\u00c9gypte, de ce que Dieu a fait.<br>Et au c\u0153ur de ce qui existe d\u00e9j\u00e0\u2026 Il fait quelque chose de nouveau. Il se l\u00e8ve, prend de l\u2019eau et s\u2019agenouille. Il lave les pieds de ses ap\u00f4tres.     <\/p><p>\u2728 Pourquoi J\u00e9sus fait-il cela ?<\/p><p>Dans l\u2019Orient ancien, c\u2019\u00e9tait une coutume d\u2019hospitalit\u00e9 : \u00e0 l\u2019entr\u00e9e, on faisait laver les pieds par le plus humble des serviteurs. Un signe d\u2019accueil, un geste de soin. <\/p><p>Et ici, quelque chose de grand se produit. J\u00e9sus renverse le monde : <\/p><ul><li>Non pas un serviteur\u2026 mais le Ma\u00eetre lui-m\u00eame qui s\u2019agenouille.<\/li><li>Non pas un serviteur\u2026 mais le Ma\u00eetre lui-m\u00eame qui s\u2019agenouille. Non pas le plus petit\u2026 mais Celui qui est au-dessus d\u2019eux qui sert. Ainsi, Il dit : dans Mon Royaume, cela fonctionne autrement. <\/li><li>Et aussi : pendant le repas, comme un message. Il ajoute quelque chose de nouveau \u00e0 ce qui existe d\u00e9j\u00e0 : la lib\u00e9ration (d\u2019\u00c9gypte) n\u2019est pas seulement celle d\u2019autrefois. Ce qui se passe ici \u2014 se fait par Moi. Ainsi, Il le relie \u00e0 Son sacrifice (\u00e0 venir).    <br>Non pas avant le repas, mais au c\u0153ur m\u00eame de la vie, Il montre ce qu\u2019est vraiment servir.<\/li><\/ul><p>Il montre : \u00ab Celui qui veut \u00eatre grand doit servir. \u00bb Et plus profond\u00e9ment : <\/p><ul><li>C\u2019est un signe de purification int\u00e9rieure<\/li><li>Une pr\u00e9figuration de ce qui va venir (Son sacrifice)<\/li><li>Une le\u00e7on que les disciples ne comprendront vraiment que plus tard<br><br><\/li><\/ul><p>Non pas parce qu\u2019il le faut, non pas par obligation, mais parce qu\u2019Il montre comment fonctionne Son Royaume. Non pas de haut en bas\u2026 mais de haut vers l\u2019agenouillement. <br>Il dit : c\u2019est ainsi que tu sers \u2014 c\u2019est ainsi que tu vis.   <br>Autrement dit, le c\u0153ur de cela est : ne pas se placer au-dessus de l\u2019autre. Voir o\u00f9 l\u2019autre porte la \u00ab poussi\u00e8re \u00bb\u2026 et servir pr\u00e9cis\u00e9ment l\u00e0.<br>Non pas dominer, mais servir. Ne pas attendre, mais s\u2019agenouiller soi-m\u00eame.  <\/p><p>Puis Il prend le pain. Le rompt. <\/p><p><span style=\"color: #800000;\">\u00ab Ceci est mon corps. \u00bb<\/span><\/p><p>Il prend la coupe.<\/p><p><span style=\"color: #800000;\">\u00ab Ceci est mon sang. \u00bb<\/span><\/p><p>L\u2019ordre lui-m\u00eame n\u2019est pas sans importance. Le pain est la base, la vie quotidienne.<br>Le vin est l\u2019alliance, le sacrifice, l\u2019accomplissement. \ud83d\udc49 D\u2019abord, Il se donne comme nourriture\u2026 puis comme offrande.   <\/p><p>Ce n\u2019est pas une nouvelle f\u00eate, mais un nouvel accomplissement. La lib\u00e9ration n\u2019est pas seulement celle d\u2019autrefois\u2026 mais ce qui se passe ici \u2014 se fait par Moi. Autrement dit : Il d\u00e9place le centre \u2014 de la lib\u00e9ration d\u2019\u00c9gypte, \u00e0 la lib\u00e9ration par Lui-m\u00eame.   <\/p><p>Apr\u00e8s le repas, des psaumes sont chant\u00e9s \u2014 le Hallel. Psaumes 113 \u00e0 118. Ainsi, ils terminent le repas, dans le chant, dans la louange, dans la confiance en Dieu.<br>Ce n\u2019est pas simplement manger et finir, mais conclure consciemment en Dieu.   <\/p><p>Et puis\u2026 la nuit.<\/p><p>Il sort, monte vers le mont des Oliviers, en direction de Geths\u00e9mani. Vois la solitude de J\u00e9sus. Ils chantent des psaumes de confiance, de lib\u00e9ration, de fid\u00e9lit\u00e9 de Dieu. Et J\u00e9sus sait ce qui va venir : la trahison, la souffrance, la croix\u2026 et pourtant \u2014 Il chante.<br>Chanter dans la louange, juste avant que tout ne devienne obscur.<\/p><p>\u00ab Restez ici, veillez avec Moi. \u00bb<\/p><p>Il avance plus loin. Seul. Et l\u00e0 \u2014 dans l\u2019obscurit\u00e9 \u2014 Il s\u2019incline. Non plus devant eux\u2026 mais devant Dieu. Il prie avec ferveur : \u00ab Que cette coupe passe loin de Moi\u2026<br>mais non pas ma volont\u00e9 \u2014 la Tienne. \u00bb    <\/p><p>Et l\u00e0\u2026 devient visible ce qu\u2019Il a montr\u00e9 auparavant. De serviteur\u2026 Il devient porteur.<br>Non seulement donner\u2026 mais s\u2019abandonner.<br>Il revient. Ils dorment. Non par mauvaise volont\u00e9, non par infid\u00e9lit\u00e9, mais parce que la nuit les saisit\u2026 comme la vie le fait parfois. Il dit \u00e0 Pierre, Jean et Jacques : \u00ab N\u2019avez-vous pas pu veiller une heure avec Moi ? \u00bb Et pourtant, Il demande :   <\/p><p><span style=\"color: #800000;\">\u00ab Restez avec Moi. \u00bb<\/span><\/p><p>Ici, il y a de la tristesse, de la solitude, de la d\u00e9ception\u2026 une douleur humaine. Cela se r\u00e9p\u00e8te trois fois. La solitude devient de plus en plus palpable. Toujours plus profond\u00e9ment dans la nuit. Toujours plus seul. Il ne demande pas de grandes actions,<br>seulement : \u00ab Restez un moment avec Moi \u00bb\u2026 et m\u00eame cela n\u2019est pas possible. Il n\u2019est pas port\u00e9 par ses ap\u00f4tres. Apr\u00e8s la troisi\u00e8me fois, Il dit : \u00ab Levez-vous, allons-y\u2026 voici, celui qui Me trahit est proche\u2026 \u00bb<br> Alors Judas Iscariote entre dans le jardin, avec des soldats et des gardes du Temple,<br>avec des torches et des armes \u2014 pour un homme sans d\u00e9fense. \ud83d\udc49 Il donne un baiser \u00e0 J\u00e9sus comme signe : \u00ab C\u2019est Lui. \u00bb J\u00e9sus est emmen\u00e9. Les disciples sont boulevers\u00e9s et finissent par fuir.     <\/p><p>Ce qui commence par le lavement des pieds : s\u2019agenouiller et servir \u2014 ne concerne pas seulement les beaux moments. Cela parle surtout de \ud83d\udc49 comment rester debout (ou \u00e0 genoux) quand cela devient difficile\u2026 jusqu\u2019au bout.   <\/p><p>Ce qui commence avec l\u2019eau passe par le pain et le vin et entre dans la nuit. De l\u2019ancien\u2026 vers l\u2019accomplissement. Du souvenir\u2026 vers le pr\u00e9sent \u2014 la r\u00e9alit\u00e9. De Dieu qui lib\u00e8re\u2026 \u00e0 Dieu qui se donne Lui-m\u00eame.   <\/p><p>C\u2019est ici que cela commence.<\/p><p>Non visible pour le monde. Mais ici\u2026 tout change. <\/p><p>Du lavement des pieds dans l\u2019humilit\u00e9<br>au repas d\u2019une nouvelle lib\u00e9ration<br>du chant dans la confiance<br>\u00e0 la nuit de l\u2019abandon<\/p>\t\t\t\t\t\t\t\t<\/div>\n\t\t\t\t<\/div>\n\t\t\t\t\t<\/div>\n\t\t\t\t<\/div>\n\t\t<div class=\"elementor-element elementor-element-21f572d e-flex e-con-boxed e-con e-parent\" data-id=\"21f572d\" data-element_type=\"container\" data-e-type=\"container\">\n\t\t\t\t\t<div class=\"e-con-inner\">\n\t\t\t\t<div class=\"elementor-element elementor-element-eeac753 elementor-widget elementor-widget-image\" data-id=\"eeac753\" data-element_type=\"widget\" data-e-type=\"widget\" data-widget_type=\"image.default\">\n\t\t\t\t<div class=\"elementor-widget-container\">\n\t\t\t\t\t\t\t\t\t\t\t\t\t\t\t<img decoding=\"async\" width=\"800\" height=\"189\" src=\"https:\/\/nederlandsetempeliers.nl\/wp-content\/uploads\/WhatsApp-Image-2026-04-01-at-22.08.01.jpeg\" class=\"attachment-large size-large wp-image-7216\" alt=\"Deux anges avec le Saint Graal comme symbole de la C\u00e8ne et de l\u2019alliance\" srcset=\"https:\/\/nederlandsetempeliers.nl\/wp-content\/uploads\/WhatsApp-Image-2026-04-01-at-22.08.01.jpeg 904w, https:\/\/nederlandsetempeliers.nl\/wp-content\/uploads\/WhatsApp-Image-2026-04-01-at-22.08.01-300x71.jpeg 300w, https:\/\/nederlandsetempeliers.nl\/wp-content\/uploads\/WhatsApp-Image-2026-04-01-at-22.08.01-768x182.jpeg 768w\" sizes=\"(max-width: 800px) 100vw, 800px\" \/>\t\t\t\t\t\t\t\t\t\t\t\t\t\t\t<\/div>\n\t\t\t\t<\/div>\n\t\t\t\t\t<\/div>\n\t\t\t\t<\/div>\n\t\t\t\t<\/div>\n\t\t","protected":false},"excerpt":{"rendered":"<p>Jeudi Saint Jeudi Saint Cela ne commence pas par des paroles, mais par un geste. Ils sont \u00e0 table. On c\u00e9l\u00e8bre la P\u00e2que \u2014 le repas pascal, le Seder \u2014 [&hellip;]<\/p>\n","protected":false},"author":4,"featured_media":0,"parent":0,"menu_order":0,"comment_status":"closed","ping_status":"closed","template":"","meta":{"footnotes":""},"class_list":["post-7217","page","type-page","status-publish","hentry"],"yoast_head":"<!-- This site is optimized with the Yoast SEO plugin v27.2 - https:\/\/yoast.com\/product\/yoast-seo-wordpress\/ -->\n<title>Jeudi Saint - Nederlandse Tempeliers<\/title>\n<meta name=\"robots\" content=\"index, follow, max-snippet:-1, max-image-preview:large, max-video-preview:-1\" \/>\n<link rel=\"canonical\" href=\"https:\/\/nederlandsetempeliers.nl\/fr\/jeudi-saint\/\" \/>\n<meta property=\"og:locale\" content=\"fr_FR\" \/>\n<meta property=\"og:type\" content=\"article\" \/>\n<meta property=\"og:title\" content=\"Jeudi Saint - Nederlandse Tempeliers\" \/>\n<meta property=\"og:description\" content=\"Jeudi Saint Jeudi Saint Cela ne commence pas par des paroles, mais par un geste. Ils sont \u00e0 table. On c\u00e9l\u00e8bre la P\u00e2que \u2014 le repas pascal, le Seder \u2014 [&hellip;]\" \/>\n<meta property=\"og:url\" content=\"https:\/\/nederlandsetempeliers.nl\/fr\/jeudi-saint\/\" \/>\n<meta property=\"og:site_name\" content=\"Nederlandse Tempeliers\" \/>\n<meta property=\"article:modified_time\" content=\"2026-04-05T15:57:43+00:00\" \/>\n<meta property=\"og:image\" content=\"https:\/\/nederlandsetempeliers.nl\/wp-content\/uploads\/WhatsApp-Image-2026-04-01-at-22.07.29-1.jpeg\" \/>\n\t<meta property=\"og:image:width\" content=\"1536\" \/>\n\t<meta property=\"og:image:height\" content=\"1024\" \/>\n\t<meta property=\"og:image:type\" content=\"image\/jpeg\" \/>\n<meta name=\"twitter:card\" content=\"summary_large_image\" \/>\n<meta name=\"twitter:label1\" content=\"Dur\u00e9e de lecture estim\u00e9e\" \/>\n\t<meta name=\"twitter:data1\" content=\"5 minutes\" \/>\n<script type=\"application\/ld+json\" class=\"yoast-schema-graph\">{\"@context\":\"https:\/\/schema.org\",\"@graph\":[{\"@type\":\"WebPage\",\"@id\":\"https:\/\/nederlandsetempeliers.nl\/fr\/jeudi-saint\/\",\"url\":\"https:\/\/nederlandsetempeliers.nl\/fr\/jeudi-saint\/\",\"name\":\"Jeudi Saint - Nederlandse Tempeliers\",\"isPartOf\":{\"@id\":\"https:\/\/nederlandsetempeliers.nl\/fr\/#website\"},\"primaryImageOfPage\":{\"@id\":\"https:\/\/nederlandsetempeliers.nl\/fr\/jeudi-saint\/#primaryimage\"},\"image\":{\"@id\":\"https:\/\/nederlandsetempeliers.nl\/fr\/jeudi-saint\/#primaryimage\"},\"thumbnailUrl\":\"https:\/\/nederlandsetempeliers.nl\/wp-content\/uploads\/WhatsApp-Image-2026-04-01-at-22.07.29-1-768x512.jpeg\",\"datePublished\":\"2026-04-01T20:24:09+00:00\",\"dateModified\":\"2026-04-05T15:57:43+00:00\",\"breadcrumb\":{\"@id\":\"https:\/\/nederlandsetempeliers.nl\/fr\/jeudi-saint\/#breadcrumb\"},\"inLanguage\":\"fr-FR\",\"potentialAction\":[{\"@type\":\"ReadAction\",\"target\":[\"https:\/\/nederlandsetempeliers.nl\/fr\/jeudi-saint\/\"]}]},{\"@type\":\"ImageObject\",\"inLanguage\":\"fr-FR\",\"@id\":\"https:\/\/nederlandsetempeliers.nl\/fr\/jeudi-saint\/#primaryimage\",\"url\":\"https:\/\/nederlandsetempeliers.nl\/wp-content\/uploads\/WhatsApp-Image-2026-04-01-at-22.07.29-1-768x512.jpeg\",\"contentUrl\":\"https:\/\/nederlandsetempeliers.nl\/wp-content\/uploads\/WhatsApp-Image-2026-04-01-at-22.07.29-1-768x512.jpeg\"},{\"@type\":\"BreadcrumbList\",\"@id\":\"https:\/\/nederlandsetempeliers.nl\/fr\/jeudi-saint\/#breadcrumb\",\"itemListElement\":[{\"@type\":\"ListItem\",\"position\":1,\"name\":\"Home\",\"item\":\"https:\/\/nederlandsetempeliers.nl\/fr\/\"},{\"@type\":\"ListItem\",\"position\":2,\"name\":\"Jeudi Saint\"}]},{\"@type\":\"WebSite\",\"@id\":\"https:\/\/nederlandsetempeliers.nl\/fr\/#website\",\"url\":\"https:\/\/nederlandsetempeliers.nl\/fr\/\",\"name\":\"Nederlandse Tempeliers\",\"description\":\"The Black Knights Templars of Solomon\",\"publisher\":{\"@id\":\"https:\/\/nederlandsetempeliers.nl\/fr\/#organization\"},\"potentialAction\":[{\"@type\":\"SearchAction\",\"target\":{\"@type\":\"EntryPoint\",\"urlTemplate\":\"https:\/\/nederlandsetempeliers.nl\/fr\/?s={search_term_string}\"},\"query-input\":{\"@type\":\"PropertyValueSpecification\",\"valueRequired\":true,\"valueName\":\"search_term_string\"}}],\"inLanguage\":\"fr-FR\"},{\"@type\":\"Organization\",\"@id\":\"https:\/\/nederlandsetempeliers.nl\/fr\/#organization\",\"name\":\"Nederlandse Tempeliers\",\"url\":\"https:\/\/nederlandsetempeliers.nl\/fr\/\",\"logo\":{\"@type\":\"ImageObject\",\"inLanguage\":\"fr-FR\",\"@id\":\"https:\/\/nederlandsetempeliers.nl\/fr\/#\/schema\/logo\/image\/\",\"url\":\"https:\/\/nederlandsetempeliers.nl\/wp-content\/uploads\/Dutch-order-v2.png\",\"contentUrl\":\"https:\/\/nederlandsetempeliers.nl\/wp-content\/uploads\/Dutch-order-v2.png\",\"width\":687,\"height\":686,\"caption\":\"Nederlandse Tempeliers\"},\"image\":{\"@id\":\"https:\/\/nederlandsetempeliers.nl\/fr\/#\/schema\/logo\/image\/\"}}]}<\/script>\n<!-- \/ Yoast SEO plugin. -->","yoast_head_json":{"title":"Jeudi Saint - Nederlandse Tempeliers","robots":{"index":"index","follow":"follow","max-snippet":"max-snippet:-1","max-image-preview":"max-image-preview:large","max-video-preview":"max-video-preview:-1"},"canonical":"https:\/\/nederlandsetempeliers.nl\/fr\/jeudi-saint\/","og_locale":"fr_FR","og_type":"article","og_title":"Jeudi Saint - Nederlandse Tempeliers","og_description":"Jeudi Saint Jeudi Saint Cela ne commence pas par des paroles, mais par un geste. Ils sont \u00e0 table. On c\u00e9l\u00e8bre la P\u00e2que \u2014 le repas pascal, le Seder \u2014 [&hellip;]","og_url":"https:\/\/nederlandsetempeliers.nl\/fr\/jeudi-saint\/","og_site_name":"Nederlandse Tempeliers","article_modified_time":"2026-04-05T15:57:43+00:00","og_image":[{"width":1536,"height":1024,"url":"https:\/\/nederlandsetempeliers.nl\/wp-content\/uploads\/WhatsApp-Image-2026-04-01-at-22.07.29-1.jpeg","type":"image\/jpeg"}],"twitter_card":"summary_large_image","twitter_misc":{"Dur\u00e9e de lecture estim\u00e9e":"5 minutes"},"schema":{"@context":"https:\/\/schema.org","@graph":[{"@type":"WebPage","@id":"https:\/\/nederlandsetempeliers.nl\/fr\/jeudi-saint\/","url":"https:\/\/nederlandsetempeliers.nl\/fr\/jeudi-saint\/","name":"Jeudi Saint - Nederlandse Tempeliers","isPartOf":{"@id":"https:\/\/nederlandsetempeliers.nl\/fr\/#website"},"primaryImageOfPage":{"@id":"https:\/\/nederlandsetempeliers.nl\/fr\/jeudi-saint\/#primaryimage"},"image":{"@id":"https:\/\/nederlandsetempeliers.nl\/fr\/jeudi-saint\/#primaryimage"},"thumbnailUrl":"https:\/\/nederlandsetempeliers.nl\/wp-content\/uploads\/WhatsApp-Image-2026-04-01-at-22.07.29-1-768x512.jpeg","datePublished":"2026-04-01T20:24:09+00:00","dateModified":"2026-04-05T15:57:43+00:00","breadcrumb":{"@id":"https:\/\/nederlandsetempeliers.nl\/fr\/jeudi-saint\/#breadcrumb"},"inLanguage":"fr-FR","potentialAction":[{"@type":"ReadAction","target":["https:\/\/nederlandsetempeliers.nl\/fr\/jeudi-saint\/"]}]},{"@type":"ImageObject","inLanguage":"fr-FR","@id":"https:\/\/nederlandsetempeliers.nl\/fr\/jeudi-saint\/#primaryimage","url":"https:\/\/nederlandsetempeliers.nl\/wp-content\/uploads\/WhatsApp-Image-2026-04-01-at-22.07.29-1-768x512.jpeg","contentUrl":"https:\/\/nederlandsetempeliers.nl\/wp-content\/uploads\/WhatsApp-Image-2026-04-01-at-22.07.29-1-768x512.jpeg"},{"@type":"BreadcrumbList","@id":"https:\/\/nederlandsetempeliers.nl\/fr\/jeudi-saint\/#breadcrumb","itemListElement":[{"@type":"ListItem","position":1,"name":"Home","item":"https:\/\/nederlandsetempeliers.nl\/fr\/"},{"@type":"ListItem","position":2,"name":"Jeudi Saint"}]},{"@type":"WebSite","@id":"https:\/\/nederlandsetempeliers.nl\/fr\/#website","url":"https:\/\/nederlandsetempeliers.nl\/fr\/","name":"Nederlandse Tempeliers","description":"The Black Knights Templars of Solomon","publisher":{"@id":"https:\/\/nederlandsetempeliers.nl\/fr\/#organization"},"potentialAction":[{"@type":"SearchAction","target":{"@type":"EntryPoint","urlTemplate":"https:\/\/nederlandsetempeliers.nl\/fr\/?s={search_term_string}"},"query-input":{"@type":"PropertyValueSpecification","valueRequired":true,"valueName":"search_term_string"}}],"inLanguage":"fr-FR"},{"@type":"Organization","@id":"https:\/\/nederlandsetempeliers.nl\/fr\/#organization","name":"Nederlandse Tempeliers","url":"https:\/\/nederlandsetempeliers.nl\/fr\/","logo":{"@type":"ImageObject","inLanguage":"fr-FR","@id":"https:\/\/nederlandsetempeliers.nl\/fr\/#\/schema\/logo\/image\/","url":"https:\/\/nederlandsetempeliers.nl\/wp-content\/uploads\/Dutch-order-v2.png","contentUrl":"https:\/\/nederlandsetempeliers.nl\/wp-content\/uploads\/Dutch-order-v2.png","width":687,"height":686,"caption":"Nederlandse Tempeliers"},"image":{"@id":"https:\/\/nederlandsetempeliers.nl\/fr\/#\/schema\/logo\/image\/"}}]}},"_links":{"self":[{"href":"https:\/\/nederlandsetempeliers.nl\/fr\/wp-json\/wp\/v2\/pages\/7217","targetHints":{"allow":["GET"]}}],"collection":[{"href":"https:\/\/nederlandsetempeliers.nl\/fr\/wp-json\/wp\/v2\/pages"}],"about":[{"href":"https:\/\/nederlandsetempeliers.nl\/fr\/wp-json\/wp\/v2\/types\/page"}],"author":[{"embeddable":true,"href":"https:\/\/nederlandsetempeliers.nl\/fr\/wp-json\/wp\/v2\/users\/4"}],"replies":[{"embeddable":true,"href":"https:\/\/nederlandsetempeliers.nl\/fr\/wp-json\/wp\/v2\/comments?post=7217"}],"version-history":[{"count":2,"href":"https:\/\/nederlandsetempeliers.nl\/fr\/wp-json\/wp\/v2\/pages\/7217\/revisions"}],"predecessor-version":[{"id":7219,"href":"https:\/\/nederlandsetempeliers.nl\/fr\/wp-json\/wp\/v2\/pages\/7217\/revisions\/7219"}],"wp:attachment":[{"href":"https:\/\/nederlandsetempeliers.nl\/fr\/wp-json\/wp\/v2\/media?parent=7217"}],"curies":[{"name":"wp","href":"https:\/\/api.w.org\/{rel}","templated":true}]}}