{"id":7569,"date":"2026-04-12T21:48:18","date_gmt":"2026-04-12T19:48:18","guid":{"rendered":"https:\/\/nederlandsetempeliers.nl\/ordre-de-letoile\/"},"modified":"2026-04-13T07:21:40","modified_gmt":"2026-04-13T05:21:40","slug":"ordre-de-letoile","status":"publish","type":"page","link":"https:\/\/nederlandsetempeliers.nl\/fr\/ordre-de-letoile\/","title":{"rendered":"Ordre de l\u2019\u00c9toile"},"content":{"rendered":"\t\t<div data-elementor-type=\"wp-page\" data-elementor-id=\"7569\" class=\"elementor elementor-7569 elementor-7486\" data-elementor-post-type=\"page\">\n\t\t\t\t<div class=\"elementor-element elementor-element-201f5c7 e-flex e-con-boxed e-con e-parent\" data-id=\"201f5c7\" data-element_type=\"container\" data-e-type=\"container\">\n\t\t\t\t\t<div class=\"e-con-inner\">\n\t\t\t\t<div class=\"elementor-element elementor-element-dbb0d10 elementor-widget elementor-widget-image\" data-id=\"dbb0d10\" data-element_type=\"widget\" data-e-type=\"widget\" data-widget_type=\"image.default\">\n\t\t\t\t<div class=\"elementor-widget-container\">\n\t\t\t\t\t\t\t\t\t\t\t\t\t\t\t<img fetchpriority=\"high\" decoding=\"async\" width=\"500\" height=\"312\" src=\"https:\/\/nederlandsetempeliers.nl\/wp-content\/uploads\/6-2.jpeg\" class=\"attachment-large size-large wp-image-7565\" alt=\"Ordre de l\u2019\u00c9toile 2\" srcset=\"https:\/\/nederlandsetempeliers.nl\/wp-content\/uploads\/6-2.jpeg 500w, https:\/\/nederlandsetempeliers.nl\/wp-content\/uploads\/6-2-300x187.jpeg 300w\" sizes=\"(max-width: 500px) 100vw, 500px\" \/>\t\t\t\t\t\t\t\t\t\t\t\t\t\t\t<\/div>\n\t\t\t\t<\/div>\n\t\t\t\t\t<\/div>\n\t\t\t\t<\/div>\n\t\t<div class=\"elementor-element elementor-element-051c7de e-flex e-con-boxed e-con e-parent\" data-id=\"051c7de\" data-element_type=\"container\" data-e-type=\"container\">\n\t\t\t\t\t<div class=\"e-con-inner\">\n\t\t\t\t<div class=\"elementor-element elementor-element-0b3f57a elementor-widget elementor-widget-heading\" data-id=\"0b3f57a\" data-element_type=\"widget\" data-e-type=\"widget\" data-widget_type=\"heading.default\">\n\t\t\t\t<div class=\"elementor-widget-container\">\n\t\t\t\t\t<h2 class=\"elementor-heading-title elementor-size-default\">Orde van de ster<\/h2>\t\t\t\t<\/div>\n\t\t\t\t<\/div>\n\t\t\t\t\t<\/div>\n\t\t\t\t<\/div>\n\t\t<div class=\"elementor-element elementor-element-216d01b e-flex e-con-boxed e-con e-parent\" data-id=\"216d01b\" data-element_type=\"container\" data-e-type=\"container\">\n\t\t\t\t\t<div class=\"e-con-inner\">\n\t\t\t\t<div class=\"elementor-element elementor-element-2a42c7e elementor-widget elementor-widget-text-editor\" data-id=\"2a42c7e\" data-element_type=\"widget\" data-e-type=\"widget\" data-widget_type=\"text-editor.default\">\n\t\t\t\t<div class=\"elementor-widget-container\">\n\t\t\t\t\t\t\t\t\t<p style=\"text-align: center;\"><strong>\u2720 Lorsqu\u2019un ordre n\u2019a pas de fondement \u2720 Tous les ordres de chevalerie ne sont pas faits pour durer \u2720<\/strong><\/p>\t\t\t\t\t\t\t\t<\/div>\n\t\t\t\t<\/div>\n\t\t\t\t\t<\/div>\n\t\t\t\t<\/div>\n\t\t<div class=\"elementor-element elementor-element-7a99f0e e-flex e-con-boxed e-con e-parent\" data-id=\"7a99f0e\" data-element_type=\"container\" data-e-type=\"container\">\n\t\t\t\t\t<div class=\"e-con-inner\">\n\t\t\t\t<div class=\"elementor-element elementor-element-9d6847f elementor-widget elementor-widget-text-editor\" data-id=\"9d6847f\" data-element_type=\"widget\" data-e-type=\"widget\" data-widget_type=\"text-editor.default\">\n\t\t\t\t<div class=\"elementor-widget-container\">\n\t\t\t\t\t\t\t\t\t<p>Le 16 novembre 1351, le roi de France Jean le Bon fonda l\u2019Ordre de l\u2019\u00c9toile. <br>Une confr\u00e9rie de chevaliers, destin\u00e9e \u00e0 \u00eatre le pendant de l\u2019Ordre de la Jarreti\u00e8re en Angleterre. Leur symbole \u00e9tait une \u00e9toile d\u2019argent (\u00e9toile) \u00e0 huit rayons \u2014 l\u2019argent comme signe de puret\u00e9, tandis que la signification des rayons n\u2019est pas clairement transmise. <br><br>L\u2019ordre \u00e9tait d\u00e9di\u00e9 \u00e0 la Vierge Marie et li\u00e9 \u00e0 la cour royale. Le roi souhaitait rassembler autour de lui une \u00e9lite de chevaliers. L\u2019ordre resta relativement restreint, avec environ cent chevaliers. Leur devise \u00e9tait : Monstrant regibus astra viam \u2014 Les \u00e9toiles montrent le chemin aux rois.   <br><br>Cela semblait grand.<br>Honorifique.<br>Presque exalt\u00e9.<br><br>Mais ce qui manquait \u00e9tait ce sur quoi un ordre repose v\u00e9ritablement. Les chevaliers de l\u2019\u00c9toile pr\u00eat\u00e8rent serment de ne jamais fuir au combat.<br>Un serment sans nuance \u2014 sans r\u00e8gle profond\u00e9ment port\u00e9e. Lorsqu\u2019ils firent face \u00e0 l\u2019ennemi en 1356, lors de la bataille de Poitiers, ils tinrent parole.<br>Ils rest\u00e8rent.<br>Et ils tomb\u00e8rent.  <br><br>L\u2019ordre fut durement frapp\u00e9 et perdit une grande partie de sa force. Apr\u00e8s cette bataille, il s\u2019effondra pratiquement et ne fut jamais r\u00e9ellement r\u00e9tabli. Non par manque de courage\u2026<br>mais par l\u2019absence d\u2019un fondement solide. Car l\u00e0 o\u00f9 il n\u2019y a pas de r\u00e8gle r\u00e9fl\u00e9chie, m\u00eame la fid\u00e9lit\u00e9 \u00e0 un serment peut mener \u00e0 la chute.   <br><br>Les Templiers choisirent une autre voie.<br>Ils b\u00e2tirent leur vie sur la r\u00e8gle, la discipline et l\u2019ob\u00e9issance.<br>Non pas un seul serment\u2026 mais soixante-douze r\u00e8gles fa\u00e7onnaient leur vie.<br>Le fondement de l\u2019Ordre.<\/p><p><br><strong>Les r\u00e8gles ne sont pas une limitation \u2014 elles sont une protection.<\/strong><\/p>\t\t\t\t\t\t\t\t<\/div>\n\t\t\t\t<\/div>\n\t\t\t\t\t<\/div>\n\t\t\t\t<\/div>\n\t\t<div class=\"elementor-element elementor-element-1b541c0 e-flex e-con-boxed e-con e-parent\" data-id=\"1b541c0\" data-element_type=\"container\" data-e-type=\"container\">\n\t\t\t\t\t<div class=\"e-con-inner\">\n\t\t\t\t<div class=\"elementor-element elementor-element-e1a8f9c elementor-widget elementor-widget-image\" data-id=\"e1a8f9c\" data-element_type=\"widget\" data-e-type=\"widget\" data-widget_type=\"image.default\">\n\t\t\t\t<div class=\"elementor-widget-container\">\n\t\t\t\t\t\t\t\t\t\t\t\t\t\t\t<img decoding=\"async\" width=\"632\" height=\"955\" src=\"https:\/\/nederlandsetempeliers.nl\/wp-content\/uploads\/10.jpeg\" class=\"attachment-large size-large wp-image-7566\" alt=\"ordre de l&#039;\u00e9toile incunables\" srcset=\"https:\/\/nederlandsetempeliers.nl\/wp-content\/uploads\/10.jpeg 632w, https:\/\/nederlandsetempeliers.nl\/wp-content\/uploads\/10-199x300.jpeg 199w\" sizes=\"(max-width: 632px) 100vw, 632px\" \/>\t\t\t\t\t\t\t\t\t\t\t\t\t\t\t<\/div>\n\t\t\t\t<\/div>\n\t\t\t\t\t<\/div>\n\t\t\t\t<\/div>\n\t\t<div class=\"elementor-element elementor-element-d596651 e-flex e-con-boxed e-con e-parent\" data-id=\"d596651\" data-element_type=\"container\" data-e-type=\"container\">\n\t\t\t\t\t<div class=\"e-con-inner\">\n\t\t\t\t<div class=\"elementor-element elementor-element-85372a9 elementor-widget elementor-widget-text-editor\" data-id=\"85372a9\" data-element_type=\"widget\" data-e-type=\"widget\" data-widget_type=\"text-editor.default\">\n\t\t\t\t<div class=\"elementor-widget-container\">\n\t\t\t\t\t\t\t\t\t<p>Cette chronique d\u00e9crit un \u00e9v\u00e9nement militaire \u2014 une bataille. On y voit : le duc de Lancastre, le duc de Bretagne, les combats en Normandie, de nombreux morts (\u00ab furent occis \u00bb), ainsi que les n\u00e9gociations qui suivirent.<br>Autrement dit : un r\u00e9cit direct \u2014 l\u2019histoire en train de se faire.   <br>Ils \u00e9taient assis \u00e0 table comme des fr\u00e8res\u2026 mais n\u2019\u00e9taient pas port\u00e9s par une r\u00e8gle.<\/p>\t\t\t\t\t\t\t\t<\/div>\n\t\t\t\t<\/div>\n\t\t\t\t\t<\/div>\n\t\t\t\t<\/div>\n\t\t<div class=\"elementor-element elementor-element-33373ef e-flex e-con-boxed e-con e-parent\" data-id=\"33373ef\" data-element_type=\"container\" data-e-type=\"container\">\n\t\t\t\t\t<div class=\"e-con-inner\">\n\t\t\t\t<div class=\"elementor-element elementor-element-d8fe4a6 elementor-widget elementor-widget-image\" data-id=\"d8fe4a6\" data-element_type=\"widget\" data-e-type=\"widget\" data-widget_type=\"image.default\">\n\t\t\t\t<div class=\"elementor-widget-container\">\n\t\t\t\t\t\t\t\t\t\t\t\t\t\t\t<img decoding=\"async\" width=\"731\" height=\"263\" src=\"https:\/\/nederlandsetempeliers.nl\/wp-content\/uploads\/2-2.jpeg\" class=\"attachment-large size-large wp-image-7567\" alt=\"texte incunable\" srcset=\"https:\/\/nederlandsetempeliers.nl\/wp-content\/uploads\/2-2.jpeg 731w, https:\/\/nederlandsetempeliers.nl\/wp-content\/uploads\/2-2-300x108.jpeg 300w\" sizes=\"(max-width: 731px) 100vw, 731px\" \/>\t\t\t\t\t\t\t\t\t\t\t\t\t\t\t<\/div>\n\t\t\t\t<\/div>\n\t\t\t\t\t<\/div>\n\t\t\t\t<\/div>\n\t\t<div class=\"elementor-element elementor-element-a6d4985 e-flex e-con-boxed e-con e-parent\" data-id=\"a6d4985\" data-element_type=\"container\" data-e-type=\"container\">\n\t\t\t\t\t<div class=\"e-con-inner\">\n\t\t\t\t<div class=\"elementor-element elementor-element-a9f8f0e elementor-widget elementor-widget-image\" data-id=\"a9f8f0e\" data-element_type=\"widget\" data-e-type=\"widget\" data-widget_type=\"image.default\">\n\t\t\t\t<div class=\"elementor-widget-container\">\n\t\t\t\t\t\t\t\t\t\t\t\t\t\t\t<img loading=\"lazy\" decoding=\"async\" width=\"501\" height=\"233\" src=\"https:\/\/nederlandsetempeliers.nl\/wp-content\/uploads\/3-2.jpeg\" class=\"attachment-large size-large wp-image-7568\" alt=\"traduction\" srcset=\"https:\/\/nederlandsetempeliers.nl\/wp-content\/uploads\/3-2.jpeg 501w, https:\/\/nederlandsetempeliers.nl\/wp-content\/uploads\/3-2-300x140.jpeg 300w\" sizes=\"(max-width: 501px) 100vw, 501px\" \/>\t\t\t\t\t\t\t\t\t\t\t\t\t\t\t<\/div>\n\t\t\t\t<\/div>\n\t\t\t\t\t<\/div>\n\t\t\t\t<\/div>\n\t\t<div class=\"elementor-element elementor-element-1942bf4 e-flex e-con-boxed e-con e-parent\" data-id=\"1942bf4\" data-element_type=\"container\" data-e-type=\"container\">\n\t\t\t\t\t<div class=\"e-con-inner\">\n\t\t\t\t<div class=\"elementor-element elementor-element-34ad5a9 elementor-widget elementor-widget-text-editor\" data-id=\"34ad5a9\" data-element_type=\"widget\" data-e-type=\"widget\" data-widget_type=\"text-editor.default\">\n\t\t\t\t<div class=\"elementor-widget-container\">\n\t\t\t\t\t\t\t\t\t<p>Traduction : Comment le duc de Lancastre et le duc de Bretagne arriv\u00e8rent \u00e0 Harfleur avec leurs navires, tenant le roi \u2014 mais celui-ci parvint \u00e0 s\u2019\u00e9chapper.<br>Dans cette bataille, les ducs de Bretagne, avec leurs vassaux et de nombreux autres nobles, tant d\u2019Angleterre et d\u2019\u00c9cosse que de vaillants hommes du royaume de France, furent tu\u00e9s et vaincus.<br>\ud83d\udc49 Quant au roi de France et \u00e0 ses hommes : apr\u00e8s de lourdes pertes, il fit venir le duc de Bretagne aupr\u00e8s de lui pour s\u2019entretenir avec lui\u2026<br><\/p>\t\t\t\t\t\t\t\t<\/div>\n\t\t\t\t<\/div>\n\t\t\t\t\t<\/div>\n\t\t\t\t<\/div>\n\t\t\t\t<\/div>\n\t\t","protected":false},"excerpt":{"rendered":"<p>Orde van de ster \u2720 Lorsqu\u2019un ordre n\u2019a pas de fondement \u2720 Tous les ordres de chevalerie ne sont pas faits pour durer \u2720 Le 16 novembre 1351, le roi [&hellip;]<\/p>\n","protected":false},"author":4,"featured_media":0,"parent":0,"menu_order":0,"comment_status":"closed","ping_status":"closed","template":"","meta":{"footnotes":""},"class_list":["post-7569","page","type-page","status-publish","hentry"],"yoast_head":"<!-- This site is optimized with the Yoast SEO plugin v27.2 - https:\/\/yoast.com\/product\/yoast-seo-wordpress\/ -->\n<title>Ordre de l\u2019\u00c9toile - Nederlandse Tempeliers<\/title>\n<meta name=\"robots\" content=\"index, follow, max-snippet:-1, max-image-preview:large, max-video-preview:-1\" \/>\n<link rel=\"canonical\" href=\"https:\/\/nederlandsetempeliers.nl\/fr\/ordre-de-letoile\/\" \/>\n<meta property=\"og:locale\" content=\"fr_FR\" \/>\n<meta property=\"og:type\" content=\"article\" \/>\n<meta property=\"og:title\" content=\"Ordre de l\u2019\u00c9toile - Nederlandse Tempeliers\" \/>\n<meta property=\"og:description\" content=\"Orde van de ster \u2720 Lorsqu\u2019un ordre n\u2019a pas de fondement \u2720 Tous les ordres de chevalerie ne sont pas faits pour durer \u2720 Le 16 novembre 1351, le roi [&hellip;]\" \/>\n<meta property=\"og:url\" content=\"https:\/\/nederlandsetempeliers.nl\/fr\/ordre-de-letoile\/\" \/>\n<meta property=\"og:site_name\" content=\"Nederlandse Tempeliers\" \/>\n<meta property=\"article:modified_time\" content=\"2026-04-13T05:21:40+00:00\" \/>\n<meta property=\"og:image\" content=\"https:\/\/nederlandsetempeliers.nl\/wp-content\/uploads\/6-2.jpeg\" \/>\n\t<meta property=\"og:image:width\" content=\"500\" \/>\n\t<meta property=\"og:image:height\" content=\"312\" \/>\n\t<meta property=\"og:image:type\" content=\"image\/jpeg\" \/>\n<meta name=\"twitter:card\" content=\"summary_large_image\" \/>\n<meta name=\"twitter:label1\" content=\"Dur\u00e9e de lecture estim\u00e9e\" \/>\n\t<meta name=\"twitter:data1\" content=\"2 minutes\" \/>\n<script type=\"application\/ld+json\" class=\"yoast-schema-graph\">{\"@context\":\"https:\/\/schema.org\",\"@graph\":[{\"@type\":\"WebPage\",\"@id\":\"https:\/\/nederlandsetempeliers.nl\/fr\/ordre-de-letoile\/\",\"url\":\"https:\/\/nederlandsetempeliers.nl\/fr\/ordre-de-letoile\/\",\"name\":\"Ordre de l\u2019\u00c9toile - Nederlandse Tempeliers\",\"isPartOf\":{\"@id\":\"https:\/\/nederlandsetempeliers.nl\/fr\/#website\"},\"primaryImageOfPage\":{\"@id\":\"https:\/\/nederlandsetempeliers.nl\/fr\/ordre-de-letoile\/#primaryimage\"},\"image\":{\"@id\":\"https:\/\/nederlandsetempeliers.nl\/fr\/ordre-de-letoile\/#primaryimage\"},\"thumbnailUrl\":\"https:\/\/nederlandsetempeliers.nl\/wp-content\/uploads\/6-2.jpeg\",\"datePublished\":\"2026-04-12T19:48:18+00:00\",\"dateModified\":\"2026-04-13T05:21:40+00:00\",\"breadcrumb\":{\"@id\":\"https:\/\/nederlandsetempeliers.nl\/fr\/ordre-de-letoile\/#breadcrumb\"},\"inLanguage\":\"fr-FR\",\"potentialAction\":[{\"@type\":\"ReadAction\",\"target\":[\"https:\/\/nederlandsetempeliers.nl\/fr\/ordre-de-letoile\/\"]}]},{\"@type\":\"ImageObject\",\"inLanguage\":\"fr-FR\",\"@id\":\"https:\/\/nederlandsetempeliers.nl\/fr\/ordre-de-letoile\/#primaryimage\",\"url\":\"https:\/\/nederlandsetempeliers.nl\/wp-content\/uploads\/6-2.jpeg\",\"contentUrl\":\"https:\/\/nederlandsetempeliers.nl\/wp-content\/uploads\/6-2.jpeg\"},{\"@type\":\"BreadcrumbList\",\"@id\":\"https:\/\/nederlandsetempeliers.nl\/fr\/ordre-de-letoile\/#breadcrumb\",\"itemListElement\":[{\"@type\":\"ListItem\",\"position\":1,\"name\":\"Home\",\"item\":\"https:\/\/nederlandsetempeliers.nl\/fr\/\"},{\"@type\":\"ListItem\",\"position\":2,\"name\":\"Ordre de l\u2019\u00c9toile\"}]},{\"@type\":\"WebSite\",\"@id\":\"https:\/\/nederlandsetempeliers.nl\/fr\/#website\",\"url\":\"https:\/\/nederlandsetempeliers.nl\/fr\/\",\"name\":\"Nederlandse Tempeliers\",\"description\":\"The Black Knights Templars of Solomon\",\"publisher\":{\"@id\":\"https:\/\/nederlandsetempeliers.nl\/fr\/#organization\"},\"potentialAction\":[{\"@type\":\"SearchAction\",\"target\":{\"@type\":\"EntryPoint\",\"urlTemplate\":\"https:\/\/nederlandsetempeliers.nl\/fr\/?s={search_term_string}\"},\"query-input\":{\"@type\":\"PropertyValueSpecification\",\"valueRequired\":true,\"valueName\":\"search_term_string\"}}],\"inLanguage\":\"fr-FR\"},{\"@type\":\"Organization\",\"@id\":\"https:\/\/nederlandsetempeliers.nl\/fr\/#organization\",\"name\":\"Nederlandse Tempeliers\",\"url\":\"https:\/\/nederlandsetempeliers.nl\/fr\/\",\"logo\":{\"@type\":\"ImageObject\",\"inLanguage\":\"fr-FR\",\"@id\":\"https:\/\/nederlandsetempeliers.nl\/fr\/#\/schema\/logo\/image\/\",\"url\":\"https:\/\/nederlandsetempeliers.nl\/wp-content\/uploads\/Dutch-order-v2.png\",\"contentUrl\":\"https:\/\/nederlandsetempeliers.nl\/wp-content\/uploads\/Dutch-order-v2.png\",\"width\":687,\"height\":686,\"caption\":\"Nederlandse Tempeliers\"},\"image\":{\"@id\":\"https:\/\/nederlandsetempeliers.nl\/fr\/#\/schema\/logo\/image\/\"}}]}<\/script>\n<!-- \/ Yoast SEO plugin. -->","yoast_head_json":{"title":"Ordre de l\u2019\u00c9toile - Nederlandse Tempeliers","robots":{"index":"index","follow":"follow","max-snippet":"max-snippet:-1","max-image-preview":"max-image-preview:large","max-video-preview":"max-video-preview:-1"},"canonical":"https:\/\/nederlandsetempeliers.nl\/fr\/ordre-de-letoile\/","og_locale":"fr_FR","og_type":"article","og_title":"Ordre de l\u2019\u00c9toile - Nederlandse Tempeliers","og_description":"Orde van de ster \u2720 Lorsqu\u2019un ordre n\u2019a pas de fondement \u2720 Tous les ordres de chevalerie ne sont pas faits pour durer \u2720 Le 16 novembre 1351, le roi [&hellip;]","og_url":"https:\/\/nederlandsetempeliers.nl\/fr\/ordre-de-letoile\/","og_site_name":"Nederlandse Tempeliers","article_modified_time":"2026-04-13T05:21:40+00:00","og_image":[{"width":500,"height":312,"url":"https:\/\/nederlandsetempeliers.nl\/wp-content\/uploads\/6-2.jpeg","type":"image\/jpeg"}],"twitter_card":"summary_large_image","twitter_misc":{"Dur\u00e9e de lecture estim\u00e9e":"2 minutes"},"schema":{"@context":"https:\/\/schema.org","@graph":[{"@type":"WebPage","@id":"https:\/\/nederlandsetempeliers.nl\/fr\/ordre-de-letoile\/","url":"https:\/\/nederlandsetempeliers.nl\/fr\/ordre-de-letoile\/","name":"Ordre de l\u2019\u00c9toile - Nederlandse Tempeliers","isPartOf":{"@id":"https:\/\/nederlandsetempeliers.nl\/fr\/#website"},"primaryImageOfPage":{"@id":"https:\/\/nederlandsetempeliers.nl\/fr\/ordre-de-letoile\/#primaryimage"},"image":{"@id":"https:\/\/nederlandsetempeliers.nl\/fr\/ordre-de-letoile\/#primaryimage"},"thumbnailUrl":"https:\/\/nederlandsetempeliers.nl\/wp-content\/uploads\/6-2.jpeg","datePublished":"2026-04-12T19:48:18+00:00","dateModified":"2026-04-13T05:21:40+00:00","breadcrumb":{"@id":"https:\/\/nederlandsetempeliers.nl\/fr\/ordre-de-letoile\/#breadcrumb"},"inLanguage":"fr-FR","potentialAction":[{"@type":"ReadAction","target":["https:\/\/nederlandsetempeliers.nl\/fr\/ordre-de-letoile\/"]}]},{"@type":"ImageObject","inLanguage":"fr-FR","@id":"https:\/\/nederlandsetempeliers.nl\/fr\/ordre-de-letoile\/#primaryimage","url":"https:\/\/nederlandsetempeliers.nl\/wp-content\/uploads\/6-2.jpeg","contentUrl":"https:\/\/nederlandsetempeliers.nl\/wp-content\/uploads\/6-2.jpeg"},{"@type":"BreadcrumbList","@id":"https:\/\/nederlandsetempeliers.nl\/fr\/ordre-de-letoile\/#breadcrumb","itemListElement":[{"@type":"ListItem","position":1,"name":"Home","item":"https:\/\/nederlandsetempeliers.nl\/fr\/"},{"@type":"ListItem","position":2,"name":"Ordre de l\u2019\u00c9toile"}]},{"@type":"WebSite","@id":"https:\/\/nederlandsetempeliers.nl\/fr\/#website","url":"https:\/\/nederlandsetempeliers.nl\/fr\/","name":"Nederlandse Tempeliers","description":"The Black Knights Templars of Solomon","publisher":{"@id":"https:\/\/nederlandsetempeliers.nl\/fr\/#organization"},"potentialAction":[{"@type":"SearchAction","target":{"@type":"EntryPoint","urlTemplate":"https:\/\/nederlandsetempeliers.nl\/fr\/?s={search_term_string}"},"query-input":{"@type":"PropertyValueSpecification","valueRequired":true,"valueName":"search_term_string"}}],"inLanguage":"fr-FR"},{"@type":"Organization","@id":"https:\/\/nederlandsetempeliers.nl\/fr\/#organization","name":"Nederlandse Tempeliers","url":"https:\/\/nederlandsetempeliers.nl\/fr\/","logo":{"@type":"ImageObject","inLanguage":"fr-FR","@id":"https:\/\/nederlandsetempeliers.nl\/fr\/#\/schema\/logo\/image\/","url":"https:\/\/nederlandsetempeliers.nl\/wp-content\/uploads\/Dutch-order-v2.png","contentUrl":"https:\/\/nederlandsetempeliers.nl\/wp-content\/uploads\/Dutch-order-v2.png","width":687,"height":686,"caption":"Nederlandse Tempeliers"},"image":{"@id":"https:\/\/nederlandsetempeliers.nl\/fr\/#\/schema\/logo\/image\/"}}]}},"_links":{"self":[{"href":"https:\/\/nederlandsetempeliers.nl\/fr\/wp-json\/wp\/v2\/pages\/7569","targetHints":{"allow":["GET"]}}],"collection":[{"href":"https:\/\/nederlandsetempeliers.nl\/fr\/wp-json\/wp\/v2\/pages"}],"about":[{"href":"https:\/\/nederlandsetempeliers.nl\/fr\/wp-json\/wp\/v2\/types\/page"}],"author":[{"embeddable":true,"href":"https:\/\/nederlandsetempeliers.nl\/fr\/wp-json\/wp\/v2\/users\/4"}],"replies":[{"embeddable":true,"href":"https:\/\/nederlandsetempeliers.nl\/fr\/wp-json\/wp\/v2\/comments?post=7569"}],"version-history":[{"count":2,"href":"https:\/\/nederlandsetempeliers.nl\/fr\/wp-json\/wp\/v2\/pages\/7569\/revisions"}],"predecessor-version":[{"id":7571,"href":"https:\/\/nederlandsetempeliers.nl\/fr\/wp-json\/wp\/v2\/pages\/7569\/revisions\/7571"}],"wp:attachment":[{"href":"https:\/\/nederlandsetempeliers.nl\/fr\/wp-json\/wp\/v2\/media?parent=7569"}],"curies":[{"name":"wp","href":"https:\/\/api.w.org\/{rel}","templated":true}]}}