{"id":9785,"date":"2026-05-09T22:03:15","date_gmt":"2026-05-09T20:03:15","guid":{"rendered":"https:\/\/nederlandsetempeliers.nl\/sainte-anne\/"},"modified":"2026-05-09T23:51:54","modified_gmt":"2026-05-09T21:51:54","slug":"sainte-anne","status":"publish","type":"page","link":"https:\/\/nederlandsetempeliers.nl\/fr\/sainte-anne\/","title":{"rendered":"Sainte Anne"},"content":{"rendered":"\t\t<div data-elementor-type=\"wp-page\" data-elementor-id=\"9785\" class=\"elementor elementor-9785 elementor-9734\" data-elementor-post-type=\"page\">\n\t\t\t\t<div class=\"elementor-element elementor-element-6d255f1 e-flex e-con-boxed e-con e-parent\" data-id=\"6d255f1\" data-element_type=\"container\" data-e-type=\"container\">\n\t\t\t\t\t<div class=\"e-con-inner\">\n\t\t\t\t<div class=\"elementor-element elementor-element-3c0d3ee elementor-widget elementor-widget-image\" data-id=\"3c0d3ee\" data-element_type=\"widget\" data-e-type=\"widget\" data-widget_type=\"image.default\">\n\t\t\t\t<div class=\"elementor-widget-container\">\n\t\t\t\t\t\t\t\t\t\t\t\t\t\t\t<img fetchpriority=\"high\" decoding=\"async\" width=\"800\" height=\"1000\" src=\"https:\/\/nederlandsetempeliers.nl\/wp-content\/uploads\/Sint-Anna-819x1024.jpeg\" class=\"attachment-large size-large wp-image-9752\" alt=\"Sint Anna\" srcset=\"https:\/\/nederlandsetempeliers.nl\/wp-content\/uploads\/Sint-Anna-819x1024.jpeg 819w, https:\/\/nederlandsetempeliers.nl\/wp-content\/uploads\/Sint-Anna-240x300.jpeg 240w, https:\/\/nederlandsetempeliers.nl\/wp-content\/uploads\/Sint-Anna-768x960.jpeg 768w, https:\/\/nederlandsetempeliers.nl\/wp-content\/uploads\/Sint-Anna.jpeg 1122w\" sizes=\"(max-width: 800px) 100vw, 800px\" \/>\t\t\t\t\t\t\t\t\t\t\t\t\t\t\t<\/div>\n\t\t\t\t<\/div>\n\t\t\t\t\t<\/div>\n\t\t\t\t<\/div>\n\t\t<div class=\"elementor-element elementor-element-439ccac e-flex e-con-boxed e-con e-parent\" data-id=\"439ccac\" data-element_type=\"container\" data-e-type=\"container\">\n\t\t\t\t\t<div class=\"e-con-inner\">\n\t\t\t\t<div class=\"elementor-element elementor-element-47fb4dc elementor-widget elementor-widget-text-editor\" data-id=\"47fb4dc\" data-element_type=\"widget\" data-e-type=\"widget\" data-widget_type=\"text-editor.default\">\n\t\t\t\t<div class=\"elementor-widget-container\">\n\t\t\t\t\t\t\t\t\t<p><strong>Saint Anne<br><\/strong>Sainte Anne \u2013 en h\u00e9breu : Hannah \u2013 ce qui signifie \u00ab gr\u00e2ce \u00bb. Sa f\u00eate est c\u00e9l\u00e9br\u00e9e le 26 juillet \u2013 ou le 9 septembre dans l\u2019\u00c9glise orientale. <br><br>Elle est la m\u00e8re de Marie et donc la grand-m\u00e8re de J\u00e9sus. Son \u00e9poux s\u2019appelait Joachim. Au Moyen \u00c2ge, la d\u00e9votion envers Sainte Anne \u00e9tait extr\u00eamement populaire. Elle \u00e9tait consid\u00e9r\u00e9e comme la patronne des m\u00e8res, des femmes en couches et des familles. Les fid\u00e8les priaient Sainte Anne pour la protection, la sant\u00e9 et un foyer paisible.<br>Dans les ic\u00f4nes et repr\u00e9sentations, elle appara\u00eet souvent v\u00eatue d\u2019un manteau rouge \u2014 symbole d\u2019amour, de vie et de protection.    <br><br>Une repr\u00e9sentation c\u00e9l\u00e8bre du Moyen \u00c2ge est \u00ab Anne trinitaire \u00bb. On y voit Anne, Marie et l\u2019Enfant J\u00e9sus r\u00e9unis. Cette image symbolisait les liens familiaux, la protection, l\u2019\u00e9ducation, la transmission de la foi et l\u2019union entre les g\u00e9n\u00e9rations.<br>En tant que grand-m\u00e8re de J\u00e9sus, Anne incarne le lien entre l\u2019Ancienne et la Nouvelle Alliance. En elle, les hommes et femmes du Moyen \u00c2ge voyaient quelque chose de profond\u00e9ment humain : l\u2019amour maternel, la protection, la sagesse, l\u2019\u00e9ducation et le lien entre les g\u00e9n\u00e9rations.   <\/p>\t\t\t\t\t\t\t\t<\/div>\n\t\t\t\t<\/div>\n\t\t\t\t\t<\/div>\n\t\t\t\t<\/div>\n\t\t<div class=\"elementor-element elementor-element-95246b6 e-con-full e-flex e-con e-parent\" data-id=\"95246b6\" data-element_type=\"container\" data-e-type=\"container\">\n\t\t<div class=\"elementor-element elementor-element-1ffb3ec e-con-full e-flex e-con e-child\" data-id=\"1ffb3ec\" data-element_type=\"container\" data-e-type=\"container\">\n\t\t\t\t<div class=\"elementor-element elementor-element-3985292 elementor-widget elementor-widget-image\" data-id=\"3985292\" data-element_type=\"widget\" data-e-type=\"widget\" data-widget_type=\"image.default\">\n\t\t\t\t<div class=\"elementor-widget-container\">\n\t\t\t\t\t\t\t\t\t\t\t\t\t\t\t<img decoding=\"async\" width=\"300\" height=\"283\" src=\"https:\/\/nederlandsetempeliers.nl\/wp-content\/uploads\/presentatie-van-Maria-300x283.jpeg\" class=\"attachment-medium size-medium wp-image-9738\" alt=\"presentatie van Maria\" srcset=\"https:\/\/nederlandsetempeliers.nl\/wp-content\/uploads\/presentatie-van-Maria-300x283.jpeg 300w, https:\/\/nederlandsetempeliers.nl\/wp-content\/uploads\/presentatie-van-Maria-768x723.jpeg 768w, https:\/\/nederlandsetempeliers.nl\/wp-content\/uploads\/presentatie-van-Maria.jpeg 893w\" sizes=\"(max-width: 300px) 100vw, 300px\" \/>\t\t\t\t\t\t\t\t\t\t\t\t\t\t\t<\/div>\n\t\t\t\t<\/div>\n\t\t\t\t<\/div>\n\t\t<div class=\"elementor-element elementor-element-43ae9c8 e-con-full e-flex e-con e-child\" data-id=\"43ae9c8\" data-element_type=\"container\" data-e-type=\"container\">\n\t\t<div class=\"elementor-element elementor-element-2e6e27e e-con-full e-flex e-con e-child\" data-id=\"2e6e27e\" data-element_type=\"container\" data-e-type=\"container\">\n\t\t\t\t<div class=\"elementor-element elementor-element-8802be5 elementor-widget elementor-widget-text-editor\" data-id=\"8802be5\" data-element_type=\"widget\" data-e-type=\"widget\" data-widget_type=\"text-editor.default\">\n\t\t\t\t<div class=\"elementor-widget-container\">\n\t\t\t\t\t\t\t\t\t<p>Selon les anciennes traditions, un ange apparut \u00e0 Anne pour lui annoncer qu\u2019elle aurait un enfant. Cet enfant devait \u00eatre consacr\u00e9 \u00e0 Dieu. Selon la tradition, Anne conduisit sa fille Marie au Temple de J\u00e9rusalem d\u00e8s son jeune \u00e2ge, afin qu\u2019elle y vive au service du Seigneur.  <\/p>\t\t\t\t\t\t\t\t<\/div>\n\t\t\t\t<\/div>\n\t\t\t\t<\/div>\n\t\t<div class=\"elementor-element elementor-element-cc71334 e-con-full e-flex e-con e-child\" data-id=\"cc71334\" data-element_type=\"container\" data-e-type=\"container\">\n\t\t\t\t<div class=\"elementor-element elementor-element-c65ad31 elementor-widget elementor-widget-text-editor\" data-id=\"c65ad31\" data-element_type=\"widget\" data-e-type=\"widget\" data-widget_type=\"text-editor.default\">\n\t\t\t\t<div class=\"elementor-widget-container\">\n\t\t\t\t\t\t\t\t\t<pre>\ud83d\udc48\ud83c\udffb La Pr\u00e9sentation de Marie au Temple de J\u00e9rusalem<\/pre>\t\t\t\t\t\t\t\t<\/div>\n\t\t\t\t<\/div>\n\t\t\t\t<\/div>\n\t\t\t\t<\/div>\n\t\t\t\t<\/div>\n\t\t<div class=\"elementor-element elementor-element-17491ad e-flex e-con-boxed e-con e-parent\" data-id=\"17491ad\" data-element_type=\"container\" data-e-type=\"container\">\n\t\t\t\t\t<div class=\"e-con-inner\">\n\t\t\t\t<div class=\"elementor-element elementor-element-0c89ca1 elementor-widget elementor-widget-text-editor\" data-id=\"0c89ca1\" data-element_type=\"widget\" data-e-type=\"widget\" data-widget_type=\"text-editor.default\">\n\t\t\t\t<div class=\"elementor-widget-container\">\n\t\t\t\t\t\t\t\t\t<p>Dans la vision m\u00e9di\u00e9vale du monde, Sainte Anne \u00e9tait consid\u00e9r\u00e9e comme le c\u0153ur de la famille \u2014 celle qui transmettait la vie, la foi et la protection de g\u00e9n\u00e9ration en g\u00e9n\u00e9ration. Au Moyen \u00c2ge, on trouvait non seulement des statues, des cierges et des autels d\u00e9di\u00e9s \u00e0 Sainte Anne dans les \u00e9glises, mais aussi dans les maisons des fid\u00e8les \u2014 c\u2019est ainsi qu\u2019on priait Sainte Anne.<br>Elle est souvent entour\u00e9e de lys blancs. Les lys blancs repr\u00e9sent\u00e9s aupr\u00e8s de Marie et de Sainte Anne portent une signification profonde. Au Moyen \u00c2ge, une fleur n\u2019\u00e9tait jamais une simple d\u00e9coration. Le lys blanc symbolisait la puret\u00e9, la lumi\u00e8re, la d\u00e9votion et la puret\u00e9 spirituelle. Chez Marie surtout, le lys revient sans cesse comme signe de son union avec Dieu. Ainsi, au Moyen \u00c2ge, non seulement les paroles parlaient \u2014 mais aussi les couleurs, les fleurs et les symboles.      <br><br>La f\u00eate de Sainte Anne est c\u00e9l\u00e9br\u00e9e le 26 juillet avec des processions, des messes, des cierges et des pri\u00e8res pour les m\u00e8res, les familles et les enfants.<\/p><p><br>Dans cet esprit, la Vierge Marie est encore aujourd\u2019hui honor\u00e9e chaque ann\u00e9e lors de la grande Maria Ommegang de Bergen op Zoom, qui rassemble plus de 700 participants. Cette ann\u00e9e, elle aura lieu le 28 juin pour la 82\u1d49 fois \u2014 une exp\u00e9rience v\u00e9ritablement recommand\u00e9e. <br><a href=\"https:\/\/mariaommegang.nl\/\">Maria Ommegang Bergen op Zoom, Les Pays-Bas<\/a><\/p>\t\t\t\t\t\t\t\t<\/div>\n\t\t\t\t<\/div>\n\t\t\t\t\t<\/div>\n\t\t\t\t<\/div>\n\t\t<div class=\"elementor-element elementor-element-a44c4ad e-flex e-con-boxed e-con e-parent\" data-id=\"a44c4ad\" data-element_type=\"container\" data-e-type=\"container\">\n\t\t\t\t\t<div class=\"e-con-inner\">\n\t\t<div class=\"elementor-element elementor-element-e61e501 e-con-full e-flex e-con e-child\" data-id=\"e61e501\" data-element_type=\"container\" data-e-type=\"container\">\n\t\t\t\t<div class=\"elementor-element elementor-element-081c944 elementor-widget__width-initial elementor-widget elementor-widget-image\" data-id=\"081c944\" data-element_type=\"widget\" data-e-type=\"widget\" data-widget_type=\"image.default\">\n\t\t\t\t<div class=\"elementor-widget-container\">\n\t\t\t\t\t\t\t\t\t\t\t\t\t\t\t<img decoding=\"async\" width=\"283\" height=\"203\" src=\"https:\/\/nederlandsetempeliers.nl\/wp-content\/uploads\/Maria-Ommegang-1.jpeg\" class=\"attachment-large size-large wp-image-9739\" alt=\"Maria Ommegang 1\" \/>\t\t\t\t\t\t\t\t\t\t\t\t\t\t\t<\/div>\n\t\t\t\t<\/div>\n\t\t\t\t<\/div>\n\t\t<div class=\"elementor-element elementor-element-c3aa0d0 e-con-full e-flex e-con e-child\" data-id=\"c3aa0d0\" data-element_type=\"container\" data-e-type=\"container\">\n\t\t\t\t<div class=\"elementor-element elementor-element-5108123 elementor-widget__width-initial elementor-widget elementor-widget-image\" data-id=\"5108123\" data-element_type=\"widget\" data-e-type=\"widget\" data-widget_type=\"image.default\">\n\t\t\t\t<div class=\"elementor-widget-container\">\n\t\t\t\t\t\t\t\t\t\t\t\t\t\t\t<img loading=\"lazy\" decoding=\"async\" width=\"725\" height=\"1024\" src=\"https:\/\/nederlandsetempeliers.nl\/wp-content\/uploads\/Maria-ommegang-3-725x1024.jpeg\" class=\"attachment-large size-large wp-image-9740\" alt=\"Maria ommegang 2\" srcset=\"https:\/\/nederlandsetempeliers.nl\/wp-content\/uploads\/Maria-ommegang-3-725x1024.jpeg 725w, https:\/\/nederlandsetempeliers.nl\/wp-content\/uploads\/Maria-ommegang-3-212x300.jpeg 212w, https:\/\/nederlandsetempeliers.nl\/wp-content\/uploads\/Maria-ommegang-3-768x1085.jpeg 768w, https:\/\/nederlandsetempeliers.nl\/wp-content\/uploads\/Maria-ommegang-3-1088x1536.jpeg 1088w, https:\/\/nederlandsetempeliers.nl\/wp-content\/uploads\/Maria-ommegang-3.jpeg 1133w\" sizes=\"(max-width: 725px) 100vw, 725px\" \/>\t\t\t\t\t\t\t\t\t\t\t\t\t\t\t<\/div>\n\t\t\t\t<\/div>\n\t\t\t\t<\/div>\n\t\t<div class=\"elementor-element elementor-element-e35b9a0 e-con-full e-flex e-con e-child\" data-id=\"e35b9a0\" data-element_type=\"container\" data-e-type=\"container\">\n\t\t\t\t<div class=\"elementor-element elementor-element-970f15e elementor-widget__width-initial elementor-widget elementor-widget-image\" data-id=\"970f15e\" data-element_type=\"widget\" data-e-type=\"widget\" data-widget_type=\"image.default\">\n\t\t\t\t<div class=\"elementor-widget-container\">\n\t\t\t\t\t\t\t\t\t\t\t\t\t\t\t<img loading=\"lazy\" decoding=\"async\" width=\"447\" height=\"561\" src=\"https:\/\/nederlandsetempeliers.nl\/wp-content\/uploads\/Maria-ommegang-2.jpeg\" class=\"attachment-large size-large wp-image-9741\" alt=\"Maria ommegang 3\" srcset=\"https:\/\/nederlandsetempeliers.nl\/wp-content\/uploads\/Maria-ommegang-2.jpeg 447w, https:\/\/nederlandsetempeliers.nl\/wp-content\/uploads\/Maria-ommegang-2-239x300.jpeg 239w\" sizes=\"(max-width: 447px) 100vw, 447px\" \/>\t\t\t\t\t\t\t\t\t\t\t\t\t\t\t<\/div>\n\t\t\t\t<\/div>\n\t\t\t\t<\/div>\n\t\t<div class=\"elementor-element elementor-element-b71628d e-con-full e-flex e-con e-child\" data-id=\"b71628d\" data-element_type=\"container\" data-e-type=\"container\">\n\t\t\t\t<div class=\"elementor-element elementor-element-cda3d0d elementor-widget elementor-widget-image\" data-id=\"cda3d0d\" data-element_type=\"widget\" data-e-type=\"widget\" data-widget_type=\"image.default\">\n\t\t\t\t<div class=\"elementor-widget-container\">\n\t\t\t\t\t\t\t\t\t\t\t\t\t\t\t<img loading=\"lazy\" decoding=\"async\" width=\"396\" height=\"304\" src=\"https:\/\/nederlandsetempeliers.nl\/wp-content\/uploads\/Maria-ommegang-4.jpeg\" class=\"attachment-large size-large wp-image-9742\" alt=\"Maria ommegang 4\" srcset=\"https:\/\/nederlandsetempeliers.nl\/wp-content\/uploads\/Maria-ommegang-4.jpeg 396w, https:\/\/nederlandsetempeliers.nl\/wp-content\/uploads\/Maria-ommegang-4-300x230.jpeg 300w\" sizes=\"(max-width: 396px) 100vw, 396px\" \/>\t\t\t\t\t\t\t\t\t\t\t\t\t\t\t<\/div>\n\t\t\t\t<\/div>\n\t\t\t\t<\/div>\n\t\t\t\t\t<\/div>\n\t\t\t\t<\/div>\n\t\t\t\t<\/div>\n\t\t","protected":false},"excerpt":{"rendered":"<p>Saint AnneSainte Anne \u2013 en h\u00e9breu : Hannah \u2013 ce qui signifie \u00ab gr\u00e2ce \u00bb. Sa f\u00eate est c\u00e9l\u00e9br\u00e9e le 26 juillet \u2013 ou le 9 septembre dans l\u2019\u00c9glise orientale. [&hellip;]<\/p>\n","protected":false},"author":4,"featured_media":0,"parent":0,"menu_order":0,"comment_status":"closed","ping_status":"closed","template":"","meta":{"footnotes":""},"class_list":["post-9785","page","type-page","status-publish","hentry"],"yoast_head":"<!-- This site is optimized with the Yoast SEO plugin v27.2 - https:\/\/yoast.com\/product\/yoast-seo-wordpress\/ -->\n<title>Sainte Anne - Nederlandse Tempeliers<\/title>\n<meta name=\"robots\" content=\"index, follow, max-snippet:-1, max-image-preview:large, max-video-preview:-1\" \/>\n<link rel=\"canonical\" href=\"https:\/\/nederlandsetempeliers.nl\/fr\/sainte-anne\/\" \/>\n<meta property=\"og:locale\" content=\"fr_FR\" \/>\n<meta property=\"og:type\" content=\"article\" \/>\n<meta property=\"og:title\" content=\"Sainte Anne - Nederlandse Tempeliers\" \/>\n<meta property=\"og:description\" content=\"Saint AnneSainte Anne \u2013 en h\u00e9breu : Hannah \u2013 ce qui signifie \u00ab gr\u00e2ce \u00bb. Sa f\u00eate est c\u00e9l\u00e9br\u00e9e le 26 juillet \u2013 ou le 9 septembre dans l\u2019\u00c9glise orientale. [&hellip;]\" \/>\n<meta property=\"og:url\" content=\"https:\/\/nederlandsetempeliers.nl\/fr\/sainte-anne\/\" \/>\n<meta property=\"og:site_name\" content=\"Nederlandse Tempeliers\" \/>\n<meta property=\"article:modified_time\" content=\"2026-05-09T21:51:54+00:00\" \/>\n<meta property=\"og:image\" content=\"https:\/\/nederlandsetempeliers.nl\/wp-content\/uploads\/Sint-Anna.jpeg\" \/>\n\t<meta property=\"og:image:width\" content=\"1122\" \/>\n\t<meta property=\"og:image:height\" content=\"1402\" \/>\n\t<meta property=\"og:image:type\" content=\"image\/jpeg\" \/>\n<meta name=\"twitter:card\" content=\"summary_large_image\" \/>\n<meta name=\"twitter:label1\" content=\"Dur\u00e9e de lecture estim\u00e9e\" \/>\n\t<meta name=\"twitter:data1\" content=\"3 minutes\" \/>\n<script type=\"application\/ld+json\" class=\"yoast-schema-graph\">{\"@context\":\"https:\/\/schema.org\",\"@graph\":[{\"@type\":\"WebPage\",\"@id\":\"https:\/\/nederlandsetempeliers.nl\/fr\/sainte-anne\/\",\"url\":\"https:\/\/nederlandsetempeliers.nl\/fr\/sainte-anne\/\",\"name\":\"Sainte Anne - Nederlandse Tempeliers\",\"isPartOf\":{\"@id\":\"https:\/\/nederlandsetempeliers.nl\/fr\/#website\"},\"primaryImageOfPage\":{\"@id\":\"https:\/\/nederlandsetempeliers.nl\/fr\/sainte-anne\/#primaryimage\"},\"image\":{\"@id\":\"https:\/\/nederlandsetempeliers.nl\/fr\/sainte-anne\/#primaryimage\"},\"thumbnailUrl\":\"https:\/\/nederlandsetempeliers.nl\/wp-content\/uploads\/Sint-Anna-819x1024.jpeg\",\"datePublished\":\"2026-05-09T20:03:15+00:00\",\"dateModified\":\"2026-05-09T21:51:54+00:00\",\"breadcrumb\":{\"@id\":\"https:\/\/nederlandsetempeliers.nl\/fr\/sainte-anne\/#breadcrumb\"},\"inLanguage\":\"fr-FR\",\"potentialAction\":[{\"@type\":\"ReadAction\",\"target\":[\"https:\/\/nederlandsetempeliers.nl\/fr\/sainte-anne\/\"]}]},{\"@type\":\"ImageObject\",\"inLanguage\":\"fr-FR\",\"@id\":\"https:\/\/nederlandsetempeliers.nl\/fr\/sainte-anne\/#primaryimage\",\"url\":\"https:\/\/nederlandsetempeliers.nl\/wp-content\/uploads\/Sint-Anna-819x1024.jpeg\",\"contentUrl\":\"https:\/\/nederlandsetempeliers.nl\/wp-content\/uploads\/Sint-Anna-819x1024.jpeg\"},{\"@type\":\"BreadcrumbList\",\"@id\":\"https:\/\/nederlandsetempeliers.nl\/fr\/sainte-anne\/#breadcrumb\",\"itemListElement\":[{\"@type\":\"ListItem\",\"position\":1,\"name\":\"Home\",\"item\":\"https:\/\/nederlandsetempeliers.nl\/fr\/\"},{\"@type\":\"ListItem\",\"position\":2,\"name\":\"Sainte Anne\"}]},{\"@type\":\"WebSite\",\"@id\":\"https:\/\/nederlandsetempeliers.nl\/fr\/#website\",\"url\":\"https:\/\/nederlandsetempeliers.nl\/fr\/\",\"name\":\"Nederlandse Tempeliers\",\"description\":\"The Black Knights Templars of Solomon\",\"publisher\":{\"@id\":\"https:\/\/nederlandsetempeliers.nl\/fr\/#organization\"},\"potentialAction\":[{\"@type\":\"SearchAction\",\"target\":{\"@type\":\"EntryPoint\",\"urlTemplate\":\"https:\/\/nederlandsetempeliers.nl\/fr\/?s={search_term_string}\"},\"query-input\":{\"@type\":\"PropertyValueSpecification\",\"valueRequired\":true,\"valueName\":\"search_term_string\"}}],\"inLanguage\":\"fr-FR\"},{\"@type\":\"Organization\",\"@id\":\"https:\/\/nederlandsetempeliers.nl\/fr\/#organization\",\"name\":\"Nederlandse Tempeliers\",\"url\":\"https:\/\/nederlandsetempeliers.nl\/fr\/\",\"logo\":{\"@type\":\"ImageObject\",\"inLanguage\":\"fr-FR\",\"@id\":\"https:\/\/nederlandsetempeliers.nl\/fr\/#\/schema\/logo\/image\/\",\"url\":\"https:\/\/nederlandsetempeliers.nl\/wp-content\/uploads\/Dutch-order-v2.png\",\"contentUrl\":\"https:\/\/nederlandsetempeliers.nl\/wp-content\/uploads\/Dutch-order-v2.png\",\"width\":687,\"height\":686,\"caption\":\"Nederlandse Tempeliers\"},\"image\":{\"@id\":\"https:\/\/nederlandsetempeliers.nl\/fr\/#\/schema\/logo\/image\/\"}}]}<\/script>\n<!-- \/ Yoast SEO plugin. -->","yoast_head_json":{"title":"Sainte Anne - Nederlandse Tempeliers","robots":{"index":"index","follow":"follow","max-snippet":"max-snippet:-1","max-image-preview":"max-image-preview:large","max-video-preview":"max-video-preview:-1"},"canonical":"https:\/\/nederlandsetempeliers.nl\/fr\/sainte-anne\/","og_locale":"fr_FR","og_type":"article","og_title":"Sainte Anne - Nederlandse Tempeliers","og_description":"Saint AnneSainte Anne \u2013 en h\u00e9breu : Hannah \u2013 ce qui signifie \u00ab gr\u00e2ce \u00bb. Sa f\u00eate est c\u00e9l\u00e9br\u00e9e le 26 juillet \u2013 ou le 9 septembre dans l\u2019\u00c9glise orientale. [&hellip;]","og_url":"https:\/\/nederlandsetempeliers.nl\/fr\/sainte-anne\/","og_site_name":"Nederlandse Tempeliers","article_modified_time":"2026-05-09T21:51:54+00:00","og_image":[{"width":1122,"height":1402,"url":"https:\/\/nederlandsetempeliers.nl\/wp-content\/uploads\/Sint-Anna.jpeg","type":"image\/jpeg"}],"twitter_card":"summary_large_image","twitter_misc":{"Dur\u00e9e de lecture estim\u00e9e":"3 minutes"},"schema":{"@context":"https:\/\/schema.org","@graph":[{"@type":"WebPage","@id":"https:\/\/nederlandsetempeliers.nl\/fr\/sainte-anne\/","url":"https:\/\/nederlandsetempeliers.nl\/fr\/sainte-anne\/","name":"Sainte Anne - Nederlandse Tempeliers","isPartOf":{"@id":"https:\/\/nederlandsetempeliers.nl\/fr\/#website"},"primaryImageOfPage":{"@id":"https:\/\/nederlandsetempeliers.nl\/fr\/sainte-anne\/#primaryimage"},"image":{"@id":"https:\/\/nederlandsetempeliers.nl\/fr\/sainte-anne\/#primaryimage"},"thumbnailUrl":"https:\/\/nederlandsetempeliers.nl\/wp-content\/uploads\/Sint-Anna-819x1024.jpeg","datePublished":"2026-05-09T20:03:15+00:00","dateModified":"2026-05-09T21:51:54+00:00","breadcrumb":{"@id":"https:\/\/nederlandsetempeliers.nl\/fr\/sainte-anne\/#breadcrumb"},"inLanguage":"fr-FR","potentialAction":[{"@type":"ReadAction","target":["https:\/\/nederlandsetempeliers.nl\/fr\/sainte-anne\/"]}]},{"@type":"ImageObject","inLanguage":"fr-FR","@id":"https:\/\/nederlandsetempeliers.nl\/fr\/sainte-anne\/#primaryimage","url":"https:\/\/nederlandsetempeliers.nl\/wp-content\/uploads\/Sint-Anna-819x1024.jpeg","contentUrl":"https:\/\/nederlandsetempeliers.nl\/wp-content\/uploads\/Sint-Anna-819x1024.jpeg"},{"@type":"BreadcrumbList","@id":"https:\/\/nederlandsetempeliers.nl\/fr\/sainte-anne\/#breadcrumb","itemListElement":[{"@type":"ListItem","position":1,"name":"Home","item":"https:\/\/nederlandsetempeliers.nl\/fr\/"},{"@type":"ListItem","position":2,"name":"Sainte Anne"}]},{"@type":"WebSite","@id":"https:\/\/nederlandsetempeliers.nl\/fr\/#website","url":"https:\/\/nederlandsetempeliers.nl\/fr\/","name":"Nederlandse Tempeliers","description":"The Black Knights Templars of Solomon","publisher":{"@id":"https:\/\/nederlandsetempeliers.nl\/fr\/#organization"},"potentialAction":[{"@type":"SearchAction","target":{"@type":"EntryPoint","urlTemplate":"https:\/\/nederlandsetempeliers.nl\/fr\/?s={search_term_string}"},"query-input":{"@type":"PropertyValueSpecification","valueRequired":true,"valueName":"search_term_string"}}],"inLanguage":"fr-FR"},{"@type":"Organization","@id":"https:\/\/nederlandsetempeliers.nl\/fr\/#organization","name":"Nederlandse Tempeliers","url":"https:\/\/nederlandsetempeliers.nl\/fr\/","logo":{"@type":"ImageObject","inLanguage":"fr-FR","@id":"https:\/\/nederlandsetempeliers.nl\/fr\/#\/schema\/logo\/image\/","url":"https:\/\/nederlandsetempeliers.nl\/wp-content\/uploads\/Dutch-order-v2.png","contentUrl":"https:\/\/nederlandsetempeliers.nl\/wp-content\/uploads\/Dutch-order-v2.png","width":687,"height":686,"caption":"Nederlandse Tempeliers"},"image":{"@id":"https:\/\/nederlandsetempeliers.nl\/fr\/#\/schema\/logo\/image\/"}}]}},"_links":{"self":[{"href":"https:\/\/nederlandsetempeliers.nl\/fr\/wp-json\/wp\/v2\/pages\/9785","targetHints":{"allow":["GET"]}}],"collection":[{"href":"https:\/\/nederlandsetempeliers.nl\/fr\/wp-json\/wp\/v2\/pages"}],"about":[{"href":"https:\/\/nederlandsetempeliers.nl\/fr\/wp-json\/wp\/v2\/types\/page"}],"author":[{"embeddable":true,"href":"https:\/\/nederlandsetempeliers.nl\/fr\/wp-json\/wp\/v2\/users\/4"}],"replies":[{"embeddable":true,"href":"https:\/\/nederlandsetempeliers.nl\/fr\/wp-json\/wp\/v2\/comments?post=9785"}],"version-history":[{"count":1,"href":"https:\/\/nederlandsetempeliers.nl\/fr\/wp-json\/wp\/v2\/pages\/9785\/revisions"}],"predecessor-version":[{"id":9786,"href":"https:\/\/nederlandsetempeliers.nl\/fr\/wp-json\/wp\/v2\/pages\/9785\/revisions\/9786"}],"wp:attachment":[{"href":"https:\/\/nederlandsetempeliers.nl\/fr\/wp-json\/wp\/v2\/media?parent=9785"}],"curies":[{"name":"wp","href":"https:\/\/api.w.org\/{rel}","templated":true}]}}