{"id":2976,"date":"2026-01-29T22:09:48","date_gmt":"2026-01-29T21:09:48","guid":{"rendered":"https:\/\/nederlandsetempeliers.nl\/kristogram\/"},"modified":"2026-01-29T22:09:48","modified_gmt":"2026-01-29T21:09:48","slug":"kristogram","status":"publish","type":"page","link":"https:\/\/nederlandsetempeliers.nl\/sv\/kristogram\/","title":{"rendered":"Kristogram"},"content":{"rendered":"<h2>Kristogram<\/h2>\n<p>\t\t\t\t\t\t\t\t\t\t\t\t\t\t\t<img fetchpriority=\"high\" decoding=\"async\" width=\"415\" height=\"233\" src=\"https:\/\/nederlandsetempeliers.nl\/wp-content\/uploads\/eh.png\" alt=\"Bysantinskt mynt fr\u00e5n 1028 - tv\u00e5sidigt. Jag st\u00e4ller Kristus med Bibeln \u2013 den andra sidan \u00c4R XS\" srcset=\"https:\/\/nederlandsetempeliers.nl\/wp-content\/uploads\/eh.png 415w, https:\/\/nederlandsetempeliers.nl\/wp-content\/uploads\/eh-300x168.png 300w\" sizes=\"(max-width: 415px) 100vw, 415px\">\t\t\t\t\t\t\t\t\t\t\t\t\t\t\t<\/p>\n<p>Hans f\u00f6rkortningar\/monogram som syftar p\u00e5 Kristus. En f\u00f6rkortning \u00e4r ett kristogram om det inneh\u00e5ller namnet Kristus. <\/p>\n<p>De var inte f\u00f6rkortningar f\u00f6r att folk var lata. De fungerade som heliga tecken, koncentrerad teologi, skydd och Kristi st\u00e4ndiga n\u00e4rvaro. H\u00e4r \u00e4r 4 v\u00e4lk\u00e4nda kristogram:  <\/p>\n<p>En tempelriddare bar dem. \u2013 skrev en munk dem och kyrkan ristade dem i sten. Inte f\u00f6r att l\u00e4sa, utan f\u00f6r <strong>att vara. <\/strong>   <\/p>\n<p>INRI<\/p>\n<p>Iesvs = Jesus<\/p>\n<p>Nazarenvs = av Nasaret<\/p>\n<p>Rex = kung<\/p>\n<p>Ivd\u00e6orvm = av judarna<\/p>\n<p>Detta \u00e4r orden som Pontius Pilatus skrev ovanf\u00f6r Jesus p\u00e5 korset.<\/p>\n<\/p>\n<p>\t\t\t\t\t\t\t\t\t\t\t\t\t\t\t<img decoding=\"async\" width=\"800\" height=\"534\" src=\"https:\/\/nederlandsetempeliers.nl\/wp-content\/uploads\/4d25972b-acf1-4173-9171-df1bd68b6526-1024x683.png\" alt=\"bit v\u00e4derbitet tr\u00e4 med bokst\u00e4verna INRI\" srcset=\"https:\/\/nederlandsetempeliers.nl\/wp-content\/uploads\/4d25972b-acf1-4173-9171-df1bd68b6526-1024x683.png 1024w, https:\/\/nederlandsetempeliers.nl\/wp-content\/uploads\/4d25972b-acf1-4173-9171-df1bd68b6526-300x200.png 300w, https:\/\/nederlandsetempeliers.nl\/wp-content\/uploads\/4d25972b-acf1-4173-9171-df1bd68b6526-768x512.png 768w, https:\/\/nederlandsetempeliers.nl\/wp-content\/uploads\/4d25972b-acf1-4173-9171-df1bd68b6526.png 1536w\" sizes=\"(max-width: 800px) 100vw, 800px\"><br \/>\n\t\t\t\t\t\t\t\t\t\t\t\t\t\t\t<img decoding=\"async\" width=\"198\" height=\"284\" src=\"https:\/\/nederlandsetempeliers.nl\/wp-content\/uploads\/egrqg.png\" alt=\"\">\t\t\t\t\t\t\t\t\t\t\t\t\t\t\t<\/p>\n<\/p>\n<p>IHS I\u0113sous \u0399\u0397\u03a3\u039f\u03a5\u03a3<\/p>\n<p>De f\u00f6rsta tre breven i Jesus p\u00e5 grekiska.  <\/p>\n<p>Iota, Eta, Sigma  <\/p>\n<p>Den anv\u00e4nds ofta i v\u00e4sterl\u00e4ndsk konst f\u00f6r att symbolisera Kristus, och ibland f\u00f6rekommer den p\u00e5 den nattvardsv\u00e4rden.<\/p>\n<p>F\u00f6rst senare l\u00e4stes IHS som &#8221;Iesus Hominum Salvator&#8221; Jesus, m\u00e4nsklighetens fr\u00e4lsare. Men det \u00e4r latin och inte grekiska.   <\/p>\n<p>\t\t\t\t\t\t\t\t\t\t\t\t\t\t\t<img loading=\"lazy\" decoding=\"async\" width=\"272\" height=\"313\" src=\"https:\/\/nederlandsetempeliers.nl\/wp-content\/uploads\/3y63.png\" alt=\"\" srcset=\"https:\/\/nederlandsetempeliers.nl\/wp-content\/uploads\/3y63.png 272w, https:\/\/nederlandsetempeliers.nl\/wp-content\/uploads\/3y63-261x300.png 261w\" sizes=\"(max-width: 272px) 100vw, 272px\">\t\t\t\t\t\t\t\t\t\t\t\t\t\t\t<\/p>\n<p>IC XC<\/p>\n<ul>\n<li><strong>\u0399\u0397\u03a3\u039f\u03a5\u03a3<\/strong> \u2192 f\u00f6rkortat <strong>IC<\/strong><\/li>\n<li><strong>\u03a7\u03a1\u0399\u03a3\u03a4\u039f\u03a3<\/strong> \u2192 f\u00f6rkortat <strong>XC<\/strong><\/li>\n<\/ul>\n<p>En grekisk f\u00f6rkortning som betyder Jesus Kristus; tillsammans med en specifik handgest. Den gesten bildar bokst\u00e4verna.   <\/p>\n<p>\ud83d\udc49 Kristus <strong>s\u00e4ger inte bara vem Han \u00e4r<\/strong>, Han <strong>visar<\/strong> det<\/p>\n<p>Myntet h\u00f6gst upp \u00e4r medeltida grekiska, eller bysantinsk grekiska. Dejting 1028. <\/p>\n<p>\t\t\t\t\t\t\t\t\t\t\t\t\t\t\t<img loading=\"lazy\" decoding=\"async\" width=\"164\" height=\"307\" src=\"https:\/\/nederlandsetempeliers.nl\/wp-content\/uploads\/rt43.png\" alt=\"\" srcset=\"https:\/\/nederlandsetempeliers.nl\/wp-content\/uploads\/rt43.png 164w, https:\/\/nederlandsetempeliers.nl\/wp-content\/uploads\/rt43-160x300.png 160w\" sizes=\"(max-width: 164px) 100vw, 164px\">\t\t\t\t\t\t\t\t\t\t\t\t\t\t\t<\/p>\n<p>JMJ  <\/p>\n<p>Om du k\u00e4nner till pastor Fulton Sheen har du f\u00f6rmodligen sett honom skriva JMJ p\u00e5 tavlan. Det st\u00e5r f\u00f6r Jesus, Maria och Josef. Det har blivit en vanlig sed bland katoliker att skriva detta h\u00f6gst upp p\u00e5 brev, dokument, papper eller svarta tavlor.  <\/p>\n<p>\t\t\t\t\t\t\t\t\t\t\t\t\t\t\t<img loading=\"lazy\" decoding=\"async\" width=\"800\" height=\"786\" src=\"https:\/\/nederlandsetempeliers.nl\/wp-content\/uploads\/rgwg-1024x1006.png\" alt=\"\" srcset=\"https:\/\/nederlandsetempeliers.nl\/wp-content\/uploads\/rgwg-1024x1006.png 1024w, https:\/\/nederlandsetempeliers.nl\/wp-content\/uploads\/rgwg-300x295.png 300w, https:\/\/nederlandsetempeliers.nl\/wp-content\/uploads\/rgwg-768x755.png 768w, https:\/\/nederlandsetempeliers.nl\/wp-content\/uploads\/rgwg.png 1208w\" sizes=\"(max-width: 800px) 100vw, 800px\">\t\t\t\t\t\t\t\t\t\t\t\t\t\t\t<\/p>\n<p>AMGD<\/p>\n<p>Ad Majorem Dei Gloriam<\/p>\n<p>Till Guds st\u00f6rre \u00e4ra. Denna f\u00f6rkortning kommer fr\u00e5n Sankt Ignatius av Layola, Spanien.   <img loading=\"lazy\" decoding=\"async\" src=\"https:\/\/nederlandsetempeliers.nl\/wp-content\/uploads\/rtgh4t-300x176.jpg\" alt=\"Medeltida glas- och blyf\u00f6nster med texten: Ad Majorem Dei Gloriam\" width=\"300\" height=\"176\"><\/p>\n<\/p>\n<p>Som extra: f\u00f6rkortningarna IHSV och NNDNN \u00e4r inte kristogram: namnet Kristus finns inte med i dem.<\/p>\n<p>IHSV In Hoc Signo Vinces i detta tecken kommer du att \u00f6vervinna<\/p>\n<p>NNDNN Non Nobis, Domine, Non Nobis Sed Nomine Tuo Da Gloriam<\/p>\n<p>  Inte till oss, o Herre, inte till oss, utan till ditt namn, ge \u00e4ra<\/p>\n<p>\t\t\t\t\t\t\t\t\t\t\t\t\t\t\t<img loading=\"lazy\" decoding=\"async\" width=\"561\" height=\"206\" src=\"https:\/\/nederlandsetempeliers.nl\/wp-content\/uploads\/Scherm%C2%ADafbeelding-2026-01-30-om-19.32.45.png\" alt=\"Tempelriddarkorsmedaljen + noter Non Nobis\" srcset=\"https:\/\/nederlandsetempeliers.nl\/wp-content\/uploads\/Scherm\u00adafbeelding-2026-01-30-om-19.32.45.png 561w, https:\/\/nederlandsetempeliers.nl\/wp-content\/uploads\/Scherm\u00adafbeelding-2026-01-30-om-19.32.45-300x110.png 300w\" sizes=\"(max-width: 561px) 100vw, 561px\"><\/p>\n","protected":false},"excerpt":{"rendered":"<p>Kristogram Hans f\u00f6rkortningar\/monogram som syftar p\u00e5 Kristus. En f\u00f6rkortning \u00e4r ett kristogram om det inneh\u00e5ller namnet Kristus. De var inte f\u00f6rkortningar f\u00f6r att folk var lata. De fungerade som heliga [&hellip;]<\/p>\n","protected":false},"author":4,"featured_media":0,"parent":0,"menu_order":0,"comment_status":"closed","ping_status":"closed","template":"","meta":{"footnotes":""},"class_list":["post-2976","page","type-page","status-publish","hentry"],"yoast_head":"<!-- This site is optimized with the Yoast SEO plugin v27.2 - https:\/\/yoast.com\/product\/yoast-seo-wordpress\/ -->\n<title>Kristogram - Nederlandse Tempeliers<\/title>\n<meta name=\"robots\" content=\"index, follow, max-snippet:-1, max-image-preview:large, max-video-preview:-1\" \/>\n<link rel=\"canonical\" href=\"https:\/\/nederlandsetempeliers.nl\/sv\/kristogram\/\" \/>\n<meta property=\"og:locale\" content=\"sv_SE\" \/>\n<meta property=\"og:type\" content=\"article\" \/>\n<meta property=\"og:title\" content=\"Kristogram - Nederlandse Tempeliers\" \/>\n<meta property=\"og:description\" content=\"Kristogram Hans f\u00f6rkortningar\/monogram som syftar p\u00e5 Kristus. En f\u00f6rkortning \u00e4r ett kristogram om det inneh\u00e5ller namnet Kristus. De var inte f\u00f6rkortningar f\u00f6r att folk var lata. De fungerade som heliga [&hellip;]\" \/>\n<meta property=\"og:url\" content=\"https:\/\/nederlandsetempeliers.nl\/sv\/kristogram\/\" \/>\n<meta property=\"og:site_name\" content=\"Nederlandse Tempeliers\" \/>\n<meta property=\"og:image\" content=\"https:\/\/nederlandsetempeliers.nl\/wp-content\/uploads\/eh.png\" \/>\n<meta name=\"twitter:card\" content=\"summary_large_image\" \/>\n<meta name=\"twitter:label1\" content=\"Ber\u00e4knad l\u00e4stid\" \/>\n\t<meta name=\"twitter:data1\" content=\"2 minuter\" \/>\n<script type=\"application\/ld+json\" class=\"yoast-schema-graph\">{\"@context\":\"https:\/\/schema.org\",\"@graph\":[{\"@type\":\"WebPage\",\"@id\":\"https:\/\/nederlandsetempeliers.nl\/sv\/kristogram\/\",\"url\":\"https:\/\/nederlandsetempeliers.nl\/sv\/kristogram\/\",\"name\":\"Kristogram - Nederlandse Tempeliers\",\"isPartOf\":{\"@id\":\"https:\/\/nederlandsetempeliers.nl\/sv\/#website\"},\"primaryImageOfPage\":{\"@id\":\"https:\/\/nederlandsetempeliers.nl\/sv\/kristogram\/#primaryimage\"},\"image\":{\"@id\":\"https:\/\/nederlandsetempeliers.nl\/sv\/kristogram\/#primaryimage\"},\"thumbnailUrl\":\"https:\/\/nederlandsetempeliers.nl\/wp-content\/uploads\/eh.png\",\"datePublished\":\"2026-01-29T21:09:48+00:00\",\"breadcrumb\":{\"@id\":\"https:\/\/nederlandsetempeliers.nl\/sv\/kristogram\/#breadcrumb\"},\"inLanguage\":\"sv-SE\",\"potentialAction\":[{\"@type\":\"ReadAction\",\"target\":[\"https:\/\/nederlandsetempeliers.nl\/sv\/kristogram\/\"]}]},{\"@type\":\"ImageObject\",\"inLanguage\":\"sv-SE\",\"@id\":\"https:\/\/nederlandsetempeliers.nl\/sv\/kristogram\/#primaryimage\",\"url\":\"https:\/\/nederlandsetempeliers.nl\/wp-content\/uploads\/eh.png\",\"contentUrl\":\"https:\/\/nederlandsetempeliers.nl\/wp-content\/uploads\/eh.png\"},{\"@type\":\"BreadcrumbList\",\"@id\":\"https:\/\/nederlandsetempeliers.nl\/sv\/kristogram\/#breadcrumb\",\"itemListElement\":[{\"@type\":\"ListItem\",\"position\":1,\"name\":\"Home\",\"item\":\"https:\/\/nederlandsetempeliers.nl\/sv\/\"},{\"@type\":\"ListItem\",\"position\":2,\"name\":\"Kristogram\"}]},{\"@type\":\"WebSite\",\"@id\":\"https:\/\/nederlandsetempeliers.nl\/sv\/#website\",\"url\":\"https:\/\/nederlandsetempeliers.nl\/sv\/\",\"name\":\"Nederlandse Tempeliers\",\"description\":\"The Black Knights Templars of Solomon\",\"publisher\":{\"@id\":\"https:\/\/nederlandsetempeliers.nl\/sv\/#organization\"},\"potentialAction\":[{\"@type\":\"SearchAction\",\"target\":{\"@type\":\"EntryPoint\",\"urlTemplate\":\"https:\/\/nederlandsetempeliers.nl\/sv\/?s={search_term_string}\"},\"query-input\":{\"@type\":\"PropertyValueSpecification\",\"valueRequired\":true,\"valueName\":\"search_term_string\"}}],\"inLanguage\":\"sv-SE\"},{\"@type\":\"Organization\",\"@id\":\"https:\/\/nederlandsetempeliers.nl\/sv\/#organization\",\"name\":\"Nederlandse Tempeliers\",\"url\":\"https:\/\/nederlandsetempeliers.nl\/sv\/\",\"logo\":{\"@type\":\"ImageObject\",\"inLanguage\":\"sv-SE\",\"@id\":\"https:\/\/nederlandsetempeliers.nl\/sv\/#\/schema\/logo\/image\/\",\"url\":\"https:\/\/nederlandsetempeliers.nl\/wp-content\/uploads\/Dutch-order-v2.png\",\"contentUrl\":\"https:\/\/nederlandsetempeliers.nl\/wp-content\/uploads\/Dutch-order-v2.png\",\"width\":687,\"height\":686,\"caption\":\"Nederlandse Tempeliers\"},\"image\":{\"@id\":\"https:\/\/nederlandsetempeliers.nl\/sv\/#\/schema\/logo\/image\/\"}}]}<\/script>\n<!-- \/ Yoast SEO plugin. -->","yoast_head_json":{"title":"Kristogram - Nederlandse Tempeliers","robots":{"index":"index","follow":"follow","max-snippet":"max-snippet:-1","max-image-preview":"max-image-preview:large","max-video-preview":"max-video-preview:-1"},"canonical":"https:\/\/nederlandsetempeliers.nl\/sv\/kristogram\/","og_locale":"sv_SE","og_type":"article","og_title":"Kristogram - Nederlandse Tempeliers","og_description":"Kristogram Hans f\u00f6rkortningar\/monogram som syftar p\u00e5 Kristus. En f\u00f6rkortning \u00e4r ett kristogram om det inneh\u00e5ller namnet Kristus. De var inte f\u00f6rkortningar f\u00f6r att folk var lata. De fungerade som heliga [&hellip;]","og_url":"https:\/\/nederlandsetempeliers.nl\/sv\/kristogram\/","og_site_name":"Nederlandse Tempeliers","og_image":[{"url":"https:\/\/nederlandsetempeliers.nl\/wp-content\/uploads\/eh.png","type":"","width":"","height":""}],"twitter_card":"summary_large_image","twitter_misc":{"Ber\u00e4knad l\u00e4stid":"2 minuter"},"schema":{"@context":"https:\/\/schema.org","@graph":[{"@type":"WebPage","@id":"https:\/\/nederlandsetempeliers.nl\/sv\/kristogram\/","url":"https:\/\/nederlandsetempeliers.nl\/sv\/kristogram\/","name":"Kristogram - Nederlandse Tempeliers","isPartOf":{"@id":"https:\/\/nederlandsetempeliers.nl\/sv\/#website"},"primaryImageOfPage":{"@id":"https:\/\/nederlandsetempeliers.nl\/sv\/kristogram\/#primaryimage"},"image":{"@id":"https:\/\/nederlandsetempeliers.nl\/sv\/kristogram\/#primaryimage"},"thumbnailUrl":"https:\/\/nederlandsetempeliers.nl\/wp-content\/uploads\/eh.png","datePublished":"2026-01-29T21:09:48+00:00","breadcrumb":{"@id":"https:\/\/nederlandsetempeliers.nl\/sv\/kristogram\/#breadcrumb"},"inLanguage":"sv-SE","potentialAction":[{"@type":"ReadAction","target":["https:\/\/nederlandsetempeliers.nl\/sv\/kristogram\/"]}]},{"@type":"ImageObject","inLanguage":"sv-SE","@id":"https:\/\/nederlandsetempeliers.nl\/sv\/kristogram\/#primaryimage","url":"https:\/\/nederlandsetempeliers.nl\/wp-content\/uploads\/eh.png","contentUrl":"https:\/\/nederlandsetempeliers.nl\/wp-content\/uploads\/eh.png"},{"@type":"BreadcrumbList","@id":"https:\/\/nederlandsetempeliers.nl\/sv\/kristogram\/#breadcrumb","itemListElement":[{"@type":"ListItem","position":1,"name":"Home","item":"https:\/\/nederlandsetempeliers.nl\/sv\/"},{"@type":"ListItem","position":2,"name":"Kristogram"}]},{"@type":"WebSite","@id":"https:\/\/nederlandsetempeliers.nl\/sv\/#website","url":"https:\/\/nederlandsetempeliers.nl\/sv\/","name":"Nederlandse Tempeliers","description":"The Black Knights Templars of Solomon","publisher":{"@id":"https:\/\/nederlandsetempeliers.nl\/sv\/#organization"},"potentialAction":[{"@type":"SearchAction","target":{"@type":"EntryPoint","urlTemplate":"https:\/\/nederlandsetempeliers.nl\/sv\/?s={search_term_string}"},"query-input":{"@type":"PropertyValueSpecification","valueRequired":true,"valueName":"search_term_string"}}],"inLanguage":"sv-SE"},{"@type":"Organization","@id":"https:\/\/nederlandsetempeliers.nl\/sv\/#organization","name":"Nederlandse Tempeliers","url":"https:\/\/nederlandsetempeliers.nl\/sv\/","logo":{"@type":"ImageObject","inLanguage":"sv-SE","@id":"https:\/\/nederlandsetempeliers.nl\/sv\/#\/schema\/logo\/image\/","url":"https:\/\/nederlandsetempeliers.nl\/wp-content\/uploads\/Dutch-order-v2.png","contentUrl":"https:\/\/nederlandsetempeliers.nl\/wp-content\/uploads\/Dutch-order-v2.png","width":687,"height":686,"caption":"Nederlandse Tempeliers"},"image":{"@id":"https:\/\/nederlandsetempeliers.nl\/sv\/#\/schema\/logo\/image\/"}}]}},"_links":{"self":[{"href":"https:\/\/nederlandsetempeliers.nl\/sv\/wp-json\/wp\/v2\/pages\/2976","targetHints":{"allow":["GET"]}}],"collection":[{"href":"https:\/\/nederlandsetempeliers.nl\/sv\/wp-json\/wp\/v2\/pages"}],"about":[{"href":"https:\/\/nederlandsetempeliers.nl\/sv\/wp-json\/wp\/v2\/types\/page"}],"author":[{"embeddable":true,"href":"https:\/\/nederlandsetempeliers.nl\/sv\/wp-json\/wp\/v2\/users\/4"}],"replies":[{"embeddable":true,"href":"https:\/\/nederlandsetempeliers.nl\/sv\/wp-json\/wp\/v2\/comments?post=2976"}],"version-history":[{"count":0,"href":"https:\/\/nederlandsetempeliers.nl\/sv\/wp-json\/wp\/v2\/pages\/2976\/revisions"}],"wp:attachment":[{"href":"https:\/\/nederlandsetempeliers.nl\/sv\/wp-json\/wp\/v2\/media?parent=2976"}],"curies":[{"name":"wp","href":"https:\/\/api.w.org\/{rel}","templated":true}]}}