{"id":3018,"date":"2026-01-29T15:02:47","date_gmt":"2026-01-29T14:02:47","guid":{"rendered":"https:\/\/nederlandsetempeliers.nl\/john-med-tempelriddarna\/"},"modified":"2026-03-02T14:54:59","modified_gmt":"2026-03-02T13:54:59","slug":"john-med-tempelriddarna","status":"publish","type":"page","link":"https:\/\/nederlandsetempeliers.nl\/sv\/john-med-tempelriddarna\/","title":{"rendered":"John med tempelriddarna"},"content":{"rendered":"\t\t<div data-elementor-type=\"wp-page\" data-elementor-id=\"3018\" class=\"elementor elementor-3018 elementor-1954\" data-elementor-post-type=\"page\">\n\t\t\t\t<div class=\"elementor-element elementor-element-c1820db e-flex e-con-boxed e-con e-parent\" data-id=\"c1820db\" data-element_type=\"container\" data-e-type=\"container\">\n\t\t\t\t\t<div class=\"e-con-inner\">\n\t\t\t\t<div class=\"elementor-element elementor-element-f4c2e5d elementor-widget elementor-widget-heading\" data-id=\"f4c2e5d\" data-element_type=\"widget\" data-e-type=\"widget\" data-widget_type=\"heading.default\">\n\t\t\t\t<div class=\"elementor-widget-container\">\n\t\t\t\t\t<h2 class=\"elementor-heading-title elementor-size-default\">John med tempelriddarna<\/h2>\t\t\t\t<\/div>\n\t\t\t\t<\/div>\n\t\t\t\t\t<\/div>\n\t\t\t\t<\/div>\n\t\t<div class=\"elementor-element elementor-element-657986e e-flex e-con-boxed e-con e-parent\" data-id=\"657986e\" data-element_type=\"container\" data-e-type=\"container\">\n\t\t\t\t\t<div class=\"e-con-inner\">\n\t\t\t\t<div class=\"elementor-element elementor-element-02a7f10 elementor-widget elementor-widget-image\" data-id=\"02a7f10\" data-element_type=\"widget\" data-e-type=\"widget\" data-widget_type=\"image.default\">\n\t\t\t\t<div class=\"elementor-widget-container\">\n\t\t\t\t\t\t\t\t\t\t\t\t\t\t\t<img fetchpriority=\"high\" decoding=\"async\" width=\"454\" height=\"302\" src=\"https:\/\/nederlandsetempeliers.nl\/wp-content\/uploads\/ethg.png\" class=\"attachment-large size-large wp-image-3019\" alt=\"\" srcset=\"https:\/\/nederlandsetempeliers.nl\/wp-content\/uploads\/ethg.png 454w, https:\/\/nederlandsetempeliers.nl\/wp-content\/uploads\/ethg-300x200.png 300w\" sizes=\"(max-width: 454px) 100vw, 454px\" \/>\t\t\t\t\t\t\t\t\t\t\t\t\t\t\t<\/div>\n\t\t\t\t<\/div>\n\t\t\t\t\t<\/div>\n\t\t\t\t<\/div>\n\t\t<div class=\"elementor-element elementor-element-395498d e-flex e-con-boxed e-con e-parent\" data-id=\"395498d\" data-element_type=\"container\" data-e-type=\"container\">\n\t\t\t\t\t<div class=\"e-con-inner\">\n\t\t\t\t<div class=\"elementor-element elementor-element-89aed08 elementor-widget elementor-widget-text-editor\" data-id=\"89aed08\" data-element_type=\"widget\" data-e-type=\"widget\" data-widget_type=\"text-editor.default\">\n\t\t\t\t<div class=\"elementor-widget-container\">\n\t\t\t\t\t\t\t\t\t<p>Tempelriddarna dyrkade endast Gud, men i sitt andliga liv var de uttryckligen inriktade p\u00e5 Johannes, Maria och Maria Magdalena.<\/p><p>Inte f\u00f6r att de var mer v\u00f6rdnadsfulla, utan f\u00f6r att de f\u00f6rkroppsligade vad tempelriddarna \u00e4r: n\u00e4rhet utan makt, lojalitet utan \u00e4gande och mottaglighet utan appropriering. H\u00e4r f\u00f6rklarar vi John. <\/p><p>Man ser ofta Johannes mot Jesu br\u00f6st. <strong>Genom v\u00e5ra \u00f6gon \u2013 idag \u2013 \u00e4r detta en intim bild, fysisk intimitet. Johannes lutar sig mot Jesu br\u00f6st. Under medeltiden (och tidigare) hade detta en annan inneh\u00e5ll\/konnotation. Vid den tiden betydde denna bild en inre samst\u00e4mmighet. John tar emot. Det \u00e4r vila I Jesus, andlig mottaglighet. <\/strong> <\/p><p>Johannes \u00e4r den l\u00e4rjunge som Jesus \u00e4lskade. Det betyder inte: favorit i betydelsen favorisering, k\u00e4nslom\u00e4ssig exklusivitet eller m\u00e4nsklig preferens. Men den <strong>Johannes \u00e4r den l\u00e4rjunge som \u00e4r mest mottaglig f\u00f6r Ordet. <\/strong><strong>Johannes \u00e4r l\u00e4rjungen som vakar, stannar och uth\u00e4rdar till korset!<\/strong>  <\/p><p><strong>Dessa tv\u00e5 attityder var<\/strong>en tydlig parallell i tempelriddarnas andlighet, som s\u00e5g sig sj\u00e4lva inte som predikanter eller h\u00e4rskare, utan som v\u00e4ktare av det heliga \u2014 n\u00e4ra, men utan appropriering.<\/p><p>N\u00e4rhet genom lojalitet, mottaglighet och iakttagande, inte genom makt, preferens, \u00e4gande eller styre. Det \u00e4r en teologisk inst\u00e4llning. <\/p><p>Tempelriddarna ocks\u00e5: Jesus f\u00f6rblir central, st\u00f6djande. Tempelriddarna \u00e4r mottagliga f\u00f6r hans l\u00e4ror, trofasthet och vakt OCH VAKT. Sikta inte p\u00e5 makt, \u00e4ga och styr.    <\/p><p>Idag \u00e4r denna bild av tempelriddarna helt borta. Nuf\u00f6rtiden \u00e4r vi bara kopplade till kamp. Knappast med kontakt, b\u00f6n och andlighet. (vilket har blivit ett ulligt begrepp i sig)   <\/p><p>K\u00e4nslor misstros idag, eftersom de g\u00f6r dig s\u00e5rbar. S\u00e5rbarhet \u00e4r en fara i dagens samh\u00e4lle. N\u00e4rhet ses som en svaghet.  <\/p><p>Det \u00e4r d\u00e4rf\u00f6r vi nu ser tempelriddare k\u00e4mpa om 95% och be om 5%. Under medeltiden bad vi p\u00e5 kn\u00e4 i 95 % och k\u00e4mpade bara 5 % av tiden. En tempelriddare k\u00e4mpar inte <strong>f\u00f6r <\/strong>Gud, utan <strong>f\u00f6r <\/strong>Gud.  <\/p><p><em>Bakom Tempelriddarnas strikta regel d\u00f6ljer sig en djup, nedtonad fromhet:<\/em><em><br><\/em><em>inte ett avst\u00e5nd fr\u00e5n Kristus, utan levande i Hans n\u00e4rvaro\u2014medan Johannes vilar vid Hans br\u00f6st.<\/em><\/p>\t\t\t\t\t\t\t\t<\/div>\n\t\t\t\t<\/div>\n\t\t\t\t\t<\/div>\n\t\t\t\t<\/div>\n\t\t<div class=\"elementor-element elementor-element-912b131 e-flex e-con-boxed e-con e-parent\" data-id=\"912b131\" data-element_type=\"container\" data-e-type=\"container\">\n\t\t\t\t\t<div class=\"e-con-inner\">\n\t\t\t\t<div class=\"elementor-element elementor-element-24eeb2a elementor-widget__width-initial elementor-widget elementor-widget-image\" data-id=\"24eeb2a\" data-element_type=\"widget\" data-e-type=\"widget\" data-widget_type=\"image.default\">\n\t\t\t\t<div class=\"elementor-widget-container\">\n\t\t\t\t\t\t\t\t\t\t\t\t\t\t\t<img decoding=\"async\" width=\"184\" height=\"274\" src=\"https:\/\/nederlandsetempeliers.nl\/wp-content\/uploads\/2601af34-5ee9-4ec3-a6d1-430467aa82c2.png\" class=\"attachment-large size-large wp-image-3020\" alt=\"\" \/>\t\t\t\t\t\t\t\t\t\t\t\t\t\t\t<\/div>\n\t\t\t\t<\/div>\n\t\t\t\t<div class=\"elementor-element elementor-element-24ff196 elementor-widget elementor-widget-text-editor\" data-id=\"24ff196\" data-element_type=\"widget\" data-e-type=\"widget\" data-widget_type=\"text-editor.default\">\n\t\t\t\t<div class=\"elementor-widget-container\">\n\t\t\t\t\t\t\t\t\t<p>Titeln <em>Kristus brudgummen<\/em> kan v\u00e4cka fr\u00e5gor f\u00f6r en samtida betraktare. I den \u00f6stortodoxa traditionen syftar dock &#8221;Brudgum&#8221; inte p\u00e5 romantisk eller personlig intimitet, utan p\u00e5 f\u00f6rbundsspr\u00e5ket. Kristus kallas Brudgummen eftersom han f\u00f6renar sig med m\u00e4nskligheten och med kyrkan i trohet och sj\u00e4lvuppgivenhet. Denna bildspr\u00e5k, rotad i evangeliet, uttrycker inte en m\u00e4nsklig relation, utan en andlig verklighet: n\u00e4rhet utan appropriering, k\u00e4rlek utan \u00e4gande, trohet \u00e4ven i lidande. Antingen \u00e4r Kristus brudgummen och kyrkan och m\u00e4nskligheten \u00e4r bruden.    <\/p>\t\t\t\t\t\t\t\t<\/div>\n\t\t\t\t<\/div>\n\t\t\t\t\t<\/div>\n\t\t\t\t<\/div>\n\t\t\t\t<\/div>\n\t\t","protected":false},"excerpt":{"rendered":"<p>John med tempelriddarna Tempelriddarna dyrkade endast Gud, men i sitt andliga liv var de uttryckligen inriktade p\u00e5 Johannes, Maria och Maria Magdalena. Inte f\u00f6r att de var mer v\u00f6rdnadsfulla, utan [&hellip;]<\/p>\n","protected":false},"author":4,"featured_media":0,"parent":0,"menu_order":0,"comment_status":"closed","ping_status":"closed","template":"","meta":{"footnotes":""},"class_list":["post-3018","page","type-page","status-publish","hentry"],"yoast_head":"<!-- This site is optimized with the Yoast SEO plugin v27.2 - https:\/\/yoast.com\/product\/yoast-seo-wordpress\/ -->\n<title>John med tempelriddarna - Nederlandse Tempeliers<\/title>\n<meta name=\"robots\" content=\"index, follow, max-snippet:-1, max-image-preview:large, max-video-preview:-1\" \/>\n<link rel=\"canonical\" href=\"https:\/\/nederlandsetempeliers.nl\/sv\/john-med-tempelriddarna\/\" \/>\n<meta property=\"og:locale\" content=\"sv_SE\" \/>\n<meta property=\"og:type\" content=\"article\" \/>\n<meta property=\"og:title\" content=\"John med tempelriddarna - Nederlandse Tempeliers\" \/>\n<meta property=\"og:description\" content=\"John med tempelriddarna Tempelriddarna dyrkade endast Gud, men i sitt andliga liv var de uttryckligen inriktade p\u00e5 Johannes, Maria och Maria Magdalena. Inte f\u00f6r att de var mer v\u00f6rdnadsfulla, utan [&hellip;]\" \/>\n<meta property=\"og:url\" content=\"https:\/\/nederlandsetempeliers.nl\/sv\/john-med-tempelriddarna\/\" \/>\n<meta property=\"og:site_name\" content=\"Nederlandse Tempeliers\" \/>\n<meta property=\"article:modified_time\" content=\"2026-03-02T13:54:59+00:00\" \/>\n<meta property=\"og:image\" content=\"https:\/\/nederlandsetempeliers.nl\/wp-content\/uploads\/ethg.png\" \/>\n\t<meta property=\"og:image:width\" content=\"454\" \/>\n\t<meta property=\"og:image:height\" content=\"302\" \/>\n\t<meta property=\"og:image:type\" content=\"image\/png\" \/>\n<meta name=\"twitter:card\" content=\"summary_large_image\" \/>\n<meta name=\"twitter:label1\" content=\"Ber\u00e4knad l\u00e4stid\" \/>\n\t<meta name=\"twitter:data1\" content=\"2 minuter\" \/>\n<script type=\"application\/ld+json\" class=\"yoast-schema-graph\">{\"@context\":\"https:\/\/schema.org\",\"@graph\":[{\"@type\":\"WebPage\",\"@id\":\"https:\/\/nederlandsetempeliers.nl\/sv\/john-med-tempelriddarna\/\",\"url\":\"https:\/\/nederlandsetempeliers.nl\/sv\/john-med-tempelriddarna\/\",\"name\":\"John med tempelriddarna - Nederlandse Tempeliers\",\"isPartOf\":{\"@id\":\"https:\/\/nederlandsetempeliers.nl\/sv\/#website\"},\"primaryImageOfPage\":{\"@id\":\"https:\/\/nederlandsetempeliers.nl\/sv\/john-med-tempelriddarna\/#primaryimage\"},\"image\":{\"@id\":\"https:\/\/nederlandsetempeliers.nl\/sv\/john-med-tempelriddarna\/#primaryimage\"},\"thumbnailUrl\":\"https:\/\/nederlandsetempeliers.nl\/wp-content\/uploads\/ethg.png\",\"datePublished\":\"2026-01-29T14:02:47+00:00\",\"dateModified\":\"2026-03-02T13:54:59+00:00\",\"breadcrumb\":{\"@id\":\"https:\/\/nederlandsetempeliers.nl\/sv\/john-med-tempelriddarna\/#breadcrumb\"},\"inLanguage\":\"sv-SE\",\"potentialAction\":[{\"@type\":\"ReadAction\",\"target\":[\"https:\/\/nederlandsetempeliers.nl\/sv\/john-med-tempelriddarna\/\"]}]},{\"@type\":\"ImageObject\",\"inLanguage\":\"sv-SE\",\"@id\":\"https:\/\/nederlandsetempeliers.nl\/sv\/john-med-tempelriddarna\/#primaryimage\",\"url\":\"https:\/\/nederlandsetempeliers.nl\/wp-content\/uploads\/ethg.png\",\"contentUrl\":\"https:\/\/nederlandsetempeliers.nl\/wp-content\/uploads\/ethg.png\"},{\"@type\":\"BreadcrumbList\",\"@id\":\"https:\/\/nederlandsetempeliers.nl\/sv\/john-med-tempelriddarna\/#breadcrumb\",\"itemListElement\":[{\"@type\":\"ListItem\",\"position\":1,\"name\":\"Home\",\"item\":\"https:\/\/nederlandsetempeliers.nl\/sv\/\"},{\"@type\":\"ListItem\",\"position\":2,\"name\":\"John med tempelriddarna\"}]},{\"@type\":\"WebSite\",\"@id\":\"https:\/\/nederlandsetempeliers.nl\/sv\/#website\",\"url\":\"https:\/\/nederlandsetempeliers.nl\/sv\/\",\"name\":\"Nederlandse Tempeliers\",\"description\":\"The Black Knights Templars of Solomon\",\"publisher\":{\"@id\":\"https:\/\/nederlandsetempeliers.nl\/sv\/#organization\"},\"potentialAction\":[{\"@type\":\"SearchAction\",\"target\":{\"@type\":\"EntryPoint\",\"urlTemplate\":\"https:\/\/nederlandsetempeliers.nl\/sv\/?s={search_term_string}\"},\"query-input\":{\"@type\":\"PropertyValueSpecification\",\"valueRequired\":true,\"valueName\":\"search_term_string\"}}],\"inLanguage\":\"sv-SE\"},{\"@type\":\"Organization\",\"@id\":\"https:\/\/nederlandsetempeliers.nl\/sv\/#organization\",\"name\":\"Nederlandse Tempeliers\",\"url\":\"https:\/\/nederlandsetempeliers.nl\/sv\/\",\"logo\":{\"@type\":\"ImageObject\",\"inLanguage\":\"sv-SE\",\"@id\":\"https:\/\/nederlandsetempeliers.nl\/sv\/#\/schema\/logo\/image\/\",\"url\":\"https:\/\/nederlandsetempeliers.nl\/wp-content\/uploads\/Dutch-order-v2.png\",\"contentUrl\":\"https:\/\/nederlandsetempeliers.nl\/wp-content\/uploads\/Dutch-order-v2.png\",\"width\":687,\"height\":686,\"caption\":\"Nederlandse Tempeliers\"},\"image\":{\"@id\":\"https:\/\/nederlandsetempeliers.nl\/sv\/#\/schema\/logo\/image\/\"}}]}<\/script>\n<!-- \/ Yoast SEO plugin. -->","yoast_head_json":{"title":"John med tempelriddarna - Nederlandse Tempeliers","robots":{"index":"index","follow":"follow","max-snippet":"max-snippet:-1","max-image-preview":"max-image-preview:large","max-video-preview":"max-video-preview:-1"},"canonical":"https:\/\/nederlandsetempeliers.nl\/sv\/john-med-tempelriddarna\/","og_locale":"sv_SE","og_type":"article","og_title":"John med tempelriddarna - Nederlandse Tempeliers","og_description":"John med tempelriddarna Tempelriddarna dyrkade endast Gud, men i sitt andliga liv var de uttryckligen inriktade p\u00e5 Johannes, Maria och Maria Magdalena. Inte f\u00f6r att de var mer v\u00f6rdnadsfulla, utan [&hellip;]","og_url":"https:\/\/nederlandsetempeliers.nl\/sv\/john-med-tempelriddarna\/","og_site_name":"Nederlandse Tempeliers","article_modified_time":"2026-03-02T13:54:59+00:00","og_image":[{"width":454,"height":302,"url":"https:\/\/nederlandsetempeliers.nl\/wp-content\/uploads\/ethg.png","type":"image\/png"}],"twitter_card":"summary_large_image","twitter_misc":{"Ber\u00e4knad l\u00e4stid":"2 minuter"},"schema":{"@context":"https:\/\/schema.org","@graph":[{"@type":"WebPage","@id":"https:\/\/nederlandsetempeliers.nl\/sv\/john-med-tempelriddarna\/","url":"https:\/\/nederlandsetempeliers.nl\/sv\/john-med-tempelriddarna\/","name":"John med tempelriddarna - Nederlandse Tempeliers","isPartOf":{"@id":"https:\/\/nederlandsetempeliers.nl\/sv\/#website"},"primaryImageOfPage":{"@id":"https:\/\/nederlandsetempeliers.nl\/sv\/john-med-tempelriddarna\/#primaryimage"},"image":{"@id":"https:\/\/nederlandsetempeliers.nl\/sv\/john-med-tempelriddarna\/#primaryimage"},"thumbnailUrl":"https:\/\/nederlandsetempeliers.nl\/wp-content\/uploads\/ethg.png","datePublished":"2026-01-29T14:02:47+00:00","dateModified":"2026-03-02T13:54:59+00:00","breadcrumb":{"@id":"https:\/\/nederlandsetempeliers.nl\/sv\/john-med-tempelriddarna\/#breadcrumb"},"inLanguage":"sv-SE","potentialAction":[{"@type":"ReadAction","target":["https:\/\/nederlandsetempeliers.nl\/sv\/john-med-tempelriddarna\/"]}]},{"@type":"ImageObject","inLanguage":"sv-SE","@id":"https:\/\/nederlandsetempeliers.nl\/sv\/john-med-tempelriddarna\/#primaryimage","url":"https:\/\/nederlandsetempeliers.nl\/wp-content\/uploads\/ethg.png","contentUrl":"https:\/\/nederlandsetempeliers.nl\/wp-content\/uploads\/ethg.png"},{"@type":"BreadcrumbList","@id":"https:\/\/nederlandsetempeliers.nl\/sv\/john-med-tempelriddarna\/#breadcrumb","itemListElement":[{"@type":"ListItem","position":1,"name":"Home","item":"https:\/\/nederlandsetempeliers.nl\/sv\/"},{"@type":"ListItem","position":2,"name":"John med tempelriddarna"}]},{"@type":"WebSite","@id":"https:\/\/nederlandsetempeliers.nl\/sv\/#website","url":"https:\/\/nederlandsetempeliers.nl\/sv\/","name":"Nederlandse Tempeliers","description":"The Black Knights Templars of Solomon","publisher":{"@id":"https:\/\/nederlandsetempeliers.nl\/sv\/#organization"},"potentialAction":[{"@type":"SearchAction","target":{"@type":"EntryPoint","urlTemplate":"https:\/\/nederlandsetempeliers.nl\/sv\/?s={search_term_string}"},"query-input":{"@type":"PropertyValueSpecification","valueRequired":true,"valueName":"search_term_string"}}],"inLanguage":"sv-SE"},{"@type":"Organization","@id":"https:\/\/nederlandsetempeliers.nl\/sv\/#organization","name":"Nederlandse Tempeliers","url":"https:\/\/nederlandsetempeliers.nl\/sv\/","logo":{"@type":"ImageObject","inLanguage":"sv-SE","@id":"https:\/\/nederlandsetempeliers.nl\/sv\/#\/schema\/logo\/image\/","url":"https:\/\/nederlandsetempeliers.nl\/wp-content\/uploads\/Dutch-order-v2.png","contentUrl":"https:\/\/nederlandsetempeliers.nl\/wp-content\/uploads\/Dutch-order-v2.png","width":687,"height":686,"caption":"Nederlandse Tempeliers"},"image":{"@id":"https:\/\/nederlandsetempeliers.nl\/sv\/#\/schema\/logo\/image\/"}}]}},"_links":{"self":[{"href":"https:\/\/nederlandsetempeliers.nl\/sv\/wp-json\/wp\/v2\/pages\/3018","targetHints":{"allow":["GET"]}}],"collection":[{"href":"https:\/\/nederlandsetempeliers.nl\/sv\/wp-json\/wp\/v2\/pages"}],"about":[{"href":"https:\/\/nederlandsetempeliers.nl\/sv\/wp-json\/wp\/v2\/types\/page"}],"author":[{"embeddable":true,"href":"https:\/\/nederlandsetempeliers.nl\/sv\/wp-json\/wp\/v2\/users\/4"}],"replies":[{"embeddable":true,"href":"https:\/\/nederlandsetempeliers.nl\/sv\/wp-json\/wp\/v2\/comments?post=3018"}],"version-history":[{"count":1,"href":"https:\/\/nederlandsetempeliers.nl\/sv\/wp-json\/wp\/v2\/pages\/3018\/revisions"}],"predecessor-version":[{"id":3022,"href":"https:\/\/nederlandsetempeliers.nl\/sv\/wp-json\/wp\/v2\/pages\/3018\/revisions\/3022"}],"wp:attachment":[{"href":"https:\/\/nederlandsetempeliers.nl\/sv\/wp-json\/wp\/v2\/media?parent=3018"}],"curies":[{"name":"wp","href":"https:\/\/api.w.org\/{rel}","templated":true}]}}