{"id":3042,"date":"2025-09-15T18:03:07","date_gmt":"2025-09-15T16:03:07","guid":{"rendered":"https:\/\/nederlandsetempeliers.nl\/tempelriddare-som-bagskyttar\/"},"modified":"2026-03-02T15:11:21","modified_gmt":"2026-03-02T14:11:21","slug":"tempelriddare-som-bagskyttar","status":"publish","type":"page","link":"https:\/\/nederlandsetempeliers.nl\/sv\/spar-av-det-forflutna\/tempelriddare-som-bagskyttar\/","title":{"rendered":"Tempelriddare som b\u00e5gskyttar"},"content":{"rendered":"\t\t<div data-elementor-type=\"wp-page\" data-elementor-id=\"3042\" class=\"elementor elementor-3042 elementor-1334\" data-elementor-post-type=\"page\">\n\t\t\t\t\t\t<section class=\"elementor-section elementor-top-section elementor-element elementor-element-3a7515f9 elementor-section-height-min-height elementor-section-boxed elementor-section-height-default elementor-section-items-middle\" data-id=\"3a7515f9\" data-element_type=\"section\" data-e-type=\"section\" data-settings=\"{&quot;background_background&quot;:&quot;classic&quot;}\">\n\t\t\t\t\t\t<div class=\"elementor-container elementor-column-gap-default\">\n\t\t\t\t\t<div class=\"elementor-column elementor-col-100 elementor-top-column elementor-element elementor-element-519633d1\" data-id=\"519633d1\" data-element_type=\"column\" data-e-type=\"column\">\n\t\t\t<div class=\"elementor-widget-wrap elementor-element-populated\">\n\t\t\t\t\t\t<div class=\"elementor-element elementor-element-154381a2 elementor-widget elementor-widget-heading\" data-id=\"154381a2\" data-element_type=\"widget\" data-e-type=\"widget\" data-widget_type=\"heading.default\">\n\t\t\t\t<div class=\"elementor-widget-container\">\n\t\t\t\t\t<h2 class=\"elementor-heading-title elementor-size-default\">Tempelriddare som b\u00e5gskyttar<\/h2>\t\t\t\t<\/div>\n\t\t\t\t<\/div>\n\t\t\t\t<div class=\"elementor-element elementor-element-43950f86 elementor-widget elementor-widget-text-editor\" data-id=\"43950f86\" data-element_type=\"widget\" data-e-type=\"widget\" data-widget_type=\"text-editor.default\">\n\t\t\t\t<div class=\"elementor-widget-container\">\n\t\t\t\t\t\t\t\t\t<p>De som \u00e4r tempelsoldater \u00e4r <b>av Gud.<\/b><\/p>\t\t\t\t\t\t\t\t<\/div>\n\t\t\t\t<\/div>\n\t\t\t\t<div class=\"elementor-element elementor-element-7afeca90 elementor-widget elementor-widget-image\" data-id=\"7afeca90\" data-element_type=\"widget\" data-e-type=\"widget\" data-widget_type=\"image.default\">\n\t\t\t\t<div class=\"elementor-widget-container\">\n\t\t\t\t\t\t\t\t\t\t\t\t\t\t\t<img fetchpriority=\"high\" decoding=\"async\" width=\"300\" height=\"300\" src=\"https:\/\/nederlandsetempeliers.nl\/wp-content\/uploads\/Dutch-order-v2-300x300.png\" class=\"attachment-medium size-medium wp-image-2959\" alt=\"Cena de Seder medieval con s\u00edmbolos de P\u00e9saj, flanqueada por dos Caballeros Templarios como guardianes\" srcset=\"https:\/\/nederlandsetempeliers.nl\/wp-content\/uploads\/Dutch-order-v2-300x300.png 300w, https:\/\/nederlandsetempeliers.nl\/wp-content\/uploads\/Dutch-order-v2-150x150.png 150w, https:\/\/nederlandsetempeliers.nl\/wp-content\/uploads\/Dutch-order-v2.png 687w\" sizes=\"(max-width: 300px) 100vw, 300px\" \/>\t\t\t\t\t\t\t\t\t\t\t\t\t\t\t<\/div>\n\t\t\t\t<\/div>\n\t\t\t\t\t<\/div>\n\t\t<\/div>\n\t\t\t\t\t<\/div>\n\t\t<\/section>\n\t\t\t\t<section class=\"elementor-section elementor-top-section elementor-element elementor-element-51f144e2 elementor-section-boxed elementor-section-height-default elementor-section-height-default\" data-id=\"51f144e2\" data-element_type=\"section\" data-e-type=\"section\" data-settings=\"{&quot;background_background&quot;:&quot;classic&quot;,&quot;shape_divider_bottom&quot;:&quot;triangle&quot;,&quot;shape_divider_bottom_negative&quot;:&quot;yes&quot;}\">\n\t\t\t\t\t<div class=\"elementor-shape elementor-shape-bottom\" aria-hidden=\"true\" data-negative=\"true\">\n\t\t\t<svg xmlns=\"http:\/\/www.w3.org\/2000\/svg\" viewBox=\"0 0 1000 100\" preserveAspectRatio=\"none\">\n\t<path class=\"elementor-shape-fill\" d=\"M500.2,94.7L0,0v100h1000V0L500.2,94.7z\"\/>\n<\/svg>\t\t<\/div>\n\t\t\t\t\t<div class=\"elementor-container elementor-column-gap-default\">\n\t\t\t\t\t<div class=\"elementor-column elementor-col-100 elementor-top-column elementor-element elementor-element-faab179\" data-id=\"faab179\" data-element_type=\"column\" data-e-type=\"column\">\n\t\t\t<div class=\"elementor-widget-wrap elementor-element-populated\">\n\t\t\t\t\t\t<div class=\"elementor-element elementor-element-4f8f8cc elementor-widget__width-auto elementor-view-default elementor-widget elementor-widget-icon\" data-id=\"4f8f8cc\" data-element_type=\"widget\" data-e-type=\"widget\" data-widget_type=\"icon.default\">\n\t\t\t\t<div class=\"elementor-widget-container\">\n\t\t\t\t\t\t\t<div class=\"elementor-icon-wrapper\">\n\t\t\t<div class=\"elementor-icon\">\n\t\t\t<i aria-hidden=\"true\" class=\"fas fa-grip-lines\"><\/i>\t\t\t<\/div>\n\t\t<\/div>\n\t\t\t\t\t\t<\/div>\n\t\t\t\t<\/div>\n\t\t\t\t<div class=\"elementor-element elementor-element-4871e44a elementor-widget__width-auto elementor-widget elementor-widget-heading\" data-id=\"4871e44a\" data-element_type=\"widget\" data-e-type=\"widget\" data-widget_type=\"heading.default\">\n\t\t\t\t<div class=\"elementor-widget-container\">\n\t\t\t\t\t<h2 class=\"elementor-heading-title elementor-size-default\">Tempelriddarb\u00e5gskyttar<\/h2>\t\t\t\t<\/div>\n\t\t\t\t<\/div>\n\t\t\t\t<div class=\"elementor-element elementor-element-5e3cc42a elementor-widget__width-auto elementor-view-default elementor-widget elementor-widget-icon\" data-id=\"5e3cc42a\" data-element_type=\"widget\" data-e-type=\"widget\" data-widget_type=\"icon.default\">\n\t\t\t\t<div class=\"elementor-widget-container\">\n\t\t\t\t\t\t\t<div class=\"elementor-icon-wrapper\">\n\t\t\t<div class=\"elementor-icon\">\n\t\t\t<i aria-hidden=\"true\" class=\"fas fa-grip-lines\"><\/i>\t\t\t<\/div>\n\t\t<\/div>\n\t\t\t\t\t\t<\/div>\n\t\t\t\t<\/div>\n\t\t\t\t\t<\/div>\n\t\t<\/div>\n\t\t\t\t\t<\/div>\n\t\t<\/section>\n\t\t\t\t<section class=\"elementor-section elementor-top-section elementor-element elementor-element-403df7c4 elementor-section-content-middle elementor-section-boxed elementor-section-height-default elementor-section-height-default\" data-id=\"403df7c4\" data-element_type=\"section\" data-e-type=\"section\">\n\t\t\t\t\t\t<div class=\"elementor-container elementor-column-gap-default\">\n\t\t\t\t\t<div class=\"elementor-column elementor-col-100 elementor-top-column elementor-element elementor-element-72d7588\" data-id=\"72d7588\" data-element_type=\"column\" data-e-type=\"column\">\n\t\t\t<div class=\"elementor-widget-wrap elementor-element-populated\">\n\t\t\t\t\t\t<div class=\"elementor-element elementor-element-10c10b01 elementor-widget elementor-widget-text-editor\" data-id=\"10c10b01\" data-element_type=\"widget\" data-e-type=\"widget\" data-widget_type=\"text-editor.default\">\n\t\t\t\t<div class=\"elementor-widget-container\">\n\t\t\t\t\t\t\t\t\t<p><strong>Tempelriddare \u00e4r fr\u00e4mst k\u00e4nda som skickliga sv\u00e4rdsm\u00e4n och ryttare.<\/strong><\/p><p>Mindre k\u00e4nt \u00e4r att tempelriddarna ocks\u00e5 var duktiga b\u00e5gskyttar. M\u00e4stare p\u00e5 pilen. <\/p><p>Tempelriddare som specialiserade sig p\u00e5 att tillverka pilar kallades Fletchers.<\/p><p>Detta hantverk fanns l\u00e5ngt f\u00f6re medeltiden.<\/p><p>Fletchers var oumb\u00e4rliga f\u00f6r att leverera vapen b\u00e5de f\u00f6r jakt och krig. De var ryggraden i arm\u00e9erna. Det var ett mellansteg f\u00f6r \u00f6verlevnad.  <\/p><p>P\u00e5 grund av denna avg\u00f6rande roll hade deras yrke en mycket h\u00f6g status. Fletchers h\u00f6lls d\u00e4rf\u00f6r ocks\u00e5 h\u00f6gt. <\/p>\t\t\t\t\t\t\t\t<\/div>\n\t\t\t\t<\/div>\n\t\t<div class=\"elementor-element elementor-element-fcda58e e-flex e-con-boxed e-con e-parent\" data-id=\"fcda58e\" data-element_type=\"container\" data-e-type=\"container\">\n\t\t\t\t\t<div class=\"e-con-inner\">\n\t\t\t\t<div class=\"elementor-element elementor-element-d122b4f elementor-widget elementor-widget-image\" data-id=\"d122b4f\" data-element_type=\"widget\" data-e-type=\"widget\" data-widget_type=\"image.default\">\n\t\t\t\t<div class=\"elementor-widget-container\">\n\t\t\t\t\t\t\t\t\t\t\t\t\t\t\t<img decoding=\"async\" width=\"159\" height=\"327\" src=\"https:\/\/nederlandsetempeliers.nl\/wp-content\/uploads\/Tempeliers-als-boogschutters-1.jpg\" class=\"attachment-full size-full wp-image-3043\" alt=\"Medeltida b\u00e5gskyttar i rustning med pil och b\u00e5ge, avbildade i en historisk handskriftsillustration\" srcset=\"https:\/\/nederlandsetempeliers.nl\/wp-content\/uploads\/Tempeliers-als-boogschutters-1.jpg 159w, https:\/\/nederlandsetempeliers.nl\/wp-content\/uploads\/Tempeliers-als-boogschutters-1-146x300.jpg 146w\" sizes=\"(max-width: 159px) 100vw, 159px\" \/>\t\t\t\t\t\t\t\t\t\t\t\t\t\t\t<\/div>\n\t\t\t\t<\/div>\n\t\t\t\t<div class=\"elementor-element elementor-element-42f3ad6 elementor-widget elementor-widget-image\" data-id=\"42f3ad6\" data-element_type=\"widget\" data-e-type=\"widget\" data-widget_type=\"image.default\">\n\t\t\t\t<div class=\"elementor-widget-container\">\n\t\t\t\t\t\t\t\t\t\t\t\t\t\t\t<img decoding=\"async\" width=\"186\" height=\"249\" src=\"https:\/\/nederlandsetempeliers.nl\/wp-content\/uploads\/Tempeliers-als-boogschutters-2.jpg\" class=\"attachment-full size-full wp-image-3044\" alt=\"Tidtida b\u00e5gskyttar och krigare med pilb\u00e5ge och pil avbildade p\u00e5 en historisk broderad matta\" \/>\t\t\t\t\t\t\t\t\t\t\t\t\t\t\t<\/div>\n\t\t\t\t<\/div>\n\t\t\t\t<div class=\"elementor-element elementor-element-5927364 elementor-widget elementor-widget-image\" data-id=\"5927364\" data-element_type=\"widget\" data-e-type=\"widget\" data-widget_type=\"image.default\">\n\t\t\t\t<div class=\"elementor-widget-container\">\n\t\t\t\t\t\t\t\t\t\t\t\t\t\t\t<img loading=\"lazy\" decoding=\"async\" width=\"198\" height=\"133\" src=\"https:\/\/nederlandsetempeliers.nl\/wp-content\/uploads\/Tempeliers-als-boogschutters-3.jpg\" class=\"attachment-full size-full wp-image-3045\" alt=\"N\u00e4rbild p\u00e5 en hand som h\u00e5ller en liten metallsked med m\u00f6rkt pulver p\u00e5 en tr\u00e4bakgrund\" \/>\t\t\t\t\t\t\t\t\t\t\t\t\t\t\t<\/div>\n\t\t\t\t<\/div>\n\t\t\t\t<div class=\"elementor-element elementor-element-d01f058 elementor-widget elementor-widget-image\" data-id=\"d01f058\" data-element_type=\"widget\" data-e-type=\"widget\" data-widget_type=\"image.default\">\n\t\t\t\t<div class=\"elementor-widget-container\">\n\t\t\t\t\t\t\t\t\t\t\t\t\t\t\t<img loading=\"lazy\" decoding=\"async\" width=\"224\" height=\"146\" src=\"https:\/\/nederlandsetempeliers.nl\/wp-content\/uploads\/Tempeliers-als-boogschutters-4.jpg\" class=\"attachment-full size-full wp-image-3046\" alt=\"Hantverkare i historiska kl\u00e4der som arbetar med traditionella tr\u00e4verktyg p\u00e5 ett arbetsbord\" \/>\t\t\t\t\t\t\t\t\t\t\t\t\t\t\t<\/div>\n\t\t\t\t<\/div>\n\t\t\t\t<div class=\"elementor-element elementor-element-e3d1fc7 elementor-widget elementor-widget-image\" data-id=\"e3d1fc7\" data-element_type=\"widget\" data-e-type=\"widget\" data-widget_type=\"image.default\">\n\t\t\t\t<div class=\"elementor-widget-container\">\n\t\t\t\t\t\t\t\t\t\t\t\t\t\t\t<img loading=\"lazy\" decoding=\"async\" width=\"184\" height=\"124\" src=\"https:\/\/nederlandsetempeliers.nl\/wp-content\/uploads\/Tempeliers-als-boogschutters-5.jpg\" class=\"attachment-full size-full wp-image-3047\" alt=\"Traditionella hantverksverktyg f\u00f6r tr\u00e4arbete, inklusive yxa och tr\u00e4fj\u00e4drar, visade upp p\u00e5 en arbetsb\u00e4nk\" \/>\t\t\t\t\t\t\t\t\t\t\t\t\t\t\t<\/div>\n\t\t\t\t<\/div>\n\t\t\t\t\t<\/div>\n\t\t\t\t<\/div>\n\t\t\t\t\t<\/div>\n\t\t<\/div>\n\t\t\t\t\t<\/div>\n\t\t<\/section>\n\t\t\t\t<section class=\"elementor-section elementor-top-section elementor-element elementor-element-6910ad elementor-section-boxed elementor-section-height-default elementor-section-height-default\" data-id=\"6910ad\" data-element_type=\"section\" data-e-type=\"section\">\n\t\t\t\t\t\t<div class=\"elementor-container elementor-column-gap-default\">\n\t\t\t\t\t<div class=\"elementor-column elementor-col-100 elementor-top-column elementor-element elementor-element-670c1578\" data-id=\"670c1578\" data-element_type=\"column\" data-e-type=\"column\">\n\t\t\t<div class=\"elementor-widget-wrap elementor-element-populated\">\n\t\t\t\t\t\t<div class=\"elementor-element elementor-element-155dc1ed elementor-widget elementor-widget-text-editor\" data-id=\"155dc1ed\" data-element_type=\"widget\" data-e-type=\"widget\" data-widget_type=\"text-editor.default\">\n\t\t\t\t<div class=\"elementor-widget-container\">\n\t\t\t\t\t\t\t\t\t<p>Tempelriddare som b\u00e5gskyttar Vi k\u00e4nner fr\u00e4mst tempelriddare som skickliga sv\u00e4rdsm\u00e4n och ryttare. Det \u00e4r mindre k\u00e4nt att tempelriddare ocks\u00e5 var skickliga b\u00e5gskyttar. M\u00e4stare p\u00e5 pilen.  <\/p><p> <\/p><p>Tempelriddare som specialiserade sig p\u00e5 att tillverka pilar kallades Fletchers. Detta hantverk fanns l\u00e5ngt f\u00f6re medeltiden. <\/p><p> <\/p><p>Fletchers var oumb\u00e4rliga f\u00f6r att leverera vapen b\u00e5de f\u00f6r jakt och krig. De var ryggraden i arm\u00e9erna. Det var ett s\u00e4tt att \u00f6verleva. P\u00e5 grund av denna avg\u00f6rande roll hade deras yrke en mycket h\u00f6g status. Fletchers var d\u00e4rf\u00f6r ocks\u00e5 h\u00f6gt ansedda.    <\/p>\t\t\t\t\t\t\t\t<\/div>\n\t\t\t\t<\/div>\n\t\t\t\t<div class=\"elementor-element elementor-element-bb4a5ec elementor-widget elementor-widget-image\" data-id=\"bb4a5ec\" data-element_type=\"widget\" data-e-type=\"widget\" data-widget_type=\"image.default\">\n\t\t\t\t<div class=\"elementor-widget-container\">\n\t\t\t\t\t\t\t\t\t\t\t\t\t\t\t<img loading=\"lazy\" decoding=\"async\" width=\"318\" height=\"159\" src=\"https:\/\/nederlandsetempeliers.nl\/wp-content\/uploads\/Tempeliers-als-boogschutters-6.jpg\" class=\"attachment-full size-full wp-image-3048\" alt=\"Medeltida b\u00e5gskytten sitter vid en l\u00e4gereld med pil och b\u00e5ge, omgiven av skog och flod i ett atmosf\u00e4riskt fantasilandskap\" srcset=\"https:\/\/nederlandsetempeliers.nl\/wp-content\/uploads\/Tempeliers-als-boogschutters-6.jpg 318w, https:\/\/nederlandsetempeliers.nl\/wp-content\/uploads\/Tempeliers-als-boogschutters-6-300x150.jpg 300w\" sizes=\"(max-width: 318px) 100vw, 318px\" \/>\t\t\t\t\t\t\t\t\t\t\t\t\t\t\t<\/div>\n\t\t\t\t<\/div>\n\t\t\t\t\t<\/div>\n\t\t<\/div>\n\t\t\t\t\t<\/div>\n\t\t<\/section>\n\t\t\t\t<\/div>\n\t\t","protected":false},"excerpt":{"rendered":"<p>Tempelriddare som b\u00e5gskyttar De som \u00e4r tempelsoldater \u00e4r av Gud. Tempelriddarb\u00e5gskyttar Tempelriddare \u00e4r fr\u00e4mst k\u00e4nda som skickliga sv\u00e4rdsm\u00e4n och ryttare. Mindre k\u00e4nt \u00e4r att tempelriddarna ocks\u00e5 var duktiga b\u00e5gskyttar. M\u00e4stare [&hellip;]<\/p>\n","protected":false},"author":2,"featured_media":0,"parent":4934,"menu_order":0,"comment_status":"closed","ping_status":"closed","template":"","meta":{"footnotes":""},"class_list":["post-3042","page","type-page","status-publish","hentry"],"yoast_head":"<!-- This site is optimized with the Yoast SEO plugin v27.2 - https:\/\/yoast.com\/product\/yoast-seo-wordpress\/ -->\n<title>Tempelriddare som b\u00e5gskyttar - Nederlandse Tempeliers<\/title>\n<meta name=\"robots\" content=\"index, follow, max-snippet:-1, max-image-preview:large, max-video-preview:-1\" \/>\n<link rel=\"canonical\" href=\"https:\/\/nederlandsetempeliers.nl\/sv\/spar-av-det-forflutna\/tempelriddare-som-bagskyttar\/\" \/>\n<meta property=\"og:locale\" content=\"sv_SE\" \/>\n<meta property=\"og:type\" content=\"article\" \/>\n<meta property=\"og:title\" content=\"Tempelriddare som b\u00e5gskyttar - Nederlandse Tempeliers\" \/>\n<meta property=\"og:description\" content=\"Tempelriddare som b\u00e5gskyttar De som \u00e4r tempelsoldater \u00e4r av Gud. Tempelriddarb\u00e5gskyttar Tempelriddare \u00e4r fr\u00e4mst k\u00e4nda som skickliga sv\u00e4rdsm\u00e4n och ryttare. Mindre k\u00e4nt \u00e4r att tempelriddarna ocks\u00e5 var duktiga b\u00e5gskyttar. M\u00e4stare [&hellip;]\" \/>\n<meta property=\"og:url\" content=\"https:\/\/nederlandsetempeliers.nl\/sv\/spar-av-det-forflutna\/tempelriddare-som-bagskyttar\/\" \/>\n<meta property=\"og:site_name\" content=\"Nederlandse Tempeliers\" \/>\n<meta property=\"article:modified_time\" content=\"2026-03-02T14:11:21+00:00\" \/>\n<meta property=\"og:image\" content=\"https:\/\/nederlandsetempeliers.nl\/wp-content\/uploads\/Dutch-order-v2.png\" \/>\n\t<meta property=\"og:image:width\" content=\"687\" \/>\n\t<meta property=\"og:image:height\" content=\"686\" \/>\n\t<meta property=\"og:image:type\" content=\"image\/png\" \/>\n<meta name=\"twitter:card\" content=\"summary_large_image\" \/>\n<meta name=\"twitter:label1\" content=\"Ber\u00e4knad l\u00e4stid\" \/>\n\t<meta name=\"twitter:data1\" content=\"1 minut\" \/>\n<script type=\"application\/ld+json\" class=\"yoast-schema-graph\">{\"@context\":\"https:\/\/schema.org\",\"@graph\":[{\"@type\":\"WebPage\",\"@id\":\"https:\/\/nederlandsetempeliers.nl\/sv\/spar-av-det-forflutna\/tempelriddare-som-bagskyttar\/\",\"url\":\"https:\/\/nederlandsetempeliers.nl\/sv\/spar-av-det-forflutna\/tempelriddare-som-bagskyttar\/\",\"name\":\"Tempelriddare som b\u00e5gskyttar - Nederlandse Tempeliers\",\"isPartOf\":{\"@id\":\"https:\/\/nederlandsetempeliers.nl\/sv\/#website\"},\"primaryImageOfPage\":{\"@id\":\"https:\/\/nederlandsetempeliers.nl\/sv\/spar-av-det-forflutna\/tempelriddare-som-bagskyttar\/#primaryimage\"},\"image\":{\"@id\":\"https:\/\/nederlandsetempeliers.nl\/sv\/spar-av-det-forflutna\/tempelriddare-som-bagskyttar\/#primaryimage\"},\"thumbnailUrl\":\"https:\/\/nederlandsetempeliers.nl\/wp-content\/uploads\/Dutch-order-v2-300x300.png\",\"datePublished\":\"2025-09-15T16:03:07+00:00\",\"dateModified\":\"2026-03-02T14:11:21+00:00\",\"breadcrumb\":{\"@id\":\"https:\/\/nederlandsetempeliers.nl\/sv\/spar-av-det-forflutna\/tempelriddare-som-bagskyttar\/#breadcrumb\"},\"inLanguage\":\"sv-SE\",\"potentialAction\":[{\"@type\":\"ReadAction\",\"target\":[\"https:\/\/nederlandsetempeliers.nl\/sv\/spar-av-det-forflutna\/tempelriddare-som-bagskyttar\/\"]}]},{\"@type\":\"ImageObject\",\"inLanguage\":\"sv-SE\",\"@id\":\"https:\/\/nederlandsetempeliers.nl\/sv\/spar-av-det-forflutna\/tempelriddare-som-bagskyttar\/#primaryimage\",\"url\":\"https:\/\/nederlandsetempeliers.nl\/wp-content\/uploads\/Dutch-order-v2-300x300.png\",\"contentUrl\":\"https:\/\/nederlandsetempeliers.nl\/wp-content\/uploads\/Dutch-order-v2-300x300.png\"},{\"@type\":\"BreadcrumbList\",\"@id\":\"https:\/\/nederlandsetempeliers.nl\/sv\/spar-av-det-forflutna\/tempelriddare-som-bagskyttar\/#breadcrumb\",\"itemListElement\":[{\"@type\":\"ListItem\",\"position\":1,\"name\":\"Home\",\"item\":\"https:\/\/nederlandsetempeliers.nl\/sv\/\"},{\"@type\":\"ListItem\",\"position\":2,\"name\":\"Sp\u00e5r av det f\u00f6rflutna\",\"item\":\"https:\/\/nederlandsetempeliers.nl\/sv\/sporen-uit-het-verleden\/\"},{\"@type\":\"ListItem\",\"position\":3,\"name\":\"Tempelriddare som b\u00e5gskyttar\"}]},{\"@type\":\"WebSite\",\"@id\":\"https:\/\/nederlandsetempeliers.nl\/sv\/#website\",\"url\":\"https:\/\/nederlandsetempeliers.nl\/sv\/\",\"name\":\"Nederlandse Tempeliers\",\"description\":\"The Black Knights Templars of Solomon\",\"publisher\":{\"@id\":\"https:\/\/nederlandsetempeliers.nl\/sv\/#organization\"},\"potentialAction\":[{\"@type\":\"SearchAction\",\"target\":{\"@type\":\"EntryPoint\",\"urlTemplate\":\"https:\/\/nederlandsetempeliers.nl\/sv\/?s={search_term_string}\"},\"query-input\":{\"@type\":\"PropertyValueSpecification\",\"valueRequired\":true,\"valueName\":\"search_term_string\"}}],\"inLanguage\":\"sv-SE\"},{\"@type\":\"Organization\",\"@id\":\"https:\/\/nederlandsetempeliers.nl\/sv\/#organization\",\"name\":\"Nederlandse Tempeliers\",\"url\":\"https:\/\/nederlandsetempeliers.nl\/sv\/\",\"logo\":{\"@type\":\"ImageObject\",\"inLanguage\":\"sv-SE\",\"@id\":\"https:\/\/nederlandsetempeliers.nl\/sv\/#\/schema\/logo\/image\/\",\"url\":\"https:\/\/nederlandsetempeliers.nl\/wp-content\/uploads\/Dutch-order-v2.png\",\"contentUrl\":\"https:\/\/nederlandsetempeliers.nl\/wp-content\/uploads\/Dutch-order-v2.png\",\"width\":687,\"height\":686,\"caption\":\"Nederlandse Tempeliers\"},\"image\":{\"@id\":\"https:\/\/nederlandsetempeliers.nl\/sv\/#\/schema\/logo\/image\/\"}}]}<\/script>\n<!-- \/ Yoast SEO plugin. -->","yoast_head_json":{"title":"Tempelriddare som b\u00e5gskyttar - Nederlandse Tempeliers","robots":{"index":"index","follow":"follow","max-snippet":"max-snippet:-1","max-image-preview":"max-image-preview:large","max-video-preview":"max-video-preview:-1"},"canonical":"https:\/\/nederlandsetempeliers.nl\/sv\/spar-av-det-forflutna\/tempelriddare-som-bagskyttar\/","og_locale":"sv_SE","og_type":"article","og_title":"Tempelriddare som b\u00e5gskyttar - Nederlandse Tempeliers","og_description":"Tempelriddare som b\u00e5gskyttar De som \u00e4r tempelsoldater \u00e4r av Gud. Tempelriddarb\u00e5gskyttar Tempelriddare \u00e4r fr\u00e4mst k\u00e4nda som skickliga sv\u00e4rdsm\u00e4n och ryttare. Mindre k\u00e4nt \u00e4r att tempelriddarna ocks\u00e5 var duktiga b\u00e5gskyttar. M\u00e4stare [&hellip;]","og_url":"https:\/\/nederlandsetempeliers.nl\/sv\/spar-av-det-forflutna\/tempelriddare-som-bagskyttar\/","og_site_name":"Nederlandse Tempeliers","article_modified_time":"2026-03-02T14:11:21+00:00","og_image":[{"width":687,"height":686,"url":"https:\/\/nederlandsetempeliers.nl\/wp-content\/uploads\/Dutch-order-v2.png","type":"image\/png"}],"twitter_card":"summary_large_image","twitter_misc":{"Ber\u00e4knad l\u00e4stid":"1 minut"},"schema":{"@context":"https:\/\/schema.org","@graph":[{"@type":"WebPage","@id":"https:\/\/nederlandsetempeliers.nl\/sv\/spar-av-det-forflutna\/tempelriddare-som-bagskyttar\/","url":"https:\/\/nederlandsetempeliers.nl\/sv\/spar-av-det-forflutna\/tempelriddare-som-bagskyttar\/","name":"Tempelriddare som b\u00e5gskyttar - Nederlandse Tempeliers","isPartOf":{"@id":"https:\/\/nederlandsetempeliers.nl\/sv\/#website"},"primaryImageOfPage":{"@id":"https:\/\/nederlandsetempeliers.nl\/sv\/spar-av-det-forflutna\/tempelriddare-som-bagskyttar\/#primaryimage"},"image":{"@id":"https:\/\/nederlandsetempeliers.nl\/sv\/spar-av-det-forflutna\/tempelriddare-som-bagskyttar\/#primaryimage"},"thumbnailUrl":"https:\/\/nederlandsetempeliers.nl\/wp-content\/uploads\/Dutch-order-v2-300x300.png","datePublished":"2025-09-15T16:03:07+00:00","dateModified":"2026-03-02T14:11:21+00:00","breadcrumb":{"@id":"https:\/\/nederlandsetempeliers.nl\/sv\/spar-av-det-forflutna\/tempelriddare-som-bagskyttar\/#breadcrumb"},"inLanguage":"sv-SE","potentialAction":[{"@type":"ReadAction","target":["https:\/\/nederlandsetempeliers.nl\/sv\/spar-av-det-forflutna\/tempelriddare-som-bagskyttar\/"]}]},{"@type":"ImageObject","inLanguage":"sv-SE","@id":"https:\/\/nederlandsetempeliers.nl\/sv\/spar-av-det-forflutna\/tempelriddare-som-bagskyttar\/#primaryimage","url":"https:\/\/nederlandsetempeliers.nl\/wp-content\/uploads\/Dutch-order-v2-300x300.png","contentUrl":"https:\/\/nederlandsetempeliers.nl\/wp-content\/uploads\/Dutch-order-v2-300x300.png"},{"@type":"BreadcrumbList","@id":"https:\/\/nederlandsetempeliers.nl\/sv\/spar-av-det-forflutna\/tempelriddare-som-bagskyttar\/#breadcrumb","itemListElement":[{"@type":"ListItem","position":1,"name":"Home","item":"https:\/\/nederlandsetempeliers.nl\/sv\/"},{"@type":"ListItem","position":2,"name":"Sp\u00e5r av det f\u00f6rflutna","item":"https:\/\/nederlandsetempeliers.nl\/sv\/sporen-uit-het-verleden\/"},{"@type":"ListItem","position":3,"name":"Tempelriddare som b\u00e5gskyttar"}]},{"@type":"WebSite","@id":"https:\/\/nederlandsetempeliers.nl\/sv\/#website","url":"https:\/\/nederlandsetempeliers.nl\/sv\/","name":"Nederlandse Tempeliers","description":"The Black Knights Templars of Solomon","publisher":{"@id":"https:\/\/nederlandsetempeliers.nl\/sv\/#organization"},"potentialAction":[{"@type":"SearchAction","target":{"@type":"EntryPoint","urlTemplate":"https:\/\/nederlandsetempeliers.nl\/sv\/?s={search_term_string}"},"query-input":{"@type":"PropertyValueSpecification","valueRequired":true,"valueName":"search_term_string"}}],"inLanguage":"sv-SE"},{"@type":"Organization","@id":"https:\/\/nederlandsetempeliers.nl\/sv\/#organization","name":"Nederlandse Tempeliers","url":"https:\/\/nederlandsetempeliers.nl\/sv\/","logo":{"@type":"ImageObject","inLanguage":"sv-SE","@id":"https:\/\/nederlandsetempeliers.nl\/sv\/#\/schema\/logo\/image\/","url":"https:\/\/nederlandsetempeliers.nl\/wp-content\/uploads\/Dutch-order-v2.png","contentUrl":"https:\/\/nederlandsetempeliers.nl\/wp-content\/uploads\/Dutch-order-v2.png","width":687,"height":686,"caption":"Nederlandse Tempeliers"},"image":{"@id":"https:\/\/nederlandsetempeliers.nl\/sv\/#\/schema\/logo\/image\/"}}]}},"_links":{"self":[{"href":"https:\/\/nederlandsetempeliers.nl\/sv\/wp-json\/wp\/v2\/pages\/3042","targetHints":{"allow":["GET"]}}],"collection":[{"href":"https:\/\/nederlandsetempeliers.nl\/sv\/wp-json\/wp\/v2\/pages"}],"about":[{"href":"https:\/\/nederlandsetempeliers.nl\/sv\/wp-json\/wp\/v2\/types\/page"}],"author":[{"embeddable":true,"href":"https:\/\/nederlandsetempeliers.nl\/sv\/wp-json\/wp\/v2\/users\/2"}],"replies":[{"embeddable":true,"href":"https:\/\/nederlandsetempeliers.nl\/sv\/wp-json\/wp\/v2\/comments?post=3042"}],"version-history":[{"count":1,"href":"https:\/\/nederlandsetempeliers.nl\/sv\/wp-json\/wp\/v2\/pages\/3042\/revisions"}],"predecessor-version":[{"id":3049,"href":"https:\/\/nederlandsetempeliers.nl\/sv\/wp-json\/wp\/v2\/pages\/3042\/revisions\/3049"}],"up":[{"embeddable":true,"href":"https:\/\/nederlandsetempeliers.nl\/sv\/wp-json\/wp\/v2\/pages\/4934"}],"wp:attachment":[{"href":"https:\/\/nederlandsetempeliers.nl\/sv\/wp-json\/wp\/v2\/media?parent=3042"}],"curies":[{"name":"wp","href":"https:\/\/api.w.org\/{rel}","templated":true}]}}