{"id":3272,"date":"2025-07-28T15:39:31","date_gmt":"2025-07-28T13:39:31","guid":{"rendered":"https:\/\/nederlandsetempeliers.nl\/7-dygder-7-synder\/"},"modified":"2026-03-02T15:11:19","modified_gmt":"2026-03-02T14:11:19","slug":"7-dygder-7-synder","status":"publish","type":"page","link":"https:\/\/nederlandsetempeliers.nl\/sv\/spar-av-det-forflutna\/7-dygder-7-synder\/","title":{"rendered":"7 dygder &#8211; 7 synder"},"content":{"rendered":"\t\t<div data-elementor-type=\"wp-page\" data-elementor-id=\"3272\" class=\"elementor elementor-3272 elementor-932\" data-elementor-post-type=\"page\">\n\t\t\t\t\t\t<section class=\"elementor-section elementor-top-section elementor-element elementor-element-3a7515f9 elementor-section-height-min-height elementor-section-boxed elementor-section-height-default elementor-section-items-middle\" data-id=\"3a7515f9\" data-element_type=\"section\" data-e-type=\"section\" data-settings=\"{&quot;background_background&quot;:&quot;classic&quot;}\">\n\t\t\t\t\t\t<div class=\"elementor-container elementor-column-gap-default\">\n\t\t\t\t\t<div class=\"elementor-column elementor-col-100 elementor-top-column elementor-element elementor-element-519633d1\" data-id=\"519633d1\" data-element_type=\"column\" data-e-type=\"column\">\n\t\t\t<div class=\"elementor-widget-wrap elementor-element-populated\">\n\t\t\t\t\t\t<div class=\"elementor-element elementor-element-154381a2 elementor-widget elementor-widget-heading\" data-id=\"154381a2\" data-element_type=\"widget\" data-e-type=\"widget\" data-widget_type=\"heading.default\">\n\t\t\t\t<div class=\"elementor-widget-container\">\n\t\t\t\t\t<h2 class=\"elementor-heading-title elementor-size-default\">7 dygder - 7 synder<\/h2>\t\t\t\t<\/div>\n\t\t\t\t<\/div>\n\t\t\t\t<div class=\"elementor-element elementor-element-43950f86 elementor-widget elementor-widget-text-editor\" data-id=\"43950f86\" data-element_type=\"widget\" data-e-type=\"widget\" data-widget_type=\"text-editor.default\">\n\t\t\t\t<div class=\"elementor-widget-container\">\n\t\t\t\t\t\t\t\t\t<p>De som \u00e4r tempelsoldater \u00e4r <b>av Gud.<\/b><\/p>\t\t\t\t\t\t\t\t<\/div>\n\t\t\t\t<\/div>\n\t\t\t\t<div class=\"elementor-element elementor-element-7afeca90 elementor-widget elementor-widget-image\" data-id=\"7afeca90\" data-element_type=\"widget\" data-e-type=\"widget\" data-widget_type=\"image.default\">\n\t\t\t\t<div class=\"elementor-widget-container\">\n\t\t\t\t\t\t\t\t\t\t\t\t\t\t\t<img fetchpriority=\"high\" decoding=\"async\" width=\"300\" height=\"300\" src=\"https:\/\/nederlandsetempeliers.nl\/wp-content\/uploads\/Dutch-order-v2-300x300.png\" class=\"attachment-medium size-medium wp-image-2959\" alt=\"Cena de Seder medieval con s\u00edmbolos de P\u00e9saj, flanqueada por dos Caballeros Templarios como guardianes\" srcset=\"https:\/\/nederlandsetempeliers.nl\/wp-content\/uploads\/Dutch-order-v2-300x300.png 300w, https:\/\/nederlandsetempeliers.nl\/wp-content\/uploads\/Dutch-order-v2-150x150.png 150w, https:\/\/nederlandsetempeliers.nl\/wp-content\/uploads\/Dutch-order-v2.png 687w\" sizes=\"(max-width: 300px) 100vw, 300px\" \/>\t\t\t\t\t\t\t\t\t\t\t\t\t\t\t<\/div>\n\t\t\t\t<\/div>\n\t\t\t\t\t<\/div>\n\t\t<\/div>\n\t\t\t\t\t<\/div>\n\t\t<\/section>\n\t\t\t\t<section class=\"elementor-section elementor-top-section elementor-element elementor-element-51f144e2 elementor-section-boxed elementor-section-height-default elementor-section-height-default\" data-id=\"51f144e2\" data-element_type=\"section\" data-e-type=\"section\" data-settings=\"{&quot;background_background&quot;:&quot;classic&quot;,&quot;shape_divider_bottom&quot;:&quot;triangle&quot;,&quot;shape_divider_bottom_negative&quot;:&quot;yes&quot;}\">\n\t\t\t\t\t<div class=\"elementor-shape elementor-shape-bottom\" aria-hidden=\"true\" data-negative=\"true\">\n\t\t\t<svg xmlns=\"http:\/\/www.w3.org\/2000\/svg\" viewBox=\"0 0 1000 100\" preserveAspectRatio=\"none\">\n\t<path class=\"elementor-shape-fill\" d=\"M500.2,94.7L0,0v100h1000V0L500.2,94.7z\"\/>\n<\/svg>\t\t<\/div>\n\t\t\t\t\t<div class=\"elementor-container elementor-column-gap-default\">\n\t\t\t\t\t<div class=\"elementor-column elementor-col-100 elementor-top-column elementor-element elementor-element-faab179\" data-id=\"faab179\" data-element_type=\"column\" data-e-type=\"column\">\n\t\t\t<div class=\"elementor-widget-wrap elementor-element-populated\">\n\t\t\t\t\t\t<div class=\"elementor-element elementor-element-4f8f8cc elementor-widget__width-auto elementor-view-default elementor-widget elementor-widget-icon\" data-id=\"4f8f8cc\" data-element_type=\"widget\" data-e-type=\"widget\" data-widget_type=\"icon.default\">\n\t\t\t\t<div class=\"elementor-widget-container\">\n\t\t\t\t\t\t\t<div class=\"elementor-icon-wrapper\">\n\t\t\t<div class=\"elementor-icon\">\n\t\t\t<i aria-hidden=\"true\" class=\"fas fa-grip-lines\"><\/i>\t\t\t<\/div>\n\t\t<\/div>\n\t\t\t\t\t\t<\/div>\n\t\t\t\t<\/div>\n\t\t\t\t<div class=\"elementor-element elementor-element-4871e44a elementor-widget__width-auto elementor-widget elementor-widget-heading\" data-id=\"4871e44a\" data-element_type=\"widget\" data-e-type=\"widget\" data-widget_type=\"heading.default\">\n\t\t\t\t<div class=\"elementor-widget-container\">\n\t\t\t\t\t<h2 class=\"elementor-heading-title elementor-size-default\">7 dygder - 7 synder<\/h2>\t\t\t\t<\/div>\n\t\t\t\t<\/div>\n\t\t\t\t<div class=\"elementor-element elementor-element-5e3cc42a elementor-widget__width-auto elementor-view-default elementor-widget elementor-widget-icon\" data-id=\"5e3cc42a\" data-element_type=\"widget\" data-e-type=\"widget\" data-widget_type=\"icon.default\">\n\t\t\t\t<div class=\"elementor-widget-container\">\n\t\t\t\t\t\t\t<div class=\"elementor-icon-wrapper\">\n\t\t\t<div class=\"elementor-icon\">\n\t\t\t<i aria-hidden=\"true\" class=\"fas fa-grip-lines\"><\/i>\t\t\t<\/div>\n\t\t<\/div>\n\t\t\t\t\t\t<\/div>\n\t\t\t\t<\/div>\n\t\t\t\t\t<\/div>\n\t\t<\/div>\n\t\t\t\t\t<\/div>\n\t\t<\/section>\n\t\t\t\t<section class=\"elementor-section elementor-top-section elementor-element elementor-element-6910ad elementor-section-boxed elementor-section-height-default elementor-section-height-default\" data-id=\"6910ad\" data-element_type=\"section\" data-e-type=\"section\">\n\t\t\t\t\t\t<div class=\"elementor-container elementor-column-gap-default\">\n\t\t\t\t\t<div class=\"elementor-column elementor-col-100 elementor-top-column elementor-element elementor-element-670c1578\" data-id=\"670c1578\" data-element_type=\"column\" data-e-type=\"column\">\n\t\t\t<div class=\"elementor-widget-wrap elementor-element-populated\">\n\t\t\t\t\t\t<div class=\"elementor-element elementor-element-ae96fde elementor-widget elementor-widget-heading\" data-id=\"ae96fde\" data-element_type=\"widget\" data-e-type=\"widget\" data-widget_type=\"heading.default\">\n\t\t\t\t<div class=\"elementor-widget-container\">\n\t\t\t\t\t<h2 class=\"elementor-heading-title elementor-size-default\">Graven f\u00f6r Engelbrecht II och Cimburga i Baden<\/h2>\t\t\t\t<\/div>\n\t\t\t\t<\/div>\n\t\t\t\t<div class=\"elementor-element elementor-element-155dc1ed elementor-widget elementor-widget-text-editor\" data-id=\"155dc1ed\" data-element_type=\"widget\" data-e-type=\"widget\" data-widget_type=\"text-editor.default\">\n\t\t\t\t<div class=\"elementor-widget-container\">\n\t\t\t\t\t\t\t\t\t<p><b>Marcus Atilius Regulus <\/b> Generositet &#8211; Liberalitas 267 Chr<\/p><p>var en romersk statsman och soldat. Inskription: M.Attilus Fidem Infractus Seravi &gt; Jag har h\u00e5llit mitt ord obrutet <\/p><p><strong>Hanibal Barekas <\/strong>&#8211; Uth\u00e5llighet &#8211; Perseverantia 247 f.Kr.<\/p><p><b>Filip II av Makedonien &#8211; <\/b>F\u00f6rsiktighet &#8211; Prudentia 382 f.Kr.<\/p><p><b>Julius Caesar 42 <\/b>&#8211; Tapperhet &#8211; Fortitudo 42 f.Kr.<br>Inskription: Virtute Bellica Imperavi Fortitudo &gt; genom kampsport har jag h\u00e4rskat \u00f6ver<\/p>\t\t\t\t\t\t\t\t<\/div>\n\t\t\t\t<\/div>\n\t\t\t\t\t<\/div>\n\t\t<\/div>\n\t\t\t\t\t<\/div>\n\t\t<\/section>\n\t\t\t\t<section class=\"elementor-section elementor-top-section elementor-element elementor-element-a738fec elementor-section-boxed elementor-section-height-default elementor-section-height-default\" data-id=\"a738fec\" data-element_type=\"section\" data-e-type=\"section\">\n\t\t\t\t\t\t<div class=\"elementor-container elementor-column-gap-default\">\n\t\t\t\t\t<div class=\"elementor-column elementor-col-50 elementor-top-column elementor-element elementor-element-ca18dc6\" data-id=\"ca18dc6\" data-element_type=\"column\" data-e-type=\"column\">\n\t\t\t<div class=\"elementor-widget-wrap elementor-element-populated\">\n\t\t\t\t\t\t<div class=\"elementor-element elementor-element-071e17d elementor-widget elementor-widget-text-editor\" data-id=\"071e17d\" data-element_type=\"widget\" data-e-type=\"widget\" data-widget_type=\"text-editor.default\">\n\t\t\t\t<div class=\"elementor-widget-container\">\n\t\t\t\t\t\t\t\t\t<p>7 kardinaldygder \u2013 kristna dygder<\/p><p>1. <b>Prudentia<\/b> &#8211; F\u00f6rsiktighet &#8211; Visdom &#8211; Visdom<\/p><p>2. <b>Iustitia<\/b> &#8211; R\u00e4ttvisa &#8211; R\u00e4ttf\u00e4rdighet<\/p><p>3. <b>M\u00e5ttfullhet<\/b> &#8211; M\u00e5ttfullhet &#8211; M\u00e5ttfullhet &#8211; Sj\u00e4lvkontroll<\/p><p>4. <b>Styrka<\/b> \u2013 Mod \u2013 styrka \u2013 uth\u00e5llighet \u2013 uth\u00e5llighet \u2013 fokus<\/p><p>5. <b>Fides<\/b> &#8211; Tro, ofta beskriven som Pietas i latinska texter<\/p><p>6. <b>Spes<\/b> &#8211; Hopp<\/p><p>7. <b>Caritas<\/b> &#8211; V\u00e4lg\u00f6renhet\/K\u00e4rlek &#8211; v\u00e4lg\u00f6renhet<\/p>\t\t\t\t\t\t\t\t<\/div>\n\t\t\t\t<\/div>\n\t\t\t\t\t<\/div>\n\t\t<\/div>\n\t\t\t\t<div class=\"elementor-column elementor-col-50 elementor-top-column elementor-element elementor-element-b9894a6\" data-id=\"b9894a6\" data-element_type=\"column\" data-e-type=\"column\">\n\t\t\t<div class=\"elementor-widget-wrap elementor-element-populated\">\n\t\t\t\t\t\t<div class=\"elementor-element elementor-element-eb88353 elementor-widget elementor-widget-text-editor\" data-id=\"eb88353\" data-element_type=\"widget\" data-e-type=\"widget\" data-widget_type=\"text-editor.default\">\n\t\t\t\t<div class=\"elementor-widget-container\">\n\t\t\t\t\t\t\t\t\t<p>7 synder<\/p><ol><li><b>Superbia<\/b> \u2013 stolthet \u2013 stolthet \u2013 f\u00e5f\u00e4nga<br>Satan<\/li><li><b>Avaritia<\/b> \u2013 girighet \u2013 girighet<br>Mammon<\/li><li><b>Luxuria<\/b> \u2013 ovisshet \u2013 lust \u2013 lust<br>Asmodeus<\/li><li><b>Invidia<\/b> &#8211; avundsjuka &#8211; avundsjuka<br>Leviathan<\/li><li><b>Gula<\/b> \u2013 m\u00e5ttfullhet \u2013 frosseri\u2014frosseri\u2014frosseri\u2014frosseri.<br>Beelzebub<\/li><li><b>Ira<\/b> \u2013 ilska \u2013 vrede \u2013 h\u00e4mnd \u2013 hat<br>Amon<\/li><li><b>Acedia<\/b> \u2013 l\u00e5ngsamhet \u2013 lathet \u2013 lathet<br>Belfagor<\/li><\/ol>\t\t\t\t\t\t\t\t<\/div>\n\t\t\t\t<\/div>\n\t\t\t\t\t<\/div>\n\t\t<\/div>\n\t\t\t\t\t<\/div>\n\t\t<\/section>\n\t\t\t\t<section class=\"elementor-section elementor-top-section elementor-element elementor-element-c1d4018 elementor-section-content-middle elementor-section-boxed elementor-section-height-default elementor-section-height-default\" data-id=\"c1d4018\" data-element_type=\"section\" data-e-type=\"section\">\n\t\t\t\t\t\t<div class=\"elementor-container elementor-column-gap-default\">\n\t\t\t\t\t<div class=\"elementor-column elementor-col-100 elementor-top-column elementor-element elementor-element-6404eae\" data-id=\"6404eae\" data-element_type=\"column\" data-e-type=\"column\">\n\t\t\t<div class=\"elementor-widget-wrap elementor-element-populated\">\n\t\t\t\t\t\t<div class=\"elementor-element elementor-element-571d6be elementor-widget elementor-widget-text-editor\" data-id=\"571d6be\" data-element_type=\"widget\" data-e-type=\"widget\" data-widget_type=\"text-editor.default\">\n\t\t\t\t<div class=\"elementor-widget-container\">\n\t\t\t\t\t\t\t\t\t<p><b>I Bibeln \u00e4r mammon en indikation p\u00e5 pengar eller rikedom, vilket kan bli en avgud f\u00f6r m\u00e4nniskor.<\/b><\/p>\n<p><b>Asmodeus \u00e4r en demon i den deuterkanoniska bibelboken Tobit, bland andra.<\/b><br>Tobit eller Tobiah \u00e4r en bok som ing\u00e5r i Gamla testamentet som en deuterokanonisk bok inom den katolska och ortodoxa traditionen. De flesta protestanter betraktar det som en apokryfisk skrift.<br>Apokryfisk = religi\u00f6sa skrifter vars helighet, \u00e4kthet eller auktoritet inte \u00e4r &nbsp;&nbsp;  .  .&nbsp;&nbsp;&nbsp;&nbsp;&nbsp;&nbsp;&nbsp;&nbsp;&nbsp;&nbsp;&nbsp;&nbsp;&nbsp;&nbsp;&nbsp;&nbsp;&nbsp;&nbsp;&nbsp;&nbsp;&nbsp;&nbsp;&nbsp;&nbsp;&nbsp;&nbsp;&nbsp;&nbsp;&nbsp;&nbsp;&nbsp;&nbsp;&nbsp;&nbsp;&nbsp;&nbsp;&nbsp;&nbsp;&nbsp;&nbsp;&nbsp;  erk\u00e4nns. Adjektivet &#8217;apokryfisk&#8217; kommer fr\u00e5n grekiskans \u03b1\u03c0\u03bf\u03ba\u03c1\u03c5\u03c6\u03bf\u03c2. &nbsp;&nbsp;&nbsp;  .  . .&nbsp;&nbsp;&nbsp;&nbsp;&nbsp;&nbsp;&nbsp;&nbsp;&nbsp;&nbsp;&nbsp;&nbsp;&nbsp;&nbsp;&nbsp;&nbsp;&nbsp;&nbsp;&nbsp;&nbsp;&nbsp;&nbsp;&nbsp;&nbsp;&nbsp;&nbsp;&nbsp;&nbsp;&nbsp;&nbsp;&nbsp;&nbsp;&nbsp;&nbsp;&nbsp;&nbsp;&nbsp;&nbsp;&nbsp;&nbsp;&nbsp;  Apokruphos.<\/p>\n<p><b>Leviathan \u00e4r faraos kraft fr\u00e5n Egypten. Enligt Gamla testamentets tro br\u00f6ts den makten med utt\u00e5get fr\u00e5n Egypten.<br><\/b>Leviathan (utan H): Leviathan (hebreiska: \u05dc\u05b4\u05d5\u05b0\u05d9\u05b8\u05ea\u05b8\u05df, liwjatan, &#8221;den vridande&#8221;) \u00e4r ett havsmonster med ursprung i f\u00f6rhistorisk tid som n\u00e4mns i den hebreiska Bibeln. Leviatan var redan k\u00e4nd i den feniciska mytologin i det forntida Kanaan under namnet Lotan eller Lothan (h\u00e4rlett fr\u00e5n lawtan), en orm. <\/p>\n<p><b>Beelzebub: hebreiska \u05d1\u05b7\u05bc\u05e2\u05b7\u05dc \u05d6\u05b0\u05d1\u05d5\u05bc\u05d1, Ba&#8217;al Zebub, bokstavligen &#8221;flugornas herre&#8221; \u2013 &#8221;husets herre&#8221;.<\/b><br>I Nya testamentet betyder det &#8221;demonernas furste&#8221; eller dj\u00e4vul \/ satan.<\/p>\n<p><b>Amon: solgud. Av egyptierna kallade vi ocks\u00e5 Ra \u2013 Rha, eller Amun-Ra. <\/b><br>&nbsp;Amun, \u00e4ven stavat Aamon, \u00e4r en markis av helvetet inom demonologi som befaller fyrtio legioner av demoner. Han ber\u00e4ttar saker om det f\u00f6rflutna och framtiden. Han \u00e4r en av Astaroths assistenter och en av de tre demonerna i Satanachias tj\u00e4nst, samt en av de mest trofasta av de stora demonerna. Hans namn betyder rikedom, girighetens upphetsning. Den har ocks\u00e5 identifierats med synden hat.    <\/p>\n<p><b>Belfagor \u00e4r en demon, en av &#8217;de sju furstarna i helvetet&#8217;. Han ansvarar f\u00f6r att hj\u00e4lpa m\u00e4nniskor att g\u00f6ra geniala uppfinningar och g\u00f6ra uppt\u00e4ckter. Belphegors primtal \u00e4r talet 1000000000000066600000000000001, vilket \u00e4r ett palindromprimtal.<\/b><br>Numret inneh\u00e5ller de element som syftar p\u00e5 vidskepelse, vilket gav numret detta namn. I mitten finns siffran 666, k\u00e4nd fr\u00e5n Bibeln som odjurets nummer (eller i allm\u00e4nhet som dj\u00e4vulens nummer). Till v\u00e4nster och h\u00f6ger om detta tal finns 13 nollor i detta palindromnummer. Siffran 13 \u00e4r f\u00f6rknippad med otur. Dessutom best\u00e5r hela primtalet av 31 siffror. L\u00e4s bakl\u00e4nges, det \u00e4r \u00e5terigen 13. Det finns (f\u00f6rst\u00e5s) fler siffror som har &#8217;666&#8217; i mitten, flankeras av nollor och en etta. Dessa palindromer kallas Belphegor-serien, i analogi med primtalet.       <\/p>\t\t\t\t\t\t\t\t<\/div>\n\t\t\t\t<\/div>\n\t\t\t\t\t<\/div>\n\t\t<\/div>\n\t\t\t\t\t<\/div>\n\t\t<\/section>\n\t\t\t\t<\/div>\n\t\t","protected":false},"excerpt":{"rendered":"<p>7 dygder &#8211; 7 synder De som \u00e4r tempelsoldater \u00e4r av Gud. 7 dygder &#8211; 7 synder Graven f\u00f6r Engelbrecht II och Cimburga i Baden Marcus Atilius Regulus Generositet &#8211; [&hellip;]<\/p>\n","protected":false},"author":2,"featured_media":0,"parent":4934,"menu_order":0,"comment_status":"closed","ping_status":"closed","template":"","meta":{"footnotes":""},"class_list":["post-3272","page","type-page","status-publish","hentry"],"yoast_head":"<!-- This site is optimized with the Yoast SEO plugin v27.2 - https:\/\/yoast.com\/product\/yoast-seo-wordpress\/ -->\n<title>7 dygder - 7 synder - Nederlandse Tempeliers<\/title>\n<meta name=\"robots\" content=\"index, follow, max-snippet:-1, max-image-preview:large, max-video-preview:-1\" \/>\n<link rel=\"canonical\" href=\"https:\/\/nederlandsetempeliers.nl\/sv\/spar-av-det-forflutna\/7-dygder-7-synder\/\" \/>\n<meta property=\"og:locale\" content=\"sv_SE\" \/>\n<meta property=\"og:type\" content=\"article\" \/>\n<meta property=\"og:title\" content=\"7 dygder - 7 synder - Nederlandse Tempeliers\" \/>\n<meta property=\"og:description\" content=\"7 dygder &#8211; 7 synder De som \u00e4r tempelsoldater \u00e4r av Gud. 7 dygder &#8211; 7 synder Graven f\u00f6r Engelbrecht II och Cimburga i Baden Marcus Atilius Regulus Generositet &#8211; [&hellip;]\" \/>\n<meta property=\"og:url\" content=\"https:\/\/nederlandsetempeliers.nl\/sv\/spar-av-det-forflutna\/7-dygder-7-synder\/\" \/>\n<meta property=\"og:site_name\" content=\"Nederlandse Tempeliers\" \/>\n<meta property=\"article:modified_time\" content=\"2026-03-02T14:11:19+00:00\" \/>\n<meta property=\"og:image\" content=\"https:\/\/nederlandsetempeliers.nl\/wp-content\/uploads\/Dutch-order-v2.png\" \/>\n\t<meta property=\"og:image:width\" content=\"687\" \/>\n\t<meta property=\"og:image:height\" content=\"686\" \/>\n\t<meta property=\"og:image:type\" content=\"image\/png\" \/>\n<meta name=\"twitter:card\" content=\"summary_large_image\" \/>\n<meta name=\"twitter:label1\" content=\"Ber\u00e4knad l\u00e4stid\" \/>\n\t<meta name=\"twitter:data1\" content=\"3 minuter\" \/>\n<script type=\"application\/ld+json\" class=\"yoast-schema-graph\">{\"@context\":\"https:\/\/schema.org\",\"@graph\":[{\"@type\":\"WebPage\",\"@id\":\"https:\/\/nederlandsetempeliers.nl\/sv\/spar-av-det-forflutna\/7-dygder-7-synder\/\",\"url\":\"https:\/\/nederlandsetempeliers.nl\/sv\/spar-av-det-forflutna\/7-dygder-7-synder\/\",\"name\":\"7 dygder - 7 synder - Nederlandse Tempeliers\",\"isPartOf\":{\"@id\":\"https:\/\/nederlandsetempeliers.nl\/sv\/#website\"},\"primaryImageOfPage\":{\"@id\":\"https:\/\/nederlandsetempeliers.nl\/sv\/spar-av-det-forflutna\/7-dygder-7-synder\/#primaryimage\"},\"image\":{\"@id\":\"https:\/\/nederlandsetempeliers.nl\/sv\/spar-av-det-forflutna\/7-dygder-7-synder\/#primaryimage\"},\"thumbnailUrl\":\"https:\/\/nederlandsetempeliers.nl\/wp-content\/uploads\/Dutch-order-v2-300x300.png\",\"datePublished\":\"2025-07-28T13:39:31+00:00\",\"dateModified\":\"2026-03-02T14:11:19+00:00\",\"breadcrumb\":{\"@id\":\"https:\/\/nederlandsetempeliers.nl\/sv\/spar-av-det-forflutna\/7-dygder-7-synder\/#breadcrumb\"},\"inLanguage\":\"sv-SE\",\"potentialAction\":[{\"@type\":\"ReadAction\",\"target\":[\"https:\/\/nederlandsetempeliers.nl\/sv\/spar-av-det-forflutna\/7-dygder-7-synder\/\"]}]},{\"@type\":\"ImageObject\",\"inLanguage\":\"sv-SE\",\"@id\":\"https:\/\/nederlandsetempeliers.nl\/sv\/spar-av-det-forflutna\/7-dygder-7-synder\/#primaryimage\",\"url\":\"https:\/\/nederlandsetempeliers.nl\/wp-content\/uploads\/Dutch-order-v2-300x300.png\",\"contentUrl\":\"https:\/\/nederlandsetempeliers.nl\/wp-content\/uploads\/Dutch-order-v2-300x300.png\"},{\"@type\":\"BreadcrumbList\",\"@id\":\"https:\/\/nederlandsetempeliers.nl\/sv\/spar-av-det-forflutna\/7-dygder-7-synder\/#breadcrumb\",\"itemListElement\":[{\"@type\":\"ListItem\",\"position\":1,\"name\":\"Home\",\"item\":\"https:\/\/nederlandsetempeliers.nl\/sv\/\"},{\"@type\":\"ListItem\",\"position\":2,\"name\":\"Sp\u00e5r av det f\u00f6rflutna\",\"item\":\"https:\/\/nederlandsetempeliers.nl\/sv\/sporen-uit-het-verleden\/\"},{\"@type\":\"ListItem\",\"position\":3,\"name\":\"7 dygder \u2013 7 synder\"}]},{\"@type\":\"WebSite\",\"@id\":\"https:\/\/nederlandsetempeliers.nl\/sv\/#website\",\"url\":\"https:\/\/nederlandsetempeliers.nl\/sv\/\",\"name\":\"Nederlandse Tempeliers\",\"description\":\"The Black Knights Templars of Solomon\",\"publisher\":{\"@id\":\"https:\/\/nederlandsetempeliers.nl\/sv\/#organization\"},\"potentialAction\":[{\"@type\":\"SearchAction\",\"target\":{\"@type\":\"EntryPoint\",\"urlTemplate\":\"https:\/\/nederlandsetempeliers.nl\/sv\/?s={search_term_string}\"},\"query-input\":{\"@type\":\"PropertyValueSpecification\",\"valueRequired\":true,\"valueName\":\"search_term_string\"}}],\"inLanguage\":\"sv-SE\"},{\"@type\":\"Organization\",\"@id\":\"https:\/\/nederlandsetempeliers.nl\/sv\/#organization\",\"name\":\"Nederlandse Tempeliers\",\"url\":\"https:\/\/nederlandsetempeliers.nl\/sv\/\",\"logo\":{\"@type\":\"ImageObject\",\"inLanguage\":\"sv-SE\",\"@id\":\"https:\/\/nederlandsetempeliers.nl\/sv\/#\/schema\/logo\/image\/\",\"url\":\"https:\/\/nederlandsetempeliers.nl\/wp-content\/uploads\/Dutch-order-v2.png\",\"contentUrl\":\"https:\/\/nederlandsetempeliers.nl\/wp-content\/uploads\/Dutch-order-v2.png\",\"width\":687,\"height\":686,\"caption\":\"Nederlandse Tempeliers\"},\"image\":{\"@id\":\"https:\/\/nederlandsetempeliers.nl\/sv\/#\/schema\/logo\/image\/\"}}]}<\/script>\n<!-- \/ Yoast SEO plugin. -->","yoast_head_json":{"title":"7 dygder - 7 synder - Nederlandse Tempeliers","robots":{"index":"index","follow":"follow","max-snippet":"max-snippet:-1","max-image-preview":"max-image-preview:large","max-video-preview":"max-video-preview:-1"},"canonical":"https:\/\/nederlandsetempeliers.nl\/sv\/spar-av-det-forflutna\/7-dygder-7-synder\/","og_locale":"sv_SE","og_type":"article","og_title":"7 dygder - 7 synder - Nederlandse Tempeliers","og_description":"7 dygder &#8211; 7 synder De som \u00e4r tempelsoldater \u00e4r av Gud. 7 dygder &#8211; 7 synder Graven f\u00f6r Engelbrecht II och Cimburga i Baden Marcus Atilius Regulus Generositet &#8211; [&hellip;]","og_url":"https:\/\/nederlandsetempeliers.nl\/sv\/spar-av-det-forflutna\/7-dygder-7-synder\/","og_site_name":"Nederlandse Tempeliers","article_modified_time":"2026-03-02T14:11:19+00:00","og_image":[{"width":687,"height":686,"url":"https:\/\/nederlandsetempeliers.nl\/wp-content\/uploads\/Dutch-order-v2.png","type":"image\/png"}],"twitter_card":"summary_large_image","twitter_misc":{"Ber\u00e4knad l\u00e4stid":"3 minuter"},"schema":{"@context":"https:\/\/schema.org","@graph":[{"@type":"WebPage","@id":"https:\/\/nederlandsetempeliers.nl\/sv\/spar-av-det-forflutna\/7-dygder-7-synder\/","url":"https:\/\/nederlandsetempeliers.nl\/sv\/spar-av-det-forflutna\/7-dygder-7-synder\/","name":"7 dygder - 7 synder - Nederlandse Tempeliers","isPartOf":{"@id":"https:\/\/nederlandsetempeliers.nl\/sv\/#website"},"primaryImageOfPage":{"@id":"https:\/\/nederlandsetempeliers.nl\/sv\/spar-av-det-forflutna\/7-dygder-7-synder\/#primaryimage"},"image":{"@id":"https:\/\/nederlandsetempeliers.nl\/sv\/spar-av-det-forflutna\/7-dygder-7-synder\/#primaryimage"},"thumbnailUrl":"https:\/\/nederlandsetempeliers.nl\/wp-content\/uploads\/Dutch-order-v2-300x300.png","datePublished":"2025-07-28T13:39:31+00:00","dateModified":"2026-03-02T14:11:19+00:00","breadcrumb":{"@id":"https:\/\/nederlandsetempeliers.nl\/sv\/spar-av-det-forflutna\/7-dygder-7-synder\/#breadcrumb"},"inLanguage":"sv-SE","potentialAction":[{"@type":"ReadAction","target":["https:\/\/nederlandsetempeliers.nl\/sv\/spar-av-det-forflutna\/7-dygder-7-synder\/"]}]},{"@type":"ImageObject","inLanguage":"sv-SE","@id":"https:\/\/nederlandsetempeliers.nl\/sv\/spar-av-det-forflutna\/7-dygder-7-synder\/#primaryimage","url":"https:\/\/nederlandsetempeliers.nl\/wp-content\/uploads\/Dutch-order-v2-300x300.png","contentUrl":"https:\/\/nederlandsetempeliers.nl\/wp-content\/uploads\/Dutch-order-v2-300x300.png"},{"@type":"BreadcrumbList","@id":"https:\/\/nederlandsetempeliers.nl\/sv\/spar-av-det-forflutna\/7-dygder-7-synder\/#breadcrumb","itemListElement":[{"@type":"ListItem","position":1,"name":"Home","item":"https:\/\/nederlandsetempeliers.nl\/sv\/"},{"@type":"ListItem","position":2,"name":"Sp\u00e5r av det f\u00f6rflutna","item":"https:\/\/nederlandsetempeliers.nl\/sv\/sporen-uit-het-verleden\/"},{"@type":"ListItem","position":3,"name":"7 dygder \u2013 7 synder"}]},{"@type":"WebSite","@id":"https:\/\/nederlandsetempeliers.nl\/sv\/#website","url":"https:\/\/nederlandsetempeliers.nl\/sv\/","name":"Nederlandse Tempeliers","description":"The Black Knights Templars of Solomon","publisher":{"@id":"https:\/\/nederlandsetempeliers.nl\/sv\/#organization"},"potentialAction":[{"@type":"SearchAction","target":{"@type":"EntryPoint","urlTemplate":"https:\/\/nederlandsetempeliers.nl\/sv\/?s={search_term_string}"},"query-input":{"@type":"PropertyValueSpecification","valueRequired":true,"valueName":"search_term_string"}}],"inLanguage":"sv-SE"},{"@type":"Organization","@id":"https:\/\/nederlandsetempeliers.nl\/sv\/#organization","name":"Nederlandse Tempeliers","url":"https:\/\/nederlandsetempeliers.nl\/sv\/","logo":{"@type":"ImageObject","inLanguage":"sv-SE","@id":"https:\/\/nederlandsetempeliers.nl\/sv\/#\/schema\/logo\/image\/","url":"https:\/\/nederlandsetempeliers.nl\/wp-content\/uploads\/Dutch-order-v2.png","contentUrl":"https:\/\/nederlandsetempeliers.nl\/wp-content\/uploads\/Dutch-order-v2.png","width":687,"height":686,"caption":"Nederlandse Tempeliers"},"image":{"@id":"https:\/\/nederlandsetempeliers.nl\/sv\/#\/schema\/logo\/image\/"}}]}},"_links":{"self":[{"href":"https:\/\/nederlandsetempeliers.nl\/sv\/wp-json\/wp\/v2\/pages\/3272","targetHints":{"allow":["GET"]}}],"collection":[{"href":"https:\/\/nederlandsetempeliers.nl\/sv\/wp-json\/wp\/v2\/pages"}],"about":[{"href":"https:\/\/nederlandsetempeliers.nl\/sv\/wp-json\/wp\/v2\/types\/page"}],"author":[{"embeddable":true,"href":"https:\/\/nederlandsetempeliers.nl\/sv\/wp-json\/wp\/v2\/users\/2"}],"replies":[{"embeddable":true,"href":"https:\/\/nederlandsetempeliers.nl\/sv\/wp-json\/wp\/v2\/comments?post=3272"}],"version-history":[{"count":1,"href":"https:\/\/nederlandsetempeliers.nl\/sv\/wp-json\/wp\/v2\/pages\/3272\/revisions"}],"predecessor-version":[{"id":3276,"href":"https:\/\/nederlandsetempeliers.nl\/sv\/wp-json\/wp\/v2\/pages\/3272\/revisions\/3276"}],"up":[{"embeddable":true,"href":"https:\/\/nederlandsetempeliers.nl\/sv\/wp-json\/wp\/v2\/pages\/4934"}],"wp:attachment":[{"href":"https:\/\/nederlandsetempeliers.nl\/sv\/wp-json\/wp\/v2\/media?parent=3272"}],"curies":[{"name":"wp","href":"https:\/\/api.w.org\/{rel}","templated":true}]}}