{"id":3727,"date":"2026-01-27T21:56:36","date_gmt":"2026-01-27T20:56:36","guid":{"rendered":"https:\/\/nederlandsetempeliers.nl\/o-sanktion\/"},"modified":"2026-03-02T15:01:09","modified_gmt":"2026-03-02T14:01:09","slug":"o-sanktion","status":"publish","type":"page","link":"https:\/\/nederlandsetempeliers.nl\/sv\/o-sanktion\/","title":{"rendered":"O Sanktion"},"content":{"rendered":"\t\t<div data-elementor-type=\"wp-page\" data-elementor-id=\"3727\" class=\"elementor elementor-3727 elementor-1922\" data-elementor-post-type=\"page\">\n\t\t\t\t<div class=\"elementor-element elementor-element-9aafb29 e-grid e-con-boxed e-con e-parent\" data-id=\"9aafb29\" data-element_type=\"container\" data-e-type=\"container\">\n\t\t\t\t\t<div class=\"e-con-inner\">\n\t\t\t\t<div class=\"elementor-element elementor-element-98a6208 elementor-widget elementor-widget-image\" data-id=\"98a6208\" data-element_type=\"widget\" data-e-type=\"widget\" data-widget_type=\"image.default\">\n\t\t\t\t<div class=\"elementor-widget-container\">\n\t\t\t\t\t\t\t\t\t\t\t\t\t\t\t<img fetchpriority=\"high\" decoding=\"async\" width=\"510\" height=\"506\" src=\"https:\/\/nederlandsetempeliers.nl\/wp-content\/uploads\/Scherm\u00adafbeelding-2026-01-27-om-21.15.41.png\" class=\"attachment-large size-large wp-image-3729\" alt=\"\" srcset=\"https:\/\/nederlandsetempeliers.nl\/wp-content\/uploads\/Scherm\u00adafbeelding-2026-01-27-om-21.15.41.png 510w, https:\/\/nederlandsetempeliers.nl\/wp-content\/uploads\/Scherm\u00adafbeelding-2026-01-27-om-21.15.41-300x298.png 300w, https:\/\/nederlandsetempeliers.nl\/wp-content\/uploads\/Scherm\u00adafbeelding-2026-01-27-om-21.15.41-150x150.png 150w\" sizes=\"(max-width: 510px) 100vw, 510px\" \/>\t\t\t\t\t\t\t\t\t\t\t\t\t\t\t<\/div>\n\t\t\t\t<\/div>\n\t\t<div class=\"elementor-element elementor-element-2346f55 e-con-full e-flex e-con e-child\" data-id=\"2346f55\" data-element_type=\"container\" data-e-type=\"container\">\n\t\t\t\t<div class=\"elementor-element elementor-element-9746ffb elementor-widget__width-initial elementor-widget elementor-widget-image\" data-id=\"9746ffb\" data-element_type=\"widget\" data-e-type=\"widget\" data-widget_type=\"image.default\">\n\t\t\t\t<div class=\"elementor-widget-container\">\n\t\t\t\t\t\t\t\t\t\t\t\t\t\t\t<img decoding=\"async\" width=\"110\" height=\"281\" src=\"https:\/\/nederlandsetempeliers.nl\/wp-content\/uploads\/srthw.jpg\" class=\"attachment-full size-full wp-image-3733\" alt=\"\" \/>\t\t\t\t\t\t\t\t\t\t\t\t\t\t\t<\/div>\n\t\t\t\t<\/div>\n\t\t\t\t<\/div>\n\t\t\t\t\t<\/div>\n\t\t\t\t<\/div>\n\t\t<div class=\"elementor-element elementor-element-bb5fab7 e-flex e-con-boxed e-con e-parent\" data-id=\"bb5fab7\" data-element_type=\"container\" data-e-type=\"container\">\n\t\t\t\t\t<div class=\"e-con-inner\">\n\t\t\t\t<div class=\"elementor-element elementor-element-d61e564 elementor-widget elementor-widget-text-editor\" data-id=\"d61e564\" data-element_type=\"widget\" data-e-type=\"widget\" data-widget_type=\"text-editor.default\">\n\t\t\t\t<div class=\"elementor-widget-container\">\n\t\t\t\t\t\t\t\t\t<p>O Godk\u00e4nn tempelriddarnas b\u00f6n p\u00e5 deras sv\u00e4rd.<\/p><p>O sanktion, In nomine dei. O Heliga, i ditt namn Herre <\/p><p>En botg\u00f6ringsb\u00f6n. Herre, vad jag g\u00f6r, g\u00f6r jag i din \u00e5syn. P\u00e5 s\u00e5 s\u00e4tt var de ansvariga inf\u00f6r Gud.  <\/p><p>Tempelriddarna bad f\u00f6re en strid. P\u00e5 s\u00e5 s\u00e4tt fick de f\u00f6rl\u00e5telse f\u00f6r det som skulle komma. De bad om st\u00e5ndaktighet, ren avsikt. F\u00f6r n\u00e5d, inte f\u00f6r blodt\u00f6rst.   <\/p><p>De visste: det vi ska g\u00f6ra \u00e4r inte att st\u00e4da. En botg\u00f6ringsb\u00f6n p\u00e5 sv\u00e4rdet \u00e4r en helig \u00e5kallelse. Sv\u00e4rdet \u00e4r inte bara ett krigsinstrument, det \u00e4r ett ankare.  <\/p><p>Det \u00e4r d\u00e4rf\u00f6r du ocks\u00e5 ser kors p\u00e5 andra sidan av sv\u00e4rdet<\/p><p>Inte att f\u00f6rv\u00e4xla med b\u00f6nens operativsystem till\u00e4gnat Maria. O Sanctissima. Be till Maria om lugn. Inte s\u00e4rskilt l\u00e4mpat f\u00f6r ett slagf\u00e4lt.   <\/p>\t\t\t\t\t\t\t\t<\/div>\n\t\t\t\t<\/div>\n\t\t\t\t\t<\/div>\n\t\t\t\t<\/div>\n\t\t<div class=\"elementor-element elementor-element-74bb18b e-grid e-con-boxed e-con e-parent\" data-id=\"74bb18b\" data-element_type=\"container\" data-e-type=\"container\">\n\t\t\t\t\t<div class=\"e-con-inner\">\n\t\t\t\t<div class=\"elementor-element elementor-element-db68697 elementor-widget elementor-widget-image\" data-id=\"db68697\" data-element_type=\"widget\" data-e-type=\"widget\" data-widget_type=\"image.default\">\n\t\t\t\t<div class=\"elementor-widget-container\">\n\t\t\t\t\t\t\t\t\t\t\t\t\t\t\t<img decoding=\"async\" width=\"283\" height=\"192\" src=\"https:\/\/nederlandsetempeliers.nl\/wp-content\/uploads\/rw.jpg\" class=\"attachment-large size-large wp-image-3731\" alt=\"\" \/>\t\t\t\t\t\t\t\t\t\t\t\t\t\t\t<\/div>\n\t\t\t\t<\/div>\n\t\t\t\t<div class=\"elementor-element elementor-element-6763715 elementor-widget elementor-widget-image\" data-id=\"6763715\" data-element_type=\"widget\" data-e-type=\"widget\" data-widget_type=\"image.default\">\n\t\t\t\t<div class=\"elementor-widget-container\">\n\t\t\t\t\t\t\t\t\t\t\t\t\t\t\t<img loading=\"lazy\" decoding=\"async\" width=\"206\" height=\"259\" src=\"https:\/\/nederlandsetempeliers.nl\/wp-content\/uploads\/rn.jpg\" class=\"attachment-large size-large wp-image-3730\" alt=\"\" \/>\t\t\t\t\t\t\t\t\t\t\t\t\t\t\t<\/div>\n\t\t\t\t<\/div>\n\t\t\t\t<div class=\"elementor-element elementor-element-0687658 elementor-widget elementor-widget-image\" data-id=\"0687658\" data-element_type=\"widget\" data-e-type=\"widget\" data-widget_type=\"image.default\">\n\t\t\t\t<div class=\"elementor-widget-container\">\n\t\t\t\t\t\t\t\t\t\t\t\t\t\t\t<img loading=\"lazy\" decoding=\"async\" width=\"210\" height=\"258\" src=\"https:\/\/nederlandsetempeliers.nl\/wp-content\/uploads\/rhwr.jpg\" class=\"attachment-large size-large wp-image-3737\" alt=\"\" \/>\t\t\t\t\t\t\t\t\t\t\t\t\t\t\t<\/div>\n\t\t\t\t<\/div>\n\t\t\t\t<div class=\"elementor-element elementor-element-0c895ce elementor-widget elementor-widget-image\" data-id=\"0c895ce\" data-element_type=\"widget\" data-e-type=\"widget\" data-widget_type=\"image.default\">\n\t\t\t\t<div class=\"elementor-widget-container\">\n\t\t\t\t\t\t\t\t\t\t\t\t\t\t\t<img loading=\"lazy\" decoding=\"async\" width=\"454\" height=\"255\" src=\"https:\/\/nederlandsetempeliers.nl\/wp-content\/uploads\/rhw.jpg\" class=\"attachment-large size-large wp-image-3732\" alt=\"\" srcset=\"https:\/\/nederlandsetempeliers.nl\/wp-content\/uploads\/rhw.jpg 454w, https:\/\/nederlandsetempeliers.nl\/wp-content\/uploads\/rhw-300x169.jpg 300w\" sizes=\"(max-width: 454px) 100vw, 454px\" \/>\t\t\t\t\t\t\t\t\t\t\t\t\t\t\t<\/div>\n\t\t\t\t<\/div>\n\t\t\t\t<div class=\"elementor-element elementor-element-6b95090 elementor-widget elementor-widget-image\" data-id=\"6b95090\" data-element_type=\"widget\" data-e-type=\"widget\" data-widget_type=\"image.default\">\n\t\t\t\t<div class=\"elementor-widget-container\">\n\t\t\t\t\t\t\t\t\t\t\t\t\t\t\t<img loading=\"lazy\" decoding=\"async\" width=\"589\" height=\"217\" src=\"https:\/\/nederlandsetempeliers.nl\/wp-content\/uploads\/Scherm\u00adafbeelding-2026-01-27-om-21.17.56.png\" class=\"attachment-large size-large wp-image-3734\" alt=\"\" srcset=\"https:\/\/nederlandsetempeliers.nl\/wp-content\/uploads\/Scherm\u00adafbeelding-2026-01-27-om-21.17.56.png 589w, https:\/\/nederlandsetempeliers.nl\/wp-content\/uploads\/Scherm\u00adafbeelding-2026-01-27-om-21.17.56-300x111.png 300w\" sizes=\"(max-width: 589px) 100vw, 589px\" \/>\t\t\t\t\t\t\t\t\t\t\t\t\t\t\t<\/div>\n\t\t\t\t<\/div>\n\t\t\t\t<div class=\"elementor-element elementor-element-0fcc3bf elementor-widget elementor-widget-image\" data-id=\"0fcc3bf\" data-element_type=\"widget\" data-e-type=\"widget\" data-widget_type=\"image.default\">\n\t\t\t\t<div class=\"elementor-widget-container\">\n\t\t\t\t\t\t\t\t\t\t\t\t\t\t\t<img loading=\"lazy\" decoding=\"async\" width=\"690\" height=\"935\" src=\"https:\/\/nederlandsetempeliers.nl\/wp-content\/uploads\/4tghw4.jpg\" class=\"attachment-large size-large wp-image-3735\" alt=\"\" srcset=\"https:\/\/nederlandsetempeliers.nl\/wp-content\/uploads\/4tghw4.jpg 690w, https:\/\/nederlandsetempeliers.nl\/wp-content\/uploads\/4tghw4-221x300.jpg 221w\" sizes=\"(max-width: 690px) 100vw, 690px\" \/>\t\t\t\t\t\t\t\t\t\t\t\t\t\t\t<\/div>\n\t\t\t\t<\/div>\n\t\t\t\t\t<\/div>\n\t\t\t\t<\/div>\n\t\t\t\t<\/div>\n\t\t","protected":false},"excerpt":{"rendered":"<p>O Godk\u00e4nn tempelriddarnas b\u00f6n p\u00e5 deras sv\u00e4rd. O sanktion, In nomine dei. O Heliga, i ditt namn Herre En botg\u00f6ringsb\u00f6n. Herre, vad jag g\u00f6r, g\u00f6r jag i din \u00e5syn. P\u00e5 [&hellip;]<\/p>\n","protected":false},"author":4,"featured_media":0,"parent":0,"menu_order":0,"comment_status":"closed","ping_status":"closed","template":"","meta":{"footnotes":""},"class_list":["post-3727","page","type-page","status-publish","hentry"],"yoast_head":"<!-- This site is optimized with the Yoast SEO plugin v27.2 - https:\/\/yoast.com\/product\/yoast-seo-wordpress\/ -->\n<title>O Sanktion - Nederlandse Tempeliers<\/title>\n<meta name=\"robots\" content=\"index, follow, max-snippet:-1, max-image-preview:large, max-video-preview:-1\" \/>\n<link rel=\"canonical\" href=\"https:\/\/nederlandsetempeliers.nl\/sv\/o-sanktion\/\" \/>\n<meta property=\"og:locale\" content=\"sv_SE\" \/>\n<meta property=\"og:type\" content=\"article\" \/>\n<meta property=\"og:title\" content=\"O Sanktion - Nederlandse Tempeliers\" \/>\n<meta property=\"og:description\" content=\"O Godk\u00e4nn tempelriddarnas b\u00f6n p\u00e5 deras sv\u00e4rd. O sanktion, In nomine dei. O Heliga, i ditt namn Herre En botg\u00f6ringsb\u00f6n. Herre, vad jag g\u00f6r, g\u00f6r jag i din \u00e5syn. P\u00e5 [&hellip;]\" \/>\n<meta property=\"og:url\" content=\"https:\/\/nederlandsetempeliers.nl\/sv\/o-sanktion\/\" \/>\n<meta property=\"og:site_name\" content=\"Nederlandse Tempeliers\" \/>\n<meta property=\"article:modified_time\" content=\"2026-03-02T14:01:09+00:00\" \/>\n<meta property=\"og:image\" content=\"https:\/\/nederlandsetempeliers.nl\/wp-content\/uploads\/srthw.jpg\" \/>\n<meta name=\"twitter:card\" content=\"summary_large_image\" \/>\n<meta name=\"twitter:label1\" content=\"Ber\u00e4knad l\u00e4stid\" \/>\n\t<meta name=\"twitter:data1\" content=\"1 minut\" \/>\n<script type=\"application\/ld+json\" class=\"yoast-schema-graph\">{\"@context\":\"https:\/\/schema.org\",\"@graph\":[{\"@type\":\"WebPage\",\"@id\":\"https:\/\/nederlandsetempeliers.nl\/sv\/o-sanktion\/\",\"url\":\"https:\/\/nederlandsetempeliers.nl\/sv\/o-sanktion\/\",\"name\":\"O Sanktion - Nederlandse Tempeliers\",\"isPartOf\":{\"@id\":\"https:\/\/nederlandsetempeliers.nl\/sv\/#website\"},\"primaryImageOfPage\":{\"@id\":\"https:\/\/nederlandsetempeliers.nl\/sv\/o-sanktion\/#primaryimage\"},\"image\":{\"@id\":\"https:\/\/nederlandsetempeliers.nl\/sv\/o-sanktion\/#primaryimage\"},\"thumbnailUrl\":\"https:\/\/nederlandsetempeliers.nl\/wp-content\/uploads\/srthw.jpg\",\"datePublished\":\"2026-01-27T20:56:36+00:00\",\"dateModified\":\"2026-03-02T14:01:09+00:00\",\"breadcrumb\":{\"@id\":\"https:\/\/nederlandsetempeliers.nl\/sv\/o-sanktion\/#breadcrumb\"},\"inLanguage\":\"sv-SE\",\"potentialAction\":[{\"@type\":\"ReadAction\",\"target\":[\"https:\/\/nederlandsetempeliers.nl\/sv\/o-sanktion\/\"]}]},{\"@type\":\"ImageObject\",\"inLanguage\":\"sv-SE\",\"@id\":\"https:\/\/nederlandsetempeliers.nl\/sv\/o-sanktion\/#primaryimage\",\"url\":\"https:\/\/nederlandsetempeliers.nl\/wp-content\/uploads\/srthw.jpg\",\"contentUrl\":\"https:\/\/nederlandsetempeliers.nl\/wp-content\/uploads\/srthw.jpg\"},{\"@type\":\"BreadcrumbList\",\"@id\":\"https:\/\/nederlandsetempeliers.nl\/sv\/o-sanktion\/#breadcrumb\",\"itemListElement\":[{\"@type\":\"ListItem\",\"position\":1,\"name\":\"Home\",\"item\":\"https:\/\/nederlandsetempeliers.nl\/sv\/\"},{\"@type\":\"ListItem\",\"position\":2,\"name\":\"O Sanktion\"}]},{\"@type\":\"WebSite\",\"@id\":\"https:\/\/nederlandsetempeliers.nl\/sv\/#website\",\"url\":\"https:\/\/nederlandsetempeliers.nl\/sv\/\",\"name\":\"Nederlandse Tempeliers\",\"description\":\"The Black Knights Templars of Solomon\",\"publisher\":{\"@id\":\"https:\/\/nederlandsetempeliers.nl\/sv\/#organization\"},\"potentialAction\":[{\"@type\":\"SearchAction\",\"target\":{\"@type\":\"EntryPoint\",\"urlTemplate\":\"https:\/\/nederlandsetempeliers.nl\/sv\/?s={search_term_string}\"},\"query-input\":{\"@type\":\"PropertyValueSpecification\",\"valueRequired\":true,\"valueName\":\"search_term_string\"}}],\"inLanguage\":\"sv-SE\"},{\"@type\":\"Organization\",\"@id\":\"https:\/\/nederlandsetempeliers.nl\/sv\/#organization\",\"name\":\"Nederlandse Tempeliers\",\"url\":\"https:\/\/nederlandsetempeliers.nl\/sv\/\",\"logo\":{\"@type\":\"ImageObject\",\"inLanguage\":\"sv-SE\",\"@id\":\"https:\/\/nederlandsetempeliers.nl\/sv\/#\/schema\/logo\/image\/\",\"url\":\"https:\/\/nederlandsetempeliers.nl\/wp-content\/uploads\/Dutch-order-v2.png\",\"contentUrl\":\"https:\/\/nederlandsetempeliers.nl\/wp-content\/uploads\/Dutch-order-v2.png\",\"width\":687,\"height\":686,\"caption\":\"Nederlandse Tempeliers\"},\"image\":{\"@id\":\"https:\/\/nederlandsetempeliers.nl\/sv\/#\/schema\/logo\/image\/\"}}]}<\/script>\n<!-- \/ Yoast SEO plugin. -->","yoast_head_json":{"title":"O Sanktion - Nederlandse Tempeliers","robots":{"index":"index","follow":"follow","max-snippet":"max-snippet:-1","max-image-preview":"max-image-preview:large","max-video-preview":"max-video-preview:-1"},"canonical":"https:\/\/nederlandsetempeliers.nl\/sv\/o-sanktion\/","og_locale":"sv_SE","og_type":"article","og_title":"O Sanktion - Nederlandse Tempeliers","og_description":"O Godk\u00e4nn tempelriddarnas b\u00f6n p\u00e5 deras sv\u00e4rd. O sanktion, In nomine dei. O Heliga, i ditt namn Herre En botg\u00f6ringsb\u00f6n. Herre, vad jag g\u00f6r, g\u00f6r jag i din \u00e5syn. P\u00e5 [&hellip;]","og_url":"https:\/\/nederlandsetempeliers.nl\/sv\/o-sanktion\/","og_site_name":"Nederlandse Tempeliers","article_modified_time":"2026-03-02T14:01:09+00:00","og_image":[{"url":"https:\/\/nederlandsetempeliers.nl\/wp-content\/uploads\/srthw.jpg","type":"","width":"","height":""}],"twitter_card":"summary_large_image","twitter_misc":{"Ber\u00e4knad l\u00e4stid":"1 minut"},"schema":{"@context":"https:\/\/schema.org","@graph":[{"@type":"WebPage","@id":"https:\/\/nederlandsetempeliers.nl\/sv\/o-sanktion\/","url":"https:\/\/nederlandsetempeliers.nl\/sv\/o-sanktion\/","name":"O Sanktion - Nederlandse Tempeliers","isPartOf":{"@id":"https:\/\/nederlandsetempeliers.nl\/sv\/#website"},"primaryImageOfPage":{"@id":"https:\/\/nederlandsetempeliers.nl\/sv\/o-sanktion\/#primaryimage"},"image":{"@id":"https:\/\/nederlandsetempeliers.nl\/sv\/o-sanktion\/#primaryimage"},"thumbnailUrl":"https:\/\/nederlandsetempeliers.nl\/wp-content\/uploads\/srthw.jpg","datePublished":"2026-01-27T20:56:36+00:00","dateModified":"2026-03-02T14:01:09+00:00","breadcrumb":{"@id":"https:\/\/nederlandsetempeliers.nl\/sv\/o-sanktion\/#breadcrumb"},"inLanguage":"sv-SE","potentialAction":[{"@type":"ReadAction","target":["https:\/\/nederlandsetempeliers.nl\/sv\/o-sanktion\/"]}]},{"@type":"ImageObject","inLanguage":"sv-SE","@id":"https:\/\/nederlandsetempeliers.nl\/sv\/o-sanktion\/#primaryimage","url":"https:\/\/nederlandsetempeliers.nl\/wp-content\/uploads\/srthw.jpg","contentUrl":"https:\/\/nederlandsetempeliers.nl\/wp-content\/uploads\/srthw.jpg"},{"@type":"BreadcrumbList","@id":"https:\/\/nederlandsetempeliers.nl\/sv\/o-sanktion\/#breadcrumb","itemListElement":[{"@type":"ListItem","position":1,"name":"Home","item":"https:\/\/nederlandsetempeliers.nl\/sv\/"},{"@type":"ListItem","position":2,"name":"O Sanktion"}]},{"@type":"WebSite","@id":"https:\/\/nederlandsetempeliers.nl\/sv\/#website","url":"https:\/\/nederlandsetempeliers.nl\/sv\/","name":"Nederlandse Tempeliers","description":"The Black Knights Templars of Solomon","publisher":{"@id":"https:\/\/nederlandsetempeliers.nl\/sv\/#organization"},"potentialAction":[{"@type":"SearchAction","target":{"@type":"EntryPoint","urlTemplate":"https:\/\/nederlandsetempeliers.nl\/sv\/?s={search_term_string}"},"query-input":{"@type":"PropertyValueSpecification","valueRequired":true,"valueName":"search_term_string"}}],"inLanguage":"sv-SE"},{"@type":"Organization","@id":"https:\/\/nederlandsetempeliers.nl\/sv\/#organization","name":"Nederlandse Tempeliers","url":"https:\/\/nederlandsetempeliers.nl\/sv\/","logo":{"@type":"ImageObject","inLanguage":"sv-SE","@id":"https:\/\/nederlandsetempeliers.nl\/sv\/#\/schema\/logo\/image\/","url":"https:\/\/nederlandsetempeliers.nl\/wp-content\/uploads\/Dutch-order-v2.png","contentUrl":"https:\/\/nederlandsetempeliers.nl\/wp-content\/uploads\/Dutch-order-v2.png","width":687,"height":686,"caption":"Nederlandse Tempeliers"},"image":{"@id":"https:\/\/nederlandsetempeliers.nl\/sv\/#\/schema\/logo\/image\/"}}]}},"_links":{"self":[{"href":"https:\/\/nederlandsetempeliers.nl\/sv\/wp-json\/wp\/v2\/pages\/3727","targetHints":{"allow":["GET"]}}],"collection":[{"href":"https:\/\/nederlandsetempeliers.nl\/sv\/wp-json\/wp\/v2\/pages"}],"about":[{"href":"https:\/\/nederlandsetempeliers.nl\/sv\/wp-json\/wp\/v2\/types\/page"}],"author":[{"embeddable":true,"href":"https:\/\/nederlandsetempeliers.nl\/sv\/wp-json\/wp\/v2\/users\/4"}],"replies":[{"embeddable":true,"href":"https:\/\/nederlandsetempeliers.nl\/sv\/wp-json\/wp\/v2\/comments?post=3727"}],"version-history":[{"count":1,"href":"https:\/\/nederlandsetempeliers.nl\/sv\/wp-json\/wp\/v2\/pages\/3727\/revisions"}],"predecessor-version":[{"id":3739,"href":"https:\/\/nederlandsetempeliers.nl\/sv\/wp-json\/wp\/v2\/pages\/3727\/revisions\/3739"}],"wp:attachment":[{"href":"https:\/\/nederlandsetempeliers.nl\/sv\/wp-json\/wp\/v2\/media?parent=3727"}],"curies":[{"name":"wp","href":"https:\/\/api.w.org\/{rel}","templated":true}]}}