{"id":4382,"date":"2025-09-19T18:13:02","date_gmt":"2025-09-19T16:13:02","guid":{"rendered":"https:\/\/nederlandsetempeliers.nl\/spranger-av-tornet\/"},"modified":"2026-03-02T15:11:22","modified_gmt":"2026-03-02T14:11:22","slug":"spranger-av-tornet","status":"publish","type":"page","link":"https:\/\/nederlandsetempeliers.nl\/sv\/spar-av-det-forflutna\/spranger-av-tornet\/","title":{"rendered":"Spr\u00e4nger av tornet"},"content":{"rendered":"\t\t<div data-elementor-type=\"wp-page\" data-elementor-id=\"4382\" class=\"elementor elementor-4382 elementor-1536\" data-elementor-post-type=\"page\">\n\t\t\t\t\t\t<section class=\"elementor-section elementor-top-section elementor-element elementor-element-3a7515f9 elementor-section-height-min-height elementor-section-boxed elementor-section-height-default elementor-section-items-middle\" data-id=\"3a7515f9\" data-element_type=\"section\" data-e-type=\"section\" data-settings=\"{&quot;background_background&quot;:&quot;classic&quot;}\">\n\t\t\t\t\t\t<div class=\"elementor-container elementor-column-gap-default\">\n\t\t\t\t\t<div class=\"elementor-column elementor-col-100 elementor-top-column elementor-element elementor-element-519633d1\" data-id=\"519633d1\" data-element_type=\"column\" data-e-type=\"column\">\n\t\t\t<div class=\"elementor-widget-wrap elementor-element-populated\">\n\t\t\t\t\t\t<div class=\"elementor-element elementor-element-154381a2 elementor-widget elementor-widget-heading\" data-id=\"154381a2\" data-element_type=\"widget\" data-e-type=\"widget\" data-widget_type=\"heading.default\">\n\t\t\t\t<div class=\"elementor-widget-container\">\n\t\t\t\t\t<h2 class=\"elementor-heading-title elementor-size-default\">Spr\u00e4nger av tornet<\/h2>\t\t\t\t<\/div>\n\t\t\t\t<\/div>\n\t\t\t\t<div class=\"elementor-element elementor-element-43950f86 elementor-widget elementor-widget-text-editor\" data-id=\"43950f86\" data-element_type=\"widget\" data-e-type=\"widget\" data-widget_type=\"text-editor.default\">\n\t\t\t\t<div class=\"elementor-widget-container\">\n\t\t\t\t\t\t\t\t\t<p>De som \u00e4r tempelsoldater \u00e4r <b>av Gud.<\/b><\/p>\t\t\t\t\t\t\t\t<\/div>\n\t\t\t\t<\/div>\n\t\t\t\t<div class=\"elementor-element elementor-element-7afeca90 elementor-widget elementor-widget-image\" data-id=\"7afeca90\" data-element_type=\"widget\" data-e-type=\"widget\" data-widget_type=\"image.default\">\n\t\t\t\t<div class=\"elementor-widget-container\">\n\t\t\t\t\t\t\t\t\t\t\t\t\t\t\t<img fetchpriority=\"high\" decoding=\"async\" width=\"300\" height=\"300\" src=\"https:\/\/nederlandsetempeliers.nl\/wp-content\/uploads\/Dutch-order-v2-300x300.png\" class=\"attachment-medium size-medium wp-image-2959\" alt=\"Cena de Seder medieval con s\u00edmbolos de P\u00e9saj, flanqueada por dos Caballeros Templarios como guardianes\" srcset=\"https:\/\/nederlandsetempeliers.nl\/wp-content\/uploads\/Dutch-order-v2-300x300.png 300w, https:\/\/nederlandsetempeliers.nl\/wp-content\/uploads\/Dutch-order-v2-150x150.png 150w, https:\/\/nederlandsetempeliers.nl\/wp-content\/uploads\/Dutch-order-v2.png 687w\" sizes=\"(max-width: 300px) 100vw, 300px\" \/>\t\t\t\t\t\t\t\t\t\t\t\t\t\t\t<\/div>\n\t\t\t\t<\/div>\n\t\t\t\t\t<\/div>\n\t\t<\/div>\n\t\t\t\t\t<\/div>\n\t\t<\/section>\n\t\t\t\t<section class=\"elementor-section elementor-top-section elementor-element elementor-element-51f144e2 elementor-section-boxed elementor-section-height-default elementor-section-height-default\" data-id=\"51f144e2\" data-element_type=\"section\" data-e-type=\"section\" data-settings=\"{&quot;background_background&quot;:&quot;classic&quot;,&quot;shape_divider_bottom&quot;:&quot;triangle&quot;,&quot;shape_divider_bottom_negative&quot;:&quot;yes&quot;}\">\n\t\t\t\t\t<div class=\"elementor-shape elementor-shape-bottom\" aria-hidden=\"true\" data-negative=\"true\">\n\t\t\t<svg xmlns=\"http:\/\/www.w3.org\/2000\/svg\" viewBox=\"0 0 1000 100\" preserveAspectRatio=\"none\">\n\t<path class=\"elementor-shape-fill\" d=\"M500.2,94.7L0,0v100h1000V0L500.2,94.7z\"\/>\n<\/svg>\t\t<\/div>\n\t\t\t\t\t<div class=\"elementor-container elementor-column-gap-default\">\n\t\t\t\t\t<div class=\"elementor-column elementor-col-100 elementor-top-column elementor-element elementor-element-faab179\" data-id=\"faab179\" data-element_type=\"column\" data-e-type=\"column\">\n\t\t\t<div class=\"elementor-widget-wrap elementor-element-populated\">\n\t\t\t\t\t\t<div class=\"elementor-element elementor-element-4f8f8cc elementor-widget__width-auto elementor-view-default elementor-widget elementor-widget-icon\" data-id=\"4f8f8cc\" data-element_type=\"widget\" data-e-type=\"widget\" data-widget_type=\"icon.default\">\n\t\t\t\t<div class=\"elementor-widget-container\">\n\t\t\t\t\t\t\t<div class=\"elementor-icon-wrapper\">\n\t\t\t<div class=\"elementor-icon\">\n\t\t\t<i aria-hidden=\"true\" class=\"fas fa-grip-lines\"><\/i>\t\t\t<\/div>\n\t\t<\/div>\n\t\t\t\t\t\t<\/div>\n\t\t\t\t<\/div>\n\t\t\t\t<div class=\"elementor-element elementor-element-4871e44a elementor-widget__width-auto elementor-widget elementor-widget-heading\" data-id=\"4871e44a\" data-element_type=\"widget\" data-e-type=\"widget\" data-widget_type=\"heading.default\">\n\t\t\t\t<div class=\"elementor-widget-container\">\n\t\t\t\t\t<h2 class=\"elementor-heading-title elementor-size-default\">Spr\u00e4nger av tornet<\/h2>\t\t\t\t<\/div>\n\t\t\t\t<\/div>\n\t\t\t\t<div class=\"elementor-element elementor-element-5e3cc42a elementor-widget__width-auto elementor-view-default elementor-widget elementor-widget-icon\" data-id=\"5e3cc42a\" data-element_type=\"widget\" data-e-type=\"widget\" data-widget_type=\"icon.default\">\n\t\t\t\t<div class=\"elementor-widget-container\">\n\t\t\t\t\t\t\t<div class=\"elementor-icon-wrapper\">\n\t\t\t<div class=\"elementor-icon\">\n\t\t\t<i aria-hidden=\"true\" class=\"fas fa-grip-lines\"><\/i>\t\t\t<\/div>\n\t\t<\/div>\n\t\t\t\t\t\t<\/div>\n\t\t\t\t<\/div>\n\t\t\t\t\t<\/div>\n\t\t<\/div>\n\t\t\t\t\t<\/div>\n\t\t<\/section>\n\t\t<div class=\"elementor-element elementor-element-226d9cf e-flex e-con-boxed e-con e-parent\" data-id=\"226d9cf\" data-element_type=\"container\" data-e-type=\"container\">\n\t\t\t\t\t<div class=\"e-con-inner\">\n\t\t\t\t<div class=\"elementor-element elementor-element-2b479c9 elementor-widget elementor-widget-heading\" data-id=\"2b479c9\" data-element_type=\"widget\" data-e-type=\"widget\" data-widget_type=\"heading.default\">\n\t\t\t\t<div class=\"elementor-widget-container\">\n\t\t\t\t\t<h2 class=\"elementor-heading-title elementor-size-default\">Bl\u00e5ser H\u00d6GT fr\u00e5n tornet<\/h2>\t\t\t\t<\/div>\n\t\t\t\t<\/div>\n\t\t\t\t<div class=\"elementor-element elementor-element-f820d10 elementor-widget elementor-widget-text-editor\" data-id=\"f820d10\" data-element_type=\"widget\" data-e-type=\"widget\" data-widget_type=\"text-editor.default\">\n\t\t\t\t<div class=\"elementor-widget-container\">\n\t\t\t\t\t\t\t\t\t<p>Varje f\u00f6rsta m\u00e5ndag i m\u00e5naden klockan 12 tjuter sirenen i Nederl\u00e4nderna. Men hur visste folk under medeltiden att fara var \u00f6verh\u00e4ngande?&#8221; <\/p><p>Nuf\u00f6rtiden har vi sirener varje f\u00f6rsta m\u00e5ndag i m\u00e5naden klockan 12:00 i Nederl\u00e4nderna. Som ett test f\u00f6r v\u00e5rt nationella larmsystem. <\/p><p>Under medeltiden hade vi inte detta system.<\/p><p>\u00c5rhundraden innan sirener fanns blev vi varnade p\u00e5 ett annat s\u00e4tt. Det som d\u00e5 varnade oss f\u00f6r f\u00f6rest\u00e5ende underg\u00e5ng, s\u00e5som eld eller fienden: var Tower Watchmen. I stadens torn \u2013 vanligtvis kyrkans \u2013 fanns tornvakter n\u00e4rvarande dygnet runt. Minst 2. Detta \u00e4r f\u00f6r s\u00e4kerhetens skull: om n\u00e5got h\u00e4nder med en tornvakt kan den andra s\u00f6ka hj\u00e4lp. Dessutom: d\u00e5 kunde de turas om att vila och sova.     <\/p><p>I tornen fanns det s\u00e4ngplatser d\u00e4r de kunde vila. En s\u00e4ngg\u00e5rd \u00e4r en slags inbyggd sovplats som ser ut som en garderob. Ofta st\u00e4ngda med d\u00f6rrar eller en gardin eller liknande.  <\/p><p>Sj\u00e4lvklart hade tornvakterna fler uppgifter. En annan uppgift var att de var tvungna att g\u00e5 runt varje timme p\u00e5 en tornets krets.   <br>Ett torn av ett torn (och vi pratar inte om schack h\u00e4r) \u00e4r en balustrade p\u00e5 tornet som g\u00e5r hela v\u00e4gen runt tornet. Med andra ord: du kan g\u00e5 hela v\u00e4gen runt 360 grader p\u00e5 utsidan av tornet. St\u00f6rre torn har vanligtvis flera omloppsbanor. Tornet i Our Lady of Breda-kyrkan har 4 (!!) kretsar.   <\/p><p>Dessa var inte bara f\u00f6r tornvakterna, utan ocks\u00e5 f\u00f6r arbetare som enkelt kunde underh\u00e5lla tornets utsida.<\/p><p>Tillbaka till Tower Guards: som var tvungna att g\u00e5 runt banan varje timme och sedan bl\u00e5sa i hornet. Befolkningen hade inga klockor, \u00e4n mindre mobiltelefoner. Det var m\u00f6rkt, det var ljus, det var den enda tidspekaren som en medeltida person faktiskt var intresserad av. I medeltida m\u00e4nniskors \u00f6gon \u00e4r vi rent ut sagt stresskycklingar, att vi lever p\u00e5 den andra. Minutenvisaren fanns ocks\u00e5 bara d\u00e4r f\u00f6r f\u00f6rsta g\u00e5ngen 1855, \u00e4n mindre sekundvisaren.    <\/p><p>S\u00e5 f\u00f6r varje timme som Tower Guards horn tutade, visste befolkningen: ytterligare en timme hade g\u00e5tt. Det \u00e4r h\u00e4rifr\u00e5n uttrycket kommer <strong>att bl\u00e5sa h\u00f6gt fr\u00e5n tornet. <\/strong>  <\/p>\t\t\t\t\t\t\t\t<\/div>\n\t\t\t\t<\/div>\n\t\t\t\t\t<\/div>\n\t\t\t\t<\/div>\n\t\t\t\t<section class=\"elementor-section elementor-top-section elementor-element elementor-element-4acb933 elementor-section-content-middle elementor-section-boxed elementor-section-height-default elementor-section-height-default\" data-id=\"4acb933\" data-element_type=\"section\" data-e-type=\"section\">\n\t\t\t\t\t\t<div class=\"elementor-container elementor-column-gap-default\">\n\t\t\t\t\t<div class=\"elementor-column elementor-col-50 elementor-top-column elementor-element elementor-element-740b138\" data-id=\"740b138\" data-element_type=\"column\" data-e-type=\"column\">\n\t\t\t<div class=\"elementor-widget-wrap elementor-element-populated\">\n\t\t\t\t<div class=\"elementor-element elementor-element-661072b e-flex e-con-boxed e-con e-parent\" data-id=\"661072b\" data-element_type=\"container\" data-e-type=\"container\">\n\t\t\t\t\t<div class=\"e-con-inner\">\n\t\t\t\t<div class=\"elementor-element elementor-element-e443fd5 elementor-widget elementor-widget-text-editor\" data-id=\"e443fd5\" data-element_type=\"widget\" data-e-type=\"widget\" data-widget_type=\"text-editor.default\">\n\t\t\t\t<div class=\"elementor-widget-container\">\n\t\t\t\t\t\t\t\t\t<p>Signalhorn med dekorationer fr\u00e5n 1878, anv\u00e4nt av tornvaktaren i staden Breda.<\/p><p>&#8221;De som &#8217;spr\u00e4nger tornet&#8217; kanske l\u00e5ter skrytsamma idag, men en g\u00e5ng i tiden betydde det helt enkelt att du h\u00f6ll din stad s\u00e4ker.&#8221;<\/p><p>Den sista tornvaktaren i Breda var herr Fishert, han gick i pension 1895. N\u00e5got som verkligen g\u00e5r in i blodet: hans barnbarn, nu i mycket respektabel \u00e5lder, har varit visselbl\u00e5sare. <\/p>\t\t\t\t\t\t\t\t<\/div>\n\t\t\t\t<\/div>\n\t\t\t\t\t<\/div>\n\t\t\t\t<\/div>\n\t\t\t\t\t<\/div>\n\t\t<\/div>\n\t\t\t\t<div class=\"elementor-column elementor-col-50 elementor-top-column elementor-element elementor-element-d13d5dd\" data-id=\"d13d5dd\" data-element_type=\"column\" data-e-type=\"column\">\n\t\t\t<div class=\"elementor-widget-wrap elementor-element-populated\">\n\t\t\t\t<div class=\"elementor-element elementor-element-64e5a41 e-flex e-con-boxed e-con e-parent\" data-id=\"64e5a41\" data-element_type=\"container\" data-e-type=\"container\">\n\t\t\t\t\t<div class=\"e-con-inner\">\n\t\t\t\t<div class=\"elementor-element elementor-element-21bc972 elementor-widget elementor-widget-image\" data-id=\"21bc972\" data-element_type=\"widget\" data-e-type=\"widget\" data-widget_type=\"image.default\">\n\t\t\t\t<div class=\"elementor-widget-container\">\n\t\t\t\t\t\t\t\t\t\t\t\t\t\t\t<img decoding=\"async\" width=\"416\" height=\"315\" src=\"https:\/\/nederlandsetempeliers.nl\/wp-content\/uploads\/Hoog-van-de-toren-blazen-1.jpg\" class=\"attachment-full size-full wp-image-4384\" alt=\"Kopparhorn fr\u00e5n tornvaktaren vid Grote Kerk Breda, cirka 1880, med r\u00f6d sn\u00f6re och tofsar.\" srcset=\"https:\/\/nederlandsetempeliers.nl\/wp-content\/uploads\/Hoog-van-de-toren-blazen-1.jpg 416w, https:\/\/nederlandsetempeliers.nl\/wp-content\/uploads\/Hoog-van-de-toren-blazen-1-300x227.jpg 300w\" sizes=\"(max-width: 416px) 100vw, 416px\" \/>\t\t\t\t\t\t\t\t\t\t\t\t\t\t\t<\/div>\n\t\t\t\t<\/div>\n\t\t\t\t\t<\/div>\n\t\t\t\t<\/div>\n\t\t\t\t\t<\/div>\n\t\t<\/div>\n\t\t\t\t\t<\/div>\n\t\t<\/section>\n\t\t\t\t<section class=\"elementor-section elementor-top-section elementor-element elementor-element-03b2d49 elementor-section-content-middle elementor-section-boxed elementor-section-height-default elementor-section-height-default\" data-id=\"03b2d49\" data-element_type=\"section\" data-e-type=\"section\">\n\t\t\t\t\t\t<div class=\"elementor-container elementor-column-gap-default\">\n\t\t\t\t\t<div class=\"elementor-column elementor-col-50 elementor-top-column elementor-element elementor-element-585fbe8\" data-id=\"585fbe8\" data-element_type=\"column\" data-e-type=\"column\">\n\t\t\t<div class=\"elementor-widget-wrap elementor-element-populated\">\n\t\t\t\t<div class=\"elementor-element elementor-element-51a89e1 e-flex e-con-boxed e-con e-parent\" data-id=\"51a89e1\" data-element_type=\"container\" data-e-type=\"container\">\n\t\t\t\t\t<div class=\"e-con-inner\">\n\t\t\t\t<div class=\"elementor-element elementor-element-13d23e3 elementor-widget elementor-widget-image\" data-id=\"13d23e3\" data-element_type=\"widget\" data-e-type=\"widget\" data-widget_type=\"image.default\">\n\t\t\t\t<div class=\"elementor-widget-container\">\n\t\t\t\t\t\t\t\t\t\t\t\t\t\t\t<img decoding=\"async\" width=\"267\" height=\"356\" src=\"https:\/\/nederlandsetempeliers.nl\/wp-content\/uploads\/Hoog-van-de-toren-blazen-2.jpg\" class=\"attachment-full size-full wp-image-4383\" alt=\"Signalljus fr\u00e5n tornvaktaren i Grote Kerk Breda, cirka 1880, med Bredas vapensk\u00f6ld.\" srcset=\"https:\/\/nederlandsetempeliers.nl\/wp-content\/uploads\/Hoog-van-de-toren-blazen-2.jpg 267w, https:\/\/nederlandsetempeliers.nl\/wp-content\/uploads\/Hoog-van-de-toren-blazen-2-225x300.jpg 225w\" sizes=\"(max-width: 267px) 100vw, 267px\" \/>\t\t\t\t\t\t\t\t\t\t\t\t\t\t\t<\/div>\n\t\t\t\t<\/div>\n\t\t\t\t\t<\/div>\n\t\t\t\t<\/div>\n\t\t\t\t\t<\/div>\n\t\t<\/div>\n\t\t\t\t<div class=\"elementor-column elementor-col-50 elementor-top-column elementor-element elementor-element-d28d032\" data-id=\"d28d032\" data-element_type=\"column\" data-e-type=\"column\">\n\t\t\t<div class=\"elementor-widget-wrap elementor-element-populated\">\n\t\t\t\t<div class=\"elementor-element elementor-element-ddb4463 e-flex e-con-boxed e-con e-parent\" data-id=\"ddb4463\" data-element_type=\"container\" data-e-type=\"container\">\n\t\t\t\t\t<div class=\"e-con-inner\">\n\t\t\t\t<div class=\"elementor-element elementor-element-8c03ff0 elementor-widget elementor-widget-text-editor\" data-id=\"8c03ff0\" data-element_type=\"widget\" data-e-type=\"widget\" data-widget_type=\"text-editor.default\">\n\t\t\t\t<div class=\"elementor-widget-container\">\n\t\t\t\t\t\t\t\t\t<p>Denna ljuslykta h\u00e4ngdes fr\u00e5n tornet p\u00e5 Stor- eller V\u00e5r Frukyrka p\u00e5 den sida d\u00e4r tornvakten s\u00e5g elden. Om det brann under dagen h\u00e4ngdes en r\u00f6d fana fr\u00e5n torntornet p\u00e5 eldens sida. Lyktan anv\u00e4ndes fram till omkring 1893 av brandk\u00e5ren i kommunen Breda.  <\/p>\t\t\t\t\t\t\t\t<\/div>\n\t\t\t\t<\/div>\n\t\t\t\t\t<\/div>\n\t\t\t\t<\/div>\n\t\t\t\t\t<\/div>\n\t\t<\/div>\n\t\t\t\t\t<\/div>\n\t\t<\/section>\n\t\t\t\t<\/div>\n\t\t","protected":false},"excerpt":{"rendered":"<p>Spr\u00e4nger av tornet De som \u00e4r tempelsoldater \u00e4r av Gud. Spr\u00e4nger av tornet Bl\u00e5ser H\u00d6GT fr\u00e5n tornet Varje f\u00f6rsta m\u00e5ndag i m\u00e5naden klockan 12 tjuter sirenen i Nederl\u00e4nderna. Men hur [&hellip;]<\/p>\n","protected":false},"author":2,"featured_media":0,"parent":4934,"menu_order":0,"comment_status":"closed","ping_status":"closed","template":"","meta":{"footnotes":""},"class_list":["post-4382","page","type-page","status-publish","hentry"],"yoast_head":"<!-- This site is optimized with the Yoast SEO plugin v27.2 - https:\/\/yoast.com\/product\/yoast-seo-wordpress\/ -->\n<title>Spr\u00e4nger av tornet - Nederlandse Tempeliers<\/title>\n<meta name=\"robots\" content=\"index, follow, max-snippet:-1, max-image-preview:large, max-video-preview:-1\" \/>\n<link rel=\"canonical\" href=\"https:\/\/nederlandsetempeliers.nl\/sv\/spar-av-det-forflutna\/spranger-av-tornet\/\" \/>\n<meta property=\"og:locale\" content=\"sv_SE\" \/>\n<meta property=\"og:type\" content=\"article\" \/>\n<meta property=\"og:title\" content=\"Spr\u00e4nger av tornet - Nederlandse Tempeliers\" \/>\n<meta property=\"og:description\" content=\"Spr\u00e4nger av tornet De som \u00e4r tempelsoldater \u00e4r av Gud. Spr\u00e4nger av tornet Bl\u00e5ser H\u00d6GT fr\u00e5n tornet Varje f\u00f6rsta m\u00e5ndag i m\u00e5naden klockan 12 tjuter sirenen i Nederl\u00e4nderna. Men hur [&hellip;]\" \/>\n<meta property=\"og:url\" content=\"https:\/\/nederlandsetempeliers.nl\/sv\/spar-av-det-forflutna\/spranger-av-tornet\/\" \/>\n<meta property=\"og:site_name\" content=\"Nederlandse Tempeliers\" \/>\n<meta property=\"article:modified_time\" content=\"2026-03-02T14:11:22+00:00\" \/>\n<meta property=\"og:image\" content=\"https:\/\/nederlandsetempeliers.nl\/wp-content\/uploads\/Dutch-order-v2.png\" \/>\n\t<meta property=\"og:image:width\" content=\"687\" \/>\n\t<meta property=\"og:image:height\" content=\"686\" \/>\n\t<meta property=\"og:image:type\" content=\"image\/png\" \/>\n<meta name=\"twitter:card\" content=\"summary_large_image\" \/>\n<meta name=\"twitter:label1\" content=\"Ber\u00e4knad l\u00e4stid\" \/>\n\t<meta name=\"twitter:data1\" content=\"3 minuter\" \/>\n<script type=\"application\/ld+json\" class=\"yoast-schema-graph\">{\"@context\":\"https:\/\/schema.org\",\"@graph\":[{\"@type\":\"WebPage\",\"@id\":\"https:\/\/nederlandsetempeliers.nl\/sv\/spar-av-det-forflutna\/spranger-av-tornet\/\",\"url\":\"https:\/\/nederlandsetempeliers.nl\/sv\/spar-av-det-forflutna\/spranger-av-tornet\/\",\"name\":\"Spr\u00e4nger av tornet - Nederlandse Tempeliers\",\"isPartOf\":{\"@id\":\"https:\/\/nederlandsetempeliers.nl\/sv\/#website\"},\"primaryImageOfPage\":{\"@id\":\"https:\/\/nederlandsetempeliers.nl\/sv\/spar-av-det-forflutna\/spranger-av-tornet\/#primaryimage\"},\"image\":{\"@id\":\"https:\/\/nederlandsetempeliers.nl\/sv\/spar-av-det-forflutna\/spranger-av-tornet\/#primaryimage\"},\"thumbnailUrl\":\"https:\/\/nederlandsetempeliers.nl\/wp-content\/uploads\/Dutch-order-v2-300x300.png\",\"datePublished\":\"2025-09-19T16:13:02+00:00\",\"dateModified\":\"2026-03-02T14:11:22+00:00\",\"breadcrumb\":{\"@id\":\"https:\/\/nederlandsetempeliers.nl\/sv\/spar-av-det-forflutna\/spranger-av-tornet\/#breadcrumb\"},\"inLanguage\":\"sv-SE\",\"potentialAction\":[{\"@type\":\"ReadAction\",\"target\":[\"https:\/\/nederlandsetempeliers.nl\/sv\/spar-av-det-forflutna\/spranger-av-tornet\/\"]}]},{\"@type\":\"ImageObject\",\"inLanguage\":\"sv-SE\",\"@id\":\"https:\/\/nederlandsetempeliers.nl\/sv\/spar-av-det-forflutna\/spranger-av-tornet\/#primaryimage\",\"url\":\"https:\/\/nederlandsetempeliers.nl\/wp-content\/uploads\/Dutch-order-v2-300x300.png\",\"contentUrl\":\"https:\/\/nederlandsetempeliers.nl\/wp-content\/uploads\/Dutch-order-v2-300x300.png\"},{\"@type\":\"BreadcrumbList\",\"@id\":\"https:\/\/nederlandsetempeliers.nl\/sv\/spar-av-det-forflutna\/spranger-av-tornet\/#breadcrumb\",\"itemListElement\":[{\"@type\":\"ListItem\",\"position\":1,\"name\":\"Home\",\"item\":\"https:\/\/nederlandsetempeliers.nl\/sv\/\"},{\"@type\":\"ListItem\",\"position\":2,\"name\":\"Sp\u00e5r av det f\u00f6rflutna\",\"item\":\"https:\/\/nederlandsetempeliers.nl\/sv\/sporen-uit-het-verleden\/\"},{\"@type\":\"ListItem\",\"position\":3,\"name\":\"Spr\u00e4nger av tornet\"}]},{\"@type\":\"WebSite\",\"@id\":\"https:\/\/nederlandsetempeliers.nl\/sv\/#website\",\"url\":\"https:\/\/nederlandsetempeliers.nl\/sv\/\",\"name\":\"Nederlandse Tempeliers\",\"description\":\"The Black Knights Templars of Solomon\",\"publisher\":{\"@id\":\"https:\/\/nederlandsetempeliers.nl\/sv\/#organization\"},\"potentialAction\":[{\"@type\":\"SearchAction\",\"target\":{\"@type\":\"EntryPoint\",\"urlTemplate\":\"https:\/\/nederlandsetempeliers.nl\/sv\/?s={search_term_string}\"},\"query-input\":{\"@type\":\"PropertyValueSpecification\",\"valueRequired\":true,\"valueName\":\"search_term_string\"}}],\"inLanguage\":\"sv-SE\"},{\"@type\":\"Organization\",\"@id\":\"https:\/\/nederlandsetempeliers.nl\/sv\/#organization\",\"name\":\"Nederlandse Tempeliers\",\"url\":\"https:\/\/nederlandsetempeliers.nl\/sv\/\",\"logo\":{\"@type\":\"ImageObject\",\"inLanguage\":\"sv-SE\",\"@id\":\"https:\/\/nederlandsetempeliers.nl\/sv\/#\/schema\/logo\/image\/\",\"url\":\"https:\/\/nederlandsetempeliers.nl\/wp-content\/uploads\/Dutch-order-v2.png\",\"contentUrl\":\"https:\/\/nederlandsetempeliers.nl\/wp-content\/uploads\/Dutch-order-v2.png\",\"width\":687,\"height\":686,\"caption\":\"Nederlandse Tempeliers\"},\"image\":{\"@id\":\"https:\/\/nederlandsetempeliers.nl\/sv\/#\/schema\/logo\/image\/\"}}]}<\/script>\n<!-- \/ Yoast SEO plugin. -->","yoast_head_json":{"title":"Spr\u00e4nger av tornet - Nederlandse Tempeliers","robots":{"index":"index","follow":"follow","max-snippet":"max-snippet:-1","max-image-preview":"max-image-preview:large","max-video-preview":"max-video-preview:-1"},"canonical":"https:\/\/nederlandsetempeliers.nl\/sv\/spar-av-det-forflutna\/spranger-av-tornet\/","og_locale":"sv_SE","og_type":"article","og_title":"Spr\u00e4nger av tornet - Nederlandse Tempeliers","og_description":"Spr\u00e4nger av tornet De som \u00e4r tempelsoldater \u00e4r av Gud. Spr\u00e4nger av tornet Bl\u00e5ser H\u00d6GT fr\u00e5n tornet Varje f\u00f6rsta m\u00e5ndag i m\u00e5naden klockan 12 tjuter sirenen i Nederl\u00e4nderna. Men hur [&hellip;]","og_url":"https:\/\/nederlandsetempeliers.nl\/sv\/spar-av-det-forflutna\/spranger-av-tornet\/","og_site_name":"Nederlandse Tempeliers","article_modified_time":"2026-03-02T14:11:22+00:00","og_image":[{"width":687,"height":686,"url":"https:\/\/nederlandsetempeliers.nl\/wp-content\/uploads\/Dutch-order-v2.png","type":"image\/png"}],"twitter_card":"summary_large_image","twitter_misc":{"Ber\u00e4knad l\u00e4stid":"3 minuter"},"schema":{"@context":"https:\/\/schema.org","@graph":[{"@type":"WebPage","@id":"https:\/\/nederlandsetempeliers.nl\/sv\/spar-av-det-forflutna\/spranger-av-tornet\/","url":"https:\/\/nederlandsetempeliers.nl\/sv\/spar-av-det-forflutna\/spranger-av-tornet\/","name":"Spr\u00e4nger av tornet - Nederlandse Tempeliers","isPartOf":{"@id":"https:\/\/nederlandsetempeliers.nl\/sv\/#website"},"primaryImageOfPage":{"@id":"https:\/\/nederlandsetempeliers.nl\/sv\/spar-av-det-forflutna\/spranger-av-tornet\/#primaryimage"},"image":{"@id":"https:\/\/nederlandsetempeliers.nl\/sv\/spar-av-det-forflutna\/spranger-av-tornet\/#primaryimage"},"thumbnailUrl":"https:\/\/nederlandsetempeliers.nl\/wp-content\/uploads\/Dutch-order-v2-300x300.png","datePublished":"2025-09-19T16:13:02+00:00","dateModified":"2026-03-02T14:11:22+00:00","breadcrumb":{"@id":"https:\/\/nederlandsetempeliers.nl\/sv\/spar-av-det-forflutna\/spranger-av-tornet\/#breadcrumb"},"inLanguage":"sv-SE","potentialAction":[{"@type":"ReadAction","target":["https:\/\/nederlandsetempeliers.nl\/sv\/spar-av-det-forflutna\/spranger-av-tornet\/"]}]},{"@type":"ImageObject","inLanguage":"sv-SE","@id":"https:\/\/nederlandsetempeliers.nl\/sv\/spar-av-det-forflutna\/spranger-av-tornet\/#primaryimage","url":"https:\/\/nederlandsetempeliers.nl\/wp-content\/uploads\/Dutch-order-v2-300x300.png","contentUrl":"https:\/\/nederlandsetempeliers.nl\/wp-content\/uploads\/Dutch-order-v2-300x300.png"},{"@type":"BreadcrumbList","@id":"https:\/\/nederlandsetempeliers.nl\/sv\/spar-av-det-forflutna\/spranger-av-tornet\/#breadcrumb","itemListElement":[{"@type":"ListItem","position":1,"name":"Home","item":"https:\/\/nederlandsetempeliers.nl\/sv\/"},{"@type":"ListItem","position":2,"name":"Sp\u00e5r av det f\u00f6rflutna","item":"https:\/\/nederlandsetempeliers.nl\/sv\/sporen-uit-het-verleden\/"},{"@type":"ListItem","position":3,"name":"Spr\u00e4nger av tornet"}]},{"@type":"WebSite","@id":"https:\/\/nederlandsetempeliers.nl\/sv\/#website","url":"https:\/\/nederlandsetempeliers.nl\/sv\/","name":"Nederlandse Tempeliers","description":"The Black Knights Templars of Solomon","publisher":{"@id":"https:\/\/nederlandsetempeliers.nl\/sv\/#organization"},"potentialAction":[{"@type":"SearchAction","target":{"@type":"EntryPoint","urlTemplate":"https:\/\/nederlandsetempeliers.nl\/sv\/?s={search_term_string}"},"query-input":{"@type":"PropertyValueSpecification","valueRequired":true,"valueName":"search_term_string"}}],"inLanguage":"sv-SE"},{"@type":"Organization","@id":"https:\/\/nederlandsetempeliers.nl\/sv\/#organization","name":"Nederlandse Tempeliers","url":"https:\/\/nederlandsetempeliers.nl\/sv\/","logo":{"@type":"ImageObject","inLanguage":"sv-SE","@id":"https:\/\/nederlandsetempeliers.nl\/sv\/#\/schema\/logo\/image\/","url":"https:\/\/nederlandsetempeliers.nl\/wp-content\/uploads\/Dutch-order-v2.png","contentUrl":"https:\/\/nederlandsetempeliers.nl\/wp-content\/uploads\/Dutch-order-v2.png","width":687,"height":686,"caption":"Nederlandse Tempeliers"},"image":{"@id":"https:\/\/nederlandsetempeliers.nl\/sv\/#\/schema\/logo\/image\/"}}]}},"_links":{"self":[{"href":"https:\/\/nederlandsetempeliers.nl\/sv\/wp-json\/wp\/v2\/pages\/4382","targetHints":{"allow":["GET"]}}],"collection":[{"href":"https:\/\/nederlandsetempeliers.nl\/sv\/wp-json\/wp\/v2\/pages"}],"about":[{"href":"https:\/\/nederlandsetempeliers.nl\/sv\/wp-json\/wp\/v2\/types\/page"}],"author":[{"embeddable":true,"href":"https:\/\/nederlandsetempeliers.nl\/sv\/wp-json\/wp\/v2\/users\/2"}],"replies":[{"embeddable":true,"href":"https:\/\/nederlandsetempeliers.nl\/sv\/wp-json\/wp\/v2\/comments?post=4382"}],"version-history":[{"count":1,"href":"https:\/\/nederlandsetempeliers.nl\/sv\/wp-json\/wp\/v2\/pages\/4382\/revisions"}],"predecessor-version":[{"id":4386,"href":"https:\/\/nederlandsetempeliers.nl\/sv\/wp-json\/wp\/v2\/pages\/4382\/revisions\/4386"}],"up":[{"embeddable":true,"href":"https:\/\/nederlandsetempeliers.nl\/sv\/wp-json\/wp\/v2\/pages\/4934"}],"wp:attachment":[{"href":"https:\/\/nederlandsetempeliers.nl\/sv\/wp-json\/wp\/v2\/media?parent=4382"}],"curies":[{"name":"wp","href":"https:\/\/api.w.org\/{rel}","templated":true}]}}