{"id":4398,"date":"2025-08-06T16:57:32","date_gmt":"2025-08-06T14:57:32","guid":{"rendered":"https:\/\/nederlandsetempeliers.nl\/katarerna\/"},"modified":"2026-03-02T15:11:20","modified_gmt":"2026-03-02T14:11:20","slug":"katarerna","status":"publish","type":"page","link":"https:\/\/nederlandsetempeliers.nl\/sv\/spar-av-det-forflutna\/katarerna\/","title":{"rendered":"Katarerna"},"content":{"rendered":"\t\t<div data-elementor-type=\"wp-page\" data-elementor-id=\"4398\" class=\"elementor elementor-4398 elementor-1170\" data-elementor-post-type=\"page\">\n\t\t\t\t\t\t<section class=\"elementor-section elementor-top-section elementor-element elementor-element-3a7515f9 elementor-section-height-min-height elementor-section-boxed elementor-section-height-default elementor-section-items-middle\" data-id=\"3a7515f9\" data-element_type=\"section\" data-e-type=\"section\" data-settings=\"{&quot;background_background&quot;:&quot;classic&quot;}\">\n\t\t\t\t\t\t<div class=\"elementor-container elementor-column-gap-default\">\n\t\t\t\t\t<div class=\"elementor-column elementor-col-100 elementor-top-column elementor-element elementor-element-519633d1\" data-id=\"519633d1\" data-element_type=\"column\" data-e-type=\"column\">\n\t\t\t<div class=\"elementor-widget-wrap elementor-element-populated\">\n\t\t\t\t\t\t<div class=\"elementor-element elementor-element-154381a2 elementor-widget elementor-widget-heading\" data-id=\"154381a2\" data-element_type=\"widget\" data-e-type=\"widget\" data-widget_type=\"heading.default\">\n\t\t\t\t<div class=\"elementor-widget-container\">\n\t\t\t\t\t<h2 class=\"elementor-heading-title elementor-size-default\">Katarerna<\/h2>\t\t\t\t<\/div>\n\t\t\t\t<\/div>\n\t\t\t\t<div class=\"elementor-element elementor-element-43950f86 elementor-widget elementor-widget-text-editor\" data-id=\"43950f86\" data-element_type=\"widget\" data-e-type=\"widget\" data-widget_type=\"text-editor.default\">\n\t\t\t\t<div class=\"elementor-widget-container\">\n\t\t\t\t\t\t\t\t\t<p>De som \u00e4r tempelsoldater \u00e4r <b>av Gud.<\/b><\/p>\t\t\t\t\t\t\t\t<\/div>\n\t\t\t\t<\/div>\n\t\t\t\t<div class=\"elementor-element elementor-element-7afeca90 elementor-widget elementor-widget-image\" data-id=\"7afeca90\" data-element_type=\"widget\" data-e-type=\"widget\" data-widget_type=\"image.default\">\n\t\t\t\t<div class=\"elementor-widget-container\">\n\t\t\t\t\t\t\t\t\t\t\t\t\t\t\t<img fetchpriority=\"high\" decoding=\"async\" width=\"300\" height=\"300\" src=\"https:\/\/nederlandsetempeliers.nl\/wp-content\/uploads\/Dutch-order-v2-300x300.png\" class=\"attachment-medium size-medium wp-image-2959\" alt=\"Cena de Seder medieval con s\u00edmbolos de P\u00e9saj, flanqueada por dos Caballeros Templarios como guardianes\" srcset=\"https:\/\/nederlandsetempeliers.nl\/wp-content\/uploads\/Dutch-order-v2-300x300.png 300w, https:\/\/nederlandsetempeliers.nl\/wp-content\/uploads\/Dutch-order-v2-150x150.png 150w, https:\/\/nederlandsetempeliers.nl\/wp-content\/uploads\/Dutch-order-v2.png 687w\" sizes=\"(max-width: 300px) 100vw, 300px\" \/>\t\t\t\t\t\t\t\t\t\t\t\t\t\t\t<\/div>\n\t\t\t\t<\/div>\n\t\t\t\t\t<\/div>\n\t\t<\/div>\n\t\t\t\t\t<\/div>\n\t\t<\/section>\n\t\t\t\t<section class=\"elementor-section elementor-top-section elementor-element elementor-element-51f144e2 elementor-section-boxed elementor-section-height-default elementor-section-height-default\" data-id=\"51f144e2\" data-element_type=\"section\" data-e-type=\"section\" data-settings=\"{&quot;background_background&quot;:&quot;classic&quot;,&quot;shape_divider_bottom&quot;:&quot;triangle&quot;,&quot;shape_divider_bottom_negative&quot;:&quot;yes&quot;}\">\n\t\t\t\t\t<div class=\"elementor-shape elementor-shape-bottom\" aria-hidden=\"true\" data-negative=\"true\">\n\t\t\t<svg xmlns=\"http:\/\/www.w3.org\/2000\/svg\" viewBox=\"0 0 1000 100\" preserveAspectRatio=\"none\">\n\t<path class=\"elementor-shape-fill\" d=\"M500.2,94.7L0,0v100h1000V0L500.2,94.7z\"\/>\n<\/svg>\t\t<\/div>\n\t\t\t\t\t<div class=\"elementor-container elementor-column-gap-default\">\n\t\t\t\t\t<div class=\"elementor-column elementor-col-100 elementor-top-column elementor-element elementor-element-faab179\" data-id=\"faab179\" data-element_type=\"column\" data-e-type=\"column\">\n\t\t\t<div class=\"elementor-widget-wrap elementor-element-populated\">\n\t\t\t\t\t\t<div class=\"elementor-element elementor-element-4f8f8cc elementor-widget__width-auto elementor-view-default elementor-widget elementor-widget-icon\" data-id=\"4f8f8cc\" data-element_type=\"widget\" data-e-type=\"widget\" data-widget_type=\"icon.default\">\n\t\t\t\t<div class=\"elementor-widget-container\">\n\t\t\t\t\t\t\t<div class=\"elementor-icon-wrapper\">\n\t\t\t<div class=\"elementor-icon\">\n\t\t\t<i aria-hidden=\"true\" class=\"fas fa-grip-lines\"><\/i>\t\t\t<\/div>\n\t\t<\/div>\n\t\t\t\t\t\t<\/div>\n\t\t\t\t<\/div>\n\t\t\t\t<div class=\"elementor-element elementor-element-4871e44a elementor-widget__width-auto elementor-widget elementor-widget-heading\" data-id=\"4871e44a\" data-element_type=\"widget\" data-e-type=\"widget\" data-widget_type=\"heading.default\">\n\t\t\t\t<div class=\"elementor-widget-container\">\n\t\t\t\t\t<h2 class=\"elementor-heading-title elementor-size-default\">Katarerna<\/h2>\t\t\t\t<\/div>\n\t\t\t\t<\/div>\n\t\t\t\t<div class=\"elementor-element elementor-element-5e3cc42a elementor-widget__width-auto elementor-view-default elementor-widget elementor-widget-icon\" data-id=\"5e3cc42a\" data-element_type=\"widget\" data-e-type=\"widget\" data-widget_type=\"icon.default\">\n\t\t\t\t<div class=\"elementor-widget-container\">\n\t\t\t\t\t\t\t<div class=\"elementor-icon-wrapper\">\n\t\t\t<div class=\"elementor-icon\">\n\t\t\t<i aria-hidden=\"true\" class=\"fas fa-grip-lines\"><\/i>\t\t\t<\/div>\n\t\t<\/div>\n\t\t\t\t\t\t<\/div>\n\t\t\t\t<\/div>\n\t\t\t\t<div class=\"elementor-element elementor-element-6be2a3d3 elementor-widget elementor-widget-text-editor\" data-id=\"6be2a3d3\" data-element_type=\"widget\" data-e-type=\"widget\" data-widget_type=\"text-editor.default\">\n\t\t\t\t<div class=\"elementor-widget-container\">\n\t\t\t\t\t\t\t\t\t<p>fr\u00e5n grekiska: \u03ba\u03b1\u03b8\u03b1\u03c1\u03bf\u03af, katharoi, &#8221;den rena&#8221;<\/p>\t\t\t\t\t\t\t\t<\/div>\n\t\t\t\t<\/div>\n\t\t\t\t\t<\/div>\n\t\t<\/div>\n\t\t\t\t\t<\/div>\n\t\t<\/section>\n\t\t\t\t<section class=\"elementor-section elementor-top-section elementor-element elementor-element-403df7c4 elementor-section-content-middle elementor-section-boxed elementor-section-height-default elementor-section-height-default\" data-id=\"403df7c4\" data-element_type=\"section\" data-e-type=\"section\">\n\t\t\t\t\t\t<div class=\"elementor-container elementor-column-gap-default\">\n\t\t\t\t\t<div class=\"elementor-column elementor-col-100 elementor-top-column elementor-element elementor-element-72d7588\" data-id=\"72d7588\" data-element_type=\"column\" data-e-type=\"column\">\n\t\t\t<div class=\"elementor-widget-wrap elementor-element-populated\">\n\t\t\t\t\t\t<div class=\"elementor-element elementor-element-783640eb elementor-widget elementor-widget-heading\" data-id=\"783640eb\" data-element_type=\"widget\" data-e-type=\"widget\" data-widget_type=\"heading.default\">\n\t\t\t\t<div class=\"elementor-widget-container\">\n\t\t\t\t\t<h2 class=\"elementor-heading-title elementor-size-default\">Katarerna<\/h2>\t\t\t\t<\/div>\n\t\t\t\t<\/div>\n\t\t\t\t<div class=\"elementor-element elementor-element-10c10b01 elementor-widget elementor-widget-text-editor\" data-id=\"10c10b01\" data-element_type=\"widget\" data-e-type=\"widget\" data-widget_type=\"text-editor.default\">\n\t\t\t\t<div class=\"elementor-widget-container\">\n\t\t\t\t\t\t\t\t\t<p>Katarer (fr\u00e5n grekiska: \u03ba\u03b1\u03b8\u03b1\u03c1\u03bf\u03af, katharoi, &#8221;den rena&#8221;) eller albigenserna var en religi\u00f6s r\u00f6relse som hade stor anerk\u00e4nnarskara i v\u00e4stra Languedoc under 1100- och 1200-talen. De inspirerades av Jesu Kristi liv som beskrivs i Bibeln, men deras mystiska, symboliska och dualistiska tolkning av bibelber\u00e4ttelserna skiljde sig mycket fr\u00e5n den romersk-katolska kyrkan. Enligt katarerna var Satan allsm\u00e4ktig p\u00e5 jorden och endast den Helige Andes andliga inspiration ledde till fr\u00e4lsning.  <\/p><p>F\u00f6r h\u00e4rskarna i den katolska kyrkan var detta k\u00e4tteri, en otill\u00e5ten avvikelse fr\u00e5n vad de ans\u00e5g vara korrekt l\u00e4ra, som bokstavligen m\u00e5ste bek\u00e4mpas med eld och sv\u00e4rd. Kyrkan organiserade och finansierade omfattande milit\u00e4ra expeditioner till omr\u00e5det, de albigenserkorst\u00e5gen och avslutade v\u00e5ldsamt katarismen. Inkvisitionen, organiserad av kyrkan, fortsatte f\u00f6rf\u00f6ljelserna tills det inte fanns fler katarer. (k\u00e4lla: Wikipedia)   <\/p>\t\t\t\t\t\t\t\t<\/div>\n\t\t\t\t<\/div>\n\t\t\t\t\t<\/div>\n\t\t<\/div>\n\t\t\t\t\t<\/div>\n\t\t<\/section>\n\t\t\t\t<section class=\"elementor-section elementor-top-section elementor-element elementor-element-a738fec elementor-section-boxed elementor-section-height-default elementor-section-height-default\" data-id=\"a738fec\" data-element_type=\"section\" data-e-type=\"section\">\n\t\t\t\t\t\t<div class=\"elementor-container elementor-column-gap-default\">\n\t\t\t\t\t<div class=\"elementor-column elementor-col-100 elementor-top-column elementor-element elementor-element-ca18dc6\" data-id=\"ca18dc6\" data-element_type=\"column\" data-e-type=\"column\">\n\t\t\t<div class=\"elementor-widget-wrap elementor-element-populated\">\n\t\t\t\t<div class=\"elementor-element elementor-element-9dcfc93 e-flex e-con-boxed e-con e-parent\" data-id=\"9dcfc93\" data-element_type=\"container\" data-e-type=\"container\">\n\t\t\t\t\t<div class=\"e-con-inner\">\n\t\t\t\t<div class=\"elementor-element elementor-element-26d112e elementor-widget elementor-widget-image\" data-id=\"26d112e\" data-element_type=\"widget\" data-e-type=\"widget\" data-widget_type=\"image.default\">\n\t\t\t\t<div class=\"elementor-widget-container\">\n\t\t\t\t\t\t\t\t\t\t\t\t\t\t\t<img decoding=\"async\" width=\"452\" height=\"486\" src=\"https:\/\/nederlandsetempeliers.nl\/wp-content\/uploads\/Katharen-2.jpg\" class=\"attachment-large size-large wp-image-4401\" alt=\"\" srcset=\"https:\/\/nederlandsetempeliers.nl\/wp-content\/uploads\/Katharen-2.jpg 452w, https:\/\/nederlandsetempeliers.nl\/wp-content\/uploads\/Katharen-2-279x300.jpg 279w\" sizes=\"(max-width: 452px) 100vw, 452px\" \/>\t\t\t\t\t\t\t\t\t\t\t\t\t\t\t<\/div>\n\t\t\t\t<\/div>\n\t\t\t\t<div class=\"elementor-element elementor-element-0b691d6 elementor-widget elementor-widget-image\" data-id=\"0b691d6\" data-element_type=\"widget\" data-e-type=\"widget\" data-widget_type=\"image.default\">\n\t\t\t\t<div class=\"elementor-widget-container\">\n\t\t\t\t\t\t\t\t\t\t\t\t\t\t\t<img decoding=\"async\" width=\"467\" height=\"711\" src=\"https:\/\/nederlandsetempeliers.nl\/wp-content\/uploads\/Katharen-1.jpg\" class=\"attachment-large size-large wp-image-4400\" alt=\"\" srcset=\"https:\/\/nederlandsetempeliers.nl\/wp-content\/uploads\/Katharen-1.jpg 467w, https:\/\/nederlandsetempeliers.nl\/wp-content\/uploads\/Katharen-1-197x300.jpg 197w\" sizes=\"(max-width: 467px) 100vw, 467px\" \/>\t\t\t\t\t\t\t\t\t\t\t\t\t\t\t<\/div>\n\t\t\t\t<\/div>\n\t\t\t\t<div class=\"elementor-element elementor-element-659696e elementor-widget elementor-widget-image\" data-id=\"659696e\" data-element_type=\"widget\" data-e-type=\"widget\" data-widget_type=\"image.default\">\n\t\t\t\t<div class=\"elementor-widget-container\">\n\t\t\t\t\t\t\t\t\t\t\t\t\t\t\t<img loading=\"lazy\" decoding=\"async\" width=\"501\" height=\"605\" src=\"https:\/\/nederlandsetempeliers.nl\/wp-content\/uploads\/Katharen-3.jpg\" class=\"attachment-large size-large wp-image-4399\" alt=\"\" srcset=\"https:\/\/nederlandsetempeliers.nl\/wp-content\/uploads\/Katharen-3.jpg 501w, https:\/\/nederlandsetempeliers.nl\/wp-content\/uploads\/Katharen-3-248x300.jpg 248w\" sizes=\"(max-width: 501px) 100vw, 501px\" \/>\t\t\t\t\t\t\t\t\t\t\t\t\t\t\t<\/div>\n\t\t\t\t<\/div>\n\t\t\t\t\t<\/div>\n\t\t\t\t<\/div>\n\t\t\t\t\t<\/div>\n\t\t<\/div>\n\t\t\t\t\t<\/div>\n\t\t<\/section>\n\t\t\t\t<\/div>\n\t\t","protected":false},"excerpt":{"rendered":"<p>Katarerna De som \u00e4r tempelsoldater \u00e4r av Gud. Katarerna fr\u00e5n grekiska: \u03ba\u03b1\u03b8\u03b1\u03c1\u03bf\u03af, katharoi, &#8221;den rena&#8221; Katarerna Katarer (fr\u00e5n grekiska: \u03ba\u03b1\u03b8\u03b1\u03c1\u03bf\u03af, katharoi, &#8221;den rena&#8221;) eller albigenserna var en religi\u00f6s r\u00f6relse som [&hellip;]<\/p>\n","protected":false},"author":2,"featured_media":0,"parent":4934,"menu_order":0,"comment_status":"closed","ping_status":"closed","template":"","meta":{"footnotes":""},"class_list":["post-4398","page","type-page","status-publish","hentry"],"yoast_head":"<!-- This site is optimized with the Yoast SEO plugin v27.2 - https:\/\/yoast.com\/product\/yoast-seo-wordpress\/ -->\n<title>Katarerna - Nederlandse Tempeliers<\/title>\n<meta name=\"robots\" content=\"index, follow, max-snippet:-1, max-image-preview:large, max-video-preview:-1\" \/>\n<link rel=\"canonical\" href=\"https:\/\/nederlandsetempeliers.nl\/sv\/spar-av-det-forflutna\/katarerna\/\" \/>\n<meta property=\"og:locale\" content=\"sv_SE\" \/>\n<meta property=\"og:type\" content=\"article\" \/>\n<meta property=\"og:title\" content=\"Katarerna - Nederlandse Tempeliers\" \/>\n<meta property=\"og:description\" content=\"Katarerna De som \u00e4r tempelsoldater \u00e4r av Gud. Katarerna fr\u00e5n grekiska: \u03ba\u03b1\u03b8\u03b1\u03c1\u03bf\u03af, katharoi, &#8221;den rena&#8221; Katarerna Katarer (fr\u00e5n grekiska: \u03ba\u03b1\u03b8\u03b1\u03c1\u03bf\u03af, katharoi, &#8221;den rena&#8221;) eller albigenserna var en religi\u00f6s r\u00f6relse som [&hellip;]\" \/>\n<meta property=\"og:url\" content=\"https:\/\/nederlandsetempeliers.nl\/sv\/spar-av-det-forflutna\/katarerna\/\" \/>\n<meta property=\"og:site_name\" content=\"Nederlandse Tempeliers\" \/>\n<meta property=\"article:modified_time\" content=\"2026-03-02T14:11:20+00:00\" \/>\n<meta property=\"og:image\" content=\"https:\/\/nederlandsetempeliers.nl\/wp-content\/uploads\/Dutch-order-v2.png\" \/>\n\t<meta property=\"og:image:width\" content=\"687\" \/>\n\t<meta property=\"og:image:height\" content=\"686\" \/>\n\t<meta property=\"og:image:type\" content=\"image\/png\" \/>\n<meta name=\"twitter:card\" content=\"summary_large_image\" \/>\n<meta name=\"twitter:label1\" content=\"Ber\u00e4knad l\u00e4stid\" \/>\n\t<meta name=\"twitter:data1\" content=\"1 minut\" \/>\n<script type=\"application\/ld+json\" class=\"yoast-schema-graph\">{\"@context\":\"https:\/\/schema.org\",\"@graph\":[{\"@type\":\"WebPage\",\"@id\":\"https:\/\/nederlandsetempeliers.nl\/sv\/spar-av-det-forflutna\/katarerna\/\",\"url\":\"https:\/\/nederlandsetempeliers.nl\/sv\/spar-av-det-forflutna\/katarerna\/\",\"name\":\"Katarerna - Nederlandse Tempeliers\",\"isPartOf\":{\"@id\":\"https:\/\/nederlandsetempeliers.nl\/sv\/#website\"},\"primaryImageOfPage\":{\"@id\":\"https:\/\/nederlandsetempeliers.nl\/sv\/spar-av-det-forflutna\/katarerna\/#primaryimage\"},\"image\":{\"@id\":\"https:\/\/nederlandsetempeliers.nl\/sv\/spar-av-det-forflutna\/katarerna\/#primaryimage\"},\"thumbnailUrl\":\"https:\/\/nederlandsetempeliers.nl\/wp-content\/uploads\/Dutch-order-v2-300x300.png\",\"datePublished\":\"2025-08-06T14:57:32+00:00\",\"dateModified\":\"2026-03-02T14:11:20+00:00\",\"breadcrumb\":{\"@id\":\"https:\/\/nederlandsetempeliers.nl\/sv\/spar-av-det-forflutna\/katarerna\/#breadcrumb\"},\"inLanguage\":\"sv-SE\",\"potentialAction\":[{\"@type\":\"ReadAction\",\"target\":[\"https:\/\/nederlandsetempeliers.nl\/sv\/spar-av-det-forflutna\/katarerna\/\"]}]},{\"@type\":\"ImageObject\",\"inLanguage\":\"sv-SE\",\"@id\":\"https:\/\/nederlandsetempeliers.nl\/sv\/spar-av-det-forflutna\/katarerna\/#primaryimage\",\"url\":\"https:\/\/nederlandsetempeliers.nl\/wp-content\/uploads\/Dutch-order-v2-300x300.png\",\"contentUrl\":\"https:\/\/nederlandsetempeliers.nl\/wp-content\/uploads\/Dutch-order-v2-300x300.png\"},{\"@type\":\"BreadcrumbList\",\"@id\":\"https:\/\/nederlandsetempeliers.nl\/sv\/spar-av-det-forflutna\/katarerna\/#breadcrumb\",\"itemListElement\":[{\"@type\":\"ListItem\",\"position\":1,\"name\":\"Home\",\"item\":\"https:\/\/nederlandsetempeliers.nl\/sv\/\"},{\"@type\":\"ListItem\",\"position\":2,\"name\":\"Sp\u00e5r av det f\u00f6rflutna\",\"item\":\"https:\/\/nederlandsetempeliers.nl\/sv\/sporen-uit-het-verleden\/\"},{\"@type\":\"ListItem\",\"position\":3,\"name\":\"Katarerna\"}]},{\"@type\":\"WebSite\",\"@id\":\"https:\/\/nederlandsetempeliers.nl\/sv\/#website\",\"url\":\"https:\/\/nederlandsetempeliers.nl\/sv\/\",\"name\":\"Nederlandse Tempeliers\",\"description\":\"The Black Knights Templars of Solomon\",\"publisher\":{\"@id\":\"https:\/\/nederlandsetempeliers.nl\/sv\/#organization\"},\"potentialAction\":[{\"@type\":\"SearchAction\",\"target\":{\"@type\":\"EntryPoint\",\"urlTemplate\":\"https:\/\/nederlandsetempeliers.nl\/sv\/?s={search_term_string}\"},\"query-input\":{\"@type\":\"PropertyValueSpecification\",\"valueRequired\":true,\"valueName\":\"search_term_string\"}}],\"inLanguage\":\"sv-SE\"},{\"@type\":\"Organization\",\"@id\":\"https:\/\/nederlandsetempeliers.nl\/sv\/#organization\",\"name\":\"Nederlandse Tempeliers\",\"url\":\"https:\/\/nederlandsetempeliers.nl\/sv\/\",\"logo\":{\"@type\":\"ImageObject\",\"inLanguage\":\"sv-SE\",\"@id\":\"https:\/\/nederlandsetempeliers.nl\/sv\/#\/schema\/logo\/image\/\",\"url\":\"https:\/\/nederlandsetempeliers.nl\/wp-content\/uploads\/Dutch-order-v2.png\",\"contentUrl\":\"https:\/\/nederlandsetempeliers.nl\/wp-content\/uploads\/Dutch-order-v2.png\",\"width\":687,\"height\":686,\"caption\":\"Nederlandse Tempeliers\"},\"image\":{\"@id\":\"https:\/\/nederlandsetempeliers.nl\/sv\/#\/schema\/logo\/image\/\"}}]}<\/script>\n<!-- \/ Yoast SEO plugin. -->","yoast_head_json":{"title":"Katarerna - Nederlandse Tempeliers","robots":{"index":"index","follow":"follow","max-snippet":"max-snippet:-1","max-image-preview":"max-image-preview:large","max-video-preview":"max-video-preview:-1"},"canonical":"https:\/\/nederlandsetempeliers.nl\/sv\/spar-av-det-forflutna\/katarerna\/","og_locale":"sv_SE","og_type":"article","og_title":"Katarerna - Nederlandse Tempeliers","og_description":"Katarerna De som \u00e4r tempelsoldater \u00e4r av Gud. Katarerna fr\u00e5n grekiska: \u03ba\u03b1\u03b8\u03b1\u03c1\u03bf\u03af, katharoi, &#8221;den rena&#8221; Katarerna Katarer (fr\u00e5n grekiska: \u03ba\u03b1\u03b8\u03b1\u03c1\u03bf\u03af, katharoi, &#8221;den rena&#8221;) eller albigenserna var en religi\u00f6s r\u00f6relse som [&hellip;]","og_url":"https:\/\/nederlandsetempeliers.nl\/sv\/spar-av-det-forflutna\/katarerna\/","og_site_name":"Nederlandse Tempeliers","article_modified_time":"2026-03-02T14:11:20+00:00","og_image":[{"width":687,"height":686,"url":"https:\/\/nederlandsetempeliers.nl\/wp-content\/uploads\/Dutch-order-v2.png","type":"image\/png"}],"twitter_card":"summary_large_image","twitter_misc":{"Ber\u00e4knad l\u00e4stid":"1 minut"},"schema":{"@context":"https:\/\/schema.org","@graph":[{"@type":"WebPage","@id":"https:\/\/nederlandsetempeliers.nl\/sv\/spar-av-det-forflutna\/katarerna\/","url":"https:\/\/nederlandsetempeliers.nl\/sv\/spar-av-det-forflutna\/katarerna\/","name":"Katarerna - Nederlandse Tempeliers","isPartOf":{"@id":"https:\/\/nederlandsetempeliers.nl\/sv\/#website"},"primaryImageOfPage":{"@id":"https:\/\/nederlandsetempeliers.nl\/sv\/spar-av-det-forflutna\/katarerna\/#primaryimage"},"image":{"@id":"https:\/\/nederlandsetempeliers.nl\/sv\/spar-av-det-forflutna\/katarerna\/#primaryimage"},"thumbnailUrl":"https:\/\/nederlandsetempeliers.nl\/wp-content\/uploads\/Dutch-order-v2-300x300.png","datePublished":"2025-08-06T14:57:32+00:00","dateModified":"2026-03-02T14:11:20+00:00","breadcrumb":{"@id":"https:\/\/nederlandsetempeliers.nl\/sv\/spar-av-det-forflutna\/katarerna\/#breadcrumb"},"inLanguage":"sv-SE","potentialAction":[{"@type":"ReadAction","target":["https:\/\/nederlandsetempeliers.nl\/sv\/spar-av-det-forflutna\/katarerna\/"]}]},{"@type":"ImageObject","inLanguage":"sv-SE","@id":"https:\/\/nederlandsetempeliers.nl\/sv\/spar-av-det-forflutna\/katarerna\/#primaryimage","url":"https:\/\/nederlandsetempeliers.nl\/wp-content\/uploads\/Dutch-order-v2-300x300.png","contentUrl":"https:\/\/nederlandsetempeliers.nl\/wp-content\/uploads\/Dutch-order-v2-300x300.png"},{"@type":"BreadcrumbList","@id":"https:\/\/nederlandsetempeliers.nl\/sv\/spar-av-det-forflutna\/katarerna\/#breadcrumb","itemListElement":[{"@type":"ListItem","position":1,"name":"Home","item":"https:\/\/nederlandsetempeliers.nl\/sv\/"},{"@type":"ListItem","position":2,"name":"Sp\u00e5r av det f\u00f6rflutna","item":"https:\/\/nederlandsetempeliers.nl\/sv\/sporen-uit-het-verleden\/"},{"@type":"ListItem","position":3,"name":"Katarerna"}]},{"@type":"WebSite","@id":"https:\/\/nederlandsetempeliers.nl\/sv\/#website","url":"https:\/\/nederlandsetempeliers.nl\/sv\/","name":"Nederlandse Tempeliers","description":"The Black Knights Templars of Solomon","publisher":{"@id":"https:\/\/nederlandsetempeliers.nl\/sv\/#organization"},"potentialAction":[{"@type":"SearchAction","target":{"@type":"EntryPoint","urlTemplate":"https:\/\/nederlandsetempeliers.nl\/sv\/?s={search_term_string}"},"query-input":{"@type":"PropertyValueSpecification","valueRequired":true,"valueName":"search_term_string"}}],"inLanguage":"sv-SE"},{"@type":"Organization","@id":"https:\/\/nederlandsetempeliers.nl\/sv\/#organization","name":"Nederlandse Tempeliers","url":"https:\/\/nederlandsetempeliers.nl\/sv\/","logo":{"@type":"ImageObject","inLanguage":"sv-SE","@id":"https:\/\/nederlandsetempeliers.nl\/sv\/#\/schema\/logo\/image\/","url":"https:\/\/nederlandsetempeliers.nl\/wp-content\/uploads\/Dutch-order-v2.png","contentUrl":"https:\/\/nederlandsetempeliers.nl\/wp-content\/uploads\/Dutch-order-v2.png","width":687,"height":686,"caption":"Nederlandse Tempeliers"},"image":{"@id":"https:\/\/nederlandsetempeliers.nl\/sv\/#\/schema\/logo\/image\/"}}]}},"_links":{"self":[{"href":"https:\/\/nederlandsetempeliers.nl\/sv\/wp-json\/wp\/v2\/pages\/4398","targetHints":{"allow":["GET"]}}],"collection":[{"href":"https:\/\/nederlandsetempeliers.nl\/sv\/wp-json\/wp\/v2\/pages"}],"about":[{"href":"https:\/\/nederlandsetempeliers.nl\/sv\/wp-json\/wp\/v2\/types\/page"}],"author":[{"embeddable":true,"href":"https:\/\/nederlandsetempeliers.nl\/sv\/wp-json\/wp\/v2\/users\/2"}],"replies":[{"embeddable":true,"href":"https:\/\/nederlandsetempeliers.nl\/sv\/wp-json\/wp\/v2\/comments?post=4398"}],"version-history":[{"count":3,"href":"https:\/\/nederlandsetempeliers.nl\/sv\/wp-json\/wp\/v2\/pages\/4398\/revisions"}],"predecessor-version":[{"id":4417,"href":"https:\/\/nederlandsetempeliers.nl\/sv\/wp-json\/wp\/v2\/pages\/4398\/revisions\/4417"}],"up":[{"embeddable":true,"href":"https:\/\/nederlandsetempeliers.nl\/sv\/wp-json\/wp\/v2\/pages\/4934"}],"wp:attachment":[{"href":"https:\/\/nederlandsetempeliers.nl\/sv\/wp-json\/wp\/v2\/media?parent=4398"}],"curies":[{"name":"wp","href":"https:\/\/api.w.org\/{rel}","templated":true}]}}