{"id":4434,"date":"2025-08-14T16:02:41","date_gmt":"2025-08-14T14:02:41","guid":{"rendered":"https:\/\/nederlandsetempeliers.nl\/kungariket-jerusalem\/"},"modified":"2026-03-02T15:11:20","modified_gmt":"2026-03-02T14:11:20","slug":"kungariket-jerusalem","status":"publish","type":"page","link":"https:\/\/nederlandsetempeliers.nl\/sv\/spar-av-det-forflutna\/kungariket-jerusalem\/","title":{"rendered":"Kungariket Jerusalem"},"content":{"rendered":"\t\t<div data-elementor-type=\"wp-page\" data-elementor-id=\"4434\" class=\"elementor elementor-4434 elementor-1190\" data-elementor-post-type=\"page\">\n\t\t\t\t\t\t<section class=\"elementor-section elementor-top-section elementor-element elementor-element-3a7515f9 elementor-section-height-min-height elementor-section-boxed elementor-section-height-default elementor-section-items-middle\" data-id=\"3a7515f9\" data-element_type=\"section\" data-e-type=\"section\" data-settings=\"{&quot;background_background&quot;:&quot;classic&quot;}\">\n\t\t\t\t\t\t<div class=\"elementor-container elementor-column-gap-default\">\n\t\t\t\t\t<div class=\"elementor-column elementor-col-100 elementor-top-column elementor-element elementor-element-519633d1\" data-id=\"519633d1\" data-element_type=\"column\" data-e-type=\"column\">\n\t\t\t<div class=\"elementor-widget-wrap elementor-element-populated\">\n\t\t\t\t\t\t<div class=\"elementor-element elementor-element-154381a2 elementor-widget elementor-widget-heading\" data-id=\"154381a2\" data-element_type=\"widget\" data-e-type=\"widget\" data-widget_type=\"heading.default\">\n\t\t\t\t<div class=\"elementor-widget-container\">\n\t\t\t\t\t<h2 class=\"elementor-heading-title elementor-size-default\">Kungariket Jerusalem<\/h2>\t\t\t\t<\/div>\n\t\t\t\t<\/div>\n\t\t\t\t<div class=\"elementor-element elementor-element-43950f86 elementor-widget elementor-widget-text-editor\" data-id=\"43950f86\" data-element_type=\"widget\" data-e-type=\"widget\" data-widget_type=\"text-editor.default\">\n\t\t\t\t<div class=\"elementor-widget-container\">\n\t\t\t\t\t\t\t\t\t<p>De som \u00e4r tempelsoldater \u00e4r <b>av Gud.<\/b><\/p>\t\t\t\t\t\t\t\t<\/div>\n\t\t\t\t<\/div>\n\t\t\t\t<div class=\"elementor-element elementor-element-7afeca90 elementor-widget elementor-widget-image\" data-id=\"7afeca90\" data-element_type=\"widget\" data-e-type=\"widget\" data-widget_type=\"image.default\">\n\t\t\t\t<div class=\"elementor-widget-container\">\n\t\t\t\t\t\t\t\t\t\t\t\t\t\t\t<img fetchpriority=\"high\" decoding=\"async\" width=\"300\" height=\"300\" src=\"https:\/\/nederlandsetempeliers.nl\/wp-content\/uploads\/Dutch-order-v2-300x300.png\" class=\"attachment-medium size-medium wp-image-2959\" alt=\"Cena de Seder medieval con s\u00edmbolos de P\u00e9saj, flanqueada por dos Caballeros Templarios como guardianes\" srcset=\"https:\/\/nederlandsetempeliers.nl\/wp-content\/uploads\/Dutch-order-v2-300x300.png 300w, https:\/\/nederlandsetempeliers.nl\/wp-content\/uploads\/Dutch-order-v2-150x150.png 150w, https:\/\/nederlandsetempeliers.nl\/wp-content\/uploads\/Dutch-order-v2.png 687w\" sizes=\"(max-width: 300px) 100vw, 300px\" \/>\t\t\t\t\t\t\t\t\t\t\t\t\t\t\t<\/div>\n\t\t\t\t<\/div>\n\t\t\t\t\t<\/div>\n\t\t<\/div>\n\t\t\t\t\t<\/div>\n\t\t<\/section>\n\t\t\t\t<section class=\"elementor-section elementor-top-section elementor-element elementor-element-51f144e2 elementor-section-boxed elementor-section-height-default elementor-section-height-default\" data-id=\"51f144e2\" data-element_type=\"section\" data-e-type=\"section\" data-settings=\"{&quot;background_background&quot;:&quot;classic&quot;,&quot;shape_divider_bottom&quot;:&quot;triangle&quot;,&quot;shape_divider_bottom_negative&quot;:&quot;yes&quot;}\">\n\t\t\t\t\t<div class=\"elementor-shape elementor-shape-bottom\" aria-hidden=\"true\" data-negative=\"true\">\n\t\t\t<svg xmlns=\"http:\/\/www.w3.org\/2000\/svg\" viewBox=\"0 0 1000 100\" preserveAspectRatio=\"none\">\n\t<path class=\"elementor-shape-fill\" d=\"M500.2,94.7L0,0v100h1000V0L500.2,94.7z\"\/>\n<\/svg>\t\t<\/div>\n\t\t\t\t\t<div class=\"elementor-container elementor-column-gap-default\">\n\t\t\t\t\t<div class=\"elementor-column elementor-col-100 elementor-top-column elementor-element elementor-element-faab179\" data-id=\"faab179\" data-element_type=\"column\" data-e-type=\"column\">\n\t\t\t<div class=\"elementor-widget-wrap elementor-element-populated\">\n\t\t\t\t\t\t<div class=\"elementor-element elementor-element-4f8f8cc elementor-widget__width-auto elementor-view-default elementor-widget elementor-widget-icon\" data-id=\"4f8f8cc\" data-element_type=\"widget\" data-e-type=\"widget\" data-widget_type=\"icon.default\">\n\t\t\t\t<div class=\"elementor-widget-container\">\n\t\t\t\t\t\t\t<div class=\"elementor-icon-wrapper\">\n\t\t\t<div class=\"elementor-icon\">\n\t\t\t<i aria-hidden=\"true\" class=\"fas fa-grip-lines\"><\/i>\t\t\t<\/div>\n\t\t<\/div>\n\t\t\t\t\t\t<\/div>\n\t\t\t\t<\/div>\n\t\t\t\t<div class=\"elementor-element elementor-element-4871e44a elementor-widget__width-auto elementor-widget elementor-widget-heading\" data-id=\"4871e44a\" data-element_type=\"widget\" data-e-type=\"widget\" data-widget_type=\"heading.default\">\n\t\t\t\t<div class=\"elementor-widget-container\">\n\t\t\t\t\t<h2 class=\"elementor-heading-title elementor-size-default\">Kungariket Jerusalem<\/h2>\t\t\t\t<\/div>\n\t\t\t\t<\/div>\n\t\t\t\t<div class=\"elementor-element elementor-element-5e3cc42a elementor-widget__width-auto elementor-view-default elementor-widget elementor-widget-icon\" data-id=\"5e3cc42a\" data-element_type=\"widget\" data-e-type=\"widget\" data-widget_type=\"icon.default\">\n\t\t\t\t<div class=\"elementor-widget-container\">\n\t\t\t\t\t\t\t<div class=\"elementor-icon-wrapper\">\n\t\t\t<div class=\"elementor-icon\">\n\t\t\t<i aria-hidden=\"true\" class=\"fas fa-grip-lines\"><\/i>\t\t\t<\/div>\n\t\t<\/div>\n\t\t\t\t\t\t<\/div>\n\t\t\t\t<\/div>\n\t\t\t\t\t<\/div>\n\t\t<\/div>\n\t\t\t\t\t<\/div>\n\t\t<\/section>\n\t\t\t\t<section class=\"elementor-section elementor-top-section elementor-element elementor-element-403df7c4 elementor-section-boxed elementor-section-height-default elementor-section-height-default\" data-id=\"403df7c4\" data-element_type=\"section\" data-e-type=\"section\">\n\t\t\t\t\t\t<div class=\"elementor-container elementor-column-gap-default\">\n\t\t\t\t\t<div class=\"elementor-column elementor-col-50 elementor-top-column elementor-element elementor-element-72d7588\" data-id=\"72d7588\" data-element_type=\"column\" data-e-type=\"column\">\n\t\t\t<div class=\"elementor-widget-wrap elementor-element-populated\">\n\t\t\t\t\t\t<div class=\"elementor-element elementor-element-c382210 elementor-widget elementor-widget-heading\" data-id=\"c382210\" data-element_type=\"widget\" data-e-type=\"widget\" data-widget_type=\"heading.default\">\n\t\t\t\t<div class=\"elementor-widget-container\">\n\t\t\t\t\t<h2 class=\"elementor-heading-title elementor-size-default\">Kungariket Jerusalem<\/h2>\t\t\t\t<\/div>\n\t\t\t\t<\/div>\n\t\t\t\t<div class=\"elementor-element elementor-element-10c10b01 elementor-widget elementor-widget-text-editor\" data-id=\"10c10b01\" data-element_type=\"widget\" data-e-type=\"widget\" data-widget_type=\"text-editor.default\">\n\t\t\t\t<div class=\"elementor-widget-container\">\n\t\t\t\t\t\t\t\t\t<p>Kungariket Jerusalem grundades \u00e5r 1099 av Godfrey av Bouillon, efter att korsfararna hade er\u00f6vrat staden Jerusalem p\u00e5 ett blodigt s\u00e4tt. Godfrey avb\u00f6jde dock kungtiteln och kallade sig ist\u00e4llet &#8221;V\u00e4ktare av den Heliga Graven&#8221;. Efter hans d\u00f6d blev hans bror den f\u00f6rsta kung Baudouin I.  <\/p>\t\t\t\t\t\t\t\t<\/div>\n\t\t\t\t<\/div>\n\t\t\t\t<div class=\"elementor-element elementor-element-1856464 elementor-widget elementor-widget-heading\" data-id=\"1856464\" data-element_type=\"widget\" data-e-type=\"widget\" data-widget_type=\"heading.default\">\n\t\t\t\t<div class=\"elementor-widget-container\">\n\t\t\t\t\t<h2 class=\"elementor-heading-title elementor-size-default\">Lista \u00f6ver kungar av Jerusalem<\/h2>\t\t\t\t<\/div>\n\t\t\t\t<\/div>\n\t\t\t\t<div class=\"elementor-element elementor-element-d5f36f3 elementor-widget elementor-widget-text-editor\" data-id=\"d5f36f3\" data-element_type=\"widget\" data-e-type=\"widget\" data-widget_type=\"text-editor.default\">\n\t\t\t\t<div class=\"elementor-widget-container\">\n\t\t\t\t\t\t\t\t\t<p><b>1099\u20131100: Godfrey av Bouillon<\/b> som beskyddare av den Heliga Graven.<\/p><p><b>1100\u20131118: Balduin I av Jerusalem<\/b>. \u00c5r 1100 blev han kung av Jerusalem och anf\u00f6rtrodde grevskapet Edessa till sin brorson Baldwin du Bourg. <\/p><p><b>1118\u20131131: Balduin II av Jerusalem<\/b>. Baldwin I dog 1118 utan arvingar och eftertr\u00e4ddes av sin brorson Baldwin II, greve av Edessa. <\/p><p><b>1131\u20131143: Melisende och Fulk<\/b>. Balduin II eftertr\u00e4ddes 1131 av sin dotter Melisende, som styrde riket tillsammans med sin make Fulk. Fulk dog till f\u00f6ljd av en olycka under jakten 1143. Drottning Melisende blev regent f\u00f6r sin \u00e4ldste son och utn\u00e4mnde Mannases av Hierges till arm\u00e9konstapel.   <\/p><p><b>1143\u20131162: Balduin III av Jerusalem<\/b>. Balduin III tvingar sin mor att abdikera 1153. <\/p><p><b>1162\u20131174: Amalrik I av Jerusalem<\/b>. Balduin III eftertr\u00e4ddes av sin bror Amalrik I. <\/p><p><b>1174\u20131185: Balduin IV av Jerusalem<\/b> (1161\u20131185). Han var kung av Jerusalem fr\u00e5n 1174 till 1185, under korst\u00e5gen. Han dog av spet\u00e4lska 1185 och eftertr\u00e4ddes av sin brorson Balduin V. Tv\u00e5 \u00e5r senare skulle den saracenske ledaren Saladin er\u00f6vra Jerusalem, efter att staden varit i korsfararnas h\u00e4nder i 88 \u00e5r.  <\/p><p><b>1185\u20131187: Balduin V av Jerusalem<\/b>. Balduin V av Jerusalem var adoptivson till Guy av Lusignan. Lusignan, son till greven av Poitou, Hugh VIII av Lusignan, gifte sig med Sybille \u00e5r 1179; syster till Balduin IV av Jerusalem. Balduin V &#8221;barnet&#8221; kr\u00f6ns till kung av det Heliga landet \u00e5r 1185. Fr\u00e5n och med d\u00e5 var Guy av Lusignan kunglig gem\u00e5l.    <\/p><p><b>1186-1190?: Sibylla och Guy av Lusignan<\/b>. \u00c5r 1187 togs Jerusalem av Saladin, och staden tillh\u00f6rde den muslimska v\u00e4rlden. <\/p><p>Sybilla dog 1190, men Guy v\u00e4grade att avs\u00e4ga sig kronan. Dock \u00e5terstod endast en liten remsa land l\u00e4ngs kusten. <\/p><p><b>1192\u20131205: Isabella av Jerusalem och Konrad av Monferrato<\/b>. Isabella utn\u00e4mndes till drottning 1192 tillsammans med medregenten Konrad, som dog efter bara ett \u00e5r. Hon gifte sig d\u00e4refter med Henrik II av Champagne. Hon regerade en kort tid tillsammans med Amalric av Lusignan.  <\/p><p><b>1205\u20131212: Maria av Monferrato<\/b> under f\u00f6rmyndarskap av Johan av Ibelin och gift med Johan av Brienne<\/p><p><b>1212\u20131228: Yolande av Jerusalem<\/b> (Isabella II), under Johan av Briennes regeringstid, varefter riket togs av Romarriket.<\/p><p><b>1225\u20131228: Tysk-romersk kejsare Fredrik II<\/b><\/p><p><b>1228\u20131254: Konrad II<\/b> <b>av Hohenstaufen<\/b><\/p><p><b>1254\u20131268: Konrad III<\/b> <b>av Jerusalem<\/b> , \u00e4ven k\u00e4nd som Konradine. ocks\u00e5 under Hugh II av Cyperns regeringstid och hans mor Plaisance av Antiokia. <\/p><p><b>1268\u20131284: Hugo III<\/b> av Cypern, \u00e4ven k\u00e4nd som Hugo av Jerusalem<\/p><p>1<b>284-1285: Karl av Anjou<\/b> ensam som n\u00e5d<\/p><p><b>1284\u20131285: Johan II av Jerusalem<\/b><\/p><p><b>1285\u20131292: Henrik II av Jerusalem<\/b> \u00c5r 1292 f\u00f6ll huvudstaden Akko i muslimska v\u00e4rldens h\u00e4nder, vilket orsakade att kungariket Jerusalem upph\u00f6rde att existera.<\/p>\t\t\t\t\t\t\t\t<\/div>\n\t\t\t\t<\/div>\n\t\t\t\t\t<\/div>\n\t\t<\/div>\n\t\t\t\t<div class=\"elementor-column elementor-col-50 elementor-top-column elementor-element elementor-element-c5852fa\" data-id=\"c5852fa\" data-element_type=\"column\" data-e-type=\"column\">\n\t\t\t<div class=\"elementor-widget-wrap elementor-element-populated\">\n\t\t\t\t\t\t<div class=\"elementor-element elementor-element-ec035df elementor-widget elementor-widget-image\" data-id=\"ec035df\" data-element_type=\"widget\" data-e-type=\"widget\" data-settings=\"{&quot;motion_fx_motion_fx_scrolling&quot;:&quot;yes&quot;,&quot;sticky&quot;:&quot;top&quot;,&quot;sticky_offset&quot;:150,&quot;sticky_parent&quot;:&quot;yes&quot;,&quot;motion_fx_devices&quot;:[&quot;desktop&quot;,&quot;tablet&quot;,&quot;mobile&quot;],&quot;sticky_on&quot;:[&quot;desktop&quot;,&quot;tablet&quot;,&quot;mobile&quot;],&quot;sticky_effects_offset&quot;:0,&quot;sticky_anchor_link_offset&quot;:0}\" data-widget_type=\"image.default\">\n\t\t\t\t<div class=\"elementor-widget-container\">\n\t\t\t\t\t\t\t\t\t\t\t\t\t\t\t<img decoding=\"async\" width=\"753\" height=\"1024\" src=\"https:\/\/nederlandsetempeliers.nl\/wp-content\/uploads\/Koninkrijk-Jerusalem-753x1024.jpg\" class=\"attachment-large size-large wp-image-4435\" alt=\"\" srcset=\"https:\/\/nederlandsetempeliers.nl\/wp-content\/uploads\/Koninkrijk-Jerusalem-753x1024.jpg 753w, https:\/\/nederlandsetempeliers.nl\/wp-content\/uploads\/Koninkrijk-Jerusalem-221x300.jpg 221w, https:\/\/nederlandsetempeliers.nl\/wp-content\/uploads\/Koninkrijk-Jerusalem-768x1044.jpg 768w, https:\/\/nederlandsetempeliers.nl\/wp-content\/uploads\/Koninkrijk-Jerusalem.jpg 800w\" sizes=\"(max-width: 753px) 100vw, 753px\" \/>\t\t\t\t\t\t\t\t\t\t\t\t\t\t\t<\/div>\n\t\t\t\t<\/div>\n\t\t\t\t\t<\/div>\n\t\t<\/div>\n\t\t\t\t\t<\/div>\n\t\t<\/section>\n\t\t\t\t<\/div>\n\t\t","protected":false},"excerpt":{"rendered":"<p>Kungariket Jerusalem De som \u00e4r tempelsoldater \u00e4r av Gud. Kungariket Jerusalem Kungariket Jerusalem Kungariket Jerusalem grundades \u00e5r 1099 av Godfrey av Bouillon, efter att korsfararna hade er\u00f6vrat staden Jerusalem p\u00e5 [&hellip;]<\/p>\n","protected":false},"author":2,"featured_media":0,"parent":4934,"menu_order":0,"comment_status":"closed","ping_status":"closed","template":"","meta":{"footnotes":""},"class_list":["post-4434","page","type-page","status-publish","hentry"],"yoast_head":"<!-- This site is optimized with the Yoast SEO plugin v27.2 - https:\/\/yoast.com\/product\/yoast-seo-wordpress\/ -->\n<title>Kungariket Jerusalem - Nederlandse Tempeliers<\/title>\n<meta name=\"robots\" content=\"index, follow, max-snippet:-1, max-image-preview:large, max-video-preview:-1\" \/>\n<link rel=\"canonical\" href=\"https:\/\/nederlandsetempeliers.nl\/sv\/spar-av-det-forflutna\/kungariket-jerusalem\/\" \/>\n<meta property=\"og:locale\" content=\"sv_SE\" \/>\n<meta property=\"og:type\" content=\"article\" \/>\n<meta property=\"og:title\" content=\"Kungariket Jerusalem - Nederlandse Tempeliers\" \/>\n<meta property=\"og:description\" content=\"Kungariket Jerusalem De som \u00e4r tempelsoldater \u00e4r av Gud. Kungariket Jerusalem Kungariket Jerusalem Kungariket Jerusalem grundades \u00e5r 1099 av Godfrey av Bouillon, efter att korsfararna hade er\u00f6vrat staden Jerusalem p\u00e5 [&hellip;]\" \/>\n<meta property=\"og:url\" content=\"https:\/\/nederlandsetempeliers.nl\/sv\/spar-av-det-forflutna\/kungariket-jerusalem\/\" \/>\n<meta property=\"og:site_name\" content=\"Nederlandse Tempeliers\" \/>\n<meta property=\"article:modified_time\" content=\"2026-03-02T14:11:20+00:00\" \/>\n<meta property=\"og:image\" content=\"https:\/\/nederlandsetempeliers.nl\/wp-content\/uploads\/Dutch-order-v2.png\" \/>\n\t<meta property=\"og:image:width\" content=\"687\" \/>\n\t<meta property=\"og:image:height\" content=\"686\" \/>\n\t<meta property=\"og:image:type\" content=\"image\/png\" \/>\n<meta name=\"twitter:card\" content=\"summary_large_image\" \/>\n<meta name=\"twitter:label1\" content=\"Ber\u00e4knad l\u00e4stid\" \/>\n\t<meta name=\"twitter:data1\" content=\"2 minuter\" \/>\n<script type=\"application\/ld+json\" class=\"yoast-schema-graph\">{\"@context\":\"https:\/\/schema.org\",\"@graph\":[{\"@type\":\"WebPage\",\"@id\":\"https:\/\/nederlandsetempeliers.nl\/sv\/spar-av-det-forflutna\/kungariket-jerusalem\/\",\"url\":\"https:\/\/nederlandsetempeliers.nl\/sv\/spar-av-det-forflutna\/kungariket-jerusalem\/\",\"name\":\"Kungariket Jerusalem - Nederlandse Tempeliers\",\"isPartOf\":{\"@id\":\"https:\/\/nederlandsetempeliers.nl\/sv\/#website\"},\"primaryImageOfPage\":{\"@id\":\"https:\/\/nederlandsetempeliers.nl\/sv\/spar-av-det-forflutna\/kungariket-jerusalem\/#primaryimage\"},\"image\":{\"@id\":\"https:\/\/nederlandsetempeliers.nl\/sv\/spar-av-det-forflutna\/kungariket-jerusalem\/#primaryimage\"},\"thumbnailUrl\":\"https:\/\/nederlandsetempeliers.nl\/wp-content\/uploads\/Dutch-order-v2-300x300.png\",\"datePublished\":\"2025-08-14T14:02:41+00:00\",\"dateModified\":\"2026-03-02T14:11:20+00:00\",\"breadcrumb\":{\"@id\":\"https:\/\/nederlandsetempeliers.nl\/sv\/spar-av-det-forflutna\/kungariket-jerusalem\/#breadcrumb\"},\"inLanguage\":\"sv-SE\",\"potentialAction\":[{\"@type\":\"ReadAction\",\"target\":[\"https:\/\/nederlandsetempeliers.nl\/sv\/spar-av-det-forflutna\/kungariket-jerusalem\/\"]}]},{\"@type\":\"ImageObject\",\"inLanguage\":\"sv-SE\",\"@id\":\"https:\/\/nederlandsetempeliers.nl\/sv\/spar-av-det-forflutna\/kungariket-jerusalem\/#primaryimage\",\"url\":\"https:\/\/nederlandsetempeliers.nl\/wp-content\/uploads\/Dutch-order-v2-300x300.png\",\"contentUrl\":\"https:\/\/nederlandsetempeliers.nl\/wp-content\/uploads\/Dutch-order-v2-300x300.png\"},{\"@type\":\"BreadcrumbList\",\"@id\":\"https:\/\/nederlandsetempeliers.nl\/sv\/spar-av-det-forflutna\/kungariket-jerusalem\/#breadcrumb\",\"itemListElement\":[{\"@type\":\"ListItem\",\"position\":1,\"name\":\"Home\",\"item\":\"https:\/\/nederlandsetempeliers.nl\/sv\/\"},{\"@type\":\"ListItem\",\"position\":2,\"name\":\"Sp\u00e5r av det f\u00f6rflutna\",\"item\":\"https:\/\/nederlandsetempeliers.nl\/sv\/sporen-uit-het-verleden\/\"},{\"@type\":\"ListItem\",\"position\":3,\"name\":\"Kungariket Jerusalem\"}]},{\"@type\":\"WebSite\",\"@id\":\"https:\/\/nederlandsetempeliers.nl\/sv\/#website\",\"url\":\"https:\/\/nederlandsetempeliers.nl\/sv\/\",\"name\":\"Nederlandse Tempeliers\",\"description\":\"The Black Knights Templars of Solomon\",\"publisher\":{\"@id\":\"https:\/\/nederlandsetempeliers.nl\/sv\/#organization\"},\"potentialAction\":[{\"@type\":\"SearchAction\",\"target\":{\"@type\":\"EntryPoint\",\"urlTemplate\":\"https:\/\/nederlandsetempeliers.nl\/sv\/?s={search_term_string}\"},\"query-input\":{\"@type\":\"PropertyValueSpecification\",\"valueRequired\":true,\"valueName\":\"search_term_string\"}}],\"inLanguage\":\"sv-SE\"},{\"@type\":\"Organization\",\"@id\":\"https:\/\/nederlandsetempeliers.nl\/sv\/#organization\",\"name\":\"Nederlandse Tempeliers\",\"url\":\"https:\/\/nederlandsetempeliers.nl\/sv\/\",\"logo\":{\"@type\":\"ImageObject\",\"inLanguage\":\"sv-SE\",\"@id\":\"https:\/\/nederlandsetempeliers.nl\/sv\/#\/schema\/logo\/image\/\",\"url\":\"https:\/\/nederlandsetempeliers.nl\/wp-content\/uploads\/Dutch-order-v2.png\",\"contentUrl\":\"https:\/\/nederlandsetempeliers.nl\/wp-content\/uploads\/Dutch-order-v2.png\",\"width\":687,\"height\":686,\"caption\":\"Nederlandse Tempeliers\"},\"image\":{\"@id\":\"https:\/\/nederlandsetempeliers.nl\/sv\/#\/schema\/logo\/image\/\"}}]}<\/script>\n<!-- \/ Yoast SEO plugin. -->","yoast_head_json":{"title":"Kungariket Jerusalem - Nederlandse Tempeliers","robots":{"index":"index","follow":"follow","max-snippet":"max-snippet:-1","max-image-preview":"max-image-preview:large","max-video-preview":"max-video-preview:-1"},"canonical":"https:\/\/nederlandsetempeliers.nl\/sv\/spar-av-det-forflutna\/kungariket-jerusalem\/","og_locale":"sv_SE","og_type":"article","og_title":"Kungariket Jerusalem - Nederlandse Tempeliers","og_description":"Kungariket Jerusalem De som \u00e4r tempelsoldater \u00e4r av Gud. Kungariket Jerusalem Kungariket Jerusalem Kungariket Jerusalem grundades \u00e5r 1099 av Godfrey av Bouillon, efter att korsfararna hade er\u00f6vrat staden Jerusalem p\u00e5 [&hellip;]","og_url":"https:\/\/nederlandsetempeliers.nl\/sv\/spar-av-det-forflutna\/kungariket-jerusalem\/","og_site_name":"Nederlandse Tempeliers","article_modified_time":"2026-03-02T14:11:20+00:00","og_image":[{"width":687,"height":686,"url":"https:\/\/nederlandsetempeliers.nl\/wp-content\/uploads\/Dutch-order-v2.png","type":"image\/png"}],"twitter_card":"summary_large_image","twitter_misc":{"Ber\u00e4knad l\u00e4stid":"2 minuter"},"schema":{"@context":"https:\/\/schema.org","@graph":[{"@type":"WebPage","@id":"https:\/\/nederlandsetempeliers.nl\/sv\/spar-av-det-forflutna\/kungariket-jerusalem\/","url":"https:\/\/nederlandsetempeliers.nl\/sv\/spar-av-det-forflutna\/kungariket-jerusalem\/","name":"Kungariket Jerusalem - Nederlandse Tempeliers","isPartOf":{"@id":"https:\/\/nederlandsetempeliers.nl\/sv\/#website"},"primaryImageOfPage":{"@id":"https:\/\/nederlandsetempeliers.nl\/sv\/spar-av-det-forflutna\/kungariket-jerusalem\/#primaryimage"},"image":{"@id":"https:\/\/nederlandsetempeliers.nl\/sv\/spar-av-det-forflutna\/kungariket-jerusalem\/#primaryimage"},"thumbnailUrl":"https:\/\/nederlandsetempeliers.nl\/wp-content\/uploads\/Dutch-order-v2-300x300.png","datePublished":"2025-08-14T14:02:41+00:00","dateModified":"2026-03-02T14:11:20+00:00","breadcrumb":{"@id":"https:\/\/nederlandsetempeliers.nl\/sv\/spar-av-det-forflutna\/kungariket-jerusalem\/#breadcrumb"},"inLanguage":"sv-SE","potentialAction":[{"@type":"ReadAction","target":["https:\/\/nederlandsetempeliers.nl\/sv\/spar-av-det-forflutna\/kungariket-jerusalem\/"]}]},{"@type":"ImageObject","inLanguage":"sv-SE","@id":"https:\/\/nederlandsetempeliers.nl\/sv\/spar-av-det-forflutna\/kungariket-jerusalem\/#primaryimage","url":"https:\/\/nederlandsetempeliers.nl\/wp-content\/uploads\/Dutch-order-v2-300x300.png","contentUrl":"https:\/\/nederlandsetempeliers.nl\/wp-content\/uploads\/Dutch-order-v2-300x300.png"},{"@type":"BreadcrumbList","@id":"https:\/\/nederlandsetempeliers.nl\/sv\/spar-av-det-forflutna\/kungariket-jerusalem\/#breadcrumb","itemListElement":[{"@type":"ListItem","position":1,"name":"Home","item":"https:\/\/nederlandsetempeliers.nl\/sv\/"},{"@type":"ListItem","position":2,"name":"Sp\u00e5r av det f\u00f6rflutna","item":"https:\/\/nederlandsetempeliers.nl\/sv\/sporen-uit-het-verleden\/"},{"@type":"ListItem","position":3,"name":"Kungariket Jerusalem"}]},{"@type":"WebSite","@id":"https:\/\/nederlandsetempeliers.nl\/sv\/#website","url":"https:\/\/nederlandsetempeliers.nl\/sv\/","name":"Nederlandse Tempeliers","description":"The Black Knights Templars of Solomon","publisher":{"@id":"https:\/\/nederlandsetempeliers.nl\/sv\/#organization"},"potentialAction":[{"@type":"SearchAction","target":{"@type":"EntryPoint","urlTemplate":"https:\/\/nederlandsetempeliers.nl\/sv\/?s={search_term_string}"},"query-input":{"@type":"PropertyValueSpecification","valueRequired":true,"valueName":"search_term_string"}}],"inLanguage":"sv-SE"},{"@type":"Organization","@id":"https:\/\/nederlandsetempeliers.nl\/sv\/#organization","name":"Nederlandse Tempeliers","url":"https:\/\/nederlandsetempeliers.nl\/sv\/","logo":{"@type":"ImageObject","inLanguage":"sv-SE","@id":"https:\/\/nederlandsetempeliers.nl\/sv\/#\/schema\/logo\/image\/","url":"https:\/\/nederlandsetempeliers.nl\/wp-content\/uploads\/Dutch-order-v2.png","contentUrl":"https:\/\/nederlandsetempeliers.nl\/wp-content\/uploads\/Dutch-order-v2.png","width":687,"height":686,"caption":"Nederlandse Tempeliers"},"image":{"@id":"https:\/\/nederlandsetempeliers.nl\/sv\/#\/schema\/logo\/image\/"}}]}},"_links":{"self":[{"href":"https:\/\/nederlandsetempeliers.nl\/sv\/wp-json\/wp\/v2\/pages\/4434","targetHints":{"allow":["GET"]}}],"collection":[{"href":"https:\/\/nederlandsetempeliers.nl\/sv\/wp-json\/wp\/v2\/pages"}],"about":[{"href":"https:\/\/nederlandsetempeliers.nl\/sv\/wp-json\/wp\/v2\/types\/page"}],"author":[{"embeddable":true,"href":"https:\/\/nederlandsetempeliers.nl\/sv\/wp-json\/wp\/v2\/users\/2"}],"replies":[{"embeddable":true,"href":"https:\/\/nederlandsetempeliers.nl\/sv\/wp-json\/wp\/v2\/comments?post=4434"}],"version-history":[{"count":1,"href":"https:\/\/nederlandsetempeliers.nl\/sv\/wp-json\/wp\/v2\/pages\/4434\/revisions"}],"predecessor-version":[{"id":4437,"href":"https:\/\/nederlandsetempeliers.nl\/sv\/wp-json\/wp\/v2\/pages\/4434\/revisions\/4437"}],"up":[{"embeddable":true,"href":"https:\/\/nederlandsetempeliers.nl\/sv\/wp-json\/wp\/v2\/pages\/4934"}],"wp:attachment":[{"href":"https:\/\/nederlandsetempeliers.nl\/sv\/wp-json\/wp\/v2\/media?parent=4434"}],"curies":[{"name":"wp","href":"https:\/\/api.w.org\/{rel}","templated":true}]}}