{"id":4504,"date":"2025-08-04T15:58:03","date_gmt":"2025-08-04T13:58:03","guid":{"rendered":"https:\/\/nederlandsetempeliers.nl\/den-heliga-bonan\/"},"modified":"2026-03-02T15:11:20","modified_gmt":"2026-03-02T14:11:20","slug":"den-heliga-bonan","status":"publish","type":"page","link":"https:\/\/nederlandsetempeliers.nl\/sv\/spar-av-det-forflutna\/den-heliga-bonan\/","title":{"rendered":"Den heliga b\u00f6nan"},"content":{"rendered":"\t\t<div data-elementor-type=\"wp-page\" data-elementor-id=\"4504\" class=\"elementor elementor-4504 elementor-1097\" data-elementor-post-type=\"page\">\n\t\t\t\t\t\t<section class=\"elementor-section elementor-top-section elementor-element elementor-element-3a7515f9 elementor-section-height-min-height elementor-section-boxed elementor-section-height-default elementor-section-items-middle\" data-id=\"3a7515f9\" data-element_type=\"section\" data-e-type=\"section\" data-settings=\"{&quot;background_background&quot;:&quot;classic&quot;}\">\n\t\t\t\t\t\t<div class=\"elementor-container elementor-column-gap-default\">\n\t\t\t\t\t<div class=\"elementor-column elementor-col-100 elementor-top-column elementor-element elementor-element-519633d1\" data-id=\"519633d1\" data-element_type=\"column\" data-e-type=\"column\">\n\t\t\t<div class=\"elementor-widget-wrap elementor-element-populated\">\n\t\t\t\t\t\t<div class=\"elementor-element elementor-element-154381a2 elementor-widget elementor-widget-heading\" data-id=\"154381a2\" data-element_type=\"widget\" data-e-type=\"widget\" data-widget_type=\"heading.default\">\n\t\t\t\t<div class=\"elementor-widget-container\">\n\t\t\t\t\t<h2 class=\"elementor-heading-title elementor-size-default\">Den heliga b\u00f6nan<\/h2>\t\t\t\t<\/div>\n\t\t\t\t<\/div>\n\t\t\t\t<div class=\"elementor-element elementor-element-43950f86 elementor-widget elementor-widget-text-editor\" data-id=\"43950f86\" data-element_type=\"widget\" data-e-type=\"widget\" data-widget_type=\"text-editor.default\">\n\t\t\t\t<div class=\"elementor-widget-container\">\n\t\t\t\t\t\t\t\t\t<p>De som \u00e4r tempelsoldater \u00e4r <b>av Gud.<\/b><\/p>\t\t\t\t\t\t\t\t<\/div>\n\t\t\t\t<\/div>\n\t\t\t\t<div class=\"elementor-element elementor-element-7afeca90 elementor-widget elementor-widget-image\" data-id=\"7afeca90\" data-element_type=\"widget\" data-e-type=\"widget\" data-widget_type=\"image.default\">\n\t\t\t\t<div class=\"elementor-widget-container\">\n\t\t\t\t\t\t\t\t\t\t\t\t\t\t\t<img fetchpriority=\"high\" decoding=\"async\" width=\"300\" height=\"300\" src=\"https:\/\/nederlandsetempeliers.nl\/wp-content\/uploads\/Dutch-order-v2-300x300.png\" class=\"attachment-medium size-medium wp-image-2959\" alt=\"Cena de Seder medieval con s\u00edmbolos de P\u00e9saj, flanqueada por dos Caballeros Templarios como guardianes\" srcset=\"https:\/\/nederlandsetempeliers.nl\/wp-content\/uploads\/Dutch-order-v2-300x300.png 300w, https:\/\/nederlandsetempeliers.nl\/wp-content\/uploads\/Dutch-order-v2-150x150.png 150w, https:\/\/nederlandsetempeliers.nl\/wp-content\/uploads\/Dutch-order-v2.png 687w\" sizes=\"(max-width: 300px) 100vw, 300px\" \/>\t\t\t\t\t\t\t\t\t\t\t\t\t\t\t<\/div>\n\t\t\t\t<\/div>\n\t\t\t\t\t<\/div>\n\t\t<\/div>\n\t\t\t\t\t<\/div>\n\t\t<\/section>\n\t\t\t\t<section class=\"elementor-section elementor-top-section elementor-element elementor-element-51f144e2 elementor-section-boxed elementor-section-height-default elementor-section-height-default\" data-id=\"51f144e2\" data-element_type=\"section\" data-e-type=\"section\" data-settings=\"{&quot;background_background&quot;:&quot;classic&quot;,&quot;shape_divider_bottom&quot;:&quot;triangle&quot;,&quot;shape_divider_bottom_negative&quot;:&quot;yes&quot;}\">\n\t\t\t\t\t<div class=\"elementor-shape elementor-shape-bottom\" aria-hidden=\"true\" data-negative=\"true\">\n\t\t\t<svg xmlns=\"http:\/\/www.w3.org\/2000\/svg\" viewBox=\"0 0 1000 100\" preserveAspectRatio=\"none\">\n\t<path class=\"elementor-shape-fill\" d=\"M500.2,94.7L0,0v100h1000V0L500.2,94.7z\"\/>\n<\/svg>\t\t<\/div>\n\t\t\t\t\t<div class=\"elementor-container elementor-column-gap-default\">\n\t\t\t\t\t<div class=\"elementor-column elementor-col-100 elementor-top-column elementor-element elementor-element-faab179\" data-id=\"faab179\" data-element_type=\"column\" data-e-type=\"column\">\n\t\t\t<div class=\"elementor-widget-wrap elementor-element-populated\">\n\t\t\t\t\t\t<div class=\"elementor-element elementor-element-4f8f8cc elementor-widget__width-auto elementor-view-default elementor-widget elementor-widget-icon\" data-id=\"4f8f8cc\" data-element_type=\"widget\" data-e-type=\"widget\" data-widget_type=\"icon.default\">\n\t\t\t\t<div class=\"elementor-widget-container\">\n\t\t\t\t\t\t\t<div class=\"elementor-icon-wrapper\">\n\t\t\t<div class=\"elementor-icon\">\n\t\t\t<i aria-hidden=\"true\" class=\"fas fa-grip-lines\"><\/i>\t\t\t<\/div>\n\t\t<\/div>\n\t\t\t\t\t\t<\/div>\n\t\t\t\t<\/div>\n\t\t\t\t<div class=\"elementor-element elementor-element-4871e44a elementor-widget__width-auto elementor-widget elementor-widget-heading\" data-id=\"4871e44a\" data-element_type=\"widget\" data-e-type=\"widget\" data-widget_type=\"heading.default\">\n\t\t\t\t<div class=\"elementor-widget-container\">\n\t\t\t\t\t<h2 class=\"elementor-heading-title elementor-size-default\">Den heliga b\u00f6nan<\/h2>\t\t\t\t<\/div>\n\t\t\t\t<\/div>\n\t\t\t\t<div class=\"elementor-element elementor-element-5e3cc42a elementor-widget__width-auto elementor-view-default elementor-widget elementor-widget-icon\" data-id=\"5e3cc42a\" data-element_type=\"widget\" data-e-type=\"widget\" data-widget_type=\"icon.default\">\n\t\t\t\t<div class=\"elementor-widget-container\">\n\t\t\t\t\t\t\t<div class=\"elementor-icon-wrapper\">\n\t\t\t<div class=\"elementor-icon\">\n\t\t\t<i aria-hidden=\"true\" class=\"fas fa-grip-lines\"><\/i>\t\t\t<\/div>\n\t\t<\/div>\n\t\t\t\t\t\t<\/div>\n\t\t\t\t<\/div>\n\t\t\t\t<div class=\"elementor-element elementor-element-6be2a3d3 elementor-widget elementor-widget-text-editor\" data-id=\"6be2a3d3\" data-element_type=\"widget\" data-e-type=\"widget\" data-widget_type=\"text-editor.default\">\n\t\t\t\t<div class=\"elementor-widget-container\">\n\t\t\t\t\t\t\t\t\t<p style=\"text-align: center;\">Phaseolus vulgaris<\/p>\t\t\t\t\t\t\t\t<\/div>\n\t\t\t\t<\/div>\n\t\t\t\t\t<\/div>\n\t\t<\/div>\n\t\t\t\t\t<\/div>\n\t\t<\/section>\n\t\t\t\t<section class=\"elementor-section elementor-top-section elementor-element elementor-element-403df7c4 elementor-section-content-middle elementor-section-boxed elementor-section-height-default elementor-section-height-default\" data-id=\"403df7c4\" data-element_type=\"section\" data-e-type=\"section\">\n\t\t\t\t\t\t<div class=\"elementor-container elementor-column-gap-default\">\n\t\t\t\t\t<div class=\"elementor-column elementor-col-100 elementor-top-column elementor-element elementor-element-72d7588\" data-id=\"72d7588\" data-element_type=\"column\" data-e-type=\"column\">\n\t\t\t<div class=\"elementor-widget-wrap elementor-element-populated\">\n\t\t\t\t\t\t<div class=\"elementor-element elementor-element-2cea3c12 elementor-widget elementor-widget-image\" data-id=\"2cea3c12\" data-element_type=\"widget\" data-e-type=\"widget\" data-widget_type=\"image.default\">\n\t\t\t\t<div class=\"elementor-widget-container\">\n\t\t\t\t\t\t\t\t\t\t\t\t\t\t\t<img decoding=\"async\" width=\"268\" height=\"162\" src=\"https:\/\/nederlandsetempeliers.nl\/wp-content\/uploads\/Heilige-boontje-1.jpg\" class=\"attachment-full size-full wp-image-4505\" alt=\"\" \/>\t\t\t\t\t\t\t\t\t\t\t\t\t\t\t<\/div>\n\t\t\t\t<\/div>\n\t\t\t\t<div class=\"elementor-element elementor-element-10c10b01 elementor-widget elementor-widget-text-editor\" data-id=\"10c10b01\" data-element_type=\"widget\" data-e-type=\"widget\" data-widget_type=\"text-editor.default\">\n\t\t\t\t<div class=\"elementor-widget-container\">\n\t\t\t\t\t\t\t\t\t<p><strong>Latinskt namn<br><\/strong>Phaseolus vulgaris<\/p><p><strong>Odlingsinformation<br><\/strong>S\u00e5dd: fr\u00e5n april till juli<br>Rad \u2013 planteringsavst\u00e5nd 75 x 10 cm<br>Sk\u00f6rd: fr\u00e5n augusti till oktober<\/p><p><strong>F\u00f6rberedelse<br><\/strong>Unga b\u00f6nor kan \u00e4tas som hela gr\u00f6na b\u00f6nor. B\u00f6norna kan ocks\u00e5 \u00e4tas f\u00e4rska eller torkade. Smaken kan j\u00e4mf\u00f6ras med s\u00f6t kastanjepur\u00e9.  <\/p><p><strong>Ordspr\u00e5k<br><\/strong>Uttrycket: &#8217;Du \u00e4r en helig b\u00f6na&#8217;. Det \u00e4r n\u00e5gon som l\u00e5tsas vara from, men under tiden inte \u00e4r s\u00e5 v\u00e4luppfostrad. <\/p><p><strong>Namn<br><\/strong>Den heliga b\u00f6nan kallas ocks\u00e5 Monstrans-b\u00f6na: tv\u00e5 namn f\u00f6r att vara samma b\u00f6na. <em>Phaseolus vulgaris &#8217;Monstrans&#8217;.<\/em> Monstrare \u00e4r latin f\u00f6r att visa, visa. Katolikerna b\u00e4r hostian med sig i processioner i en rikt dekorerad silvergloria p\u00e5 en pinne, med tv\u00e5 glasplattor mitt i solen mellan vilka hostian kan placeras. P\u00e5 s\u00e5 s\u00e4tt kan fromma katoliker b\u00e4ttre tillbe Kristi kropp, representerad av hostian.   <\/p><p><strong>Historia<br><\/strong>F\u00f6r l\u00e4nge sedan fanns det i Melderslo, Limburg, en enkel kyrka d\u00e4r en h\u00e4ngiven pastor vakade \u00f6ver sin f\u00f6rsamling. En g\u00e5ng hade en rik bonde gett en stor g\u00e5va till kyrkan som tacksamhet f\u00f6r en god sk\u00f6rd, och kyrkor\u00e5det hade d\u00e5 beslutat att l\u00e5ta guldsmeden i den n\u00e4rliggande staden tillverka en vacker monstrans. Monstransen anv\u00e4nds i den romersk-katolska kyrkan f\u00f6r att visa hostian. Den var gjord av en vacker tr\u00e4sort, fint slipad och sedan t\u00e4ckt med ett lager rent guld. Det s\u00e4ger sig sj\u00e4lvt att pr\u00e4sten inte bara var stolt \u00f6ver detta vackra (och heliga!) sk\u00e5p, utan ocks\u00e5 tog v\u00e4l hand om det. Tiderna var turbulenta p\u00e5 den tiden och ett krig var p\u00e5 horisonten. En dag red kungens soldater genom byn och rekryterade alla unga m\u00e4n f\u00f6r att delta i striden. Pr\u00e4sten visste tillr\u00e4ckligt: tiden var mogen att genomf\u00f6ra sin evakueringsplan. Skulle han fly? Var han en feg herde? Inte alls! Han hade utformat planen att begrava det dyrbara monstransen i pr\u00e4stg\u00e5rdens tr\u00e4dg\u00e5rd. Det kunde h\u00e4nda att kungen beh\u00f6vde extra pengar och skulle konfiskera de kyrkliga skatterna. Det skulle h\u00e4nda (vilket Gud f\u00f6rbjude) att fienden skulle vinna och ge sig ut p\u00e5 ett r\u00e4der&#8230;. P\u00e5 platsen d\u00e4r han begravde monstransen s\u00e5dde pr\u00e4sten n\u00e5gra b\u00f6nor, s\u00e5 att platsen skulle vara markerad f\u00f6r tillf\u00e4llet. Det v\u00e4ckte ingen arrogans.<\/p><p>Fienden er\u00f6vrade och kom faktiskt r\u00e5nande och m\u00f6rdande genom byar och st\u00e4der. Inte mycket fanns i den enkla kyrkan, den tennf\u00e4rgade offersk\u00e5len med n\u00e5gra mynt i var det enda de tog med sig. Chockad men hemligt ocks\u00e5 glad, s\u00e5 k\u00e4nde pr\u00e4sten sig efter denna brutala kr\u00e4nkning av hans kyrka. Lyckligtvis \u00e5terv\u00e4nde freden snabbt till byn, veckorna efter sk\u00f6rden av den Heliga B\u00f6nan kunde monstransen gr\u00e4vas upp, reng\u00f6ras och putsas.   <\/p><p>Sommaren gick och b\u00f6norna v\u00e4xte bra. Pr\u00e4sten m\u00e4rkte att b\u00f6norna var mycket f\u00e4rska, en rik sk\u00f6rd som skulle bli det. Efter att ha sk\u00f6rdat n\u00e5gra g\u00e5nger (b\u00f6norna smakade gott!), l\u00e4t pr\u00e4sten, av vana att kunna s\u00e5 igen \u00e5ret d\u00e4rp\u00e5, n\u00e5gra baljor mogna. I september tr\u00f6skade han b\u00f6norna&#8230;. F\u00f6rundran! P\u00e5 de ursprungligen vita b\u00f6norna fanns pl\u00f6tsligt en helig teckning: silhuetten av den begravda monstransen med hostian i! Det h\u00e4r var tydligt en Helig B\u00f6na.      <\/p><p>Historien spreds snart och alla ville ha b\u00f6nor fr\u00e5n pr\u00e4sten f\u00f6r att sk\u00f6rda under det nya \u00e5ret. Sedan dess har b\u00f6nan spridits \u00f6ver m\u00e5nga f\u00f6rsamlingar och det finns fortfarande n\u00e5gra privilegierade \u00e4gare som kan sprida denna b\u00f6na. B\u00f6norna skulle ge fr\u00e4lsning, v\u00e4lst\u00e5nd och lycka om m\u00e4nniskor bar dem med sig.  <\/p><p>En annan underliggande folksaga handlar om aposteln Jakob den Store, en bror till evangelisten Johannes. D\u00e4r ses bilden p\u00e5 b\u00f6norna inte som en monstrans, utan som de s\u00e5rade kn\u00e4na av Jesusbarnet p\u00e5 statyn av Maria i V\u00e5r Fru p\u00e5 pelaren i Zaragossa. <\/p>\t\t\t\t\t\t\t\t<\/div>\n\t\t\t\t<\/div>\n\t\t\t\t<div class=\"elementor-element elementor-element-1b095bc elementor-widget elementor-widget-image\" data-id=\"1b095bc\" data-element_type=\"widget\" data-e-type=\"widget\" data-widget_type=\"image.default\">\n\t\t\t\t<div class=\"elementor-widget-container\">\n\t\t\t\t\t\t\t\t\t\t\t\t\t\t\t<img decoding=\"async\" width=\"172\" height=\"303\" src=\"https:\/\/nederlandsetempeliers.nl\/wp-content\/uploads\/Heilige-boontje-2.jpg\" class=\"attachment-full size-full wp-image-4506\" alt=\"\" srcset=\"https:\/\/nederlandsetempeliers.nl\/wp-content\/uploads\/Heilige-boontje-2.jpg 172w, https:\/\/nederlandsetempeliers.nl\/wp-content\/uploads\/Heilige-boontje-2-170x300.jpg 170w\" sizes=\"(max-width: 172px) 100vw, 172px\" \/>\t\t\t\t\t\t\t\t\t\t\t\t\t\t\t<\/div>\n\t\t\t\t<\/div>\n\t\t\t\t<div class=\"elementor-element elementor-element-2ca8f34 elementor-widget elementor-widget-text-editor\" data-id=\"2ca8f34\" data-element_type=\"widget\" data-e-type=\"widget\" data-widget_type=\"text-editor.default\">\n\t\t\t\t<div class=\"elementor-widget-container\">\n\t\t\t\t\t\t\t\t\t<p style=\"text-align: center;\">En monstrans<\/p>\t\t\t\t\t\t\t\t<\/div>\n\t\t\t\t<\/div>\n\t\t\t\t\t<\/div>\n\t\t<\/div>\n\t\t\t\t\t<\/div>\n\t\t<\/section>\n\t\t\t\t<\/div>\n\t\t","protected":false},"excerpt":{"rendered":"<p>Den heliga b\u00f6nan De som \u00e4r tempelsoldater \u00e4r av Gud. Den heliga b\u00f6nan Phaseolus vulgaris Latinskt namnPhaseolus vulgaris OdlingsinformationS\u00e5dd: fr\u00e5n april till juliRad \u2013 planteringsavst\u00e5nd 75 x 10 cmSk\u00f6rd: fr\u00e5n [&hellip;]<\/p>\n","protected":false},"author":2,"featured_media":0,"parent":4934,"menu_order":0,"comment_status":"closed","ping_status":"closed","template":"","meta":{"footnotes":""},"class_list":["post-4504","page","type-page","status-publish","hentry"],"yoast_head":"<!-- This site is optimized with the Yoast SEO plugin v27.2 - https:\/\/yoast.com\/product\/yoast-seo-wordpress\/ -->\n<title>Den heliga b\u00f6nan - Nederlandse Tempeliers<\/title>\n<meta name=\"robots\" content=\"index, follow, max-snippet:-1, max-image-preview:large, max-video-preview:-1\" \/>\n<link rel=\"canonical\" href=\"https:\/\/nederlandsetempeliers.nl\/sv\/spar-av-det-forflutna\/den-heliga-bonan\/\" \/>\n<meta property=\"og:locale\" content=\"sv_SE\" \/>\n<meta property=\"og:type\" content=\"article\" \/>\n<meta property=\"og:title\" content=\"Den heliga b\u00f6nan - Nederlandse Tempeliers\" \/>\n<meta property=\"og:description\" content=\"Den heliga b\u00f6nan De som \u00e4r tempelsoldater \u00e4r av Gud. Den heliga b\u00f6nan Phaseolus vulgaris Latinskt namnPhaseolus vulgaris OdlingsinformationS\u00e5dd: fr\u00e5n april till juliRad \u2013 planteringsavst\u00e5nd 75 x 10 cmSk\u00f6rd: fr\u00e5n [&hellip;]\" \/>\n<meta property=\"og:url\" content=\"https:\/\/nederlandsetempeliers.nl\/sv\/spar-av-det-forflutna\/den-heliga-bonan\/\" \/>\n<meta property=\"og:site_name\" content=\"Nederlandse Tempeliers\" \/>\n<meta property=\"article:modified_time\" content=\"2026-03-02T14:11:20+00:00\" \/>\n<meta property=\"og:image\" content=\"https:\/\/nederlandsetempeliers.nl\/wp-content\/uploads\/Dutch-order-v2.png\" \/>\n\t<meta property=\"og:image:width\" content=\"687\" \/>\n\t<meta property=\"og:image:height\" content=\"686\" \/>\n\t<meta property=\"og:image:type\" content=\"image\/png\" \/>\n<meta name=\"twitter:card\" content=\"summary_large_image\" \/>\n<meta name=\"twitter:label1\" content=\"Ber\u00e4knad l\u00e4stid\" \/>\n\t<meta name=\"twitter:data1\" content=\"4 minuter\" \/>\n<script type=\"application\/ld+json\" class=\"yoast-schema-graph\">{\"@context\":\"https:\/\/schema.org\",\"@graph\":[{\"@type\":\"WebPage\",\"@id\":\"https:\/\/nederlandsetempeliers.nl\/sv\/spar-av-det-forflutna\/den-heliga-bonan\/\",\"url\":\"https:\/\/nederlandsetempeliers.nl\/sv\/spar-av-det-forflutna\/den-heliga-bonan\/\",\"name\":\"Den heliga b\u00f6nan - Nederlandse Tempeliers\",\"isPartOf\":{\"@id\":\"https:\/\/nederlandsetempeliers.nl\/sv\/#website\"},\"primaryImageOfPage\":{\"@id\":\"https:\/\/nederlandsetempeliers.nl\/sv\/spar-av-det-forflutna\/den-heliga-bonan\/#primaryimage\"},\"image\":{\"@id\":\"https:\/\/nederlandsetempeliers.nl\/sv\/spar-av-det-forflutna\/den-heliga-bonan\/#primaryimage\"},\"thumbnailUrl\":\"https:\/\/nederlandsetempeliers.nl\/wp-content\/uploads\/Dutch-order-v2-300x300.png\",\"datePublished\":\"2025-08-04T13:58:03+00:00\",\"dateModified\":\"2026-03-02T14:11:20+00:00\",\"breadcrumb\":{\"@id\":\"https:\/\/nederlandsetempeliers.nl\/sv\/spar-av-det-forflutna\/den-heliga-bonan\/#breadcrumb\"},\"inLanguage\":\"sv-SE\",\"potentialAction\":[{\"@type\":\"ReadAction\",\"target\":[\"https:\/\/nederlandsetempeliers.nl\/sv\/spar-av-det-forflutna\/den-heliga-bonan\/\"]}]},{\"@type\":\"ImageObject\",\"inLanguage\":\"sv-SE\",\"@id\":\"https:\/\/nederlandsetempeliers.nl\/sv\/spar-av-det-forflutna\/den-heliga-bonan\/#primaryimage\",\"url\":\"https:\/\/nederlandsetempeliers.nl\/wp-content\/uploads\/Dutch-order-v2-300x300.png\",\"contentUrl\":\"https:\/\/nederlandsetempeliers.nl\/wp-content\/uploads\/Dutch-order-v2-300x300.png\"},{\"@type\":\"BreadcrumbList\",\"@id\":\"https:\/\/nederlandsetempeliers.nl\/sv\/spar-av-det-forflutna\/den-heliga-bonan\/#breadcrumb\",\"itemListElement\":[{\"@type\":\"ListItem\",\"position\":1,\"name\":\"Home\",\"item\":\"https:\/\/nederlandsetempeliers.nl\/sv\/\"},{\"@type\":\"ListItem\",\"position\":2,\"name\":\"Sp\u00e5r av det f\u00f6rflutna\",\"item\":\"https:\/\/nederlandsetempeliers.nl\/sv\/sporen-uit-het-verleden\/\"},{\"@type\":\"ListItem\",\"position\":3,\"name\":\"Den heliga b\u00f6nan\"}]},{\"@type\":\"WebSite\",\"@id\":\"https:\/\/nederlandsetempeliers.nl\/sv\/#website\",\"url\":\"https:\/\/nederlandsetempeliers.nl\/sv\/\",\"name\":\"Nederlandse Tempeliers\",\"description\":\"The Black Knights Templars of Solomon\",\"publisher\":{\"@id\":\"https:\/\/nederlandsetempeliers.nl\/sv\/#organization\"},\"potentialAction\":[{\"@type\":\"SearchAction\",\"target\":{\"@type\":\"EntryPoint\",\"urlTemplate\":\"https:\/\/nederlandsetempeliers.nl\/sv\/?s={search_term_string}\"},\"query-input\":{\"@type\":\"PropertyValueSpecification\",\"valueRequired\":true,\"valueName\":\"search_term_string\"}}],\"inLanguage\":\"sv-SE\"},{\"@type\":\"Organization\",\"@id\":\"https:\/\/nederlandsetempeliers.nl\/sv\/#organization\",\"name\":\"Nederlandse Tempeliers\",\"url\":\"https:\/\/nederlandsetempeliers.nl\/sv\/\",\"logo\":{\"@type\":\"ImageObject\",\"inLanguage\":\"sv-SE\",\"@id\":\"https:\/\/nederlandsetempeliers.nl\/sv\/#\/schema\/logo\/image\/\",\"url\":\"https:\/\/nederlandsetempeliers.nl\/wp-content\/uploads\/Dutch-order-v2.png\",\"contentUrl\":\"https:\/\/nederlandsetempeliers.nl\/wp-content\/uploads\/Dutch-order-v2.png\",\"width\":687,\"height\":686,\"caption\":\"Nederlandse Tempeliers\"},\"image\":{\"@id\":\"https:\/\/nederlandsetempeliers.nl\/sv\/#\/schema\/logo\/image\/\"}}]}<\/script>\n<!-- \/ Yoast SEO plugin. -->","yoast_head_json":{"title":"Den heliga b\u00f6nan - Nederlandse Tempeliers","robots":{"index":"index","follow":"follow","max-snippet":"max-snippet:-1","max-image-preview":"max-image-preview:large","max-video-preview":"max-video-preview:-1"},"canonical":"https:\/\/nederlandsetempeliers.nl\/sv\/spar-av-det-forflutna\/den-heliga-bonan\/","og_locale":"sv_SE","og_type":"article","og_title":"Den heliga b\u00f6nan - Nederlandse Tempeliers","og_description":"Den heliga b\u00f6nan De som \u00e4r tempelsoldater \u00e4r av Gud. Den heliga b\u00f6nan Phaseolus vulgaris Latinskt namnPhaseolus vulgaris OdlingsinformationS\u00e5dd: fr\u00e5n april till juliRad \u2013 planteringsavst\u00e5nd 75 x 10 cmSk\u00f6rd: fr\u00e5n [&hellip;]","og_url":"https:\/\/nederlandsetempeliers.nl\/sv\/spar-av-det-forflutna\/den-heliga-bonan\/","og_site_name":"Nederlandse Tempeliers","article_modified_time":"2026-03-02T14:11:20+00:00","og_image":[{"width":687,"height":686,"url":"https:\/\/nederlandsetempeliers.nl\/wp-content\/uploads\/Dutch-order-v2.png","type":"image\/png"}],"twitter_card":"summary_large_image","twitter_misc":{"Ber\u00e4knad l\u00e4stid":"4 minuter"},"schema":{"@context":"https:\/\/schema.org","@graph":[{"@type":"WebPage","@id":"https:\/\/nederlandsetempeliers.nl\/sv\/spar-av-det-forflutna\/den-heliga-bonan\/","url":"https:\/\/nederlandsetempeliers.nl\/sv\/spar-av-det-forflutna\/den-heliga-bonan\/","name":"Den heliga b\u00f6nan - Nederlandse Tempeliers","isPartOf":{"@id":"https:\/\/nederlandsetempeliers.nl\/sv\/#website"},"primaryImageOfPage":{"@id":"https:\/\/nederlandsetempeliers.nl\/sv\/spar-av-det-forflutna\/den-heliga-bonan\/#primaryimage"},"image":{"@id":"https:\/\/nederlandsetempeliers.nl\/sv\/spar-av-det-forflutna\/den-heliga-bonan\/#primaryimage"},"thumbnailUrl":"https:\/\/nederlandsetempeliers.nl\/wp-content\/uploads\/Dutch-order-v2-300x300.png","datePublished":"2025-08-04T13:58:03+00:00","dateModified":"2026-03-02T14:11:20+00:00","breadcrumb":{"@id":"https:\/\/nederlandsetempeliers.nl\/sv\/spar-av-det-forflutna\/den-heliga-bonan\/#breadcrumb"},"inLanguage":"sv-SE","potentialAction":[{"@type":"ReadAction","target":["https:\/\/nederlandsetempeliers.nl\/sv\/spar-av-det-forflutna\/den-heliga-bonan\/"]}]},{"@type":"ImageObject","inLanguage":"sv-SE","@id":"https:\/\/nederlandsetempeliers.nl\/sv\/spar-av-det-forflutna\/den-heliga-bonan\/#primaryimage","url":"https:\/\/nederlandsetempeliers.nl\/wp-content\/uploads\/Dutch-order-v2-300x300.png","contentUrl":"https:\/\/nederlandsetempeliers.nl\/wp-content\/uploads\/Dutch-order-v2-300x300.png"},{"@type":"BreadcrumbList","@id":"https:\/\/nederlandsetempeliers.nl\/sv\/spar-av-det-forflutna\/den-heliga-bonan\/#breadcrumb","itemListElement":[{"@type":"ListItem","position":1,"name":"Home","item":"https:\/\/nederlandsetempeliers.nl\/sv\/"},{"@type":"ListItem","position":2,"name":"Sp\u00e5r av det f\u00f6rflutna","item":"https:\/\/nederlandsetempeliers.nl\/sv\/sporen-uit-het-verleden\/"},{"@type":"ListItem","position":3,"name":"Den heliga b\u00f6nan"}]},{"@type":"WebSite","@id":"https:\/\/nederlandsetempeliers.nl\/sv\/#website","url":"https:\/\/nederlandsetempeliers.nl\/sv\/","name":"Nederlandse Tempeliers","description":"The Black Knights Templars of Solomon","publisher":{"@id":"https:\/\/nederlandsetempeliers.nl\/sv\/#organization"},"potentialAction":[{"@type":"SearchAction","target":{"@type":"EntryPoint","urlTemplate":"https:\/\/nederlandsetempeliers.nl\/sv\/?s={search_term_string}"},"query-input":{"@type":"PropertyValueSpecification","valueRequired":true,"valueName":"search_term_string"}}],"inLanguage":"sv-SE"},{"@type":"Organization","@id":"https:\/\/nederlandsetempeliers.nl\/sv\/#organization","name":"Nederlandse Tempeliers","url":"https:\/\/nederlandsetempeliers.nl\/sv\/","logo":{"@type":"ImageObject","inLanguage":"sv-SE","@id":"https:\/\/nederlandsetempeliers.nl\/sv\/#\/schema\/logo\/image\/","url":"https:\/\/nederlandsetempeliers.nl\/wp-content\/uploads\/Dutch-order-v2.png","contentUrl":"https:\/\/nederlandsetempeliers.nl\/wp-content\/uploads\/Dutch-order-v2.png","width":687,"height":686,"caption":"Nederlandse Tempeliers"},"image":{"@id":"https:\/\/nederlandsetempeliers.nl\/sv\/#\/schema\/logo\/image\/"}}]}},"_links":{"self":[{"href":"https:\/\/nederlandsetempeliers.nl\/sv\/wp-json\/wp\/v2\/pages\/4504","targetHints":{"allow":["GET"]}}],"collection":[{"href":"https:\/\/nederlandsetempeliers.nl\/sv\/wp-json\/wp\/v2\/pages"}],"about":[{"href":"https:\/\/nederlandsetempeliers.nl\/sv\/wp-json\/wp\/v2\/types\/page"}],"author":[{"embeddable":true,"href":"https:\/\/nederlandsetempeliers.nl\/sv\/wp-json\/wp\/v2\/users\/2"}],"replies":[{"embeddable":true,"href":"https:\/\/nederlandsetempeliers.nl\/sv\/wp-json\/wp\/v2\/comments?post=4504"}],"version-history":[{"count":3,"href":"https:\/\/nederlandsetempeliers.nl\/sv\/wp-json\/wp\/v2\/pages\/4504\/revisions"}],"predecessor-version":[{"id":4532,"href":"https:\/\/nederlandsetempeliers.nl\/sv\/wp-json\/wp\/v2\/pages\/4504\/revisions\/4532"}],"up":[{"embeddable":true,"href":"https:\/\/nederlandsetempeliers.nl\/sv\/wp-json\/wp\/v2\/pages\/4934"}],"wp:attachment":[{"href":"https:\/\/nederlandsetempeliers.nl\/sv\/wp-json\/wp\/v2\/media?parent=4504"}],"curies":[{"name":"wp","href":"https:\/\/api.w.org\/{rel}","templated":true}]}}