{"id":5894,"date":"2026-03-14T20:49:39","date_gmt":"2026-03-14T19:49:39","guid":{"rendered":"https:\/\/nederlandsetempeliers.nl\/pilgrimbok-liber-peregrinorum\/"},"modified":"2026-03-14T22:17:02","modified_gmt":"2026-03-14T21:17:02","slug":"pilgrimbok-liber-peregrinorum","status":"publish","type":"page","link":"https:\/\/nederlandsetempeliers.nl\/sv\/pilgrimbok-liber-peregrinorum\/","title":{"rendered":"Pilgrimbok &#8211; Liber Peregrinorum"},"content":{"rendered":"\t\t<div data-elementor-type=\"wp-page\" data-elementor-id=\"5894\" class=\"elementor elementor-5894 elementor-5833\" data-elementor-post-type=\"page\">\n\t\t\t\t<div class=\"elementor-element elementor-element-cf1b68b e-flex e-con-boxed e-con e-parent\" data-id=\"cf1b68b\" data-element_type=\"container\" data-e-type=\"container\">\n\t\t\t\t\t<div class=\"e-con-inner\">\n\t\t\t\t<div class=\"elementor-element elementor-element-a88c1a5 elementor-widget elementor-widget-image\" data-id=\"a88c1a5\" data-element_type=\"widget\" data-e-type=\"widget\" data-widget_type=\"image.default\">\n\t\t\t\t<div class=\"elementor-widget-container\">\n\t\t\t\t\t\t\t\t\t\t\t\t\t\t\t<img fetchpriority=\"high\" decoding=\"async\" width=\"540\" height=\"358\" src=\"https:\/\/nederlandsetempeliers.nl\/wp-content\/uploads\/Gastenboek-pelgrim.jpg\" class=\"attachment-large size-large wp-image-5707\" alt=\"G\u00e4stbok i pergament i stearinljusljus\" srcset=\"https:\/\/nederlandsetempeliers.nl\/wp-content\/uploads\/Gastenboek-pelgrim.jpg 540w, https:\/\/nederlandsetempeliers.nl\/wp-content\/uploads\/Gastenboek-pelgrim-300x199.jpg 300w\" sizes=\"(max-width: 540px) 100vw, 540px\" \/>\t\t\t\t\t\t\t\t\t\t\t\t\t\t\t<\/div>\n\t\t\t\t<\/div>\n\t\t\t\t\t<\/div>\n\t\t\t\t<\/div>\n\t\t<div class=\"elementor-element elementor-element-16cf2d9 e-flex e-con-boxed e-con e-parent\" data-id=\"16cf2d9\" data-element_type=\"container\" data-e-type=\"container\">\n\t\t\t\t\t<div class=\"e-con-inner\">\n\t\t\t\t<div class=\"elementor-element elementor-element-6fb39f2 elementor-widget elementor-widget-heading\" data-id=\"6fb39f2\" data-element_type=\"widget\" data-e-type=\"widget\" data-widget_type=\"heading.default\">\n\t\t\t\t<div class=\"elementor-widget-container\">\n\t\t\t\t\t<h2 class=\"elementor-heading-title elementor-size-default\">Liber Peregrinorum<\/h2>\t\t\t\t<\/div>\n\t\t\t\t<\/div>\n\t\t\t\t\t<\/div>\n\t\t\t\t<\/div>\n\t\t<div class=\"elementor-element elementor-element-d7ad170 e-flex e-con-boxed e-con e-parent\" data-id=\"d7ad170\" data-element_type=\"container\" data-e-type=\"container\">\n\t\t\t\t\t<div class=\"e-con-inner\">\n\t\t\t\t<div class=\"elementor-element elementor-element-c90965b elementor-widget elementor-widget-heading\" data-id=\"c90965b\" data-element_type=\"widget\" data-e-type=\"widget\" data-widget_type=\"heading.default\">\n\t\t\t\t<div class=\"elementor-widget-container\">\n\t\t\t\t\t<h2 class=\"elementor-heading-title elementor-size-default\">Pilgrimsbok &nbsp; &nbsp; \u2720 &nbsp; &nbsp; g\u00e4stbok <\/h2>\t\t\t\t<\/div>\n\t\t\t\t<\/div>\n\t\t\t\t\t<\/div>\n\t\t\t\t<\/div>\n\t\t<div class=\"elementor-element elementor-element-c13d634 e-flex e-con-boxed e-con e-parent\" data-id=\"c13d634\" data-element_type=\"container\" data-e-type=\"container\">\n\t\t\t\t\t<div class=\"e-con-inner\">\n\t\t\t\t<div class=\"elementor-element elementor-element-2f3c6b3 elementor-widget elementor-widget-text-editor\" data-id=\"2f3c6b3\" data-element_type=\"widget\" data-e-type=\"widget\" data-widget_type=\"text-editor.default\">\n\t\t\t\t<div class=\"elementor-widget-container\">\n\t\t\t\t\t\t\t\t\t<p>k\u00e4re Pilgrim,<\/p><p>Genom \u00e5rhundradena har pilgrimer ofta l\u00e4mnat ett sp\u00e5r efter sin resa: ett namn i ett register, en kort tanke, en b\u00f6n eller ett minne av en plats som ber\u00f6rde dem.<\/p><p>I samma anda har ocks\u00e5 v\u00e5rt Liber Peregrinorum \u2014 Pilgrimsboken vuxit fram.<\/p><p>H\u00e4r kan bes\u00f6kare dela en tanke, en erfarenhet eller en uppt\u00e4ckt som har samband med den kristna tron, tempelriddarna eller med platser, traditioner och ber\u00e4ttelser som h\u00f6r till detta arv.<\/p><p>Ibland \u00e4r det sm\u00e5 \u00f6gonblick:<br>en kyrka du uppt\u00e4ckte l\u00e4ngs v\u00e4gen, en gammal sed du m\u00f6tte n\u00e5gonstans, eller en ber\u00e4ttelse som n\u00e5gon delade med dig<\/p><p>L\u00e4mna g\u00e4rna \u00e4ven du ett sp\u00e5r och bli en del av denna ber\u00e4ttelse.<\/p><p>N\u00e4r ett bidrag h\u00f6r samman med ett \u00e4mne p\u00e5 denna webbplats placeras det under det aktuella \u00e4mnet.<br>Om inget s\u00e5dant \u00e4mne \u00e4nnu finns, kommer bidraget att placeras under Testimonium \u2014 Inskickade bidrag.<\/p><p>P\u00e5 s\u00e5 s\u00e4tt v\u00e4xer denna plats l\u00e5ngsamt fram till en kr\u00f6nika av m\u00e5nga \u2014 likt en katedral som inte heller byggdes p\u00e5 en enda dag.<\/p><p>Denna plats finns inte enbart genom oss, utan genom alla som l\u00e4mnar ett sp\u00e5r h\u00e4r.<\/p><p><strong>Gratias agimus pro vestro itinere et verbo.<\/strong><\/p>\t\t\t\t\t\t\t\t<\/div>\n\t\t\t\t<\/div>\n\t\t\t\t\t<\/div>\n\t\t\t\t<\/div>\n\t\t<div class=\"elementor-element elementor-element-6e65090 e-flex e-con-boxed e-con e-parent\" data-id=\"6e65090\" data-element_type=\"container\" data-e-type=\"container\">\n\t\t\t\t\t<div class=\"e-con-inner\">\n\t\t\t\t<div class=\"elementor-element elementor-element-4e99f59 elementor-widget elementor-widget-image\" data-id=\"4e99f59\" data-element_type=\"widget\" data-e-type=\"widget\" data-widget_type=\"image.default\">\n\t\t\t\t<div class=\"elementor-widget-container\">\n\t\t\t\t\t\t\t\t\t\t\t\t\t\t\t<img decoding=\"async\" width=\"458\" height=\"138\" src=\"https:\/\/nederlandsetempeliers.nl\/wp-content\/uploads\/3-x-Camino.jpeg\" class=\"attachment-large size-large wp-image-5893\" alt=\"3 Camino sn\u00e4ckor\" srcset=\"https:\/\/nederlandsetempeliers.nl\/wp-content\/uploads\/3-x-Camino.jpeg 458w, https:\/\/nederlandsetempeliers.nl\/wp-content\/uploads\/3-x-Camino-300x90.jpeg 300w\" sizes=\"(max-width: 458px) 100vw, 458px\" \/>\t\t\t\t\t\t\t\t\t\t\t\t\t\t\t<\/div>\n\t\t\t\t<\/div>\n\t\t\t\t\t<\/div>\n\t\t\t\t<\/div>\n\t\t\t\t<\/div>\n\t\t","protected":false},"excerpt":{"rendered":"<p>Liber Peregrinorum Pilgrimsbok &nbsp; &nbsp; \u2720 &nbsp; &nbsp; g\u00e4stbok k\u00e4re Pilgrim, Genom \u00e5rhundradena har pilgrimer ofta l\u00e4mnat ett sp\u00e5r efter sin resa: ett namn i ett register, en kort tanke, [&hellip;]<\/p>\n","protected":false},"author":4,"featured_media":0,"parent":0,"menu_order":0,"comment_status":"open","ping_status":"closed","template":"","meta":{"footnotes":""},"class_list":["post-5894","page","type-page","status-publish","hentry"],"yoast_head":"<!-- This site is optimized with the Yoast SEO plugin v27.2 - https:\/\/yoast.com\/product\/yoast-seo-wordpress\/ -->\n<title>Pilgrimbok - Liber Peregrinorum - Nederlandse Tempeliers<\/title>\n<meta name=\"robots\" content=\"index, follow, max-snippet:-1, max-image-preview:large, max-video-preview:-1\" \/>\n<link rel=\"canonical\" href=\"https:\/\/nederlandsetempeliers.nl\/sv\/pilgrimbok-liber-peregrinorum\/\" \/>\n<meta property=\"og:locale\" content=\"sv_SE\" \/>\n<meta property=\"og:type\" content=\"article\" \/>\n<meta property=\"og:title\" content=\"Pilgrimbok - Liber Peregrinorum - Nederlandse Tempeliers\" \/>\n<meta property=\"og:description\" content=\"Liber Peregrinorum Pilgrimsbok &nbsp; &nbsp; \u2720 &nbsp; &nbsp; g\u00e4stbok k\u00e4re Pilgrim, Genom \u00e5rhundradena har pilgrimer ofta l\u00e4mnat ett sp\u00e5r efter sin resa: ett namn i ett register, en kort tanke, [&hellip;]\" \/>\n<meta property=\"og:url\" content=\"https:\/\/nederlandsetempeliers.nl\/sv\/pilgrimbok-liber-peregrinorum\/\" \/>\n<meta property=\"og:site_name\" content=\"Nederlandse Tempeliers\" \/>\n<meta property=\"article:modified_time\" content=\"2026-03-14T21:17:02+00:00\" \/>\n<meta property=\"og:image\" content=\"https:\/\/nederlandsetempeliers.nl\/wp-content\/uploads\/Gastenboek-pelgrim.jpg\" \/>\n\t<meta property=\"og:image:width\" content=\"540\" \/>\n\t<meta property=\"og:image:height\" content=\"358\" \/>\n\t<meta property=\"og:image:type\" content=\"image\/jpeg\" \/>\n<meta name=\"twitter:card\" content=\"summary_large_image\" \/>\n<meta name=\"twitter:label1\" content=\"Ber\u00e4knad l\u00e4stid\" \/>\n\t<meta name=\"twitter:data1\" content=\"1 minut\" \/>\n<script type=\"application\/ld+json\" class=\"yoast-schema-graph\">{\"@context\":\"https:\/\/schema.org\",\"@graph\":[{\"@type\":\"WebPage\",\"@id\":\"https:\/\/nederlandsetempeliers.nl\/sv\/pilgrimbok-liber-peregrinorum\/\",\"url\":\"https:\/\/nederlandsetempeliers.nl\/sv\/pilgrimbok-liber-peregrinorum\/\",\"name\":\"Pilgrimbok - Liber Peregrinorum - Nederlandse Tempeliers\",\"isPartOf\":{\"@id\":\"https:\/\/nederlandsetempeliers.nl\/sv\/#website\"},\"primaryImageOfPage\":{\"@id\":\"https:\/\/nederlandsetempeliers.nl\/sv\/pilgrimbok-liber-peregrinorum\/#primaryimage\"},\"image\":{\"@id\":\"https:\/\/nederlandsetempeliers.nl\/sv\/pilgrimbok-liber-peregrinorum\/#primaryimage\"},\"thumbnailUrl\":\"https:\/\/nederlandsetempeliers.nl\/wp-content\/uploads\/Gastenboek-pelgrim.jpg\",\"datePublished\":\"2026-03-14T19:49:39+00:00\",\"dateModified\":\"2026-03-14T21:17:02+00:00\",\"breadcrumb\":{\"@id\":\"https:\/\/nederlandsetempeliers.nl\/sv\/pilgrimbok-liber-peregrinorum\/#breadcrumb\"},\"inLanguage\":\"sv-SE\",\"potentialAction\":[{\"@type\":\"ReadAction\",\"target\":[\"https:\/\/nederlandsetempeliers.nl\/sv\/pilgrimbok-liber-peregrinorum\/\"]}]},{\"@type\":\"ImageObject\",\"inLanguage\":\"sv-SE\",\"@id\":\"https:\/\/nederlandsetempeliers.nl\/sv\/pilgrimbok-liber-peregrinorum\/#primaryimage\",\"url\":\"https:\/\/nederlandsetempeliers.nl\/wp-content\/uploads\/Gastenboek-pelgrim.jpg\",\"contentUrl\":\"https:\/\/nederlandsetempeliers.nl\/wp-content\/uploads\/Gastenboek-pelgrim.jpg\"},{\"@type\":\"BreadcrumbList\",\"@id\":\"https:\/\/nederlandsetempeliers.nl\/sv\/pilgrimbok-liber-peregrinorum\/#breadcrumb\",\"itemListElement\":[{\"@type\":\"ListItem\",\"position\":1,\"name\":\"Home\",\"item\":\"https:\/\/nederlandsetempeliers.nl\/sv\/\"},{\"@type\":\"ListItem\",\"position\":2,\"name\":\"Pilgrimbok &#8211; Liber Peregrinorum\"}]},{\"@type\":\"WebSite\",\"@id\":\"https:\/\/nederlandsetempeliers.nl\/sv\/#website\",\"url\":\"https:\/\/nederlandsetempeliers.nl\/sv\/\",\"name\":\"Nederlandse Tempeliers\",\"description\":\"The Black Knights Templars of Solomon\",\"publisher\":{\"@id\":\"https:\/\/nederlandsetempeliers.nl\/sv\/#organization\"},\"potentialAction\":[{\"@type\":\"SearchAction\",\"target\":{\"@type\":\"EntryPoint\",\"urlTemplate\":\"https:\/\/nederlandsetempeliers.nl\/sv\/?s={search_term_string}\"},\"query-input\":{\"@type\":\"PropertyValueSpecification\",\"valueRequired\":true,\"valueName\":\"search_term_string\"}}],\"inLanguage\":\"sv-SE\"},{\"@type\":\"Organization\",\"@id\":\"https:\/\/nederlandsetempeliers.nl\/sv\/#organization\",\"name\":\"Nederlandse Tempeliers\",\"url\":\"https:\/\/nederlandsetempeliers.nl\/sv\/\",\"logo\":{\"@type\":\"ImageObject\",\"inLanguage\":\"sv-SE\",\"@id\":\"https:\/\/nederlandsetempeliers.nl\/sv\/#\/schema\/logo\/image\/\",\"url\":\"https:\/\/nederlandsetempeliers.nl\/wp-content\/uploads\/Dutch-order-v2.png\",\"contentUrl\":\"https:\/\/nederlandsetempeliers.nl\/wp-content\/uploads\/Dutch-order-v2.png\",\"width\":687,\"height\":686,\"caption\":\"Nederlandse Tempeliers\"},\"image\":{\"@id\":\"https:\/\/nederlandsetempeliers.nl\/sv\/#\/schema\/logo\/image\/\"}}]}<\/script>\n<!-- \/ Yoast SEO plugin. -->","yoast_head_json":{"title":"Pilgrimbok - Liber Peregrinorum - Nederlandse Tempeliers","robots":{"index":"index","follow":"follow","max-snippet":"max-snippet:-1","max-image-preview":"max-image-preview:large","max-video-preview":"max-video-preview:-1"},"canonical":"https:\/\/nederlandsetempeliers.nl\/sv\/pilgrimbok-liber-peregrinorum\/","og_locale":"sv_SE","og_type":"article","og_title":"Pilgrimbok - Liber Peregrinorum - Nederlandse Tempeliers","og_description":"Liber Peregrinorum Pilgrimsbok &nbsp; &nbsp; \u2720 &nbsp; &nbsp; g\u00e4stbok k\u00e4re Pilgrim, Genom \u00e5rhundradena har pilgrimer ofta l\u00e4mnat ett sp\u00e5r efter sin resa: ett namn i ett register, en kort tanke, [&hellip;]","og_url":"https:\/\/nederlandsetempeliers.nl\/sv\/pilgrimbok-liber-peregrinorum\/","og_site_name":"Nederlandse Tempeliers","article_modified_time":"2026-03-14T21:17:02+00:00","og_image":[{"width":540,"height":358,"url":"https:\/\/nederlandsetempeliers.nl\/wp-content\/uploads\/Gastenboek-pelgrim.jpg","type":"image\/jpeg"}],"twitter_card":"summary_large_image","twitter_misc":{"Ber\u00e4knad l\u00e4stid":"1 minut"},"schema":{"@context":"https:\/\/schema.org","@graph":[{"@type":"WebPage","@id":"https:\/\/nederlandsetempeliers.nl\/sv\/pilgrimbok-liber-peregrinorum\/","url":"https:\/\/nederlandsetempeliers.nl\/sv\/pilgrimbok-liber-peregrinorum\/","name":"Pilgrimbok - Liber Peregrinorum - Nederlandse Tempeliers","isPartOf":{"@id":"https:\/\/nederlandsetempeliers.nl\/sv\/#website"},"primaryImageOfPage":{"@id":"https:\/\/nederlandsetempeliers.nl\/sv\/pilgrimbok-liber-peregrinorum\/#primaryimage"},"image":{"@id":"https:\/\/nederlandsetempeliers.nl\/sv\/pilgrimbok-liber-peregrinorum\/#primaryimage"},"thumbnailUrl":"https:\/\/nederlandsetempeliers.nl\/wp-content\/uploads\/Gastenboek-pelgrim.jpg","datePublished":"2026-03-14T19:49:39+00:00","dateModified":"2026-03-14T21:17:02+00:00","breadcrumb":{"@id":"https:\/\/nederlandsetempeliers.nl\/sv\/pilgrimbok-liber-peregrinorum\/#breadcrumb"},"inLanguage":"sv-SE","potentialAction":[{"@type":"ReadAction","target":["https:\/\/nederlandsetempeliers.nl\/sv\/pilgrimbok-liber-peregrinorum\/"]}]},{"@type":"ImageObject","inLanguage":"sv-SE","@id":"https:\/\/nederlandsetempeliers.nl\/sv\/pilgrimbok-liber-peregrinorum\/#primaryimage","url":"https:\/\/nederlandsetempeliers.nl\/wp-content\/uploads\/Gastenboek-pelgrim.jpg","contentUrl":"https:\/\/nederlandsetempeliers.nl\/wp-content\/uploads\/Gastenboek-pelgrim.jpg"},{"@type":"BreadcrumbList","@id":"https:\/\/nederlandsetempeliers.nl\/sv\/pilgrimbok-liber-peregrinorum\/#breadcrumb","itemListElement":[{"@type":"ListItem","position":1,"name":"Home","item":"https:\/\/nederlandsetempeliers.nl\/sv\/"},{"@type":"ListItem","position":2,"name":"Pilgrimbok &#8211; Liber Peregrinorum"}]},{"@type":"WebSite","@id":"https:\/\/nederlandsetempeliers.nl\/sv\/#website","url":"https:\/\/nederlandsetempeliers.nl\/sv\/","name":"Nederlandse Tempeliers","description":"The Black Knights Templars of Solomon","publisher":{"@id":"https:\/\/nederlandsetempeliers.nl\/sv\/#organization"},"potentialAction":[{"@type":"SearchAction","target":{"@type":"EntryPoint","urlTemplate":"https:\/\/nederlandsetempeliers.nl\/sv\/?s={search_term_string}"},"query-input":{"@type":"PropertyValueSpecification","valueRequired":true,"valueName":"search_term_string"}}],"inLanguage":"sv-SE"},{"@type":"Organization","@id":"https:\/\/nederlandsetempeliers.nl\/sv\/#organization","name":"Nederlandse Tempeliers","url":"https:\/\/nederlandsetempeliers.nl\/sv\/","logo":{"@type":"ImageObject","inLanguage":"sv-SE","@id":"https:\/\/nederlandsetempeliers.nl\/sv\/#\/schema\/logo\/image\/","url":"https:\/\/nederlandsetempeliers.nl\/wp-content\/uploads\/Dutch-order-v2.png","contentUrl":"https:\/\/nederlandsetempeliers.nl\/wp-content\/uploads\/Dutch-order-v2.png","width":687,"height":686,"caption":"Nederlandse Tempeliers"},"image":{"@id":"https:\/\/nederlandsetempeliers.nl\/sv\/#\/schema\/logo\/image\/"}}]}},"_links":{"self":[{"href":"https:\/\/nederlandsetempeliers.nl\/sv\/wp-json\/wp\/v2\/pages\/5894","targetHints":{"allow":["GET"]}}],"collection":[{"href":"https:\/\/nederlandsetempeliers.nl\/sv\/wp-json\/wp\/v2\/pages"}],"about":[{"href":"https:\/\/nederlandsetempeliers.nl\/sv\/wp-json\/wp\/v2\/types\/page"}],"author":[{"embeddable":true,"href":"https:\/\/nederlandsetempeliers.nl\/sv\/wp-json\/wp\/v2\/users\/4"}],"replies":[{"embeddable":true,"href":"https:\/\/nederlandsetempeliers.nl\/sv\/wp-json\/wp\/v2\/comments?post=5894"}],"version-history":[{"count":2,"href":"https:\/\/nederlandsetempeliers.nl\/sv\/wp-json\/wp\/v2\/pages\/5894\/revisions"}],"predecessor-version":[{"id":5896,"href":"https:\/\/nederlandsetempeliers.nl\/sv\/wp-json\/wp\/v2\/pages\/5894\/revisions\/5896"}],"wp:attachment":[{"href":"https:\/\/nederlandsetempeliers.nl\/sv\/wp-json\/wp\/v2\/media?parent=5894"}],"curies":[{"name":"wp","href":"https:\/\/api.w.org\/{rel}","templated":true}]}}