{"id":5944,"date":"2026-03-14T23:18:48","date_gmt":"2026-03-14T22:18:48","guid":{"rendered":"https:\/\/nederlandsetempeliers.nl\/testemonium-bidrag\/"},"modified":"2026-03-15T15:48:28","modified_gmt":"2026-03-15T14:48:28","slug":"testemonium-bidrag","status":"publish","type":"page","link":"https:\/\/nederlandsetempeliers.nl\/sv\/testemonium-bidrag\/","title":{"rendered":"Testemonium Bidrag"},"content":{"rendered":"\t\t<div data-elementor-type=\"wp-page\" data-elementor-id=\"5944\" class=\"elementor elementor-5944 elementor-5900\" data-elementor-post-type=\"page\">\n\t\t\t\t<div class=\"elementor-element elementor-element-34b5964 e-con-full e-flex e-con e-parent\" data-id=\"34b5964\" data-element_type=\"container\" data-e-type=\"container\">\n\t\t\t\t<div class=\"elementor-element elementor-element-5fff6b4 elementor-widget elementor-widget-image\" data-id=\"5fff6b4\" data-element_type=\"widget\" data-e-type=\"widget\" data-widget_type=\"image.default\">\n\t\t\t\t<div class=\"elementor-widget-container\">\n\t\t\t\t\t\t\t\t\t\t\t\t\t\t\t<img fetchpriority=\"high\" decoding=\"async\" width=\"768\" height=\"673\" src=\"https:\/\/nederlandsetempeliers.nl\/wp-content\/uploads\/Tempelier-Pelgrim-768x673.jpeg\" class=\"attachment-medium_large size-medium_large wp-image-5942\" alt=\"Tempelriddare med en arm \u00f6ver en pilgrims axel\" srcset=\"https:\/\/nederlandsetempeliers.nl\/wp-content\/uploads\/Tempelier-Pelgrim-768x673.jpeg 768w, https:\/\/nederlandsetempeliers.nl\/wp-content\/uploads\/Tempelier-Pelgrim-300x263.jpeg 300w, https:\/\/nederlandsetempeliers.nl\/wp-content\/uploads\/Tempelier-Pelgrim.jpeg 824w\" sizes=\"(max-width: 768px) 100vw, 768px\" \/>\t\t\t\t\t\t\t\t\t\t\t\t\t\t\t<\/div>\n\t\t\t\t<\/div>\n\t\t\t\t<\/div>\n\t\t<div class=\"elementor-element elementor-element-936bcb0 e-flex e-con-boxed e-con e-parent\" data-id=\"936bcb0\" data-element_type=\"container\" data-e-type=\"container\">\n\t\t\t\t\t<div class=\"e-con-inner\">\n\t\t\t\t<div class=\"elementor-element elementor-element-615e341 elementor-widget elementor-widget-text-editor\" data-id=\"615e341\" data-element_type=\"widget\" data-e-type=\"widget\" data-widget_type=\"text-editor.default\">\n\t\t\t\t<div class=\"elementor-widget-container\">\n\t\t\t\t\t\t\t\t\t<p><strong>TESTIMONIUM<\/strong><\/p><p> <\/p><p>Ibland vill pilgrimer eller bes\u00f6kare dela n\u00e5got som inte direkt passar in under ett befintligt \u00e4mne p\u00e5 denna sida, men som \u00e4nd\u00e5 \u00e4r f\u00f6rbundet med tro, historia eller tempelriddarnas anda.<\/p><p>Det kan vara en personlig ber\u00e4ttelse.<br>En uppt\u00e4ckt l\u00e4ngs v\u00e4gen.<br>En tanke om tron.<br>Eller en plats, en tradition eller ett minne som har f\u00e5tt en s\u00e4rskild betydelse f\u00f6r dig.<\/p><p>F\u00f6r s\u00e5dana bidrag finns Testimonium.<\/p><p>H\u00e4r samlar vi texter som b\u00e4r sin egen r\u00f6st \u2014 ord fr\u00e5n pilgrimer, resen\u00e4rer och s\u00f6kare som har upplevt n\u00e5got de vill f\u00f6ra vidare.<\/p><p>Om ett bidrag senare passar in under ett \u00e4mne p\u00e5 denna sida, kan det f\u00e5 sin plats d\u00e4r.<br>Tills dess bevaras det h\u00e4r.<\/p><p>P\u00e5 s\u00e5 s\u00e4tt v\u00e4xer Testimonium l\u00e5ngsamt till en samling av r\u00f6ster och vittnesb\u00f6rd \u2014 sm\u00e5 tecken l\u00e4ngs v\u00e4gen fr\u00e5n dem som ville l\u00e4mna ett sp\u00e5r efter sig.<\/p><p>Varje bidrag, hur litet det \u00e4n \u00e4r, kan bli ett ljus f\u00f6r n\u00e5gon annan.<\/p><p><strong>Testimonia viam illuminant.<\/strong><\/p>\t\t\t\t\t\t\t\t<\/div>\n\t\t\t\t<\/div>\n\t\t\t\t\t<\/div>\n\t\t\t\t<\/div>\n\t\t<div class=\"elementor-element elementor-element-766ec52 e-con-full e-flex e-con e-parent\" data-id=\"766ec52\" data-element_type=\"container\" data-e-type=\"container\">\n\t\t\t\t<div class=\"elementor-element elementor-element-7ba6cf5 elementor-widget elementor-widget-image\" data-id=\"7ba6cf5\" data-element_type=\"widget\" data-e-type=\"widget\" data-widget_type=\"image.default\">\n\t\t\t\t<div class=\"elementor-widget-container\">\n\t\t\t\t\t\t\t\t\t\t\t\t\t\t\t<img decoding=\"async\" width=\"800\" height=\"139\" src=\"https:\/\/nederlandsetempeliers.nl\/wp-content\/uploads\/penveer.jpeg\" class=\"attachment-large size-large wp-image-5943\" alt=\"3 r\u00f6d fj\u00e4derpenna\" srcset=\"https:\/\/nederlandsetempeliers.nl\/wp-content\/uploads\/penveer.jpeg 934w, https:\/\/nederlandsetempeliers.nl\/wp-content\/uploads\/penveer-300x52.jpeg 300w, https:\/\/nederlandsetempeliers.nl\/wp-content\/uploads\/penveer-768x133.jpeg 768w\" sizes=\"(max-width: 800px) 100vw, 800px\" \/>\t\t\t\t\t\t\t\t\t\t\t\t\t\t\t<\/div>\n\t\t\t\t<\/div>\n\t\t\t\t<\/div>\n\t\t\t\t<\/div>\n\t\t","protected":false},"excerpt":{"rendered":"<p>TESTIMONIUM Ibland vill pilgrimer eller bes\u00f6kare dela n\u00e5got som inte direkt passar in under ett befintligt \u00e4mne p\u00e5 denna sida, men som \u00e4nd\u00e5 \u00e4r f\u00f6rbundet med tro, historia eller tempelriddarnas [&hellip;]<\/p>\n","protected":false},"author":4,"featured_media":0,"parent":0,"menu_order":0,"comment_status":"closed","ping_status":"closed","template":"","meta":{"footnotes":""},"class_list":["post-5944","page","type-page","status-publish","hentry"],"yoast_head":"<!-- This site is optimized with the Yoast SEO plugin v27.2 - https:\/\/yoast.com\/product\/yoast-seo-wordpress\/ -->\n<title>Testemonium Bidrag - Nederlandse Tempeliers<\/title>\n<meta name=\"robots\" content=\"index, follow, max-snippet:-1, max-image-preview:large, max-video-preview:-1\" \/>\n<link rel=\"canonical\" href=\"https:\/\/nederlandsetempeliers.nl\/sv\/testemonium-bidrag\/\" \/>\n<meta property=\"og:locale\" content=\"sv_SE\" \/>\n<meta property=\"og:type\" content=\"article\" \/>\n<meta property=\"og:title\" content=\"Testemonium Bidrag - Nederlandse Tempeliers\" \/>\n<meta property=\"og:description\" content=\"TESTIMONIUM Ibland vill pilgrimer eller bes\u00f6kare dela n\u00e5got som inte direkt passar in under ett befintligt \u00e4mne p\u00e5 denna sida, men som \u00e4nd\u00e5 \u00e4r f\u00f6rbundet med tro, historia eller tempelriddarnas [&hellip;]\" \/>\n<meta property=\"og:url\" content=\"https:\/\/nederlandsetempeliers.nl\/sv\/testemonium-bidrag\/\" \/>\n<meta property=\"og:site_name\" content=\"Nederlandse Tempeliers\" \/>\n<meta property=\"article:modified_time\" content=\"2026-03-15T14:48:28+00:00\" \/>\n<meta property=\"og:image\" content=\"https:\/\/nederlandsetempeliers.nl\/wp-content\/uploads\/Tempelier-Pelgrim.jpeg\" \/>\n\t<meta property=\"og:image:width\" content=\"824\" \/>\n\t<meta property=\"og:image:height\" content=\"722\" \/>\n\t<meta property=\"og:image:type\" content=\"image\/jpeg\" \/>\n<meta name=\"twitter:card\" content=\"summary_large_image\" \/>\n<meta name=\"twitter:label1\" content=\"Ber\u00e4knad l\u00e4stid\" \/>\n\t<meta name=\"twitter:data1\" content=\"1 minut\" \/>\n<script type=\"application\/ld+json\" class=\"yoast-schema-graph\">{\"@context\":\"https:\/\/schema.org\",\"@graph\":[{\"@type\":\"WebPage\",\"@id\":\"https:\/\/nederlandsetempeliers.nl\/sv\/testemonium-bidrag\/\",\"url\":\"https:\/\/nederlandsetempeliers.nl\/sv\/testemonium-bidrag\/\",\"name\":\"Testemonium Bidrag - Nederlandse Tempeliers\",\"isPartOf\":{\"@id\":\"https:\/\/nederlandsetempeliers.nl\/sv\/#website\"},\"primaryImageOfPage\":{\"@id\":\"https:\/\/nederlandsetempeliers.nl\/sv\/testemonium-bidrag\/#primaryimage\"},\"image\":{\"@id\":\"https:\/\/nederlandsetempeliers.nl\/sv\/testemonium-bidrag\/#primaryimage\"},\"thumbnailUrl\":\"https:\/\/nederlandsetempeliers.nl\/wp-content\/uploads\/Tempelier-Pelgrim-768x673.jpeg\",\"datePublished\":\"2026-03-14T22:18:48+00:00\",\"dateModified\":\"2026-03-15T14:48:28+00:00\",\"breadcrumb\":{\"@id\":\"https:\/\/nederlandsetempeliers.nl\/sv\/testemonium-bidrag\/#breadcrumb\"},\"inLanguage\":\"sv-SE\",\"potentialAction\":[{\"@type\":\"ReadAction\",\"target\":[\"https:\/\/nederlandsetempeliers.nl\/sv\/testemonium-bidrag\/\"]}]},{\"@type\":\"ImageObject\",\"inLanguage\":\"sv-SE\",\"@id\":\"https:\/\/nederlandsetempeliers.nl\/sv\/testemonium-bidrag\/#primaryimage\",\"url\":\"https:\/\/nederlandsetempeliers.nl\/wp-content\/uploads\/Tempelier-Pelgrim-768x673.jpeg\",\"contentUrl\":\"https:\/\/nederlandsetempeliers.nl\/wp-content\/uploads\/Tempelier-Pelgrim-768x673.jpeg\"},{\"@type\":\"BreadcrumbList\",\"@id\":\"https:\/\/nederlandsetempeliers.nl\/sv\/testemonium-bidrag\/#breadcrumb\",\"itemListElement\":[{\"@type\":\"ListItem\",\"position\":1,\"name\":\"Home\",\"item\":\"https:\/\/nederlandsetempeliers.nl\/sv\/\"},{\"@type\":\"ListItem\",\"position\":2,\"name\":\"Testemonium Bidrag\"}]},{\"@type\":\"WebSite\",\"@id\":\"https:\/\/nederlandsetempeliers.nl\/sv\/#website\",\"url\":\"https:\/\/nederlandsetempeliers.nl\/sv\/\",\"name\":\"Nederlandse Tempeliers\",\"description\":\"The Black Knights Templars of Solomon\",\"publisher\":{\"@id\":\"https:\/\/nederlandsetempeliers.nl\/sv\/#organization\"},\"potentialAction\":[{\"@type\":\"SearchAction\",\"target\":{\"@type\":\"EntryPoint\",\"urlTemplate\":\"https:\/\/nederlandsetempeliers.nl\/sv\/?s={search_term_string}\"},\"query-input\":{\"@type\":\"PropertyValueSpecification\",\"valueRequired\":true,\"valueName\":\"search_term_string\"}}],\"inLanguage\":\"sv-SE\"},{\"@type\":\"Organization\",\"@id\":\"https:\/\/nederlandsetempeliers.nl\/sv\/#organization\",\"name\":\"Nederlandse Tempeliers\",\"url\":\"https:\/\/nederlandsetempeliers.nl\/sv\/\",\"logo\":{\"@type\":\"ImageObject\",\"inLanguage\":\"sv-SE\",\"@id\":\"https:\/\/nederlandsetempeliers.nl\/sv\/#\/schema\/logo\/image\/\",\"url\":\"https:\/\/nederlandsetempeliers.nl\/wp-content\/uploads\/Dutch-order-v2.png\",\"contentUrl\":\"https:\/\/nederlandsetempeliers.nl\/wp-content\/uploads\/Dutch-order-v2.png\",\"width\":687,\"height\":686,\"caption\":\"Nederlandse Tempeliers\"},\"image\":{\"@id\":\"https:\/\/nederlandsetempeliers.nl\/sv\/#\/schema\/logo\/image\/\"}}]}<\/script>\n<!-- \/ Yoast SEO plugin. -->","yoast_head_json":{"title":"Testemonium Bidrag - Nederlandse Tempeliers","robots":{"index":"index","follow":"follow","max-snippet":"max-snippet:-1","max-image-preview":"max-image-preview:large","max-video-preview":"max-video-preview:-1"},"canonical":"https:\/\/nederlandsetempeliers.nl\/sv\/testemonium-bidrag\/","og_locale":"sv_SE","og_type":"article","og_title":"Testemonium Bidrag - Nederlandse Tempeliers","og_description":"TESTIMONIUM Ibland vill pilgrimer eller bes\u00f6kare dela n\u00e5got som inte direkt passar in under ett befintligt \u00e4mne p\u00e5 denna sida, men som \u00e4nd\u00e5 \u00e4r f\u00f6rbundet med tro, historia eller tempelriddarnas [&hellip;]","og_url":"https:\/\/nederlandsetempeliers.nl\/sv\/testemonium-bidrag\/","og_site_name":"Nederlandse Tempeliers","article_modified_time":"2026-03-15T14:48:28+00:00","og_image":[{"width":824,"height":722,"url":"https:\/\/nederlandsetempeliers.nl\/wp-content\/uploads\/Tempelier-Pelgrim.jpeg","type":"image\/jpeg"}],"twitter_card":"summary_large_image","twitter_misc":{"Ber\u00e4knad l\u00e4stid":"1 minut"},"schema":{"@context":"https:\/\/schema.org","@graph":[{"@type":"WebPage","@id":"https:\/\/nederlandsetempeliers.nl\/sv\/testemonium-bidrag\/","url":"https:\/\/nederlandsetempeliers.nl\/sv\/testemonium-bidrag\/","name":"Testemonium Bidrag - Nederlandse Tempeliers","isPartOf":{"@id":"https:\/\/nederlandsetempeliers.nl\/sv\/#website"},"primaryImageOfPage":{"@id":"https:\/\/nederlandsetempeliers.nl\/sv\/testemonium-bidrag\/#primaryimage"},"image":{"@id":"https:\/\/nederlandsetempeliers.nl\/sv\/testemonium-bidrag\/#primaryimage"},"thumbnailUrl":"https:\/\/nederlandsetempeliers.nl\/wp-content\/uploads\/Tempelier-Pelgrim-768x673.jpeg","datePublished":"2026-03-14T22:18:48+00:00","dateModified":"2026-03-15T14:48:28+00:00","breadcrumb":{"@id":"https:\/\/nederlandsetempeliers.nl\/sv\/testemonium-bidrag\/#breadcrumb"},"inLanguage":"sv-SE","potentialAction":[{"@type":"ReadAction","target":["https:\/\/nederlandsetempeliers.nl\/sv\/testemonium-bidrag\/"]}]},{"@type":"ImageObject","inLanguage":"sv-SE","@id":"https:\/\/nederlandsetempeliers.nl\/sv\/testemonium-bidrag\/#primaryimage","url":"https:\/\/nederlandsetempeliers.nl\/wp-content\/uploads\/Tempelier-Pelgrim-768x673.jpeg","contentUrl":"https:\/\/nederlandsetempeliers.nl\/wp-content\/uploads\/Tempelier-Pelgrim-768x673.jpeg"},{"@type":"BreadcrumbList","@id":"https:\/\/nederlandsetempeliers.nl\/sv\/testemonium-bidrag\/#breadcrumb","itemListElement":[{"@type":"ListItem","position":1,"name":"Home","item":"https:\/\/nederlandsetempeliers.nl\/sv\/"},{"@type":"ListItem","position":2,"name":"Testemonium Bidrag"}]},{"@type":"WebSite","@id":"https:\/\/nederlandsetempeliers.nl\/sv\/#website","url":"https:\/\/nederlandsetempeliers.nl\/sv\/","name":"Nederlandse Tempeliers","description":"The Black Knights Templars of Solomon","publisher":{"@id":"https:\/\/nederlandsetempeliers.nl\/sv\/#organization"},"potentialAction":[{"@type":"SearchAction","target":{"@type":"EntryPoint","urlTemplate":"https:\/\/nederlandsetempeliers.nl\/sv\/?s={search_term_string}"},"query-input":{"@type":"PropertyValueSpecification","valueRequired":true,"valueName":"search_term_string"}}],"inLanguage":"sv-SE"},{"@type":"Organization","@id":"https:\/\/nederlandsetempeliers.nl\/sv\/#organization","name":"Nederlandse Tempeliers","url":"https:\/\/nederlandsetempeliers.nl\/sv\/","logo":{"@type":"ImageObject","inLanguage":"sv-SE","@id":"https:\/\/nederlandsetempeliers.nl\/sv\/#\/schema\/logo\/image\/","url":"https:\/\/nederlandsetempeliers.nl\/wp-content\/uploads\/Dutch-order-v2.png","contentUrl":"https:\/\/nederlandsetempeliers.nl\/wp-content\/uploads\/Dutch-order-v2.png","width":687,"height":686,"caption":"Nederlandse Tempeliers"},"image":{"@id":"https:\/\/nederlandsetempeliers.nl\/sv\/#\/schema\/logo\/image\/"}}]}},"_links":{"self":[{"href":"https:\/\/nederlandsetempeliers.nl\/sv\/wp-json\/wp\/v2\/pages\/5944","targetHints":{"allow":["GET"]}}],"collection":[{"href":"https:\/\/nederlandsetempeliers.nl\/sv\/wp-json\/wp\/v2\/pages"}],"about":[{"href":"https:\/\/nederlandsetempeliers.nl\/sv\/wp-json\/wp\/v2\/types\/page"}],"author":[{"embeddable":true,"href":"https:\/\/nederlandsetempeliers.nl\/sv\/wp-json\/wp\/v2\/users\/4"}],"replies":[{"embeddable":true,"href":"https:\/\/nederlandsetempeliers.nl\/sv\/wp-json\/wp\/v2\/comments?post=5944"}],"version-history":[{"count":2,"href":"https:\/\/nederlandsetempeliers.nl\/sv\/wp-json\/wp\/v2\/pages\/5944\/revisions"}],"predecessor-version":[{"id":5946,"href":"https:\/\/nederlandsetempeliers.nl\/sv\/wp-json\/wp\/v2\/pages\/5944\/revisions\/5946"}],"wp:attachment":[{"href":"https:\/\/nederlandsetempeliers.nl\/sv\/wp-json\/wp\/v2\/media?parent=5944"}],"curies":[{"name":"wp","href":"https:\/\/api.w.org\/{rel}","templated":true}]}}