{"id":6936,"date":"2026-04-01T22:24:09","date_gmt":"2026-04-01T20:24:09","guid":{"rendered":"https:\/\/nederlandsetempeliers.nl\/skartorsdagen\/"},"modified":"2026-04-01T23:02:27","modified_gmt":"2026-04-01T21:02:27","slug":"skartorsdagen","status":"publish","type":"page","link":"https:\/\/nederlandsetempeliers.nl\/sv\/skartorsdagen\/","title":{"rendered":"Sk\u00e4rtorsdagen"},"content":{"rendered":"\t\t<div data-elementor-type=\"wp-page\" data-elementor-id=\"6936\" class=\"elementor elementor-6936 elementor-6916\" data-elementor-post-type=\"page\">\n\t\t\t\t<div class=\"elementor-element elementor-element-aa8c484 e-flex e-con-boxed e-con e-parent\" data-id=\"aa8c484\" data-element_type=\"container\" data-e-type=\"container\">\n\t\t\t\t\t<div class=\"e-con-inner\">\n\t\t\t\t<div class=\"elementor-element elementor-element-932f6b4 elementor-widget elementor-widget-image\" data-id=\"932f6b4\" data-element_type=\"widget\" data-e-type=\"widget\" data-widget_type=\"image.default\">\n\t\t\t\t<div class=\"elementor-widget-container\">\n\t\t\t\t\t\t\t\t\t\t\t\t\t\t\t<img fetchpriority=\"high\" decoding=\"async\" width=\"768\" height=\"512\" src=\"https:\/\/nederlandsetempeliers.nl\/wp-content\/uploads\/WhatsApp-Image-2026-04-01-at-22.07.29-1-768x512.jpeg\" class=\"attachment-medium_large size-medium_large wp-image-6929\" alt=\"Tempelriddare som v\u00e4ktare med Jesus i b\u00f6n i Getsemane om natten\" srcset=\"https:\/\/nederlandsetempeliers.nl\/wp-content\/uploads\/WhatsApp-Image-2026-04-01-at-22.07.29-1-768x512.jpeg 768w, https:\/\/nederlandsetempeliers.nl\/wp-content\/uploads\/WhatsApp-Image-2026-04-01-at-22.07.29-1-300x200.jpeg 300w, https:\/\/nederlandsetempeliers.nl\/wp-content\/uploads\/WhatsApp-Image-2026-04-01-at-22.07.29-1-1024x683.jpeg 1024w, https:\/\/nederlandsetempeliers.nl\/wp-content\/uploads\/WhatsApp-Image-2026-04-01-at-22.07.29-1.jpeg 1536w\" sizes=\"(max-width: 768px) 100vw, 768px\" \/>\t\t\t\t\t\t\t\t\t\t\t\t\t\t\t<\/div>\n\t\t\t\t<\/div>\n\t\t\t\t\t<\/div>\n\t\t\t\t<\/div>\n\t\t<div class=\"elementor-element elementor-element-688dadd e-flex e-con-boxed e-con e-parent\" data-id=\"688dadd\" data-element_type=\"container\" data-e-type=\"container\">\n\t\t\t\t\t<div class=\"e-con-inner\">\n\t\t\t\t<div class=\"elementor-element elementor-element-69a74ca elementor-widget elementor-widget-heading\" data-id=\"69a74ca\" data-element_type=\"widget\" data-e-type=\"widget\" data-widget_type=\"heading.default\">\n\t\t\t\t<div class=\"elementor-widget-container\">\n\t\t\t\t\t<h2 class=\"elementor-heading-title elementor-size-default\">Sk\u00e4rtorsdagen<\/h2>\t\t\t\t<\/div>\n\t\t\t\t<\/div>\n\t\t\t\t\t<\/div>\n\t\t\t\t<\/div>\n\t\t<div class=\"elementor-element elementor-element-2348462 e-flex e-con-boxed e-con e-parent\" data-id=\"2348462\" data-element_type=\"container\" data-e-type=\"container\">\n\t\t\t\t\t<div class=\"e-con-inner\">\n\t\t\t\t<div class=\"elementor-element elementor-element-0ae671a elementor-widget elementor-widget-text-editor\" data-id=\"0ae671a\" data-element_type=\"widget\" data-e-type=\"widget\" data-widget_type=\"text-editor.default\">\n\t\t\t\t<div class=\"elementor-widget-container\">\n\t\t\t\t\t\t\t\t\t<p><strong>Sk\u00e4rtorsdagen<\/strong><\/p><p>Det b\u00f6rjar inte med ord, utan med en handling. De sitter vid bordet. Pesach firas, Pesachm\u00e5ltiden \u2013 Seder-m\u00e5ltiden, den sista m\u00e5ltiden. Minnet av det som var, av befrielsen fr\u00e5n Egypten, av vad Gud gjorde.<br>Och mitt i det som redan finns\u2026 g\u00f6r Han n\u00e5got nytt. Han reser sig, tar vatten och b\u00f6jer kn\u00e4. Han tv\u00e4ttar sina apostlars f\u00f6tter.     <\/p><p>\u2728 Varf\u00f6r g\u00f6r Jesus detta?<\/p><p>I det gamla Mellan\u00f6stern var det en sed av g\u00e4stfrihet att vid ankomsten l\u00e5ta den l\u00e4gste tj\u00e4naren tv\u00e4tta f\u00f6tterna. Som ett tecken p\u00e5 v\u00e4lkomnande, en gest av omsorg. <\/p><p>Och h\u00e4r sker n\u00e5got stort. Jesus v\u00e4nder v\u00e4rlden upp och ner: <\/p><ul><li>Inte en tj\u00e4nare\u2026 utan M\u00e4staren sj\u00e4lv som b\u00f6jer kn\u00e4<\/li><li>Inte den minste\u2026 utan Han som st\u00e5r \u00f6ver dem tj\u00e4nar. D\u00e4rmed s\u00e4ger Han: i Mitt rike fungerar det annorlunda <\/li><li>Och ocks\u00e5: under m\u00e5ltiden, som ett budskap. Han tillf\u00f6r n\u00e5got nytt till det som redan finns: befrielsen (fr\u00e5n Egypten) \u00e4r inte bara n\u00e5got som var d\u00e5. Det som sker h\u00e4r \u2014 \u00e4r genom Mig. S\u00e5 f\u00f6rbinder Han det med sitt (kommande) offer.    <br>Inte f\u00f6re m\u00e5ltiden, utan mitt i livet sj\u00e4lvt, visar Han vad tj\u00e4nande verkligen \u00e4r.<\/li><\/ul><p>Han visar: \u201cDen som vill vara stor, m\u00e5ste tj\u00e4na.\u201d Och djupare: <\/p><ul><li>Det \u00e4r ett tecken p\u00e5 inre rening<\/li><li>En f\u00f6raning om det som ska komma (Hans offer)<\/li><li>En l\u00e4xa som l\u00e4rjungarna f\u00f6rst senare verkligen kommer att f\u00f6rst\u00e5<br><br><\/li><\/ul><p>Inte f\u00f6r att det ska, inte f\u00f6r att det m\u00e5ste, utan f\u00f6r att Han visar hur Hans rike fungerar. Inte uppifr\u00e5n och ner\u2026 utan uppifr\u00e5n till att b\u00f6ja kn\u00e4. Han s\u00e4ger: s\u00e5 tj\u00e4nar du \u2013 s\u00e5 lever du.   <br>Eller med andra ord: k\u00e4rnan \u00e4r att inte s\u00e4tta sig sj\u00e4lv \u00f6ver den andre. Att se var den andre b\u00e4r \u201cstoft\u201d och just d\u00e4r tj\u00e4na.<br>Inte h\u00e4rska, utan tj\u00e4na. Inte v\u00e4nta, utan sj\u00e4lv b\u00f6ja kn\u00e4.  <\/p><p>Sedan tar Han br\u00f6det. Bryter det. <\/p><p><span style=\"color: #800000;\">\u201cDetta \u00e4r min kropp.\u201d<\/span><\/p><p>Han tar b\u00e4garen.<\/p><p><span style=\"color: #800000;\">\u201cDetta \u00e4r mitt blod.\u201d<\/span><\/p><p>Ocks\u00e5 ordningen \u00e4r inte slumpm\u00e4ssig. Br\u00f6det \u00e4r grunden, det dagliga livet. Vinet \u00e4r f\u00f6rbundet, offret, uppfyllelsen. \ud83d\udc49 F\u00f6rst ger Han sig sj\u00e4lv som f\u00f6da\u2026 d\u00e4refter som offer.   <\/p><p>Inte en ny h\u00f6gtid, utan en ny uppfyllelse. Befrielsen \u00e4r inte bara n\u00e5got fr\u00e5n d\u00e5\u2026 utan det som sker h\u00e4r \u2014 \u00e4r genom Mig. Med andra ord: Han f\u00f6rskjuter centrum \u2013 fr\u00e5n befrielsen ur Egypten till befrielsen genom Honom sj\u00e4lv.   <\/p><p>Efter m\u00e5ltiden sjunger de psalmer, Hallel. Psalm 113\u2013118. S\u00e5 avslutar de m\u00e5ltiden, med s\u00e5ng, med lov och tillit till Gud.<br>Det \u00e4r allts\u00e5 inte bara att \u00e4ta och sedan klart, utan att medvetet avsluta i Gud.   <\/p><p>Och s\u00e5 natten.<\/p><p>Han g\u00e5r ut, upp p\u00e5 Olivberget, mot Getsemane. Se Jesu ensamhet. De sjunger psalmer om tillit, befrielse, Guds trofasthet. Och Jesus vet vad som ska komma: f\u00f6rr\u00e4deriet, lidandet, korset\u2026\u2026\u2026 och \u00e4nd\u00e5 sjunger Han med. Att sjunga i lov, precis innan allt blir m\u00f6rkt.<\/p><p>\u201cStanna h\u00e4r,\u201d s\u00e4ger Han. \u201cVaka med Mig.\u201d<\/p><p>Han g\u00e5r vidare. Ensam. Och d\u00e4r \u2014 i m\u00f6rkret \u2014 b\u00f6jer Han sig. Inte l\u00e4ngre f\u00f6r dem\u2026 utan f\u00f6r Gud. Han ber innerligt: \u201cL\u00e5t denna b\u00e4gare g\u00e5 f\u00f6rbi Mig\u2026 men inte min vilja \u2014 Din vilja.\u201d    <\/p><p>Och d\u00e4r\u2026 blir det synligt vad Han tidigare visade. Fr\u00e5n tj\u00e4nare\u2026 blir Han b\u00e4rare. Inte bara att ge\u2026<br>utan att \u00f6verl\u00e4mna sig.<br>Han kommer tillbaka. De sover. Inte av ovilja, inte av otrohet, utan f\u00f6r att natten griper dem\u2026 som livet ibland g\u00f6r. Han s\u00e4ger till Petrus, Johannes och Jakob: \u201cKunde ni inte vaka en enda timme med Mig?\u201d Och \u00e4nd\u00e5 ber Han:   <\/p><p><span style=\"color: #800000;\">\u201cStanna hos Mig.\u201d<\/span><\/p><p>H\u00e4r finns sorg, ensamhet, besvikelse\u2026 m\u00e4nsklig sm\u00e4rta. Detta sker tre g\u00e5nger och ensamheten blir allt mer p\u00e5taglig. Allt djupare in i natten. Allt mer ensam. Han ber inte om stora handlingar, bara \u201cStanna en stund hos Mig\u201d\u2026 och inte ens det lyckas. Han b\u00e4rs inte av sina apostlar. Efter tredje g\u00e5ngen s\u00e4ger Han: St\u00e5 upp, l\u00e5t oss g\u00e5\u2026 se, han som f\u00f6rr\u00e5der Mig \u00e4r n\u00e4ra\u2026\u201d<br>Och d\u00e5 kommer Judas Iskariot in i tr\u00e4dg\u00e5rden, med soldater och tempelvakter, med facklor och vapen mot en obev\u00e4pnad man. \ud83d\udc49 Han ger Jesus en kyss som tecken: detta \u00e4r Han. Jesus f\u00f6rs bort, l\u00e4rjungarna blir f\u00f6rvirrade och flyr till slut.     <\/p><p>Det som b\u00f6rjar med fotatvagningen: att b\u00f6ja kn\u00e4 och tj\u00e4na. Det handlar inte bara om vackra stunder. Det handlar just om \ud83d\udc49 hur du f\u00f6rblir st\u00e5ende (eller kn\u00e4b\u00f6jd) n\u00e4r det blir sv\u00e5rt\u2026 \u00e4nda till det yttersta.   <\/p><p>Det som b\u00f6rjar med vatten g\u00e5r via br\u00f6d och vin in i natten. Fr\u00e5n det gamla\u2026 till uppfyllelse. Fr\u00e5n minne\u2026 till h\u00e4r och nu \u2013 verkligheten. Fr\u00e5n Gud som befriar\u2026 till Gud som ger sig sj\u00e4lv.   <\/p><p>H\u00e4r b\u00f6rjar det.<\/p><p>Inte synligt f\u00f6r v\u00e4rlden. Men h\u00e4r f\u00f6r\u00e4ndras allt. <\/p><p>Fr\u00e5n fotatvagning i \u00f6dmjukhet<br>till m\u00e5ltiden av ny befrielse<br>fr\u00e5n s\u00e5ng i tillit<br>till natten f\u00f6r \u00f6verl\u00e5telse<\/p>\t\t\t\t\t\t\t\t<\/div>\n\t\t\t\t<\/div>\n\t\t\t\t\t<\/div>\n\t\t\t\t<\/div>\n\t\t<div class=\"elementor-element elementor-element-21f572d e-flex e-con-boxed e-con e-parent\" data-id=\"21f572d\" data-element_type=\"container\" data-e-type=\"container\">\n\t\t\t\t\t<div class=\"e-con-inner\">\n\t\t\t\t<div class=\"elementor-element elementor-element-eeac753 elementor-widget elementor-widget-image\" data-id=\"eeac753\" data-element_type=\"widget\" data-e-type=\"widget\" data-widget_type=\"image.default\">\n\t\t\t\t<div class=\"elementor-widget-container\">\n\t\t\t\t\t\t\t\t\t\t\t\t\t\t\t<img decoding=\"async\" width=\"800\" height=\"189\" src=\"https:\/\/nederlandsetempeliers.nl\/wp-content\/uploads\/WhatsApp-Image-2026-04-01-at-22.08.01.jpeg\" class=\"attachment-large size-large wp-image-6930\" alt=\"\u00c4nglar med den heliga Graalen. Det som gavs vid bordet\u2026best\u00e5r.\" srcset=\"https:\/\/nederlandsetempeliers.nl\/wp-content\/uploads\/WhatsApp-Image-2026-04-01-at-22.08.01.jpeg 904w, https:\/\/nederlandsetempeliers.nl\/wp-content\/uploads\/WhatsApp-Image-2026-04-01-at-22.08.01-300x71.jpeg 300w, https:\/\/nederlandsetempeliers.nl\/wp-content\/uploads\/WhatsApp-Image-2026-04-01-at-22.08.01-768x182.jpeg 768w\" sizes=\"(max-width: 800px) 100vw, 800px\" \/>\t\t\t\t\t\t\t\t\t\t\t\t\t\t\t<\/div>\n\t\t\t\t<\/div>\n\t\t\t\t\t<\/div>\n\t\t\t\t<\/div>\n\t\t\t\t<\/div>\n\t\t","protected":false},"excerpt":{"rendered":"<p>Sk\u00e4rtorsdagen Sk\u00e4rtorsdagen Det b\u00f6rjar inte med ord, utan med en handling. De sitter vid bordet. Pesach firas, Pesachm\u00e5ltiden \u2013 Seder-m\u00e5ltiden, den sista m\u00e5ltiden. Minnet av det som var, av befrielsen [&hellip;]<\/p>\n","protected":false},"author":4,"featured_media":0,"parent":0,"menu_order":0,"comment_status":"closed","ping_status":"closed","template":"","meta":{"footnotes":""},"class_list":["post-6936","page","type-page","status-publish","hentry"],"yoast_head":"<!-- This site is optimized with the Yoast SEO plugin v27.2 - https:\/\/yoast.com\/product\/yoast-seo-wordpress\/ -->\n<title>Sk\u00e4rtorsdagen - Nederlandse Tempeliers<\/title>\n<meta name=\"robots\" content=\"index, follow, max-snippet:-1, max-image-preview:large, max-video-preview:-1\" \/>\n<link rel=\"canonical\" href=\"https:\/\/nederlandsetempeliers.nl\/sv\/skartorsdagen\/\" \/>\n<meta property=\"og:locale\" content=\"sv_SE\" \/>\n<meta property=\"og:type\" content=\"article\" \/>\n<meta property=\"og:title\" content=\"Sk\u00e4rtorsdagen - Nederlandse Tempeliers\" \/>\n<meta property=\"og:description\" content=\"Sk\u00e4rtorsdagen Sk\u00e4rtorsdagen Det b\u00f6rjar inte med ord, utan med en handling. De sitter vid bordet. Pesach firas, Pesachm\u00e5ltiden \u2013 Seder-m\u00e5ltiden, den sista m\u00e5ltiden. Minnet av det som var, av befrielsen [&hellip;]\" \/>\n<meta property=\"og:url\" content=\"https:\/\/nederlandsetempeliers.nl\/sv\/skartorsdagen\/\" \/>\n<meta property=\"og:site_name\" content=\"Nederlandse Tempeliers\" \/>\n<meta property=\"article:modified_time\" content=\"2026-04-01T21:02:27+00:00\" \/>\n<meta property=\"og:image\" content=\"https:\/\/nederlandsetempeliers.nl\/wp-content\/uploads\/WhatsApp-Image-2026-04-01-at-22.07.29-1.jpeg\" \/>\n\t<meta property=\"og:image:width\" content=\"1536\" \/>\n\t<meta property=\"og:image:height\" content=\"1024\" \/>\n\t<meta property=\"og:image:type\" content=\"image\/jpeg\" \/>\n<meta name=\"twitter:card\" content=\"summary_large_image\" \/>\n<meta name=\"twitter:label1\" content=\"Ber\u00e4knad l\u00e4stid\" \/>\n\t<meta name=\"twitter:data1\" content=\"5 minuter\" \/>\n<script type=\"application\/ld+json\" class=\"yoast-schema-graph\">{\"@context\":\"https:\/\/schema.org\",\"@graph\":[{\"@type\":\"WebPage\",\"@id\":\"https:\/\/nederlandsetempeliers.nl\/sv\/skartorsdagen\/\",\"url\":\"https:\/\/nederlandsetempeliers.nl\/sv\/skartorsdagen\/\",\"name\":\"Sk\u00e4rtorsdagen - Nederlandse Tempeliers\",\"isPartOf\":{\"@id\":\"https:\/\/nederlandsetempeliers.nl\/sv\/#website\"},\"primaryImageOfPage\":{\"@id\":\"https:\/\/nederlandsetempeliers.nl\/sv\/skartorsdagen\/#primaryimage\"},\"image\":{\"@id\":\"https:\/\/nederlandsetempeliers.nl\/sv\/skartorsdagen\/#primaryimage\"},\"thumbnailUrl\":\"https:\/\/nederlandsetempeliers.nl\/wp-content\/uploads\/WhatsApp-Image-2026-04-01-at-22.07.29-1-768x512.jpeg\",\"datePublished\":\"2026-04-01T20:24:09+00:00\",\"dateModified\":\"2026-04-01T21:02:27+00:00\",\"breadcrumb\":{\"@id\":\"https:\/\/nederlandsetempeliers.nl\/sv\/skartorsdagen\/#breadcrumb\"},\"inLanguage\":\"sv-SE\",\"potentialAction\":[{\"@type\":\"ReadAction\",\"target\":[\"https:\/\/nederlandsetempeliers.nl\/sv\/skartorsdagen\/\"]}]},{\"@type\":\"ImageObject\",\"inLanguage\":\"sv-SE\",\"@id\":\"https:\/\/nederlandsetempeliers.nl\/sv\/skartorsdagen\/#primaryimage\",\"url\":\"https:\/\/nederlandsetempeliers.nl\/wp-content\/uploads\/WhatsApp-Image-2026-04-01-at-22.07.29-1-768x512.jpeg\",\"contentUrl\":\"https:\/\/nederlandsetempeliers.nl\/wp-content\/uploads\/WhatsApp-Image-2026-04-01-at-22.07.29-1-768x512.jpeg\"},{\"@type\":\"BreadcrumbList\",\"@id\":\"https:\/\/nederlandsetempeliers.nl\/sv\/skartorsdagen\/#breadcrumb\",\"itemListElement\":[{\"@type\":\"ListItem\",\"position\":1,\"name\":\"Home\",\"item\":\"https:\/\/nederlandsetempeliers.nl\/sv\/\"},{\"@type\":\"ListItem\",\"position\":2,\"name\":\"Sk\u00e4rtorsdagen\"}]},{\"@type\":\"WebSite\",\"@id\":\"https:\/\/nederlandsetempeliers.nl\/sv\/#website\",\"url\":\"https:\/\/nederlandsetempeliers.nl\/sv\/\",\"name\":\"Nederlandse Tempeliers\",\"description\":\"The Black Knights Templars of Solomon\",\"publisher\":{\"@id\":\"https:\/\/nederlandsetempeliers.nl\/sv\/#organization\"},\"potentialAction\":[{\"@type\":\"SearchAction\",\"target\":{\"@type\":\"EntryPoint\",\"urlTemplate\":\"https:\/\/nederlandsetempeliers.nl\/sv\/?s={search_term_string}\"},\"query-input\":{\"@type\":\"PropertyValueSpecification\",\"valueRequired\":true,\"valueName\":\"search_term_string\"}}],\"inLanguage\":\"sv-SE\"},{\"@type\":\"Organization\",\"@id\":\"https:\/\/nederlandsetempeliers.nl\/sv\/#organization\",\"name\":\"Nederlandse Tempeliers\",\"url\":\"https:\/\/nederlandsetempeliers.nl\/sv\/\",\"logo\":{\"@type\":\"ImageObject\",\"inLanguage\":\"sv-SE\",\"@id\":\"https:\/\/nederlandsetempeliers.nl\/sv\/#\/schema\/logo\/image\/\",\"url\":\"https:\/\/nederlandsetempeliers.nl\/wp-content\/uploads\/Dutch-order-v2.png\",\"contentUrl\":\"https:\/\/nederlandsetempeliers.nl\/wp-content\/uploads\/Dutch-order-v2.png\",\"width\":687,\"height\":686,\"caption\":\"Nederlandse Tempeliers\"},\"image\":{\"@id\":\"https:\/\/nederlandsetempeliers.nl\/sv\/#\/schema\/logo\/image\/\"}}]}<\/script>\n<!-- \/ Yoast SEO plugin. -->","yoast_head_json":{"title":"Sk\u00e4rtorsdagen - Nederlandse Tempeliers","robots":{"index":"index","follow":"follow","max-snippet":"max-snippet:-1","max-image-preview":"max-image-preview:large","max-video-preview":"max-video-preview:-1"},"canonical":"https:\/\/nederlandsetempeliers.nl\/sv\/skartorsdagen\/","og_locale":"sv_SE","og_type":"article","og_title":"Sk\u00e4rtorsdagen - Nederlandse Tempeliers","og_description":"Sk\u00e4rtorsdagen Sk\u00e4rtorsdagen Det b\u00f6rjar inte med ord, utan med en handling. De sitter vid bordet. Pesach firas, Pesachm\u00e5ltiden \u2013 Seder-m\u00e5ltiden, den sista m\u00e5ltiden. Minnet av det som var, av befrielsen [&hellip;]","og_url":"https:\/\/nederlandsetempeliers.nl\/sv\/skartorsdagen\/","og_site_name":"Nederlandse Tempeliers","article_modified_time":"2026-04-01T21:02:27+00:00","og_image":[{"width":1536,"height":1024,"url":"https:\/\/nederlandsetempeliers.nl\/wp-content\/uploads\/WhatsApp-Image-2026-04-01-at-22.07.29-1.jpeg","type":"image\/jpeg"}],"twitter_card":"summary_large_image","twitter_misc":{"Ber\u00e4knad l\u00e4stid":"5 minuter"},"schema":{"@context":"https:\/\/schema.org","@graph":[{"@type":"WebPage","@id":"https:\/\/nederlandsetempeliers.nl\/sv\/skartorsdagen\/","url":"https:\/\/nederlandsetempeliers.nl\/sv\/skartorsdagen\/","name":"Sk\u00e4rtorsdagen - Nederlandse Tempeliers","isPartOf":{"@id":"https:\/\/nederlandsetempeliers.nl\/sv\/#website"},"primaryImageOfPage":{"@id":"https:\/\/nederlandsetempeliers.nl\/sv\/skartorsdagen\/#primaryimage"},"image":{"@id":"https:\/\/nederlandsetempeliers.nl\/sv\/skartorsdagen\/#primaryimage"},"thumbnailUrl":"https:\/\/nederlandsetempeliers.nl\/wp-content\/uploads\/WhatsApp-Image-2026-04-01-at-22.07.29-1-768x512.jpeg","datePublished":"2026-04-01T20:24:09+00:00","dateModified":"2026-04-01T21:02:27+00:00","breadcrumb":{"@id":"https:\/\/nederlandsetempeliers.nl\/sv\/skartorsdagen\/#breadcrumb"},"inLanguage":"sv-SE","potentialAction":[{"@type":"ReadAction","target":["https:\/\/nederlandsetempeliers.nl\/sv\/skartorsdagen\/"]}]},{"@type":"ImageObject","inLanguage":"sv-SE","@id":"https:\/\/nederlandsetempeliers.nl\/sv\/skartorsdagen\/#primaryimage","url":"https:\/\/nederlandsetempeliers.nl\/wp-content\/uploads\/WhatsApp-Image-2026-04-01-at-22.07.29-1-768x512.jpeg","contentUrl":"https:\/\/nederlandsetempeliers.nl\/wp-content\/uploads\/WhatsApp-Image-2026-04-01-at-22.07.29-1-768x512.jpeg"},{"@type":"BreadcrumbList","@id":"https:\/\/nederlandsetempeliers.nl\/sv\/skartorsdagen\/#breadcrumb","itemListElement":[{"@type":"ListItem","position":1,"name":"Home","item":"https:\/\/nederlandsetempeliers.nl\/sv\/"},{"@type":"ListItem","position":2,"name":"Sk\u00e4rtorsdagen"}]},{"@type":"WebSite","@id":"https:\/\/nederlandsetempeliers.nl\/sv\/#website","url":"https:\/\/nederlandsetempeliers.nl\/sv\/","name":"Nederlandse Tempeliers","description":"The Black Knights Templars of Solomon","publisher":{"@id":"https:\/\/nederlandsetempeliers.nl\/sv\/#organization"},"potentialAction":[{"@type":"SearchAction","target":{"@type":"EntryPoint","urlTemplate":"https:\/\/nederlandsetempeliers.nl\/sv\/?s={search_term_string}"},"query-input":{"@type":"PropertyValueSpecification","valueRequired":true,"valueName":"search_term_string"}}],"inLanguage":"sv-SE"},{"@type":"Organization","@id":"https:\/\/nederlandsetempeliers.nl\/sv\/#organization","name":"Nederlandse Tempeliers","url":"https:\/\/nederlandsetempeliers.nl\/sv\/","logo":{"@type":"ImageObject","inLanguage":"sv-SE","@id":"https:\/\/nederlandsetempeliers.nl\/sv\/#\/schema\/logo\/image\/","url":"https:\/\/nederlandsetempeliers.nl\/wp-content\/uploads\/Dutch-order-v2.png","contentUrl":"https:\/\/nederlandsetempeliers.nl\/wp-content\/uploads\/Dutch-order-v2.png","width":687,"height":686,"caption":"Nederlandse Tempeliers"},"image":{"@id":"https:\/\/nederlandsetempeliers.nl\/sv\/#\/schema\/logo\/image\/"}}]}},"_links":{"self":[{"href":"https:\/\/nederlandsetempeliers.nl\/sv\/wp-json\/wp\/v2\/pages\/6936","targetHints":{"allow":["GET"]}}],"collection":[{"href":"https:\/\/nederlandsetempeliers.nl\/sv\/wp-json\/wp\/v2\/pages"}],"about":[{"href":"https:\/\/nederlandsetempeliers.nl\/sv\/wp-json\/wp\/v2\/types\/page"}],"author":[{"embeddable":true,"href":"https:\/\/nederlandsetempeliers.nl\/sv\/wp-json\/wp\/v2\/users\/4"}],"replies":[{"embeddable":true,"href":"https:\/\/nederlandsetempeliers.nl\/sv\/wp-json\/wp\/v2\/comments?post=6936"}],"version-history":[{"count":4,"href":"https:\/\/nederlandsetempeliers.nl\/sv\/wp-json\/wp\/v2\/pages\/6936\/revisions"}],"predecessor-version":[{"id":6940,"href":"https:\/\/nederlandsetempeliers.nl\/sv\/wp-json\/wp\/v2\/pages\/6936\/revisions\/6940"}],"wp:attachment":[{"href":"https:\/\/nederlandsetempeliers.nl\/sv\/wp-json\/wp\/v2\/media?parent=6936"}],"curies":[{"name":"wp","href":"https:\/\/api.w.org\/{rel}","templated":true}]}}