{"id":7001,"date":"2026-04-02T21:45:55","date_gmt":"2026-04-02T19:45:55","guid":{"rendered":"https:\/\/nederlandsetempeliers.nl\/langfredagen\/"},"modified":"2026-04-02T22:31:39","modified_gmt":"2026-04-02T20:31:39","slug":"langfredagen","status":"publish","type":"page","link":"https:\/\/nederlandsetempeliers.nl\/sv\/langfredagen\/","title":{"rendered":"L\u00e5ngfredagen"},"content":{"rendered":"\t\t<div data-elementor-type=\"wp-page\" data-elementor-id=\"7001\" class=\"elementor elementor-7001 elementor-6957\" data-elementor-post-type=\"page\">\n\t\t\t\t<div class=\"elementor-element elementor-element-1719664 e-flex e-con-boxed e-con e-parent\" data-id=\"1719664\" data-element_type=\"container\" data-e-type=\"container\">\n\t\t\t\t\t<div class=\"e-con-inner\">\n\t\t\t\t\t<\/div>\n\t\t\t\t<\/div>\n\t\t<div class=\"elementor-element elementor-element-08257ac e-flex e-con-boxed e-con e-parent\" data-id=\"08257ac\" data-element_type=\"container\" data-e-type=\"container\">\n\t\t\t\t\t<div class=\"e-con-inner\">\n\t\t\t\t<div class=\"elementor-element elementor-element-4598a97 elementor-widget elementor-widget-image\" data-id=\"4598a97\" data-element_type=\"widget\" data-e-type=\"widget\" data-widget_type=\"image.default\">\n\t\t\t\t<div class=\"elementor-widget-container\">\n\t\t\t\t\t\t\t\t\t\t\t\t\t\t\t<img fetchpriority=\"high\" decoding=\"async\" width=\"800\" height=\"355\" src=\"https:\/\/nederlandsetempeliers.nl\/wp-content\/uploads\/WhatsApp-Image-2026-04-02-at-21.23.04-1024x455.jpeg\" class=\"attachment-large size-large wp-image-6999\" alt=\"Medeltida glasm\u00e5lning som visar Kristi korsf\u00e4stelse omgiven av helgon och tv\u00e5 tempelriddare i vita mantlar med r\u00f6da kors\" srcset=\"https:\/\/nederlandsetempeliers.nl\/wp-content\/uploads\/WhatsApp-Image-2026-04-02-at-21.23.04-1024x455.jpeg 1024w, https:\/\/nederlandsetempeliers.nl\/wp-content\/uploads\/WhatsApp-Image-2026-04-02-at-21.23.04-300x133.jpeg 300w, https:\/\/nederlandsetempeliers.nl\/wp-content\/uploads\/WhatsApp-Image-2026-04-02-at-21.23.04-768x341.jpeg 768w, https:\/\/nederlandsetempeliers.nl\/wp-content\/uploads\/WhatsApp-Image-2026-04-02-at-21.23.04-1536x683.jpeg 1536w, https:\/\/nederlandsetempeliers.nl\/wp-content\/uploads\/WhatsApp-Image-2026-04-02-at-21.23.04.jpeg 1600w\" sizes=\"(max-width: 800px) 100vw, 800px\" \/>\t\t\t\t\t\t\t\t\t\t\t\t\t\t\t<\/div>\n\t\t\t\t<\/div>\n\t\t\t\t\t<\/div>\n\t\t\t\t<\/div>\n\t\t<div class=\"elementor-element elementor-element-044f231 e-flex e-con-boxed e-con e-parent\" data-id=\"044f231\" data-element_type=\"container\" data-e-type=\"container\">\n\t\t\t\t\t<div class=\"e-con-inner\">\n\t\t\t\t<div class=\"elementor-element elementor-element-fda23d7 elementor-widget elementor-widget-text-editor\" data-id=\"fda23d7\" data-element_type=\"widget\" data-e-type=\"widget\" data-widget_type=\"text-editor.default\">\n\t\t\t\t<div class=\"elementor-widget-container\">\n\t\t\t\t\t\t\t\t\t<p><strong>L\u00e5ngfredagen<\/strong><\/p><p>Idag \u00e4r dagen d\u00e5 Jesus d\u00f6ms och korsf\u00e4sts \u2013 hur kan vi kalla en s\u00e5dan dag f\u00f6r L\u00e5ngfredagen? <br>\ud83d\udc49 Ordet \u201cgod\u201d betyder h\u00e4r n\u00e5got annat. Det betyder inte: trevlig, vacker eller behaglig. H\u00e4r betyder det helande, meningsfullt, fr\u00e4lsande.   <br>P\u00e5 denna dag d\u00f6r Jesus oskyldigt, av k\u00e4rlek till m\u00e4nniskan. D\u00e4rf\u00f6r kallas den \u201cgod\u201d. Inte p\u00e5 grund av lidandet, utan p\u00e5 grund av vad det f\u00f6r med sig.  <\/p><p>Idag finns inget ljus, inget svar, ingen seger. Idag finns bara\u2026 att st\u00e5 kvar.<br>Under tryck. Under dom. Under sm\u00e4rta.<br>Han flydde inte. Han f\u00f6rsvarade sig inte. Han stod kvar.<br>\u00c4nda till slutet.<br>Och det\u2026 \u00e4r kanske det sv\u00e5raste som finns. Att inte k\u00e4mpa \u2013 n\u00e4r man kan. Att inte f\u00f6rklara, n\u00e4r det finns f\u00f6rklaringar. Utan att bara st\u00e5 kvar.     <\/p><p> <\/p><p>Ig\u00e5r kv\u00e4ll blev han arresterad och gripen av soldater och tempelvakter. De f\u00f6r honom till Annas, en judisk \u00f6verstepr\u00e4st. Han finner inget avg\u00f6rande och skickar honom d\u00e4rf\u00f6r vidare till Kajafas. Kajafas var ocks\u00e5 \u00f6verstepr\u00e4st och ordf\u00f6rande f\u00f6r Sanhedrin, det h\u00f6gsta judiska r\u00e5det. D\u00e4r, i m\u00f6rkret, blir han f\u00f6rh\u00f6rd, anklagad och pr\u00f6vad \u2013 om sin l\u00e4ra och sina efterf\u00f6ljare.    <br><span style=\"color: #808080;\"><strong>F\u00f6rh\u00f6r i natten\u2026 det s\u00e4ger allt\u2026..<\/strong><\/span><br><span style=\"color: #999999;\">Sanhedrin (fr\u00e5n grekiskans synedrion, \u201csitta tillsammans\u201d) var i forntiden det h\u00f6gsta judiska r\u00e5det, best\u00e5ende av 71 medlemmar (\u00f6verstepr\u00e4ster, \u00e4ldste och skriftl\u00e4rda), som fungerade som h\u00f6gsta domstol och styrande organ i Jerusalem.<\/span><\/p><p>D\u00e4r d\u00f6ms han till d\u00f6den, men\u2026 k\u00e4nsligt: de f\u00e5r inte sj\u00e4lva verkst\u00e4lla den (det anses orent). Men de spelar det politiska spelet fullt ut. D\u00e4rf\u00f6r \u00f6verl\u00e4mnas Jesus vid dagens f\u00f6rsta ljus till Rom \u2013 de r\u00e4ttsliga myndigheterna.<br>Sanhedrin skjuter vidare domen. De uttalade domen\u2026 men l\u00e4t n\u00e5gon annan utf\u00f6ra den. F\u00f6r att h\u00e5lla sina egna h\u00e4nder rena.<br>Men Pilatus ser vad som h\u00e4nder. Detta \u00e4r inte r\u00e4tt. Han f\u00f6rs\u00f6ker. Fr\u00e5gar. V\u00e4ger. Bed\u00f6mer.    <\/p><p>I ett f\u00f6rs\u00f6k att frik\u00e4nna honom skickar Pilatus Jesus vidare till Herodes Antipas. Inte heller Herodes vet vad han ska g\u00f6ra, annat \u00e4n: om n\u00e5got m\u00e5ste ske, m\u00e5ste det ske snabbt \u2013 imorgon \u00e4r Pesach.<br>S\u00e5 kommer Jesus tillbaka till Pilatus. D\u00e5 ger han folket valet mellan Barabbas \u2013 m\u00f6rdaren \u2013 eller Jesus. Han \u00e4r \u00f6vertygad om att folket kommer v\u00e4lja att d\u00f6ma Barabbas, och att Jesus d\u00e4rmed ska friges.<br>Men till hans f\u00f6rf\u00e4ran v\u00e4ljer folket att frige Barabbas\u2026\u2026      <\/p><p>S\u00e5 korsf\u00e4sts Jesus tidigt p\u00e5 morgonen, den tredje timmen, kl. 09:00, p\u00e5 berget Golgota. Timmarna g\u00e5r\u2026 pl\u00e5gsamt l\u00e5ngsamt\u2026 och omkring den sj\u00e4tte timmen (kl. 12:00) blir det m\u00f6rkt\u2026. <\/p><p><span style=\"color: #800000;\"><strong>M\u00f6rker \u00f6ver hela landet\u2026.. h\u00e4r d\u00f6r Guds Son\u2026.. skapelsen h\u00e5ller andan. <\/strong><\/span><\/p><p>Och omkring den nionde timmen (kl. 15:00) ger han upp andan. Inte bruten, utan given. D\u00e4refter kommer lansen. Inte f\u00f6r att d\u00f6da, utan f\u00f6r att bekr\u00e4fta att det \u00e4r fullbordat.    <br>Och vilka \u00e4r kvar? N\u00e5gra kvinnor stannar: Maria, hans mor. Maria Magdalena, Maria, Klopas hustru. Och Johannes, hans mest trogne l\u00e4rjunge, som inte vek undan.    <br>\u00c4ven romerska soldater \u00e4r d\u00e4r. Deras centurion s\u00e4ger: \u201cSannerligen, denne var Guds Son.\u201d <\/p><p><strong>De flesta har flytt. Men de\u2026 de s\u00e5g och k\u00e4nde all sm\u00e4rta. De stannade till slutet.  <\/strong><\/p><p>Och d\u00e4r \u00e4r Josef. Ingen l\u00e4rjunge som stod l\u00e4ngst fram. Ingen r\u00f6st som tidigare h\u00f6rts. Men i detta \u00f6gonblick tr\u00e4der han fram.<br>D\u00e4r andra tiger, d\u00e4r r\u00e4dslan tar \u00f6ver, ber han om kroppen.<br>Inte h\u00f6gljutt, inte synligt f\u00f6r massan, men avg\u00f6rande.<br>Ibland \u00e4r det inte den som stod n\u00e4rmast\u2026 utan den som reser sig i r\u00e4tt \u00f6gonblick.<br>Josef fr\u00e5n Arimatea, medlem av Sanhedrin \u2013 samma r\u00e5d som d\u00f6mde Jesus \u2013 var en rik man och i hemlighet en efterf\u00f6ljare till Jesus. Han hade inflytande, direkt tillg\u00e5ng till Pilatus. Han fick tillst\u00e5nd att ta ner kroppen fr\u00e5n korset.<br>Jesu mor Maria kunde inte g\u00f6ra detta. Kvinnor hade ingen r\u00e4ttslig st\u00e4llning. Hon kunde helt enkelt inte ordna det.           <br>Det Josef fr\u00e5n Arimatea gjorde var inte litet \u2013 det var en modig handling. Han f\u00f6rbinder sig \u00f6ppet med n\u00e5gon som just blivit avr\u00e4ttad, d\u00f6md av Sanhedrin d\u00e4r han sj\u00e4lv var medlem. Det kunde skada hans st\u00e4llning \u2013 eller v\u00e4rre\u2026  <\/p><p>Mot kv\u00e4llen tas han ner fr\u00e5n korset. I tystnad. Med omsorg, men ocks\u00e5 snabbt, f\u00f6r vilodagen \u2013 sabbaten \u2013 n\u00e4rmar sig\u2026 och inte vilken sabbat som helst: Pesach.<br>P\u00e5 n\u00e5gra timmar (f\u00f6re kl. 18:00) m\u00e5ste allt ske: be om tillst\u00e5nd \u2013 ta ner kroppen \u2013 svepa den \u2013 l\u00e4gga den i graven.<br>Timmarna pressar.<br>Det som m\u00e5ste g\u00f6ras\u2026 blir gjort.<br>Sedan l\u00e4ggs han i en grav. En ny grav, uthuggen i klippan. Stenen rullas f\u00f6r. Solen sjunker. Sabbaten b\u00f6rjar.     <\/p><p>Idag inget svar. Bara detta: <\/p><p><span style=\"color: #800000;\"><strong>Han stod kvar.<\/strong><\/span><\/p><p><span style=\"color: #800000;\"><strong>\u00c4nda till slutet.<\/strong><\/span><\/p><p><strong><span style=\"color: #800000;\">Han ligger i graven.<\/span><\/strong><\/p><p>Allt blir stilla.<\/p><p>Och v\u00e4rlden\u2026 v\u00e4ntar.<\/p>\t\t\t\t\t\t\t\t<\/div>\n\t\t\t\t<\/div>\n\t\t\t\t\t<\/div>\n\t\t\t\t<\/div>\n\t\t<div class=\"elementor-element elementor-element-921e42f e-flex e-con-boxed e-con e-parent\" data-id=\"921e42f\" data-element_type=\"container\" data-e-type=\"container\">\n\t\t\t\t\t<div class=\"e-con-inner\">\n\t\t\t\t<div class=\"elementor-element elementor-element-a12eb99 elementor-widget elementor-widget-image\" data-id=\"a12eb99\" data-element_type=\"widget\" data-e-type=\"widget\" data-widget_type=\"image.default\">\n\t\t\t\t<div class=\"elementor-widget-container\">\n\t\t\t\t\t\t\t\t\t\t\t\t\t\t\t<img decoding=\"async\" width=\"768\" height=\"315\" src=\"https:\/\/nederlandsetempeliers.nl\/wp-content\/uploads\/engelen-768x315.jpeg\" class=\"attachment-medium_large size-medium_large wp-image-7000\" alt=\"Tv\u00e5 kn\u00e4b\u00f6jande \u00e4nglar med h\u00e4nderna sammanfogade i b\u00f6n, symmetriskt avbildade med gyllene glorior och vingar, omgivna av dekorativa blomornament p\u00e5 ljus bakgrund\" srcset=\"https:\/\/nederlandsetempeliers.nl\/wp-content\/uploads\/engelen-768x315.jpeg 768w, https:\/\/nederlandsetempeliers.nl\/wp-content\/uploads\/engelen-300x123.jpeg 300w, https:\/\/nederlandsetempeliers.nl\/wp-content\/uploads\/engelen.jpeg 947w\" sizes=\"(max-width: 768px) 100vw, 768px\" \/>\t\t\t\t\t\t\t\t\t\t\t\t\t\t\t<\/div>\n\t\t\t\t<\/div>\n\t\t\t\t\t<\/div>\n\t\t\t\t<\/div>\n\t\t\t\t<\/div>\n\t\t","protected":false},"excerpt":{"rendered":"<p>L\u00e5ngfredagen Idag \u00e4r dagen d\u00e5 Jesus d\u00f6ms och korsf\u00e4sts \u2013 hur kan vi kalla en s\u00e5dan dag f\u00f6r L\u00e5ngfredagen? \ud83d\udc49 Ordet \u201cgod\u201d betyder h\u00e4r n\u00e5got annat. Det betyder inte: trevlig, [&hellip;]<\/p>\n","protected":false},"author":4,"featured_media":0,"parent":0,"menu_order":0,"comment_status":"closed","ping_status":"closed","template":"","meta":{"footnotes":""},"class_list":["post-7001","page","type-page","status-publish","hentry"],"yoast_head":"<!-- This site is optimized with the Yoast SEO plugin v27.2 - https:\/\/yoast.com\/product\/yoast-seo-wordpress\/ -->\n<title>L\u00e5ngfredagen - Nederlandse Tempeliers<\/title>\n<meta name=\"robots\" content=\"index, follow, max-snippet:-1, max-image-preview:large, max-video-preview:-1\" \/>\n<link rel=\"canonical\" href=\"https:\/\/nederlandsetempeliers.nl\/sv\/langfredagen\/\" \/>\n<meta property=\"og:locale\" content=\"sv_SE\" \/>\n<meta property=\"og:type\" content=\"article\" \/>\n<meta property=\"og:title\" content=\"L\u00e5ngfredagen - Nederlandse Tempeliers\" \/>\n<meta property=\"og:description\" content=\"L\u00e5ngfredagen Idag \u00e4r dagen d\u00e5 Jesus d\u00f6ms och korsf\u00e4sts \u2013 hur kan vi kalla en s\u00e5dan dag f\u00f6r L\u00e5ngfredagen? \ud83d\udc49 Ordet \u201cgod\u201d betyder h\u00e4r n\u00e5got annat. Det betyder inte: trevlig, [&hellip;]\" \/>\n<meta property=\"og:url\" content=\"https:\/\/nederlandsetempeliers.nl\/sv\/langfredagen\/\" \/>\n<meta property=\"og:site_name\" content=\"Nederlandse Tempeliers\" \/>\n<meta property=\"article:modified_time\" content=\"2026-04-02T20:31:39+00:00\" \/>\n<meta property=\"og:image\" content=\"https:\/\/nederlandsetempeliers.nl\/wp-content\/uploads\/WhatsApp-Image-2026-04-02-at-21.23.04.jpeg\" \/>\n\t<meta property=\"og:image:width\" content=\"1600\" \/>\n\t<meta property=\"og:image:height\" content=\"711\" \/>\n\t<meta property=\"og:image:type\" content=\"image\/jpeg\" \/>\n<meta name=\"twitter:card\" content=\"summary_large_image\" \/>\n<meta name=\"twitter:label1\" content=\"Ber\u00e4knad l\u00e4stid\" \/>\n\t<meta name=\"twitter:data1\" content=\"4 minuter\" \/>\n<script type=\"application\/ld+json\" class=\"yoast-schema-graph\">{\"@context\":\"https:\/\/schema.org\",\"@graph\":[{\"@type\":\"WebPage\",\"@id\":\"https:\/\/nederlandsetempeliers.nl\/sv\/langfredagen\/\",\"url\":\"https:\/\/nederlandsetempeliers.nl\/sv\/langfredagen\/\",\"name\":\"L\u00e5ngfredagen - Nederlandse Tempeliers\",\"isPartOf\":{\"@id\":\"https:\/\/nederlandsetempeliers.nl\/sv\/#website\"},\"primaryImageOfPage\":{\"@id\":\"https:\/\/nederlandsetempeliers.nl\/sv\/langfredagen\/#primaryimage\"},\"image\":{\"@id\":\"https:\/\/nederlandsetempeliers.nl\/sv\/langfredagen\/#primaryimage\"},\"thumbnailUrl\":\"https:\/\/nederlandsetempeliers.nl\/wp-content\/uploads\/WhatsApp-Image-2026-04-02-at-21.23.04-1024x455.jpeg\",\"datePublished\":\"2026-04-02T19:45:55+00:00\",\"dateModified\":\"2026-04-02T20:31:39+00:00\",\"breadcrumb\":{\"@id\":\"https:\/\/nederlandsetempeliers.nl\/sv\/langfredagen\/#breadcrumb\"},\"inLanguage\":\"sv-SE\",\"potentialAction\":[{\"@type\":\"ReadAction\",\"target\":[\"https:\/\/nederlandsetempeliers.nl\/sv\/langfredagen\/\"]}]},{\"@type\":\"ImageObject\",\"inLanguage\":\"sv-SE\",\"@id\":\"https:\/\/nederlandsetempeliers.nl\/sv\/langfredagen\/#primaryimage\",\"url\":\"https:\/\/nederlandsetempeliers.nl\/wp-content\/uploads\/WhatsApp-Image-2026-04-02-at-21.23.04-1024x455.jpeg\",\"contentUrl\":\"https:\/\/nederlandsetempeliers.nl\/wp-content\/uploads\/WhatsApp-Image-2026-04-02-at-21.23.04-1024x455.jpeg\"},{\"@type\":\"BreadcrumbList\",\"@id\":\"https:\/\/nederlandsetempeliers.nl\/sv\/langfredagen\/#breadcrumb\",\"itemListElement\":[{\"@type\":\"ListItem\",\"position\":1,\"name\":\"Home\",\"item\":\"https:\/\/nederlandsetempeliers.nl\/sv\/\"},{\"@type\":\"ListItem\",\"position\":2,\"name\":\"L\u00e5ngfredagen\"}]},{\"@type\":\"WebSite\",\"@id\":\"https:\/\/nederlandsetempeliers.nl\/sv\/#website\",\"url\":\"https:\/\/nederlandsetempeliers.nl\/sv\/\",\"name\":\"Nederlandse Tempeliers\",\"description\":\"The Black Knights Templars of Solomon\",\"publisher\":{\"@id\":\"https:\/\/nederlandsetempeliers.nl\/sv\/#organization\"},\"potentialAction\":[{\"@type\":\"SearchAction\",\"target\":{\"@type\":\"EntryPoint\",\"urlTemplate\":\"https:\/\/nederlandsetempeliers.nl\/sv\/?s={search_term_string}\"},\"query-input\":{\"@type\":\"PropertyValueSpecification\",\"valueRequired\":true,\"valueName\":\"search_term_string\"}}],\"inLanguage\":\"sv-SE\"},{\"@type\":\"Organization\",\"@id\":\"https:\/\/nederlandsetempeliers.nl\/sv\/#organization\",\"name\":\"Nederlandse Tempeliers\",\"url\":\"https:\/\/nederlandsetempeliers.nl\/sv\/\",\"logo\":{\"@type\":\"ImageObject\",\"inLanguage\":\"sv-SE\",\"@id\":\"https:\/\/nederlandsetempeliers.nl\/sv\/#\/schema\/logo\/image\/\",\"url\":\"https:\/\/nederlandsetempeliers.nl\/wp-content\/uploads\/Dutch-order-v2.png\",\"contentUrl\":\"https:\/\/nederlandsetempeliers.nl\/wp-content\/uploads\/Dutch-order-v2.png\",\"width\":687,\"height\":686,\"caption\":\"Nederlandse Tempeliers\"},\"image\":{\"@id\":\"https:\/\/nederlandsetempeliers.nl\/sv\/#\/schema\/logo\/image\/\"}}]}<\/script>\n<!-- \/ Yoast SEO plugin. -->","yoast_head_json":{"title":"L\u00e5ngfredagen - Nederlandse Tempeliers","robots":{"index":"index","follow":"follow","max-snippet":"max-snippet:-1","max-image-preview":"max-image-preview:large","max-video-preview":"max-video-preview:-1"},"canonical":"https:\/\/nederlandsetempeliers.nl\/sv\/langfredagen\/","og_locale":"sv_SE","og_type":"article","og_title":"L\u00e5ngfredagen - Nederlandse Tempeliers","og_description":"L\u00e5ngfredagen Idag \u00e4r dagen d\u00e5 Jesus d\u00f6ms och korsf\u00e4sts \u2013 hur kan vi kalla en s\u00e5dan dag f\u00f6r L\u00e5ngfredagen? \ud83d\udc49 Ordet \u201cgod\u201d betyder h\u00e4r n\u00e5got annat. Det betyder inte: trevlig, [&hellip;]","og_url":"https:\/\/nederlandsetempeliers.nl\/sv\/langfredagen\/","og_site_name":"Nederlandse Tempeliers","article_modified_time":"2026-04-02T20:31:39+00:00","og_image":[{"width":1600,"height":711,"url":"https:\/\/nederlandsetempeliers.nl\/wp-content\/uploads\/WhatsApp-Image-2026-04-02-at-21.23.04.jpeg","type":"image\/jpeg"}],"twitter_card":"summary_large_image","twitter_misc":{"Ber\u00e4knad l\u00e4stid":"4 minuter"},"schema":{"@context":"https:\/\/schema.org","@graph":[{"@type":"WebPage","@id":"https:\/\/nederlandsetempeliers.nl\/sv\/langfredagen\/","url":"https:\/\/nederlandsetempeliers.nl\/sv\/langfredagen\/","name":"L\u00e5ngfredagen - Nederlandse Tempeliers","isPartOf":{"@id":"https:\/\/nederlandsetempeliers.nl\/sv\/#website"},"primaryImageOfPage":{"@id":"https:\/\/nederlandsetempeliers.nl\/sv\/langfredagen\/#primaryimage"},"image":{"@id":"https:\/\/nederlandsetempeliers.nl\/sv\/langfredagen\/#primaryimage"},"thumbnailUrl":"https:\/\/nederlandsetempeliers.nl\/wp-content\/uploads\/WhatsApp-Image-2026-04-02-at-21.23.04-1024x455.jpeg","datePublished":"2026-04-02T19:45:55+00:00","dateModified":"2026-04-02T20:31:39+00:00","breadcrumb":{"@id":"https:\/\/nederlandsetempeliers.nl\/sv\/langfredagen\/#breadcrumb"},"inLanguage":"sv-SE","potentialAction":[{"@type":"ReadAction","target":["https:\/\/nederlandsetempeliers.nl\/sv\/langfredagen\/"]}]},{"@type":"ImageObject","inLanguage":"sv-SE","@id":"https:\/\/nederlandsetempeliers.nl\/sv\/langfredagen\/#primaryimage","url":"https:\/\/nederlandsetempeliers.nl\/wp-content\/uploads\/WhatsApp-Image-2026-04-02-at-21.23.04-1024x455.jpeg","contentUrl":"https:\/\/nederlandsetempeliers.nl\/wp-content\/uploads\/WhatsApp-Image-2026-04-02-at-21.23.04-1024x455.jpeg"},{"@type":"BreadcrumbList","@id":"https:\/\/nederlandsetempeliers.nl\/sv\/langfredagen\/#breadcrumb","itemListElement":[{"@type":"ListItem","position":1,"name":"Home","item":"https:\/\/nederlandsetempeliers.nl\/sv\/"},{"@type":"ListItem","position":2,"name":"L\u00e5ngfredagen"}]},{"@type":"WebSite","@id":"https:\/\/nederlandsetempeliers.nl\/sv\/#website","url":"https:\/\/nederlandsetempeliers.nl\/sv\/","name":"Nederlandse Tempeliers","description":"The Black Knights Templars of Solomon","publisher":{"@id":"https:\/\/nederlandsetempeliers.nl\/sv\/#organization"},"potentialAction":[{"@type":"SearchAction","target":{"@type":"EntryPoint","urlTemplate":"https:\/\/nederlandsetempeliers.nl\/sv\/?s={search_term_string}"},"query-input":{"@type":"PropertyValueSpecification","valueRequired":true,"valueName":"search_term_string"}}],"inLanguage":"sv-SE"},{"@type":"Organization","@id":"https:\/\/nederlandsetempeliers.nl\/sv\/#organization","name":"Nederlandse Tempeliers","url":"https:\/\/nederlandsetempeliers.nl\/sv\/","logo":{"@type":"ImageObject","inLanguage":"sv-SE","@id":"https:\/\/nederlandsetempeliers.nl\/sv\/#\/schema\/logo\/image\/","url":"https:\/\/nederlandsetempeliers.nl\/wp-content\/uploads\/Dutch-order-v2.png","contentUrl":"https:\/\/nederlandsetempeliers.nl\/wp-content\/uploads\/Dutch-order-v2.png","width":687,"height":686,"caption":"Nederlandse Tempeliers"},"image":{"@id":"https:\/\/nederlandsetempeliers.nl\/sv\/#\/schema\/logo\/image\/"}}]}},"_links":{"self":[{"href":"https:\/\/nederlandsetempeliers.nl\/sv\/wp-json\/wp\/v2\/pages\/7001","targetHints":{"allow":["GET"]}}],"collection":[{"href":"https:\/\/nederlandsetempeliers.nl\/sv\/wp-json\/wp\/v2\/pages"}],"about":[{"href":"https:\/\/nederlandsetempeliers.nl\/sv\/wp-json\/wp\/v2\/types\/page"}],"author":[{"embeddable":true,"href":"https:\/\/nederlandsetempeliers.nl\/sv\/wp-json\/wp\/v2\/users\/4"}],"replies":[{"embeddable":true,"href":"https:\/\/nederlandsetempeliers.nl\/sv\/wp-json\/wp\/v2\/comments?post=7001"}],"version-history":[{"count":2,"href":"https:\/\/nederlandsetempeliers.nl\/sv\/wp-json\/wp\/v2\/pages\/7001\/revisions"}],"predecessor-version":[{"id":7003,"href":"https:\/\/nederlandsetempeliers.nl\/sv\/wp-json\/wp\/v2\/pages\/7001\/revisions\/7003"}],"wp:attachment":[{"href":"https:\/\/nederlandsetempeliers.nl\/sv\/wp-json\/wp\/v2\/media?parent=7001"}],"curies":[{"name":"wp","href":"https:\/\/api.w.org\/{rel}","templated":true}]}}