{"id":7549,"date":"2026-04-12T21:48:18","date_gmt":"2026-04-12T19:48:18","guid":{"rendered":"https:\/\/nederlandsetempeliers.nl\/stjarnorden\/"},"modified":"2026-04-12T23:34:17","modified_gmt":"2026-04-12T21:34:17","slug":"stjarnorden","status":"publish","type":"page","link":"https:\/\/nederlandsetempeliers.nl\/sv\/stjarnorden\/","title":{"rendered":"Stj\u00e4rnorden"},"content":{"rendered":"\t\t<div data-elementor-type=\"wp-page\" data-elementor-id=\"7549\" class=\"elementor elementor-7549 elementor-7486\" data-elementor-post-type=\"page\">\n\t\t\t\t<div class=\"elementor-element elementor-element-201f5c7 e-flex e-con-boxed e-con e-parent\" data-id=\"201f5c7\" data-element_type=\"container\" data-e-type=\"container\">\n\t\t\t\t\t<div class=\"e-con-inner\">\n\t\t\t\t<div class=\"elementor-element elementor-element-dbb0d10 elementor-widget elementor-widget-image\" data-id=\"dbb0d10\" data-element_type=\"widget\" data-e-type=\"widget\" data-widget_type=\"image.default\">\n\t\t\t\t<div class=\"elementor-widget-container\">\n\t\t\t\t\t\t\t\t\t\t\t\t\t\t\t<img fetchpriority=\"high\" decoding=\"async\" width=\"500\" height=\"312\" src=\"https:\/\/nederlandsetempeliers.nl\/wp-content\/uploads\/6-2.jpeg\" class=\"attachment-large size-large wp-image-7545\" alt=\"orde van de ster 2\" srcset=\"https:\/\/nederlandsetempeliers.nl\/wp-content\/uploads\/6-2.jpeg 500w, https:\/\/nederlandsetempeliers.nl\/wp-content\/uploads\/6-2-300x187.jpeg 300w\" sizes=\"(max-width: 500px) 100vw, 500px\" \/>\t\t\t\t\t\t\t\t\t\t\t\t\t\t\t<\/div>\n\t\t\t\t<\/div>\n\t\t\t\t\t<\/div>\n\t\t\t\t<\/div>\n\t\t<div class=\"elementor-element elementor-element-051c7de e-flex e-con-boxed e-con e-parent\" data-id=\"051c7de\" data-element_type=\"container\" data-e-type=\"container\">\n\t\t\t\t\t<div class=\"e-con-inner\">\n\t\t\t\t<div class=\"elementor-element elementor-element-0b3f57a elementor-widget elementor-widget-heading\" data-id=\"0b3f57a\" data-element_type=\"widget\" data-e-type=\"widget\" data-widget_type=\"heading.default\">\n\t\t\t\t<div class=\"elementor-widget-container\">\n\t\t\t\t\t<h2 class=\"elementor-heading-title elementor-size-default\">Stj\u00e4rnorden<\/h2>\t\t\t\t<\/div>\n\t\t\t\t<\/div>\n\t\t\t\t\t<\/div>\n\t\t\t\t<\/div>\n\t\t<div class=\"elementor-element elementor-element-216d01b e-flex e-con-boxed e-con e-parent\" data-id=\"216d01b\" data-element_type=\"container\" data-e-type=\"container\">\n\t\t\t\t\t<div class=\"e-con-inner\">\n\t\t\t\t<div class=\"elementor-element elementor-element-2a42c7e elementor-widget elementor-widget-text-editor\" data-id=\"2a42c7e\" data-element_type=\"widget\" data-e-type=\"widget\" data-widget_type=\"text-editor.default\">\n\t\t\t\t<div class=\"elementor-widget-container\">\n\t\t\t\t\t\t\t\t\t<p style=\"text-align: center;\"><strong>\u2720 N\u00e4r en orden saknar grundval \u2720 Inte varje riddarorden var byggd f\u00f6r att best\u00e5 \u2720<\/strong><\/p>\t\t\t\t\t\t\t\t<\/div>\n\t\t\t\t<\/div>\n\t\t\t\t\t<\/div>\n\t\t\t\t<\/div>\n\t\t<div class=\"elementor-element elementor-element-7a99f0e e-flex e-con-boxed e-con e-parent\" data-id=\"7a99f0e\" data-element_type=\"container\" data-e-type=\"container\">\n\t\t\t\t\t<div class=\"e-con-inner\">\n\t\t\t\t<div class=\"elementor-element elementor-element-9d6847f elementor-widget elementor-widget-text-editor\" data-id=\"9d6847f\" data-element_type=\"widget\" data-e-type=\"widget\" data-widget_type=\"text-editor.default\">\n\t\t\t\t<div class=\"elementor-widget-container\">\n\t\t\t\t\t\t\t\t\t<p>Den 16 november 1351 grundade den franske kungen Jean le Bon Stj\u00e4rnorden. <br>Ett br\u00f6draskap av riddare, avsett som en motsvarighet till den engelska Strumpebandsorden.<br>Deras symbol var en silverstj\u00e4rna (\u00e9toile) med \u00e5tta str\u00e5lar \u2014 silver som tecken p\u00e5 renhet, medan betydelsen av str\u00e5larna inte \u00e4r entydigt bevarad. <br><br>Orden var till\u00e4gnad Jungfru Maria och knuten till det kungliga hovet.<br>Kungen ville samla en elitgrupp av riddare omkring sig.<br>Orden f\u00f6rblev relativt liten, med omkring hundra riddare.<br>Deras valspr\u00e5k var: Monstrant regibus astra viam \u2014<br>Stj\u00e4rnorna visar kungarna v\u00e4gen.   <br><br>Det l\u00e4t storslaget.<br>\u00c4rofyllt.<br>N\u00e4stan upph\u00f6jt.<br><br>Men det som saknades var det som en orden verkligen vilar p\u00e5.<br>Stj\u00e4rnordens riddare avlade en ed att aldrig fly i strid.<br>En ed utan nyanser \u2014 utan en djupare buren regel.<br>N\u00e4r de 1356 stod inf\u00f6r fienden vid slaget vid Poitiers, h\u00f6ll de sitt ord.<br>De stod kvar.<br>Och de f\u00f6ll.  <br><br>Orden drabbades h\u00e5rt d\u00e4r och f\u00f6rlorade en stor del av sin kraft. Efter slaget kollapsade den i praktiken och \u00e5teruppbyggdes aldrig. Inte p\u00e5 grund av brist p\u00e5 mod\u2026 utan p\u00e5 grund av avsaknaden av en fast grund. F\u00f6r d\u00e4r det saknas en genomt\u00e4nkt regel, kan \u00e4ven trohet till en ed leda till underg\u00e5ng.   <br><br>Tempelriddarna valde en annan v\u00e4g.<br>De byggde sitt liv p\u00e5 regel, disciplin och lydnad.<br>Inte en enda ed\u2026 utan sjuttiotv\u00e5 regler formade deras liv.<br>Ordens grundval.<\/p><p><br><strong>Regler \u00e4r inte en begr\u00e4nsning \u2014 de \u00e4r ett skydd.<\/strong><\/p>\t\t\t\t\t\t\t\t<\/div>\n\t\t\t\t<\/div>\n\t\t\t\t\t<\/div>\n\t\t\t\t<\/div>\n\t\t<div class=\"elementor-element elementor-element-1b541c0 e-flex e-con-boxed e-con e-parent\" data-id=\"1b541c0\" data-element_type=\"container\" data-e-type=\"container\">\n\t\t\t\t\t<div class=\"e-con-inner\">\n\t\t\t\t<div class=\"elementor-element elementor-element-e1a8f9c elementor-widget elementor-widget-image\" data-id=\"e1a8f9c\" data-element_type=\"widget\" data-e-type=\"widget\" data-widget_type=\"image.default\">\n\t\t\t\t<div class=\"elementor-widget-container\">\n\t\t\t\t\t\t\t\t\t\t\t\t\t\t\t<img decoding=\"async\" width=\"632\" height=\"955\" src=\"https:\/\/nederlandsetempeliers.nl\/wp-content\/uploads\/10.jpeg\" class=\"attachment-large size-large wp-image-7546\" alt=\"Stj\u00e4rnorden\" srcset=\"https:\/\/nederlandsetempeliers.nl\/wp-content\/uploads\/10.jpeg 632w, https:\/\/nederlandsetempeliers.nl\/wp-content\/uploads\/10-199x300.jpeg 199w\" sizes=\"(max-width: 632px) 100vw, 632px\" \/>\t\t\t\t\t\t\t\t\t\t\t\t\t\t\t<\/div>\n\t\t\t\t<\/div>\n\t\t\t\t\t<\/div>\n\t\t\t\t<\/div>\n\t\t<div class=\"elementor-element elementor-element-d596651 e-flex e-con-boxed e-con e-parent\" data-id=\"d596651\" data-element_type=\"container\" data-e-type=\"container\">\n\t\t\t\t\t<div class=\"e-con-inner\">\n\t\t\t\t<div class=\"elementor-element elementor-element-85372a9 elementor-widget elementor-widget-text-editor\" data-id=\"85372a9\" data-element_type=\"widget\" data-e-type=\"widget\" data-widget_type=\"text-editor.default\">\n\t\t\t\t<div class=\"elementor-widget-container\">\n\t\t\t\t\t\t\t\t\t<p>Denna kr\u00f6nika beskriver en milit\u00e4r h\u00e4ndelse, ett slag. Man ser: hertigen av Lancaster, hertigen av Bretagne, strider i Normandie, m\u00e5nga d\u00f6da (\u201cfurent occis\u201d) och de efterf\u00f6ljande f\u00f6rhandlingarna. Med andra ord: en direkt skildring \u2014 historia i tillblivelse.   <br>De satt vid bordet som br\u00f6der\u2026 men bars inte av n\u00e5gon regel.<\/p>\t\t\t\t\t\t\t\t<\/div>\n\t\t\t\t<\/div>\n\t\t\t\t\t<\/div>\n\t\t\t\t<\/div>\n\t\t<div class=\"elementor-element elementor-element-33373ef e-flex e-con-boxed e-con e-parent\" data-id=\"33373ef\" data-element_type=\"container\" data-e-type=\"container\">\n\t\t\t\t\t<div class=\"e-con-inner\">\n\t\t\t\t<div class=\"elementor-element elementor-element-d8fe4a6 elementor-widget elementor-widget-image\" data-id=\"d8fe4a6\" data-element_type=\"widget\" data-e-type=\"widget\" data-widget_type=\"image.default\">\n\t\t\t\t<div class=\"elementor-widget-container\">\n\t\t\t\t\t\t\t\t\t\t\t\t\t\t\t<img decoding=\"async\" width=\"731\" height=\"263\" src=\"https:\/\/nederlandsetempeliers.nl\/wp-content\/uploads\/2-2.jpeg\" class=\"attachment-large size-large wp-image-7547\" alt=\"inkunabeltext\" srcset=\"https:\/\/nederlandsetempeliers.nl\/wp-content\/uploads\/2-2.jpeg 731w, https:\/\/nederlandsetempeliers.nl\/wp-content\/uploads\/2-2-300x108.jpeg 300w\" sizes=\"(max-width: 731px) 100vw, 731px\" \/>\t\t\t\t\t\t\t\t\t\t\t\t\t\t\t<\/div>\n\t\t\t\t<\/div>\n\t\t\t\t\t<\/div>\n\t\t\t\t<\/div>\n\t\t<div class=\"elementor-element elementor-element-a6d4985 e-flex e-con-boxed e-con e-parent\" data-id=\"a6d4985\" data-element_type=\"container\" data-e-type=\"container\">\n\t\t\t\t\t<div class=\"e-con-inner\">\n\t\t\t\t<div class=\"elementor-element elementor-element-a9f8f0e elementor-widget elementor-widget-image\" data-id=\"a9f8f0e\" data-element_type=\"widget\" data-e-type=\"widget\" data-widget_type=\"image.default\">\n\t\t\t\t<div class=\"elementor-widget-container\">\n\t\t\t\t\t\t\t\t\t\t\t\t\t\t\t<img loading=\"lazy\" decoding=\"async\" width=\"501\" height=\"233\" src=\"https:\/\/nederlandsetempeliers.nl\/wp-content\/uploads\/3-2.jpeg\" class=\"attachment-large size-large wp-image-7548\" alt=\"\u00f6vers\u00e4ttning\" srcset=\"https:\/\/nederlandsetempeliers.nl\/wp-content\/uploads\/3-2.jpeg 501w, https:\/\/nederlandsetempeliers.nl\/wp-content\/uploads\/3-2-300x140.jpeg 300w\" sizes=\"(max-width: 501px) 100vw, 501px\" \/>\t\t\t\t\t\t\t\t\t\t\t\t\t\t\t<\/div>\n\t\t\t\t<\/div>\n\t\t\t\t\t<\/div>\n\t\t\t\t<\/div>\n\t\t<div class=\"elementor-element elementor-element-1942bf4 e-flex e-con-boxed e-con e-parent\" data-id=\"1942bf4\" data-element_type=\"container\" data-e-type=\"container\">\n\t\t\t\t\t<div class=\"e-con-inner\">\n\t\t\t\t<div class=\"elementor-element elementor-element-34ad5a9 elementor-widget elementor-widget-text-editor\" data-id=\"34ad5a9\" data-element_type=\"widget\" data-e-type=\"widget\" data-widget_type=\"text-editor.default\">\n\t\t\t\t<div class=\"elementor-widget-container\">\n\t\t\t\t\t\t\t\t\t<p>\u00d6vers\u00e4ttning: Hur hertigen av Lancaster och hertigen av Bretagne anl\u00e4nde till Harfleur med sina skepp, medan de h\u00f6ll kungen f\u00e5ngen \u2014 men kungen lyckades fly.<br>I detta slag d\u00f6dades och besegrades hertigarna av Bretagne, tillsammans med sina vasaller och m\u00e5nga andra adelsm\u00e4n, b\u00e5de fr\u00e5n England och Skottland, liksom tappra m\u00e4n fr\u00e5n Frankrikes rike.<br>\ud83d\udc49 N\u00e4r det g\u00e4ller Frankrikes kung och hans m\u00e4n: efter sv\u00e5ra f\u00f6rluster kallade han hertigen av Bretagne till sig f\u00f6r att tala med honom\u2026<\/p>\t\t\t\t\t\t\t\t<\/div>\n\t\t\t\t<\/div>\n\t\t\t\t\t<\/div>\n\t\t\t\t<\/div>\n\t\t\t\t<\/div>\n\t\t","protected":false},"excerpt":{"rendered":"<p>Stj\u00e4rnorden \u2720 N\u00e4r en orden saknar grundval \u2720 Inte varje riddarorden var byggd f\u00f6r att best\u00e5 \u2720 Den 16 november 1351 grundade den franske kungen Jean le Bon Stj\u00e4rnorden. Ett [&hellip;]<\/p>\n","protected":false},"author":4,"featured_media":0,"parent":0,"menu_order":0,"comment_status":"closed","ping_status":"closed","template":"","meta":{"footnotes":""},"class_list":["post-7549","page","type-page","status-publish","hentry"],"yoast_head":"<!-- This site is optimized with the Yoast SEO plugin v27.2 - https:\/\/yoast.com\/product\/yoast-seo-wordpress\/ -->\n<title>Stj\u00e4rnorden - Nederlandse Tempeliers<\/title>\n<meta name=\"robots\" content=\"index, follow, max-snippet:-1, max-image-preview:large, max-video-preview:-1\" \/>\n<link rel=\"canonical\" href=\"https:\/\/nederlandsetempeliers.nl\/sv\/stjarnorden\/\" \/>\n<meta property=\"og:locale\" content=\"sv_SE\" \/>\n<meta property=\"og:type\" content=\"article\" \/>\n<meta property=\"og:title\" content=\"Stj\u00e4rnorden - Nederlandse Tempeliers\" \/>\n<meta property=\"og:description\" content=\"Stj\u00e4rnorden \u2720 N\u00e4r en orden saknar grundval \u2720 Inte varje riddarorden var byggd f\u00f6r att best\u00e5 \u2720 Den 16 november 1351 grundade den franske kungen Jean le Bon Stj\u00e4rnorden. Ett [&hellip;]\" \/>\n<meta property=\"og:url\" content=\"https:\/\/nederlandsetempeliers.nl\/sv\/stjarnorden\/\" \/>\n<meta property=\"og:site_name\" content=\"Nederlandse Tempeliers\" \/>\n<meta property=\"article:modified_time\" content=\"2026-04-12T21:34:17+00:00\" \/>\n<meta property=\"og:image\" content=\"https:\/\/nederlandsetempeliers.nl\/wp-content\/uploads\/6-2.jpeg\" \/>\n\t<meta property=\"og:image:width\" content=\"500\" \/>\n\t<meta property=\"og:image:height\" content=\"312\" \/>\n\t<meta property=\"og:image:type\" content=\"image\/jpeg\" \/>\n<meta name=\"twitter:card\" content=\"summary_large_image\" \/>\n<meta name=\"twitter:label1\" content=\"Ber\u00e4knad l\u00e4stid\" \/>\n\t<meta name=\"twitter:data1\" content=\"2 minuter\" \/>\n<script type=\"application\/ld+json\" class=\"yoast-schema-graph\">{\"@context\":\"https:\/\/schema.org\",\"@graph\":[{\"@type\":\"WebPage\",\"@id\":\"https:\/\/nederlandsetempeliers.nl\/sv\/stjarnorden\/\",\"url\":\"https:\/\/nederlandsetempeliers.nl\/sv\/stjarnorden\/\",\"name\":\"Stj\u00e4rnorden - Nederlandse Tempeliers\",\"isPartOf\":{\"@id\":\"https:\/\/nederlandsetempeliers.nl\/sv\/#website\"},\"primaryImageOfPage\":{\"@id\":\"https:\/\/nederlandsetempeliers.nl\/sv\/stjarnorden\/#primaryimage\"},\"image\":{\"@id\":\"https:\/\/nederlandsetempeliers.nl\/sv\/stjarnorden\/#primaryimage\"},\"thumbnailUrl\":\"https:\/\/nederlandsetempeliers.nl\/wp-content\/uploads\/6-2.jpeg\",\"datePublished\":\"2026-04-12T19:48:18+00:00\",\"dateModified\":\"2026-04-12T21:34:17+00:00\",\"breadcrumb\":{\"@id\":\"https:\/\/nederlandsetempeliers.nl\/sv\/stjarnorden\/#breadcrumb\"},\"inLanguage\":\"sv-SE\",\"potentialAction\":[{\"@type\":\"ReadAction\",\"target\":[\"https:\/\/nederlandsetempeliers.nl\/sv\/stjarnorden\/\"]}]},{\"@type\":\"ImageObject\",\"inLanguage\":\"sv-SE\",\"@id\":\"https:\/\/nederlandsetempeliers.nl\/sv\/stjarnorden\/#primaryimage\",\"url\":\"https:\/\/nederlandsetempeliers.nl\/wp-content\/uploads\/6-2.jpeg\",\"contentUrl\":\"https:\/\/nederlandsetempeliers.nl\/wp-content\/uploads\/6-2.jpeg\"},{\"@type\":\"BreadcrumbList\",\"@id\":\"https:\/\/nederlandsetempeliers.nl\/sv\/stjarnorden\/#breadcrumb\",\"itemListElement\":[{\"@type\":\"ListItem\",\"position\":1,\"name\":\"Home\",\"item\":\"https:\/\/nederlandsetempeliers.nl\/sv\/\"},{\"@type\":\"ListItem\",\"position\":2,\"name\":\"Stj\u00e4rnorden\"}]},{\"@type\":\"WebSite\",\"@id\":\"https:\/\/nederlandsetempeliers.nl\/sv\/#website\",\"url\":\"https:\/\/nederlandsetempeliers.nl\/sv\/\",\"name\":\"Nederlandse Tempeliers\",\"description\":\"The Black Knights Templars of Solomon\",\"publisher\":{\"@id\":\"https:\/\/nederlandsetempeliers.nl\/sv\/#organization\"},\"potentialAction\":[{\"@type\":\"SearchAction\",\"target\":{\"@type\":\"EntryPoint\",\"urlTemplate\":\"https:\/\/nederlandsetempeliers.nl\/sv\/?s={search_term_string}\"},\"query-input\":{\"@type\":\"PropertyValueSpecification\",\"valueRequired\":true,\"valueName\":\"search_term_string\"}}],\"inLanguage\":\"sv-SE\"},{\"@type\":\"Organization\",\"@id\":\"https:\/\/nederlandsetempeliers.nl\/sv\/#organization\",\"name\":\"Nederlandse Tempeliers\",\"url\":\"https:\/\/nederlandsetempeliers.nl\/sv\/\",\"logo\":{\"@type\":\"ImageObject\",\"inLanguage\":\"sv-SE\",\"@id\":\"https:\/\/nederlandsetempeliers.nl\/sv\/#\/schema\/logo\/image\/\",\"url\":\"https:\/\/nederlandsetempeliers.nl\/wp-content\/uploads\/Dutch-order-v2.png\",\"contentUrl\":\"https:\/\/nederlandsetempeliers.nl\/wp-content\/uploads\/Dutch-order-v2.png\",\"width\":687,\"height\":686,\"caption\":\"Nederlandse Tempeliers\"},\"image\":{\"@id\":\"https:\/\/nederlandsetempeliers.nl\/sv\/#\/schema\/logo\/image\/\"}}]}<\/script>\n<!-- \/ Yoast SEO plugin. -->","yoast_head_json":{"title":"Stj\u00e4rnorden - Nederlandse Tempeliers","robots":{"index":"index","follow":"follow","max-snippet":"max-snippet:-1","max-image-preview":"max-image-preview:large","max-video-preview":"max-video-preview:-1"},"canonical":"https:\/\/nederlandsetempeliers.nl\/sv\/stjarnorden\/","og_locale":"sv_SE","og_type":"article","og_title":"Stj\u00e4rnorden - Nederlandse Tempeliers","og_description":"Stj\u00e4rnorden \u2720 N\u00e4r en orden saknar grundval \u2720 Inte varje riddarorden var byggd f\u00f6r att best\u00e5 \u2720 Den 16 november 1351 grundade den franske kungen Jean le Bon Stj\u00e4rnorden. Ett [&hellip;]","og_url":"https:\/\/nederlandsetempeliers.nl\/sv\/stjarnorden\/","og_site_name":"Nederlandse Tempeliers","article_modified_time":"2026-04-12T21:34:17+00:00","og_image":[{"width":500,"height":312,"url":"https:\/\/nederlandsetempeliers.nl\/wp-content\/uploads\/6-2.jpeg","type":"image\/jpeg"}],"twitter_card":"summary_large_image","twitter_misc":{"Ber\u00e4knad l\u00e4stid":"2 minuter"},"schema":{"@context":"https:\/\/schema.org","@graph":[{"@type":"WebPage","@id":"https:\/\/nederlandsetempeliers.nl\/sv\/stjarnorden\/","url":"https:\/\/nederlandsetempeliers.nl\/sv\/stjarnorden\/","name":"Stj\u00e4rnorden - Nederlandse Tempeliers","isPartOf":{"@id":"https:\/\/nederlandsetempeliers.nl\/sv\/#website"},"primaryImageOfPage":{"@id":"https:\/\/nederlandsetempeliers.nl\/sv\/stjarnorden\/#primaryimage"},"image":{"@id":"https:\/\/nederlandsetempeliers.nl\/sv\/stjarnorden\/#primaryimage"},"thumbnailUrl":"https:\/\/nederlandsetempeliers.nl\/wp-content\/uploads\/6-2.jpeg","datePublished":"2026-04-12T19:48:18+00:00","dateModified":"2026-04-12T21:34:17+00:00","breadcrumb":{"@id":"https:\/\/nederlandsetempeliers.nl\/sv\/stjarnorden\/#breadcrumb"},"inLanguage":"sv-SE","potentialAction":[{"@type":"ReadAction","target":["https:\/\/nederlandsetempeliers.nl\/sv\/stjarnorden\/"]}]},{"@type":"ImageObject","inLanguage":"sv-SE","@id":"https:\/\/nederlandsetempeliers.nl\/sv\/stjarnorden\/#primaryimage","url":"https:\/\/nederlandsetempeliers.nl\/wp-content\/uploads\/6-2.jpeg","contentUrl":"https:\/\/nederlandsetempeliers.nl\/wp-content\/uploads\/6-2.jpeg"},{"@type":"BreadcrumbList","@id":"https:\/\/nederlandsetempeliers.nl\/sv\/stjarnorden\/#breadcrumb","itemListElement":[{"@type":"ListItem","position":1,"name":"Home","item":"https:\/\/nederlandsetempeliers.nl\/sv\/"},{"@type":"ListItem","position":2,"name":"Stj\u00e4rnorden"}]},{"@type":"WebSite","@id":"https:\/\/nederlandsetempeliers.nl\/sv\/#website","url":"https:\/\/nederlandsetempeliers.nl\/sv\/","name":"Nederlandse Tempeliers","description":"The Black Knights Templars of Solomon","publisher":{"@id":"https:\/\/nederlandsetempeliers.nl\/sv\/#organization"},"potentialAction":[{"@type":"SearchAction","target":{"@type":"EntryPoint","urlTemplate":"https:\/\/nederlandsetempeliers.nl\/sv\/?s={search_term_string}"},"query-input":{"@type":"PropertyValueSpecification","valueRequired":true,"valueName":"search_term_string"}}],"inLanguage":"sv-SE"},{"@type":"Organization","@id":"https:\/\/nederlandsetempeliers.nl\/sv\/#organization","name":"Nederlandse Tempeliers","url":"https:\/\/nederlandsetempeliers.nl\/sv\/","logo":{"@type":"ImageObject","inLanguage":"sv-SE","@id":"https:\/\/nederlandsetempeliers.nl\/sv\/#\/schema\/logo\/image\/","url":"https:\/\/nederlandsetempeliers.nl\/wp-content\/uploads\/Dutch-order-v2.png","contentUrl":"https:\/\/nederlandsetempeliers.nl\/wp-content\/uploads\/Dutch-order-v2.png","width":687,"height":686,"caption":"Nederlandse Tempeliers"},"image":{"@id":"https:\/\/nederlandsetempeliers.nl\/sv\/#\/schema\/logo\/image\/"}}]}},"_links":{"self":[{"href":"https:\/\/nederlandsetempeliers.nl\/sv\/wp-json\/wp\/v2\/pages\/7549","targetHints":{"allow":["GET"]}}],"collection":[{"href":"https:\/\/nederlandsetempeliers.nl\/sv\/wp-json\/wp\/v2\/pages"}],"about":[{"href":"https:\/\/nederlandsetempeliers.nl\/sv\/wp-json\/wp\/v2\/types\/page"}],"author":[{"embeddable":true,"href":"https:\/\/nederlandsetempeliers.nl\/sv\/wp-json\/wp\/v2\/users\/4"}],"replies":[{"embeddable":true,"href":"https:\/\/nederlandsetempeliers.nl\/sv\/wp-json\/wp\/v2\/comments?post=7549"}],"version-history":[{"count":2,"href":"https:\/\/nederlandsetempeliers.nl\/sv\/wp-json\/wp\/v2\/pages\/7549\/revisions"}],"predecessor-version":[{"id":7551,"href":"https:\/\/nederlandsetempeliers.nl\/sv\/wp-json\/wp\/v2\/pages\/7549\/revisions\/7551"}],"wp:attachment":[{"href":"https:\/\/nederlandsetempeliers.nl\/sv\/wp-json\/wp\/v2\/media?parent=7549"}],"curies":[{"name":"wp","href":"https:\/\/api.w.org\/{rel}","templated":true}]}}