{"id":9762,"date":"2026-05-09T22:03:15","date_gmt":"2026-05-09T20:03:15","guid":{"rendered":"https:\/\/nederlandsetempeliers.nl\/sankta-anna\/"},"modified":"2026-05-09T23:28:34","modified_gmt":"2026-05-09T21:28:34","slug":"sankta-anna","status":"publish","type":"page","link":"https:\/\/nederlandsetempeliers.nl\/sv\/sankta-anna\/","title":{"rendered":"Sankta Anna"},"content":{"rendered":"\t\t<div data-elementor-type=\"wp-page\" data-elementor-id=\"9762\" class=\"elementor elementor-9762 elementor-9734\" data-elementor-post-type=\"page\">\n\t\t\t\t<div class=\"elementor-element elementor-element-6d255f1 e-flex e-con-boxed e-con e-parent\" data-id=\"6d255f1\" data-element_type=\"container\" data-e-type=\"container\">\n\t\t\t\t\t<div class=\"e-con-inner\">\n\t\t\t\t<div class=\"elementor-element elementor-element-3c0d3ee elementor-widget elementor-widget-image\" data-id=\"3c0d3ee\" data-element_type=\"widget\" data-e-type=\"widget\" data-widget_type=\"image.default\">\n\t\t\t\t<div class=\"elementor-widget-container\">\n\t\t\t\t\t\t\t\t\t\t\t\t\t\t\t<img fetchpriority=\"high\" decoding=\"async\" width=\"800\" height=\"1000\" src=\"https:\/\/nederlandsetempeliers.nl\/wp-content\/uploads\/Sint-Anna-819x1024.jpeg\" class=\"attachment-large size-large wp-image-9752\" alt=\"Sint Anna\" srcset=\"https:\/\/nederlandsetempeliers.nl\/wp-content\/uploads\/Sint-Anna-819x1024.jpeg 819w, https:\/\/nederlandsetempeliers.nl\/wp-content\/uploads\/Sint-Anna-240x300.jpeg 240w, https:\/\/nederlandsetempeliers.nl\/wp-content\/uploads\/Sint-Anna-768x960.jpeg 768w, https:\/\/nederlandsetempeliers.nl\/wp-content\/uploads\/Sint-Anna.jpeg 1122w\" sizes=\"(max-width: 800px) 100vw, 800px\" \/>\t\t\t\t\t\t\t\t\t\t\t\t\t\t\t<\/div>\n\t\t\t\t<\/div>\n\t\t\t\t\t<\/div>\n\t\t\t\t<\/div>\n\t\t<div class=\"elementor-element elementor-element-439ccac e-flex e-con-boxed e-con e-parent\" data-id=\"439ccac\" data-element_type=\"container\" data-e-type=\"container\">\n\t\t\t\t\t<div class=\"e-con-inner\">\n\t\t\t\t<div class=\"elementor-element elementor-element-47fb4dc elementor-widget elementor-widget-text-editor\" data-id=\"47fb4dc\" data-element_type=\"widget\" data-e-type=\"widget\" data-widget_type=\"text-editor.default\">\n\t\t\t\t<div class=\"elementor-widget-container\">\n\t\t\t\t\t\t\t\t\t<p><strong>Sankta Anna<br><\/strong><br>Sankta Anna \u2013 p\u00e5 hebreiska: Hannah \u2013 vilket betyder \u201dn\u00e5d\u201d. Hennes h\u00f6gtidsdag infaller den 26 juli \u2013 eller den 9 september i den \u00f6stliga kyrkan. <br><br>Hon \u00e4r Marias moder och d\u00e4rmed Jesu mormor. Hennes make hette Joakim. Under medeltiden var v\u00f6rdnaden f\u00f6r Sankta Anna mycket \u00e4lskad. Hon betraktades som skyddshelgon f\u00f6r m\u00f6drar, kvinnor i barns\u00e4ng och familjer. M\u00e4nniskor bad till henne om beskydd, h\u00e4lsa och ett tryggt hem.<br>I ikoner och avbildningar framst\u00e4lls hon ofta med en r\u00f6d mantel \u2013 en symbol f\u00f6r k\u00e4rlek, liv och beskydd.    <br><br>En v\u00e4lk\u00e4nd framst\u00e4llning fr\u00e5n medeltiden \u00e4r \u201dAnna sj\u00e4lv tredje\u201d. D\u00e4r ser vi Anna, Maria och Jesusbarnet avbildade tillsammans. Det symboliserade familjeband, beskydd, uppfostran, trons \u00f6verf\u00f6ring och samh\u00f6righeten mellan generationerna.<br>Som Jesu mormor f\u00f6rkroppsligar Anna f\u00f6rbindelsen mellan det Gamla och det Nya f\u00f6rbundet. I henne s\u00e5g m\u00e4nniskor n\u00e5got djupt m\u00e4nskligt: modersk\u00e4rlek, beskydd, visdom, uppfostran och l\u00e4nken mellan generationerna.   <\/p>\t\t\t\t\t\t\t\t<\/div>\n\t\t\t\t<\/div>\n\t\t\t\t\t<\/div>\n\t\t\t\t<\/div>\n\t\t<div class=\"elementor-element elementor-element-95246b6 e-con-full e-flex e-con e-parent\" data-id=\"95246b6\" data-element_type=\"container\" data-e-type=\"container\">\n\t\t<div class=\"elementor-element elementor-element-1ffb3ec e-con-full e-flex e-con e-child\" data-id=\"1ffb3ec\" data-element_type=\"container\" data-e-type=\"container\">\n\t\t\t\t<div class=\"elementor-element elementor-element-3985292 elementor-widget elementor-widget-image\" data-id=\"3985292\" data-element_type=\"widget\" data-e-type=\"widget\" data-widget_type=\"image.default\">\n\t\t\t\t<div class=\"elementor-widget-container\">\n\t\t\t\t\t\t\t\t\t\t\t\t\t\t\t<img decoding=\"async\" width=\"300\" height=\"283\" src=\"https:\/\/nederlandsetempeliers.nl\/wp-content\/uploads\/presentatie-van-Maria-300x283.jpeg\" class=\"attachment-medium size-medium wp-image-9738\" alt=\"presentatie van Maria\" srcset=\"https:\/\/nederlandsetempeliers.nl\/wp-content\/uploads\/presentatie-van-Maria-300x283.jpeg 300w, https:\/\/nederlandsetempeliers.nl\/wp-content\/uploads\/presentatie-van-Maria-768x723.jpeg 768w, https:\/\/nederlandsetempeliers.nl\/wp-content\/uploads\/presentatie-van-Maria.jpeg 893w\" sizes=\"(max-width: 300px) 100vw, 300px\" \/>\t\t\t\t\t\t\t\t\t\t\t\t\t\t\t<\/div>\n\t\t\t\t<\/div>\n\t\t\t\t<\/div>\n\t\t<div class=\"elementor-element elementor-element-43ae9c8 e-con-full e-flex e-con e-child\" data-id=\"43ae9c8\" data-element_type=\"container\" data-e-type=\"container\">\n\t\t<div class=\"elementor-element elementor-element-2e6e27e e-con-full e-flex e-con e-child\" data-id=\"2e6e27e\" data-element_type=\"container\" data-e-type=\"container\">\n\t\t\t\t<div class=\"elementor-element elementor-element-8802be5 elementor-widget elementor-widget-text-editor\" data-id=\"8802be5\" data-element_type=\"widget\" data-e-type=\"widget\" data-widget_type=\"text-editor.default\">\n\t\t\t\t<div class=\"elementor-widget-container\">\n\t\t\t\t\t\t\t\t\t<p>Enligt gamla traditioner visade sig en \u00e4ngel f\u00f6r Anna med budskapet att hon skulle f\u00e5 ett barn. Det barnet skulle vigas \u00e5t Gud. Enligt traditionen f\u00f6rde Anna sin dotter Maria till templet i Jerusalem i ung \u00e5lder, f\u00f6r att d\u00e4r leva i Herrens tj\u00e4nst.  <\/p>\t\t\t\t\t\t\t\t<\/div>\n\t\t\t\t<\/div>\n\t\t\t\t<\/div>\n\t\t<div class=\"elementor-element elementor-element-cc71334 e-con-full e-flex e-con e-child\" data-id=\"cc71334\" data-element_type=\"container\" data-e-type=\"container\">\n\t\t\t\t<div class=\"elementor-element elementor-element-c65ad31 elementor-widget elementor-widget-text-editor\" data-id=\"c65ad31\" data-element_type=\"widget\" data-e-type=\"widget\" data-widget_type=\"text-editor.default\">\n\t\t\t\t<div class=\"elementor-widget-container\">\n\t\t\t\t\t\t\t\t\t<pre>\ud83d\udc48\ud83c\udffb Marias framb\u00e4rande i templet i Jerusalem<\/pre>\t\t\t\t\t\t\t\t<\/div>\n\t\t\t\t<\/div>\n\t\t\t\t<\/div>\n\t\t\t\t<\/div>\n\t\t\t\t<\/div>\n\t\t<div class=\"elementor-element elementor-element-17491ad e-flex e-con-boxed e-con e-parent\" data-id=\"17491ad\" data-element_type=\"container\" data-e-type=\"container\">\n\t\t\t\t\t<div class=\"e-con-inner\">\n\t\t\t\t<div class=\"elementor-element elementor-element-0c89ca1 elementor-widget elementor-widget-text-editor\" data-id=\"0c89ca1\" data-element_type=\"widget\" data-e-type=\"widget\" data-widget_type=\"text-editor.default\">\n\t\t\t\t<div class=\"elementor-widget-container\">\n\t\t\t\t\t\t\t\t\t<p>I den medeltida f\u00f6rest\u00e4llningsv\u00e4rlden s\u00e5gs Sankta Anna som familjens centrum \u2014 den som f\u00f6rde vidare liv, tro och beskydd fr\u00e5n generation till generation. Under medeltiden s\u00e5g man inte bara Anna-bilder, Anna-ljus och Anna-altaren i kyrkorna, utan ocks\u00e5 i m\u00e4nniskors hem \u2014 s\u00e5 bad man till henne.<br><br>Ofta omgiven av vita liljor. De vita liljor som ofta avbildas tillsammans med Maria och Sankta Anna b\u00e4r p\u00e5 en djupare betydelse. Under medeltiden var en blomma aldrig bara dekoration. Den vita liljan symboliserade renhet, ljus, h\u00e4ngivenhet och andlig renhet. S\u00e4rskilt hos Maria \u00e5terkommer liljan st\u00e4ndigt som ett tecken p\u00e5 hennes f\u00f6rbindelse med Gud. P\u00e5 s\u00e5 s\u00e4tt talade under medeltiden inte bara ordet \u2014 utan \u00e4ven f\u00e4rg, blomma och symbol.      <br><br>Den heliga Annas namnsdag \u00e4r den 26 juli och firades med processioner, m\u00e4ssor, ljus och b\u00f6ner f\u00f6r m\u00f6drar, familjer och barn.<\/p><p><br>S\u00e5 hedras Jungfru Maria varje \u00e5r med den stora Maria Ommeg\u00e5ngen i Bergen op Zoom, med \u00f6ver 700 deltagare. I \u00e5r \u00e4ger den rum den 28 juni f\u00f6r 82:a g\u00e5ngen \u2014 en verklig rekommendation. <br><a href=\"https:\/\/mariaommegang.nl\/\">Maria Ommegang i Bergen op Zoom Nederl\u00e4nderna<\/a><\/p>\t\t\t\t\t\t\t\t<\/div>\n\t\t\t\t<\/div>\n\t\t\t\t\t<\/div>\n\t\t\t\t<\/div>\n\t\t<div class=\"elementor-element elementor-element-a44c4ad e-flex e-con-boxed e-con e-parent\" data-id=\"a44c4ad\" data-element_type=\"container\" data-e-type=\"container\">\n\t\t\t\t\t<div class=\"e-con-inner\">\n\t\t<div class=\"elementor-element elementor-element-e61e501 e-con-full e-flex e-con e-child\" data-id=\"e61e501\" data-element_type=\"container\" data-e-type=\"container\">\n\t\t\t\t<div class=\"elementor-element elementor-element-081c944 elementor-widget__width-initial elementor-widget elementor-widget-image\" data-id=\"081c944\" data-element_type=\"widget\" data-e-type=\"widget\" data-widget_type=\"image.default\">\n\t\t\t\t<div class=\"elementor-widget-container\">\n\t\t\t\t\t\t\t\t\t\t\t\t\t\t\t<img decoding=\"async\" width=\"283\" height=\"203\" src=\"https:\/\/nederlandsetempeliers.nl\/wp-content\/uploads\/Maria-Ommegang-1.jpeg\" class=\"attachment-large size-large wp-image-9739\" alt=\"Maria Ommegang 1\" \/>\t\t\t\t\t\t\t\t\t\t\t\t\t\t\t<\/div>\n\t\t\t\t<\/div>\n\t\t\t\t<\/div>\n\t\t<div class=\"elementor-element elementor-element-c3aa0d0 e-con-full e-flex e-con e-child\" data-id=\"c3aa0d0\" data-element_type=\"container\" data-e-type=\"container\">\n\t\t\t\t<div class=\"elementor-element elementor-element-5108123 elementor-widget__width-initial elementor-widget elementor-widget-image\" data-id=\"5108123\" data-element_type=\"widget\" data-e-type=\"widget\" data-widget_type=\"image.default\">\n\t\t\t\t<div class=\"elementor-widget-container\">\n\t\t\t\t\t\t\t\t\t\t\t\t\t\t\t<img loading=\"lazy\" decoding=\"async\" width=\"725\" height=\"1024\" src=\"https:\/\/nederlandsetempeliers.nl\/wp-content\/uploads\/Maria-ommegang-3-725x1024.jpeg\" class=\"attachment-large size-large wp-image-9740\" alt=\"Maria ommegang 2\" srcset=\"https:\/\/nederlandsetempeliers.nl\/wp-content\/uploads\/Maria-ommegang-3-725x1024.jpeg 725w, https:\/\/nederlandsetempeliers.nl\/wp-content\/uploads\/Maria-ommegang-3-212x300.jpeg 212w, https:\/\/nederlandsetempeliers.nl\/wp-content\/uploads\/Maria-ommegang-3-768x1085.jpeg 768w, https:\/\/nederlandsetempeliers.nl\/wp-content\/uploads\/Maria-ommegang-3-1088x1536.jpeg 1088w, https:\/\/nederlandsetempeliers.nl\/wp-content\/uploads\/Maria-ommegang-3.jpeg 1133w\" sizes=\"(max-width: 725px) 100vw, 725px\" \/>\t\t\t\t\t\t\t\t\t\t\t\t\t\t\t<\/div>\n\t\t\t\t<\/div>\n\t\t\t\t<\/div>\n\t\t<div class=\"elementor-element elementor-element-e35b9a0 e-con-full e-flex e-con e-child\" data-id=\"e35b9a0\" data-element_type=\"container\" data-e-type=\"container\">\n\t\t\t\t<div class=\"elementor-element elementor-element-970f15e elementor-widget__width-initial elementor-widget elementor-widget-image\" data-id=\"970f15e\" data-element_type=\"widget\" data-e-type=\"widget\" data-widget_type=\"image.default\">\n\t\t\t\t<div class=\"elementor-widget-container\">\n\t\t\t\t\t\t\t\t\t\t\t\t\t\t\t<img loading=\"lazy\" decoding=\"async\" width=\"447\" height=\"561\" src=\"https:\/\/nederlandsetempeliers.nl\/wp-content\/uploads\/Maria-ommegang-2.jpeg\" class=\"attachment-large size-large wp-image-9741\" alt=\"Maria ommegang 3\" srcset=\"https:\/\/nederlandsetempeliers.nl\/wp-content\/uploads\/Maria-ommegang-2.jpeg 447w, https:\/\/nederlandsetempeliers.nl\/wp-content\/uploads\/Maria-ommegang-2-239x300.jpeg 239w\" sizes=\"(max-width: 447px) 100vw, 447px\" \/>\t\t\t\t\t\t\t\t\t\t\t\t\t\t\t<\/div>\n\t\t\t\t<\/div>\n\t\t\t\t<\/div>\n\t\t<div class=\"elementor-element elementor-element-b71628d e-con-full e-flex e-con e-child\" data-id=\"b71628d\" data-element_type=\"container\" data-e-type=\"container\">\n\t\t\t\t<div class=\"elementor-element elementor-element-cda3d0d elementor-widget elementor-widget-image\" data-id=\"cda3d0d\" data-element_type=\"widget\" data-e-type=\"widget\" data-widget_type=\"image.default\">\n\t\t\t\t<div class=\"elementor-widget-container\">\n\t\t\t\t\t\t\t\t\t\t\t\t\t\t\t<img loading=\"lazy\" decoding=\"async\" width=\"396\" height=\"304\" src=\"https:\/\/nederlandsetempeliers.nl\/wp-content\/uploads\/Maria-ommegang-4.jpeg\" class=\"attachment-large size-large wp-image-9742\" alt=\"Maria ommegang 4\" srcset=\"https:\/\/nederlandsetempeliers.nl\/wp-content\/uploads\/Maria-ommegang-4.jpeg 396w, https:\/\/nederlandsetempeliers.nl\/wp-content\/uploads\/Maria-ommegang-4-300x230.jpeg 300w\" sizes=\"(max-width: 396px) 100vw, 396px\" \/>\t\t\t\t\t\t\t\t\t\t\t\t\t\t\t<\/div>\n\t\t\t\t<\/div>\n\t\t\t\t<\/div>\n\t\t\t\t\t<\/div>\n\t\t\t\t<\/div>\n\t\t\t\t<\/div>\n\t\t","protected":false},"excerpt":{"rendered":"<p>Sankta AnnaSankta Anna \u2013 p\u00e5 hebreiska: Hannah \u2013 vilket betyder \u201dn\u00e5d\u201d. Hennes h\u00f6gtidsdag infaller den 26 juli \u2013 eller den 9 september i den \u00f6stliga kyrkan. Hon \u00e4r Marias moder [&hellip;]<\/p>\n","protected":false},"author":4,"featured_media":0,"parent":0,"menu_order":0,"comment_status":"closed","ping_status":"closed","template":"","meta":{"footnotes":""},"class_list":["post-9762","page","type-page","status-publish","hentry"],"yoast_head":"<!-- This site is optimized with the Yoast SEO plugin v27.2 - https:\/\/yoast.com\/product\/yoast-seo-wordpress\/ -->\n<title>Sankta Anna - Nederlandse Tempeliers<\/title>\n<meta name=\"robots\" content=\"index, follow, max-snippet:-1, max-image-preview:large, max-video-preview:-1\" \/>\n<link rel=\"canonical\" href=\"https:\/\/nederlandsetempeliers.nl\/sv\/sankta-anna\/\" \/>\n<meta property=\"og:locale\" content=\"sv_SE\" \/>\n<meta property=\"og:type\" content=\"article\" \/>\n<meta property=\"og:title\" content=\"Sankta Anna - Nederlandse Tempeliers\" \/>\n<meta property=\"og:description\" content=\"Sankta AnnaSankta Anna \u2013 p\u00e5 hebreiska: Hannah \u2013 vilket betyder \u201dn\u00e5d\u201d. Hennes h\u00f6gtidsdag infaller den 26 juli \u2013 eller den 9 september i den \u00f6stliga kyrkan. Hon \u00e4r Marias moder [&hellip;]\" \/>\n<meta property=\"og:url\" content=\"https:\/\/nederlandsetempeliers.nl\/sv\/sankta-anna\/\" \/>\n<meta property=\"og:site_name\" content=\"Nederlandse Tempeliers\" \/>\n<meta property=\"article:modified_time\" content=\"2026-05-09T21:28:34+00:00\" \/>\n<meta property=\"og:image\" content=\"https:\/\/nederlandsetempeliers.nl\/wp-content\/uploads\/Sint-Anna.jpeg\" \/>\n\t<meta property=\"og:image:width\" content=\"1122\" \/>\n\t<meta property=\"og:image:height\" content=\"1402\" \/>\n\t<meta property=\"og:image:type\" content=\"image\/jpeg\" \/>\n<meta name=\"twitter:card\" content=\"summary_large_image\" \/>\n<meta name=\"twitter:label1\" content=\"Ber\u00e4knad l\u00e4stid\" \/>\n\t<meta name=\"twitter:data1\" content=\"2 minuter\" \/>\n<script type=\"application\/ld+json\" class=\"yoast-schema-graph\">{\"@context\":\"https:\/\/schema.org\",\"@graph\":[{\"@type\":\"WebPage\",\"@id\":\"https:\/\/nederlandsetempeliers.nl\/sv\/sankta-anna\/\",\"url\":\"https:\/\/nederlandsetempeliers.nl\/sv\/sankta-anna\/\",\"name\":\"Sankta Anna - Nederlandse Tempeliers\",\"isPartOf\":{\"@id\":\"https:\/\/nederlandsetempeliers.nl\/sv\/#website\"},\"primaryImageOfPage\":{\"@id\":\"https:\/\/nederlandsetempeliers.nl\/sv\/sankta-anna\/#primaryimage\"},\"image\":{\"@id\":\"https:\/\/nederlandsetempeliers.nl\/sv\/sankta-anna\/#primaryimage\"},\"thumbnailUrl\":\"https:\/\/nederlandsetempeliers.nl\/wp-content\/uploads\/Sint-Anna-819x1024.jpeg\",\"datePublished\":\"2026-05-09T20:03:15+00:00\",\"dateModified\":\"2026-05-09T21:28:34+00:00\",\"breadcrumb\":{\"@id\":\"https:\/\/nederlandsetempeliers.nl\/sv\/sankta-anna\/#breadcrumb\"},\"inLanguage\":\"sv-SE\",\"potentialAction\":[{\"@type\":\"ReadAction\",\"target\":[\"https:\/\/nederlandsetempeliers.nl\/sv\/sankta-anna\/\"]}]},{\"@type\":\"ImageObject\",\"inLanguage\":\"sv-SE\",\"@id\":\"https:\/\/nederlandsetempeliers.nl\/sv\/sankta-anna\/#primaryimage\",\"url\":\"https:\/\/nederlandsetempeliers.nl\/wp-content\/uploads\/Sint-Anna-819x1024.jpeg\",\"contentUrl\":\"https:\/\/nederlandsetempeliers.nl\/wp-content\/uploads\/Sint-Anna-819x1024.jpeg\"},{\"@type\":\"BreadcrumbList\",\"@id\":\"https:\/\/nederlandsetempeliers.nl\/sv\/sankta-anna\/#breadcrumb\",\"itemListElement\":[{\"@type\":\"ListItem\",\"position\":1,\"name\":\"Home\",\"item\":\"https:\/\/nederlandsetempeliers.nl\/sv\/\"},{\"@type\":\"ListItem\",\"position\":2,\"name\":\"Sankta Anna\"}]},{\"@type\":\"WebSite\",\"@id\":\"https:\/\/nederlandsetempeliers.nl\/sv\/#website\",\"url\":\"https:\/\/nederlandsetempeliers.nl\/sv\/\",\"name\":\"Nederlandse Tempeliers\",\"description\":\"The Black Knights Templars of Solomon\",\"publisher\":{\"@id\":\"https:\/\/nederlandsetempeliers.nl\/sv\/#organization\"},\"potentialAction\":[{\"@type\":\"SearchAction\",\"target\":{\"@type\":\"EntryPoint\",\"urlTemplate\":\"https:\/\/nederlandsetempeliers.nl\/sv\/?s={search_term_string}\"},\"query-input\":{\"@type\":\"PropertyValueSpecification\",\"valueRequired\":true,\"valueName\":\"search_term_string\"}}],\"inLanguage\":\"sv-SE\"},{\"@type\":\"Organization\",\"@id\":\"https:\/\/nederlandsetempeliers.nl\/sv\/#organization\",\"name\":\"Nederlandse Tempeliers\",\"url\":\"https:\/\/nederlandsetempeliers.nl\/sv\/\",\"logo\":{\"@type\":\"ImageObject\",\"inLanguage\":\"sv-SE\",\"@id\":\"https:\/\/nederlandsetempeliers.nl\/sv\/#\/schema\/logo\/image\/\",\"url\":\"https:\/\/nederlandsetempeliers.nl\/wp-content\/uploads\/Dutch-order-v2.png\",\"contentUrl\":\"https:\/\/nederlandsetempeliers.nl\/wp-content\/uploads\/Dutch-order-v2.png\",\"width\":687,\"height\":686,\"caption\":\"Nederlandse Tempeliers\"},\"image\":{\"@id\":\"https:\/\/nederlandsetempeliers.nl\/sv\/#\/schema\/logo\/image\/\"}}]}<\/script>\n<!-- \/ Yoast SEO plugin. -->","yoast_head_json":{"title":"Sankta Anna - Nederlandse Tempeliers","robots":{"index":"index","follow":"follow","max-snippet":"max-snippet:-1","max-image-preview":"max-image-preview:large","max-video-preview":"max-video-preview:-1"},"canonical":"https:\/\/nederlandsetempeliers.nl\/sv\/sankta-anna\/","og_locale":"sv_SE","og_type":"article","og_title":"Sankta Anna - Nederlandse Tempeliers","og_description":"Sankta AnnaSankta Anna \u2013 p\u00e5 hebreiska: Hannah \u2013 vilket betyder \u201dn\u00e5d\u201d. Hennes h\u00f6gtidsdag infaller den 26 juli \u2013 eller den 9 september i den \u00f6stliga kyrkan. Hon \u00e4r Marias moder [&hellip;]","og_url":"https:\/\/nederlandsetempeliers.nl\/sv\/sankta-anna\/","og_site_name":"Nederlandse Tempeliers","article_modified_time":"2026-05-09T21:28:34+00:00","og_image":[{"width":1122,"height":1402,"url":"https:\/\/nederlandsetempeliers.nl\/wp-content\/uploads\/Sint-Anna.jpeg","type":"image\/jpeg"}],"twitter_card":"summary_large_image","twitter_misc":{"Ber\u00e4knad l\u00e4stid":"2 minuter"},"schema":{"@context":"https:\/\/schema.org","@graph":[{"@type":"WebPage","@id":"https:\/\/nederlandsetempeliers.nl\/sv\/sankta-anna\/","url":"https:\/\/nederlandsetempeliers.nl\/sv\/sankta-anna\/","name":"Sankta Anna - Nederlandse Tempeliers","isPartOf":{"@id":"https:\/\/nederlandsetempeliers.nl\/sv\/#website"},"primaryImageOfPage":{"@id":"https:\/\/nederlandsetempeliers.nl\/sv\/sankta-anna\/#primaryimage"},"image":{"@id":"https:\/\/nederlandsetempeliers.nl\/sv\/sankta-anna\/#primaryimage"},"thumbnailUrl":"https:\/\/nederlandsetempeliers.nl\/wp-content\/uploads\/Sint-Anna-819x1024.jpeg","datePublished":"2026-05-09T20:03:15+00:00","dateModified":"2026-05-09T21:28:34+00:00","breadcrumb":{"@id":"https:\/\/nederlandsetempeliers.nl\/sv\/sankta-anna\/#breadcrumb"},"inLanguage":"sv-SE","potentialAction":[{"@type":"ReadAction","target":["https:\/\/nederlandsetempeliers.nl\/sv\/sankta-anna\/"]}]},{"@type":"ImageObject","inLanguage":"sv-SE","@id":"https:\/\/nederlandsetempeliers.nl\/sv\/sankta-anna\/#primaryimage","url":"https:\/\/nederlandsetempeliers.nl\/wp-content\/uploads\/Sint-Anna-819x1024.jpeg","contentUrl":"https:\/\/nederlandsetempeliers.nl\/wp-content\/uploads\/Sint-Anna-819x1024.jpeg"},{"@type":"BreadcrumbList","@id":"https:\/\/nederlandsetempeliers.nl\/sv\/sankta-anna\/#breadcrumb","itemListElement":[{"@type":"ListItem","position":1,"name":"Home","item":"https:\/\/nederlandsetempeliers.nl\/sv\/"},{"@type":"ListItem","position":2,"name":"Sankta Anna"}]},{"@type":"WebSite","@id":"https:\/\/nederlandsetempeliers.nl\/sv\/#website","url":"https:\/\/nederlandsetempeliers.nl\/sv\/","name":"Nederlandse Tempeliers","description":"The Black Knights Templars of Solomon","publisher":{"@id":"https:\/\/nederlandsetempeliers.nl\/sv\/#organization"},"potentialAction":[{"@type":"SearchAction","target":{"@type":"EntryPoint","urlTemplate":"https:\/\/nederlandsetempeliers.nl\/sv\/?s={search_term_string}"},"query-input":{"@type":"PropertyValueSpecification","valueRequired":true,"valueName":"search_term_string"}}],"inLanguage":"sv-SE"},{"@type":"Organization","@id":"https:\/\/nederlandsetempeliers.nl\/sv\/#organization","name":"Nederlandse Tempeliers","url":"https:\/\/nederlandsetempeliers.nl\/sv\/","logo":{"@type":"ImageObject","inLanguage":"sv-SE","@id":"https:\/\/nederlandsetempeliers.nl\/sv\/#\/schema\/logo\/image\/","url":"https:\/\/nederlandsetempeliers.nl\/wp-content\/uploads\/Dutch-order-v2.png","contentUrl":"https:\/\/nederlandsetempeliers.nl\/wp-content\/uploads\/Dutch-order-v2.png","width":687,"height":686,"caption":"Nederlandse Tempeliers"},"image":{"@id":"https:\/\/nederlandsetempeliers.nl\/sv\/#\/schema\/logo\/image\/"}}]}},"_links":{"self":[{"href":"https:\/\/nederlandsetempeliers.nl\/sv\/wp-json\/wp\/v2\/pages\/9762","targetHints":{"allow":["GET"]}}],"collection":[{"href":"https:\/\/nederlandsetempeliers.nl\/sv\/wp-json\/wp\/v2\/pages"}],"about":[{"href":"https:\/\/nederlandsetempeliers.nl\/sv\/wp-json\/wp\/v2\/types\/page"}],"author":[{"embeddable":true,"href":"https:\/\/nederlandsetempeliers.nl\/sv\/wp-json\/wp\/v2\/users\/4"}],"replies":[{"embeddable":true,"href":"https:\/\/nederlandsetempeliers.nl\/sv\/wp-json\/wp\/v2\/comments?post=9762"}],"version-history":[{"count":1,"href":"https:\/\/nederlandsetempeliers.nl\/sv\/wp-json\/wp\/v2\/pages\/9762\/revisions"}],"predecessor-version":[{"id":9763,"href":"https:\/\/nederlandsetempeliers.nl\/sv\/wp-json\/wp\/v2\/pages\/9762\/revisions\/9763"}],"wp:attachment":[{"href":"https:\/\/nederlandsetempeliers.nl\/sv\/wp-json\/wp\/v2\/media?parent=9762"}],"curies":[{"name":"wp","href":"https:\/\/api.w.org\/{rel}","templated":true}]}}